{"id":211105,"date":"2025-03-14T14:28:15","date_gmt":"2025-03-14T13:28:15","guid":{"rendered":"https:\/\/shop.bantam.ch\/produit\/diebstahlsicherung-al-ko-safety-fur-ak-161-ak-270-farbe-schwarz\/"},"modified":"2026-04-18T23:23:06","modified_gmt":"2026-04-18T21:23:06","slug":"diebstahlsicherung-al-ko-safety-fur-ak-161-ak-270-farbe-schwarz","status":"publish","type":"product","link":"https:\/\/shop.bantam.ch\/fr\/produit\/diebstahlsicherung-al-ko-safety-fur-ak-161-ak-270-farbe-schwarz\/","title":{"rendered":"Diebstahlsicherung AL-KO Safety f\u00fcr AK 161\/AK 270 Farbe schwarz"},"content":{"rendered":"<p>La protection antivol pour caravanes et remorques.<\/p>\n<ul>\n<li>S\u00fbr contre les tentatives d&rsquo;effraction rapides<\/li>\n<li>Structure multicouche unique &amp; massive<\/li>\n<li>Serrure sp\u00e9ciale avec protection contre le per\u00e7age<\/li>\n<li>Couleur voyante pour la dissuasion<\/li>\n<li>Protection de la jante contre les rayures et les contacts<\/li>\n<li>Convient aux jantes courantes en aluminium &amp; en acier<\/li>\n<li>Convient aux roues de 13 \u00e0 17 pouces<\/li>\n<li>Montage facile en quelques \u00e9tapes<\/li>\n<\/ul>\n<p>Contenu de la livraison :&nbsp;<br \/>\nMallette de rangement incluse<\/p>\n<ul>\n<li>Coffret de rangement stable et robuste<\/li>\n<li>Insert en mousse dure parfaitement adapt\u00e9<\/li>\n<li>Compartiment int\u00e9gr\u00e9 pratique pour les documents<\/li>\n<li>\u00c9l\u00e9ments de fermeture durables<\/li>\n<li>Poign\u00e9e ergonomique &amp; agr\u00e9able<\/li>\n<li>Durable gr\u00e2ce au plastique recycl\u00e9<\/li>\n<li>Traduit avec DeepL.com (version gratuite)<\/li>\n<\/ul>\n","protected":false},"excerpt":{"rendered":"<p>La protection antivol pour caravanes et remorques. S\u00fbr contre les tentatives d&rsquo;effraction rapides Structure multicouche unique &amp; massive Serrure sp\u00e9ciale avec protection contre le per\u00e7age Couleur voyante pour la dissuasion Protection de la jante contre les rayures et les contacts Convient aux jantes courantes en aluminium &amp; en acier Convient aux roues de 13 \u00e0 [&hellip;]<\/p>\n","protected":false},"featured_media":211095,"template":"","meta":{"_acf_changed":false},"product_featured_cat":[],"product_brand":[],"product_cat":[4671],"product_tag":[],"class_list":{"0":"post-211105","1":"product","2":"type-product","3":"status-publish","4":"has-post-thumbnail","6":"product_cat-dispositifs-anti-demarrage","8":"first","9":"instock","10":"taxable","11":"shipping-taxable","12":"purchasable","13":"product-type-simple"},"acf":[],"yoast_head":"<!-- This site is optimized with the Yoast SEO plugin v27.4 - https:\/\/yoast.com\/product\/yoast-seo-wordpress\/ -->\n<title>Diebstahlsicherung AL-KO Safety f\u00fcr AK 161\/AK 270 Farbe schwarz - Bantam Wankm\u00fcller SA<\/title>\n<meta name=\"robots\" content=\"index, follow, max-snippet:-1, max-image-preview:large, max-video-preview:-1\" \/>\n<link rel=\"canonical\" href=\"https:\/\/shop.bantam.ch\/fr\/produit\/diebstahlsicherung-al-ko-safety-fur-ak-161-ak-270-farbe-schwarz\/\" \/>\n<meta property=\"og:locale\" content=\"fr_FR\" \/>\n<meta property=\"og:type\" content=\"article\" \/>\n<meta property=\"og:title\" content=\"Diebstahlsicherung AL-KO Safety f\u00fcr AK 161\/AK 270 Farbe schwarz - Bantam Wankm\u00fcller SA\" \/>\n<meta property=\"og:description\" content=\"La protection antivol pour caravanes et remorques. S\u00fbr contre les tentatives d&rsquo;effraction rapides Structure multicouche unique &amp; massive Serrure sp\u00e9ciale avec protection contre le per\u00e7age Couleur voyante pour la dissuasion Protection de la jante contre les rayures et les contacts Convient aux jantes courantes en aluminium &amp; en acier Convient aux roues de 13 \u00e0 [&hellip;]\" \/>\n<meta property=\"og:url\" content=\"https:\/\/shop.bantam.ch\/fr\/produit\/diebstahlsicherung-al-ko-safety-fur-ak-161-ak-270-farbe-schwarz\/\" \/>\n<meta property=\"og:site_name\" content=\"Bantam Wankm\u00fcller SA\" \/>\n<meta property=\"article:modified_time\" content=\"2026-04-18T21:23:06+00:00\" \/>\n<meta name=\"twitter:card\" content=\"summary_large_image\" \/>\n<meta name=\"twitter:label1\" content=\"Dur\u00e9e de lecture estim\u00e9e\" \/>\n\t<meta name=\"twitter:data1\" content=\"1 minute\" \/>\n<script type=\"application\/ld+json\" class=\"yoast-schema-graph\">{\"@context\":\"https:\\\/\\\/schema.org\",\"@graph\":[{\"@type\":\"WebPage\",\"@id\":\"https:\\\/\\\/shop.bantam.ch\\\/fr\\\/produit\\\/diebstahlsicherung-al-ko-safety-fur-ak-161-ak-270-farbe-schwarz\\\/\",\"url\":\"https:\\\/\\\/shop.bantam.ch\\\/fr\\\/produit\\\/diebstahlsicherung-al-ko-safety-fur-ak-161-ak-270-farbe-schwarz\\\/\",\"name\":\"Diebstahlsicherung AL-KO Safety f\u00fcr AK 161\\\/AK 270 Farbe schwarz - Bantam Wankm\u00fcller SA\",\"isPartOf\":{\"@id\":\"https:\\\/\\\/shop.bantam.ch\\\/fr\\\/#website\"},\"primaryImageOfPage\":{\"@id\":\"https:\\\/\\\/shop.bantam.ch\\\/fr\\\/produit\\\/diebstahlsicherung-al-ko-safety-fur-ak-161-ak-270-farbe-schwarz\\\/#primaryimage\"},\"image\":{\"@id\":\"https:\\\/\\\/shop.bantam.ch\\\/fr\\\/produit\\\/diebstahlsicherung-al-ko-safety-fur-ak-161-ak-270-farbe-schwarz\\\/#primaryimage\"},\"thumbnailUrl\":\"https:\\\/\\\/shop.bantam.ch\\\/wp-content\\\/uploads\\\/2025\\\/03\\\/Movera-L-9949412100-.jpg\",\"datePublished\":\"2025-03-14T13:28:15+00:00\",\"dateModified\":\"2026-04-18T21:23:06+00:00\",\"breadcrumb\":{\"@id\":\"https:\\\/\\\/shop.bantam.ch\\\/fr\\\/produit\\\/diebstahlsicherung-al-ko-safety-fur-ak-161-ak-270-farbe-schwarz\\\/#breadcrumb\"},\"inLanguage\":\"fr-FR\",\"potentialAction\":[{\"@type\":\"ReadAction\",\"target\":[\"https:\\\/\\\/shop.bantam.ch\\\/fr\\\/produit\\\/diebstahlsicherung-al-ko-safety-fur-ak-161-ak-270-farbe-schwarz\\\/\"]}]},{\"@type\":\"ImageObject\",\"inLanguage\":\"fr-FR\",\"@id\":\"https:\\\/\\\/shop.bantam.ch\\\/fr\\\/produit\\\/diebstahlsicherung-al-ko-safety-fur-ak-161-ak-270-farbe-schwarz\\\/#primaryimage\",\"url\":\"https:\\\/\\\/shop.bantam.ch\\\/wp-content\\\/uploads\\\/2025\\\/03\\\/Movera-L-9949412100-.jpg\",\"contentUrl\":\"https:\\\/\\\/shop.bantam.ch\\\/wp-content\\\/uploads\\\/2025\\\/03\\\/Movera-L-9949412100-.jpg\",\"width\":640,\"height\":426},{\"@type\":\"BreadcrumbList\",\"@id\":\"https:\\\/\\\/shop.bantam.ch\\\/fr\\\/produit\\\/diebstahlsicherung-al-ko-safety-fur-ak-161-ak-270-farbe-schwarz\\\/#breadcrumb\",\"itemListElement\":[{\"@type\":\"ListItem\",\"position\":1,\"name\":\"Accueil\",\"item\":\"https:\\\/\\\/shop.bantam.ch\\\/fr\\\/\"},{\"@type\":\"ListItem\",\"position\":2,\"name\":\"Boutique\",\"item\":\"https:\\\/\\\/shop.bantam.ch\\\/fr\\\/boutique\\\/\"},{\"@type\":\"ListItem\",\"position\":3,\"name\":\"Diebstahlsicherung AL-KO Safety f\u00fcr AK 161\\\/AK 270 Farbe schwarz\"}]},{\"@type\":\"WebSite\",\"@id\":\"https:\\\/\\\/shop.bantam.ch\\\/fr\\\/#website\",\"url\":\"https:\\\/\\\/shop.bantam.ch\\\/fr\\\/\",\"name\":\"Bantam Wankm\u00fcller SA\",\"description\":\"\",\"publisher\":{\"@id\":\"https:\\\/\\\/shop.bantam.ch\\\/fr\\\/#organization\"},\"inLanguage\":\"fr-FR\"},{\"@type\":\"Organization\",\"@id\":\"https:\\\/\\\/shop.bantam.ch\\\/fr\\\/#organization\",\"name\":\"Bantam Wankm\u00fcller SA\",\"url\":\"https:\\\/\\\/shop.bantam.ch\\\/fr\\\/\",\"logo\":{\"@type\":\"ImageObject\",\"inLanguage\":\"fr-FR\",\"@id\":\"https:\\\/\\\/shop.bantam.ch\\\/fr\\\/#\\\/schema\\\/logo\\\/image\\\/\",\"url\":\"https:\\\/\\\/shop.bantam.ch\\\/wp-content\\\/uploads\\\/2022\\\/12\\\/bantam-logo.png\",\"contentUrl\":\"https:\\\/\\\/shop.bantam.ch\\\/wp-content\\\/uploads\\\/2022\\\/12\\\/bantam-logo.png\",\"width\":320,\"height\":71,\"caption\":\"Bantam Wankm\u00fcller SA\"},\"image\":{\"@id\":\"https:\\\/\\\/shop.bantam.ch\\\/fr\\\/#\\\/schema\\\/logo\\\/image\\\/\"}}]}<\/script>\n<!-- \/ Yoast SEO plugin. -->","yoast_head_json":{"title":"Diebstahlsicherung AL-KO Safety f\u00fcr AK 161\/AK 270 Farbe schwarz - Bantam Wankm\u00fcller SA","robots":{"index":"index","follow":"follow","max-snippet":"max-snippet:-1","max-image-preview":"max-image-preview:large","max-video-preview":"max-video-preview:-1"},"canonical":"https:\/\/shop.bantam.ch\/fr\/produit\/diebstahlsicherung-al-ko-safety-fur-ak-161-ak-270-farbe-schwarz\/","og_locale":"fr_FR","og_type":"article","og_title":"Diebstahlsicherung AL-KO Safety f\u00fcr AK 161\/AK 270 Farbe schwarz - Bantam Wankm\u00fcller SA","og_description":"La protection antivol pour caravanes et remorques. S\u00fbr contre les tentatives d&rsquo;effraction rapides Structure multicouche unique &amp; massive Serrure sp\u00e9ciale avec protection contre le per\u00e7age Couleur voyante pour la dissuasion Protection de la jante contre les rayures et les contacts Convient aux jantes courantes en aluminium &amp; en acier Convient aux roues de 13 \u00e0 [&hellip;]","og_url":"https:\/\/shop.bantam.ch\/fr\/produit\/diebstahlsicherung-al-ko-safety-fur-ak-161-ak-270-farbe-schwarz\/","og_site_name":"Bantam Wankm\u00fcller SA","article_modified_time":"2026-04-18T21:23:06+00:00","twitter_card":"summary_large_image","twitter_misc":{"Dur\u00e9e de lecture estim\u00e9e":"1 minute"},"schema":{"@context":"https:\/\/schema.org","@graph":[{"@type":"WebPage","@id":"https:\/\/shop.bantam.ch\/fr\/produit\/diebstahlsicherung-al-ko-safety-fur-ak-161-ak-270-farbe-schwarz\/","url":"https:\/\/shop.bantam.ch\/fr\/produit\/diebstahlsicherung-al-ko-safety-fur-ak-161-ak-270-farbe-schwarz\/","name":"Diebstahlsicherung AL-KO Safety f\u00fcr AK 161\/AK 270 Farbe schwarz - Bantam Wankm\u00fcller SA","isPartOf":{"@id":"https:\/\/shop.bantam.ch\/fr\/#website"},"primaryImageOfPage":{"@id":"https:\/\/shop.bantam.ch\/fr\/produit\/diebstahlsicherung-al-ko-safety-fur-ak-161-ak-270-farbe-schwarz\/#primaryimage"},"image":{"@id":"https:\/\/shop.bantam.ch\/fr\/produit\/diebstahlsicherung-al-ko-safety-fur-ak-161-ak-270-farbe-schwarz\/#primaryimage"},"thumbnailUrl":"https:\/\/shop.bantam.ch\/wp-content\/uploads\/2025\/03\/Movera-L-9949412100-.jpg","datePublished":"2025-03-14T13:28:15+00:00","dateModified":"2026-04-18T21:23:06+00:00","breadcrumb":{"@id":"https:\/\/shop.bantam.ch\/fr\/produit\/diebstahlsicherung-al-ko-safety-fur-ak-161-ak-270-farbe-schwarz\/#breadcrumb"},"inLanguage":"fr-FR","potentialAction":[{"@type":"ReadAction","target":["https:\/\/shop.bantam.ch\/fr\/produit\/diebstahlsicherung-al-ko-safety-fur-ak-161-ak-270-farbe-schwarz\/"]}]},{"@type":"ImageObject","inLanguage":"fr-FR","@id":"https:\/\/shop.bantam.ch\/fr\/produit\/diebstahlsicherung-al-ko-safety-fur-ak-161-ak-270-farbe-schwarz\/#primaryimage","url":"https:\/\/shop.bantam.ch\/wp-content\/uploads\/2025\/03\/Movera-L-9949412100-.jpg","contentUrl":"https:\/\/shop.bantam.ch\/wp-content\/uploads\/2025\/03\/Movera-L-9949412100-.jpg","width":640,"height":426},{"@type":"BreadcrumbList","@id":"https:\/\/shop.bantam.ch\/fr\/produit\/diebstahlsicherung-al-ko-safety-fur-ak-161-ak-270-farbe-schwarz\/#breadcrumb","itemListElement":[{"@type":"ListItem","position":1,"name":"Accueil","item":"https:\/\/shop.bantam.ch\/fr\/"},{"@type":"ListItem","position":2,"name":"Boutique","item":"https:\/\/shop.bantam.ch\/fr\/boutique\/"},{"@type":"ListItem","position":3,"name":"Diebstahlsicherung AL-KO Safety f\u00fcr AK 161\/AK 270 Farbe schwarz"}]},{"@type":"WebSite","@id":"https:\/\/shop.bantam.ch\/fr\/#website","url":"https:\/\/shop.bantam.ch\/fr\/","name":"Bantam Wankm\u00fcller SA","description":"","publisher":{"@id":"https:\/\/shop.bantam.ch\/fr\/#organization"},"inLanguage":"fr-FR"},{"@type":"Organization","@id":"https:\/\/shop.bantam.ch\/fr\/#organization","name":"Bantam Wankm\u00fcller SA","url":"https:\/\/shop.bantam.ch\/fr\/","logo":{"@type":"ImageObject","inLanguage":"fr-FR","@id":"https:\/\/shop.bantam.ch\/fr\/#\/schema\/logo\/image\/","url":"https:\/\/shop.bantam.ch\/wp-content\/uploads\/2022\/12\/bantam-logo.png","contentUrl":"https:\/\/shop.bantam.ch\/wp-content\/uploads\/2022\/12\/bantam-logo.png","width":320,"height":71,"caption":"Bantam Wankm\u00fcller SA"},"image":{"@id":"https:\/\/shop.bantam.ch\/fr\/#\/schema\/logo\/image\/"}}]}},"_links":{"self":[{"href":"https:\/\/shop.bantam.ch\/fr\/wp-json\/wp\/v2\/product\/211105","targetHints":{"allow":["GET"]}}],"collection":[{"href":"https:\/\/shop.bantam.ch\/fr\/wp-json\/wp\/v2\/product"}],"about":[{"href":"https:\/\/shop.bantam.ch\/fr\/wp-json\/wp\/v2\/types\/product"}],"wp:featuredmedia":[{"embeddable":true,"href":"https:\/\/shop.bantam.ch\/fr\/wp-json\/wp\/v2\/media\/211095"}],"wp:attachment":[{"href":"https:\/\/shop.bantam.ch\/fr\/wp-json\/wp\/v2\/media?parent=211105"}],"wp:term":[{"taxonomy":"product_featured_cat","embeddable":true,"href":"https:\/\/shop.bantam.ch\/fr\/wp-json\/wp\/v2\/product_featured_cat?post=211105"},{"taxonomy":"product_brand","embeddable":true,"href":"https:\/\/shop.bantam.ch\/fr\/wp-json\/wp\/v2\/product_brand?post=211105"},{"taxonomy":"product_cat","embeddable":true,"href":"https:\/\/shop.bantam.ch\/fr\/wp-json\/wp\/v2\/product_cat?post=211105"},{"taxonomy":"product_tag","embeddable":true,"href":"https:\/\/shop.bantam.ch\/fr\/wp-json\/wp\/v2\/product_tag?post=211105"}],"curies":[{"name":"wp","href":"https:\/\/api.w.org\/{rel}","templated":true}]}}