{"id":211083,"date":"2025-03-14T14:27:45","date_gmt":"2025-03-14T13:27:45","guid":{"rendered":"https:\/\/shop.bantam.ch\/produit\/batterie-bulltron-polar\/"},"modified":"2026-04-19T01:41:11","modified_gmt":"2026-04-18T23:41:11","slug":"batterie-bulltron-polar","status":"publish","type":"product","link":"https:\/\/shop.bantam.ch\/fr\/produit\/batterie-bulltron-polar\/","title":{"rendered":"Batterie BullTron Polar"},"content":{"rendered":"<p>Remplacement optimal des batteries au plomb avec une dur\u00e9e de vie jusqu&rsquo;\u00e0 10 fois plus longue<br \/>\nLes batteries BullTron LifePO4 sont un remplacement optimal des batteries au plomb avec tous les avantages des batteries au lithium-phosphate de fer.<br \/>\nElles offrent une r\u00e9duction de poids allant jusqu&rsquo;\u00e0 80%, des r\u00e9serves d&rsquo;\u00e9nergie \u00e9lev\u00e9es et une tension stable m\u00eame en cas de sollicitations extr\u00eames.<br \/>\nCes batteries ont \u00e9t\u00e9 sp\u00e9cialement con\u00e7ues pour obtenir un rapport optimal entre taille, poids, puissance et dur\u00e9e de vie.<br \/>\nUne dur\u00e9e de vie extr\u00eamement longue est garantie m\u00eame en cas de d\u00e9charge profonde r\u00e9guli\u00e8re (4000 cycles \u00e0 100% DOD\/profondeur de d\u00e9charge ou<br \/>\n7000 cycles \u00e0 80% de DOD\/profondeur de d\u00e9charge), gr\u00e2ce \u00e0 la plus r\u00e9cente<br \/>\ntechnologie au lithium, ce qui fait des batteries BullTron\u00ae la batterie d&rsquo;alimentation optimale.<\/p>\n<ul>\n<li>Connexion en parall\u00e8le possible (augmentation de la capacit\u00e9)<\/li>\n<li>Le montage en s\u00e9rie 24V, 36V, 48V est \u00e9galement possible.<\/li>\n<\/ul>\n<p>Avantages des batteries BullTron<\/p>\n<ul>\n<li>Confection &amp; montage en Allemagne<\/li>\n<li>5 ans de garantie allemande du fabricant<\/li>\n<li>Service, entretien et r\u00e9paration en Allemagne (en 1 jour)<\/li>\n<li>bo\u00eetier viss\u00e9 (peut \u00eatre ouvert)<\/li>\n<li>c\u00e2bles et composants \u00e9lectroniques rempla\u00e7ables (viss\u00e9s)<\/li>\n<li>utilisation de composants de haute qualit\u00e9 &amp; de longue dur\u00e9e<\/li>\n<li>dur\u00e9e de vie des cycles jusqu&rsquo;\u00e0 75% sup\u00e9rieure \u00e0 celle des autres batteries LiFePO4<\/li>\n<li>jusqu&rsquo;\u00e0 45% plus petite et jusqu&rsquo;\u00e0 35% plus l\u00e9g\u00e8re que les autres batteries LiFePO4<\/li>\n<li>Tailles de batteries jusqu&rsquo;\u00e0 540Ah adapt\u00e9es au montage sous le si\u00e8ge<\/li>\n<li>Coupure automatique de la batterie en cas de court-circuit<\/li>\n<\/ul>\n<p>La technologie au lithium la plus s\u00fbre (LiFePO4)<br \/>\nLes batteries BullTron utilisent la technologie lithium-phosphate de fer (LiFePO4), qui est actuellement la technologie au lithium la plus s\u00fbre du march\u00e9. Toutes les batteries sont compos\u00e9es de cellules puissantes et tr\u00e8s durables (LiFePo4) et d&rsquo;un syst\u00e8me de gestion de batterie (BMS) int\u00e9gr\u00e9. Le BMS prot\u00e8ge en permanence les diff\u00e9rentes cellules ainsi que l&rsquo;ensemble de la batterie contre les sur\/sous-tensions, les sur\/sous-temp\u00e9ratures, les surcharges et les courts-circuits (arr\u00eat automatique sans dommage).<br \/>\nUne d\u00e9faillance pr\u00e9matur\u00e9e de la batterie due \u00e0 des influences ext\u00e9rieures ou \u00e0 une mauvaise utilisation est efficacement \u00e9vit\u00e9e par le BMS.<\/p>\n","protected":false},"excerpt":{"rendered":"<p>Remplacement optimal des batteries au plomb avec une dur\u00e9e de vie jusqu&rsquo;\u00e0 10 fois plus longue Les batteries BullTron LifePO4 sont un remplacement optimal des batteries au plomb avec tous les avantages des batteries au lithium-phosphate de fer. Elles offrent une r\u00e9duction de poids allant jusqu&rsquo;\u00e0 80%, des r\u00e9serves d&rsquo;\u00e9nergie \u00e9lev\u00e9es et une tension stable [&hellip;]<\/p>\n","protected":false},"featured_media":211077,"template":"","meta":{"_acf_changed":false},"product_featured_cat":[],"product_brand":[],"product_cat":[4187],"product_tag":[],"class_list":{"0":"post-211083","1":"product","2":"type-product","3":"status-publish","4":"has-post-thumbnail","6":"product_cat-batteries","8":"first","9":"instock","10":"taxable","11":"shipping-taxable","12":"purchasable","13":"product-type-variable"},"acf":[],"yoast_head":"<!-- This site is optimized with the Yoast SEO plugin v27.4 - https:\/\/yoast.com\/product\/yoast-seo-wordpress\/ -->\n<title>Batterie BullTron Polar - Bantam Wankm\u00fcller SA<\/title>\n<meta name=\"robots\" content=\"index, follow, max-snippet:-1, max-image-preview:large, max-video-preview:-1\" \/>\n<link rel=\"canonical\" href=\"https:\/\/shop.bantam.ch\/fr\/produit\/batterie-bulltron-polar\/\" \/>\n<meta property=\"og:locale\" content=\"fr_FR\" \/>\n<meta property=\"og:type\" content=\"article\" \/>\n<meta property=\"og:title\" content=\"Batterie BullTron Polar - Bantam Wankm\u00fcller SA\" \/>\n<meta property=\"og:description\" content=\"Remplacement optimal des batteries au plomb avec une dur\u00e9e de vie jusqu&rsquo;\u00e0 10 fois plus longue Les batteries BullTron LifePO4 sont un remplacement optimal des batteries au plomb avec tous les avantages des batteries au lithium-phosphate de fer. Elles offrent une r\u00e9duction de poids allant jusqu&rsquo;\u00e0 80%, des r\u00e9serves d&rsquo;\u00e9nergie \u00e9lev\u00e9es et une tension stable [&hellip;]\" \/>\n<meta property=\"og:url\" content=\"https:\/\/shop.bantam.ch\/fr\/produit\/batterie-bulltron-polar\/\" \/>\n<meta property=\"og:site_name\" content=\"Bantam Wankm\u00fcller SA\" \/>\n<meta property=\"article:modified_time\" content=\"2026-04-18T23:41:11+00:00\" \/>\n<meta name=\"twitter:card\" content=\"summary_large_image\" \/>\n<meta name=\"twitter:label1\" content=\"Dur\u00e9e de lecture estim\u00e9e\" \/>\n\t<meta name=\"twitter:data1\" content=\"2 minutes\" \/>\n<script type=\"application\/ld+json\" class=\"yoast-schema-graph\">{\"@context\":\"https:\\\/\\\/schema.org\",\"@graph\":[{\"@type\":\"WebPage\",\"@id\":\"https:\\\/\\\/shop.bantam.ch\\\/fr\\\/produit\\\/batterie-bulltron-polar\\\/\",\"url\":\"https:\\\/\\\/shop.bantam.ch\\\/fr\\\/produit\\\/batterie-bulltron-polar\\\/\",\"name\":\"Batterie BullTron Polar - Bantam Wankm\u00fcller SA\",\"isPartOf\":{\"@id\":\"https:\\\/\\\/shop.bantam.ch\\\/fr\\\/#website\"},\"primaryImageOfPage\":{\"@id\":\"https:\\\/\\\/shop.bantam.ch\\\/fr\\\/produit\\\/batterie-bulltron-polar\\\/#primaryimage\"},\"image\":{\"@id\":\"https:\\\/\\\/shop.bantam.ch\\\/fr\\\/produit\\\/batterie-bulltron-polar\\\/#primaryimage\"},\"thumbnailUrl\":\"https:\\\/\\\/shop.bantam.ch\\\/wp-content\\\/uploads\\\/2025\\\/03\\\/Movera-L-9947604100.png\",\"datePublished\":\"2025-03-14T13:27:45+00:00\",\"dateModified\":\"2026-04-18T23:41:11+00:00\",\"breadcrumb\":{\"@id\":\"https:\\\/\\\/shop.bantam.ch\\\/fr\\\/produit\\\/batterie-bulltron-polar\\\/#breadcrumb\"},\"inLanguage\":\"fr-FR\",\"potentialAction\":[{\"@type\":\"ReadAction\",\"target\":[\"https:\\\/\\\/shop.bantam.ch\\\/fr\\\/produit\\\/batterie-bulltron-polar\\\/\"]}]},{\"@type\":\"ImageObject\",\"inLanguage\":\"fr-FR\",\"@id\":\"https:\\\/\\\/shop.bantam.ch\\\/fr\\\/produit\\\/batterie-bulltron-polar\\\/#primaryimage\",\"url\":\"https:\\\/\\\/shop.bantam.ch\\\/wp-content\\\/uploads\\\/2025\\\/03\\\/Movera-L-9947604100.png\",\"contentUrl\":\"https:\\\/\\\/shop.bantam.ch\\\/wp-content\\\/uploads\\\/2025\\\/03\\\/Movera-L-9947604100.png\",\"width\":640,\"height\":399},{\"@type\":\"BreadcrumbList\",\"@id\":\"https:\\\/\\\/shop.bantam.ch\\\/fr\\\/produit\\\/batterie-bulltron-polar\\\/#breadcrumb\",\"itemListElement\":[{\"@type\":\"ListItem\",\"position\":1,\"name\":\"Accueil\",\"item\":\"https:\\\/\\\/shop.bantam.ch\\\/fr\\\/\"},{\"@type\":\"ListItem\",\"position\":2,\"name\":\"Boutique\",\"item\":\"https:\\\/\\\/shop.bantam.ch\\\/fr\\\/boutique\\\/\"},{\"@type\":\"ListItem\",\"position\":3,\"name\":\"Batterie BullTron Polar\"}]},{\"@type\":\"WebSite\",\"@id\":\"https:\\\/\\\/shop.bantam.ch\\\/fr\\\/#website\",\"url\":\"https:\\\/\\\/shop.bantam.ch\\\/fr\\\/\",\"name\":\"Bantam Wankm\u00fcller SA\",\"description\":\"\",\"publisher\":{\"@id\":\"https:\\\/\\\/shop.bantam.ch\\\/fr\\\/#organization\"},\"inLanguage\":\"fr-FR\"},{\"@type\":\"Organization\",\"@id\":\"https:\\\/\\\/shop.bantam.ch\\\/fr\\\/#organization\",\"name\":\"Bantam Wankm\u00fcller SA\",\"url\":\"https:\\\/\\\/shop.bantam.ch\\\/fr\\\/\",\"logo\":{\"@type\":\"ImageObject\",\"inLanguage\":\"fr-FR\",\"@id\":\"https:\\\/\\\/shop.bantam.ch\\\/fr\\\/#\\\/schema\\\/logo\\\/image\\\/\",\"url\":\"https:\\\/\\\/shop.bantam.ch\\\/wp-content\\\/uploads\\\/2022\\\/12\\\/bantam-logo.png\",\"contentUrl\":\"https:\\\/\\\/shop.bantam.ch\\\/wp-content\\\/uploads\\\/2022\\\/12\\\/bantam-logo.png\",\"width\":320,\"height\":71,\"caption\":\"Bantam Wankm\u00fcller SA\"},\"image\":{\"@id\":\"https:\\\/\\\/shop.bantam.ch\\\/fr\\\/#\\\/schema\\\/logo\\\/image\\\/\"}}]}<\/script>\n<!-- \/ Yoast SEO plugin. -->","yoast_head_json":{"title":"Batterie BullTron Polar - Bantam Wankm\u00fcller SA","robots":{"index":"index","follow":"follow","max-snippet":"max-snippet:-1","max-image-preview":"max-image-preview:large","max-video-preview":"max-video-preview:-1"},"canonical":"https:\/\/shop.bantam.ch\/fr\/produit\/batterie-bulltron-polar\/","og_locale":"fr_FR","og_type":"article","og_title":"Batterie BullTron Polar - Bantam Wankm\u00fcller SA","og_description":"Remplacement optimal des batteries au plomb avec une dur\u00e9e de vie jusqu&rsquo;\u00e0 10 fois plus longue Les batteries BullTron LifePO4 sont un remplacement optimal des batteries au plomb avec tous les avantages des batteries au lithium-phosphate de fer. Elles offrent une r\u00e9duction de poids allant jusqu&rsquo;\u00e0 80%, des r\u00e9serves d&rsquo;\u00e9nergie \u00e9lev\u00e9es et une tension stable [&hellip;]","og_url":"https:\/\/shop.bantam.ch\/fr\/produit\/batterie-bulltron-polar\/","og_site_name":"Bantam Wankm\u00fcller SA","article_modified_time":"2026-04-18T23:41:11+00:00","twitter_card":"summary_large_image","twitter_misc":{"Dur\u00e9e de lecture estim\u00e9e":"2 minutes"},"schema":{"@context":"https:\/\/schema.org","@graph":[{"@type":"WebPage","@id":"https:\/\/shop.bantam.ch\/fr\/produit\/batterie-bulltron-polar\/","url":"https:\/\/shop.bantam.ch\/fr\/produit\/batterie-bulltron-polar\/","name":"Batterie BullTron Polar - Bantam Wankm\u00fcller SA","isPartOf":{"@id":"https:\/\/shop.bantam.ch\/fr\/#website"},"primaryImageOfPage":{"@id":"https:\/\/shop.bantam.ch\/fr\/produit\/batterie-bulltron-polar\/#primaryimage"},"image":{"@id":"https:\/\/shop.bantam.ch\/fr\/produit\/batterie-bulltron-polar\/#primaryimage"},"thumbnailUrl":"https:\/\/shop.bantam.ch\/wp-content\/uploads\/2025\/03\/Movera-L-9947604100.png","datePublished":"2025-03-14T13:27:45+00:00","dateModified":"2026-04-18T23:41:11+00:00","breadcrumb":{"@id":"https:\/\/shop.bantam.ch\/fr\/produit\/batterie-bulltron-polar\/#breadcrumb"},"inLanguage":"fr-FR","potentialAction":[{"@type":"ReadAction","target":["https:\/\/shop.bantam.ch\/fr\/produit\/batterie-bulltron-polar\/"]}]},{"@type":"ImageObject","inLanguage":"fr-FR","@id":"https:\/\/shop.bantam.ch\/fr\/produit\/batterie-bulltron-polar\/#primaryimage","url":"https:\/\/shop.bantam.ch\/wp-content\/uploads\/2025\/03\/Movera-L-9947604100.png","contentUrl":"https:\/\/shop.bantam.ch\/wp-content\/uploads\/2025\/03\/Movera-L-9947604100.png","width":640,"height":399},{"@type":"BreadcrumbList","@id":"https:\/\/shop.bantam.ch\/fr\/produit\/batterie-bulltron-polar\/#breadcrumb","itemListElement":[{"@type":"ListItem","position":1,"name":"Accueil","item":"https:\/\/shop.bantam.ch\/fr\/"},{"@type":"ListItem","position":2,"name":"Boutique","item":"https:\/\/shop.bantam.ch\/fr\/boutique\/"},{"@type":"ListItem","position":3,"name":"Batterie BullTron Polar"}]},{"@type":"WebSite","@id":"https:\/\/shop.bantam.ch\/fr\/#website","url":"https:\/\/shop.bantam.ch\/fr\/","name":"Bantam Wankm\u00fcller SA","description":"","publisher":{"@id":"https:\/\/shop.bantam.ch\/fr\/#organization"},"inLanguage":"fr-FR"},{"@type":"Organization","@id":"https:\/\/shop.bantam.ch\/fr\/#organization","name":"Bantam Wankm\u00fcller SA","url":"https:\/\/shop.bantam.ch\/fr\/","logo":{"@type":"ImageObject","inLanguage":"fr-FR","@id":"https:\/\/shop.bantam.ch\/fr\/#\/schema\/logo\/image\/","url":"https:\/\/shop.bantam.ch\/wp-content\/uploads\/2022\/12\/bantam-logo.png","contentUrl":"https:\/\/shop.bantam.ch\/wp-content\/uploads\/2022\/12\/bantam-logo.png","width":320,"height":71,"caption":"Bantam Wankm\u00fcller SA"},"image":{"@id":"https:\/\/shop.bantam.ch\/fr\/#\/schema\/logo\/image\/"}}]}},"_links":{"self":[{"href":"https:\/\/shop.bantam.ch\/fr\/wp-json\/wp\/v2\/product\/211083","targetHints":{"allow":["GET"]}}],"collection":[{"href":"https:\/\/shop.bantam.ch\/fr\/wp-json\/wp\/v2\/product"}],"about":[{"href":"https:\/\/shop.bantam.ch\/fr\/wp-json\/wp\/v2\/types\/product"}],"wp:featuredmedia":[{"embeddable":true,"href":"https:\/\/shop.bantam.ch\/fr\/wp-json\/wp\/v2\/media\/211077"}],"wp:attachment":[{"href":"https:\/\/shop.bantam.ch\/fr\/wp-json\/wp\/v2\/media?parent=211083"}],"wp:term":[{"taxonomy":"product_featured_cat","embeddable":true,"href":"https:\/\/shop.bantam.ch\/fr\/wp-json\/wp\/v2\/product_featured_cat?post=211083"},{"taxonomy":"product_brand","embeddable":true,"href":"https:\/\/shop.bantam.ch\/fr\/wp-json\/wp\/v2\/product_brand?post=211083"},{"taxonomy":"product_cat","embeddable":true,"href":"https:\/\/shop.bantam.ch\/fr\/wp-json\/wp\/v2\/product_cat?post=211083"},{"taxonomy":"product_tag","embeddable":true,"href":"https:\/\/shop.bantam.ch\/fr\/wp-json\/wp\/v2\/product_tag?post=211083"}],"curies":[{"name":"wp","href":"https:\/\/api.w.org\/{rel}","templated":true}]}}