{"id":210981,"date":"2025-03-14T14:24:30","date_gmt":"2025-03-14T13:24:30","guid":{"rendered":"https:\/\/shop.bantam.ch\/produit\/spray-de-protection-du-dessous-de-caisse-dekalin-dekaphon-9735-contenu-05-l-noir-version-ch\/"},"modified":"2026-04-17T23:19:29","modified_gmt":"2026-04-17T21:19:29","slug":"spray-de-protection-du-dessous-de-caisse-dekalin-dekaphon-9735-contenu-05-l-noir-version-ch","status":"publish","type":"product","link":"https:\/\/shop.bantam.ch\/fr\/produit\/spray-de-protection-du-dessous-de-caisse-dekalin-dekaphon-9735-contenu-05-l-noir-version-ch\/","title":{"rendered":"Spray de protection du dessous de caisse DEKALIN Dekaphon 9735 Contenu 0,5 l noir Version CH"},"content":{"rendered":"<p>Rev\u00eatement sp\u00e9cial respirant pulv\u00e9risable pour les sols en bois. R\u00e9paration du dessous de caisse, pour les passages de roue et les panneaux de plancher. Protection anticorrosion pour les ch\u00e2ssis. Faible brouillard de pulv\u00e9risation lors de l&rsquo;application et r\u00e9sistant aux impacts de pierres.<\/p>\n","protected":false},"excerpt":{"rendered":"<p>Rev\u00eatement sp\u00e9cial respirant pulv\u00e9risable pour les sols en bois. R\u00e9paration du dessous de caisse, pour les passages de roue et les panneaux de plancher. Protection anticorrosion pour les ch\u00e2ssis. Faible brouillard de pulv\u00e9risation lors de l&rsquo;application et r\u00e9sistant aux impacts de pierres.<\/p>\n","protected":false},"featured_media":210979,"template":"","meta":{"_acf_changed":false},"product_featured_cat":[],"product_brand":[],"product_cat":[4747],"product_tag":[],"class_list":{"0":"post-210981","1":"product","2":"type-product","3":"status-publish","4":"has-post-thumbnail","6":"product_cat-planchers-et-protections-contre-la-corrosion","8":"first","9":"instock","10":"taxable","11":"shipping-taxable","12":"purchasable","13":"product-type-simple"},"acf":[],"yoast_head":"<!-- This site is optimized with the Yoast SEO plugin v27.4 - https:\/\/yoast.com\/product\/yoast-seo-wordpress\/ -->\n<title>Spray de protection du dessous de caisse DEKALIN Dekaphon 9735 Contenu 0,5 l noir Version CH - Bantam Wankm\u00fcller SA<\/title>\n<meta name=\"robots\" content=\"index, follow, max-snippet:-1, max-image-preview:large, max-video-preview:-1\" \/>\n<link rel=\"canonical\" href=\"https:\/\/shop.bantam.ch\/fr\/produit\/spray-de-protection-du-dessous-de-caisse-dekalin-dekaphon-9735-contenu-05-l-noir-version-ch\/\" \/>\n<meta property=\"og:locale\" content=\"fr_FR\" \/>\n<meta property=\"og:type\" content=\"article\" \/>\n<meta property=\"og:title\" content=\"Spray de protection du dessous de caisse DEKALIN Dekaphon 9735 Contenu 0,5 l noir Version CH - Bantam Wankm\u00fcller SA\" \/>\n<meta property=\"og:description\" content=\"Rev\u00eatement sp\u00e9cial respirant pulv\u00e9risable pour les sols en bois. R\u00e9paration du dessous de caisse, pour les passages de roue et les panneaux de plancher. Protection anticorrosion pour les ch\u00e2ssis. Faible brouillard de pulv\u00e9risation lors de l&rsquo;application et r\u00e9sistant aux impacts de pierres.\" \/>\n<meta property=\"og:url\" content=\"https:\/\/shop.bantam.ch\/fr\/produit\/spray-de-protection-du-dessous-de-caisse-dekalin-dekaphon-9735-contenu-05-l-noir-version-ch\/\" \/>\n<meta property=\"og:site_name\" content=\"Bantam Wankm\u00fcller SA\" \/>\n<meta property=\"article:modified_time\" content=\"2026-04-17T21:19:29+00:00\" \/>\n<meta name=\"twitter:card\" content=\"summary_large_image\" \/>\n<script type=\"application\/ld+json\" class=\"yoast-schema-graph\">{\"@context\":\"https:\\\/\\\/schema.org\",\"@graph\":[{\"@type\":\"WebPage\",\"@id\":\"https:\\\/\\\/shop.bantam.ch\\\/fr\\\/produit\\\/spray-de-protection-du-dessous-de-caisse-dekalin-dekaphon-9735-contenu-05-l-noir-version-ch\\\/\",\"url\":\"https:\\\/\\\/shop.bantam.ch\\\/fr\\\/produit\\\/spray-de-protection-du-dessous-de-caisse-dekalin-dekaphon-9735-contenu-05-l-noir-version-ch\\\/\",\"name\":\"Spray de protection du dessous de caisse DEKALIN Dekaphon 9735 Contenu 0,5 l noir Version CH - Bantam Wankm\u00fcller SA\",\"isPartOf\":{\"@id\":\"https:\\\/\\\/shop.bantam.ch\\\/fr\\\/#website\"},\"primaryImageOfPage\":{\"@id\":\"https:\\\/\\\/shop.bantam.ch\\\/fr\\\/produit\\\/spray-de-protection-du-dessous-de-caisse-dekalin-dekaphon-9735-contenu-05-l-noir-version-ch\\\/#primaryimage\"},\"image\":{\"@id\":\"https:\\\/\\\/shop.bantam.ch\\\/fr\\\/produit\\\/spray-de-protection-du-dessous-de-caisse-dekalin-dekaphon-9735-contenu-05-l-noir-version-ch\\\/#primaryimage\"},\"thumbnailUrl\":\"https:\\\/\\\/shop.bantam.ch\\\/wp-content\\\/uploads\\\/2025\\\/03\\\/Movera-L-9949356100-scaled.jpg\",\"datePublished\":\"2025-03-14T13:24:30+00:00\",\"dateModified\":\"2026-04-17T21:19:29+00:00\",\"breadcrumb\":{\"@id\":\"https:\\\/\\\/shop.bantam.ch\\\/fr\\\/produit\\\/spray-de-protection-du-dessous-de-caisse-dekalin-dekaphon-9735-contenu-05-l-noir-version-ch\\\/#breadcrumb\"},\"inLanguage\":\"fr-FR\",\"potentialAction\":[{\"@type\":\"ReadAction\",\"target\":[\"https:\\\/\\\/shop.bantam.ch\\\/fr\\\/produit\\\/spray-de-protection-du-dessous-de-caisse-dekalin-dekaphon-9735-contenu-05-l-noir-version-ch\\\/\"]}]},{\"@type\":\"ImageObject\",\"inLanguage\":\"fr-FR\",\"@id\":\"https:\\\/\\\/shop.bantam.ch\\\/fr\\\/produit\\\/spray-de-protection-du-dessous-de-caisse-dekalin-dekaphon-9735-contenu-05-l-noir-version-ch\\\/#primaryimage\",\"url\":\"https:\\\/\\\/shop.bantam.ch\\\/wp-content\\\/uploads\\\/2025\\\/03\\\/Movera-L-9949356100-scaled.jpg\",\"contentUrl\":\"https:\\\/\\\/shop.bantam.ch\\\/wp-content\\\/uploads\\\/2025\\\/03\\\/Movera-L-9949356100-scaled.jpg\",\"width\":555,\"height\":2048},{\"@type\":\"BreadcrumbList\",\"@id\":\"https:\\\/\\\/shop.bantam.ch\\\/fr\\\/produit\\\/spray-de-protection-du-dessous-de-caisse-dekalin-dekaphon-9735-contenu-05-l-noir-version-ch\\\/#breadcrumb\",\"itemListElement\":[{\"@type\":\"ListItem\",\"position\":1,\"name\":\"Accueil\",\"item\":\"https:\\\/\\\/shop.bantam.ch\\\/fr\\\/\"},{\"@type\":\"ListItem\",\"position\":2,\"name\":\"Boutique\",\"item\":\"https:\\\/\\\/shop.bantam.ch\\\/fr\\\/boutique\\\/\"},{\"@type\":\"ListItem\",\"position\":3,\"name\":\"Spray de protection du dessous de caisse DEKALIN Dekaphon 9735 Contenu 0,5 l noir Version CH\"}]},{\"@type\":\"WebSite\",\"@id\":\"https:\\\/\\\/shop.bantam.ch\\\/fr\\\/#website\",\"url\":\"https:\\\/\\\/shop.bantam.ch\\\/fr\\\/\",\"name\":\"Bantam Wankm\u00fcller SA\",\"description\":\"\",\"publisher\":{\"@id\":\"https:\\\/\\\/shop.bantam.ch\\\/fr\\\/#organization\"},\"inLanguage\":\"fr-FR\"},{\"@type\":\"Organization\",\"@id\":\"https:\\\/\\\/shop.bantam.ch\\\/fr\\\/#organization\",\"name\":\"Bantam Wankm\u00fcller SA\",\"url\":\"https:\\\/\\\/shop.bantam.ch\\\/fr\\\/\",\"logo\":{\"@type\":\"ImageObject\",\"inLanguage\":\"fr-FR\",\"@id\":\"https:\\\/\\\/shop.bantam.ch\\\/fr\\\/#\\\/schema\\\/logo\\\/image\\\/\",\"url\":\"https:\\\/\\\/shop.bantam.ch\\\/wp-content\\\/uploads\\\/2022\\\/12\\\/bantam-logo.png\",\"contentUrl\":\"https:\\\/\\\/shop.bantam.ch\\\/wp-content\\\/uploads\\\/2022\\\/12\\\/bantam-logo.png\",\"width\":320,\"height\":71,\"caption\":\"Bantam Wankm\u00fcller SA\"},\"image\":{\"@id\":\"https:\\\/\\\/shop.bantam.ch\\\/fr\\\/#\\\/schema\\\/logo\\\/image\\\/\"}}]}<\/script>\n<!-- \/ Yoast SEO plugin. -->","yoast_head_json":{"title":"Spray de protection du dessous de caisse DEKALIN Dekaphon 9735 Contenu 0,5 l noir Version CH - Bantam Wankm\u00fcller SA","robots":{"index":"index","follow":"follow","max-snippet":"max-snippet:-1","max-image-preview":"max-image-preview:large","max-video-preview":"max-video-preview:-1"},"canonical":"https:\/\/shop.bantam.ch\/fr\/produit\/spray-de-protection-du-dessous-de-caisse-dekalin-dekaphon-9735-contenu-05-l-noir-version-ch\/","og_locale":"fr_FR","og_type":"article","og_title":"Spray de protection du dessous de caisse DEKALIN Dekaphon 9735 Contenu 0,5 l noir Version CH - Bantam Wankm\u00fcller SA","og_description":"Rev\u00eatement sp\u00e9cial respirant pulv\u00e9risable pour les sols en bois. R\u00e9paration du dessous de caisse, pour les passages de roue et les panneaux de plancher. Protection anticorrosion pour les ch\u00e2ssis. Faible brouillard de pulv\u00e9risation lors de l&rsquo;application et r\u00e9sistant aux impacts de pierres.","og_url":"https:\/\/shop.bantam.ch\/fr\/produit\/spray-de-protection-du-dessous-de-caisse-dekalin-dekaphon-9735-contenu-05-l-noir-version-ch\/","og_site_name":"Bantam Wankm\u00fcller SA","article_modified_time":"2026-04-17T21:19:29+00:00","twitter_card":"summary_large_image","schema":{"@context":"https:\/\/schema.org","@graph":[{"@type":"WebPage","@id":"https:\/\/shop.bantam.ch\/fr\/produit\/spray-de-protection-du-dessous-de-caisse-dekalin-dekaphon-9735-contenu-05-l-noir-version-ch\/","url":"https:\/\/shop.bantam.ch\/fr\/produit\/spray-de-protection-du-dessous-de-caisse-dekalin-dekaphon-9735-contenu-05-l-noir-version-ch\/","name":"Spray de protection du dessous de caisse DEKALIN Dekaphon 9735 Contenu 0,5 l noir Version CH - Bantam Wankm\u00fcller SA","isPartOf":{"@id":"https:\/\/shop.bantam.ch\/fr\/#website"},"primaryImageOfPage":{"@id":"https:\/\/shop.bantam.ch\/fr\/produit\/spray-de-protection-du-dessous-de-caisse-dekalin-dekaphon-9735-contenu-05-l-noir-version-ch\/#primaryimage"},"image":{"@id":"https:\/\/shop.bantam.ch\/fr\/produit\/spray-de-protection-du-dessous-de-caisse-dekalin-dekaphon-9735-contenu-05-l-noir-version-ch\/#primaryimage"},"thumbnailUrl":"https:\/\/shop.bantam.ch\/wp-content\/uploads\/2025\/03\/Movera-L-9949356100-scaled.jpg","datePublished":"2025-03-14T13:24:30+00:00","dateModified":"2026-04-17T21:19:29+00:00","breadcrumb":{"@id":"https:\/\/shop.bantam.ch\/fr\/produit\/spray-de-protection-du-dessous-de-caisse-dekalin-dekaphon-9735-contenu-05-l-noir-version-ch\/#breadcrumb"},"inLanguage":"fr-FR","potentialAction":[{"@type":"ReadAction","target":["https:\/\/shop.bantam.ch\/fr\/produit\/spray-de-protection-du-dessous-de-caisse-dekalin-dekaphon-9735-contenu-05-l-noir-version-ch\/"]}]},{"@type":"ImageObject","inLanguage":"fr-FR","@id":"https:\/\/shop.bantam.ch\/fr\/produit\/spray-de-protection-du-dessous-de-caisse-dekalin-dekaphon-9735-contenu-05-l-noir-version-ch\/#primaryimage","url":"https:\/\/shop.bantam.ch\/wp-content\/uploads\/2025\/03\/Movera-L-9949356100-scaled.jpg","contentUrl":"https:\/\/shop.bantam.ch\/wp-content\/uploads\/2025\/03\/Movera-L-9949356100-scaled.jpg","width":555,"height":2048},{"@type":"BreadcrumbList","@id":"https:\/\/shop.bantam.ch\/fr\/produit\/spray-de-protection-du-dessous-de-caisse-dekalin-dekaphon-9735-contenu-05-l-noir-version-ch\/#breadcrumb","itemListElement":[{"@type":"ListItem","position":1,"name":"Accueil","item":"https:\/\/shop.bantam.ch\/fr\/"},{"@type":"ListItem","position":2,"name":"Boutique","item":"https:\/\/shop.bantam.ch\/fr\/boutique\/"},{"@type":"ListItem","position":3,"name":"Spray de protection du dessous de caisse DEKALIN Dekaphon 9735 Contenu 0,5 l noir Version CH"}]},{"@type":"WebSite","@id":"https:\/\/shop.bantam.ch\/fr\/#website","url":"https:\/\/shop.bantam.ch\/fr\/","name":"Bantam Wankm\u00fcller SA","description":"","publisher":{"@id":"https:\/\/shop.bantam.ch\/fr\/#organization"},"inLanguage":"fr-FR"},{"@type":"Organization","@id":"https:\/\/shop.bantam.ch\/fr\/#organization","name":"Bantam Wankm\u00fcller SA","url":"https:\/\/shop.bantam.ch\/fr\/","logo":{"@type":"ImageObject","inLanguage":"fr-FR","@id":"https:\/\/shop.bantam.ch\/fr\/#\/schema\/logo\/image\/","url":"https:\/\/shop.bantam.ch\/wp-content\/uploads\/2022\/12\/bantam-logo.png","contentUrl":"https:\/\/shop.bantam.ch\/wp-content\/uploads\/2022\/12\/bantam-logo.png","width":320,"height":71,"caption":"Bantam Wankm\u00fcller SA"},"image":{"@id":"https:\/\/shop.bantam.ch\/fr\/#\/schema\/logo\/image\/"}}]}},"_links":{"self":[{"href":"https:\/\/shop.bantam.ch\/fr\/wp-json\/wp\/v2\/product\/210981","targetHints":{"allow":["GET"]}}],"collection":[{"href":"https:\/\/shop.bantam.ch\/fr\/wp-json\/wp\/v2\/product"}],"about":[{"href":"https:\/\/shop.bantam.ch\/fr\/wp-json\/wp\/v2\/types\/product"}],"wp:featuredmedia":[{"embeddable":true,"href":"https:\/\/shop.bantam.ch\/fr\/wp-json\/wp\/v2\/media\/210979"}],"wp:attachment":[{"href":"https:\/\/shop.bantam.ch\/fr\/wp-json\/wp\/v2\/media?parent=210981"}],"wp:term":[{"taxonomy":"product_featured_cat","embeddable":true,"href":"https:\/\/shop.bantam.ch\/fr\/wp-json\/wp\/v2\/product_featured_cat?post=210981"},{"taxonomy":"product_brand","embeddable":true,"href":"https:\/\/shop.bantam.ch\/fr\/wp-json\/wp\/v2\/product_brand?post=210981"},{"taxonomy":"product_cat","embeddable":true,"href":"https:\/\/shop.bantam.ch\/fr\/wp-json\/wp\/v2\/product_cat?post=210981"},{"taxonomy":"product_tag","embeddable":true,"href":"https:\/\/shop.bantam.ch\/fr\/wp-json\/wp\/v2\/product_tag?post=210981"}],"curies":[{"name":"wp","href":"https:\/\/api.w.org\/{rel}","templated":true}]}}