{"id":210873,"date":"2025-03-14T14:19:50","date_gmt":"2025-03-14T13:19:50","guid":{"rendered":"https:\/\/shop.bantam.ch\/produit\/e-waterlevel-e-trailer-mesureur-de-niveau-deau\/"},"modified":"2026-05-02T01:33:13","modified_gmt":"2026-05-01T23:33:13","slug":"e-waterlevel-e-trailer-mesureur-de-niveau-deau","status":"publish","type":"product","link":"https:\/\/shop.bantam.ch\/fr\/produit\/e-waterlevel-e-trailer-mesureur-de-niveau-deau\/","title":{"rendered":"E-Waterlevel E-Trailer Mesureur de niveau d&rsquo;eau"},"content":{"rendered":"<p>Sachez \u00e0 tout moment la quantit\u00e9 d\u2019eau disponible dans votre r\u00e9servoir d\u2019eau ou si ce dernier est en train de se vider. Recevez imm\u00e9diatement une notification sur votre smartphone.<br \/>\nEn avez-vous assez de v\u00e9rifier manuellement le contenu de votre r\u00e9servoir d\u2019eau&nbsp;? Avec E-Water Level, vous savez la quantit\u00e9 d\u2019eau disponible dans votre r\u00e9servoir \u00e0 tout moment. Ainsi, vous ne risquez plus de vous retrouver avec un r\u00e9servoir d\u2019eau vide ni de prendre trop ou pas assez d\u2019eau. Le remplissage du r\u00e9servoir est \u00e9galement un jeu d\u2019enfant avec E-Waterlevel, car vous pouvez lire le niveau de remplissage sur votre t\u00e9l\u00e9phone pendant le remplissage.<br \/>\nL\u2019installation est rapide et facile. Tout ce que vous devez faire d\u00e9pend de l\u2019E-Waterlevel de votre r\u00e9servoir d\u2019eau.<\/p>\n<ul>\n<li>L\u2019E-Waterlevel convient \u00e0 tous les Caravan et camping-cars<\/li>\n<li>D\u00e9finissez la profondeur du r\u00e9servoir d\u2019eau, ajuster l\u2019E-Waterlevel en fonction et accrochez-le dans le r\u00e9servoir d\u2019eau<\/li>\n<li>Une fois l\u2019appareil accroch\u00e9, vous pouvez d\u00e9terminer le niveau de remplissage appropri\u00e9 \u00e0 l\u2019aide de l\u2019application E-Trailer<\/li>\n<li>Vous recevrez imm\u00e9diatement un avertissement sur votre smartphone si le niveau est au-dessous ou au-dessus de la valeur souhait\u00e9e<\/li>\n<li>Gr\u00e2ce au r\u00e9cepteur Bluetooth -Connect, vous n\u2019avez pas besoin d\u2019une connexion Internet<\/li>\n<li>La batterie dure au moins 2 ans et est facile \u00e0 remplacer<\/li>\n<li>Toutes les mises \u00e0 jour sont gratuites<\/li>\n<\/ul>\n","protected":false},"excerpt":{"rendered":"<p>Sachez \u00e0 tout moment la quantit\u00e9 d\u2019eau disponible dans votre r\u00e9servoir d\u2019eau ou si ce dernier est en train de se vider. Recevez imm\u00e9diatement une notification sur votre smartphone. En avez-vous assez de v\u00e9rifier manuellement le contenu de votre r\u00e9servoir d\u2019eau&nbsp;? Avec E-Water Level, vous savez la quantit\u00e9 d\u2019eau disponible dans votre r\u00e9servoir \u00e0 tout [&hellip;]<\/p>\n","protected":false},"featured_media":210867,"template":"","meta":{"_acf_changed":false},"product_featured_cat":[],"product_brand":[],"product_cat":[4123],"product_tag":[],"class_list":{"0":"post-210873","1":"product","2":"type-product","3":"status-publish","4":"has-post-thumbnail","6":"product_cat-accessoires-pour-leau-et-les-sanitaires","8":"first","9":"instock","10":"taxable","11":"shipping-taxable","12":"purchasable","13":"product-type-variable"},"acf":[],"yoast_head":"<!-- This site is optimized with the Yoast SEO plugin v27.5 - https:\/\/yoast.com\/product\/yoast-seo-wordpress\/ -->\n<title>E-Waterlevel E-Trailer Mesureur de niveau d&#039;eau - Bantam<\/title>\n<meta name=\"robots\" content=\"index, follow, max-snippet:-1, max-image-preview:large, max-video-preview:-1\" \/>\n<link rel=\"canonical\" href=\"https:\/\/shop.bantam.ch\/fr\/produit\/e-waterlevel-e-trailer-mesureur-de-niveau-deau\/\" \/>\n<meta property=\"og:locale\" content=\"fr_FR\" \/>\n<meta property=\"og:type\" content=\"article\" \/>\n<meta property=\"og:title\" content=\"E-Waterlevel E-Trailer Mesureur de niveau d&#039;eau - Bantam\" \/>\n<meta property=\"og:description\" content=\"Sachez \u00e0 tout moment la quantit\u00e9 d\u2019eau disponible dans votre r\u00e9servoir d\u2019eau ou si ce dernier est en train de se vider. Recevez imm\u00e9diatement une notification sur votre smartphone. En avez-vous assez de v\u00e9rifier manuellement le contenu de votre r\u00e9servoir d\u2019eau&nbsp;? Avec E-Water Level, vous savez la quantit\u00e9 d\u2019eau disponible dans votre r\u00e9servoir \u00e0 tout [&hellip;]\" \/>\n<meta property=\"og:url\" content=\"https:\/\/shop.bantam.ch\/fr\/produit\/e-waterlevel-e-trailer-mesureur-de-niveau-deau\/\" \/>\n<meta property=\"og:site_name\" content=\"Bantam\" \/>\n<meta property=\"article:modified_time\" content=\"2026-05-01T23:33:13+00:00\" \/>\n<meta name=\"twitter:card\" content=\"summary_large_image\" \/>\n<meta name=\"twitter:label1\" content=\"Dur\u00e9e de lecture estim\u00e9e\" \/>\n\t<meta name=\"twitter:data1\" content=\"1 minute\" \/>\n<script type=\"application\/ld+json\" class=\"yoast-schema-graph\">{\"@context\":\"https:\\\/\\\/schema.org\",\"@graph\":[{\"@type\":\"WebPage\",\"@id\":\"https:\\\/\\\/shop.bantam.ch\\\/fr\\\/produit\\\/e-waterlevel-e-trailer-mesureur-de-niveau-deau\\\/\",\"url\":\"https:\\\/\\\/shop.bantam.ch\\\/fr\\\/produit\\\/e-waterlevel-e-trailer-mesureur-de-niveau-deau\\\/\",\"name\":\"E-Waterlevel E-Trailer Mesureur de niveau d'eau - Bantam\",\"isPartOf\":{\"@id\":\"https:\\\/\\\/shop.bantam.ch\\\/fr\\\/#website\"},\"primaryImageOfPage\":{\"@id\":\"https:\\\/\\\/shop.bantam.ch\\\/fr\\\/produit\\\/e-waterlevel-e-trailer-mesureur-de-niveau-deau\\\/#primaryimage\"},\"image\":{\"@id\":\"https:\\\/\\\/shop.bantam.ch\\\/fr\\\/produit\\\/e-waterlevel-e-trailer-mesureur-de-niveau-deau\\\/#primaryimage\"},\"thumbnailUrl\":\"https:\\\/\\\/shop.bantam.ch\\\/wp-content\\\/uploads\\\/2025\\\/03\\\/Movera-L-0106882100.jpg\",\"datePublished\":\"2025-03-14T13:19:50+00:00\",\"dateModified\":\"2026-05-01T23:33:13+00:00\",\"breadcrumb\":{\"@id\":\"https:\\\/\\\/shop.bantam.ch\\\/fr\\\/produit\\\/e-waterlevel-e-trailer-mesureur-de-niveau-deau\\\/#breadcrumb\"},\"inLanguage\":\"fr-FR\",\"potentialAction\":[{\"@type\":\"ReadAction\",\"target\":[\"https:\\\/\\\/shop.bantam.ch\\\/fr\\\/produit\\\/e-waterlevel-e-trailer-mesureur-de-niveau-deau\\\/\"]}]},{\"@type\":\"ImageObject\",\"inLanguage\":\"fr-FR\",\"@id\":\"https:\\\/\\\/shop.bantam.ch\\\/fr\\\/produit\\\/e-waterlevel-e-trailer-mesureur-de-niveau-deau\\\/#primaryimage\",\"url\":\"https:\\\/\\\/shop.bantam.ch\\\/wp-content\\\/uploads\\\/2025\\\/03\\\/Movera-L-0106882100.jpg\",\"contentUrl\":\"https:\\\/\\\/shop.bantam.ch\\\/wp-content\\\/uploads\\\/2025\\\/03\\\/Movera-L-0106882100.jpg\",\"width\":640,\"height\":397},{\"@type\":\"BreadcrumbList\",\"@id\":\"https:\\\/\\\/shop.bantam.ch\\\/fr\\\/produit\\\/e-waterlevel-e-trailer-mesureur-de-niveau-deau\\\/#breadcrumb\",\"itemListElement\":[{\"@type\":\"ListItem\",\"position\":1,\"name\":\"Accueil\",\"item\":\"https:\\\/\\\/shop.bantam.ch\\\/fr\\\/\"},{\"@type\":\"ListItem\",\"position\":2,\"name\":\"Boutique\",\"item\":\"https:\\\/\\\/shop.bantam.ch\\\/fr\\\/boutique\\\/\"},{\"@type\":\"ListItem\",\"position\":3,\"name\":\"E-Waterlevel E-Trailer Mesureur de niveau d&#8217;eau\"}]},{\"@type\":\"WebSite\",\"@id\":\"https:\\\/\\\/shop.bantam.ch\\\/fr\\\/#website\",\"url\":\"https:\\\/\\\/shop.bantam.ch\\\/fr\\\/\",\"name\":\"Bantam\",\"description\":\"\",\"publisher\":{\"@id\":\"https:\\\/\\\/shop.bantam.ch\\\/fr\\\/#organization\"},\"inLanguage\":\"fr-FR\"},{\"@type\":\"Organization\",\"@id\":\"https:\\\/\\\/shop.bantam.ch\\\/fr\\\/#organization\",\"name\":\"Bantam\",\"url\":\"https:\\\/\\\/shop.bantam.ch\\\/fr\\\/\",\"logo\":{\"@type\":\"ImageObject\",\"inLanguage\":\"fr-FR\",\"@id\":\"https:\\\/\\\/shop.bantam.ch\\\/fr\\\/#\\\/schema\\\/logo\\\/image\\\/\",\"url\":\"https:\\\/\\\/shop.bantam.ch\\\/wp-content\\\/uploads\\\/2022\\\/12\\\/bantam-logo.png\",\"contentUrl\":\"https:\\\/\\\/shop.bantam.ch\\\/wp-content\\\/uploads\\\/2022\\\/12\\\/bantam-logo.png\",\"width\":320,\"height\":71,\"caption\":\"Bantam\"},\"image\":{\"@id\":\"https:\\\/\\\/shop.bantam.ch\\\/fr\\\/#\\\/schema\\\/logo\\\/image\\\/\"}}]}<\/script>\n<!-- \/ Yoast SEO plugin. -->","yoast_head_json":{"title":"E-Waterlevel E-Trailer Mesureur de niveau d'eau - Bantam","robots":{"index":"index","follow":"follow","max-snippet":"max-snippet:-1","max-image-preview":"max-image-preview:large","max-video-preview":"max-video-preview:-1"},"canonical":"https:\/\/shop.bantam.ch\/fr\/produit\/e-waterlevel-e-trailer-mesureur-de-niveau-deau\/","og_locale":"fr_FR","og_type":"article","og_title":"E-Waterlevel E-Trailer Mesureur de niveau d'eau - Bantam","og_description":"Sachez \u00e0 tout moment la quantit\u00e9 d\u2019eau disponible dans votre r\u00e9servoir d\u2019eau ou si ce dernier est en train de se vider. Recevez imm\u00e9diatement une notification sur votre smartphone. En avez-vous assez de v\u00e9rifier manuellement le contenu de votre r\u00e9servoir d\u2019eau&nbsp;? Avec E-Water Level, vous savez la quantit\u00e9 d\u2019eau disponible dans votre r\u00e9servoir \u00e0 tout [&hellip;]","og_url":"https:\/\/shop.bantam.ch\/fr\/produit\/e-waterlevel-e-trailer-mesureur-de-niveau-deau\/","og_site_name":"Bantam","article_modified_time":"2026-05-01T23:33:13+00:00","twitter_card":"summary_large_image","twitter_misc":{"Dur\u00e9e de lecture estim\u00e9e":"1 minute"},"schema":{"@context":"https:\/\/schema.org","@graph":[{"@type":"WebPage","@id":"https:\/\/shop.bantam.ch\/fr\/produit\/e-waterlevel-e-trailer-mesureur-de-niveau-deau\/","url":"https:\/\/shop.bantam.ch\/fr\/produit\/e-waterlevel-e-trailer-mesureur-de-niveau-deau\/","name":"E-Waterlevel E-Trailer Mesureur de niveau d'eau - Bantam","isPartOf":{"@id":"https:\/\/shop.bantam.ch\/fr\/#website"},"primaryImageOfPage":{"@id":"https:\/\/shop.bantam.ch\/fr\/produit\/e-waterlevel-e-trailer-mesureur-de-niveau-deau\/#primaryimage"},"image":{"@id":"https:\/\/shop.bantam.ch\/fr\/produit\/e-waterlevel-e-trailer-mesureur-de-niveau-deau\/#primaryimage"},"thumbnailUrl":"https:\/\/shop.bantam.ch\/wp-content\/uploads\/2025\/03\/Movera-L-0106882100.jpg","datePublished":"2025-03-14T13:19:50+00:00","dateModified":"2026-05-01T23:33:13+00:00","breadcrumb":{"@id":"https:\/\/shop.bantam.ch\/fr\/produit\/e-waterlevel-e-trailer-mesureur-de-niveau-deau\/#breadcrumb"},"inLanguage":"fr-FR","potentialAction":[{"@type":"ReadAction","target":["https:\/\/shop.bantam.ch\/fr\/produit\/e-waterlevel-e-trailer-mesureur-de-niveau-deau\/"]}]},{"@type":"ImageObject","inLanguage":"fr-FR","@id":"https:\/\/shop.bantam.ch\/fr\/produit\/e-waterlevel-e-trailer-mesureur-de-niveau-deau\/#primaryimage","url":"https:\/\/shop.bantam.ch\/wp-content\/uploads\/2025\/03\/Movera-L-0106882100.jpg","contentUrl":"https:\/\/shop.bantam.ch\/wp-content\/uploads\/2025\/03\/Movera-L-0106882100.jpg","width":640,"height":397},{"@type":"BreadcrumbList","@id":"https:\/\/shop.bantam.ch\/fr\/produit\/e-waterlevel-e-trailer-mesureur-de-niveau-deau\/#breadcrumb","itemListElement":[{"@type":"ListItem","position":1,"name":"Accueil","item":"https:\/\/shop.bantam.ch\/fr\/"},{"@type":"ListItem","position":2,"name":"Boutique","item":"https:\/\/shop.bantam.ch\/fr\/boutique\/"},{"@type":"ListItem","position":3,"name":"E-Waterlevel E-Trailer Mesureur de niveau d&#8217;eau"}]},{"@type":"WebSite","@id":"https:\/\/shop.bantam.ch\/fr\/#website","url":"https:\/\/shop.bantam.ch\/fr\/","name":"Bantam","description":"","publisher":{"@id":"https:\/\/shop.bantam.ch\/fr\/#organization"},"inLanguage":"fr-FR"},{"@type":"Organization","@id":"https:\/\/shop.bantam.ch\/fr\/#organization","name":"Bantam","url":"https:\/\/shop.bantam.ch\/fr\/","logo":{"@type":"ImageObject","inLanguage":"fr-FR","@id":"https:\/\/shop.bantam.ch\/fr\/#\/schema\/logo\/image\/","url":"https:\/\/shop.bantam.ch\/wp-content\/uploads\/2022\/12\/bantam-logo.png","contentUrl":"https:\/\/shop.bantam.ch\/wp-content\/uploads\/2022\/12\/bantam-logo.png","width":320,"height":71,"caption":"Bantam"},"image":{"@id":"https:\/\/shop.bantam.ch\/fr\/#\/schema\/logo\/image\/"}}]}},"_links":{"self":[{"href":"https:\/\/shop.bantam.ch\/fr\/wp-json\/wp\/v2\/product\/210873","targetHints":{"allow":["GET"]}}],"collection":[{"href":"https:\/\/shop.bantam.ch\/fr\/wp-json\/wp\/v2\/product"}],"about":[{"href":"https:\/\/shop.bantam.ch\/fr\/wp-json\/wp\/v2\/types\/product"}],"wp:featuredmedia":[{"embeddable":true,"href":"https:\/\/shop.bantam.ch\/fr\/wp-json\/wp\/v2\/media\/210867"}],"wp:attachment":[{"href":"https:\/\/shop.bantam.ch\/fr\/wp-json\/wp\/v2\/media?parent=210873"}],"wp:term":[{"taxonomy":"product_featured_cat","embeddable":true,"href":"https:\/\/shop.bantam.ch\/fr\/wp-json\/wp\/v2\/product_featured_cat?post=210873"},{"taxonomy":"product_brand","embeddable":true,"href":"https:\/\/shop.bantam.ch\/fr\/wp-json\/wp\/v2\/product_brand?post=210873"},{"taxonomy":"product_cat","embeddable":true,"href":"https:\/\/shop.bantam.ch\/fr\/wp-json\/wp\/v2\/product_cat?post=210873"},{"taxonomy":"product_tag","embeddable":true,"href":"https:\/\/shop.bantam.ch\/fr\/wp-json\/wp\/v2\/product_tag?post=210873"}],"curies":[{"name":"wp","href":"https:\/\/api.w.org\/{rel}","templated":true}]}}