{"id":210865,"date":"2025-03-14T14:19:41","date_gmt":"2025-03-14T13:19:41","guid":{"rendered":"https:\/\/shop.bantam.ch\/produit\/regulateur-solaire-i-boost-370-watt\/"},"modified":"2026-04-18T23:22:30","modified_gmt":"2026-04-18T21:22:30","slug":"regulateur-solaire-i-boost-370-watt","status":"publish","type":"product","link":"https:\/\/shop.bantam.ch\/fr\/produit\/regulateur-solaire-i-boost-370-watt\/","title":{"rendered":"R\u00e9gulateur solaire I-Boost 370 Watt"},"content":{"rendered":"<p>Les puissants r\u00e9gulateurs solaires ALDEN relient la batterie et le module solaire. Ils rechargent l&rsquo;\u00e9nergie consomm\u00e9e pendant la journ\u00e9e, sans surcharger la batterie, et emp\u00eachent une d\u00e9charge inverse pendant la nuit. Les r\u00e9gulateurs sont disponibles dans des classes de puissance de 170 et 370 avec des caract\u00e9ristiques de charge r\u00e9glables. Les mod\u00e8les I-Boost offrent une connexion pour la batterie de d\u00e9marrage ou un t\u00e9l\u00e9affichage solaire et utilisent la technologie MPP pour garantir une puissance maximale des panneaux solaires. Un surplus de tension est converti en un courant de charge plus \u00e9lev\u00e9, ce qui permet des temps de charge plus courts et des performances optimales.<\/p>\n<ul>\n<li>Jusqu&rsquo;\u00e0 30 % de puissance de charge en plus&nbsp;<\/li>\n<li>Commutation du programme de charge : acide, gel, AGM, LifeP04&nbsp;<\/li>\n<li>Connexion : indicateur \u00e0 distance, batterie de d\u00e9marrage<\/li>\n<\/ul>\n","protected":false},"excerpt":{"rendered":"<p>Les puissants r\u00e9gulateurs solaires ALDEN relient la batterie et le module solaire. Ils rechargent l&rsquo;\u00e9nergie consomm\u00e9e pendant la journ\u00e9e, sans surcharger la batterie, et emp\u00eachent une d\u00e9charge inverse pendant la nuit. Les r\u00e9gulateurs sont disponibles dans des classes de puissance de 170 et 370 avec des caract\u00e9ristiques de charge r\u00e9glables. Les mod\u00e8les I-Boost offrent une [&hellip;]<\/p>\n","protected":false},"featured_media":210863,"template":"","meta":{"_acf_changed":false},"product_featured_cat":[],"product_brand":[],"product_cat":[4181],"product_tag":[],"class_list":{"0":"post-210865","1":"product","2":"type-product","3":"status-publish","4":"has-post-thumbnail","6":"product_cat-technique-solaire","8":"first","9":"instock","10":"taxable","11":"shipping-taxable","12":"purchasable","13":"product-type-simple"},"acf":[],"yoast_head":"<!-- This site is optimized with the Yoast SEO plugin v27.4 - https:\/\/yoast.com\/product\/yoast-seo-wordpress\/ -->\n<title>R\u00e9gulateur solaire I-Boost 370 Watt - Bantam Wankm\u00fcller SA<\/title>\n<meta name=\"robots\" content=\"index, follow, max-snippet:-1, max-image-preview:large, max-video-preview:-1\" \/>\n<link rel=\"canonical\" href=\"https:\/\/shop.bantam.ch\/fr\/produit\/regulateur-solaire-i-boost-370-watt\/\" \/>\n<meta property=\"og:locale\" content=\"fr_FR\" \/>\n<meta property=\"og:type\" content=\"article\" \/>\n<meta property=\"og:title\" content=\"R\u00e9gulateur solaire I-Boost 370 Watt - Bantam Wankm\u00fcller SA\" \/>\n<meta property=\"og:description\" content=\"Les puissants r\u00e9gulateurs solaires ALDEN relient la batterie et le module solaire. Ils rechargent l&rsquo;\u00e9nergie consomm\u00e9e pendant la journ\u00e9e, sans surcharger la batterie, et emp\u00eachent une d\u00e9charge inverse pendant la nuit. Les r\u00e9gulateurs sont disponibles dans des classes de puissance de 170 et 370 avec des caract\u00e9ristiques de charge r\u00e9glables. Les mod\u00e8les I-Boost offrent une [&hellip;]\" \/>\n<meta property=\"og:url\" content=\"https:\/\/shop.bantam.ch\/fr\/produit\/regulateur-solaire-i-boost-370-watt\/\" \/>\n<meta property=\"og:site_name\" content=\"Bantam Wankm\u00fcller SA\" \/>\n<meta property=\"article:modified_time\" content=\"2026-04-18T21:22:30+00:00\" \/>\n<meta name=\"twitter:card\" content=\"summary_large_image\" \/>\n<meta name=\"twitter:label1\" content=\"Dur\u00e9e de lecture estim\u00e9e\" \/>\n\t<meta name=\"twitter:data1\" content=\"1 minute\" \/>\n<script type=\"application\/ld+json\" class=\"yoast-schema-graph\">{\"@context\":\"https:\\\/\\\/schema.org\",\"@graph\":[{\"@type\":\"WebPage\",\"@id\":\"https:\\\/\\\/shop.bantam.ch\\\/fr\\\/produit\\\/regulateur-solaire-i-boost-370-watt\\\/\",\"url\":\"https:\\\/\\\/shop.bantam.ch\\\/fr\\\/produit\\\/regulateur-solaire-i-boost-370-watt\\\/\",\"name\":\"R\u00e9gulateur solaire I-Boost 370 Watt - Bantam Wankm\u00fcller SA\",\"isPartOf\":{\"@id\":\"https:\\\/\\\/shop.bantam.ch\\\/fr\\\/#website\"},\"primaryImageOfPage\":{\"@id\":\"https:\\\/\\\/shop.bantam.ch\\\/fr\\\/produit\\\/regulateur-solaire-i-boost-370-watt\\\/#primaryimage\"},\"image\":{\"@id\":\"https:\\\/\\\/shop.bantam.ch\\\/fr\\\/produit\\\/regulateur-solaire-i-boost-370-watt\\\/#primaryimage\"},\"thumbnailUrl\":\"https:\\\/\\\/shop.bantam.ch\\\/wp-content\\\/uploads\\\/2025\\\/03\\\/Movera-L-9947541100.png\",\"datePublished\":\"2025-03-14T13:19:41+00:00\",\"dateModified\":\"2026-04-18T21:22:30+00:00\",\"breadcrumb\":{\"@id\":\"https:\\\/\\\/shop.bantam.ch\\\/fr\\\/produit\\\/regulateur-solaire-i-boost-370-watt\\\/#breadcrumb\"},\"inLanguage\":\"fr-FR\",\"potentialAction\":[{\"@type\":\"ReadAction\",\"target\":[\"https:\\\/\\\/shop.bantam.ch\\\/fr\\\/produit\\\/regulateur-solaire-i-boost-370-watt\\\/\"]}]},{\"@type\":\"ImageObject\",\"inLanguage\":\"fr-FR\",\"@id\":\"https:\\\/\\\/shop.bantam.ch\\\/fr\\\/produit\\\/regulateur-solaire-i-boost-370-watt\\\/#primaryimage\",\"url\":\"https:\\\/\\\/shop.bantam.ch\\\/wp-content\\\/uploads\\\/2025\\\/03\\\/Movera-L-9947541100.png\",\"contentUrl\":\"https:\\\/\\\/shop.bantam.ch\\\/wp-content\\\/uploads\\\/2025\\\/03\\\/Movera-L-9947541100.png\",\"width\":640,\"height\":606},{\"@type\":\"BreadcrumbList\",\"@id\":\"https:\\\/\\\/shop.bantam.ch\\\/fr\\\/produit\\\/regulateur-solaire-i-boost-370-watt\\\/#breadcrumb\",\"itemListElement\":[{\"@type\":\"ListItem\",\"position\":1,\"name\":\"Accueil\",\"item\":\"https:\\\/\\\/shop.bantam.ch\\\/fr\\\/\"},{\"@type\":\"ListItem\",\"position\":2,\"name\":\"Boutique\",\"item\":\"https:\\\/\\\/shop.bantam.ch\\\/fr\\\/boutique\\\/\"},{\"@type\":\"ListItem\",\"position\":3,\"name\":\"R\u00e9gulateur solaire I-Boost 370 Watt\"}]},{\"@type\":\"WebSite\",\"@id\":\"https:\\\/\\\/shop.bantam.ch\\\/fr\\\/#website\",\"url\":\"https:\\\/\\\/shop.bantam.ch\\\/fr\\\/\",\"name\":\"Bantam Wankm\u00fcller SA\",\"description\":\"\",\"publisher\":{\"@id\":\"https:\\\/\\\/shop.bantam.ch\\\/fr\\\/#organization\"},\"inLanguage\":\"fr-FR\"},{\"@type\":\"Organization\",\"@id\":\"https:\\\/\\\/shop.bantam.ch\\\/fr\\\/#organization\",\"name\":\"Bantam Wankm\u00fcller SA\",\"url\":\"https:\\\/\\\/shop.bantam.ch\\\/fr\\\/\",\"logo\":{\"@type\":\"ImageObject\",\"inLanguage\":\"fr-FR\",\"@id\":\"https:\\\/\\\/shop.bantam.ch\\\/fr\\\/#\\\/schema\\\/logo\\\/image\\\/\",\"url\":\"https:\\\/\\\/shop.bantam.ch\\\/wp-content\\\/uploads\\\/2022\\\/12\\\/bantam-logo.png\",\"contentUrl\":\"https:\\\/\\\/shop.bantam.ch\\\/wp-content\\\/uploads\\\/2022\\\/12\\\/bantam-logo.png\",\"width\":320,\"height\":71,\"caption\":\"Bantam Wankm\u00fcller SA\"},\"image\":{\"@id\":\"https:\\\/\\\/shop.bantam.ch\\\/fr\\\/#\\\/schema\\\/logo\\\/image\\\/\"}}]}<\/script>\n<!-- \/ Yoast SEO plugin. -->","yoast_head_json":{"title":"R\u00e9gulateur solaire I-Boost 370 Watt - Bantam Wankm\u00fcller SA","robots":{"index":"index","follow":"follow","max-snippet":"max-snippet:-1","max-image-preview":"max-image-preview:large","max-video-preview":"max-video-preview:-1"},"canonical":"https:\/\/shop.bantam.ch\/fr\/produit\/regulateur-solaire-i-boost-370-watt\/","og_locale":"fr_FR","og_type":"article","og_title":"R\u00e9gulateur solaire I-Boost 370 Watt - Bantam Wankm\u00fcller SA","og_description":"Les puissants r\u00e9gulateurs solaires ALDEN relient la batterie et le module solaire. Ils rechargent l&rsquo;\u00e9nergie consomm\u00e9e pendant la journ\u00e9e, sans surcharger la batterie, et emp\u00eachent une d\u00e9charge inverse pendant la nuit. Les r\u00e9gulateurs sont disponibles dans des classes de puissance de 170 et 370 avec des caract\u00e9ristiques de charge r\u00e9glables. Les mod\u00e8les I-Boost offrent une [&hellip;]","og_url":"https:\/\/shop.bantam.ch\/fr\/produit\/regulateur-solaire-i-boost-370-watt\/","og_site_name":"Bantam Wankm\u00fcller SA","article_modified_time":"2026-04-18T21:22:30+00:00","twitter_card":"summary_large_image","twitter_misc":{"Dur\u00e9e de lecture estim\u00e9e":"1 minute"},"schema":{"@context":"https:\/\/schema.org","@graph":[{"@type":"WebPage","@id":"https:\/\/shop.bantam.ch\/fr\/produit\/regulateur-solaire-i-boost-370-watt\/","url":"https:\/\/shop.bantam.ch\/fr\/produit\/regulateur-solaire-i-boost-370-watt\/","name":"R\u00e9gulateur solaire I-Boost 370 Watt - Bantam Wankm\u00fcller SA","isPartOf":{"@id":"https:\/\/shop.bantam.ch\/fr\/#website"},"primaryImageOfPage":{"@id":"https:\/\/shop.bantam.ch\/fr\/produit\/regulateur-solaire-i-boost-370-watt\/#primaryimage"},"image":{"@id":"https:\/\/shop.bantam.ch\/fr\/produit\/regulateur-solaire-i-boost-370-watt\/#primaryimage"},"thumbnailUrl":"https:\/\/shop.bantam.ch\/wp-content\/uploads\/2025\/03\/Movera-L-9947541100.png","datePublished":"2025-03-14T13:19:41+00:00","dateModified":"2026-04-18T21:22:30+00:00","breadcrumb":{"@id":"https:\/\/shop.bantam.ch\/fr\/produit\/regulateur-solaire-i-boost-370-watt\/#breadcrumb"},"inLanguage":"fr-FR","potentialAction":[{"@type":"ReadAction","target":["https:\/\/shop.bantam.ch\/fr\/produit\/regulateur-solaire-i-boost-370-watt\/"]}]},{"@type":"ImageObject","inLanguage":"fr-FR","@id":"https:\/\/shop.bantam.ch\/fr\/produit\/regulateur-solaire-i-boost-370-watt\/#primaryimage","url":"https:\/\/shop.bantam.ch\/wp-content\/uploads\/2025\/03\/Movera-L-9947541100.png","contentUrl":"https:\/\/shop.bantam.ch\/wp-content\/uploads\/2025\/03\/Movera-L-9947541100.png","width":640,"height":606},{"@type":"BreadcrumbList","@id":"https:\/\/shop.bantam.ch\/fr\/produit\/regulateur-solaire-i-boost-370-watt\/#breadcrumb","itemListElement":[{"@type":"ListItem","position":1,"name":"Accueil","item":"https:\/\/shop.bantam.ch\/fr\/"},{"@type":"ListItem","position":2,"name":"Boutique","item":"https:\/\/shop.bantam.ch\/fr\/boutique\/"},{"@type":"ListItem","position":3,"name":"R\u00e9gulateur solaire I-Boost 370 Watt"}]},{"@type":"WebSite","@id":"https:\/\/shop.bantam.ch\/fr\/#website","url":"https:\/\/shop.bantam.ch\/fr\/","name":"Bantam Wankm\u00fcller SA","description":"","publisher":{"@id":"https:\/\/shop.bantam.ch\/fr\/#organization"},"inLanguage":"fr-FR"},{"@type":"Organization","@id":"https:\/\/shop.bantam.ch\/fr\/#organization","name":"Bantam Wankm\u00fcller SA","url":"https:\/\/shop.bantam.ch\/fr\/","logo":{"@type":"ImageObject","inLanguage":"fr-FR","@id":"https:\/\/shop.bantam.ch\/fr\/#\/schema\/logo\/image\/","url":"https:\/\/shop.bantam.ch\/wp-content\/uploads\/2022\/12\/bantam-logo.png","contentUrl":"https:\/\/shop.bantam.ch\/wp-content\/uploads\/2022\/12\/bantam-logo.png","width":320,"height":71,"caption":"Bantam Wankm\u00fcller SA"},"image":{"@id":"https:\/\/shop.bantam.ch\/fr\/#\/schema\/logo\/image\/"}}]}},"_links":{"self":[{"href":"https:\/\/shop.bantam.ch\/fr\/wp-json\/wp\/v2\/product\/210865","targetHints":{"allow":["GET"]}}],"collection":[{"href":"https:\/\/shop.bantam.ch\/fr\/wp-json\/wp\/v2\/product"}],"about":[{"href":"https:\/\/shop.bantam.ch\/fr\/wp-json\/wp\/v2\/types\/product"}],"wp:featuredmedia":[{"embeddable":true,"href":"https:\/\/shop.bantam.ch\/fr\/wp-json\/wp\/v2\/media\/210863"}],"wp:attachment":[{"href":"https:\/\/shop.bantam.ch\/fr\/wp-json\/wp\/v2\/media?parent=210865"}],"wp:term":[{"taxonomy":"product_featured_cat","embeddable":true,"href":"https:\/\/shop.bantam.ch\/fr\/wp-json\/wp\/v2\/product_featured_cat?post=210865"},{"taxonomy":"product_brand","embeddable":true,"href":"https:\/\/shop.bantam.ch\/fr\/wp-json\/wp\/v2\/product_brand?post=210865"},{"taxonomy":"product_cat","embeddable":true,"href":"https:\/\/shop.bantam.ch\/fr\/wp-json\/wp\/v2\/product_cat?post=210865"},{"taxonomy":"product_tag","embeddable":true,"href":"https:\/\/shop.bantam.ch\/fr\/wp-json\/wp\/v2\/product_tag?post=210865"}],"curies":[{"name":"wp","href":"https:\/\/api.w.org\/{rel}","templated":true}]}}