{"id":210613,"date":"2025-03-14T14:11:09","date_gmt":"2025-03-14T13:11:09","guid":{"rendered":"https:\/\/shop.bantam.ch\/produit\/antenne-satellite-54-cm-avec-bras-lnb-pliable\/"},"modified":"2026-04-18T23:20:51","modified_gmt":"2026-04-18T21:20:51","slug":"antenne-satellite-54-cm-avec-bras-lnb-pliable","status":"publish","type":"product","link":"https:\/\/shop.bantam.ch\/fr\/produit\/antenne-satellite-54-cm-avec-bras-lnb-pliable\/","title":{"rendered":"Antenne satellite 54 cm avec bras LNB pliable"},"content":{"rendered":"<p>Le miroir satellite de notre installation satellite est rev\u00eatu par poudre de haute qualit\u00e9 et permet ainsi une excellente r\u00e9ception satellite. Gr\u00e2ce \u00e0 sa forme pr\u00e9cise, il est possible de recevoir des images TV parfaites m\u00eame en bordure des zones d&rsquo;\u00e9clairage. Aucun outil n&rsquo;est n\u00e9cessaire pour r\u00e9gler le miroir, car des vis \u00e0 oreilles sont utilis\u00e9es partout. Gr\u00e2ce au support de m\u00e2t universel, cette installation est id\u00e9ale pour le tr\u00e9pied satellite.<\/p>\n<ul>\n<li>Miroir satellite de forme pr\u00e9cise<\/li>\n<li>Rangement peu encombrant en rabattant le bras LNB vers le haut<\/li>\n<\/ul>\n<p>Contenu de la livraison :<\/p>\n<ul>\n<li>Miroir satellite 54\/65 cm avec bras LNB rabattable<\/li>\n<li>LNB universel Mesure de bruit typ. 0,1 db&nbsp;<\/li>\n<li>C\u00e2ble coaxial de 10 m avec connecteur F<\/li>\n<li>Carte g\u00e9ographique avec aide au r\u00e9glage<\/li>\n<\/ul>\n","protected":false},"excerpt":{"rendered":"<p>Le miroir satellite de notre installation satellite est rev\u00eatu par poudre de haute qualit\u00e9 et permet ainsi une excellente r\u00e9ception satellite. Gr\u00e2ce \u00e0 sa forme pr\u00e9cise, il est possible de recevoir des images TV parfaites m\u00eame en bordure des zones d&rsquo;\u00e9clairage. Aucun outil n&rsquo;est n\u00e9cessaire pour r\u00e9gler le miroir, car des vis \u00e0 oreilles sont [&hellip;]<\/p>\n","protected":false},"featured_media":210609,"template":"","meta":{"_acf_changed":false},"product_featured_cat":[],"product_brand":[],"product_cat":[4523],"product_tag":[],"class_list":{"0":"post-210613","1":"product","2":"type-product","3":"status-publish","4":"has-post-thumbnail","6":"product_cat-systemes-satellitaires","8":"first","9":"instock","10":"taxable","11":"shipping-taxable","12":"purchasable","13":"product-type-simple"},"acf":[],"yoast_head":"<!-- This site is optimized with the Yoast SEO plugin v27.4 - https:\/\/yoast.com\/product\/yoast-seo-wordpress\/ -->\n<title>Antenne satellite 54 cm avec bras LNB pliable - Bantam Wankm\u00fcller SA<\/title>\n<meta name=\"robots\" content=\"index, follow, max-snippet:-1, max-image-preview:large, max-video-preview:-1\" \/>\n<link rel=\"canonical\" href=\"https:\/\/shop.bantam.ch\/fr\/produit\/antenne-satellite-54-cm-avec-bras-lnb-pliable\/\" \/>\n<meta property=\"og:locale\" content=\"fr_FR\" \/>\n<meta property=\"og:type\" content=\"article\" \/>\n<meta property=\"og:title\" content=\"Antenne satellite 54 cm avec bras LNB pliable - Bantam Wankm\u00fcller SA\" \/>\n<meta property=\"og:description\" content=\"Le miroir satellite de notre installation satellite est rev\u00eatu par poudre de haute qualit\u00e9 et permet ainsi une excellente r\u00e9ception satellite. Gr\u00e2ce \u00e0 sa forme pr\u00e9cise, il est possible de recevoir des images TV parfaites m\u00eame en bordure des zones d&rsquo;\u00e9clairage. Aucun outil n&rsquo;est n\u00e9cessaire pour r\u00e9gler le miroir, car des vis \u00e0 oreilles sont [&hellip;]\" \/>\n<meta property=\"og:url\" content=\"https:\/\/shop.bantam.ch\/fr\/produit\/antenne-satellite-54-cm-avec-bras-lnb-pliable\/\" \/>\n<meta property=\"og:site_name\" content=\"Bantam Wankm\u00fcller SA\" \/>\n<meta property=\"article:modified_time\" content=\"2026-04-18T21:20:51+00:00\" \/>\n<meta name=\"twitter:card\" content=\"summary_large_image\" \/>\n<meta name=\"twitter:label1\" content=\"Dur\u00e9e de lecture estim\u00e9e\" \/>\n\t<meta name=\"twitter:data1\" content=\"1 minute\" \/>\n<script type=\"application\/ld+json\" class=\"yoast-schema-graph\">{\"@context\":\"https:\\\/\\\/schema.org\",\"@graph\":[{\"@type\":\"WebPage\",\"@id\":\"https:\\\/\\\/shop.bantam.ch\\\/fr\\\/produit\\\/antenne-satellite-54-cm-avec-bras-lnb-pliable\\\/\",\"url\":\"https:\\\/\\\/shop.bantam.ch\\\/fr\\\/produit\\\/antenne-satellite-54-cm-avec-bras-lnb-pliable\\\/\",\"name\":\"Antenne satellite 54 cm avec bras LNB pliable - Bantam Wankm\u00fcller SA\",\"isPartOf\":{\"@id\":\"https:\\\/\\\/shop.bantam.ch\\\/fr\\\/#website\"},\"primaryImageOfPage\":{\"@id\":\"https:\\\/\\\/shop.bantam.ch\\\/fr\\\/produit\\\/antenne-satellite-54-cm-avec-bras-lnb-pliable\\\/#primaryimage\"},\"image\":{\"@id\":\"https:\\\/\\\/shop.bantam.ch\\\/fr\\\/produit\\\/antenne-satellite-54-cm-avec-bras-lnb-pliable\\\/#primaryimage\"},\"thumbnailUrl\":\"https:\\\/\\\/shop.bantam.ch\\\/wp-content\\\/uploads\\\/2025\\\/03\\\/Movera-L-9939172100.jpg\",\"datePublished\":\"2025-03-14T13:11:09+00:00\",\"dateModified\":\"2026-04-18T21:20:51+00:00\",\"breadcrumb\":{\"@id\":\"https:\\\/\\\/shop.bantam.ch\\\/fr\\\/produit\\\/antenne-satellite-54-cm-avec-bras-lnb-pliable\\\/#breadcrumb\"},\"inLanguage\":\"fr-FR\",\"potentialAction\":[{\"@type\":\"ReadAction\",\"target\":[\"https:\\\/\\\/shop.bantam.ch\\\/fr\\\/produit\\\/antenne-satellite-54-cm-avec-bras-lnb-pliable\\\/\"]}]},{\"@type\":\"ImageObject\",\"inLanguage\":\"fr-FR\",\"@id\":\"https:\\\/\\\/shop.bantam.ch\\\/fr\\\/produit\\\/antenne-satellite-54-cm-avec-bras-lnb-pliable\\\/#primaryimage\",\"url\":\"https:\\\/\\\/shop.bantam.ch\\\/wp-content\\\/uploads\\\/2025\\\/03\\\/Movera-L-9939172100.jpg\",\"contentUrl\":\"https:\\\/\\\/shop.bantam.ch\\\/wp-content\\\/uploads\\\/2025\\\/03\\\/Movera-L-9939172100.jpg\",\"width\":367,\"height\":472},{\"@type\":\"BreadcrumbList\",\"@id\":\"https:\\\/\\\/shop.bantam.ch\\\/fr\\\/produit\\\/antenne-satellite-54-cm-avec-bras-lnb-pliable\\\/#breadcrumb\",\"itemListElement\":[{\"@type\":\"ListItem\",\"position\":1,\"name\":\"Accueil\",\"item\":\"https:\\\/\\\/shop.bantam.ch\\\/fr\\\/\"},{\"@type\":\"ListItem\",\"position\":2,\"name\":\"Boutique\",\"item\":\"https:\\\/\\\/shop.bantam.ch\\\/fr\\\/boutique\\\/\"},{\"@type\":\"ListItem\",\"position\":3,\"name\":\"Antenne satellite 54 cm avec bras LNB pliable\"}]},{\"@type\":\"WebSite\",\"@id\":\"https:\\\/\\\/shop.bantam.ch\\\/fr\\\/#website\",\"url\":\"https:\\\/\\\/shop.bantam.ch\\\/fr\\\/\",\"name\":\"Bantam Wankm\u00fcller SA\",\"description\":\"\",\"publisher\":{\"@id\":\"https:\\\/\\\/shop.bantam.ch\\\/fr\\\/#organization\"},\"inLanguage\":\"fr-FR\"},{\"@type\":\"Organization\",\"@id\":\"https:\\\/\\\/shop.bantam.ch\\\/fr\\\/#organization\",\"name\":\"Bantam Wankm\u00fcller SA\",\"url\":\"https:\\\/\\\/shop.bantam.ch\\\/fr\\\/\",\"logo\":{\"@type\":\"ImageObject\",\"inLanguage\":\"fr-FR\",\"@id\":\"https:\\\/\\\/shop.bantam.ch\\\/fr\\\/#\\\/schema\\\/logo\\\/image\\\/\",\"url\":\"https:\\\/\\\/shop.bantam.ch\\\/wp-content\\\/uploads\\\/2022\\\/12\\\/bantam-logo.png\",\"contentUrl\":\"https:\\\/\\\/shop.bantam.ch\\\/wp-content\\\/uploads\\\/2022\\\/12\\\/bantam-logo.png\",\"width\":320,\"height\":71,\"caption\":\"Bantam Wankm\u00fcller SA\"},\"image\":{\"@id\":\"https:\\\/\\\/shop.bantam.ch\\\/fr\\\/#\\\/schema\\\/logo\\\/image\\\/\"}}]}<\/script>\n<!-- \/ Yoast SEO plugin. -->","yoast_head_json":{"title":"Antenne satellite 54 cm avec bras LNB pliable - Bantam Wankm\u00fcller SA","robots":{"index":"index","follow":"follow","max-snippet":"max-snippet:-1","max-image-preview":"max-image-preview:large","max-video-preview":"max-video-preview:-1"},"canonical":"https:\/\/shop.bantam.ch\/fr\/produit\/antenne-satellite-54-cm-avec-bras-lnb-pliable\/","og_locale":"fr_FR","og_type":"article","og_title":"Antenne satellite 54 cm avec bras LNB pliable - Bantam Wankm\u00fcller SA","og_description":"Le miroir satellite de notre installation satellite est rev\u00eatu par poudre de haute qualit\u00e9 et permet ainsi une excellente r\u00e9ception satellite. Gr\u00e2ce \u00e0 sa forme pr\u00e9cise, il est possible de recevoir des images TV parfaites m\u00eame en bordure des zones d&rsquo;\u00e9clairage. Aucun outil n&rsquo;est n\u00e9cessaire pour r\u00e9gler le miroir, car des vis \u00e0 oreilles sont [&hellip;]","og_url":"https:\/\/shop.bantam.ch\/fr\/produit\/antenne-satellite-54-cm-avec-bras-lnb-pliable\/","og_site_name":"Bantam Wankm\u00fcller SA","article_modified_time":"2026-04-18T21:20:51+00:00","twitter_card":"summary_large_image","twitter_misc":{"Dur\u00e9e de lecture estim\u00e9e":"1 minute"},"schema":{"@context":"https:\/\/schema.org","@graph":[{"@type":"WebPage","@id":"https:\/\/shop.bantam.ch\/fr\/produit\/antenne-satellite-54-cm-avec-bras-lnb-pliable\/","url":"https:\/\/shop.bantam.ch\/fr\/produit\/antenne-satellite-54-cm-avec-bras-lnb-pliable\/","name":"Antenne satellite 54 cm avec bras LNB pliable - Bantam Wankm\u00fcller SA","isPartOf":{"@id":"https:\/\/shop.bantam.ch\/fr\/#website"},"primaryImageOfPage":{"@id":"https:\/\/shop.bantam.ch\/fr\/produit\/antenne-satellite-54-cm-avec-bras-lnb-pliable\/#primaryimage"},"image":{"@id":"https:\/\/shop.bantam.ch\/fr\/produit\/antenne-satellite-54-cm-avec-bras-lnb-pliable\/#primaryimage"},"thumbnailUrl":"https:\/\/shop.bantam.ch\/wp-content\/uploads\/2025\/03\/Movera-L-9939172100.jpg","datePublished":"2025-03-14T13:11:09+00:00","dateModified":"2026-04-18T21:20:51+00:00","breadcrumb":{"@id":"https:\/\/shop.bantam.ch\/fr\/produit\/antenne-satellite-54-cm-avec-bras-lnb-pliable\/#breadcrumb"},"inLanguage":"fr-FR","potentialAction":[{"@type":"ReadAction","target":["https:\/\/shop.bantam.ch\/fr\/produit\/antenne-satellite-54-cm-avec-bras-lnb-pliable\/"]}]},{"@type":"ImageObject","inLanguage":"fr-FR","@id":"https:\/\/shop.bantam.ch\/fr\/produit\/antenne-satellite-54-cm-avec-bras-lnb-pliable\/#primaryimage","url":"https:\/\/shop.bantam.ch\/wp-content\/uploads\/2025\/03\/Movera-L-9939172100.jpg","contentUrl":"https:\/\/shop.bantam.ch\/wp-content\/uploads\/2025\/03\/Movera-L-9939172100.jpg","width":367,"height":472},{"@type":"BreadcrumbList","@id":"https:\/\/shop.bantam.ch\/fr\/produit\/antenne-satellite-54-cm-avec-bras-lnb-pliable\/#breadcrumb","itemListElement":[{"@type":"ListItem","position":1,"name":"Accueil","item":"https:\/\/shop.bantam.ch\/fr\/"},{"@type":"ListItem","position":2,"name":"Boutique","item":"https:\/\/shop.bantam.ch\/fr\/boutique\/"},{"@type":"ListItem","position":3,"name":"Antenne satellite 54 cm avec bras LNB pliable"}]},{"@type":"WebSite","@id":"https:\/\/shop.bantam.ch\/fr\/#website","url":"https:\/\/shop.bantam.ch\/fr\/","name":"Bantam Wankm\u00fcller SA","description":"","publisher":{"@id":"https:\/\/shop.bantam.ch\/fr\/#organization"},"inLanguage":"fr-FR"},{"@type":"Organization","@id":"https:\/\/shop.bantam.ch\/fr\/#organization","name":"Bantam Wankm\u00fcller SA","url":"https:\/\/shop.bantam.ch\/fr\/","logo":{"@type":"ImageObject","inLanguage":"fr-FR","@id":"https:\/\/shop.bantam.ch\/fr\/#\/schema\/logo\/image\/","url":"https:\/\/shop.bantam.ch\/wp-content\/uploads\/2022\/12\/bantam-logo.png","contentUrl":"https:\/\/shop.bantam.ch\/wp-content\/uploads\/2022\/12\/bantam-logo.png","width":320,"height":71,"caption":"Bantam Wankm\u00fcller SA"},"image":{"@id":"https:\/\/shop.bantam.ch\/fr\/#\/schema\/logo\/image\/"}}]}},"_links":{"self":[{"href":"https:\/\/shop.bantam.ch\/fr\/wp-json\/wp\/v2\/product\/210613","targetHints":{"allow":["GET"]}}],"collection":[{"href":"https:\/\/shop.bantam.ch\/fr\/wp-json\/wp\/v2\/product"}],"about":[{"href":"https:\/\/shop.bantam.ch\/fr\/wp-json\/wp\/v2\/types\/product"}],"wp:featuredmedia":[{"embeddable":true,"href":"https:\/\/shop.bantam.ch\/fr\/wp-json\/wp\/v2\/media\/210609"}],"wp:attachment":[{"href":"https:\/\/shop.bantam.ch\/fr\/wp-json\/wp\/v2\/media?parent=210613"}],"wp:term":[{"taxonomy":"product_featured_cat","embeddable":true,"href":"https:\/\/shop.bantam.ch\/fr\/wp-json\/wp\/v2\/product_featured_cat?post=210613"},{"taxonomy":"product_brand","embeddable":true,"href":"https:\/\/shop.bantam.ch\/fr\/wp-json\/wp\/v2\/product_brand?post=210613"},{"taxonomy":"product_cat","embeddable":true,"href":"https:\/\/shop.bantam.ch\/fr\/wp-json\/wp\/v2\/product_cat?post=210613"},{"taxonomy":"product_tag","embeddable":true,"href":"https:\/\/shop.bantam.ch\/fr\/wp-json\/wp\/v2\/product_tag?post=210613"}],"curies":[{"name":"wp","href":"https:\/\/api.w.org\/{rel}","templated":true}]}}