{"id":210383,"date":"2025-03-11T16:56:56","date_gmt":"2025-03-11T15:56:56","guid":{"rendered":"https:\/\/shop.bantam.ch\/produit\/dometic-kampa-mesh-panel-set-ace-air-400-panneaux-moustiquaire\/"},"modified":"2026-04-18T23:20:37","modified_gmt":"2026-04-18T21:20:37","slug":"dometic-kampa-mesh-panel-set-ace-air-400-panneaux-moustiquaire","status":"publish","type":"product","link":"https:\/\/shop.bantam.ch\/fr\/produit\/dometic-kampa-mesh-panel-set-ace-air-400-panneaux-moustiquaire\/","title":{"rendered":"Dometic-Kampa Mesh Panel Set Ace air 400 panneaux moustiquaire"},"content":{"rendered":"<p>Dometic-Kampa Mesh Panel Ace air 400 est un lot de panneaux moustiquaires qui peut \u00eatre utilis\u00e9 sans enlever les panneaux cristal  transparent de la fa\u00e7ade, car l&rsquo;auvent Ace air poss\u00e8de 3 jeux de fermetures \u00e0 glissi\u00e8res, un ext\u00e9rieur, un int\u00e9rieure, ci qui permet, par exemple, de positionner la moustiquaire \u00e0 l&rsquo;int\u00e9rieure et de basculer le panneau fen\u00eatre en position balcon pour faciliter une a\u00e9ration maximum tout en vous prot\u00e9geant des insectes. Ce lot est compos\u00e9 de 3 panneaux et convient au mod\u00e8les Ace air 400. Mati\u00e8re: polyester. Couleur: noir<\/p>\n","protected":false},"excerpt":{"rendered":"<p>Dometic-Kampa Mesh Panel Ace air 400 est un lot de panneaux moustiquaires qui peut \u00eatre utilis\u00e9 sans enlever les panneaux cristal transparent de la fa\u00e7ade, car l&rsquo;auvent Ace air poss\u00e8de 3 jeux de fermetures \u00e0 glissi\u00e8res, un ext\u00e9rieur, un int\u00e9rieure, ci qui permet, par exemple, de positionner la moustiquaire \u00e0 l&rsquo;int\u00e9rieure et de basculer le [&hellip;]<\/p>\n","protected":false},"featured_media":210385,"template":"","meta":{"_acf_changed":false},"product_featured_cat":[5306],"product_brand":[3558],"product_cat":[3987],"product_tag":[],"class_list":{"0":"post-210383","1":"product","2":"type-product","3":"status-publish","4":"has-post-thumbnail","6":"product_featured_cat-auvents-hindelbank-fr","7":"product_brand-kampa","8":"product_cat-accessoires-pour-tentes-et-auvents","10":"first","11":"instock","12":"sale","13":"taxable","14":"shipping-taxable","15":"purchasable","16":"product-type-simple"},"acf":[],"yoast_head":"<!-- This site is optimized with the Yoast SEO plugin v27.4 - https:\/\/yoast.com\/product\/yoast-seo-wordpress\/ -->\n<title>Dometic-Kampa Mesh Panel Set Ace air 400 panneaux moustiquaire - Bantam Wankm\u00fcller SA<\/title>\n<meta name=\"robots\" content=\"index, follow, max-snippet:-1, max-image-preview:large, max-video-preview:-1\" \/>\n<link rel=\"canonical\" href=\"https:\/\/shop.bantam.ch\/fr\/produit\/dometic-kampa-mesh-panel-set-ace-air-400-panneaux-moustiquaire\/\" \/>\n<meta property=\"og:locale\" content=\"fr_FR\" \/>\n<meta property=\"og:type\" content=\"article\" \/>\n<meta property=\"og:title\" content=\"Dometic-Kampa Mesh Panel Set Ace air 400 panneaux moustiquaire - Bantam Wankm\u00fcller SA\" \/>\n<meta property=\"og:description\" content=\"Dometic-Kampa Mesh Panel Ace air 400 est un lot de panneaux moustiquaires qui peut \u00eatre utilis\u00e9 sans enlever les panneaux cristal transparent de la fa\u00e7ade, car l&rsquo;auvent Ace air poss\u00e8de 3 jeux de fermetures \u00e0 glissi\u00e8res, un ext\u00e9rieur, un int\u00e9rieure, ci qui permet, par exemple, de positionner la moustiquaire \u00e0 l&rsquo;int\u00e9rieure et de basculer le [&hellip;]\" \/>\n<meta property=\"og:url\" content=\"https:\/\/shop.bantam.ch\/fr\/produit\/dometic-kampa-mesh-panel-set-ace-air-400-panneaux-moustiquaire\/\" \/>\n<meta property=\"og:site_name\" content=\"Bantam Wankm\u00fcller SA\" \/>\n<meta property=\"article:modified_time\" content=\"2026-04-18T21:20:37+00:00\" \/>\n<meta property=\"og:image\" content=\"https:\/\/shop.bantam.ch\/wp-content\/uploads\/2025\/03\/mesh-panel-set_9120001304.jpg\" \/>\n\t<meta property=\"og:image:width\" content=\"640\" \/>\n\t<meta property=\"og:image:height\" content=\"640\" \/>\n\t<meta property=\"og:image:type\" content=\"image\/jpeg\" \/>\n<meta name=\"twitter:card\" content=\"summary_large_image\" \/>\n<script type=\"application\/ld+json\" class=\"yoast-schema-graph\">{\"@context\":\"https:\\\/\\\/schema.org\",\"@graph\":[{\"@type\":\"WebPage\",\"@id\":\"https:\\\/\\\/shop.bantam.ch\\\/fr\\\/produit\\\/dometic-kampa-mesh-panel-set-ace-air-400-panneaux-moustiquaire\\\/\",\"url\":\"https:\\\/\\\/shop.bantam.ch\\\/fr\\\/produit\\\/dometic-kampa-mesh-panel-set-ace-air-400-panneaux-moustiquaire\\\/\",\"name\":\"Dometic-Kampa Mesh Panel Set Ace air 400 panneaux moustiquaire - Bantam Wankm\u00fcller SA\",\"isPartOf\":{\"@id\":\"https:\\\/\\\/shop.bantam.ch\\\/fr\\\/#website\"},\"primaryImageOfPage\":{\"@id\":\"https:\\\/\\\/shop.bantam.ch\\\/fr\\\/produit\\\/dometic-kampa-mesh-panel-set-ace-air-400-panneaux-moustiquaire\\\/#primaryimage\"},\"image\":{\"@id\":\"https:\\\/\\\/shop.bantam.ch\\\/fr\\\/produit\\\/dometic-kampa-mesh-panel-set-ace-air-400-panneaux-moustiquaire\\\/#primaryimage\"},\"thumbnailUrl\":\"https:\\\/\\\/shop.bantam.ch\\\/wp-content\\\/uploads\\\/2025\\\/03\\\/mesh-panel-set_9120001304.jpg\",\"datePublished\":\"2025-03-11T15:56:56+00:00\",\"dateModified\":\"2026-04-18T21:20:37+00:00\",\"breadcrumb\":{\"@id\":\"https:\\\/\\\/shop.bantam.ch\\\/fr\\\/produit\\\/dometic-kampa-mesh-panel-set-ace-air-400-panneaux-moustiquaire\\\/#breadcrumb\"},\"inLanguage\":\"fr-FR\",\"potentialAction\":[{\"@type\":\"ReadAction\",\"target\":[\"https:\\\/\\\/shop.bantam.ch\\\/fr\\\/produit\\\/dometic-kampa-mesh-panel-set-ace-air-400-panneaux-moustiquaire\\\/\"]}]},{\"@type\":\"ImageObject\",\"inLanguage\":\"fr-FR\",\"@id\":\"https:\\\/\\\/shop.bantam.ch\\\/fr\\\/produit\\\/dometic-kampa-mesh-panel-set-ace-air-400-panneaux-moustiquaire\\\/#primaryimage\",\"url\":\"https:\\\/\\\/shop.bantam.ch\\\/wp-content\\\/uploads\\\/2025\\\/03\\\/mesh-panel-set_9120001304.jpg\",\"contentUrl\":\"https:\\\/\\\/shop.bantam.ch\\\/wp-content\\\/uploads\\\/2025\\\/03\\\/mesh-panel-set_9120001304.jpg\",\"width\":640,\"height\":640},{\"@type\":\"BreadcrumbList\",\"@id\":\"https:\\\/\\\/shop.bantam.ch\\\/fr\\\/produit\\\/dometic-kampa-mesh-panel-set-ace-air-400-panneaux-moustiquaire\\\/#breadcrumb\",\"itemListElement\":[{\"@type\":\"ListItem\",\"position\":1,\"name\":\"Accueil\",\"item\":\"https:\\\/\\\/shop.bantam.ch\\\/fr\\\/\"},{\"@type\":\"ListItem\",\"position\":2,\"name\":\"Boutique\",\"item\":\"https:\\\/\\\/shop.bantam.ch\\\/fr\\\/boutique\\\/\"},{\"@type\":\"ListItem\",\"position\":3,\"name\":\"Dometic-Kampa Mesh Panel Set Ace air 400 panneaux moustiquaire\"}]},{\"@type\":\"WebSite\",\"@id\":\"https:\\\/\\\/shop.bantam.ch\\\/fr\\\/#website\",\"url\":\"https:\\\/\\\/shop.bantam.ch\\\/fr\\\/\",\"name\":\"Bantam Wankm\u00fcller SA\",\"description\":\"\",\"publisher\":{\"@id\":\"https:\\\/\\\/shop.bantam.ch\\\/fr\\\/#organization\"},\"inLanguage\":\"fr-FR\"},{\"@type\":\"Organization\",\"@id\":\"https:\\\/\\\/shop.bantam.ch\\\/fr\\\/#organization\",\"name\":\"Bantam Wankm\u00fcller SA\",\"url\":\"https:\\\/\\\/shop.bantam.ch\\\/fr\\\/\",\"logo\":{\"@type\":\"ImageObject\",\"inLanguage\":\"fr-FR\",\"@id\":\"https:\\\/\\\/shop.bantam.ch\\\/fr\\\/#\\\/schema\\\/logo\\\/image\\\/\",\"url\":\"https:\\\/\\\/shop.bantam.ch\\\/wp-content\\\/uploads\\\/2022\\\/12\\\/bantam-logo.png\",\"contentUrl\":\"https:\\\/\\\/shop.bantam.ch\\\/wp-content\\\/uploads\\\/2022\\\/12\\\/bantam-logo.png\",\"width\":320,\"height\":71,\"caption\":\"Bantam Wankm\u00fcller SA\"},\"image\":{\"@id\":\"https:\\\/\\\/shop.bantam.ch\\\/fr\\\/#\\\/schema\\\/logo\\\/image\\\/\"}}]}<\/script>\n<!-- \/ Yoast SEO plugin. -->","yoast_head_json":{"title":"Dometic-Kampa Mesh Panel Set Ace air 400 panneaux moustiquaire - Bantam Wankm\u00fcller SA","robots":{"index":"index","follow":"follow","max-snippet":"max-snippet:-1","max-image-preview":"max-image-preview:large","max-video-preview":"max-video-preview:-1"},"canonical":"https:\/\/shop.bantam.ch\/fr\/produit\/dometic-kampa-mesh-panel-set-ace-air-400-panneaux-moustiquaire\/","og_locale":"fr_FR","og_type":"article","og_title":"Dometic-Kampa Mesh Panel Set Ace air 400 panneaux moustiquaire - Bantam Wankm\u00fcller SA","og_description":"Dometic-Kampa Mesh Panel Ace air 400 est un lot de panneaux moustiquaires qui peut \u00eatre utilis\u00e9 sans enlever les panneaux cristal transparent de la fa\u00e7ade, car l&rsquo;auvent Ace air poss\u00e8de 3 jeux de fermetures \u00e0 glissi\u00e8res, un ext\u00e9rieur, un int\u00e9rieure, ci qui permet, par exemple, de positionner la moustiquaire \u00e0 l&rsquo;int\u00e9rieure et de basculer le [&hellip;]","og_url":"https:\/\/shop.bantam.ch\/fr\/produit\/dometic-kampa-mesh-panel-set-ace-air-400-panneaux-moustiquaire\/","og_site_name":"Bantam Wankm\u00fcller SA","article_modified_time":"2026-04-18T21:20:37+00:00","og_image":[{"width":640,"height":640,"url":"https:\/\/shop.bantam.ch\/wp-content\/uploads\/2025\/03\/mesh-panel-set_9120001304.jpg","type":"image\/jpeg"}],"twitter_card":"summary_large_image","schema":{"@context":"https:\/\/schema.org","@graph":[{"@type":"WebPage","@id":"https:\/\/shop.bantam.ch\/fr\/produit\/dometic-kampa-mesh-panel-set-ace-air-400-panneaux-moustiquaire\/","url":"https:\/\/shop.bantam.ch\/fr\/produit\/dometic-kampa-mesh-panel-set-ace-air-400-panneaux-moustiquaire\/","name":"Dometic-Kampa Mesh Panel Set Ace air 400 panneaux moustiquaire - Bantam Wankm\u00fcller SA","isPartOf":{"@id":"https:\/\/shop.bantam.ch\/fr\/#website"},"primaryImageOfPage":{"@id":"https:\/\/shop.bantam.ch\/fr\/produit\/dometic-kampa-mesh-panel-set-ace-air-400-panneaux-moustiquaire\/#primaryimage"},"image":{"@id":"https:\/\/shop.bantam.ch\/fr\/produit\/dometic-kampa-mesh-panel-set-ace-air-400-panneaux-moustiquaire\/#primaryimage"},"thumbnailUrl":"https:\/\/shop.bantam.ch\/wp-content\/uploads\/2025\/03\/mesh-panel-set_9120001304.jpg","datePublished":"2025-03-11T15:56:56+00:00","dateModified":"2026-04-18T21:20:37+00:00","breadcrumb":{"@id":"https:\/\/shop.bantam.ch\/fr\/produit\/dometic-kampa-mesh-panel-set-ace-air-400-panneaux-moustiquaire\/#breadcrumb"},"inLanguage":"fr-FR","potentialAction":[{"@type":"ReadAction","target":["https:\/\/shop.bantam.ch\/fr\/produit\/dometic-kampa-mesh-panel-set-ace-air-400-panneaux-moustiquaire\/"]}]},{"@type":"ImageObject","inLanguage":"fr-FR","@id":"https:\/\/shop.bantam.ch\/fr\/produit\/dometic-kampa-mesh-panel-set-ace-air-400-panneaux-moustiquaire\/#primaryimage","url":"https:\/\/shop.bantam.ch\/wp-content\/uploads\/2025\/03\/mesh-panel-set_9120001304.jpg","contentUrl":"https:\/\/shop.bantam.ch\/wp-content\/uploads\/2025\/03\/mesh-panel-set_9120001304.jpg","width":640,"height":640},{"@type":"BreadcrumbList","@id":"https:\/\/shop.bantam.ch\/fr\/produit\/dometic-kampa-mesh-panel-set-ace-air-400-panneaux-moustiquaire\/#breadcrumb","itemListElement":[{"@type":"ListItem","position":1,"name":"Accueil","item":"https:\/\/shop.bantam.ch\/fr\/"},{"@type":"ListItem","position":2,"name":"Boutique","item":"https:\/\/shop.bantam.ch\/fr\/boutique\/"},{"@type":"ListItem","position":3,"name":"Dometic-Kampa Mesh Panel Set Ace air 400 panneaux moustiquaire"}]},{"@type":"WebSite","@id":"https:\/\/shop.bantam.ch\/fr\/#website","url":"https:\/\/shop.bantam.ch\/fr\/","name":"Bantam Wankm\u00fcller SA","description":"","publisher":{"@id":"https:\/\/shop.bantam.ch\/fr\/#organization"},"inLanguage":"fr-FR"},{"@type":"Organization","@id":"https:\/\/shop.bantam.ch\/fr\/#organization","name":"Bantam Wankm\u00fcller SA","url":"https:\/\/shop.bantam.ch\/fr\/","logo":{"@type":"ImageObject","inLanguage":"fr-FR","@id":"https:\/\/shop.bantam.ch\/fr\/#\/schema\/logo\/image\/","url":"https:\/\/shop.bantam.ch\/wp-content\/uploads\/2022\/12\/bantam-logo.png","contentUrl":"https:\/\/shop.bantam.ch\/wp-content\/uploads\/2022\/12\/bantam-logo.png","width":320,"height":71,"caption":"Bantam Wankm\u00fcller SA"},"image":{"@id":"https:\/\/shop.bantam.ch\/fr\/#\/schema\/logo\/image\/"}}]}},"_links":{"self":[{"href":"https:\/\/shop.bantam.ch\/fr\/wp-json\/wp\/v2\/product\/210383","targetHints":{"allow":["GET"]}}],"collection":[{"href":"https:\/\/shop.bantam.ch\/fr\/wp-json\/wp\/v2\/product"}],"about":[{"href":"https:\/\/shop.bantam.ch\/fr\/wp-json\/wp\/v2\/types\/product"}],"wp:featuredmedia":[{"embeddable":true,"href":"https:\/\/shop.bantam.ch\/fr\/wp-json\/wp\/v2\/media\/210385"}],"wp:attachment":[{"href":"https:\/\/shop.bantam.ch\/fr\/wp-json\/wp\/v2\/media?parent=210383"}],"wp:term":[{"taxonomy":"product_featured_cat","embeddable":true,"href":"https:\/\/shop.bantam.ch\/fr\/wp-json\/wp\/v2\/product_featured_cat?post=210383"},{"taxonomy":"product_brand","embeddable":true,"href":"https:\/\/shop.bantam.ch\/fr\/wp-json\/wp\/v2\/product_brand?post=210383"},{"taxonomy":"product_cat","embeddable":true,"href":"https:\/\/shop.bantam.ch\/fr\/wp-json\/wp\/v2\/product_cat?post=210383"},{"taxonomy":"product_tag","embeddable":true,"href":"https:\/\/shop.bantam.ch\/fr\/wp-json\/wp\/v2\/product_tag?post=210383"}],"curies":[{"name":"wp","href":"https:\/\/api.w.org\/{rel}","templated":true}]}}