{"id":210342,"date":"2025-03-11T10:40:30","date_gmt":"2025-03-11T09:40:30","guid":{"rendered":"https:\/\/shop.bantam.ch\/produit\/rally-pro-390-auvents-dometic\/"},"modified":"2026-04-18T23:20:30","modified_gmt":"2026-04-18T21:20:30","slug":"rally-pro-390-auvents-dometic","status":"publish","type":"product","link":"https:\/\/shop.bantam.ch\/fr\/produit\/rally-pro-390-auvents-dometic\/","title":{"rendered":"Rally Pro 390 Auvents Dometic"},"content":{"rendered":"<p>Auvent statique gonflable, largeur 3,9 m. Con\u00e7u pour l&rsquo;exploration. Le design de notre populaire Rally AIR Pro est am\u00e9lior\u00e9 d&rsquo;ann\u00e9e en ann\u00e9e, offrant les derni\u00e8res innovations en mati\u00e8re de tentes, pour rendre votre exp\u00e9rience de voyage encore plus agr\u00e9able. Fabriqu\u00e9 \u00e0 partir du mat\u00e9riau Weathershield\u2122 Pro, avec des fen\u00eatres cristallines et une ventilation suppl\u00e9mentaire, il cr\u00e9e un espace de vie confortable, o\u00f9 que vous installiez votre tente. Innovant et polyvalent. Avec sa polyvalence r\u00e9volutionnaire, notre Rally AIR Pro 390 S s&rsquo;adapte \u00e0 une grande vari\u00e9t\u00e9 de v\u00e9hicules de camping diff\u00e9rents. Gr\u00e2ce au syst\u00e8me brevet\u00e9 Multi-Height, l&rsquo;auvent statique gonflable peut \u00eatre utilis\u00e9 aussi bien pour les caravanes que pour les camping-cars avec connexion \u00e0 glissi\u00e8re, et s&rsquo;ajuste \u00e0 diff\u00e9rentes hauteurs. Il suffit d&rsquo;ouvrir les fermetures \u00e9clair des parois lat\u00e9rales, de fixer l&rsquo;auvent avec des sardines pour ajuster l&rsquo;ajustement, puis de fermer les fermetures \u00e9clair int\u00e9rieures pour ranger l&rsquo;exc\u00e9dent de mati\u00e8re. Des poteaux stables mais l\u00e9gers en aluminium et en fibre de verre. Le Weathershield\u2122 150D est extr\u00eamement l\u00e9ger et facile \u00e0 manipuler, ce qui permet un montage et un d\u00e9montage ultra-rapides. Syst\u00e8me Multi-Height pour un montage pr\u00e9cis sur le v\u00e9hicule. Dimensions :<br \/>\nProfondeur du produit : 2500 mm. Hauteur du produit : 2650 mm. Largeur du produit : 3900 mm. Hauteur de connexion min : 235,00 cm. Hauteur de connexion max : 265,00 cm. Poids net : 26,20 kg<\/p>\n","protected":false},"excerpt":{"rendered":"<p>Auvent statique gonflable, largeur 3,9 m. Con\u00e7u pour l&rsquo;exploration. Le design de notre populaire Rally AIR Pro est am\u00e9lior\u00e9 d&rsquo;ann\u00e9e en ann\u00e9e, offrant les derni\u00e8res innovations en mati\u00e8re de tentes, pour rendre votre exp\u00e9rience de voyage encore plus agr\u00e9able. Fabriqu\u00e9 \u00e0 partir du mat\u00e9riau Weathershield\u2122 Pro, avec des fen\u00eatres cristallines et une ventilation suppl\u00e9mentaire, il [&hellip;]<\/p>\n","protected":false},"featured_media":210344,"template":"","meta":{"_acf_changed":false},"product_featured_cat":[5306,5305],"product_brand":[3028],"product_cat":[4247],"product_tag":[],"class_list":{"0":"post-210342","1":"product","2":"type-product","3":"status-publish","4":"has-post-thumbnail","6":"product_featured_cat-auvents-hindelbank-fr","7":"product_featured_cat-offres-speciales-auvents_etagnieres","8":"product_brand-dometic","9":"product_cat-auvents","11":"first","12":"instock","13":"sale","14":"taxable","15":"shipping-taxable","16":"purchasable","17":"product-type-simple"},"acf":[],"yoast_head":"<!-- This site is optimized with the Yoast SEO plugin v27.4 - https:\/\/yoast.com\/product\/yoast-seo-wordpress\/ -->\n<title>Rally Pro 390 Auvents Dometic - Bantam Wankm\u00fcller SA<\/title>\n<meta name=\"robots\" content=\"index, follow, max-snippet:-1, max-image-preview:large, max-video-preview:-1\" \/>\n<link rel=\"canonical\" href=\"https:\/\/shop.bantam.ch\/fr\/produit\/rally-pro-390-auvents-dometic\/\" \/>\n<meta property=\"og:locale\" content=\"fr_FR\" \/>\n<meta property=\"og:type\" content=\"article\" \/>\n<meta property=\"og:title\" content=\"Rally Pro 390 Auvents Dometic - Bantam Wankm\u00fcller SA\" \/>\n<meta property=\"og:description\" content=\"Auvent statique gonflable, largeur 3,9 m. Con\u00e7u pour l&rsquo;exploration. Le design de notre populaire Rally AIR Pro est am\u00e9lior\u00e9 d&rsquo;ann\u00e9e en ann\u00e9e, offrant les derni\u00e8res innovations en mati\u00e8re de tentes, pour rendre votre exp\u00e9rience de voyage encore plus agr\u00e9able. Fabriqu\u00e9 \u00e0 partir du mat\u00e9riau Weathershield\u2122 Pro, avec des fen\u00eatres cristallines et une ventilation suppl\u00e9mentaire, il [&hellip;]\" \/>\n<meta property=\"og:url\" content=\"https:\/\/shop.bantam.ch\/fr\/produit\/rally-pro-390-auvents-dometic\/\" \/>\n<meta property=\"og:site_name\" content=\"Bantam Wankm\u00fcller SA\" \/>\n<meta property=\"article:modified_time\" content=\"2026-04-18T21:20:30+00:00\" \/>\n<meta property=\"og:image\" content=\"https:\/\/shop.bantam.ch\/wp-content\/uploads\/2025\/03\/9120000033_1-1.jpg\" \/>\n\t<meta property=\"og:image:width\" content=\"600\" \/>\n\t<meta property=\"og:image:height\" content=\"600\" \/>\n\t<meta property=\"og:image:type\" content=\"image\/jpeg\" \/>\n<meta name=\"twitter:card\" content=\"summary_large_image\" \/>\n<meta name=\"twitter:label1\" content=\"Dur\u00e9e de lecture estim\u00e9e\" \/>\n\t<meta name=\"twitter:data1\" content=\"1 minute\" \/>\n<script type=\"application\/ld+json\" class=\"yoast-schema-graph\">{\"@context\":\"https:\\\/\\\/schema.org\",\"@graph\":[{\"@type\":\"WebPage\",\"@id\":\"https:\\\/\\\/shop.bantam.ch\\\/fr\\\/produit\\\/rally-pro-390-auvents-dometic\\\/\",\"url\":\"https:\\\/\\\/shop.bantam.ch\\\/fr\\\/produit\\\/rally-pro-390-auvents-dometic\\\/\",\"name\":\"Rally Pro 390 Auvents Dometic - Bantam Wankm\u00fcller SA\",\"isPartOf\":{\"@id\":\"https:\\\/\\\/shop.bantam.ch\\\/fr\\\/#website\"},\"primaryImageOfPage\":{\"@id\":\"https:\\\/\\\/shop.bantam.ch\\\/fr\\\/produit\\\/rally-pro-390-auvents-dometic\\\/#primaryimage\"},\"image\":{\"@id\":\"https:\\\/\\\/shop.bantam.ch\\\/fr\\\/produit\\\/rally-pro-390-auvents-dometic\\\/#primaryimage\"},\"thumbnailUrl\":\"https:\\\/\\\/shop.bantam.ch\\\/wp-content\\\/uploads\\\/2025\\\/03\\\/9120000033_1-1.jpg\",\"datePublished\":\"2025-03-11T09:40:30+00:00\",\"dateModified\":\"2026-04-18T21:20:30+00:00\",\"breadcrumb\":{\"@id\":\"https:\\\/\\\/shop.bantam.ch\\\/fr\\\/produit\\\/rally-pro-390-auvents-dometic\\\/#breadcrumb\"},\"inLanguage\":\"fr-FR\",\"potentialAction\":[{\"@type\":\"ReadAction\",\"target\":[\"https:\\\/\\\/shop.bantam.ch\\\/fr\\\/produit\\\/rally-pro-390-auvents-dometic\\\/\"]}]},{\"@type\":\"ImageObject\",\"inLanguage\":\"fr-FR\",\"@id\":\"https:\\\/\\\/shop.bantam.ch\\\/fr\\\/produit\\\/rally-pro-390-auvents-dometic\\\/#primaryimage\",\"url\":\"https:\\\/\\\/shop.bantam.ch\\\/wp-content\\\/uploads\\\/2025\\\/03\\\/9120000033_1-1.jpg\",\"contentUrl\":\"https:\\\/\\\/shop.bantam.ch\\\/wp-content\\\/uploads\\\/2025\\\/03\\\/9120000033_1-1.jpg\",\"width\":600,\"height\":600},{\"@type\":\"BreadcrumbList\",\"@id\":\"https:\\\/\\\/shop.bantam.ch\\\/fr\\\/produit\\\/rally-pro-390-auvents-dometic\\\/#breadcrumb\",\"itemListElement\":[{\"@type\":\"ListItem\",\"position\":1,\"name\":\"Accueil\",\"item\":\"https:\\\/\\\/shop.bantam.ch\\\/fr\\\/\"},{\"@type\":\"ListItem\",\"position\":2,\"name\":\"Boutique\",\"item\":\"https:\\\/\\\/shop.bantam.ch\\\/fr\\\/boutique\\\/\"},{\"@type\":\"ListItem\",\"position\":3,\"name\":\"Rally Pro 390 Auvents Dometic\"}]},{\"@type\":\"WebSite\",\"@id\":\"https:\\\/\\\/shop.bantam.ch\\\/fr\\\/#website\",\"url\":\"https:\\\/\\\/shop.bantam.ch\\\/fr\\\/\",\"name\":\"Bantam Wankm\u00fcller SA\",\"description\":\"\",\"publisher\":{\"@id\":\"https:\\\/\\\/shop.bantam.ch\\\/fr\\\/#organization\"},\"inLanguage\":\"fr-FR\"},{\"@type\":\"Organization\",\"@id\":\"https:\\\/\\\/shop.bantam.ch\\\/fr\\\/#organization\",\"name\":\"Bantam Wankm\u00fcller SA\",\"url\":\"https:\\\/\\\/shop.bantam.ch\\\/fr\\\/\",\"logo\":{\"@type\":\"ImageObject\",\"inLanguage\":\"fr-FR\",\"@id\":\"https:\\\/\\\/shop.bantam.ch\\\/fr\\\/#\\\/schema\\\/logo\\\/image\\\/\",\"url\":\"https:\\\/\\\/shop.bantam.ch\\\/wp-content\\\/uploads\\\/2022\\\/12\\\/bantam-logo.png\",\"contentUrl\":\"https:\\\/\\\/shop.bantam.ch\\\/wp-content\\\/uploads\\\/2022\\\/12\\\/bantam-logo.png\",\"width\":320,\"height\":71,\"caption\":\"Bantam Wankm\u00fcller SA\"},\"image\":{\"@id\":\"https:\\\/\\\/shop.bantam.ch\\\/fr\\\/#\\\/schema\\\/logo\\\/image\\\/\"}}]}<\/script>\n<!-- \/ Yoast SEO plugin. -->","yoast_head_json":{"title":"Rally Pro 390 Auvents Dometic - Bantam Wankm\u00fcller SA","robots":{"index":"index","follow":"follow","max-snippet":"max-snippet:-1","max-image-preview":"max-image-preview:large","max-video-preview":"max-video-preview:-1"},"canonical":"https:\/\/shop.bantam.ch\/fr\/produit\/rally-pro-390-auvents-dometic\/","og_locale":"fr_FR","og_type":"article","og_title":"Rally Pro 390 Auvents Dometic - Bantam Wankm\u00fcller SA","og_description":"Auvent statique gonflable, largeur 3,9 m. Con\u00e7u pour l&rsquo;exploration. Le design de notre populaire Rally AIR Pro est am\u00e9lior\u00e9 d&rsquo;ann\u00e9e en ann\u00e9e, offrant les derni\u00e8res innovations en mati\u00e8re de tentes, pour rendre votre exp\u00e9rience de voyage encore plus agr\u00e9able. Fabriqu\u00e9 \u00e0 partir du mat\u00e9riau Weathershield\u2122 Pro, avec des fen\u00eatres cristallines et une ventilation suppl\u00e9mentaire, il [&hellip;]","og_url":"https:\/\/shop.bantam.ch\/fr\/produit\/rally-pro-390-auvents-dometic\/","og_site_name":"Bantam Wankm\u00fcller SA","article_modified_time":"2026-04-18T21:20:30+00:00","og_image":[{"width":600,"height":600,"url":"https:\/\/shop.bantam.ch\/wp-content\/uploads\/2025\/03\/9120000033_1-1.jpg","type":"image\/jpeg"}],"twitter_card":"summary_large_image","twitter_misc":{"Dur\u00e9e de lecture estim\u00e9e":"1 minute"},"schema":{"@context":"https:\/\/schema.org","@graph":[{"@type":"WebPage","@id":"https:\/\/shop.bantam.ch\/fr\/produit\/rally-pro-390-auvents-dometic\/","url":"https:\/\/shop.bantam.ch\/fr\/produit\/rally-pro-390-auvents-dometic\/","name":"Rally Pro 390 Auvents Dometic - Bantam Wankm\u00fcller SA","isPartOf":{"@id":"https:\/\/shop.bantam.ch\/fr\/#website"},"primaryImageOfPage":{"@id":"https:\/\/shop.bantam.ch\/fr\/produit\/rally-pro-390-auvents-dometic\/#primaryimage"},"image":{"@id":"https:\/\/shop.bantam.ch\/fr\/produit\/rally-pro-390-auvents-dometic\/#primaryimage"},"thumbnailUrl":"https:\/\/shop.bantam.ch\/wp-content\/uploads\/2025\/03\/9120000033_1-1.jpg","datePublished":"2025-03-11T09:40:30+00:00","dateModified":"2026-04-18T21:20:30+00:00","breadcrumb":{"@id":"https:\/\/shop.bantam.ch\/fr\/produit\/rally-pro-390-auvents-dometic\/#breadcrumb"},"inLanguage":"fr-FR","potentialAction":[{"@type":"ReadAction","target":["https:\/\/shop.bantam.ch\/fr\/produit\/rally-pro-390-auvents-dometic\/"]}]},{"@type":"ImageObject","inLanguage":"fr-FR","@id":"https:\/\/shop.bantam.ch\/fr\/produit\/rally-pro-390-auvents-dometic\/#primaryimage","url":"https:\/\/shop.bantam.ch\/wp-content\/uploads\/2025\/03\/9120000033_1-1.jpg","contentUrl":"https:\/\/shop.bantam.ch\/wp-content\/uploads\/2025\/03\/9120000033_1-1.jpg","width":600,"height":600},{"@type":"BreadcrumbList","@id":"https:\/\/shop.bantam.ch\/fr\/produit\/rally-pro-390-auvents-dometic\/#breadcrumb","itemListElement":[{"@type":"ListItem","position":1,"name":"Accueil","item":"https:\/\/shop.bantam.ch\/fr\/"},{"@type":"ListItem","position":2,"name":"Boutique","item":"https:\/\/shop.bantam.ch\/fr\/boutique\/"},{"@type":"ListItem","position":3,"name":"Rally Pro 390 Auvents Dometic"}]},{"@type":"WebSite","@id":"https:\/\/shop.bantam.ch\/fr\/#website","url":"https:\/\/shop.bantam.ch\/fr\/","name":"Bantam Wankm\u00fcller SA","description":"","publisher":{"@id":"https:\/\/shop.bantam.ch\/fr\/#organization"},"inLanguage":"fr-FR"},{"@type":"Organization","@id":"https:\/\/shop.bantam.ch\/fr\/#organization","name":"Bantam Wankm\u00fcller SA","url":"https:\/\/shop.bantam.ch\/fr\/","logo":{"@type":"ImageObject","inLanguage":"fr-FR","@id":"https:\/\/shop.bantam.ch\/fr\/#\/schema\/logo\/image\/","url":"https:\/\/shop.bantam.ch\/wp-content\/uploads\/2022\/12\/bantam-logo.png","contentUrl":"https:\/\/shop.bantam.ch\/wp-content\/uploads\/2022\/12\/bantam-logo.png","width":320,"height":71,"caption":"Bantam Wankm\u00fcller SA"},"image":{"@id":"https:\/\/shop.bantam.ch\/fr\/#\/schema\/logo\/image\/"}}]}},"_links":{"self":[{"href":"https:\/\/shop.bantam.ch\/fr\/wp-json\/wp\/v2\/product\/210342","targetHints":{"allow":["GET"]}}],"collection":[{"href":"https:\/\/shop.bantam.ch\/fr\/wp-json\/wp\/v2\/product"}],"about":[{"href":"https:\/\/shop.bantam.ch\/fr\/wp-json\/wp\/v2\/types\/product"}],"wp:featuredmedia":[{"embeddable":true,"href":"https:\/\/shop.bantam.ch\/fr\/wp-json\/wp\/v2\/media\/210344"}],"wp:attachment":[{"href":"https:\/\/shop.bantam.ch\/fr\/wp-json\/wp\/v2\/media?parent=210342"}],"wp:term":[{"taxonomy":"product_featured_cat","embeddable":true,"href":"https:\/\/shop.bantam.ch\/fr\/wp-json\/wp\/v2\/product_featured_cat?post=210342"},{"taxonomy":"product_brand","embeddable":true,"href":"https:\/\/shop.bantam.ch\/fr\/wp-json\/wp\/v2\/product_brand?post=210342"},{"taxonomy":"product_cat","embeddable":true,"href":"https:\/\/shop.bantam.ch\/fr\/wp-json\/wp\/v2\/product_cat?post=210342"},{"taxonomy":"product_tag","embeddable":true,"href":"https:\/\/shop.bantam.ch\/fr\/wp-json\/wp\/v2\/product_tag?post=210342"}],"curies":[{"name":"wp","href":"https:\/\/api.w.org\/{rel}","templated":true}]}}