{"id":210334,"date":"2025-03-11T10:26:54","date_gmt":"2025-03-11T09:26:54","guid":{"rendered":"https:\/\/shop.bantam.ch\/produit\/butee-de-rail-dauvent-6-mm-pour-tentes-kampa\/"},"modified":"2026-04-18T23:20:30","modified_gmt":"2026-04-18T21:20:30","slug":"butee-de-rail-dauvent-6-mm-pour-tentes-kampa","status":"publish","type":"product","link":"https:\/\/shop.bantam.ch\/fr\/produit\/butee-de-rail-dauvent-6-mm-pour-tentes-kampa\/","title":{"rendered":"But\u00e9e de rail d\u2019auvent 6 mm pour tentes Kampa"},"content":{"rendered":"<p>Accessoires de montage pour auvents. La but\u00e9e se fixe simplement par vissage et emp\u00eache l\u2019auvent de glisser sur le rail. Vendue par paire. Installation facile. Compatible avec la plupart des rails d\u2019auvent. Filetage de vis de serrage pour un maintien s\u00fbr<\/p>\n","protected":false},"excerpt":{"rendered":"<p>Accessoires de montage pour auvents. La but\u00e9e se fixe simplement par vissage et emp\u00eache l\u2019auvent de glisser sur le rail. Vendue par paire. Installation facile. Compatible avec la plupart des rails d\u2019auvent. Filetage de vis de serrage pour un maintien s\u00fbr<\/p>\n","protected":false},"featured_media":210336,"template":"","meta":{"_acf_changed":false},"product_featured_cat":[5306],"product_brand":[3558],"product_cat":[3987],"product_tag":[],"class_list":{"0":"post-210334","1":"product","2":"type-product","3":"status-publish","4":"has-post-thumbnail","6":"product_featured_cat-auvents-hindelbank-fr","7":"product_brand-kampa","8":"product_cat-accessoires-pour-tentes-et-auvents","10":"first","11":"instock","12":"sale","13":"taxable","14":"shipping-taxable","15":"purchasable","16":"product-type-simple"},"acf":[],"yoast_head":"<!-- This site is optimized with the Yoast SEO plugin v27.4 - https:\/\/yoast.com\/product\/yoast-seo-wordpress\/ -->\n<title>But\u00e9e de rail d\u2019auvent 6 mm pour tentes Kampa - Bantam Wankm\u00fcller SA<\/title>\n<meta name=\"robots\" content=\"index, follow, max-snippet:-1, max-image-preview:large, max-video-preview:-1\" \/>\n<link rel=\"canonical\" href=\"https:\/\/shop.bantam.ch\/fr\/produit\/butee-de-rail-dauvent-6-mm-pour-tentes-kampa\/\" \/>\n<meta property=\"og:locale\" content=\"fr_FR\" \/>\n<meta property=\"og:type\" content=\"article\" \/>\n<meta property=\"og:title\" content=\"But\u00e9e de rail d\u2019auvent 6 mm pour tentes Kampa - Bantam Wankm\u00fcller SA\" \/>\n<meta property=\"og:description\" content=\"Accessoires de montage pour auvents. La but\u00e9e se fixe simplement par vissage et emp\u00eache l\u2019auvent de glisser sur le rail. Vendue par paire. Installation facile. Compatible avec la plupart des rails d\u2019auvent. Filetage de vis de serrage pour un maintien s\u00fbr\" \/>\n<meta property=\"og:url\" content=\"https:\/\/shop.bantam.ch\/fr\/produit\/butee-de-rail-dauvent-6-mm-pour-tentes-kampa\/\" \/>\n<meta property=\"og:site_name\" content=\"Bantam Wankm\u00fcller SA\" \/>\n<meta property=\"article:modified_time\" content=\"2026-04-18T21:20:30+00:00\" \/>\n<meta property=\"og:image\" content=\"https:\/\/shop.bantam.ch\/wp-content\/uploads\/2025\/03\/AC0301_Awning_Rail_Stoppers_1.jpg\" \/>\n\t<meta property=\"og:image:width\" content=\"600\" \/>\n\t<meta property=\"og:image:height\" content=\"600\" \/>\n\t<meta property=\"og:image:type\" content=\"image\/jpeg\" \/>\n<meta name=\"twitter:card\" content=\"summary_large_image\" \/>\n<script type=\"application\/ld+json\" class=\"yoast-schema-graph\">{\"@context\":\"https:\\\/\\\/schema.org\",\"@graph\":[{\"@type\":\"WebPage\",\"@id\":\"https:\\\/\\\/shop.bantam.ch\\\/fr\\\/produit\\\/butee-de-rail-dauvent-6-mm-pour-tentes-kampa\\\/\",\"url\":\"https:\\\/\\\/shop.bantam.ch\\\/fr\\\/produit\\\/butee-de-rail-dauvent-6-mm-pour-tentes-kampa\\\/\",\"name\":\"But\u00e9e de rail d\u2019auvent 6 mm pour tentes Kampa - Bantam Wankm\u00fcller SA\",\"isPartOf\":{\"@id\":\"https:\\\/\\\/shop.bantam.ch\\\/fr\\\/#website\"},\"primaryImageOfPage\":{\"@id\":\"https:\\\/\\\/shop.bantam.ch\\\/fr\\\/produit\\\/butee-de-rail-dauvent-6-mm-pour-tentes-kampa\\\/#primaryimage\"},\"image\":{\"@id\":\"https:\\\/\\\/shop.bantam.ch\\\/fr\\\/produit\\\/butee-de-rail-dauvent-6-mm-pour-tentes-kampa\\\/#primaryimage\"},\"thumbnailUrl\":\"https:\\\/\\\/shop.bantam.ch\\\/wp-content\\\/uploads\\\/2025\\\/03\\\/AC0301_Awning_Rail_Stoppers_1.jpg\",\"datePublished\":\"2025-03-11T09:26:54+00:00\",\"dateModified\":\"2026-04-18T21:20:30+00:00\",\"breadcrumb\":{\"@id\":\"https:\\\/\\\/shop.bantam.ch\\\/fr\\\/produit\\\/butee-de-rail-dauvent-6-mm-pour-tentes-kampa\\\/#breadcrumb\"},\"inLanguage\":\"fr-FR\",\"potentialAction\":[{\"@type\":\"ReadAction\",\"target\":[\"https:\\\/\\\/shop.bantam.ch\\\/fr\\\/produit\\\/butee-de-rail-dauvent-6-mm-pour-tentes-kampa\\\/\"]}]},{\"@type\":\"ImageObject\",\"inLanguage\":\"fr-FR\",\"@id\":\"https:\\\/\\\/shop.bantam.ch\\\/fr\\\/produit\\\/butee-de-rail-dauvent-6-mm-pour-tentes-kampa\\\/#primaryimage\",\"url\":\"https:\\\/\\\/shop.bantam.ch\\\/wp-content\\\/uploads\\\/2025\\\/03\\\/AC0301_Awning_Rail_Stoppers_1.jpg\",\"contentUrl\":\"https:\\\/\\\/shop.bantam.ch\\\/wp-content\\\/uploads\\\/2025\\\/03\\\/AC0301_Awning_Rail_Stoppers_1.jpg\",\"width\":600,\"height\":600},{\"@type\":\"BreadcrumbList\",\"@id\":\"https:\\\/\\\/shop.bantam.ch\\\/fr\\\/produit\\\/butee-de-rail-dauvent-6-mm-pour-tentes-kampa\\\/#breadcrumb\",\"itemListElement\":[{\"@type\":\"ListItem\",\"position\":1,\"name\":\"Accueil\",\"item\":\"https:\\\/\\\/shop.bantam.ch\\\/fr\\\/\"},{\"@type\":\"ListItem\",\"position\":2,\"name\":\"Boutique\",\"item\":\"https:\\\/\\\/shop.bantam.ch\\\/fr\\\/boutique\\\/\"},{\"@type\":\"ListItem\",\"position\":3,\"name\":\"But\u00e9e de rail d\u2019auvent 6 mm pour tentes Kampa\"}]},{\"@type\":\"WebSite\",\"@id\":\"https:\\\/\\\/shop.bantam.ch\\\/fr\\\/#website\",\"url\":\"https:\\\/\\\/shop.bantam.ch\\\/fr\\\/\",\"name\":\"Bantam Wankm\u00fcller SA\",\"description\":\"\",\"publisher\":{\"@id\":\"https:\\\/\\\/shop.bantam.ch\\\/fr\\\/#organization\"},\"inLanguage\":\"fr-FR\"},{\"@type\":\"Organization\",\"@id\":\"https:\\\/\\\/shop.bantam.ch\\\/fr\\\/#organization\",\"name\":\"Bantam Wankm\u00fcller SA\",\"url\":\"https:\\\/\\\/shop.bantam.ch\\\/fr\\\/\",\"logo\":{\"@type\":\"ImageObject\",\"inLanguage\":\"fr-FR\",\"@id\":\"https:\\\/\\\/shop.bantam.ch\\\/fr\\\/#\\\/schema\\\/logo\\\/image\\\/\",\"url\":\"https:\\\/\\\/shop.bantam.ch\\\/wp-content\\\/uploads\\\/2022\\\/12\\\/bantam-logo.png\",\"contentUrl\":\"https:\\\/\\\/shop.bantam.ch\\\/wp-content\\\/uploads\\\/2022\\\/12\\\/bantam-logo.png\",\"width\":320,\"height\":71,\"caption\":\"Bantam Wankm\u00fcller SA\"},\"image\":{\"@id\":\"https:\\\/\\\/shop.bantam.ch\\\/fr\\\/#\\\/schema\\\/logo\\\/image\\\/\"}}]}<\/script>\n<!-- \/ Yoast SEO plugin. -->","yoast_head_json":{"title":"But\u00e9e de rail d\u2019auvent 6 mm pour tentes Kampa - Bantam Wankm\u00fcller SA","robots":{"index":"index","follow":"follow","max-snippet":"max-snippet:-1","max-image-preview":"max-image-preview:large","max-video-preview":"max-video-preview:-1"},"canonical":"https:\/\/shop.bantam.ch\/fr\/produit\/butee-de-rail-dauvent-6-mm-pour-tentes-kampa\/","og_locale":"fr_FR","og_type":"article","og_title":"But\u00e9e de rail d\u2019auvent 6 mm pour tentes Kampa - Bantam Wankm\u00fcller SA","og_description":"Accessoires de montage pour auvents. La but\u00e9e se fixe simplement par vissage et emp\u00eache l\u2019auvent de glisser sur le rail. Vendue par paire. Installation facile. Compatible avec la plupart des rails d\u2019auvent. Filetage de vis de serrage pour un maintien s\u00fbr","og_url":"https:\/\/shop.bantam.ch\/fr\/produit\/butee-de-rail-dauvent-6-mm-pour-tentes-kampa\/","og_site_name":"Bantam Wankm\u00fcller SA","article_modified_time":"2026-04-18T21:20:30+00:00","og_image":[{"width":600,"height":600,"url":"https:\/\/shop.bantam.ch\/wp-content\/uploads\/2025\/03\/AC0301_Awning_Rail_Stoppers_1.jpg","type":"image\/jpeg"}],"twitter_card":"summary_large_image","schema":{"@context":"https:\/\/schema.org","@graph":[{"@type":"WebPage","@id":"https:\/\/shop.bantam.ch\/fr\/produit\/butee-de-rail-dauvent-6-mm-pour-tentes-kampa\/","url":"https:\/\/shop.bantam.ch\/fr\/produit\/butee-de-rail-dauvent-6-mm-pour-tentes-kampa\/","name":"But\u00e9e de rail d\u2019auvent 6 mm pour tentes Kampa - Bantam Wankm\u00fcller SA","isPartOf":{"@id":"https:\/\/shop.bantam.ch\/fr\/#website"},"primaryImageOfPage":{"@id":"https:\/\/shop.bantam.ch\/fr\/produit\/butee-de-rail-dauvent-6-mm-pour-tentes-kampa\/#primaryimage"},"image":{"@id":"https:\/\/shop.bantam.ch\/fr\/produit\/butee-de-rail-dauvent-6-mm-pour-tentes-kampa\/#primaryimage"},"thumbnailUrl":"https:\/\/shop.bantam.ch\/wp-content\/uploads\/2025\/03\/AC0301_Awning_Rail_Stoppers_1.jpg","datePublished":"2025-03-11T09:26:54+00:00","dateModified":"2026-04-18T21:20:30+00:00","breadcrumb":{"@id":"https:\/\/shop.bantam.ch\/fr\/produit\/butee-de-rail-dauvent-6-mm-pour-tentes-kampa\/#breadcrumb"},"inLanguage":"fr-FR","potentialAction":[{"@type":"ReadAction","target":["https:\/\/shop.bantam.ch\/fr\/produit\/butee-de-rail-dauvent-6-mm-pour-tentes-kampa\/"]}]},{"@type":"ImageObject","inLanguage":"fr-FR","@id":"https:\/\/shop.bantam.ch\/fr\/produit\/butee-de-rail-dauvent-6-mm-pour-tentes-kampa\/#primaryimage","url":"https:\/\/shop.bantam.ch\/wp-content\/uploads\/2025\/03\/AC0301_Awning_Rail_Stoppers_1.jpg","contentUrl":"https:\/\/shop.bantam.ch\/wp-content\/uploads\/2025\/03\/AC0301_Awning_Rail_Stoppers_1.jpg","width":600,"height":600},{"@type":"BreadcrumbList","@id":"https:\/\/shop.bantam.ch\/fr\/produit\/butee-de-rail-dauvent-6-mm-pour-tentes-kampa\/#breadcrumb","itemListElement":[{"@type":"ListItem","position":1,"name":"Accueil","item":"https:\/\/shop.bantam.ch\/fr\/"},{"@type":"ListItem","position":2,"name":"Boutique","item":"https:\/\/shop.bantam.ch\/fr\/boutique\/"},{"@type":"ListItem","position":3,"name":"But\u00e9e de rail d\u2019auvent 6 mm pour tentes Kampa"}]},{"@type":"WebSite","@id":"https:\/\/shop.bantam.ch\/fr\/#website","url":"https:\/\/shop.bantam.ch\/fr\/","name":"Bantam Wankm\u00fcller SA","description":"","publisher":{"@id":"https:\/\/shop.bantam.ch\/fr\/#organization"},"inLanguage":"fr-FR"},{"@type":"Organization","@id":"https:\/\/shop.bantam.ch\/fr\/#organization","name":"Bantam Wankm\u00fcller SA","url":"https:\/\/shop.bantam.ch\/fr\/","logo":{"@type":"ImageObject","inLanguage":"fr-FR","@id":"https:\/\/shop.bantam.ch\/fr\/#\/schema\/logo\/image\/","url":"https:\/\/shop.bantam.ch\/wp-content\/uploads\/2022\/12\/bantam-logo.png","contentUrl":"https:\/\/shop.bantam.ch\/wp-content\/uploads\/2022\/12\/bantam-logo.png","width":320,"height":71,"caption":"Bantam Wankm\u00fcller SA"},"image":{"@id":"https:\/\/shop.bantam.ch\/fr\/#\/schema\/logo\/image\/"}}]}},"_links":{"self":[{"href":"https:\/\/shop.bantam.ch\/fr\/wp-json\/wp\/v2\/product\/210334","targetHints":{"allow":["GET"]}}],"collection":[{"href":"https:\/\/shop.bantam.ch\/fr\/wp-json\/wp\/v2\/product"}],"about":[{"href":"https:\/\/shop.bantam.ch\/fr\/wp-json\/wp\/v2\/types\/product"}],"wp:featuredmedia":[{"embeddable":true,"href":"https:\/\/shop.bantam.ch\/fr\/wp-json\/wp\/v2\/media\/210336"}],"wp:attachment":[{"href":"https:\/\/shop.bantam.ch\/fr\/wp-json\/wp\/v2\/media?parent=210334"}],"wp:term":[{"taxonomy":"product_featured_cat","embeddable":true,"href":"https:\/\/shop.bantam.ch\/fr\/wp-json\/wp\/v2\/product_featured_cat?post=210334"},{"taxonomy":"product_brand","embeddable":true,"href":"https:\/\/shop.bantam.ch\/fr\/wp-json\/wp\/v2\/product_brand?post=210334"},{"taxonomy":"product_cat","embeddable":true,"href":"https:\/\/shop.bantam.ch\/fr\/wp-json\/wp\/v2\/product_cat?post=210334"},{"taxonomy":"product_tag","embeddable":true,"href":"https:\/\/shop.bantam.ch\/fr\/wp-json\/wp\/v2\/product_tag?post=210334"}],"curies":[{"name":"wp","href":"https:\/\/api.w.org\/{rel}","templated":true}]}}