{"id":210326,"date":"2025-03-11T10:21:36","date_gmt":"2025-03-11T09:21:36","guid":{"rendered":"https:\/\/shop.bantam.ch\/produit\/cales-de-protection-pour-tentes-kampa\/"},"modified":"2026-04-18T23:20:29","modified_gmt":"2026-04-18T21:20:29","slug":"cales-de-protection-pour-tentes-kampa","status":"publish","type":"product","link":"https:\/\/shop.bantam.ch\/fr\/produit\/cales-de-protection-pour-tentes-kampa\/","title":{"rendered":"Cales de protection pour tentes Kampa"},"content":{"rendered":"<p>Accessoires de montage pour auvents. Pour am\u00e9liorer l\u2019inclinaison du toit, vous pouvez ins\u00e9rer ces coussins entre la paroi du v\u00e9hicule et les supports gonflables de votre auvent. Id\u00e9al pour une utilisation sur les v\u00e9hicules \u00e9quip\u00e9s d\u2019un rail de store saillant ou d\u2019un store cassette. Caract\u00e9ristiques : Installation simple. Compatible avec la plupart des v\u00e9hicules. Structure en mousse. Dimensions : Profondeur du produit : 120 mm. Hauteur du produit : 20 mm. Largeur du produit : 120 mm. Poids net : 0,01 kg<\/p>\n","protected":false},"excerpt":{"rendered":"<p>Accessoires de montage pour auvents. Pour am\u00e9liorer l\u2019inclinaison du toit, vous pouvez ins\u00e9rer ces coussins entre la paroi du v\u00e9hicule et les supports gonflables de votre auvent. Id\u00e9al pour une utilisation sur les v\u00e9hicules \u00e9quip\u00e9s d\u2019un rail de store saillant ou d\u2019un store cassette. Caract\u00e9ristiques : Installation simple. Compatible avec la plupart des v\u00e9hicules. Structure [&hellip;]<\/p>\n","protected":false},"featured_media":210328,"template":"","meta":{"_acf_changed":false},"product_featured_cat":[5306],"product_brand":[3558],"product_cat":[3987],"product_tag":[],"class_list":{"0":"post-210326","1":"product","2":"type-product","3":"status-publish","4":"has-post-thumbnail","6":"product_featured_cat-auvents-hindelbank-fr","7":"product_brand-kampa","8":"product_cat-accessoires-pour-tentes-et-auvents","10":"first","11":"instock","12":"sale","13":"taxable","14":"shipping-taxable","15":"purchasable","16":"product-type-simple"},"acf":[],"yoast_head":"<!-- This site is optimized with the Yoast SEO plugin v27.4 - https:\/\/yoast.com\/product\/yoast-seo-wordpress\/ -->\n<title>Cales de protection pour tentes Kampa - Bantam Wankm\u00fcller SA<\/title>\n<meta name=\"robots\" content=\"index, follow, max-snippet:-1, max-image-preview:large, max-video-preview:-1\" \/>\n<link rel=\"canonical\" href=\"https:\/\/shop.bantam.ch\/fr\/produit\/cales-de-protection-pour-tentes-kampa\/\" \/>\n<meta property=\"og:locale\" content=\"fr_FR\" \/>\n<meta property=\"og:type\" content=\"article\" \/>\n<meta property=\"og:title\" content=\"Cales de protection pour tentes Kampa - Bantam Wankm\u00fcller SA\" \/>\n<meta property=\"og:description\" content=\"Accessoires de montage pour auvents. Pour am\u00e9liorer l\u2019inclinaison du toit, vous pouvez ins\u00e9rer ces coussins entre la paroi du v\u00e9hicule et les supports gonflables de votre auvent. Id\u00e9al pour une utilisation sur les v\u00e9hicules \u00e9quip\u00e9s d\u2019un rail de store saillant ou d\u2019un store cassette. Caract\u00e9ristiques : Installation simple. Compatible avec la plupart des v\u00e9hicules. Structure [&hellip;]\" \/>\n<meta property=\"og:url\" content=\"https:\/\/shop.bantam.ch\/fr\/produit\/cales-de-protection-pour-tentes-kampa\/\" \/>\n<meta property=\"og:site_name\" content=\"Bantam Wankm\u00fcller SA\" \/>\n<meta property=\"article:modified_time\" content=\"2026-04-18T21:20:29+00:00\" \/>\n<meta property=\"og:image\" content=\"https:\/\/shop.bantam.ch\/wp-content\/uploads\/2025\/03\/Kampa_PackingPads_1_1.jpg\" \/>\n\t<meta property=\"og:image:width\" content=\"200\" \/>\n\t<meta property=\"og:image:height\" content=\"200\" \/>\n\t<meta property=\"og:image:type\" content=\"image\/jpeg\" \/>\n<meta name=\"twitter:card\" content=\"summary_large_image\" \/>\n<script type=\"application\/ld+json\" class=\"yoast-schema-graph\">{\"@context\":\"https:\\\/\\\/schema.org\",\"@graph\":[{\"@type\":\"WebPage\",\"@id\":\"https:\\\/\\\/shop.bantam.ch\\\/fr\\\/produit\\\/cales-de-protection-pour-tentes-kampa\\\/\",\"url\":\"https:\\\/\\\/shop.bantam.ch\\\/fr\\\/produit\\\/cales-de-protection-pour-tentes-kampa\\\/\",\"name\":\"Cales de protection pour tentes Kampa - Bantam Wankm\u00fcller SA\",\"isPartOf\":{\"@id\":\"https:\\\/\\\/shop.bantam.ch\\\/fr\\\/#website\"},\"primaryImageOfPage\":{\"@id\":\"https:\\\/\\\/shop.bantam.ch\\\/fr\\\/produit\\\/cales-de-protection-pour-tentes-kampa\\\/#primaryimage\"},\"image\":{\"@id\":\"https:\\\/\\\/shop.bantam.ch\\\/fr\\\/produit\\\/cales-de-protection-pour-tentes-kampa\\\/#primaryimage\"},\"thumbnailUrl\":\"https:\\\/\\\/shop.bantam.ch\\\/wp-content\\\/uploads\\\/2025\\\/03\\\/Kampa_PackingPads_1_1.jpg\",\"datePublished\":\"2025-03-11T09:21:36+00:00\",\"dateModified\":\"2026-04-18T21:20:29+00:00\",\"breadcrumb\":{\"@id\":\"https:\\\/\\\/shop.bantam.ch\\\/fr\\\/produit\\\/cales-de-protection-pour-tentes-kampa\\\/#breadcrumb\"},\"inLanguage\":\"fr-FR\",\"potentialAction\":[{\"@type\":\"ReadAction\",\"target\":[\"https:\\\/\\\/shop.bantam.ch\\\/fr\\\/produit\\\/cales-de-protection-pour-tentes-kampa\\\/\"]}]},{\"@type\":\"ImageObject\",\"inLanguage\":\"fr-FR\",\"@id\":\"https:\\\/\\\/shop.bantam.ch\\\/fr\\\/produit\\\/cales-de-protection-pour-tentes-kampa\\\/#primaryimage\",\"url\":\"https:\\\/\\\/shop.bantam.ch\\\/wp-content\\\/uploads\\\/2025\\\/03\\\/Kampa_PackingPads_1_1.jpg\",\"contentUrl\":\"https:\\\/\\\/shop.bantam.ch\\\/wp-content\\\/uploads\\\/2025\\\/03\\\/Kampa_PackingPads_1_1.jpg\",\"width\":200,\"height\":200},{\"@type\":\"BreadcrumbList\",\"@id\":\"https:\\\/\\\/shop.bantam.ch\\\/fr\\\/produit\\\/cales-de-protection-pour-tentes-kampa\\\/#breadcrumb\",\"itemListElement\":[{\"@type\":\"ListItem\",\"position\":1,\"name\":\"Accueil\",\"item\":\"https:\\\/\\\/shop.bantam.ch\\\/fr\\\/\"},{\"@type\":\"ListItem\",\"position\":2,\"name\":\"Boutique\",\"item\":\"https:\\\/\\\/shop.bantam.ch\\\/fr\\\/boutique\\\/\"},{\"@type\":\"ListItem\",\"position\":3,\"name\":\"Cales de protection pour tentes Kampa\"}]},{\"@type\":\"WebSite\",\"@id\":\"https:\\\/\\\/shop.bantam.ch\\\/fr\\\/#website\",\"url\":\"https:\\\/\\\/shop.bantam.ch\\\/fr\\\/\",\"name\":\"Bantam Wankm\u00fcller SA\",\"description\":\"\",\"publisher\":{\"@id\":\"https:\\\/\\\/shop.bantam.ch\\\/fr\\\/#organization\"},\"inLanguage\":\"fr-FR\"},{\"@type\":\"Organization\",\"@id\":\"https:\\\/\\\/shop.bantam.ch\\\/fr\\\/#organization\",\"name\":\"Bantam Wankm\u00fcller SA\",\"url\":\"https:\\\/\\\/shop.bantam.ch\\\/fr\\\/\",\"logo\":{\"@type\":\"ImageObject\",\"inLanguage\":\"fr-FR\",\"@id\":\"https:\\\/\\\/shop.bantam.ch\\\/fr\\\/#\\\/schema\\\/logo\\\/image\\\/\",\"url\":\"https:\\\/\\\/shop.bantam.ch\\\/wp-content\\\/uploads\\\/2022\\\/12\\\/bantam-logo.png\",\"contentUrl\":\"https:\\\/\\\/shop.bantam.ch\\\/wp-content\\\/uploads\\\/2022\\\/12\\\/bantam-logo.png\",\"width\":320,\"height\":71,\"caption\":\"Bantam Wankm\u00fcller SA\"},\"image\":{\"@id\":\"https:\\\/\\\/shop.bantam.ch\\\/fr\\\/#\\\/schema\\\/logo\\\/image\\\/\"}}]}<\/script>\n<!-- \/ Yoast SEO plugin. -->","yoast_head_json":{"title":"Cales de protection pour tentes Kampa - Bantam Wankm\u00fcller SA","robots":{"index":"index","follow":"follow","max-snippet":"max-snippet:-1","max-image-preview":"max-image-preview:large","max-video-preview":"max-video-preview:-1"},"canonical":"https:\/\/shop.bantam.ch\/fr\/produit\/cales-de-protection-pour-tentes-kampa\/","og_locale":"fr_FR","og_type":"article","og_title":"Cales de protection pour tentes Kampa - Bantam Wankm\u00fcller SA","og_description":"Accessoires de montage pour auvents. Pour am\u00e9liorer l\u2019inclinaison du toit, vous pouvez ins\u00e9rer ces coussins entre la paroi du v\u00e9hicule et les supports gonflables de votre auvent. Id\u00e9al pour une utilisation sur les v\u00e9hicules \u00e9quip\u00e9s d\u2019un rail de store saillant ou d\u2019un store cassette. Caract\u00e9ristiques : Installation simple. Compatible avec la plupart des v\u00e9hicules. Structure [&hellip;]","og_url":"https:\/\/shop.bantam.ch\/fr\/produit\/cales-de-protection-pour-tentes-kampa\/","og_site_name":"Bantam Wankm\u00fcller SA","article_modified_time":"2026-04-18T21:20:29+00:00","og_image":[{"width":200,"height":200,"url":"https:\/\/shop.bantam.ch\/wp-content\/uploads\/2025\/03\/Kampa_PackingPads_1_1.jpg","type":"image\/jpeg"}],"twitter_card":"summary_large_image","schema":{"@context":"https:\/\/schema.org","@graph":[{"@type":"WebPage","@id":"https:\/\/shop.bantam.ch\/fr\/produit\/cales-de-protection-pour-tentes-kampa\/","url":"https:\/\/shop.bantam.ch\/fr\/produit\/cales-de-protection-pour-tentes-kampa\/","name":"Cales de protection pour tentes Kampa - Bantam Wankm\u00fcller SA","isPartOf":{"@id":"https:\/\/shop.bantam.ch\/fr\/#website"},"primaryImageOfPage":{"@id":"https:\/\/shop.bantam.ch\/fr\/produit\/cales-de-protection-pour-tentes-kampa\/#primaryimage"},"image":{"@id":"https:\/\/shop.bantam.ch\/fr\/produit\/cales-de-protection-pour-tentes-kampa\/#primaryimage"},"thumbnailUrl":"https:\/\/shop.bantam.ch\/wp-content\/uploads\/2025\/03\/Kampa_PackingPads_1_1.jpg","datePublished":"2025-03-11T09:21:36+00:00","dateModified":"2026-04-18T21:20:29+00:00","breadcrumb":{"@id":"https:\/\/shop.bantam.ch\/fr\/produit\/cales-de-protection-pour-tentes-kampa\/#breadcrumb"},"inLanguage":"fr-FR","potentialAction":[{"@type":"ReadAction","target":["https:\/\/shop.bantam.ch\/fr\/produit\/cales-de-protection-pour-tentes-kampa\/"]}]},{"@type":"ImageObject","inLanguage":"fr-FR","@id":"https:\/\/shop.bantam.ch\/fr\/produit\/cales-de-protection-pour-tentes-kampa\/#primaryimage","url":"https:\/\/shop.bantam.ch\/wp-content\/uploads\/2025\/03\/Kampa_PackingPads_1_1.jpg","contentUrl":"https:\/\/shop.bantam.ch\/wp-content\/uploads\/2025\/03\/Kampa_PackingPads_1_1.jpg","width":200,"height":200},{"@type":"BreadcrumbList","@id":"https:\/\/shop.bantam.ch\/fr\/produit\/cales-de-protection-pour-tentes-kampa\/#breadcrumb","itemListElement":[{"@type":"ListItem","position":1,"name":"Accueil","item":"https:\/\/shop.bantam.ch\/fr\/"},{"@type":"ListItem","position":2,"name":"Boutique","item":"https:\/\/shop.bantam.ch\/fr\/boutique\/"},{"@type":"ListItem","position":3,"name":"Cales de protection pour tentes Kampa"}]},{"@type":"WebSite","@id":"https:\/\/shop.bantam.ch\/fr\/#website","url":"https:\/\/shop.bantam.ch\/fr\/","name":"Bantam Wankm\u00fcller SA","description":"","publisher":{"@id":"https:\/\/shop.bantam.ch\/fr\/#organization"},"inLanguage":"fr-FR"},{"@type":"Organization","@id":"https:\/\/shop.bantam.ch\/fr\/#organization","name":"Bantam Wankm\u00fcller SA","url":"https:\/\/shop.bantam.ch\/fr\/","logo":{"@type":"ImageObject","inLanguage":"fr-FR","@id":"https:\/\/shop.bantam.ch\/fr\/#\/schema\/logo\/image\/","url":"https:\/\/shop.bantam.ch\/wp-content\/uploads\/2022\/12\/bantam-logo.png","contentUrl":"https:\/\/shop.bantam.ch\/wp-content\/uploads\/2022\/12\/bantam-logo.png","width":320,"height":71,"caption":"Bantam Wankm\u00fcller SA"},"image":{"@id":"https:\/\/shop.bantam.ch\/fr\/#\/schema\/logo\/image\/"}}]}},"_links":{"self":[{"href":"https:\/\/shop.bantam.ch\/fr\/wp-json\/wp\/v2\/product\/210326","targetHints":{"allow":["GET"]}}],"collection":[{"href":"https:\/\/shop.bantam.ch\/fr\/wp-json\/wp\/v2\/product"}],"about":[{"href":"https:\/\/shop.bantam.ch\/fr\/wp-json\/wp\/v2\/types\/product"}],"wp:featuredmedia":[{"embeddable":true,"href":"https:\/\/shop.bantam.ch\/fr\/wp-json\/wp\/v2\/media\/210328"}],"wp:attachment":[{"href":"https:\/\/shop.bantam.ch\/fr\/wp-json\/wp\/v2\/media?parent=210326"}],"wp:term":[{"taxonomy":"product_featured_cat","embeddable":true,"href":"https:\/\/shop.bantam.ch\/fr\/wp-json\/wp\/v2\/product_featured_cat?post=210326"},{"taxonomy":"product_brand","embeddable":true,"href":"https:\/\/shop.bantam.ch\/fr\/wp-json\/wp\/v2\/product_brand?post=210326"},{"taxonomy":"product_cat","embeddable":true,"href":"https:\/\/shop.bantam.ch\/fr\/wp-json\/wp\/v2\/product_cat?post=210326"},{"taxonomy":"product_tag","embeddable":true,"href":"https:\/\/shop.bantam.ch\/fr\/wp-json\/wp\/v2\/product_tag?post=210326"}],"curies":[{"name":"wp","href":"https:\/\/api.w.org\/{rel}","templated":true}]}}