{"id":210219,"date":"2025-03-07T11:23:27","date_gmt":"2025-03-07T10:23:27","guid":{"rendered":"https:\/\/shop.bantam.ch\/produit\/couplage-rapide-gaz\/"},"modified":"2026-04-18T23:20:16","modified_gmt":"2026-04-18T21:20:16","slug":"couplage-rapide-gaz","status":"publish","type":"product","link":"https:\/\/shop.bantam.ch\/fr\/produit\/couplage-rapide-gaz\/","title":{"rendered":"Couplage Rapide gaz"},"content":{"rendered":"<p>Cette pi\u00e8ce de couplage est dot\u00e9e d&rsquo;un syst\u00e8me de couplage rapide et s\u00fbr permettant de fixer et de d\u00e9connecter facilement un tuyau de gaz \u00e0 un barbecue. Le raccord convient aux tuyaux de 8 mm ou de 1\/4 \u00a0\u00bb filetage \u00e0 gauche (1\/4\u00a0\u00bb LH BSP) de diam\u00e8tre et poss\u00e8de une valve auto-\u00e9tanche pour une utilisation sans fuite. La fonctionnalit\u00e9 pratique \u00a0\u00bb pousser et tirer \u00a0\u00bb permet des connexions sans probl\u00e8me. Compos\u00e9 de : 1 x Raccordement rapide. Dimensions du produit : 17mm (0,7\u00a0\u00bb) L x 17mm (0,7\u00a0\u00bb) l x 70mm (2,8\u00a0\u00bb) H. Poids : 50g (1,8oz)<\/p>\n","protected":false},"excerpt":{"rendered":"<p>Cette pi\u00e8ce de couplage est dot\u00e9e d&rsquo;un syst\u00e8me de couplage rapide et s\u00fbr permettant de fixer et de d\u00e9connecter facilement un tuyau de gaz \u00e0 un barbecue. Le raccord convient aux tuyaux de 8 mm ou de 1\/4 \u00a0\u00bb filetage \u00e0 gauche (1\/4\u00a0\u00bb LH BSP) de diam\u00e8tre et poss\u00e8de une valve auto-\u00e9tanche pour une utilisation [&hellip;]<\/p>\n","protected":false},"featured_media":210215,"template":"","meta":{"_acf_changed":false},"product_featured_cat":[],"product_brand":[3668],"product_cat":[4485],"product_tag":[],"class_list":{"0":"post-210219","1":"product","2":"type-product","3":"status-publish","4":"has-post-thumbnail","6":"product_brand-cadac","7":"product_cat-accessoires-pour-bouteilles-et-cartouches-de-gaz","9":"first","10":"instock","11":"taxable","12":"shipping-taxable","13":"purchasable","14":"product-type-simple"},"acf":[],"yoast_head":"<!-- This site is optimized with the Yoast SEO plugin v27.4 - https:\/\/yoast.com\/product\/yoast-seo-wordpress\/ -->\n<title>Couplage Rapide gaz - Bantam Wankm\u00fcller SA<\/title>\n<meta name=\"robots\" content=\"index, follow, max-snippet:-1, max-image-preview:large, max-video-preview:-1\" \/>\n<link rel=\"canonical\" href=\"https:\/\/shop.bantam.ch\/fr\/produit\/couplage-rapide-gaz\/\" \/>\n<meta property=\"og:locale\" content=\"fr_FR\" \/>\n<meta property=\"og:type\" content=\"article\" \/>\n<meta property=\"og:title\" content=\"Couplage Rapide gaz - Bantam Wankm\u00fcller SA\" \/>\n<meta property=\"og:description\" content=\"Cette pi\u00e8ce de couplage est dot\u00e9e d&rsquo;un syst\u00e8me de couplage rapide et s\u00fbr permettant de fixer et de d\u00e9connecter facilement un tuyau de gaz \u00e0 un barbecue. Le raccord convient aux tuyaux de 8 mm ou de 1\/4 \u00a0\u00bb filetage \u00e0 gauche (1\/4\u00a0\u00bb LH BSP) de diam\u00e8tre et poss\u00e8de une valve auto-\u00e9tanche pour une utilisation [&hellip;]\" \/>\n<meta property=\"og:url\" content=\"https:\/\/shop.bantam.ch\/fr\/produit\/couplage-rapide-gaz\/\" \/>\n<meta property=\"og:site_name\" content=\"Bantam Wankm\u00fcller SA\" \/>\n<meta property=\"article:modified_time\" content=\"2026-04-18T21:20:16+00:00\" \/>\n<meta property=\"og:image\" content=\"https:\/\/shop.bantam.ch\/wp-content\/uploads\/2025\/03\/338-DE_Quick_Release_Coupling_1.jpg\" \/>\n\t<meta property=\"og:image:width\" content=\"800\" \/>\n\t<meta property=\"og:image:height\" content=\"533\" \/>\n\t<meta property=\"og:image:type\" content=\"image\/jpeg\" \/>\n<meta name=\"twitter:card\" content=\"summary_large_image\" \/>\n<script type=\"application\/ld+json\" class=\"yoast-schema-graph\">{\"@context\":\"https:\\\/\\\/schema.org\",\"@graph\":[{\"@type\":\"WebPage\",\"@id\":\"https:\\\/\\\/shop.bantam.ch\\\/fr\\\/produit\\\/couplage-rapide-gaz\\\/\",\"url\":\"https:\\\/\\\/shop.bantam.ch\\\/fr\\\/produit\\\/couplage-rapide-gaz\\\/\",\"name\":\"Couplage Rapide gaz - Bantam Wankm\u00fcller SA\",\"isPartOf\":{\"@id\":\"https:\\\/\\\/shop.bantam.ch\\\/fr\\\/#website\"},\"primaryImageOfPage\":{\"@id\":\"https:\\\/\\\/shop.bantam.ch\\\/fr\\\/produit\\\/couplage-rapide-gaz\\\/#primaryimage\"},\"image\":{\"@id\":\"https:\\\/\\\/shop.bantam.ch\\\/fr\\\/produit\\\/couplage-rapide-gaz\\\/#primaryimage\"},\"thumbnailUrl\":\"https:\\\/\\\/shop.bantam.ch\\\/wp-content\\\/uploads\\\/2025\\\/03\\\/338-DE_Quick_Release_Coupling_1.jpg\",\"datePublished\":\"2025-03-07T10:23:27+00:00\",\"dateModified\":\"2026-04-18T21:20:16+00:00\",\"breadcrumb\":{\"@id\":\"https:\\\/\\\/shop.bantam.ch\\\/fr\\\/produit\\\/couplage-rapide-gaz\\\/#breadcrumb\"},\"inLanguage\":\"fr-FR\",\"potentialAction\":[{\"@type\":\"ReadAction\",\"target\":[\"https:\\\/\\\/shop.bantam.ch\\\/fr\\\/produit\\\/couplage-rapide-gaz\\\/\"]}]},{\"@type\":\"ImageObject\",\"inLanguage\":\"fr-FR\",\"@id\":\"https:\\\/\\\/shop.bantam.ch\\\/fr\\\/produit\\\/couplage-rapide-gaz\\\/#primaryimage\",\"url\":\"https:\\\/\\\/shop.bantam.ch\\\/wp-content\\\/uploads\\\/2025\\\/03\\\/338-DE_Quick_Release_Coupling_1.jpg\",\"contentUrl\":\"https:\\\/\\\/shop.bantam.ch\\\/wp-content\\\/uploads\\\/2025\\\/03\\\/338-DE_Quick_Release_Coupling_1.jpg\",\"width\":800,\"height\":533},{\"@type\":\"BreadcrumbList\",\"@id\":\"https:\\\/\\\/shop.bantam.ch\\\/fr\\\/produit\\\/couplage-rapide-gaz\\\/#breadcrumb\",\"itemListElement\":[{\"@type\":\"ListItem\",\"position\":1,\"name\":\"Accueil\",\"item\":\"https:\\\/\\\/shop.bantam.ch\\\/fr\\\/\"},{\"@type\":\"ListItem\",\"position\":2,\"name\":\"Boutique\",\"item\":\"https:\\\/\\\/shop.bantam.ch\\\/fr\\\/boutique\\\/\"},{\"@type\":\"ListItem\",\"position\":3,\"name\":\"Couplage Rapide gaz\"}]},{\"@type\":\"WebSite\",\"@id\":\"https:\\\/\\\/shop.bantam.ch\\\/fr\\\/#website\",\"url\":\"https:\\\/\\\/shop.bantam.ch\\\/fr\\\/\",\"name\":\"Bantam Wankm\u00fcller SA\",\"description\":\"\",\"publisher\":{\"@id\":\"https:\\\/\\\/shop.bantam.ch\\\/fr\\\/#organization\"},\"inLanguage\":\"fr-FR\"},{\"@type\":\"Organization\",\"@id\":\"https:\\\/\\\/shop.bantam.ch\\\/fr\\\/#organization\",\"name\":\"Bantam Wankm\u00fcller SA\",\"url\":\"https:\\\/\\\/shop.bantam.ch\\\/fr\\\/\",\"logo\":{\"@type\":\"ImageObject\",\"inLanguage\":\"fr-FR\",\"@id\":\"https:\\\/\\\/shop.bantam.ch\\\/fr\\\/#\\\/schema\\\/logo\\\/image\\\/\",\"url\":\"https:\\\/\\\/shop.bantam.ch\\\/wp-content\\\/uploads\\\/2022\\\/12\\\/bantam-logo.png\",\"contentUrl\":\"https:\\\/\\\/shop.bantam.ch\\\/wp-content\\\/uploads\\\/2022\\\/12\\\/bantam-logo.png\",\"width\":320,\"height\":71,\"caption\":\"Bantam Wankm\u00fcller SA\"},\"image\":{\"@id\":\"https:\\\/\\\/shop.bantam.ch\\\/fr\\\/#\\\/schema\\\/logo\\\/image\\\/\"}}]}<\/script>\n<!-- \/ Yoast SEO plugin. -->","yoast_head_json":{"title":"Couplage Rapide gaz - Bantam Wankm\u00fcller SA","robots":{"index":"index","follow":"follow","max-snippet":"max-snippet:-1","max-image-preview":"max-image-preview:large","max-video-preview":"max-video-preview:-1"},"canonical":"https:\/\/shop.bantam.ch\/fr\/produit\/couplage-rapide-gaz\/","og_locale":"fr_FR","og_type":"article","og_title":"Couplage Rapide gaz - Bantam Wankm\u00fcller SA","og_description":"Cette pi\u00e8ce de couplage est dot\u00e9e d&rsquo;un syst\u00e8me de couplage rapide et s\u00fbr permettant de fixer et de d\u00e9connecter facilement un tuyau de gaz \u00e0 un barbecue. Le raccord convient aux tuyaux de 8 mm ou de 1\/4 \u00a0\u00bb filetage \u00e0 gauche (1\/4\u00a0\u00bb LH BSP) de diam\u00e8tre et poss\u00e8de une valve auto-\u00e9tanche pour une utilisation [&hellip;]","og_url":"https:\/\/shop.bantam.ch\/fr\/produit\/couplage-rapide-gaz\/","og_site_name":"Bantam Wankm\u00fcller SA","article_modified_time":"2026-04-18T21:20:16+00:00","og_image":[{"width":800,"height":533,"url":"https:\/\/shop.bantam.ch\/wp-content\/uploads\/2025\/03\/338-DE_Quick_Release_Coupling_1.jpg","type":"image\/jpeg"}],"twitter_card":"summary_large_image","schema":{"@context":"https:\/\/schema.org","@graph":[{"@type":"WebPage","@id":"https:\/\/shop.bantam.ch\/fr\/produit\/couplage-rapide-gaz\/","url":"https:\/\/shop.bantam.ch\/fr\/produit\/couplage-rapide-gaz\/","name":"Couplage Rapide gaz - Bantam Wankm\u00fcller SA","isPartOf":{"@id":"https:\/\/shop.bantam.ch\/fr\/#website"},"primaryImageOfPage":{"@id":"https:\/\/shop.bantam.ch\/fr\/produit\/couplage-rapide-gaz\/#primaryimage"},"image":{"@id":"https:\/\/shop.bantam.ch\/fr\/produit\/couplage-rapide-gaz\/#primaryimage"},"thumbnailUrl":"https:\/\/shop.bantam.ch\/wp-content\/uploads\/2025\/03\/338-DE_Quick_Release_Coupling_1.jpg","datePublished":"2025-03-07T10:23:27+00:00","dateModified":"2026-04-18T21:20:16+00:00","breadcrumb":{"@id":"https:\/\/shop.bantam.ch\/fr\/produit\/couplage-rapide-gaz\/#breadcrumb"},"inLanguage":"fr-FR","potentialAction":[{"@type":"ReadAction","target":["https:\/\/shop.bantam.ch\/fr\/produit\/couplage-rapide-gaz\/"]}]},{"@type":"ImageObject","inLanguage":"fr-FR","@id":"https:\/\/shop.bantam.ch\/fr\/produit\/couplage-rapide-gaz\/#primaryimage","url":"https:\/\/shop.bantam.ch\/wp-content\/uploads\/2025\/03\/338-DE_Quick_Release_Coupling_1.jpg","contentUrl":"https:\/\/shop.bantam.ch\/wp-content\/uploads\/2025\/03\/338-DE_Quick_Release_Coupling_1.jpg","width":800,"height":533},{"@type":"BreadcrumbList","@id":"https:\/\/shop.bantam.ch\/fr\/produit\/couplage-rapide-gaz\/#breadcrumb","itemListElement":[{"@type":"ListItem","position":1,"name":"Accueil","item":"https:\/\/shop.bantam.ch\/fr\/"},{"@type":"ListItem","position":2,"name":"Boutique","item":"https:\/\/shop.bantam.ch\/fr\/boutique\/"},{"@type":"ListItem","position":3,"name":"Couplage Rapide gaz"}]},{"@type":"WebSite","@id":"https:\/\/shop.bantam.ch\/fr\/#website","url":"https:\/\/shop.bantam.ch\/fr\/","name":"Bantam Wankm\u00fcller SA","description":"","publisher":{"@id":"https:\/\/shop.bantam.ch\/fr\/#organization"},"inLanguage":"fr-FR"},{"@type":"Organization","@id":"https:\/\/shop.bantam.ch\/fr\/#organization","name":"Bantam Wankm\u00fcller SA","url":"https:\/\/shop.bantam.ch\/fr\/","logo":{"@type":"ImageObject","inLanguage":"fr-FR","@id":"https:\/\/shop.bantam.ch\/fr\/#\/schema\/logo\/image\/","url":"https:\/\/shop.bantam.ch\/wp-content\/uploads\/2022\/12\/bantam-logo.png","contentUrl":"https:\/\/shop.bantam.ch\/wp-content\/uploads\/2022\/12\/bantam-logo.png","width":320,"height":71,"caption":"Bantam Wankm\u00fcller SA"},"image":{"@id":"https:\/\/shop.bantam.ch\/fr\/#\/schema\/logo\/image\/"}}]}},"_links":{"self":[{"href":"https:\/\/shop.bantam.ch\/fr\/wp-json\/wp\/v2\/product\/210219","targetHints":{"allow":["GET"]}}],"collection":[{"href":"https:\/\/shop.bantam.ch\/fr\/wp-json\/wp\/v2\/product"}],"about":[{"href":"https:\/\/shop.bantam.ch\/fr\/wp-json\/wp\/v2\/types\/product"}],"wp:featuredmedia":[{"embeddable":true,"href":"https:\/\/shop.bantam.ch\/fr\/wp-json\/wp\/v2\/media\/210215"}],"wp:attachment":[{"href":"https:\/\/shop.bantam.ch\/fr\/wp-json\/wp\/v2\/media?parent=210219"}],"wp:term":[{"taxonomy":"product_featured_cat","embeddable":true,"href":"https:\/\/shop.bantam.ch\/fr\/wp-json\/wp\/v2\/product_featured_cat?post=210219"},{"taxonomy":"product_brand","embeddable":true,"href":"https:\/\/shop.bantam.ch\/fr\/wp-json\/wp\/v2\/product_brand?post=210219"},{"taxonomy":"product_cat","embeddable":true,"href":"https:\/\/shop.bantam.ch\/fr\/wp-json\/wp\/v2\/product_cat?post=210219"},{"taxonomy":"product_tag","embeddable":true,"href":"https:\/\/shop.bantam.ch\/fr\/wp-json\/wp\/v2\/product_tag?post=210219"}],"curies":[{"name":"wp","href":"https:\/\/api.w.org\/{rel}","templated":true}]}}