{"id":210213,"date":"2025-03-07T11:15:18","date_gmt":"2025-03-07T10:15:18","guid":{"rendered":"https:\/\/shop.bantam.ch\/produit\/fumoir-23x9x4cm\/"},"modified":"2026-04-18T23:20:15","modified_gmt":"2026-04-18T21:20:15","slug":"fumoir-23x9x4cm","status":"publish","type":"product","link":"https:\/\/shop.bantam.ch\/fr\/produit\/fumoir-23x9x4cm\/","title":{"rendered":"Fumoir 23x9x4cm"},"content":{"rendered":"<p>Ajoutez de la saveur \u00e0 vos viandes, poissons et l\u00e9gumes gr\u00e2ce \u00e0 cet \u00e9l\u00e9gant fumoir en acier inoxydable estampill\u00e9 CADAC. Con\u00e7u de fa\u00e7on \u00e0 n\u2019accueillir que la quantit\u00e9 de copeaux de bois n\u00e9cessaire, il permet une combustion lente de fa\u00e7on \u00e0 cr\u00e9er une fum\u00e9e de qualit\u00e9 qui saura apporter la saveur escompt\u00e9e \u00e0 votre plat au barbecue. Fabriqu\u00e9 en acier inoxydable, ce fumoir est facile \u00e0 nettoyer. Comment utiliser le fumoir ? Trempez les copeaux de bois dans l\u2019eau et \u00e9gouttez-les avant de les placer dans le fumoir (v\u00e9rifiez les indications d\u2019utilisation sur l\u2019emballage des copeaux afin de ne pas avoir des copeaux trop mouill\u00e9s qui au lieu d\u2019enclencher un processus de fumage d\u00e9gageraient de la vapeur d\u2019eau). Placez ensuite le fumoir directement sur la grille du barbecue et fermez le couvercle afin que le de fumage puisse commencer ! Quels copeaux de bois utiliser ? Vous pouvez opter pour diff\u00e9rentes sortes de copeaux (ex : bois de pommier, de cerisier, de h\u00eatre, de ch\u00eane\u2026). Chaque type de bois apportera son propre ar\u00f4me. Tout est possible, le choix se fera donc en fonction des go\u00fbts de chacun et du r\u00e9sultat souhait\u00e9. Fumoir \u00e9l\u00e9gant<br \/>\nEn acier inoxydable estampill\u00e9 CADAC. Pour les barbecues au charbon de bois et au gaz. Ne convient pas pour le E Braai. Dimensions: 23x9x4cm<\/p>\n","protected":false},"excerpt":{"rendered":"<p>Ajoutez de la saveur \u00e0 vos viandes, poissons et l\u00e9gumes gr\u00e2ce \u00e0 cet \u00e9l\u00e9gant fumoir en acier inoxydable estampill\u00e9 CADAC. Con\u00e7u de fa\u00e7on \u00e0 n\u2019accueillir que la quantit\u00e9 de copeaux de bois n\u00e9cessaire, il permet une combustion lente de fa\u00e7on \u00e0 cr\u00e9er une fum\u00e9e de qualit\u00e9 qui saura apporter la saveur escompt\u00e9e \u00e0 votre plat [&hellip;]<\/p>\n","protected":false},"featured_media":210205,"template":"","meta":{"_acf_changed":false},"product_featured_cat":[],"product_brand":[3668],"product_cat":[4339],"product_tag":[],"class_list":{"0":"post-210213","1":"product","2":"type-product","3":"status-publish","4":"has-post-thumbnail","6":"product_brand-cadac","7":"product_cat-accessoires-pour-barbecue","9":"first","10":"instock","11":"taxable","12":"shipping-taxable","13":"purchasable","14":"product-type-simple"},"acf":[],"yoast_head":"<!-- This site is optimized with the Yoast SEO plugin v27.4 - https:\/\/yoast.com\/product\/yoast-seo-wordpress\/ -->\n<title>Fumoir 23x9x4cm - Bantam Wankm\u00fcller SA<\/title>\n<meta name=\"robots\" content=\"index, follow, max-snippet:-1, max-image-preview:large, max-video-preview:-1\" \/>\n<link rel=\"canonical\" href=\"https:\/\/shop.bantam.ch\/fr\/produit\/fumoir-23x9x4cm\/\" \/>\n<meta property=\"og:locale\" content=\"fr_FR\" \/>\n<meta property=\"og:type\" content=\"article\" \/>\n<meta property=\"og:title\" content=\"Fumoir 23x9x4cm - Bantam Wankm\u00fcller SA\" \/>\n<meta property=\"og:description\" content=\"Ajoutez de la saveur \u00e0 vos viandes, poissons et l\u00e9gumes gr\u00e2ce \u00e0 cet \u00e9l\u00e9gant fumoir en acier inoxydable estampill\u00e9 CADAC. Con\u00e7u de fa\u00e7on \u00e0 n\u2019accueillir que la quantit\u00e9 de copeaux de bois n\u00e9cessaire, il permet une combustion lente de fa\u00e7on \u00e0 cr\u00e9er une fum\u00e9e de qualit\u00e9 qui saura apporter la saveur escompt\u00e9e \u00e0 votre plat [&hellip;]\" \/>\n<meta property=\"og:url\" content=\"https:\/\/shop.bantam.ch\/fr\/produit\/fumoir-23x9x4cm\/\" \/>\n<meta property=\"og:site_name\" content=\"Bantam Wankm\u00fcller SA\" \/>\n<meta property=\"article:modified_time\" content=\"2026-04-18T21:20:15+00:00\" \/>\n<meta property=\"og:image\" content=\"https:\/\/shop.bantam.ch\/wp-content\/uploads\/2025\/03\/98312V_Smoker_Box.jpg\" \/>\n\t<meta property=\"og:image:width\" content=\"800\" \/>\n\t<meta property=\"og:image:height\" content=\"480\" \/>\n\t<meta property=\"og:image:type\" content=\"image\/jpeg\" \/>\n<meta name=\"twitter:card\" content=\"summary_large_image\" \/>\n<meta name=\"twitter:label1\" content=\"Dur\u00e9e de lecture estim\u00e9e\" \/>\n\t<meta name=\"twitter:data1\" content=\"1 minute\" \/>\n<script type=\"application\/ld+json\" class=\"yoast-schema-graph\">{\"@context\":\"https:\\\/\\\/schema.org\",\"@graph\":[{\"@type\":\"WebPage\",\"@id\":\"https:\\\/\\\/shop.bantam.ch\\\/fr\\\/produit\\\/fumoir-23x9x4cm\\\/\",\"url\":\"https:\\\/\\\/shop.bantam.ch\\\/fr\\\/produit\\\/fumoir-23x9x4cm\\\/\",\"name\":\"Fumoir 23x9x4cm - Bantam Wankm\u00fcller SA\",\"isPartOf\":{\"@id\":\"https:\\\/\\\/shop.bantam.ch\\\/fr\\\/#website\"},\"primaryImageOfPage\":{\"@id\":\"https:\\\/\\\/shop.bantam.ch\\\/fr\\\/produit\\\/fumoir-23x9x4cm\\\/#primaryimage\"},\"image\":{\"@id\":\"https:\\\/\\\/shop.bantam.ch\\\/fr\\\/produit\\\/fumoir-23x9x4cm\\\/#primaryimage\"},\"thumbnailUrl\":\"https:\\\/\\\/shop.bantam.ch\\\/wp-content\\\/uploads\\\/2025\\\/03\\\/98312V_Smoker_Box.jpg\",\"datePublished\":\"2025-03-07T10:15:18+00:00\",\"dateModified\":\"2026-04-18T21:20:15+00:00\",\"breadcrumb\":{\"@id\":\"https:\\\/\\\/shop.bantam.ch\\\/fr\\\/produit\\\/fumoir-23x9x4cm\\\/#breadcrumb\"},\"inLanguage\":\"fr-FR\",\"potentialAction\":[{\"@type\":\"ReadAction\",\"target\":[\"https:\\\/\\\/shop.bantam.ch\\\/fr\\\/produit\\\/fumoir-23x9x4cm\\\/\"]}]},{\"@type\":\"ImageObject\",\"inLanguage\":\"fr-FR\",\"@id\":\"https:\\\/\\\/shop.bantam.ch\\\/fr\\\/produit\\\/fumoir-23x9x4cm\\\/#primaryimage\",\"url\":\"https:\\\/\\\/shop.bantam.ch\\\/wp-content\\\/uploads\\\/2025\\\/03\\\/98312V_Smoker_Box.jpg\",\"contentUrl\":\"https:\\\/\\\/shop.bantam.ch\\\/wp-content\\\/uploads\\\/2025\\\/03\\\/98312V_Smoker_Box.jpg\",\"width\":800,\"height\":480},{\"@type\":\"BreadcrumbList\",\"@id\":\"https:\\\/\\\/shop.bantam.ch\\\/fr\\\/produit\\\/fumoir-23x9x4cm\\\/#breadcrumb\",\"itemListElement\":[{\"@type\":\"ListItem\",\"position\":1,\"name\":\"Accueil\",\"item\":\"https:\\\/\\\/shop.bantam.ch\\\/fr\\\/\"},{\"@type\":\"ListItem\",\"position\":2,\"name\":\"Boutique\",\"item\":\"https:\\\/\\\/shop.bantam.ch\\\/fr\\\/boutique\\\/\"},{\"@type\":\"ListItem\",\"position\":3,\"name\":\"Fumoir 23x9x4cm\"}]},{\"@type\":\"WebSite\",\"@id\":\"https:\\\/\\\/shop.bantam.ch\\\/fr\\\/#website\",\"url\":\"https:\\\/\\\/shop.bantam.ch\\\/fr\\\/\",\"name\":\"Bantam Wankm\u00fcller SA\",\"description\":\"\",\"publisher\":{\"@id\":\"https:\\\/\\\/shop.bantam.ch\\\/fr\\\/#organization\"},\"inLanguage\":\"fr-FR\"},{\"@type\":\"Organization\",\"@id\":\"https:\\\/\\\/shop.bantam.ch\\\/fr\\\/#organization\",\"name\":\"Bantam Wankm\u00fcller SA\",\"url\":\"https:\\\/\\\/shop.bantam.ch\\\/fr\\\/\",\"logo\":{\"@type\":\"ImageObject\",\"inLanguage\":\"fr-FR\",\"@id\":\"https:\\\/\\\/shop.bantam.ch\\\/fr\\\/#\\\/schema\\\/logo\\\/image\\\/\",\"url\":\"https:\\\/\\\/shop.bantam.ch\\\/wp-content\\\/uploads\\\/2022\\\/12\\\/bantam-logo.png\",\"contentUrl\":\"https:\\\/\\\/shop.bantam.ch\\\/wp-content\\\/uploads\\\/2022\\\/12\\\/bantam-logo.png\",\"width\":320,\"height\":71,\"caption\":\"Bantam Wankm\u00fcller SA\"},\"image\":{\"@id\":\"https:\\\/\\\/shop.bantam.ch\\\/fr\\\/#\\\/schema\\\/logo\\\/image\\\/\"}}]}<\/script>\n<!-- \/ Yoast SEO plugin. -->","yoast_head_json":{"title":"Fumoir 23x9x4cm - Bantam Wankm\u00fcller SA","robots":{"index":"index","follow":"follow","max-snippet":"max-snippet:-1","max-image-preview":"max-image-preview:large","max-video-preview":"max-video-preview:-1"},"canonical":"https:\/\/shop.bantam.ch\/fr\/produit\/fumoir-23x9x4cm\/","og_locale":"fr_FR","og_type":"article","og_title":"Fumoir 23x9x4cm - Bantam Wankm\u00fcller SA","og_description":"Ajoutez de la saveur \u00e0 vos viandes, poissons et l\u00e9gumes gr\u00e2ce \u00e0 cet \u00e9l\u00e9gant fumoir en acier inoxydable estampill\u00e9 CADAC. Con\u00e7u de fa\u00e7on \u00e0 n\u2019accueillir que la quantit\u00e9 de copeaux de bois n\u00e9cessaire, il permet une combustion lente de fa\u00e7on \u00e0 cr\u00e9er une fum\u00e9e de qualit\u00e9 qui saura apporter la saveur escompt\u00e9e \u00e0 votre plat [&hellip;]","og_url":"https:\/\/shop.bantam.ch\/fr\/produit\/fumoir-23x9x4cm\/","og_site_name":"Bantam Wankm\u00fcller SA","article_modified_time":"2026-04-18T21:20:15+00:00","og_image":[{"width":800,"height":480,"url":"https:\/\/shop.bantam.ch\/wp-content\/uploads\/2025\/03\/98312V_Smoker_Box.jpg","type":"image\/jpeg"}],"twitter_card":"summary_large_image","twitter_misc":{"Dur\u00e9e de lecture estim\u00e9e":"1 minute"},"schema":{"@context":"https:\/\/schema.org","@graph":[{"@type":"WebPage","@id":"https:\/\/shop.bantam.ch\/fr\/produit\/fumoir-23x9x4cm\/","url":"https:\/\/shop.bantam.ch\/fr\/produit\/fumoir-23x9x4cm\/","name":"Fumoir 23x9x4cm - Bantam Wankm\u00fcller SA","isPartOf":{"@id":"https:\/\/shop.bantam.ch\/fr\/#website"},"primaryImageOfPage":{"@id":"https:\/\/shop.bantam.ch\/fr\/produit\/fumoir-23x9x4cm\/#primaryimage"},"image":{"@id":"https:\/\/shop.bantam.ch\/fr\/produit\/fumoir-23x9x4cm\/#primaryimage"},"thumbnailUrl":"https:\/\/shop.bantam.ch\/wp-content\/uploads\/2025\/03\/98312V_Smoker_Box.jpg","datePublished":"2025-03-07T10:15:18+00:00","dateModified":"2026-04-18T21:20:15+00:00","breadcrumb":{"@id":"https:\/\/shop.bantam.ch\/fr\/produit\/fumoir-23x9x4cm\/#breadcrumb"},"inLanguage":"fr-FR","potentialAction":[{"@type":"ReadAction","target":["https:\/\/shop.bantam.ch\/fr\/produit\/fumoir-23x9x4cm\/"]}]},{"@type":"ImageObject","inLanguage":"fr-FR","@id":"https:\/\/shop.bantam.ch\/fr\/produit\/fumoir-23x9x4cm\/#primaryimage","url":"https:\/\/shop.bantam.ch\/wp-content\/uploads\/2025\/03\/98312V_Smoker_Box.jpg","contentUrl":"https:\/\/shop.bantam.ch\/wp-content\/uploads\/2025\/03\/98312V_Smoker_Box.jpg","width":800,"height":480},{"@type":"BreadcrumbList","@id":"https:\/\/shop.bantam.ch\/fr\/produit\/fumoir-23x9x4cm\/#breadcrumb","itemListElement":[{"@type":"ListItem","position":1,"name":"Accueil","item":"https:\/\/shop.bantam.ch\/fr\/"},{"@type":"ListItem","position":2,"name":"Boutique","item":"https:\/\/shop.bantam.ch\/fr\/boutique\/"},{"@type":"ListItem","position":3,"name":"Fumoir 23x9x4cm"}]},{"@type":"WebSite","@id":"https:\/\/shop.bantam.ch\/fr\/#website","url":"https:\/\/shop.bantam.ch\/fr\/","name":"Bantam Wankm\u00fcller SA","description":"","publisher":{"@id":"https:\/\/shop.bantam.ch\/fr\/#organization"},"inLanguage":"fr-FR"},{"@type":"Organization","@id":"https:\/\/shop.bantam.ch\/fr\/#organization","name":"Bantam Wankm\u00fcller SA","url":"https:\/\/shop.bantam.ch\/fr\/","logo":{"@type":"ImageObject","inLanguage":"fr-FR","@id":"https:\/\/shop.bantam.ch\/fr\/#\/schema\/logo\/image\/","url":"https:\/\/shop.bantam.ch\/wp-content\/uploads\/2022\/12\/bantam-logo.png","contentUrl":"https:\/\/shop.bantam.ch\/wp-content\/uploads\/2022\/12\/bantam-logo.png","width":320,"height":71,"caption":"Bantam Wankm\u00fcller SA"},"image":{"@id":"https:\/\/shop.bantam.ch\/fr\/#\/schema\/logo\/image\/"}}]}},"_links":{"self":[{"href":"https:\/\/shop.bantam.ch\/fr\/wp-json\/wp\/v2\/product\/210213","targetHints":{"allow":["GET"]}}],"collection":[{"href":"https:\/\/shop.bantam.ch\/fr\/wp-json\/wp\/v2\/product"}],"about":[{"href":"https:\/\/shop.bantam.ch\/fr\/wp-json\/wp\/v2\/types\/product"}],"wp:featuredmedia":[{"embeddable":true,"href":"https:\/\/shop.bantam.ch\/fr\/wp-json\/wp\/v2\/media\/210205"}],"wp:attachment":[{"href":"https:\/\/shop.bantam.ch\/fr\/wp-json\/wp\/v2\/media?parent=210213"}],"wp:term":[{"taxonomy":"product_featured_cat","embeddable":true,"href":"https:\/\/shop.bantam.ch\/fr\/wp-json\/wp\/v2\/product_featured_cat?post=210213"},{"taxonomy":"product_brand","embeddable":true,"href":"https:\/\/shop.bantam.ch\/fr\/wp-json\/wp\/v2\/product_brand?post=210213"},{"taxonomy":"product_cat","embeddable":true,"href":"https:\/\/shop.bantam.ch\/fr\/wp-json\/wp\/v2\/product_cat?post=210213"},{"taxonomy":"product_tag","embeddable":true,"href":"https:\/\/shop.bantam.ch\/fr\/wp-json\/wp\/v2\/product_tag?post=210213"}],"curies":[{"name":"wp","href":"https:\/\/api.w.org\/{rel}","templated":true}]}}