{"id":210203,"date":"2025-03-07T11:07:18","date_gmt":"2025-03-07T10:07:18","guid":{"rendered":"https:\/\/shop.bantam.ch\/produit\/2-cook-plaque-nervuree\/"},"modified":"2026-04-17T23:17:01","modified_gmt":"2026-04-17T21:17:01","slug":"2-cook-plaque-nervuree","status":"publish","type":"product","link":"https:\/\/shop.bantam.ch\/fr\/produit\/2-cook-plaque-nervuree\/","title":{"rendered":"2 Cook Plaque nervur\u00e9e"},"content":{"rendered":"<p>Transformez n&rsquo;importe quel r\u00e9chaud en BBQ. Cette plaque de cuisson universelle, adapt\u00e9e \u00e0 tous types de r\u00e9chauds y compris le 2 Cook 3 de CADAC | Dometic, est dot\u00e9e du rev\u00eatement antiadh\u00e9sif GreenGrill de CADAC, un rev\u00eatement c\u00e9ramique enti\u00e8rement exempt de PFOA. Elle est fournit avec une poign\u00e9e amovible pour une installation ais\u00e9e sur le support de casserole de votre appareil. Les nervures de la plaque permettent quant \u00e0 elles de laisser des empreintes parfaites sur vos viandes, poissons et l\u00e9gumes. Incluant un sac pour un transport et un rangement s\u00e9curis\u00e9s, cette plaque de cuisson est id\u00e9ale pour vos d\u00e9placements et vacances. Dimensions : 25 x 27 cm. Poids : 0,9 kg<\/p>\n","protected":false},"excerpt":{"rendered":"<p>Transformez n&rsquo;importe quel r\u00e9chaud en BBQ. Cette plaque de cuisson universelle, adapt\u00e9e \u00e0 tous types de r\u00e9chauds y compris le 2 Cook 3 de CADAC | Dometic, est dot\u00e9e du rev\u00eatement antiadh\u00e9sif GreenGrill de CADAC, un rev\u00eatement c\u00e9ramique enti\u00e8rement exempt de PFOA. Elle est fournit avec une poign\u00e9e amovible pour une installation ais\u00e9e sur le [&hellip;]<\/p>\n","protected":false},"featured_media":210195,"template":"","meta":{"_acf_changed":false},"product_featured_cat":[],"product_brand":[3668],"product_cat":[4339],"product_tag":[],"class_list":{"0":"post-210203","1":"product","2":"type-product","3":"status-publish","4":"has-post-thumbnail","6":"product_brand-cadac","7":"product_cat-accessoires-pour-barbecue","9":"first","10":"instock","11":"taxable","12":"shipping-taxable","13":"purchasable","14":"product-type-simple"},"acf":[],"yoast_head":"<!-- This site is optimized with the Yoast SEO plugin v27.4 - https:\/\/yoast.com\/product\/yoast-seo-wordpress\/ -->\n<title>2 Cook Plaque nervur\u00e9e - Bantam Wankm\u00fcller SA<\/title>\n<meta name=\"robots\" content=\"index, follow, max-snippet:-1, max-image-preview:large, max-video-preview:-1\" \/>\n<link rel=\"canonical\" href=\"https:\/\/shop.bantam.ch\/fr\/produit\/2-cook-plaque-nervuree\/\" \/>\n<meta property=\"og:locale\" content=\"fr_FR\" \/>\n<meta property=\"og:type\" content=\"article\" \/>\n<meta property=\"og:title\" content=\"2 Cook Plaque nervur\u00e9e - Bantam Wankm\u00fcller SA\" \/>\n<meta property=\"og:description\" content=\"Transformez n&rsquo;importe quel r\u00e9chaud en BBQ. Cette plaque de cuisson universelle, adapt\u00e9e \u00e0 tous types de r\u00e9chauds y compris le 2 Cook 3 de CADAC | Dometic, est dot\u00e9e du rev\u00eatement antiadh\u00e9sif GreenGrill de CADAC, un rev\u00eatement c\u00e9ramique enti\u00e8rement exempt de PFOA. Elle est fournit avec une poign\u00e9e amovible pour une installation ais\u00e9e sur le [&hellip;]\" \/>\n<meta property=\"og:url\" content=\"https:\/\/shop.bantam.ch\/fr\/produit\/2-cook-plaque-nervuree\/\" \/>\n<meta property=\"og:site_name\" content=\"Bantam Wankm\u00fcller SA\" \/>\n<meta property=\"article:modified_time\" content=\"2026-04-17T21:17:01+00:00\" \/>\n<meta property=\"og:image\" content=\"https:\/\/shop.bantam.ch\/wp-content\/uploads\/2025\/03\/98710C_Ribbed_Universal_Grill_1.jpg\" \/>\n\t<meta property=\"og:image:width\" content=\"800\" \/>\n\t<meta property=\"og:image:height\" content=\"800\" \/>\n\t<meta property=\"og:image:type\" content=\"image\/jpeg\" \/>\n<meta name=\"twitter:card\" content=\"summary_large_image\" \/>\n<meta name=\"twitter:label1\" content=\"Dur\u00e9e de lecture estim\u00e9e\" \/>\n\t<meta name=\"twitter:data1\" content=\"1 minute\" \/>\n<script type=\"application\/ld+json\" class=\"yoast-schema-graph\">{\"@context\":\"https:\\\/\\\/schema.org\",\"@graph\":[{\"@type\":\"WebPage\",\"@id\":\"https:\\\/\\\/shop.bantam.ch\\\/fr\\\/produit\\\/2-cook-plaque-nervuree\\\/\",\"url\":\"https:\\\/\\\/shop.bantam.ch\\\/fr\\\/produit\\\/2-cook-plaque-nervuree\\\/\",\"name\":\"2 Cook Plaque nervur\u00e9e - Bantam Wankm\u00fcller SA\",\"isPartOf\":{\"@id\":\"https:\\\/\\\/shop.bantam.ch\\\/fr\\\/#website\"},\"primaryImageOfPage\":{\"@id\":\"https:\\\/\\\/shop.bantam.ch\\\/fr\\\/produit\\\/2-cook-plaque-nervuree\\\/#primaryimage\"},\"image\":{\"@id\":\"https:\\\/\\\/shop.bantam.ch\\\/fr\\\/produit\\\/2-cook-plaque-nervuree\\\/#primaryimage\"},\"thumbnailUrl\":\"https:\\\/\\\/shop.bantam.ch\\\/wp-content\\\/uploads\\\/2025\\\/03\\\/98710C_Ribbed_Universal_Grill_1.jpg\",\"datePublished\":\"2025-03-07T10:07:18+00:00\",\"dateModified\":\"2026-04-17T21:17:01+00:00\",\"breadcrumb\":{\"@id\":\"https:\\\/\\\/shop.bantam.ch\\\/fr\\\/produit\\\/2-cook-plaque-nervuree\\\/#breadcrumb\"},\"inLanguage\":\"fr-FR\",\"potentialAction\":[{\"@type\":\"ReadAction\",\"target\":[\"https:\\\/\\\/shop.bantam.ch\\\/fr\\\/produit\\\/2-cook-plaque-nervuree\\\/\"]}]},{\"@type\":\"ImageObject\",\"inLanguage\":\"fr-FR\",\"@id\":\"https:\\\/\\\/shop.bantam.ch\\\/fr\\\/produit\\\/2-cook-plaque-nervuree\\\/#primaryimage\",\"url\":\"https:\\\/\\\/shop.bantam.ch\\\/wp-content\\\/uploads\\\/2025\\\/03\\\/98710C_Ribbed_Universal_Grill_1.jpg\",\"contentUrl\":\"https:\\\/\\\/shop.bantam.ch\\\/wp-content\\\/uploads\\\/2025\\\/03\\\/98710C_Ribbed_Universal_Grill_1.jpg\",\"width\":800,\"height\":800},{\"@type\":\"BreadcrumbList\",\"@id\":\"https:\\\/\\\/shop.bantam.ch\\\/fr\\\/produit\\\/2-cook-plaque-nervuree\\\/#breadcrumb\",\"itemListElement\":[{\"@type\":\"ListItem\",\"position\":1,\"name\":\"Accueil\",\"item\":\"https:\\\/\\\/shop.bantam.ch\\\/fr\\\/\"},{\"@type\":\"ListItem\",\"position\":2,\"name\":\"Boutique\",\"item\":\"https:\\\/\\\/shop.bantam.ch\\\/fr\\\/boutique\\\/\"},{\"@type\":\"ListItem\",\"position\":3,\"name\":\"2 Cook Plaque nervur\u00e9e\"}]},{\"@type\":\"WebSite\",\"@id\":\"https:\\\/\\\/shop.bantam.ch\\\/fr\\\/#website\",\"url\":\"https:\\\/\\\/shop.bantam.ch\\\/fr\\\/\",\"name\":\"Bantam Wankm\u00fcller SA\",\"description\":\"\",\"publisher\":{\"@id\":\"https:\\\/\\\/shop.bantam.ch\\\/fr\\\/#organization\"},\"inLanguage\":\"fr-FR\"},{\"@type\":\"Organization\",\"@id\":\"https:\\\/\\\/shop.bantam.ch\\\/fr\\\/#organization\",\"name\":\"Bantam Wankm\u00fcller SA\",\"url\":\"https:\\\/\\\/shop.bantam.ch\\\/fr\\\/\",\"logo\":{\"@type\":\"ImageObject\",\"inLanguage\":\"fr-FR\",\"@id\":\"https:\\\/\\\/shop.bantam.ch\\\/fr\\\/#\\\/schema\\\/logo\\\/image\\\/\",\"url\":\"https:\\\/\\\/shop.bantam.ch\\\/wp-content\\\/uploads\\\/2022\\\/12\\\/bantam-logo.png\",\"contentUrl\":\"https:\\\/\\\/shop.bantam.ch\\\/wp-content\\\/uploads\\\/2022\\\/12\\\/bantam-logo.png\",\"width\":320,\"height\":71,\"caption\":\"Bantam Wankm\u00fcller SA\"},\"image\":{\"@id\":\"https:\\\/\\\/shop.bantam.ch\\\/fr\\\/#\\\/schema\\\/logo\\\/image\\\/\"}}]}<\/script>\n<!-- \/ Yoast SEO plugin. -->","yoast_head_json":{"title":"2 Cook Plaque nervur\u00e9e - Bantam Wankm\u00fcller SA","robots":{"index":"index","follow":"follow","max-snippet":"max-snippet:-1","max-image-preview":"max-image-preview:large","max-video-preview":"max-video-preview:-1"},"canonical":"https:\/\/shop.bantam.ch\/fr\/produit\/2-cook-plaque-nervuree\/","og_locale":"fr_FR","og_type":"article","og_title":"2 Cook Plaque nervur\u00e9e - Bantam Wankm\u00fcller SA","og_description":"Transformez n&rsquo;importe quel r\u00e9chaud en BBQ. Cette plaque de cuisson universelle, adapt\u00e9e \u00e0 tous types de r\u00e9chauds y compris le 2 Cook 3 de CADAC | Dometic, est dot\u00e9e du rev\u00eatement antiadh\u00e9sif GreenGrill de CADAC, un rev\u00eatement c\u00e9ramique enti\u00e8rement exempt de PFOA. Elle est fournit avec une poign\u00e9e amovible pour une installation ais\u00e9e sur le [&hellip;]","og_url":"https:\/\/shop.bantam.ch\/fr\/produit\/2-cook-plaque-nervuree\/","og_site_name":"Bantam Wankm\u00fcller SA","article_modified_time":"2026-04-17T21:17:01+00:00","og_image":[{"width":800,"height":800,"url":"https:\/\/shop.bantam.ch\/wp-content\/uploads\/2025\/03\/98710C_Ribbed_Universal_Grill_1.jpg","type":"image\/jpeg"}],"twitter_card":"summary_large_image","twitter_misc":{"Dur\u00e9e de lecture estim\u00e9e":"1 minute"},"schema":{"@context":"https:\/\/schema.org","@graph":[{"@type":"WebPage","@id":"https:\/\/shop.bantam.ch\/fr\/produit\/2-cook-plaque-nervuree\/","url":"https:\/\/shop.bantam.ch\/fr\/produit\/2-cook-plaque-nervuree\/","name":"2 Cook Plaque nervur\u00e9e - Bantam Wankm\u00fcller SA","isPartOf":{"@id":"https:\/\/shop.bantam.ch\/fr\/#website"},"primaryImageOfPage":{"@id":"https:\/\/shop.bantam.ch\/fr\/produit\/2-cook-plaque-nervuree\/#primaryimage"},"image":{"@id":"https:\/\/shop.bantam.ch\/fr\/produit\/2-cook-plaque-nervuree\/#primaryimage"},"thumbnailUrl":"https:\/\/shop.bantam.ch\/wp-content\/uploads\/2025\/03\/98710C_Ribbed_Universal_Grill_1.jpg","datePublished":"2025-03-07T10:07:18+00:00","dateModified":"2026-04-17T21:17:01+00:00","breadcrumb":{"@id":"https:\/\/shop.bantam.ch\/fr\/produit\/2-cook-plaque-nervuree\/#breadcrumb"},"inLanguage":"fr-FR","potentialAction":[{"@type":"ReadAction","target":["https:\/\/shop.bantam.ch\/fr\/produit\/2-cook-plaque-nervuree\/"]}]},{"@type":"ImageObject","inLanguage":"fr-FR","@id":"https:\/\/shop.bantam.ch\/fr\/produit\/2-cook-plaque-nervuree\/#primaryimage","url":"https:\/\/shop.bantam.ch\/wp-content\/uploads\/2025\/03\/98710C_Ribbed_Universal_Grill_1.jpg","contentUrl":"https:\/\/shop.bantam.ch\/wp-content\/uploads\/2025\/03\/98710C_Ribbed_Universal_Grill_1.jpg","width":800,"height":800},{"@type":"BreadcrumbList","@id":"https:\/\/shop.bantam.ch\/fr\/produit\/2-cook-plaque-nervuree\/#breadcrumb","itemListElement":[{"@type":"ListItem","position":1,"name":"Accueil","item":"https:\/\/shop.bantam.ch\/fr\/"},{"@type":"ListItem","position":2,"name":"Boutique","item":"https:\/\/shop.bantam.ch\/fr\/boutique\/"},{"@type":"ListItem","position":3,"name":"2 Cook Plaque nervur\u00e9e"}]},{"@type":"WebSite","@id":"https:\/\/shop.bantam.ch\/fr\/#website","url":"https:\/\/shop.bantam.ch\/fr\/","name":"Bantam Wankm\u00fcller SA","description":"","publisher":{"@id":"https:\/\/shop.bantam.ch\/fr\/#organization"},"inLanguage":"fr-FR"},{"@type":"Organization","@id":"https:\/\/shop.bantam.ch\/fr\/#organization","name":"Bantam Wankm\u00fcller SA","url":"https:\/\/shop.bantam.ch\/fr\/","logo":{"@type":"ImageObject","inLanguage":"fr-FR","@id":"https:\/\/shop.bantam.ch\/fr\/#\/schema\/logo\/image\/","url":"https:\/\/shop.bantam.ch\/wp-content\/uploads\/2022\/12\/bantam-logo.png","contentUrl":"https:\/\/shop.bantam.ch\/wp-content\/uploads\/2022\/12\/bantam-logo.png","width":320,"height":71,"caption":"Bantam Wankm\u00fcller SA"},"image":{"@id":"https:\/\/shop.bantam.ch\/fr\/#\/schema\/logo\/image\/"}}]}},"_links":{"self":[{"href":"https:\/\/shop.bantam.ch\/fr\/wp-json\/wp\/v2\/product\/210203","targetHints":{"allow":["GET"]}}],"collection":[{"href":"https:\/\/shop.bantam.ch\/fr\/wp-json\/wp\/v2\/product"}],"about":[{"href":"https:\/\/shop.bantam.ch\/fr\/wp-json\/wp\/v2\/types\/product"}],"wp:featuredmedia":[{"embeddable":true,"href":"https:\/\/shop.bantam.ch\/fr\/wp-json\/wp\/v2\/media\/210195"}],"wp:attachment":[{"href":"https:\/\/shop.bantam.ch\/fr\/wp-json\/wp\/v2\/media?parent=210203"}],"wp:term":[{"taxonomy":"product_featured_cat","embeddable":true,"href":"https:\/\/shop.bantam.ch\/fr\/wp-json\/wp\/v2\/product_featured_cat?post=210203"},{"taxonomy":"product_brand","embeddable":true,"href":"https:\/\/shop.bantam.ch\/fr\/wp-json\/wp\/v2\/product_brand?post=210203"},{"taxonomy":"product_cat","embeddable":true,"href":"https:\/\/shop.bantam.ch\/fr\/wp-json\/wp\/v2\/product_cat?post=210203"},{"taxonomy":"product_tag","embeddable":true,"href":"https:\/\/shop.bantam.ch\/fr\/wp-json\/wp\/v2\/product_tag?post=210203"}],"curies":[{"name":"wp","href":"https:\/\/api.w.org\/{rel}","templated":true}]}}