{"id":210183,"date":"2025-03-07T10:56:08","date_gmt":"2025-03-07T09:56:08","guid":{"rendered":"https:\/\/shop.bantam.ch\/produit\/safari-chef-30-lp-combo\/"},"modified":"2026-04-17T23:16:55","modified_gmt":"2026-04-17T21:16:55","slug":"safari-chef-30-lp-combo","status":"publish","type":"product","link":"https:\/\/shop.bantam.ch\/fr\/produit\/safari-chef-30-lp-combo\/","title":{"rendered":"Safari Chef 30 LP Combo"},"content":{"rendered":"<p>Barbecue au gaz ext\u00e9rieur compact 3 en 1. Le Safari Chef 30 est un barbecue au gaz compact et polyvalent, parfait pour les voyages et les vacances. Avec un poids de 5 kg seulement et dot\u00e9 de trois surfaces de cuisson diff\u00e9rentes &#8211; un support de casserole, une grille de barbecue et un couvercle\/casserole \u00e0 soupe &#8211; ce barbecue offre des possibilit\u00e9s infinies pour la cuisine en plein air. Rev\u00eatement GreenGrill durable pour une cuisson plus saine. Le barbecue est \u00e9quip\u00e9 de notre rev\u00eatement c\u00e9ramique GreenGrill. Ce rev\u00eatement sans PFAS est non seulement durable, mais aussi respectueux de l&rsquo;environnement et facile \u00e0 nettoyer.<br \/>\nGr\u00e2ce au diffuseur de chaleur int\u00e9gr\u00e9 sous la grille du BBQ, la chaleur est r\u00e9partie de mani\u00e8re r\u00e9guli\u00e8re sur toute la surface de cuisson. Pratique et convivial. Le bac \u00e0 graisse amovible r\u00e9cup\u00e8re les r\u00e9sidus de cuisson et prot\u00e8ge le br\u00fbleur du vent, afin que la flamme ne s&rsquo;\u00e9teigne pas. De plus, le bac \u00e0 graisse se nettoie facilement \u00e0 l&rsquo;eau savonneuse, ce qui facilite l&rsquo;entretien. Le Safari Chef est facile \u00e0 emporter avec vous gr\u00e2ce \u00e0 ses pieds repliables et au sac de transport fourni et se range de mani\u00e8re encore plus compacte dans le sac de transport fourni. Des ouvertures pr\u00e9vues dans les pieds permettent de laisser en place l&rsquo;appairage QR lors du rangement de l&rsquo;appareil. Un barbecue id\u00e9al \u00e0 utiliser au camping, sur le balcon ou dans le parc ! LP versus HP : la bonne version pour vous. Le Safari Chef est disponible en deux versions : la version LP (basse pression) fonctionne avec une bouteille de gaz rechargeable ou CADAC Power Pak, et la version HP (haute pression) fonctionne directement avec une cartouche de gaz EN417. Choisissez la version qui convient le mieux \u00e0 vos besoins de cuisson et \u00e0 vos conditions d&rsquo;utilisation. Barbecue au gaz compact et l\u00e9ger (\u00f8 30 cm). Variante LP (basse pression). Pieds repliables pour un rangement compact. Allumage automatique. Le bac de r\u00e9cup\u00e9ration des graisses se trouve \u00e9galement sur le pare-vent. Inclus support pour casserole, grille de barbecue et po\u00eale\/couvercle. Avec sac de rangement pratique. Garantie de 2 ans<\/p>\n","protected":false},"excerpt":{"rendered":"<p>Barbecue au gaz ext\u00e9rieur compact 3 en 1. Le Safari Chef 30 est un barbecue au gaz compact et polyvalent, parfait pour les voyages et les vacances. Avec un poids de 5 kg seulement et dot\u00e9 de trois surfaces de cuisson diff\u00e9rentes &#8211; un support de casserole, une grille de barbecue et un couvercle\/casserole \u00e0 [&hellip;]<\/p>\n","protected":false},"featured_media":210185,"template":"","meta":{"_acf_changed":false},"product_featured_cat":[],"product_brand":[3668],"product_cat":[4279],"product_tag":[],"class_list":{"0":"post-210183","1":"product","2":"type-product","3":"status-publish","4":"has-post-thumbnail","6":"product_brand-cadac","7":"product_cat-barbecues-a-gaz","9":"first","10":"instock","11":"taxable","12":"shipping-taxable","13":"purchasable","14":"product-type-simple"},"acf":[],"yoast_head":"<!-- This site is optimized with the Yoast SEO plugin v27.4 - https:\/\/yoast.com\/product\/yoast-seo-wordpress\/ -->\n<title>Safari Chef 30 LP Combo - Bantam Wankm\u00fcller SA<\/title>\n<meta name=\"robots\" content=\"index, follow, max-snippet:-1, max-image-preview:large, max-video-preview:-1\" \/>\n<link rel=\"canonical\" href=\"https:\/\/shop.bantam.ch\/fr\/produit\/safari-chef-30-lp-combo\/\" \/>\n<meta property=\"og:locale\" content=\"fr_FR\" \/>\n<meta property=\"og:type\" content=\"article\" \/>\n<meta property=\"og:title\" content=\"Safari Chef 30 LP Combo - Bantam Wankm\u00fcller SA\" \/>\n<meta property=\"og:description\" content=\"Barbecue au gaz ext\u00e9rieur compact 3 en 1. Le Safari Chef 30 est un barbecue au gaz compact et polyvalent, parfait pour les voyages et les vacances. Avec un poids de 5 kg seulement et dot\u00e9 de trois surfaces de cuisson diff\u00e9rentes &#8211; un support de casserole, une grille de barbecue et un couvercle\/casserole \u00e0 [&hellip;]\" \/>\n<meta property=\"og:url\" content=\"https:\/\/shop.bantam.ch\/fr\/produit\/safari-chef-30-lp-combo\/\" \/>\n<meta property=\"og:site_name\" content=\"Bantam Wankm\u00fcller SA\" \/>\n<meta property=\"article:modified_time\" content=\"2026-04-17T21:16:55+00:00\" \/>\n<meta name=\"twitter:card\" content=\"summary_large_image\" \/>\n<meta name=\"twitter:label1\" content=\"Dur\u00e9e de lecture estim\u00e9e\" \/>\n\t<meta name=\"twitter:data1\" content=\"2 minutes\" \/>\n<script type=\"application\/ld+json\" class=\"yoast-schema-graph\">{\"@context\":\"https:\\\/\\\/schema.org\",\"@graph\":[{\"@type\":\"WebPage\",\"@id\":\"https:\\\/\\\/shop.bantam.ch\\\/fr\\\/produit\\\/safari-chef-30-lp-combo\\\/\",\"url\":\"https:\\\/\\\/shop.bantam.ch\\\/fr\\\/produit\\\/safari-chef-30-lp-combo\\\/\",\"name\":\"Safari Chef 30 LP Combo - Bantam Wankm\u00fcller SA\",\"isPartOf\":{\"@id\":\"https:\\\/\\\/shop.bantam.ch\\\/fr\\\/#website\"},\"primaryImageOfPage\":{\"@id\":\"https:\\\/\\\/shop.bantam.ch\\\/fr\\\/produit\\\/safari-chef-30-lp-combo\\\/#primaryimage\"},\"image\":{\"@id\":\"https:\\\/\\\/shop.bantam.ch\\\/fr\\\/produit\\\/safari-chef-30-lp-combo\\\/#primaryimage\"},\"thumbnailUrl\":\"https:\\\/\\\/shop.bantam.ch\\\/wp-content\\\/uploads\\\/2025\\\/03\\\/6545C-10_Safari_Chef_30_LP_Deluxe_1-1.jpg\",\"datePublished\":\"2025-03-07T09:56:08+00:00\",\"dateModified\":\"2026-04-17T21:16:55+00:00\",\"breadcrumb\":{\"@id\":\"https:\\\/\\\/shop.bantam.ch\\\/fr\\\/produit\\\/safari-chef-30-lp-combo\\\/#breadcrumb\"},\"inLanguage\":\"fr-FR\",\"potentialAction\":[{\"@type\":\"ReadAction\",\"target\":[\"https:\\\/\\\/shop.bantam.ch\\\/fr\\\/produit\\\/safari-chef-30-lp-combo\\\/\"]}]},{\"@type\":\"ImageObject\",\"inLanguage\":\"fr-FR\",\"@id\":\"https:\\\/\\\/shop.bantam.ch\\\/fr\\\/produit\\\/safari-chef-30-lp-combo\\\/#primaryimage\",\"url\":\"https:\\\/\\\/shop.bantam.ch\\\/wp-content\\\/uploads\\\/2025\\\/03\\\/6545C-10_Safari_Chef_30_LP_Deluxe_1-1.jpg\",\"contentUrl\":\"https:\\\/\\\/shop.bantam.ch\\\/wp-content\\\/uploads\\\/2025\\\/03\\\/6545C-10_Safari_Chef_30_LP_Deluxe_1-1.jpg\",\"width\":800,\"height\":1743},{\"@type\":\"BreadcrumbList\",\"@id\":\"https:\\\/\\\/shop.bantam.ch\\\/fr\\\/produit\\\/safari-chef-30-lp-combo\\\/#breadcrumb\",\"itemListElement\":[{\"@type\":\"ListItem\",\"position\":1,\"name\":\"Accueil\",\"item\":\"https:\\\/\\\/shop.bantam.ch\\\/fr\\\/\"},{\"@type\":\"ListItem\",\"position\":2,\"name\":\"Boutique\",\"item\":\"https:\\\/\\\/shop.bantam.ch\\\/fr\\\/boutique\\\/\"},{\"@type\":\"ListItem\",\"position\":3,\"name\":\"Safari Chef 30 LP Combo\"}]},{\"@type\":\"WebSite\",\"@id\":\"https:\\\/\\\/shop.bantam.ch\\\/fr\\\/#website\",\"url\":\"https:\\\/\\\/shop.bantam.ch\\\/fr\\\/\",\"name\":\"Bantam Wankm\u00fcller SA\",\"description\":\"\",\"publisher\":{\"@id\":\"https:\\\/\\\/shop.bantam.ch\\\/fr\\\/#organization\"},\"inLanguage\":\"fr-FR\"},{\"@type\":\"Organization\",\"@id\":\"https:\\\/\\\/shop.bantam.ch\\\/fr\\\/#organization\",\"name\":\"Bantam Wankm\u00fcller SA\",\"url\":\"https:\\\/\\\/shop.bantam.ch\\\/fr\\\/\",\"logo\":{\"@type\":\"ImageObject\",\"inLanguage\":\"fr-FR\",\"@id\":\"https:\\\/\\\/shop.bantam.ch\\\/fr\\\/#\\\/schema\\\/logo\\\/image\\\/\",\"url\":\"https:\\\/\\\/shop.bantam.ch\\\/wp-content\\\/uploads\\\/2022\\\/12\\\/bantam-logo.png\",\"contentUrl\":\"https:\\\/\\\/shop.bantam.ch\\\/wp-content\\\/uploads\\\/2022\\\/12\\\/bantam-logo.png\",\"width\":320,\"height\":71,\"caption\":\"Bantam Wankm\u00fcller SA\"},\"image\":{\"@id\":\"https:\\\/\\\/shop.bantam.ch\\\/fr\\\/#\\\/schema\\\/logo\\\/image\\\/\"}}]}<\/script>\n<!-- \/ Yoast SEO plugin. -->","yoast_head_json":{"title":"Safari Chef 30 LP Combo - Bantam Wankm\u00fcller SA","robots":{"index":"index","follow":"follow","max-snippet":"max-snippet:-1","max-image-preview":"max-image-preview:large","max-video-preview":"max-video-preview:-1"},"canonical":"https:\/\/shop.bantam.ch\/fr\/produit\/safari-chef-30-lp-combo\/","og_locale":"fr_FR","og_type":"article","og_title":"Safari Chef 30 LP Combo - Bantam Wankm\u00fcller SA","og_description":"Barbecue au gaz ext\u00e9rieur compact 3 en 1. Le Safari Chef 30 est un barbecue au gaz compact et polyvalent, parfait pour les voyages et les vacances. Avec un poids de 5 kg seulement et dot\u00e9 de trois surfaces de cuisson diff\u00e9rentes &#8211; un support de casserole, une grille de barbecue et un couvercle\/casserole \u00e0 [&hellip;]","og_url":"https:\/\/shop.bantam.ch\/fr\/produit\/safari-chef-30-lp-combo\/","og_site_name":"Bantam Wankm\u00fcller SA","article_modified_time":"2026-04-17T21:16:55+00:00","twitter_card":"summary_large_image","twitter_misc":{"Dur\u00e9e de lecture estim\u00e9e":"2 minutes"},"schema":{"@context":"https:\/\/schema.org","@graph":[{"@type":"WebPage","@id":"https:\/\/shop.bantam.ch\/fr\/produit\/safari-chef-30-lp-combo\/","url":"https:\/\/shop.bantam.ch\/fr\/produit\/safari-chef-30-lp-combo\/","name":"Safari Chef 30 LP Combo - Bantam Wankm\u00fcller SA","isPartOf":{"@id":"https:\/\/shop.bantam.ch\/fr\/#website"},"primaryImageOfPage":{"@id":"https:\/\/shop.bantam.ch\/fr\/produit\/safari-chef-30-lp-combo\/#primaryimage"},"image":{"@id":"https:\/\/shop.bantam.ch\/fr\/produit\/safari-chef-30-lp-combo\/#primaryimage"},"thumbnailUrl":"https:\/\/shop.bantam.ch\/wp-content\/uploads\/2025\/03\/6545C-10_Safari_Chef_30_LP_Deluxe_1-1.jpg","datePublished":"2025-03-07T09:56:08+00:00","dateModified":"2026-04-17T21:16:55+00:00","breadcrumb":{"@id":"https:\/\/shop.bantam.ch\/fr\/produit\/safari-chef-30-lp-combo\/#breadcrumb"},"inLanguage":"fr-FR","potentialAction":[{"@type":"ReadAction","target":["https:\/\/shop.bantam.ch\/fr\/produit\/safari-chef-30-lp-combo\/"]}]},{"@type":"ImageObject","inLanguage":"fr-FR","@id":"https:\/\/shop.bantam.ch\/fr\/produit\/safari-chef-30-lp-combo\/#primaryimage","url":"https:\/\/shop.bantam.ch\/wp-content\/uploads\/2025\/03\/6545C-10_Safari_Chef_30_LP_Deluxe_1-1.jpg","contentUrl":"https:\/\/shop.bantam.ch\/wp-content\/uploads\/2025\/03\/6545C-10_Safari_Chef_30_LP_Deluxe_1-1.jpg","width":800,"height":1743},{"@type":"BreadcrumbList","@id":"https:\/\/shop.bantam.ch\/fr\/produit\/safari-chef-30-lp-combo\/#breadcrumb","itemListElement":[{"@type":"ListItem","position":1,"name":"Accueil","item":"https:\/\/shop.bantam.ch\/fr\/"},{"@type":"ListItem","position":2,"name":"Boutique","item":"https:\/\/shop.bantam.ch\/fr\/boutique\/"},{"@type":"ListItem","position":3,"name":"Safari Chef 30 LP Combo"}]},{"@type":"WebSite","@id":"https:\/\/shop.bantam.ch\/fr\/#website","url":"https:\/\/shop.bantam.ch\/fr\/","name":"Bantam Wankm\u00fcller SA","description":"","publisher":{"@id":"https:\/\/shop.bantam.ch\/fr\/#organization"},"inLanguage":"fr-FR"},{"@type":"Organization","@id":"https:\/\/shop.bantam.ch\/fr\/#organization","name":"Bantam Wankm\u00fcller SA","url":"https:\/\/shop.bantam.ch\/fr\/","logo":{"@type":"ImageObject","inLanguage":"fr-FR","@id":"https:\/\/shop.bantam.ch\/fr\/#\/schema\/logo\/image\/","url":"https:\/\/shop.bantam.ch\/wp-content\/uploads\/2022\/12\/bantam-logo.png","contentUrl":"https:\/\/shop.bantam.ch\/wp-content\/uploads\/2022\/12\/bantam-logo.png","width":320,"height":71,"caption":"Bantam Wankm\u00fcller SA"},"image":{"@id":"https:\/\/shop.bantam.ch\/fr\/#\/schema\/logo\/image\/"}}]}},"_links":{"self":[{"href":"https:\/\/shop.bantam.ch\/fr\/wp-json\/wp\/v2\/product\/210183","targetHints":{"allow":["GET"]}}],"collection":[{"href":"https:\/\/shop.bantam.ch\/fr\/wp-json\/wp\/v2\/product"}],"about":[{"href":"https:\/\/shop.bantam.ch\/fr\/wp-json\/wp\/v2\/types\/product"}],"wp:featuredmedia":[{"embeddable":true,"href":"https:\/\/shop.bantam.ch\/fr\/wp-json\/wp\/v2\/media\/210185"}],"wp:attachment":[{"href":"https:\/\/shop.bantam.ch\/fr\/wp-json\/wp\/v2\/media?parent=210183"}],"wp:term":[{"taxonomy":"product_featured_cat","embeddable":true,"href":"https:\/\/shop.bantam.ch\/fr\/wp-json\/wp\/v2\/product_featured_cat?post=210183"},{"taxonomy":"product_brand","embeddable":true,"href":"https:\/\/shop.bantam.ch\/fr\/wp-json\/wp\/v2\/product_brand?post=210183"},{"taxonomy":"product_cat","embeddable":true,"href":"https:\/\/shop.bantam.ch\/fr\/wp-json\/wp\/v2\/product_cat?post=210183"},{"taxonomy":"product_tag","embeddable":true,"href":"https:\/\/shop.bantam.ch\/fr\/wp-json\/wp\/v2\/product_tag?post=210183"}],"curies":[{"name":"wp","href":"https:\/\/api.w.org\/{rel}","templated":true}]}}