{"id":210140,"date":"2025-03-06T11:17:38","date_gmt":"2025-03-06T10:17:38","guid":{"rendered":"https:\/\/shop.bantam.ch\/produit\/tuyau-de-300cm-pour-prise-exterieure\/"},"modified":"2026-04-17T23:16:54","modified_gmt":"2026-04-17T21:16:54","slug":"tuyau-de-300cm-pour-prise-exterieure","status":"publish","type":"product","link":"https:\/\/shop.bantam.ch\/fr\/produit\/tuyau-de-300cm-pour-prise-exterieure\/","title":{"rendered":"Tuyau de 300cm pour prise ext\u00e9rieure"},"content":{"rendered":"<p>Avec ce tuyau de gaz, vous connectez votre barbecue directement au camping-car ou \u00e0 la caravane. Le tuyau a un raccord rapide d&rsquo;un c\u00f4t\u00e9 que vous cliquez simplement sur la connexion ext\u00e9rieure de votre camping-car ou caravane. L&rsquo;autre extr\u00e9mit\u00e9 consiste en une connexion standard 1\/4&Prime; LH BSP, que vous connectez \u00e0 votre barbecue. Nos tuyaux \u00e0 gaz et nos r\u00e9gulateurs de pression sont conformes au niveau de s\u00e9curit\u00e9 le plus \u00e9lev\u00e9 et aux normes et r\u00e9glementations europ\u00e9ennes. Nous recommandons de remplacer votre tuyau \u00e0 gaz tous les 5 ans. Longueur tuyau gaz : 300 cm.<\/p>\n","protected":false},"excerpt":{"rendered":"<p>Avec ce tuyau de gaz, vous connectez votre barbecue directement au camping-car ou \u00e0 la caravane. Le tuyau a un raccord rapide d&rsquo;un c\u00f4t\u00e9 que vous cliquez simplement sur la connexion ext\u00e9rieure de votre camping-car ou caravane. L&rsquo;autre extr\u00e9mit\u00e9 consiste en une connexion standard 1\/4&Prime; LH BSP, que vous connectez \u00e0 votre barbecue. Nos tuyaux [&hellip;]<\/p>\n","protected":false},"featured_media":210138,"template":"","meta":{"_acf_changed":false},"product_featured_cat":[],"product_brand":[3668],"product_cat":[4339],"product_tag":[],"class_list":{"0":"post-210140","1":"product","2":"type-product","3":"status-publish","4":"has-post-thumbnail","6":"product_brand-cadac","7":"product_cat-accessoires-pour-barbecue","9":"first","10":"instock","11":"taxable","12":"shipping-taxable","13":"purchasable","14":"product-type-simple"},"acf":[],"yoast_head":"<!-- This site is optimized with the Yoast SEO plugin v27.4 - https:\/\/yoast.com\/product\/yoast-seo-wordpress\/ -->\n<title>Tuyau de 300cm pour prise ext\u00e9rieure - Bantam Wankm\u00fcller SA<\/title>\n<meta name=\"robots\" content=\"index, follow, max-snippet:-1, max-image-preview:large, max-video-preview:-1\" \/>\n<link rel=\"canonical\" href=\"https:\/\/shop.bantam.ch\/fr\/produit\/tuyau-de-300cm-pour-prise-exterieure\/\" \/>\n<meta property=\"og:locale\" content=\"fr_FR\" \/>\n<meta property=\"og:type\" content=\"article\" \/>\n<meta property=\"og:title\" content=\"Tuyau de 300cm pour prise ext\u00e9rieure - Bantam Wankm\u00fcller SA\" \/>\n<meta property=\"og:description\" content=\"Avec ce tuyau de gaz, vous connectez votre barbecue directement au camping-car ou \u00e0 la caravane. Le tuyau a un raccord rapide d&rsquo;un c\u00f4t\u00e9 que vous cliquez simplement sur la connexion ext\u00e9rieure de votre camping-car ou caravane. L&rsquo;autre extr\u00e9mit\u00e9 consiste en une connexion standard 1\/4&Prime; LH BSP, que vous connectez \u00e0 votre barbecue. Nos tuyaux [&hellip;]\" \/>\n<meta property=\"og:url\" content=\"https:\/\/shop.bantam.ch\/fr\/produit\/tuyau-de-300cm-pour-prise-exterieure\/\" \/>\n<meta property=\"og:site_name\" content=\"Bantam Wankm\u00fcller SA\" \/>\n<meta property=\"article:modified_time\" content=\"2026-04-17T21:16:54+00:00\" \/>\n<meta property=\"og:image\" content=\"https:\/\/shop.bantam.ch\/wp-content\/uploads\/2025\/03\/8524.jpg\" \/>\n\t<meta property=\"og:image:width\" content=\"800\" \/>\n\t<meta property=\"og:image:height\" content=\"533\" \/>\n\t<meta property=\"og:image:type\" content=\"image\/jpeg\" \/>\n<meta name=\"twitter:card\" content=\"summary_large_image\" \/>\n<script type=\"application\/ld+json\" class=\"yoast-schema-graph\">{\"@context\":\"https:\\\/\\\/schema.org\",\"@graph\":[{\"@type\":\"WebPage\",\"@id\":\"https:\\\/\\\/shop.bantam.ch\\\/fr\\\/produit\\\/tuyau-de-300cm-pour-prise-exterieure\\\/\",\"url\":\"https:\\\/\\\/shop.bantam.ch\\\/fr\\\/produit\\\/tuyau-de-300cm-pour-prise-exterieure\\\/\",\"name\":\"Tuyau de 300cm pour prise ext\u00e9rieure - Bantam Wankm\u00fcller SA\",\"isPartOf\":{\"@id\":\"https:\\\/\\\/shop.bantam.ch\\\/fr\\\/#website\"},\"primaryImageOfPage\":{\"@id\":\"https:\\\/\\\/shop.bantam.ch\\\/fr\\\/produit\\\/tuyau-de-300cm-pour-prise-exterieure\\\/#primaryimage\"},\"image\":{\"@id\":\"https:\\\/\\\/shop.bantam.ch\\\/fr\\\/produit\\\/tuyau-de-300cm-pour-prise-exterieure\\\/#primaryimage\"},\"thumbnailUrl\":\"https:\\\/\\\/shop.bantam.ch\\\/wp-content\\\/uploads\\\/2025\\\/03\\\/8524.jpg\",\"datePublished\":\"2025-03-06T10:17:38+00:00\",\"dateModified\":\"2026-04-17T21:16:54+00:00\",\"breadcrumb\":{\"@id\":\"https:\\\/\\\/shop.bantam.ch\\\/fr\\\/produit\\\/tuyau-de-300cm-pour-prise-exterieure\\\/#breadcrumb\"},\"inLanguage\":\"fr-FR\",\"potentialAction\":[{\"@type\":\"ReadAction\",\"target\":[\"https:\\\/\\\/shop.bantam.ch\\\/fr\\\/produit\\\/tuyau-de-300cm-pour-prise-exterieure\\\/\"]}]},{\"@type\":\"ImageObject\",\"inLanguage\":\"fr-FR\",\"@id\":\"https:\\\/\\\/shop.bantam.ch\\\/fr\\\/produit\\\/tuyau-de-300cm-pour-prise-exterieure\\\/#primaryimage\",\"url\":\"https:\\\/\\\/shop.bantam.ch\\\/wp-content\\\/uploads\\\/2025\\\/03\\\/8524.jpg\",\"contentUrl\":\"https:\\\/\\\/shop.bantam.ch\\\/wp-content\\\/uploads\\\/2025\\\/03\\\/8524.jpg\",\"width\":800,\"height\":533},{\"@type\":\"BreadcrumbList\",\"@id\":\"https:\\\/\\\/shop.bantam.ch\\\/fr\\\/produit\\\/tuyau-de-300cm-pour-prise-exterieure\\\/#breadcrumb\",\"itemListElement\":[{\"@type\":\"ListItem\",\"position\":1,\"name\":\"Accueil\",\"item\":\"https:\\\/\\\/shop.bantam.ch\\\/fr\\\/\"},{\"@type\":\"ListItem\",\"position\":2,\"name\":\"Boutique\",\"item\":\"https:\\\/\\\/shop.bantam.ch\\\/fr\\\/boutique\\\/\"},{\"@type\":\"ListItem\",\"position\":3,\"name\":\"Tuyau de 300cm pour prise ext\u00e9rieure\"}]},{\"@type\":\"WebSite\",\"@id\":\"https:\\\/\\\/shop.bantam.ch\\\/fr\\\/#website\",\"url\":\"https:\\\/\\\/shop.bantam.ch\\\/fr\\\/\",\"name\":\"Bantam Wankm\u00fcller SA\",\"description\":\"\",\"publisher\":{\"@id\":\"https:\\\/\\\/shop.bantam.ch\\\/fr\\\/#organization\"},\"inLanguage\":\"fr-FR\"},{\"@type\":\"Organization\",\"@id\":\"https:\\\/\\\/shop.bantam.ch\\\/fr\\\/#organization\",\"name\":\"Bantam Wankm\u00fcller SA\",\"url\":\"https:\\\/\\\/shop.bantam.ch\\\/fr\\\/\",\"logo\":{\"@type\":\"ImageObject\",\"inLanguage\":\"fr-FR\",\"@id\":\"https:\\\/\\\/shop.bantam.ch\\\/fr\\\/#\\\/schema\\\/logo\\\/image\\\/\",\"url\":\"https:\\\/\\\/shop.bantam.ch\\\/wp-content\\\/uploads\\\/2022\\\/12\\\/bantam-logo.png\",\"contentUrl\":\"https:\\\/\\\/shop.bantam.ch\\\/wp-content\\\/uploads\\\/2022\\\/12\\\/bantam-logo.png\",\"width\":320,\"height\":71,\"caption\":\"Bantam Wankm\u00fcller SA\"},\"image\":{\"@id\":\"https:\\\/\\\/shop.bantam.ch\\\/fr\\\/#\\\/schema\\\/logo\\\/image\\\/\"}}]}<\/script>\n<!-- \/ Yoast SEO plugin. -->","yoast_head_json":{"title":"Tuyau de 300cm pour prise ext\u00e9rieure - Bantam Wankm\u00fcller SA","robots":{"index":"index","follow":"follow","max-snippet":"max-snippet:-1","max-image-preview":"max-image-preview:large","max-video-preview":"max-video-preview:-1"},"canonical":"https:\/\/shop.bantam.ch\/fr\/produit\/tuyau-de-300cm-pour-prise-exterieure\/","og_locale":"fr_FR","og_type":"article","og_title":"Tuyau de 300cm pour prise ext\u00e9rieure - Bantam Wankm\u00fcller SA","og_description":"Avec ce tuyau de gaz, vous connectez votre barbecue directement au camping-car ou \u00e0 la caravane. Le tuyau a un raccord rapide d&rsquo;un c\u00f4t\u00e9 que vous cliquez simplement sur la connexion ext\u00e9rieure de votre camping-car ou caravane. L&rsquo;autre extr\u00e9mit\u00e9 consiste en une connexion standard 1\/4&Prime; LH BSP, que vous connectez \u00e0 votre barbecue. Nos tuyaux [&hellip;]","og_url":"https:\/\/shop.bantam.ch\/fr\/produit\/tuyau-de-300cm-pour-prise-exterieure\/","og_site_name":"Bantam Wankm\u00fcller SA","article_modified_time":"2026-04-17T21:16:54+00:00","og_image":[{"width":800,"height":533,"url":"https:\/\/shop.bantam.ch\/wp-content\/uploads\/2025\/03\/8524.jpg","type":"image\/jpeg"}],"twitter_card":"summary_large_image","schema":{"@context":"https:\/\/schema.org","@graph":[{"@type":"WebPage","@id":"https:\/\/shop.bantam.ch\/fr\/produit\/tuyau-de-300cm-pour-prise-exterieure\/","url":"https:\/\/shop.bantam.ch\/fr\/produit\/tuyau-de-300cm-pour-prise-exterieure\/","name":"Tuyau de 300cm pour prise ext\u00e9rieure - Bantam Wankm\u00fcller SA","isPartOf":{"@id":"https:\/\/shop.bantam.ch\/fr\/#website"},"primaryImageOfPage":{"@id":"https:\/\/shop.bantam.ch\/fr\/produit\/tuyau-de-300cm-pour-prise-exterieure\/#primaryimage"},"image":{"@id":"https:\/\/shop.bantam.ch\/fr\/produit\/tuyau-de-300cm-pour-prise-exterieure\/#primaryimage"},"thumbnailUrl":"https:\/\/shop.bantam.ch\/wp-content\/uploads\/2025\/03\/8524.jpg","datePublished":"2025-03-06T10:17:38+00:00","dateModified":"2026-04-17T21:16:54+00:00","breadcrumb":{"@id":"https:\/\/shop.bantam.ch\/fr\/produit\/tuyau-de-300cm-pour-prise-exterieure\/#breadcrumb"},"inLanguage":"fr-FR","potentialAction":[{"@type":"ReadAction","target":["https:\/\/shop.bantam.ch\/fr\/produit\/tuyau-de-300cm-pour-prise-exterieure\/"]}]},{"@type":"ImageObject","inLanguage":"fr-FR","@id":"https:\/\/shop.bantam.ch\/fr\/produit\/tuyau-de-300cm-pour-prise-exterieure\/#primaryimage","url":"https:\/\/shop.bantam.ch\/wp-content\/uploads\/2025\/03\/8524.jpg","contentUrl":"https:\/\/shop.bantam.ch\/wp-content\/uploads\/2025\/03\/8524.jpg","width":800,"height":533},{"@type":"BreadcrumbList","@id":"https:\/\/shop.bantam.ch\/fr\/produit\/tuyau-de-300cm-pour-prise-exterieure\/#breadcrumb","itemListElement":[{"@type":"ListItem","position":1,"name":"Accueil","item":"https:\/\/shop.bantam.ch\/fr\/"},{"@type":"ListItem","position":2,"name":"Boutique","item":"https:\/\/shop.bantam.ch\/fr\/boutique\/"},{"@type":"ListItem","position":3,"name":"Tuyau de 300cm pour prise ext\u00e9rieure"}]},{"@type":"WebSite","@id":"https:\/\/shop.bantam.ch\/fr\/#website","url":"https:\/\/shop.bantam.ch\/fr\/","name":"Bantam Wankm\u00fcller SA","description":"","publisher":{"@id":"https:\/\/shop.bantam.ch\/fr\/#organization"},"inLanguage":"fr-FR"},{"@type":"Organization","@id":"https:\/\/shop.bantam.ch\/fr\/#organization","name":"Bantam Wankm\u00fcller SA","url":"https:\/\/shop.bantam.ch\/fr\/","logo":{"@type":"ImageObject","inLanguage":"fr-FR","@id":"https:\/\/shop.bantam.ch\/fr\/#\/schema\/logo\/image\/","url":"https:\/\/shop.bantam.ch\/wp-content\/uploads\/2022\/12\/bantam-logo.png","contentUrl":"https:\/\/shop.bantam.ch\/wp-content\/uploads\/2022\/12\/bantam-logo.png","width":320,"height":71,"caption":"Bantam Wankm\u00fcller SA"},"image":{"@id":"https:\/\/shop.bantam.ch\/fr\/#\/schema\/logo\/image\/"}}]}},"_links":{"self":[{"href":"https:\/\/shop.bantam.ch\/fr\/wp-json\/wp\/v2\/product\/210140","targetHints":{"allow":["GET"]}}],"collection":[{"href":"https:\/\/shop.bantam.ch\/fr\/wp-json\/wp\/v2\/product"}],"about":[{"href":"https:\/\/shop.bantam.ch\/fr\/wp-json\/wp\/v2\/types\/product"}],"wp:featuredmedia":[{"embeddable":true,"href":"https:\/\/shop.bantam.ch\/fr\/wp-json\/wp\/v2\/media\/210138"}],"wp:attachment":[{"href":"https:\/\/shop.bantam.ch\/fr\/wp-json\/wp\/v2\/media?parent=210140"}],"wp:term":[{"taxonomy":"product_featured_cat","embeddable":true,"href":"https:\/\/shop.bantam.ch\/fr\/wp-json\/wp\/v2\/product_featured_cat?post=210140"},{"taxonomy":"product_brand","embeddable":true,"href":"https:\/\/shop.bantam.ch\/fr\/wp-json\/wp\/v2\/product_brand?post=210140"},{"taxonomy":"product_cat","embeddable":true,"href":"https:\/\/shop.bantam.ch\/fr\/wp-json\/wp\/v2\/product_cat?post=210140"},{"taxonomy":"product_tag","embeddable":true,"href":"https:\/\/shop.bantam.ch\/fr\/wp-json\/wp\/v2\/product_tag?post=210140"}],"curies":[{"name":"wp","href":"https:\/\/api.w.org\/{rel}","templated":true}]}}