{"id":210136,"date":"2025-03-06T11:08:55","date_gmt":"2025-03-06T10:08:55","guid":{"rendered":"https:\/\/shop.bantam.ch\/produit\/carri-chef-50-bbq-grill2braai\/"},"modified":"2026-04-17T23:16:54","modified_gmt":"2026-04-17T21:16:54","slug":"carri-chef-50-bbq-grill2braai","status":"publish","type":"product","link":"https:\/\/shop.bantam.ch\/fr\/produit\/carri-chef-50-bbq-grill2braai\/","title":{"rendered":"Carri Chef 50 BBQ \/ Grill2Braai"},"content":{"rendered":"<p>Barbecue au gaz tout-en-un de luxe avec de nombreuses surfaces de cuisson. Le nouveau Carri Chef 50 est un barbecue au gaz moderne et portable pour les amateurs de cuisine en plein air. Avec une surface de cuisson g\u00e9n\u00e9reuse de 46 cm de diam\u00e8tre, ce barbecue polyvalent offre suffisamment d&rsquo;espace pour pr\u00e9parer un d\u00e9licieux repas en plein air.\u202fMultifonctionnel et polyvalent<br \/>\nLe Carri Chef 50 est con\u00e7u pour une utilisation optimale. Gr\u00e2ce \u00e0 un pied r\u00e9glable int\u00e9gr\u00e9, le barbecue reste stable et de niveau quelle que soit la surface. Vous pr\u00e9f\u00e9rez un mod\u00e8le de table compact  ? Utilisez ensuite uniquement la partie inf\u00e9rieure des pieds pour une configuration plus basse. Pour plus de stabilit\u00e9 et d&rsquo;espace de rangement, le barbecue est \u00e9quip\u00e9 d&rsquo;un porte-\u00e9pices pratique. L&rsquo;ensemble est livr\u00e9 avec une grille de barbecue, un support pour casserole et un couvercle avec thermom\u00e8tre, afin que vous puissiez cuisiner et griller imm\u00e9diatement. Pour encore plus de plaisir \u00e0 cuisiner, le Carri Chef 50 peut \u00eatre compl\u00e9t\u00e9 par de nombreux accessoires en option pour que vous puissiez composer votre barbecue id\u00e9al. L&rsquo;ensemble comprend une plaque Grill 2 Braai, une grille de barbecue, un support pour casserole et un couvercle avec thermom\u00e8tre. Que vous souhaitiez griller, cuire ou cuisiner, cet appareil polyvalent offre des possibilit\u00e9s infinies. Des performances puissantes et une r\u00e9partition homog\u00e8ne de la chaleur. Le puissant br\u00fbleur en acier inoxydable avec allumage pi\u00e9zo\u00e9lectrique assure un chauffage rapide. Gr\u00e2ce au diffuseur de chaleur int\u00e9gr\u00e9 sous la grille du barbecue, la chaleur est r\u00e9partie de mani\u00e8re homog\u00e8ne, ce qui garantit des plats parfaitement cuits. La grille BBQ est dot\u00e9e de notre rev\u00eatement innovant GreenGrill : ce rev\u00eatement en c\u00e9ramique, totalement exempt de PFAS, garantit une cuisson plus saine et un nettoyage facile. Fermez le couvercle et cr\u00e9ez une fonction four, l&rsquo;id\u00e9al pour cuire des sandwichs ou des plats cuisin\u00e9s. Lisez la temp\u00e9rature sur le thermom\u00e8tre situ\u00e9 dans le couvercle. Vous pouvez aussi accrocher le couvercle \u00e0 l&rsquo;arri\u00e8re du barbecue pour en faire un \u00e9cran anti-vent et anti-\u00e9claboussures. Nettoyage et stockage faciles. Le bac \u00e0 graisse \u00e9maill\u00e9 est amovible et donc facile \u00e0 nettoyer \u00e0 l&rsquo;eau savonneuse. Le barbecue est con\u00e7u pour une utilisation pratique et est facile \u00e0 (d\u00e9)monter. Les pieds en aluminium, qui se composent de deux parties, peuvent \u00eatre facilement d\u00e9viss\u00e9s et reviss\u00e9s, ce qui permet de ranger le barbecue de mani\u00e8re compacte dans les sacs de transport fournis. L&rsquo;id\u00e9al pour la maison et les vacances. Le Carri Chef 50 est con\u00e7u pour \u00eatre facilement emport\u00e9 avec vous gr\u00e2ce \u00e0 ses pieds repliables et au sac de transport fourni. Que ce soit dans le jardin ou au camping, ce barbecue tout-en-un offre une combinaison parfaite de commodit\u00e9, de polyvalence et de qualit\u00e9. Barbecue au gaz de luxe tout-en-un (\u00f8 50 cm). Peut \u00e9galement \u00eatre utilis\u00e9 comme mod\u00e8le de table.<br \/>\nPieds en aluminium viss\u00e9s en 2 parties Pied r\u00e9glable int\u00e9gr\u00e9. Allumage piezo automatique. Support de casseroles, grille BBQ, Grill 2 Braai et couvercle. Sac de transport inclus. Garantie de 2 ans<\/p>\n","protected":false},"excerpt":{"rendered":"<p>Barbecue au gaz tout-en-un de luxe avec de nombreuses surfaces de cuisson. Le nouveau Carri Chef 50 est un barbecue au gaz moderne et portable pour les amateurs de cuisine en plein air. Avec une surface de cuisson g\u00e9n\u00e9reuse de 46 cm de diam\u00e8tre, ce barbecue polyvalent offre suffisamment d&rsquo;espace pour pr\u00e9parer un d\u00e9licieux repas [&hellip;]<\/p>\n","protected":false},"featured_media":210132,"template":"","meta":{"_acf_changed":false},"product_featured_cat":[],"product_brand":[3668],"product_cat":[4279],"product_tag":[],"class_list":{"0":"post-210136","1":"product","2":"type-product","3":"status-publish","4":"has-post-thumbnail","6":"product_brand-cadac","7":"product_cat-barbecues-a-gaz","9":"first","10":"instock","11":"taxable","12":"shipping-taxable","13":"purchasable","14":"product-type-simple"},"acf":[],"yoast_head":"<!-- This site is optimized with the Yoast SEO plugin v27.4 - https:\/\/yoast.com\/product\/yoast-seo-wordpress\/ -->\n<title>Carri Chef 50 BBQ \/ Grill2Braai - Bantam Wankm\u00fcller SA<\/title>\n<meta name=\"robots\" content=\"index, follow, max-snippet:-1, max-image-preview:large, max-video-preview:-1\" \/>\n<link rel=\"canonical\" href=\"https:\/\/shop.bantam.ch\/fr\/produit\/carri-chef-50-bbq-grill2braai\/\" \/>\n<meta property=\"og:locale\" content=\"fr_FR\" \/>\n<meta property=\"og:type\" content=\"article\" \/>\n<meta property=\"og:title\" content=\"Carri Chef 50 BBQ \/ Grill2Braai - Bantam Wankm\u00fcller SA\" \/>\n<meta property=\"og:description\" content=\"Barbecue au gaz tout-en-un de luxe avec de nombreuses surfaces de cuisson. Le nouveau Carri Chef 50 est un barbecue au gaz moderne et portable pour les amateurs de cuisine en plein air. Avec une surface de cuisson g\u00e9n\u00e9reuse de 46 cm de diam\u00e8tre, ce barbecue polyvalent offre suffisamment d&rsquo;espace pour pr\u00e9parer un d\u00e9licieux repas [&hellip;]\" \/>\n<meta property=\"og:url\" content=\"https:\/\/shop.bantam.ch\/fr\/produit\/carri-chef-50-bbq-grill2braai\/\" \/>\n<meta property=\"og:site_name\" content=\"Bantam Wankm\u00fcller SA\" \/>\n<meta property=\"article:modified_time\" content=\"2026-04-17T21:16:54+00:00\" \/>\n<meta property=\"og:image\" content=\"https:\/\/shop.bantam.ch\/wp-content\/uploads\/2025\/03\/8915C-50_Carri_Chef_50_BBQ_Grill_2_Braai_1.jpg\" \/>\n\t<meta property=\"og:image:width\" content=\"800\" \/>\n\t<meta property=\"og:image:height\" content=\"1788\" \/>\n\t<meta property=\"og:image:type\" content=\"image\/jpeg\" \/>\n<meta name=\"twitter:card\" content=\"summary_large_image\" \/>\n<meta name=\"twitter:label1\" content=\"Dur\u00e9e de lecture estim\u00e9e\" \/>\n\t<meta name=\"twitter:data1\" content=\"3 minutes\" \/>\n<script type=\"application\/ld+json\" class=\"yoast-schema-graph\">{\"@context\":\"https:\\\/\\\/schema.org\",\"@graph\":[{\"@type\":\"WebPage\",\"@id\":\"https:\\\/\\\/shop.bantam.ch\\\/fr\\\/produit\\\/carri-chef-50-bbq-grill2braai\\\/\",\"url\":\"https:\\\/\\\/shop.bantam.ch\\\/fr\\\/produit\\\/carri-chef-50-bbq-grill2braai\\\/\",\"name\":\"Carri Chef 50 BBQ \\\/ Grill2Braai - Bantam Wankm\u00fcller SA\",\"isPartOf\":{\"@id\":\"https:\\\/\\\/shop.bantam.ch\\\/fr\\\/#website\"},\"primaryImageOfPage\":{\"@id\":\"https:\\\/\\\/shop.bantam.ch\\\/fr\\\/produit\\\/carri-chef-50-bbq-grill2braai\\\/#primaryimage\"},\"image\":{\"@id\":\"https:\\\/\\\/shop.bantam.ch\\\/fr\\\/produit\\\/carri-chef-50-bbq-grill2braai\\\/#primaryimage\"},\"thumbnailUrl\":\"https:\\\/\\\/shop.bantam.ch\\\/wp-content\\\/uploads\\\/2025\\\/03\\\/8915C-50_Carri_Chef_50_BBQ_Grill_2_Braai_1.jpg\",\"datePublished\":\"2025-03-06T10:08:55+00:00\",\"dateModified\":\"2026-04-17T21:16:54+00:00\",\"breadcrumb\":{\"@id\":\"https:\\\/\\\/shop.bantam.ch\\\/fr\\\/produit\\\/carri-chef-50-bbq-grill2braai\\\/#breadcrumb\"},\"inLanguage\":\"fr-FR\",\"potentialAction\":[{\"@type\":\"ReadAction\",\"target\":[\"https:\\\/\\\/shop.bantam.ch\\\/fr\\\/produit\\\/carri-chef-50-bbq-grill2braai\\\/\"]}]},{\"@type\":\"ImageObject\",\"inLanguage\":\"fr-FR\",\"@id\":\"https:\\\/\\\/shop.bantam.ch\\\/fr\\\/produit\\\/carri-chef-50-bbq-grill2braai\\\/#primaryimage\",\"url\":\"https:\\\/\\\/shop.bantam.ch\\\/wp-content\\\/uploads\\\/2025\\\/03\\\/8915C-50_Carri_Chef_50_BBQ_Grill_2_Braai_1.jpg\",\"contentUrl\":\"https:\\\/\\\/shop.bantam.ch\\\/wp-content\\\/uploads\\\/2025\\\/03\\\/8915C-50_Carri_Chef_50_BBQ_Grill_2_Braai_1.jpg\",\"width\":800,\"height\":1788},{\"@type\":\"BreadcrumbList\",\"@id\":\"https:\\\/\\\/shop.bantam.ch\\\/fr\\\/produit\\\/carri-chef-50-bbq-grill2braai\\\/#breadcrumb\",\"itemListElement\":[{\"@type\":\"ListItem\",\"position\":1,\"name\":\"Accueil\",\"item\":\"https:\\\/\\\/shop.bantam.ch\\\/fr\\\/\"},{\"@type\":\"ListItem\",\"position\":2,\"name\":\"Boutique\",\"item\":\"https:\\\/\\\/shop.bantam.ch\\\/fr\\\/boutique\\\/\"},{\"@type\":\"ListItem\",\"position\":3,\"name\":\"Carri Chef 50 BBQ \\\/ Grill2Braai\"}]},{\"@type\":\"WebSite\",\"@id\":\"https:\\\/\\\/shop.bantam.ch\\\/fr\\\/#website\",\"url\":\"https:\\\/\\\/shop.bantam.ch\\\/fr\\\/\",\"name\":\"Bantam Wankm\u00fcller SA\",\"description\":\"\",\"publisher\":{\"@id\":\"https:\\\/\\\/shop.bantam.ch\\\/fr\\\/#organization\"},\"inLanguage\":\"fr-FR\"},{\"@type\":\"Organization\",\"@id\":\"https:\\\/\\\/shop.bantam.ch\\\/fr\\\/#organization\",\"name\":\"Bantam Wankm\u00fcller SA\",\"url\":\"https:\\\/\\\/shop.bantam.ch\\\/fr\\\/\",\"logo\":{\"@type\":\"ImageObject\",\"inLanguage\":\"fr-FR\",\"@id\":\"https:\\\/\\\/shop.bantam.ch\\\/fr\\\/#\\\/schema\\\/logo\\\/image\\\/\",\"url\":\"https:\\\/\\\/shop.bantam.ch\\\/wp-content\\\/uploads\\\/2022\\\/12\\\/bantam-logo.png\",\"contentUrl\":\"https:\\\/\\\/shop.bantam.ch\\\/wp-content\\\/uploads\\\/2022\\\/12\\\/bantam-logo.png\",\"width\":320,\"height\":71,\"caption\":\"Bantam Wankm\u00fcller SA\"},\"image\":{\"@id\":\"https:\\\/\\\/shop.bantam.ch\\\/fr\\\/#\\\/schema\\\/logo\\\/image\\\/\"}}]}<\/script>\n<!-- \/ Yoast SEO plugin. -->","yoast_head_json":{"title":"Carri Chef 50 BBQ \/ Grill2Braai - Bantam Wankm\u00fcller SA","robots":{"index":"index","follow":"follow","max-snippet":"max-snippet:-1","max-image-preview":"max-image-preview:large","max-video-preview":"max-video-preview:-1"},"canonical":"https:\/\/shop.bantam.ch\/fr\/produit\/carri-chef-50-bbq-grill2braai\/","og_locale":"fr_FR","og_type":"article","og_title":"Carri Chef 50 BBQ \/ Grill2Braai - Bantam Wankm\u00fcller SA","og_description":"Barbecue au gaz tout-en-un de luxe avec de nombreuses surfaces de cuisson. Le nouveau Carri Chef 50 est un barbecue au gaz moderne et portable pour les amateurs de cuisine en plein air. Avec une surface de cuisson g\u00e9n\u00e9reuse de 46 cm de diam\u00e8tre, ce barbecue polyvalent offre suffisamment d&rsquo;espace pour pr\u00e9parer un d\u00e9licieux repas [&hellip;]","og_url":"https:\/\/shop.bantam.ch\/fr\/produit\/carri-chef-50-bbq-grill2braai\/","og_site_name":"Bantam Wankm\u00fcller SA","article_modified_time":"2026-04-17T21:16:54+00:00","og_image":[{"width":800,"height":1788,"url":"https:\/\/shop.bantam.ch\/wp-content\/uploads\/2025\/03\/8915C-50_Carri_Chef_50_BBQ_Grill_2_Braai_1.jpg","type":"image\/jpeg"}],"twitter_card":"summary_large_image","twitter_misc":{"Dur\u00e9e de lecture estim\u00e9e":"3 minutes"},"schema":{"@context":"https:\/\/schema.org","@graph":[{"@type":"WebPage","@id":"https:\/\/shop.bantam.ch\/fr\/produit\/carri-chef-50-bbq-grill2braai\/","url":"https:\/\/shop.bantam.ch\/fr\/produit\/carri-chef-50-bbq-grill2braai\/","name":"Carri Chef 50 BBQ \/ Grill2Braai - Bantam Wankm\u00fcller SA","isPartOf":{"@id":"https:\/\/shop.bantam.ch\/fr\/#website"},"primaryImageOfPage":{"@id":"https:\/\/shop.bantam.ch\/fr\/produit\/carri-chef-50-bbq-grill2braai\/#primaryimage"},"image":{"@id":"https:\/\/shop.bantam.ch\/fr\/produit\/carri-chef-50-bbq-grill2braai\/#primaryimage"},"thumbnailUrl":"https:\/\/shop.bantam.ch\/wp-content\/uploads\/2025\/03\/8915C-50_Carri_Chef_50_BBQ_Grill_2_Braai_1.jpg","datePublished":"2025-03-06T10:08:55+00:00","dateModified":"2026-04-17T21:16:54+00:00","breadcrumb":{"@id":"https:\/\/shop.bantam.ch\/fr\/produit\/carri-chef-50-bbq-grill2braai\/#breadcrumb"},"inLanguage":"fr-FR","potentialAction":[{"@type":"ReadAction","target":["https:\/\/shop.bantam.ch\/fr\/produit\/carri-chef-50-bbq-grill2braai\/"]}]},{"@type":"ImageObject","inLanguage":"fr-FR","@id":"https:\/\/shop.bantam.ch\/fr\/produit\/carri-chef-50-bbq-grill2braai\/#primaryimage","url":"https:\/\/shop.bantam.ch\/wp-content\/uploads\/2025\/03\/8915C-50_Carri_Chef_50_BBQ_Grill_2_Braai_1.jpg","contentUrl":"https:\/\/shop.bantam.ch\/wp-content\/uploads\/2025\/03\/8915C-50_Carri_Chef_50_BBQ_Grill_2_Braai_1.jpg","width":800,"height":1788},{"@type":"BreadcrumbList","@id":"https:\/\/shop.bantam.ch\/fr\/produit\/carri-chef-50-bbq-grill2braai\/#breadcrumb","itemListElement":[{"@type":"ListItem","position":1,"name":"Accueil","item":"https:\/\/shop.bantam.ch\/fr\/"},{"@type":"ListItem","position":2,"name":"Boutique","item":"https:\/\/shop.bantam.ch\/fr\/boutique\/"},{"@type":"ListItem","position":3,"name":"Carri Chef 50 BBQ \/ Grill2Braai"}]},{"@type":"WebSite","@id":"https:\/\/shop.bantam.ch\/fr\/#website","url":"https:\/\/shop.bantam.ch\/fr\/","name":"Bantam Wankm\u00fcller SA","description":"","publisher":{"@id":"https:\/\/shop.bantam.ch\/fr\/#organization"},"inLanguage":"fr-FR"},{"@type":"Organization","@id":"https:\/\/shop.bantam.ch\/fr\/#organization","name":"Bantam Wankm\u00fcller SA","url":"https:\/\/shop.bantam.ch\/fr\/","logo":{"@type":"ImageObject","inLanguage":"fr-FR","@id":"https:\/\/shop.bantam.ch\/fr\/#\/schema\/logo\/image\/","url":"https:\/\/shop.bantam.ch\/wp-content\/uploads\/2022\/12\/bantam-logo.png","contentUrl":"https:\/\/shop.bantam.ch\/wp-content\/uploads\/2022\/12\/bantam-logo.png","width":320,"height":71,"caption":"Bantam Wankm\u00fcller SA"},"image":{"@id":"https:\/\/shop.bantam.ch\/fr\/#\/schema\/logo\/image\/"}}]}},"_links":{"self":[{"href":"https:\/\/shop.bantam.ch\/fr\/wp-json\/wp\/v2\/product\/210136","targetHints":{"allow":["GET"]}}],"collection":[{"href":"https:\/\/shop.bantam.ch\/fr\/wp-json\/wp\/v2\/product"}],"about":[{"href":"https:\/\/shop.bantam.ch\/fr\/wp-json\/wp\/v2\/types\/product"}],"wp:featuredmedia":[{"embeddable":true,"href":"https:\/\/shop.bantam.ch\/fr\/wp-json\/wp\/v2\/media\/210132"}],"wp:attachment":[{"href":"https:\/\/shop.bantam.ch\/fr\/wp-json\/wp\/v2\/media?parent=210136"}],"wp:term":[{"taxonomy":"product_featured_cat","embeddable":true,"href":"https:\/\/shop.bantam.ch\/fr\/wp-json\/wp\/v2\/product_featured_cat?post=210136"},{"taxonomy":"product_brand","embeddable":true,"href":"https:\/\/shop.bantam.ch\/fr\/wp-json\/wp\/v2\/product_brand?post=210136"},{"taxonomy":"product_cat","embeddable":true,"href":"https:\/\/shop.bantam.ch\/fr\/wp-json\/wp\/v2\/product_cat?post=210136"},{"taxonomy":"product_tag","embeddable":true,"href":"https:\/\/shop.bantam.ch\/fr\/wp-json\/wp\/v2\/product_tag?post=210136"}],"curies":[{"name":"wp","href":"https:\/\/api.w.org\/{rel}","templated":true}]}}