{"id":210130,"date":"2025-03-06T10:57:35","date_gmt":"2025-03-06T09:57:35","guid":{"rendered":"https:\/\/shop.bantam.ch\/produit\/carri-chef-40-bbq-dome-30-mbar\/"},"modified":"2026-04-17T23:16:48","modified_gmt":"2026-04-17T21:16:48","slug":"carri-chef-40-bbq-dome-30-mbar","status":"publish","type":"product","link":"https:\/\/shop.bantam.ch\/fr\/produit\/carri-chef-40-bbq-dome-30-mbar\/","title":{"rendered":"Carri Chef 40 BBQ\/Dome 30 mbar"},"content":{"rendered":"<p>Barbecue \u00e0 Gaz nomade. Le Carri Chef 40 est le barbecue id\u00e9al pour l&rsquo;ext\u00e9rieur. Le puissant br\u00fbleur en acier inoxydable avec allumage pi\u00e9zo\u00e9lectrique garantit la bonne temp\u00e9rature. Avec le couvercle ferm\u00e9, vous cr\u00e9ez un four, id\u00e9al pour cuire ou r\u00f4tir. En pla\u00e7ant le couvercle sur le c\u00f4t\u00e9 du bac \u00e0 graisse, on peut \u00e9galement l&rsquo;utiliser comme pare-brise. Cette gamme de barbecues de taille moyenne et l\u00e9g\u00e8re est \u00e9quip\u00e9e d&rsquo;un allumage pi\u00e9zo\u00e9lectrique \u00e0 bouton-poussoir et d&rsquo;une commande de temp\u00e9rature \u00e0 r\u00e9glage fin, vous assurant une cuisson parfaite en quelques minutes. Elle est robuste, compacte et portable ; parfaite pour faire griller de la viande, du poisson ou des l\u00e9gumes. Gr\u00e2ce au diffuseur de chaleur int\u00e9gr\u00e9 sous la grille, la chaleur est bien r\u00e9partie sur toute la surface de cuisson. La grille BBQ et la plaque de cuisson sont dot\u00e9es du rev\u00eatement GreenGrill de CADAC : ce rev\u00eatement en c\u00e9ramique, totalement exempt de PFOA, garantit une cuisson plus saine et un nettoyage facile. Le bac \u00e0 graisse est amovible, ce qui permet de le nettoyer facilement \u00e0 l&rsquo;eau savonneuse. L&rsquo;un des pieds est \u00e9quip\u00e9 d&rsquo;un pied r\u00e9glable afin que vous puissiez facilement mettre le barbecue \u00e0 niveau sur tout type de surface. Remarque : la bouteille de gaz, le r\u00e9gulateur de pression et\/ou le Power Pak ne sont pas inclus. Barbecue \u00e0 Gaz nomade (\u00f8 40cm). \u00c9quip\u00e9 d&rsquo;un pied r\u00e9glable. Allumage piezo automatique. Le couvercle s&rsquo;accroche sur le c\u00f4t\u00e9 pour faire office de pare-vent et pour prot\u00e9ger des \u00e9claboussures. Support de casserole, grille de barbecue et couvercle inclus. Avec sac de transport. Garantie de 2 ans<\/p>\n","protected":false},"excerpt":{"rendered":"<p>Barbecue \u00e0 Gaz nomade. Le Carri Chef 40 est le barbecue id\u00e9al pour l&rsquo;ext\u00e9rieur. Le puissant br\u00fbleur en acier inoxydable avec allumage pi\u00e9zo\u00e9lectrique garantit la bonne temp\u00e9rature. Avec le couvercle ferm\u00e9, vous cr\u00e9ez un four, id\u00e9al pour cuire ou r\u00f4tir. En pla\u00e7ant le couvercle sur le c\u00f4t\u00e9 du bac \u00e0 graisse, on peut \u00e9galement l&rsquo;utiliser [&hellip;]<\/p>\n","protected":false},"featured_media":210120,"template":"","meta":{"_acf_changed":false},"product_featured_cat":[],"product_brand":[3668],"product_cat":[4279],"product_tag":[],"class_list":{"0":"post-210130","1":"product","2":"type-product","3":"status-publish","4":"has-post-thumbnail","6":"product_brand-cadac","7":"product_cat-barbecues-a-gaz","9":"first","10":"instock","11":"taxable","12":"shipping-taxable","13":"purchasable","14":"product-type-simple"},"acf":[],"yoast_head":"<!-- This site is optimized with the Yoast SEO plugin v27.4 - https:\/\/yoast.com\/product\/yoast-seo-wordpress\/ -->\n<title>Carri Chef 40 BBQ\/Dome 30 mbar - Bantam Wankm\u00fcller SA<\/title>\n<meta name=\"robots\" content=\"index, follow, max-snippet:-1, max-image-preview:large, max-video-preview:-1\" \/>\n<link rel=\"canonical\" href=\"https:\/\/shop.bantam.ch\/fr\/produit\/carri-chef-40-bbq-dome-30-mbar\/\" \/>\n<meta property=\"og:locale\" content=\"fr_FR\" \/>\n<meta property=\"og:type\" content=\"article\" \/>\n<meta property=\"og:title\" content=\"Carri Chef 40 BBQ\/Dome 30 mbar - Bantam Wankm\u00fcller SA\" \/>\n<meta property=\"og:description\" content=\"Barbecue \u00e0 Gaz nomade. Le Carri Chef 40 est le barbecue id\u00e9al pour l&rsquo;ext\u00e9rieur. Le puissant br\u00fbleur en acier inoxydable avec allumage pi\u00e9zo\u00e9lectrique garantit la bonne temp\u00e9rature. Avec le couvercle ferm\u00e9, vous cr\u00e9ez un four, id\u00e9al pour cuire ou r\u00f4tir. En pla\u00e7ant le couvercle sur le c\u00f4t\u00e9 du bac \u00e0 graisse, on peut \u00e9galement l&rsquo;utiliser [&hellip;]\" \/>\n<meta property=\"og:url\" content=\"https:\/\/shop.bantam.ch\/fr\/produit\/carri-chef-40-bbq-dome-30-mbar\/\" \/>\n<meta property=\"og:site_name\" content=\"Bantam Wankm\u00fcller SA\" \/>\n<meta property=\"article:modified_time\" content=\"2026-04-17T21:16:48+00:00\" \/>\n<meta property=\"og:image\" content=\"https:\/\/shop.bantam.ch\/wp-content\/uploads\/2025\/03\/8905_Carri_Chef_40_1.jpg\" \/>\n\t<meta property=\"og:image:width\" content=\"800\" \/>\n\t<meta property=\"og:image:height\" content=\"800\" \/>\n\t<meta property=\"og:image:type\" content=\"image\/jpeg\" \/>\n<meta name=\"twitter:card\" content=\"summary_large_image\" \/>\n<meta name=\"twitter:label1\" content=\"Dur\u00e9e de lecture estim\u00e9e\" \/>\n\t<meta name=\"twitter:data1\" content=\"1 minute\" \/>\n<script type=\"application\/ld+json\" class=\"yoast-schema-graph\">{\"@context\":\"https:\\\/\\\/schema.org\",\"@graph\":[{\"@type\":\"WebPage\",\"@id\":\"https:\\\/\\\/shop.bantam.ch\\\/fr\\\/produit\\\/carri-chef-40-bbq-dome-30-mbar\\\/\",\"url\":\"https:\\\/\\\/shop.bantam.ch\\\/fr\\\/produit\\\/carri-chef-40-bbq-dome-30-mbar\\\/\",\"name\":\"Carri Chef 40 BBQ\\\/Dome 30 mbar - Bantam Wankm\u00fcller SA\",\"isPartOf\":{\"@id\":\"https:\\\/\\\/shop.bantam.ch\\\/fr\\\/#website\"},\"primaryImageOfPage\":{\"@id\":\"https:\\\/\\\/shop.bantam.ch\\\/fr\\\/produit\\\/carri-chef-40-bbq-dome-30-mbar\\\/#primaryimage\"},\"image\":{\"@id\":\"https:\\\/\\\/shop.bantam.ch\\\/fr\\\/produit\\\/carri-chef-40-bbq-dome-30-mbar\\\/#primaryimage\"},\"thumbnailUrl\":\"https:\\\/\\\/shop.bantam.ch\\\/wp-content\\\/uploads\\\/2025\\\/03\\\/8905_Carri_Chef_40_1.jpg\",\"datePublished\":\"2025-03-06T09:57:35+00:00\",\"dateModified\":\"2026-04-17T21:16:48+00:00\",\"breadcrumb\":{\"@id\":\"https:\\\/\\\/shop.bantam.ch\\\/fr\\\/produit\\\/carri-chef-40-bbq-dome-30-mbar\\\/#breadcrumb\"},\"inLanguage\":\"fr-FR\",\"potentialAction\":[{\"@type\":\"ReadAction\",\"target\":[\"https:\\\/\\\/shop.bantam.ch\\\/fr\\\/produit\\\/carri-chef-40-bbq-dome-30-mbar\\\/\"]}]},{\"@type\":\"ImageObject\",\"inLanguage\":\"fr-FR\",\"@id\":\"https:\\\/\\\/shop.bantam.ch\\\/fr\\\/produit\\\/carri-chef-40-bbq-dome-30-mbar\\\/#primaryimage\",\"url\":\"https:\\\/\\\/shop.bantam.ch\\\/wp-content\\\/uploads\\\/2025\\\/03\\\/8905_Carri_Chef_40_1.jpg\",\"contentUrl\":\"https:\\\/\\\/shop.bantam.ch\\\/wp-content\\\/uploads\\\/2025\\\/03\\\/8905_Carri_Chef_40_1.jpg\",\"width\":800,\"height\":800},{\"@type\":\"BreadcrumbList\",\"@id\":\"https:\\\/\\\/shop.bantam.ch\\\/fr\\\/produit\\\/carri-chef-40-bbq-dome-30-mbar\\\/#breadcrumb\",\"itemListElement\":[{\"@type\":\"ListItem\",\"position\":1,\"name\":\"Accueil\",\"item\":\"https:\\\/\\\/shop.bantam.ch\\\/fr\\\/\"},{\"@type\":\"ListItem\",\"position\":2,\"name\":\"Boutique\",\"item\":\"https:\\\/\\\/shop.bantam.ch\\\/fr\\\/boutique\\\/\"},{\"@type\":\"ListItem\",\"position\":3,\"name\":\"Carri Chef 40 BBQ\\\/Dome 30 mbar\"}]},{\"@type\":\"WebSite\",\"@id\":\"https:\\\/\\\/shop.bantam.ch\\\/fr\\\/#website\",\"url\":\"https:\\\/\\\/shop.bantam.ch\\\/fr\\\/\",\"name\":\"Bantam Wankm\u00fcller SA\",\"description\":\"\",\"publisher\":{\"@id\":\"https:\\\/\\\/shop.bantam.ch\\\/fr\\\/#organization\"},\"inLanguage\":\"fr-FR\"},{\"@type\":\"Organization\",\"@id\":\"https:\\\/\\\/shop.bantam.ch\\\/fr\\\/#organization\",\"name\":\"Bantam Wankm\u00fcller SA\",\"url\":\"https:\\\/\\\/shop.bantam.ch\\\/fr\\\/\",\"logo\":{\"@type\":\"ImageObject\",\"inLanguage\":\"fr-FR\",\"@id\":\"https:\\\/\\\/shop.bantam.ch\\\/fr\\\/#\\\/schema\\\/logo\\\/image\\\/\",\"url\":\"https:\\\/\\\/shop.bantam.ch\\\/wp-content\\\/uploads\\\/2022\\\/12\\\/bantam-logo.png\",\"contentUrl\":\"https:\\\/\\\/shop.bantam.ch\\\/wp-content\\\/uploads\\\/2022\\\/12\\\/bantam-logo.png\",\"width\":320,\"height\":71,\"caption\":\"Bantam Wankm\u00fcller SA\"},\"image\":{\"@id\":\"https:\\\/\\\/shop.bantam.ch\\\/fr\\\/#\\\/schema\\\/logo\\\/image\\\/\"}}]}<\/script>\n<!-- \/ Yoast SEO plugin. -->","yoast_head_json":{"title":"Carri Chef 40 BBQ\/Dome 30 mbar - Bantam Wankm\u00fcller SA","robots":{"index":"index","follow":"follow","max-snippet":"max-snippet:-1","max-image-preview":"max-image-preview:large","max-video-preview":"max-video-preview:-1"},"canonical":"https:\/\/shop.bantam.ch\/fr\/produit\/carri-chef-40-bbq-dome-30-mbar\/","og_locale":"fr_FR","og_type":"article","og_title":"Carri Chef 40 BBQ\/Dome 30 mbar - Bantam Wankm\u00fcller SA","og_description":"Barbecue \u00e0 Gaz nomade. Le Carri Chef 40 est le barbecue id\u00e9al pour l&rsquo;ext\u00e9rieur. Le puissant br\u00fbleur en acier inoxydable avec allumage pi\u00e9zo\u00e9lectrique garantit la bonne temp\u00e9rature. Avec le couvercle ferm\u00e9, vous cr\u00e9ez un four, id\u00e9al pour cuire ou r\u00f4tir. En pla\u00e7ant le couvercle sur le c\u00f4t\u00e9 du bac \u00e0 graisse, on peut \u00e9galement l&rsquo;utiliser [&hellip;]","og_url":"https:\/\/shop.bantam.ch\/fr\/produit\/carri-chef-40-bbq-dome-30-mbar\/","og_site_name":"Bantam Wankm\u00fcller SA","article_modified_time":"2026-04-17T21:16:48+00:00","og_image":[{"width":800,"height":800,"url":"https:\/\/shop.bantam.ch\/wp-content\/uploads\/2025\/03\/8905_Carri_Chef_40_1.jpg","type":"image\/jpeg"}],"twitter_card":"summary_large_image","twitter_misc":{"Dur\u00e9e de lecture estim\u00e9e":"1 minute"},"schema":{"@context":"https:\/\/schema.org","@graph":[{"@type":"WebPage","@id":"https:\/\/shop.bantam.ch\/fr\/produit\/carri-chef-40-bbq-dome-30-mbar\/","url":"https:\/\/shop.bantam.ch\/fr\/produit\/carri-chef-40-bbq-dome-30-mbar\/","name":"Carri Chef 40 BBQ\/Dome 30 mbar - Bantam Wankm\u00fcller SA","isPartOf":{"@id":"https:\/\/shop.bantam.ch\/fr\/#website"},"primaryImageOfPage":{"@id":"https:\/\/shop.bantam.ch\/fr\/produit\/carri-chef-40-bbq-dome-30-mbar\/#primaryimage"},"image":{"@id":"https:\/\/shop.bantam.ch\/fr\/produit\/carri-chef-40-bbq-dome-30-mbar\/#primaryimage"},"thumbnailUrl":"https:\/\/shop.bantam.ch\/wp-content\/uploads\/2025\/03\/8905_Carri_Chef_40_1.jpg","datePublished":"2025-03-06T09:57:35+00:00","dateModified":"2026-04-17T21:16:48+00:00","breadcrumb":{"@id":"https:\/\/shop.bantam.ch\/fr\/produit\/carri-chef-40-bbq-dome-30-mbar\/#breadcrumb"},"inLanguage":"fr-FR","potentialAction":[{"@type":"ReadAction","target":["https:\/\/shop.bantam.ch\/fr\/produit\/carri-chef-40-bbq-dome-30-mbar\/"]}]},{"@type":"ImageObject","inLanguage":"fr-FR","@id":"https:\/\/shop.bantam.ch\/fr\/produit\/carri-chef-40-bbq-dome-30-mbar\/#primaryimage","url":"https:\/\/shop.bantam.ch\/wp-content\/uploads\/2025\/03\/8905_Carri_Chef_40_1.jpg","contentUrl":"https:\/\/shop.bantam.ch\/wp-content\/uploads\/2025\/03\/8905_Carri_Chef_40_1.jpg","width":800,"height":800},{"@type":"BreadcrumbList","@id":"https:\/\/shop.bantam.ch\/fr\/produit\/carri-chef-40-bbq-dome-30-mbar\/#breadcrumb","itemListElement":[{"@type":"ListItem","position":1,"name":"Accueil","item":"https:\/\/shop.bantam.ch\/fr\/"},{"@type":"ListItem","position":2,"name":"Boutique","item":"https:\/\/shop.bantam.ch\/fr\/boutique\/"},{"@type":"ListItem","position":3,"name":"Carri Chef 40 BBQ\/Dome 30 mbar"}]},{"@type":"WebSite","@id":"https:\/\/shop.bantam.ch\/fr\/#website","url":"https:\/\/shop.bantam.ch\/fr\/","name":"Bantam Wankm\u00fcller SA","description":"","publisher":{"@id":"https:\/\/shop.bantam.ch\/fr\/#organization"},"inLanguage":"fr-FR"},{"@type":"Organization","@id":"https:\/\/shop.bantam.ch\/fr\/#organization","name":"Bantam Wankm\u00fcller SA","url":"https:\/\/shop.bantam.ch\/fr\/","logo":{"@type":"ImageObject","inLanguage":"fr-FR","@id":"https:\/\/shop.bantam.ch\/fr\/#\/schema\/logo\/image\/","url":"https:\/\/shop.bantam.ch\/wp-content\/uploads\/2022\/12\/bantam-logo.png","contentUrl":"https:\/\/shop.bantam.ch\/wp-content\/uploads\/2022\/12\/bantam-logo.png","width":320,"height":71,"caption":"Bantam Wankm\u00fcller SA"},"image":{"@id":"https:\/\/shop.bantam.ch\/fr\/#\/schema\/logo\/image\/"}}]}},"_links":{"self":[{"href":"https:\/\/shop.bantam.ch\/fr\/wp-json\/wp\/v2\/product\/210130","targetHints":{"allow":["GET"]}}],"collection":[{"href":"https:\/\/shop.bantam.ch\/fr\/wp-json\/wp\/v2\/product"}],"about":[{"href":"https:\/\/shop.bantam.ch\/fr\/wp-json\/wp\/v2\/types\/product"}],"wp:featuredmedia":[{"embeddable":true,"href":"https:\/\/shop.bantam.ch\/fr\/wp-json\/wp\/v2\/media\/210120"}],"wp:attachment":[{"href":"https:\/\/shop.bantam.ch\/fr\/wp-json\/wp\/v2\/media?parent=210130"}],"wp:term":[{"taxonomy":"product_featured_cat","embeddable":true,"href":"https:\/\/shop.bantam.ch\/fr\/wp-json\/wp\/v2\/product_featured_cat?post=210130"},{"taxonomy":"product_brand","embeddable":true,"href":"https:\/\/shop.bantam.ch\/fr\/wp-json\/wp\/v2\/product_brand?post=210130"},{"taxonomy":"product_cat","embeddable":true,"href":"https:\/\/shop.bantam.ch\/fr\/wp-json\/wp\/v2\/product_cat?post=210130"},{"taxonomy":"product_tag","embeddable":true,"href":"https:\/\/shop.bantam.ch\/fr\/wp-json\/wp\/v2\/product_tag?post=210130"}],"curies":[{"name":"wp","href":"https:\/\/api.w.org\/{rel}","templated":true}]}}