{"id":210093,"date":"2025-03-06T10:17:04","date_gmt":"2025-03-06T09:17:04","guid":{"rendered":"https:\/\/shop.bantam.ch\/produit\/3-cook-turbo-ffd-deluxe\/"},"modified":"2026-04-18T23:20:00","modified_gmt":"2026-04-18T21:20:00","slug":"3-cook-turbo-ffd-deluxe","status":"publish","type":"product","link":"https:\/\/shop.bantam.ch\/fr\/produit\/3-cook-turbo-ffd-deluxe\/","title":{"rendered":"3 Cook Turbo FFD Deluxe"},"content":{"rendered":"<p>R\u00e9chaud de luxe pour les vacances en camping. Pr\u00e9parez les repas les plus vari\u00e9s et les plus complets en vacances avec le 3 Cook Turbo FFD. \u00c9quip\u00e9 de trois br\u00fbleurs de haute qualit\u00e9, dont un plus petit adapt\u00e9 aux casseroles d&rsquo;un diam\u00e8tre maximal de 16 cm, ce r\u00e9chaud comprend trois supports de casseroles, un support pour cafeti\u00e8re, deux plaques de cuisson (une lisse et une nervur\u00e9e) avec rev\u00eatement antiadh\u00e9sif en c\u00e9ramique GreenGrill pour un nettoyage facile ainsi qu\u2019une poign\u00e9e amovible pratique pour permettre de les manipuler facilement. Cuisinez en toute s\u00e9curit\u00e9 avec le dispositif de protection contre les flammes (FFD). Comme les autres appareils de la gamme Turbo, le 3 Cook Turbo int\u00e8gre un dispositif de coupure de flamme, \u00e9galement appel\u00e9e Flame Failure Device (FFD ou Thermocouple). Le FFD coupe automatiquement l&rsquo;alimentation en gaz si la flamme s&rsquo;\u00e9teint soudainement. Cela assure une utilisation s\u00fbre, aussi bien \u00e0 l\u2019int\u00e9rieur qu\u2019\u00e0 l\u2019ext\u00e9rieur, ce qui peut s\u2019av\u00e9rer tr\u00e8s pratique en cas de mauvais temps. Br\u00fbleurs turbo puissants et efficaces. Gr\u00e2ce \u00e0 une conception unique, les br\u00fbleurs Turbo d\u00e9livrent une puissance thermique plus concentr\u00e9e, permettant un temps de chauffe rapide surpassant de loin les performances des appareils traditionnels. Cette efficacit\u00e9 permet de r\u00e9duire la consommation de gaz et le temps pour porter \u00e0 \u00e9bullition jusqu\u2019\u00e0 20%. Deux pare-vents pratiques, \u00e0 placer sur les c\u00f4t\u00e9s, sont inclus pour assurer une protection suppl\u00e9mentaire. Compact, portable et complet. Gr\u00e2ce \u00e0 ses pieds en caoutchouc, ce r\u00e9chaud reste bien en place sur n\u2019importe quelle surface, \u00e9vitant ainsi de glisser pendant la pr\u00e9paration des aliments. Malgr\u00e9 sa configuration \u00e0 trois br\u00fbleurs, ce r\u00e9chaud \u00e0 gaz demeure compact et portable. Il est facile \u00e0 ranger gr\u00e2ce \u00e0 ses plaques de cuisson qui se glissent sous l&rsquo;appareil apr\u00e8s utilisation, ainsi qu&rsquo;\u00e0 ses poign\u00e9es encastr\u00e9es et au sac de transport fourni. R\u00e9chaud de luxe avec 3 br\u00fbleurs Turbo. Dispositif de coupure de flamme (FFD ou Thermocouple) pour une s\u00e9curit\u00e9 accrue. Pour utilisation \u00e0 l&rsquo;ext\u00e9rieur et \u00e0 l&rsquo;int\u00e9rieur. Corps en nylon et base du br\u00fbleur en acier inoxydable. Allumage automatique. Inclus : 3 supports pour casserole, une plaque de cuisson lisse, une plaque de cuisson nervur\u00e9e, une poign\u00e9e amovible, un support de cafeti\u00e8re et des pare-vents. Livr\u00e9 avec un sac de rangement pratique. 2 ans de garantie<\/p>\n","protected":false},"excerpt":{"rendered":"<p>R\u00e9chaud de luxe pour les vacances en camping. Pr\u00e9parez les repas les plus vari\u00e9s et les plus complets en vacances avec le 3 Cook Turbo FFD. \u00c9quip\u00e9 de trois br\u00fbleurs de haute qualit\u00e9, dont un plus petit adapt\u00e9 aux casseroles d&rsquo;un diam\u00e8tre maximal de 16 cm, ce r\u00e9chaud comprend trois supports de casseroles, un support [&hellip;]<\/p>\n","protected":false},"featured_media":210083,"template":"","meta":{"_acf_changed":false},"product_featured_cat":[],"product_brand":[3668],"product_cat":[4279],"product_tag":[],"class_list":{"0":"post-210093","1":"product","2":"type-product","3":"status-publish","4":"has-post-thumbnail","6":"product_brand-cadac","7":"product_cat-barbecues-a-gaz","9":"first","10":"instock","11":"taxable","12":"shipping-taxable","13":"purchasable","14":"product-type-simple"},"acf":[],"yoast_head":"<!-- This site is optimized with the Yoast SEO plugin v27.4 - https:\/\/yoast.com\/product\/yoast-seo-wordpress\/ -->\n<title>3 Cook Turbo FFD Deluxe - Bantam Wankm\u00fcller SA<\/title>\n<meta name=\"robots\" content=\"index, follow, max-snippet:-1, max-image-preview:large, max-video-preview:-1\" \/>\n<link rel=\"canonical\" href=\"https:\/\/shop.bantam.ch\/fr\/produit\/3-cook-turbo-ffd-deluxe\/\" \/>\n<meta property=\"og:locale\" content=\"fr_FR\" \/>\n<meta property=\"og:type\" content=\"article\" \/>\n<meta property=\"og:title\" content=\"3 Cook Turbo FFD Deluxe - Bantam Wankm\u00fcller SA\" \/>\n<meta property=\"og:description\" content=\"R\u00e9chaud de luxe pour les vacances en camping. Pr\u00e9parez les repas les plus vari\u00e9s et les plus complets en vacances avec le 3 Cook Turbo FFD. \u00c9quip\u00e9 de trois br\u00fbleurs de haute qualit\u00e9, dont un plus petit adapt\u00e9 aux casseroles d&rsquo;un diam\u00e8tre maximal de 16 cm, ce r\u00e9chaud comprend trois supports de casseroles, un support [&hellip;]\" \/>\n<meta property=\"og:url\" content=\"https:\/\/shop.bantam.ch\/fr\/produit\/3-cook-turbo-ffd-deluxe\/\" \/>\n<meta property=\"og:site_name\" content=\"Bantam Wankm\u00fcller SA\" \/>\n<meta property=\"article:modified_time\" content=\"2026-04-18T21:20:00+00:00\" \/>\n<meta property=\"og:image\" content=\"https:\/\/shop.bantam.ch\/wp-content\/uploads\/2025\/03\/303FC-20_3_Cook_Turbo_FFD_Deluxe.jpg\" \/>\n\t<meta property=\"og:image:width\" content=\"800\" \/>\n\t<meta property=\"og:image:height\" content=\"508\" \/>\n\t<meta property=\"og:image:type\" content=\"image\/jpeg\" \/>\n<meta name=\"twitter:card\" content=\"summary_large_image\" \/>\n<meta name=\"twitter:label1\" content=\"Dur\u00e9e de lecture estim\u00e9e\" \/>\n\t<meta name=\"twitter:data1\" content=\"2 minutes\" \/>\n<script type=\"application\/ld+json\" class=\"yoast-schema-graph\">{\"@context\":\"https:\\\/\\\/schema.org\",\"@graph\":[{\"@type\":\"WebPage\",\"@id\":\"https:\\\/\\\/shop.bantam.ch\\\/fr\\\/produit\\\/3-cook-turbo-ffd-deluxe\\\/\",\"url\":\"https:\\\/\\\/shop.bantam.ch\\\/fr\\\/produit\\\/3-cook-turbo-ffd-deluxe\\\/\",\"name\":\"3 Cook Turbo FFD Deluxe - Bantam Wankm\u00fcller SA\",\"isPartOf\":{\"@id\":\"https:\\\/\\\/shop.bantam.ch\\\/fr\\\/#website\"},\"primaryImageOfPage\":{\"@id\":\"https:\\\/\\\/shop.bantam.ch\\\/fr\\\/produit\\\/3-cook-turbo-ffd-deluxe\\\/#primaryimage\"},\"image\":{\"@id\":\"https:\\\/\\\/shop.bantam.ch\\\/fr\\\/produit\\\/3-cook-turbo-ffd-deluxe\\\/#primaryimage\"},\"thumbnailUrl\":\"https:\\\/\\\/shop.bantam.ch\\\/wp-content\\\/uploads\\\/2025\\\/03\\\/303FC-20_3_Cook_Turbo_FFD_Deluxe.jpg\",\"datePublished\":\"2025-03-06T09:17:04+00:00\",\"dateModified\":\"2026-04-18T21:20:00+00:00\",\"breadcrumb\":{\"@id\":\"https:\\\/\\\/shop.bantam.ch\\\/fr\\\/produit\\\/3-cook-turbo-ffd-deluxe\\\/#breadcrumb\"},\"inLanguage\":\"fr-FR\",\"potentialAction\":[{\"@type\":\"ReadAction\",\"target\":[\"https:\\\/\\\/shop.bantam.ch\\\/fr\\\/produit\\\/3-cook-turbo-ffd-deluxe\\\/\"]}]},{\"@type\":\"ImageObject\",\"inLanguage\":\"fr-FR\",\"@id\":\"https:\\\/\\\/shop.bantam.ch\\\/fr\\\/produit\\\/3-cook-turbo-ffd-deluxe\\\/#primaryimage\",\"url\":\"https:\\\/\\\/shop.bantam.ch\\\/wp-content\\\/uploads\\\/2025\\\/03\\\/303FC-20_3_Cook_Turbo_FFD_Deluxe.jpg\",\"contentUrl\":\"https:\\\/\\\/shop.bantam.ch\\\/wp-content\\\/uploads\\\/2025\\\/03\\\/303FC-20_3_Cook_Turbo_FFD_Deluxe.jpg\",\"width\":800,\"height\":508},{\"@type\":\"BreadcrumbList\",\"@id\":\"https:\\\/\\\/shop.bantam.ch\\\/fr\\\/produit\\\/3-cook-turbo-ffd-deluxe\\\/#breadcrumb\",\"itemListElement\":[{\"@type\":\"ListItem\",\"position\":1,\"name\":\"Accueil\",\"item\":\"https:\\\/\\\/shop.bantam.ch\\\/fr\\\/\"},{\"@type\":\"ListItem\",\"position\":2,\"name\":\"Boutique\",\"item\":\"https:\\\/\\\/shop.bantam.ch\\\/fr\\\/boutique\\\/\"},{\"@type\":\"ListItem\",\"position\":3,\"name\":\"3 Cook Turbo FFD Deluxe\"}]},{\"@type\":\"WebSite\",\"@id\":\"https:\\\/\\\/shop.bantam.ch\\\/fr\\\/#website\",\"url\":\"https:\\\/\\\/shop.bantam.ch\\\/fr\\\/\",\"name\":\"Bantam Wankm\u00fcller SA\",\"description\":\"\",\"publisher\":{\"@id\":\"https:\\\/\\\/shop.bantam.ch\\\/fr\\\/#organization\"},\"inLanguage\":\"fr-FR\"},{\"@type\":\"Organization\",\"@id\":\"https:\\\/\\\/shop.bantam.ch\\\/fr\\\/#organization\",\"name\":\"Bantam Wankm\u00fcller SA\",\"url\":\"https:\\\/\\\/shop.bantam.ch\\\/fr\\\/\",\"logo\":{\"@type\":\"ImageObject\",\"inLanguage\":\"fr-FR\",\"@id\":\"https:\\\/\\\/shop.bantam.ch\\\/fr\\\/#\\\/schema\\\/logo\\\/image\\\/\",\"url\":\"https:\\\/\\\/shop.bantam.ch\\\/wp-content\\\/uploads\\\/2022\\\/12\\\/bantam-logo.png\",\"contentUrl\":\"https:\\\/\\\/shop.bantam.ch\\\/wp-content\\\/uploads\\\/2022\\\/12\\\/bantam-logo.png\",\"width\":320,\"height\":71,\"caption\":\"Bantam Wankm\u00fcller SA\"},\"image\":{\"@id\":\"https:\\\/\\\/shop.bantam.ch\\\/fr\\\/#\\\/schema\\\/logo\\\/image\\\/\"}}]}<\/script>\n<!-- \/ Yoast SEO plugin. -->","yoast_head_json":{"title":"3 Cook Turbo FFD Deluxe - Bantam Wankm\u00fcller SA","robots":{"index":"index","follow":"follow","max-snippet":"max-snippet:-1","max-image-preview":"max-image-preview:large","max-video-preview":"max-video-preview:-1"},"canonical":"https:\/\/shop.bantam.ch\/fr\/produit\/3-cook-turbo-ffd-deluxe\/","og_locale":"fr_FR","og_type":"article","og_title":"3 Cook Turbo FFD Deluxe - Bantam Wankm\u00fcller SA","og_description":"R\u00e9chaud de luxe pour les vacances en camping. Pr\u00e9parez les repas les plus vari\u00e9s et les plus complets en vacances avec le 3 Cook Turbo FFD. \u00c9quip\u00e9 de trois br\u00fbleurs de haute qualit\u00e9, dont un plus petit adapt\u00e9 aux casseroles d&rsquo;un diam\u00e8tre maximal de 16 cm, ce r\u00e9chaud comprend trois supports de casseroles, un support [&hellip;]","og_url":"https:\/\/shop.bantam.ch\/fr\/produit\/3-cook-turbo-ffd-deluxe\/","og_site_name":"Bantam Wankm\u00fcller SA","article_modified_time":"2026-04-18T21:20:00+00:00","og_image":[{"width":800,"height":508,"url":"https:\/\/shop.bantam.ch\/wp-content\/uploads\/2025\/03\/303FC-20_3_Cook_Turbo_FFD_Deluxe.jpg","type":"image\/jpeg"}],"twitter_card":"summary_large_image","twitter_misc":{"Dur\u00e9e de lecture estim\u00e9e":"2 minutes"},"schema":{"@context":"https:\/\/schema.org","@graph":[{"@type":"WebPage","@id":"https:\/\/shop.bantam.ch\/fr\/produit\/3-cook-turbo-ffd-deluxe\/","url":"https:\/\/shop.bantam.ch\/fr\/produit\/3-cook-turbo-ffd-deluxe\/","name":"3 Cook Turbo FFD Deluxe - Bantam Wankm\u00fcller SA","isPartOf":{"@id":"https:\/\/shop.bantam.ch\/fr\/#website"},"primaryImageOfPage":{"@id":"https:\/\/shop.bantam.ch\/fr\/produit\/3-cook-turbo-ffd-deluxe\/#primaryimage"},"image":{"@id":"https:\/\/shop.bantam.ch\/fr\/produit\/3-cook-turbo-ffd-deluxe\/#primaryimage"},"thumbnailUrl":"https:\/\/shop.bantam.ch\/wp-content\/uploads\/2025\/03\/303FC-20_3_Cook_Turbo_FFD_Deluxe.jpg","datePublished":"2025-03-06T09:17:04+00:00","dateModified":"2026-04-18T21:20:00+00:00","breadcrumb":{"@id":"https:\/\/shop.bantam.ch\/fr\/produit\/3-cook-turbo-ffd-deluxe\/#breadcrumb"},"inLanguage":"fr-FR","potentialAction":[{"@type":"ReadAction","target":["https:\/\/shop.bantam.ch\/fr\/produit\/3-cook-turbo-ffd-deluxe\/"]}]},{"@type":"ImageObject","inLanguage":"fr-FR","@id":"https:\/\/shop.bantam.ch\/fr\/produit\/3-cook-turbo-ffd-deluxe\/#primaryimage","url":"https:\/\/shop.bantam.ch\/wp-content\/uploads\/2025\/03\/303FC-20_3_Cook_Turbo_FFD_Deluxe.jpg","contentUrl":"https:\/\/shop.bantam.ch\/wp-content\/uploads\/2025\/03\/303FC-20_3_Cook_Turbo_FFD_Deluxe.jpg","width":800,"height":508},{"@type":"BreadcrumbList","@id":"https:\/\/shop.bantam.ch\/fr\/produit\/3-cook-turbo-ffd-deluxe\/#breadcrumb","itemListElement":[{"@type":"ListItem","position":1,"name":"Accueil","item":"https:\/\/shop.bantam.ch\/fr\/"},{"@type":"ListItem","position":2,"name":"Boutique","item":"https:\/\/shop.bantam.ch\/fr\/boutique\/"},{"@type":"ListItem","position":3,"name":"3 Cook Turbo FFD Deluxe"}]},{"@type":"WebSite","@id":"https:\/\/shop.bantam.ch\/fr\/#website","url":"https:\/\/shop.bantam.ch\/fr\/","name":"Bantam Wankm\u00fcller SA","description":"","publisher":{"@id":"https:\/\/shop.bantam.ch\/fr\/#organization"},"inLanguage":"fr-FR"},{"@type":"Organization","@id":"https:\/\/shop.bantam.ch\/fr\/#organization","name":"Bantam Wankm\u00fcller SA","url":"https:\/\/shop.bantam.ch\/fr\/","logo":{"@type":"ImageObject","inLanguage":"fr-FR","@id":"https:\/\/shop.bantam.ch\/fr\/#\/schema\/logo\/image\/","url":"https:\/\/shop.bantam.ch\/wp-content\/uploads\/2022\/12\/bantam-logo.png","contentUrl":"https:\/\/shop.bantam.ch\/wp-content\/uploads\/2022\/12\/bantam-logo.png","width":320,"height":71,"caption":"Bantam Wankm\u00fcller SA"},"image":{"@id":"https:\/\/shop.bantam.ch\/fr\/#\/schema\/logo\/image\/"}}]}},"_links":{"self":[{"href":"https:\/\/shop.bantam.ch\/fr\/wp-json\/wp\/v2\/product\/210093","targetHints":{"allow":["GET"]}}],"collection":[{"href":"https:\/\/shop.bantam.ch\/fr\/wp-json\/wp\/v2\/product"}],"about":[{"href":"https:\/\/shop.bantam.ch\/fr\/wp-json\/wp\/v2\/types\/product"}],"wp:featuredmedia":[{"embeddable":true,"href":"https:\/\/shop.bantam.ch\/fr\/wp-json\/wp\/v2\/media\/210083"}],"wp:attachment":[{"href":"https:\/\/shop.bantam.ch\/fr\/wp-json\/wp\/v2\/media?parent=210093"}],"wp:term":[{"taxonomy":"product_featured_cat","embeddable":true,"href":"https:\/\/shop.bantam.ch\/fr\/wp-json\/wp\/v2\/product_featured_cat?post=210093"},{"taxonomy":"product_brand","embeddable":true,"href":"https:\/\/shop.bantam.ch\/fr\/wp-json\/wp\/v2\/product_brand?post=210093"},{"taxonomy":"product_cat","embeddable":true,"href":"https:\/\/shop.bantam.ch\/fr\/wp-json\/wp\/v2\/product_cat?post=210093"},{"taxonomy":"product_tag","embeddable":true,"href":"https:\/\/shop.bantam.ch\/fr\/wp-json\/wp\/v2\/product_tag?post=210093"}],"curies":[{"name":"wp","href":"https:\/\/api.w.org\/{rel}","templated":true}]}}