{"id":210079,"date":"2025-03-06T10:05:25","date_gmt":"2025-03-06T09:05:25","guid":{"rendered":"https:\/\/shop.bantam.ch\/produit\/2-cook-turbo-deluxe-ffd-30mbar\/"},"modified":"2026-04-17T23:16:46","modified_gmt":"2026-04-17T21:16:46","slug":"2-cook-turbo-deluxe-ffd-30mbar","status":"publish","type":"product","link":"https:\/\/shop.bantam.ch\/fr\/produit\/2-cook-turbo-deluxe-ffd-30mbar\/","title":{"rendered":"2 Cook Turbo Deluxe FFD 30mbar"},"content":{"rendered":"<p>Cuire &amp; griller aussi bien \u00e0 l&rsquo;ext\u00e9rieur qu&rsquo;\u00e0 l&rsquo;int\u00e9rieur. Bien que la cuisson au gaz puisse parfois susciter des inqui\u00e9tudes en termes de s\u00e9curit\u00e9, le r\u00e9chaud 2 Cook Turbo FFD \u00e9limine ces pr\u00e9occupations. Dot\u00e9 d&rsquo;un thermocouple, aussi appel\u00e9 Flame Failure Device (FFD), il garantit la coupure automatique du gaz si la flamme s&rsquo;\u00e9teint soudainement. Ce syst\u00e8me s\u00e9curis\u00e9 rend l&rsquo;appareil id\u00e9al pour une utilisation aussi bien en ext\u00e9rieur qu&rsquo;en int\u00e9rieur, offrant une solution pratique pour cuisiner dans une tente ou une caravane, m\u00eame par mauvais temps. La conception innovante des br\u00fbleurs Turbo assure une \u00e9mission de chaleur plus intense et pr\u00e9cise. Diminuant ainsi le temps n\u00e9cessaire pour chauffer par rapport \u00e0 d&rsquo;autres dispositifs de cuisson, tout en r\u00e9duisant le temps de cuisson et la consommation de gaz jusqu&rsquo;\u00e0 20 %. Plac\u00e9s dans la base de l&rsquo;appareil, ces br\u00fbleurs conf\u00e8rent \u00e0 l&rsquo;unit\u00e9 un design \u00e9l\u00e9gant tout en les prot\u00e9geant des courants d\u2019air. Chacun des deux br\u00fbleurs fonctionne de mani\u00e8re autonome et est \u00e9quip\u00e9 de son propre bouton de r\u00e9glage et d\u2019allumage. Le 2 Cook Turbo est \u00e9quip\u00e9 de fa\u00e7on standard de deux supports pour casseroles et de pare-vents lat\u00e9raux. La version Deluxe, quant \u00e0 elle, est enrichie de deux plaques de cuisson, une lisse et une nervur\u00e9e ainsi que d\u2019une poign\u00e9e amovible permettant de les mettre en place ou de les retirer facilement. Les deux plaques sont dot\u00e9es du rev\u00eatement antiadh\u00e9sif en c\u00e9ramique GreenGrill de CADAC pour une cuisson plus saine. Un support pour cafeti\u00e8re compl\u00e8te l&rsquo;ensemble. Le tout offre ainsi une large gamme d&rsquo;options pour concocter de d\u00e9licieux repas, avec la possibilit\u00e9 de cuire, griller et pr\u00e9parer du caf\u00e9 en simultan\u00e9. Les pieds en caoutchouc de l&rsquo;appareil garantissent sa stabilit\u00e9 durant l&rsquo;utilisation et pr\u00e9viennent tout d\u00e9placement inopin\u00e9. Apr\u00e8s utilisation, il est facile de refermer le couvercle \u00e0 l&rsquo;aide d&rsquo;un clip de fermeture pratique, puis de ranger le r\u00e9chaud ais\u00e9ment dans le sac de transport inclus. R\u00e9chaud l\u00e9ger avec 2 br\u00fbleurs Turbo. Dispositif de coupure de flamme (FFD ou Thermocouple) pour une s\u00e9curit\u00e9 accrue. Pour utilisation \u00e0 l&rsquo;ext\u00e9rieur et \u00e0 l&rsquo;int\u00e9rieur. Corps en nylon et base des br\u00fbleurs en acier inoxydable. Allumage automatique. Inclus : supports de casseroles, plaque lisse, plaque nervur\u00e9e, support de cafeti\u00e8re et pare-vents. Livr\u00e9 avec un sac de rangement pratique. 2 ans de garantie<\/p>\n","protected":false},"excerpt":{"rendered":"<p>Cuire &amp; griller aussi bien \u00e0 l&rsquo;ext\u00e9rieur qu&rsquo;\u00e0 l&rsquo;int\u00e9rieur. Bien que la cuisson au gaz puisse parfois susciter des inqui\u00e9tudes en termes de s\u00e9curit\u00e9, le r\u00e9chaud 2 Cook Turbo FFD \u00e9limine ces pr\u00e9occupations. Dot\u00e9 d&rsquo;un thermocouple, aussi appel\u00e9 Flame Failure Device (FFD), il garantit la coupure automatique du gaz si la flamme s&rsquo;\u00e9teint soudainement. Ce [&hellip;]<\/p>\n","protected":false},"featured_media":210069,"template":"","meta":{"_acf_changed":false},"product_featured_cat":[],"product_brand":[3668],"product_cat":[4279],"product_tag":[],"class_list":{"0":"post-210079","1":"product","2":"type-product","3":"status-publish","4":"has-post-thumbnail","6":"product_brand-cadac","7":"product_cat-barbecues-a-gaz","9":"first","10":"instock","11":"taxable","12":"shipping-taxable","13":"purchasable","14":"product-type-simple"},"acf":[],"yoast_head":"<!-- This site is optimized with the Yoast SEO plugin v27.4 - https:\/\/yoast.com\/product\/yoast-seo-wordpress\/ -->\n<title>2 Cook Turbo Deluxe FFD 30mbar - Bantam Wankm\u00fcller SA<\/title>\n<meta name=\"robots\" content=\"index, follow, max-snippet:-1, max-image-preview:large, max-video-preview:-1\" \/>\n<link rel=\"canonical\" href=\"https:\/\/shop.bantam.ch\/fr\/produit\/2-cook-turbo-deluxe-ffd-30mbar\/\" \/>\n<meta property=\"og:locale\" content=\"fr_FR\" \/>\n<meta property=\"og:type\" content=\"article\" \/>\n<meta property=\"og:title\" content=\"2 Cook Turbo Deluxe FFD 30mbar - Bantam Wankm\u00fcller SA\" \/>\n<meta property=\"og:description\" content=\"Cuire &amp; griller aussi bien \u00e0 l&rsquo;ext\u00e9rieur qu&rsquo;\u00e0 l&rsquo;int\u00e9rieur. Bien que la cuisson au gaz puisse parfois susciter des inqui\u00e9tudes en termes de s\u00e9curit\u00e9, le r\u00e9chaud 2 Cook Turbo FFD \u00e9limine ces pr\u00e9occupations. Dot\u00e9 d&rsquo;un thermocouple, aussi appel\u00e9 Flame Failure Device (FFD), il garantit la coupure automatique du gaz si la flamme s&rsquo;\u00e9teint soudainement. Ce [&hellip;]\" \/>\n<meta property=\"og:url\" content=\"https:\/\/shop.bantam.ch\/fr\/produit\/2-cook-turbo-deluxe-ffd-30mbar\/\" \/>\n<meta property=\"og:site_name\" content=\"Bantam Wankm\u00fcller SA\" \/>\n<meta property=\"article:modified_time\" content=\"2026-04-17T21:16:46+00:00\" \/>\n<meta property=\"og:image\" content=\"https:\/\/shop.bantam.ch\/wp-content\/uploads\/2025\/03\/203F2C-20_2_Cook_3_Turbo_Deluxe_1.jpg\" \/>\n\t<meta property=\"og:image:width\" content=\"800\" \/>\n\t<meta property=\"og:image:height\" content=\"800\" \/>\n\t<meta property=\"og:image:type\" content=\"image\/jpeg\" \/>\n<meta name=\"twitter:card\" content=\"summary_large_image\" \/>\n<meta name=\"twitter:label1\" content=\"Dur\u00e9e de lecture estim\u00e9e\" \/>\n\t<meta name=\"twitter:data1\" content=\"2 minutes\" \/>\n<script type=\"application\/ld+json\" class=\"yoast-schema-graph\">{\"@context\":\"https:\\\/\\\/schema.org\",\"@graph\":[{\"@type\":\"WebPage\",\"@id\":\"https:\\\/\\\/shop.bantam.ch\\\/fr\\\/produit\\\/2-cook-turbo-deluxe-ffd-30mbar\\\/\",\"url\":\"https:\\\/\\\/shop.bantam.ch\\\/fr\\\/produit\\\/2-cook-turbo-deluxe-ffd-30mbar\\\/\",\"name\":\"2 Cook Turbo Deluxe FFD 30mbar - Bantam Wankm\u00fcller SA\",\"isPartOf\":{\"@id\":\"https:\\\/\\\/shop.bantam.ch\\\/fr\\\/#website\"},\"primaryImageOfPage\":{\"@id\":\"https:\\\/\\\/shop.bantam.ch\\\/fr\\\/produit\\\/2-cook-turbo-deluxe-ffd-30mbar\\\/#primaryimage\"},\"image\":{\"@id\":\"https:\\\/\\\/shop.bantam.ch\\\/fr\\\/produit\\\/2-cook-turbo-deluxe-ffd-30mbar\\\/#primaryimage\"},\"thumbnailUrl\":\"https:\\\/\\\/shop.bantam.ch\\\/wp-content\\\/uploads\\\/2025\\\/03\\\/203F2C-20_2_Cook_3_Turbo_Deluxe_1.jpg\",\"datePublished\":\"2025-03-06T09:05:25+00:00\",\"dateModified\":\"2026-04-17T21:16:46+00:00\",\"breadcrumb\":{\"@id\":\"https:\\\/\\\/shop.bantam.ch\\\/fr\\\/produit\\\/2-cook-turbo-deluxe-ffd-30mbar\\\/#breadcrumb\"},\"inLanguage\":\"fr-FR\",\"potentialAction\":[{\"@type\":\"ReadAction\",\"target\":[\"https:\\\/\\\/shop.bantam.ch\\\/fr\\\/produit\\\/2-cook-turbo-deluxe-ffd-30mbar\\\/\"]}]},{\"@type\":\"ImageObject\",\"inLanguage\":\"fr-FR\",\"@id\":\"https:\\\/\\\/shop.bantam.ch\\\/fr\\\/produit\\\/2-cook-turbo-deluxe-ffd-30mbar\\\/#primaryimage\",\"url\":\"https:\\\/\\\/shop.bantam.ch\\\/wp-content\\\/uploads\\\/2025\\\/03\\\/203F2C-20_2_Cook_3_Turbo_Deluxe_1.jpg\",\"contentUrl\":\"https:\\\/\\\/shop.bantam.ch\\\/wp-content\\\/uploads\\\/2025\\\/03\\\/203F2C-20_2_Cook_3_Turbo_Deluxe_1.jpg\",\"width\":800,\"height\":800},{\"@type\":\"BreadcrumbList\",\"@id\":\"https:\\\/\\\/shop.bantam.ch\\\/fr\\\/produit\\\/2-cook-turbo-deluxe-ffd-30mbar\\\/#breadcrumb\",\"itemListElement\":[{\"@type\":\"ListItem\",\"position\":1,\"name\":\"Accueil\",\"item\":\"https:\\\/\\\/shop.bantam.ch\\\/fr\\\/\"},{\"@type\":\"ListItem\",\"position\":2,\"name\":\"Boutique\",\"item\":\"https:\\\/\\\/shop.bantam.ch\\\/fr\\\/boutique\\\/\"},{\"@type\":\"ListItem\",\"position\":3,\"name\":\"2 Cook Turbo Deluxe FFD 30mbar\"}]},{\"@type\":\"WebSite\",\"@id\":\"https:\\\/\\\/shop.bantam.ch\\\/fr\\\/#website\",\"url\":\"https:\\\/\\\/shop.bantam.ch\\\/fr\\\/\",\"name\":\"Bantam Wankm\u00fcller SA\",\"description\":\"\",\"publisher\":{\"@id\":\"https:\\\/\\\/shop.bantam.ch\\\/fr\\\/#organization\"},\"inLanguage\":\"fr-FR\"},{\"@type\":\"Organization\",\"@id\":\"https:\\\/\\\/shop.bantam.ch\\\/fr\\\/#organization\",\"name\":\"Bantam Wankm\u00fcller SA\",\"url\":\"https:\\\/\\\/shop.bantam.ch\\\/fr\\\/\",\"logo\":{\"@type\":\"ImageObject\",\"inLanguage\":\"fr-FR\",\"@id\":\"https:\\\/\\\/shop.bantam.ch\\\/fr\\\/#\\\/schema\\\/logo\\\/image\\\/\",\"url\":\"https:\\\/\\\/shop.bantam.ch\\\/wp-content\\\/uploads\\\/2022\\\/12\\\/bantam-logo.png\",\"contentUrl\":\"https:\\\/\\\/shop.bantam.ch\\\/wp-content\\\/uploads\\\/2022\\\/12\\\/bantam-logo.png\",\"width\":320,\"height\":71,\"caption\":\"Bantam Wankm\u00fcller SA\"},\"image\":{\"@id\":\"https:\\\/\\\/shop.bantam.ch\\\/fr\\\/#\\\/schema\\\/logo\\\/image\\\/\"}}]}<\/script>\n<!-- \/ Yoast SEO plugin. -->","yoast_head_json":{"title":"2 Cook Turbo Deluxe FFD 30mbar - Bantam Wankm\u00fcller SA","robots":{"index":"index","follow":"follow","max-snippet":"max-snippet:-1","max-image-preview":"max-image-preview:large","max-video-preview":"max-video-preview:-1"},"canonical":"https:\/\/shop.bantam.ch\/fr\/produit\/2-cook-turbo-deluxe-ffd-30mbar\/","og_locale":"fr_FR","og_type":"article","og_title":"2 Cook Turbo Deluxe FFD 30mbar - Bantam Wankm\u00fcller SA","og_description":"Cuire &amp; griller aussi bien \u00e0 l&rsquo;ext\u00e9rieur qu&rsquo;\u00e0 l&rsquo;int\u00e9rieur. Bien que la cuisson au gaz puisse parfois susciter des inqui\u00e9tudes en termes de s\u00e9curit\u00e9, le r\u00e9chaud 2 Cook Turbo FFD \u00e9limine ces pr\u00e9occupations. Dot\u00e9 d&rsquo;un thermocouple, aussi appel\u00e9 Flame Failure Device (FFD), il garantit la coupure automatique du gaz si la flamme s&rsquo;\u00e9teint soudainement. Ce [&hellip;]","og_url":"https:\/\/shop.bantam.ch\/fr\/produit\/2-cook-turbo-deluxe-ffd-30mbar\/","og_site_name":"Bantam Wankm\u00fcller SA","article_modified_time":"2026-04-17T21:16:46+00:00","og_image":[{"width":800,"height":800,"url":"https:\/\/shop.bantam.ch\/wp-content\/uploads\/2025\/03\/203F2C-20_2_Cook_3_Turbo_Deluxe_1.jpg","type":"image\/jpeg"}],"twitter_card":"summary_large_image","twitter_misc":{"Dur\u00e9e de lecture estim\u00e9e":"2 minutes"},"schema":{"@context":"https:\/\/schema.org","@graph":[{"@type":"WebPage","@id":"https:\/\/shop.bantam.ch\/fr\/produit\/2-cook-turbo-deluxe-ffd-30mbar\/","url":"https:\/\/shop.bantam.ch\/fr\/produit\/2-cook-turbo-deluxe-ffd-30mbar\/","name":"2 Cook Turbo Deluxe FFD 30mbar - Bantam Wankm\u00fcller SA","isPartOf":{"@id":"https:\/\/shop.bantam.ch\/fr\/#website"},"primaryImageOfPage":{"@id":"https:\/\/shop.bantam.ch\/fr\/produit\/2-cook-turbo-deluxe-ffd-30mbar\/#primaryimage"},"image":{"@id":"https:\/\/shop.bantam.ch\/fr\/produit\/2-cook-turbo-deluxe-ffd-30mbar\/#primaryimage"},"thumbnailUrl":"https:\/\/shop.bantam.ch\/wp-content\/uploads\/2025\/03\/203F2C-20_2_Cook_3_Turbo_Deluxe_1.jpg","datePublished":"2025-03-06T09:05:25+00:00","dateModified":"2026-04-17T21:16:46+00:00","breadcrumb":{"@id":"https:\/\/shop.bantam.ch\/fr\/produit\/2-cook-turbo-deluxe-ffd-30mbar\/#breadcrumb"},"inLanguage":"fr-FR","potentialAction":[{"@type":"ReadAction","target":["https:\/\/shop.bantam.ch\/fr\/produit\/2-cook-turbo-deluxe-ffd-30mbar\/"]}]},{"@type":"ImageObject","inLanguage":"fr-FR","@id":"https:\/\/shop.bantam.ch\/fr\/produit\/2-cook-turbo-deluxe-ffd-30mbar\/#primaryimage","url":"https:\/\/shop.bantam.ch\/wp-content\/uploads\/2025\/03\/203F2C-20_2_Cook_3_Turbo_Deluxe_1.jpg","contentUrl":"https:\/\/shop.bantam.ch\/wp-content\/uploads\/2025\/03\/203F2C-20_2_Cook_3_Turbo_Deluxe_1.jpg","width":800,"height":800},{"@type":"BreadcrumbList","@id":"https:\/\/shop.bantam.ch\/fr\/produit\/2-cook-turbo-deluxe-ffd-30mbar\/#breadcrumb","itemListElement":[{"@type":"ListItem","position":1,"name":"Accueil","item":"https:\/\/shop.bantam.ch\/fr\/"},{"@type":"ListItem","position":2,"name":"Boutique","item":"https:\/\/shop.bantam.ch\/fr\/boutique\/"},{"@type":"ListItem","position":3,"name":"2 Cook Turbo Deluxe FFD 30mbar"}]},{"@type":"WebSite","@id":"https:\/\/shop.bantam.ch\/fr\/#website","url":"https:\/\/shop.bantam.ch\/fr\/","name":"Bantam Wankm\u00fcller SA","description":"","publisher":{"@id":"https:\/\/shop.bantam.ch\/fr\/#organization"},"inLanguage":"fr-FR"},{"@type":"Organization","@id":"https:\/\/shop.bantam.ch\/fr\/#organization","name":"Bantam Wankm\u00fcller SA","url":"https:\/\/shop.bantam.ch\/fr\/","logo":{"@type":"ImageObject","inLanguage":"fr-FR","@id":"https:\/\/shop.bantam.ch\/fr\/#\/schema\/logo\/image\/","url":"https:\/\/shop.bantam.ch\/wp-content\/uploads\/2022\/12\/bantam-logo.png","contentUrl":"https:\/\/shop.bantam.ch\/wp-content\/uploads\/2022\/12\/bantam-logo.png","width":320,"height":71,"caption":"Bantam Wankm\u00fcller SA"},"image":{"@id":"https:\/\/shop.bantam.ch\/fr\/#\/schema\/logo\/image\/"}}]}},"_links":{"self":[{"href":"https:\/\/shop.bantam.ch\/fr\/wp-json\/wp\/v2\/product\/210079","targetHints":{"allow":["GET"]}}],"collection":[{"href":"https:\/\/shop.bantam.ch\/fr\/wp-json\/wp\/v2\/product"}],"about":[{"href":"https:\/\/shop.bantam.ch\/fr\/wp-json\/wp\/v2\/types\/product"}],"wp:featuredmedia":[{"embeddable":true,"href":"https:\/\/shop.bantam.ch\/fr\/wp-json\/wp\/v2\/media\/210069"}],"wp:attachment":[{"href":"https:\/\/shop.bantam.ch\/fr\/wp-json\/wp\/v2\/media?parent=210079"}],"wp:term":[{"taxonomy":"product_featured_cat","embeddable":true,"href":"https:\/\/shop.bantam.ch\/fr\/wp-json\/wp\/v2\/product_featured_cat?post=210079"},{"taxonomy":"product_brand","embeddable":true,"href":"https:\/\/shop.bantam.ch\/fr\/wp-json\/wp\/v2\/product_brand?post=210079"},{"taxonomy":"product_cat","embeddable":true,"href":"https:\/\/shop.bantam.ch\/fr\/wp-json\/wp\/v2\/product_cat?post=210079"},{"taxonomy":"product_tag","embeddable":true,"href":"https:\/\/shop.bantam.ch\/fr\/wp-json\/wp\/v2\/product_tag?post=210079"}],"curies":[{"name":"wp","href":"https:\/\/api.w.org\/{rel}","templated":true}]}}