{"id":210062,"date":"2025-03-05T16:36:32","date_gmt":"2025-03-05T15:36:32","guid":{"rendered":"https:\/\/shop.bantam.ch\/produit\/1-cook-turbo-ffd-deluxe\/"},"modified":"2026-04-18T23:19:54","modified_gmt":"2026-04-18T21:19:54","slug":"1-cook-turbo-ffd-deluxe","status":"publish","type":"product","link":"https:\/\/shop.bantam.ch\/fr\/produit\/1-cook-turbo-ffd-deluxe\/","title":{"rendered":"1 Cook Turbo FFD Deluxe"},"content":{"rendered":"<p>R\u00e9chaud compact pour l&rsquo;int\u00e9rieur et l&rsquo;ext\u00e9rieur. Vous recherchez un r\u00e9chaud compact et polyvalent que vous pouvez utiliser \u00e0 l&rsquo;int\u00e9rieur comme \u00e0 l&rsquo;ext\u00e9rieur ? Le 1 Cook Turbo FFD est le produit qu\u2019il vous faut ! Sa taille et son poids en font un choix id\u00e9al pour les campeurs et les aventuriers qui disposent de peu d&rsquo;espace dans leur voiture, leur camping-car ou leur caravane. Gr\u00e2ce \u00e0 sa conception intelligente et \u00e0 ses fonctions de s\u00e9curit\u00e9 int\u00e9gr\u00e9es, il offre confort et flexibilit\u00e9 dans toute circonstance. Cuisinez en toute s\u00e9curit\u00e9 avec le dispositif de protection contre les flammes (FFD). Le 1 Cook Turbo FFD int\u00e8gre un dispositif de coupure de flamme, \u00e9galement appel\u00e9e Flame Failure Device (FFD ou Thermocouple). Le FFD coupe automatiquement l&rsquo;alimentation en gaz si la flamme s&rsquo;\u00e9teint soudainement. Cela assure une utilisation s\u00fbre, aussi bien \u00e0 l\u2019int\u00e9rieur qu\u2019\u00e0 l\u2019ext\u00e9rieur. Cuisiner par mauvais temps devient donc beaucoup plus facile et plus s\u00fbr. Br\u00fbleur TURBO puissant et efficace. Gr\u00e2ce \u00e0 une conception unique, le br\u00fbleur Turbo d\u00e9livre une puissance thermique plus concentr\u00e9e, permettant un temps de chauffe rapide surpassant de loin les performances des appareils traditionnels. Cette efficacit\u00e9 permet de r\u00e9duire la consommation de gaz et le temps pour porter \u00e0 \u00e9bullition jusqu\u2019\u00e0 20%. Deux pare-vents pratiques, \u00e0 placer sur les c\u00f4t\u00e9s, sont inclus pour assurer une protection suppl\u00e9mentaire. Compact, portable et complet. Le 1 Cook Turbo FFD Deluxe est \u00e9quip\u00e9 d\u2019un support pour casserole, d\u2019un support pour cafeti\u00e8re, de deux pare-vents amovibles, d\u2019une plaque lisse recouverte de c\u00e9ramique pour une cuisine saine et d\u2019une poign\u00e9e amovible pour la d\u00e9placer facilement. Il dispose \u00e9galement d\u2019un couvercle de protection et il est livr\u00e9 avec un sac de transport pour un rangement sans effort et une grande portabilit\u00e9 . L&rsquo;appareil id\u00e9al pour les campeurs et les amateurs de plein air.<br \/>\nLe 1 Cook Turbo FFD est le r\u00e9chaud id\u00e9al pour l&rsquo;int\u00e9rieur et l&rsquo;ext\u00e9rieur. Avec sa taille compacte, son br\u00fbleur puissant, sa protection contre le vent et ses options extensibles, cet appareil est indispensable pour tout campeur ou amateur de plein air qui aime cuisiner efficacement et en toute s\u00e9curit\u00e9. R\u00e9chaud l\u00e9ger avec br\u00fbleur Turbo. Dispositif de coupure de flamme (FFD ou Thermocouple) pour une s\u00e9curit\u00e9 accrue. Pour utilisation \u00e0 l&rsquo;ext\u00e9rieur et \u00e0 l&rsquo;int\u00e9rieur. Corps en nylon et base du br\u00fbleur en acier inoxydable. Allumage automatique. Inclus : un support pour casserole, une plaque de cuisson lisse, un support de cafeti\u00e8re et des pare-vents. Livr\u00e9 avec un sac de rangement pratique. 2 ans de garantie<\/p>\n","protected":false},"excerpt":{"rendered":"<p>R\u00e9chaud compact pour l&rsquo;int\u00e9rieur et l&rsquo;ext\u00e9rieur. Vous recherchez un r\u00e9chaud compact et polyvalent que vous pouvez utiliser \u00e0 l&rsquo;int\u00e9rieur comme \u00e0 l&rsquo;ext\u00e9rieur ? Le 1 Cook Turbo FFD est le produit qu\u2019il vous faut ! Sa taille et son poids en font un choix id\u00e9al pour les campeurs et les aventuriers qui disposent de peu [&hellip;]<\/p>\n","protected":false},"featured_media":210052,"template":"","meta":{"_acf_changed":false},"product_featured_cat":[],"product_brand":[3668],"product_cat":[4279],"product_tag":[],"class_list":{"0":"post-210062","1":"product","2":"type-product","3":"status-publish","4":"has-post-thumbnail","6":"product_brand-cadac","7":"product_cat-barbecues-a-gaz","9":"first","10":"instock","11":"taxable","12":"shipping-taxable","13":"purchasable","14":"product-type-simple"},"acf":[],"yoast_head":"<!-- This site is optimized with the Yoast SEO plugin v27.4 - https:\/\/yoast.com\/product\/yoast-seo-wordpress\/ -->\n<title>1 Cook Turbo FFD Deluxe - Bantam Wankm\u00fcller SA<\/title>\n<meta name=\"robots\" content=\"index, follow, max-snippet:-1, max-image-preview:large, max-video-preview:-1\" \/>\n<link rel=\"canonical\" href=\"https:\/\/shop.bantam.ch\/fr\/produit\/1-cook-turbo-ffd-deluxe\/\" \/>\n<meta property=\"og:locale\" content=\"fr_FR\" \/>\n<meta property=\"og:type\" content=\"article\" \/>\n<meta property=\"og:title\" content=\"1 Cook Turbo FFD Deluxe - Bantam Wankm\u00fcller SA\" \/>\n<meta property=\"og:description\" content=\"R\u00e9chaud compact pour l&rsquo;int\u00e9rieur et l&rsquo;ext\u00e9rieur. Vous recherchez un r\u00e9chaud compact et polyvalent que vous pouvez utiliser \u00e0 l&rsquo;int\u00e9rieur comme \u00e0 l&rsquo;ext\u00e9rieur ? Le 1 Cook Turbo FFD est le produit qu\u2019il vous faut ! Sa taille et son poids en font un choix id\u00e9al pour les campeurs et les aventuriers qui disposent de peu [&hellip;]\" \/>\n<meta property=\"og:url\" content=\"https:\/\/shop.bantam.ch\/fr\/produit\/1-cook-turbo-ffd-deluxe\/\" \/>\n<meta property=\"og:site_name\" content=\"Bantam Wankm\u00fcller SA\" \/>\n<meta property=\"article:modified_time\" content=\"2026-04-18T21:19:54+00:00\" \/>\n<meta property=\"og:image\" content=\"https:\/\/shop.bantam.ch\/wp-content\/uploads\/2025\/03\/103FC_1_Cook_Turbo.jpg\" \/>\n\t<meta property=\"og:image:width\" content=\"800\" \/>\n\t<meta property=\"og:image:height\" content=\"1001\" \/>\n\t<meta property=\"og:image:type\" content=\"image\/jpeg\" \/>\n<meta name=\"twitter:card\" content=\"summary_large_image\" \/>\n<meta name=\"twitter:label1\" content=\"Dur\u00e9e de lecture estim\u00e9e\" \/>\n\t<meta name=\"twitter:data1\" content=\"2 minutes\" \/>\n<script type=\"application\/ld+json\" class=\"yoast-schema-graph\">{\"@context\":\"https:\\\/\\\/schema.org\",\"@graph\":[{\"@type\":\"WebPage\",\"@id\":\"https:\\\/\\\/shop.bantam.ch\\\/fr\\\/produit\\\/1-cook-turbo-ffd-deluxe\\\/\",\"url\":\"https:\\\/\\\/shop.bantam.ch\\\/fr\\\/produit\\\/1-cook-turbo-ffd-deluxe\\\/\",\"name\":\"1 Cook Turbo FFD Deluxe - Bantam Wankm\u00fcller SA\",\"isPartOf\":{\"@id\":\"https:\\\/\\\/shop.bantam.ch\\\/fr\\\/#website\"},\"primaryImageOfPage\":{\"@id\":\"https:\\\/\\\/shop.bantam.ch\\\/fr\\\/produit\\\/1-cook-turbo-ffd-deluxe\\\/#primaryimage\"},\"image\":{\"@id\":\"https:\\\/\\\/shop.bantam.ch\\\/fr\\\/produit\\\/1-cook-turbo-ffd-deluxe\\\/#primaryimage\"},\"thumbnailUrl\":\"https:\\\/\\\/shop.bantam.ch\\\/wp-content\\\/uploads\\\/2025\\\/03\\\/103FC_1_Cook_Turbo.jpg\",\"datePublished\":\"2025-03-05T15:36:32+00:00\",\"dateModified\":\"2026-04-18T21:19:54+00:00\",\"breadcrumb\":{\"@id\":\"https:\\\/\\\/shop.bantam.ch\\\/fr\\\/produit\\\/1-cook-turbo-ffd-deluxe\\\/#breadcrumb\"},\"inLanguage\":\"fr-FR\",\"potentialAction\":[{\"@type\":\"ReadAction\",\"target\":[\"https:\\\/\\\/shop.bantam.ch\\\/fr\\\/produit\\\/1-cook-turbo-ffd-deluxe\\\/\"]}]},{\"@type\":\"ImageObject\",\"inLanguage\":\"fr-FR\",\"@id\":\"https:\\\/\\\/shop.bantam.ch\\\/fr\\\/produit\\\/1-cook-turbo-ffd-deluxe\\\/#primaryimage\",\"url\":\"https:\\\/\\\/shop.bantam.ch\\\/wp-content\\\/uploads\\\/2025\\\/03\\\/103FC_1_Cook_Turbo.jpg\",\"contentUrl\":\"https:\\\/\\\/shop.bantam.ch\\\/wp-content\\\/uploads\\\/2025\\\/03\\\/103FC_1_Cook_Turbo.jpg\",\"width\":800,\"height\":1001},{\"@type\":\"BreadcrumbList\",\"@id\":\"https:\\\/\\\/shop.bantam.ch\\\/fr\\\/produit\\\/1-cook-turbo-ffd-deluxe\\\/#breadcrumb\",\"itemListElement\":[{\"@type\":\"ListItem\",\"position\":1,\"name\":\"Accueil\",\"item\":\"https:\\\/\\\/shop.bantam.ch\\\/fr\\\/\"},{\"@type\":\"ListItem\",\"position\":2,\"name\":\"Boutique\",\"item\":\"https:\\\/\\\/shop.bantam.ch\\\/fr\\\/boutique\\\/\"},{\"@type\":\"ListItem\",\"position\":3,\"name\":\"1 Cook Turbo FFD Deluxe\"}]},{\"@type\":\"WebSite\",\"@id\":\"https:\\\/\\\/shop.bantam.ch\\\/fr\\\/#website\",\"url\":\"https:\\\/\\\/shop.bantam.ch\\\/fr\\\/\",\"name\":\"Bantam Wankm\u00fcller SA\",\"description\":\"\",\"publisher\":{\"@id\":\"https:\\\/\\\/shop.bantam.ch\\\/fr\\\/#organization\"},\"inLanguage\":\"fr-FR\"},{\"@type\":\"Organization\",\"@id\":\"https:\\\/\\\/shop.bantam.ch\\\/fr\\\/#organization\",\"name\":\"Bantam Wankm\u00fcller SA\",\"url\":\"https:\\\/\\\/shop.bantam.ch\\\/fr\\\/\",\"logo\":{\"@type\":\"ImageObject\",\"inLanguage\":\"fr-FR\",\"@id\":\"https:\\\/\\\/shop.bantam.ch\\\/fr\\\/#\\\/schema\\\/logo\\\/image\\\/\",\"url\":\"https:\\\/\\\/shop.bantam.ch\\\/wp-content\\\/uploads\\\/2022\\\/12\\\/bantam-logo.png\",\"contentUrl\":\"https:\\\/\\\/shop.bantam.ch\\\/wp-content\\\/uploads\\\/2022\\\/12\\\/bantam-logo.png\",\"width\":320,\"height\":71,\"caption\":\"Bantam Wankm\u00fcller SA\"},\"image\":{\"@id\":\"https:\\\/\\\/shop.bantam.ch\\\/fr\\\/#\\\/schema\\\/logo\\\/image\\\/\"}}]}<\/script>\n<!-- \/ Yoast SEO plugin. -->","yoast_head_json":{"title":"1 Cook Turbo FFD Deluxe - Bantam Wankm\u00fcller SA","robots":{"index":"index","follow":"follow","max-snippet":"max-snippet:-1","max-image-preview":"max-image-preview:large","max-video-preview":"max-video-preview:-1"},"canonical":"https:\/\/shop.bantam.ch\/fr\/produit\/1-cook-turbo-ffd-deluxe\/","og_locale":"fr_FR","og_type":"article","og_title":"1 Cook Turbo FFD Deluxe - Bantam Wankm\u00fcller SA","og_description":"R\u00e9chaud compact pour l&rsquo;int\u00e9rieur et l&rsquo;ext\u00e9rieur. Vous recherchez un r\u00e9chaud compact et polyvalent que vous pouvez utiliser \u00e0 l&rsquo;int\u00e9rieur comme \u00e0 l&rsquo;ext\u00e9rieur ? Le 1 Cook Turbo FFD est le produit qu\u2019il vous faut ! Sa taille et son poids en font un choix id\u00e9al pour les campeurs et les aventuriers qui disposent de peu [&hellip;]","og_url":"https:\/\/shop.bantam.ch\/fr\/produit\/1-cook-turbo-ffd-deluxe\/","og_site_name":"Bantam Wankm\u00fcller SA","article_modified_time":"2026-04-18T21:19:54+00:00","og_image":[{"width":800,"height":1001,"url":"https:\/\/shop.bantam.ch\/wp-content\/uploads\/2025\/03\/103FC_1_Cook_Turbo.jpg","type":"image\/jpeg"}],"twitter_card":"summary_large_image","twitter_misc":{"Dur\u00e9e de lecture estim\u00e9e":"2 minutes"},"schema":{"@context":"https:\/\/schema.org","@graph":[{"@type":"WebPage","@id":"https:\/\/shop.bantam.ch\/fr\/produit\/1-cook-turbo-ffd-deluxe\/","url":"https:\/\/shop.bantam.ch\/fr\/produit\/1-cook-turbo-ffd-deluxe\/","name":"1 Cook Turbo FFD Deluxe - Bantam Wankm\u00fcller SA","isPartOf":{"@id":"https:\/\/shop.bantam.ch\/fr\/#website"},"primaryImageOfPage":{"@id":"https:\/\/shop.bantam.ch\/fr\/produit\/1-cook-turbo-ffd-deluxe\/#primaryimage"},"image":{"@id":"https:\/\/shop.bantam.ch\/fr\/produit\/1-cook-turbo-ffd-deluxe\/#primaryimage"},"thumbnailUrl":"https:\/\/shop.bantam.ch\/wp-content\/uploads\/2025\/03\/103FC_1_Cook_Turbo.jpg","datePublished":"2025-03-05T15:36:32+00:00","dateModified":"2026-04-18T21:19:54+00:00","breadcrumb":{"@id":"https:\/\/shop.bantam.ch\/fr\/produit\/1-cook-turbo-ffd-deluxe\/#breadcrumb"},"inLanguage":"fr-FR","potentialAction":[{"@type":"ReadAction","target":["https:\/\/shop.bantam.ch\/fr\/produit\/1-cook-turbo-ffd-deluxe\/"]}]},{"@type":"ImageObject","inLanguage":"fr-FR","@id":"https:\/\/shop.bantam.ch\/fr\/produit\/1-cook-turbo-ffd-deluxe\/#primaryimage","url":"https:\/\/shop.bantam.ch\/wp-content\/uploads\/2025\/03\/103FC_1_Cook_Turbo.jpg","contentUrl":"https:\/\/shop.bantam.ch\/wp-content\/uploads\/2025\/03\/103FC_1_Cook_Turbo.jpg","width":800,"height":1001},{"@type":"BreadcrumbList","@id":"https:\/\/shop.bantam.ch\/fr\/produit\/1-cook-turbo-ffd-deluxe\/#breadcrumb","itemListElement":[{"@type":"ListItem","position":1,"name":"Accueil","item":"https:\/\/shop.bantam.ch\/fr\/"},{"@type":"ListItem","position":2,"name":"Boutique","item":"https:\/\/shop.bantam.ch\/fr\/boutique\/"},{"@type":"ListItem","position":3,"name":"1 Cook Turbo FFD Deluxe"}]},{"@type":"WebSite","@id":"https:\/\/shop.bantam.ch\/fr\/#website","url":"https:\/\/shop.bantam.ch\/fr\/","name":"Bantam Wankm\u00fcller SA","description":"","publisher":{"@id":"https:\/\/shop.bantam.ch\/fr\/#organization"},"inLanguage":"fr-FR"},{"@type":"Organization","@id":"https:\/\/shop.bantam.ch\/fr\/#organization","name":"Bantam Wankm\u00fcller SA","url":"https:\/\/shop.bantam.ch\/fr\/","logo":{"@type":"ImageObject","inLanguage":"fr-FR","@id":"https:\/\/shop.bantam.ch\/fr\/#\/schema\/logo\/image\/","url":"https:\/\/shop.bantam.ch\/wp-content\/uploads\/2022\/12\/bantam-logo.png","contentUrl":"https:\/\/shop.bantam.ch\/wp-content\/uploads\/2022\/12\/bantam-logo.png","width":320,"height":71,"caption":"Bantam Wankm\u00fcller SA"},"image":{"@id":"https:\/\/shop.bantam.ch\/fr\/#\/schema\/logo\/image\/"}}]}},"_links":{"self":[{"href":"https:\/\/shop.bantam.ch\/fr\/wp-json\/wp\/v2\/product\/210062","targetHints":{"allow":["GET"]}}],"collection":[{"href":"https:\/\/shop.bantam.ch\/fr\/wp-json\/wp\/v2\/product"}],"about":[{"href":"https:\/\/shop.bantam.ch\/fr\/wp-json\/wp\/v2\/types\/product"}],"wp:featuredmedia":[{"embeddable":true,"href":"https:\/\/shop.bantam.ch\/fr\/wp-json\/wp\/v2\/media\/210052"}],"wp:attachment":[{"href":"https:\/\/shop.bantam.ch\/fr\/wp-json\/wp\/v2\/media?parent=210062"}],"wp:term":[{"taxonomy":"product_featured_cat","embeddable":true,"href":"https:\/\/shop.bantam.ch\/fr\/wp-json\/wp\/v2\/product_featured_cat?post=210062"},{"taxonomy":"product_brand","embeddable":true,"href":"https:\/\/shop.bantam.ch\/fr\/wp-json\/wp\/v2\/product_brand?post=210062"},{"taxonomy":"product_cat","embeddable":true,"href":"https:\/\/shop.bantam.ch\/fr\/wp-json\/wp\/v2\/product_cat?post=210062"},{"taxonomy":"product_tag","embeddable":true,"href":"https:\/\/shop.bantam.ch\/fr\/wp-json\/wp\/v2\/product_tag?post=210062"}],"curies":[{"name":"wp","href":"https:\/\/api.w.org\/{rel}","templated":true}]}}