{"id":209967,"date":"2025-03-04T14:53:05","date_gmt":"2025-03-04T13:53:05","guid":{"rendered":"https:\/\/shop.bantam.ch\/produit\/2-cook-3-pro-plancha\/"},"modified":"2026-04-17T23:16:33","modified_gmt":"2026-04-17T21:16:33","slug":"2-cook-3-pro-plancha","status":"publish","type":"product","link":"https:\/\/shop.bantam.ch\/fr\/produit\/2-cook-3-pro-plancha\/","title":{"rendered":"2 Cook 3 Pro Plancha"},"content":{"rendered":"<p>Cuisini\u00e8re avec plancha . D\u00e9couvrez la polyvalence et la facilit\u00e9 de la cuisson \u00e0 la plancha ! La 2 Cook 3 Pro Plancha vous offre tout ce dont vous avez besoin pour pr\u00e9parer de d\u00e9licieux plats facilement et rapidement. Que vous souhaitiez faire griller de la viande, du poisson, des l\u00e9gumes, des cr\u00eapes ou des \u0153ufs avec du bacon, la plancha spacieuse rend tout cela possible. Une cuisine saine avec le rev\u00eatement GreenGrill. La plaque de cuisson de la Plancha comporte un rev\u00eatement en c\u00e9ramique durable GreenGrill. Ce rev\u00eatement sans PFAS garantit une cuisson plus saine et facilite le nettoyage de la plaque. La surface de cuisson spacieuse vous permet de cuire plusieurs ingr\u00e9dients en m\u00eame temps, ce qui est parfait pour les petits et les grands repas. Pour pouvoir griller sans mati\u00e8re grasse, la Plancha est \u00e9quip\u00e9e sur l&rsquo;avant d&rsquo;une goutti\u00e8re qui permet de recueillir les liquides et les graisses exc\u00e9dentaires pendant la cuisson. Cuisson s\u00fbre et stable. Outre sa spacieuse plaque de cuisson, la 2 Cook 3 Pro Plancha est livr\u00e9e avec deux supports pour casserole et un support pour percolateur. La protection du bouton de gaz garantit que l&rsquo;alimentation en gaz ne peut \u00eatre ouverte que lorsque le bouton est enfonc\u00e9 et tourn\u00e9. Cela s&rsquo;av\u00e8re particuli\u00e8rement utile s&rsquo;il y a des enfants en bas \u00e2ge. De plus, les pieds en caoutchouc antid\u00e9rapants au fond offrent une stabilit\u00e9 et une s\u00e9curit\u00e9 suppl\u00e9mentaires durant la cuisson. Gr\u00e2ce au pare-vent inclus, qui peut facilement \u00eatre plac\u00e9 sur le c\u00f4t\u00e9 de l&rsquo;appareil, vous pouvez toujours cuisiner sans probl\u00e8me, m\u00eame les jours de grand vent. Le couvercle peut \u00e9galement servir de pare-vent suppl\u00e9mentaire.<br \/>\nCompacte et portable. Apr\u00e8s la cuisson, vous pouvez facilement ranger la 2 Cook 3 Pro Plancha gr\u00e2ce au clip de fermeture pratique et au sac de rangement inclus. Ce r\u00e9chaud compact est id\u00e9al pour une utilisation au camping, lors d&rsquo;un pique-nique ou sur votre balcon. Cuisini\u00e8re l\u00e9g\u00e8re avec br\u00fbleur turbo. Body en plastique avec surface de cuisson en acier inoxydable. Allumage automatique. Inclus 2 supports de casseroles, grille de plancha, support pour percolateur et pare-vent. Avec sac de rangement pratique. Garantie de 2 ans<\/p>\n","protected":false},"excerpt":{"rendered":"<p>Cuisini\u00e8re avec plancha . D\u00e9couvrez la polyvalence et la facilit\u00e9 de la cuisson \u00e0 la plancha ! La 2 Cook 3 Pro Plancha vous offre tout ce dont vous avez besoin pour pr\u00e9parer de d\u00e9licieux plats facilement et rapidement. Que vous souhaitiez faire griller de la viande, du poisson, des l\u00e9gumes, des cr\u00eapes ou des [&hellip;]<\/p>\n","protected":false},"featured_media":209959,"template":"","meta":{"_acf_changed":false},"product_featured_cat":[],"product_brand":[3668],"product_cat":[4279],"product_tag":[],"class_list":{"0":"post-209967","1":"product","2":"type-product","3":"status-publish","4":"has-post-thumbnail","6":"product_brand-cadac","7":"product_cat-barbecues-a-gaz","9":"first","10":"instock","11":"taxable","12":"shipping-taxable","13":"purchasable","14":"product-type-simple"},"acf":[],"yoast_head":"<!-- This site is optimized with the Yoast SEO plugin v27.4 - https:\/\/yoast.com\/product\/yoast-seo-wordpress\/ -->\n<title>2 Cook 3 Pro Plancha - Bantam Wankm\u00fcller SA<\/title>\n<meta name=\"robots\" content=\"index, follow, max-snippet:-1, max-image-preview:large, max-video-preview:-1\" \/>\n<link rel=\"canonical\" href=\"https:\/\/shop.bantam.ch\/fr\/produit\/2-cook-3-pro-plancha\/\" \/>\n<meta property=\"og:locale\" content=\"fr_FR\" \/>\n<meta property=\"og:type\" content=\"article\" \/>\n<meta property=\"og:title\" content=\"2 Cook 3 Pro Plancha - Bantam Wankm\u00fcller SA\" \/>\n<meta property=\"og:description\" content=\"Cuisini\u00e8re avec plancha . D\u00e9couvrez la polyvalence et la facilit\u00e9 de la cuisson \u00e0 la plancha ! La 2 Cook 3 Pro Plancha vous offre tout ce dont vous avez besoin pour pr\u00e9parer de d\u00e9licieux plats facilement et rapidement. Que vous souhaitiez faire griller de la viande, du poisson, des l\u00e9gumes, des cr\u00eapes ou des [&hellip;]\" \/>\n<meta property=\"og:url\" content=\"https:\/\/shop.bantam.ch\/fr\/produit\/2-cook-3-pro-plancha\/\" \/>\n<meta property=\"og:site_name\" content=\"Bantam Wankm\u00fcller SA\" \/>\n<meta property=\"article:modified_time\" content=\"2026-04-17T21:16:33+00:00\" \/>\n<meta property=\"og:image\" content=\"https:\/\/shop.bantam.ch\/wp-content\/uploads\/2025\/03\/203P1C-15-2-Cook-3-Pro-Plancha_1.jpg\" \/>\n\t<meta property=\"og:image:width\" content=\"800\" \/>\n\t<meta property=\"og:image:height\" content=\"674\" \/>\n\t<meta property=\"og:image:type\" content=\"image\/jpeg\" \/>\n<meta name=\"twitter:card\" content=\"summary_large_image\" \/>\n<meta name=\"twitter:label1\" content=\"Dur\u00e9e de lecture estim\u00e9e\" \/>\n\t<meta name=\"twitter:data1\" content=\"2 minutes\" \/>\n<script type=\"application\/ld+json\" class=\"yoast-schema-graph\">{\"@context\":\"https:\\\/\\\/schema.org\",\"@graph\":[{\"@type\":\"WebPage\",\"@id\":\"https:\\\/\\\/shop.bantam.ch\\\/fr\\\/produit\\\/2-cook-3-pro-plancha\\\/\",\"url\":\"https:\\\/\\\/shop.bantam.ch\\\/fr\\\/produit\\\/2-cook-3-pro-plancha\\\/\",\"name\":\"2 Cook 3 Pro Plancha - Bantam Wankm\u00fcller SA\",\"isPartOf\":{\"@id\":\"https:\\\/\\\/shop.bantam.ch\\\/fr\\\/#website\"},\"primaryImageOfPage\":{\"@id\":\"https:\\\/\\\/shop.bantam.ch\\\/fr\\\/produit\\\/2-cook-3-pro-plancha\\\/#primaryimage\"},\"image\":{\"@id\":\"https:\\\/\\\/shop.bantam.ch\\\/fr\\\/produit\\\/2-cook-3-pro-plancha\\\/#primaryimage\"},\"thumbnailUrl\":\"https:\\\/\\\/shop.bantam.ch\\\/wp-content\\\/uploads\\\/2025\\\/03\\\/203P1C-15-2-Cook-3-Pro-Plancha_1.jpg\",\"datePublished\":\"2025-03-04T13:53:05+00:00\",\"dateModified\":\"2026-04-17T21:16:33+00:00\",\"breadcrumb\":{\"@id\":\"https:\\\/\\\/shop.bantam.ch\\\/fr\\\/produit\\\/2-cook-3-pro-plancha\\\/#breadcrumb\"},\"inLanguage\":\"fr-FR\",\"potentialAction\":[{\"@type\":\"ReadAction\",\"target\":[\"https:\\\/\\\/shop.bantam.ch\\\/fr\\\/produit\\\/2-cook-3-pro-plancha\\\/\"]}]},{\"@type\":\"ImageObject\",\"inLanguage\":\"fr-FR\",\"@id\":\"https:\\\/\\\/shop.bantam.ch\\\/fr\\\/produit\\\/2-cook-3-pro-plancha\\\/#primaryimage\",\"url\":\"https:\\\/\\\/shop.bantam.ch\\\/wp-content\\\/uploads\\\/2025\\\/03\\\/203P1C-15-2-Cook-3-Pro-Plancha_1.jpg\",\"contentUrl\":\"https:\\\/\\\/shop.bantam.ch\\\/wp-content\\\/uploads\\\/2025\\\/03\\\/203P1C-15-2-Cook-3-Pro-Plancha_1.jpg\",\"width\":800,\"height\":674},{\"@type\":\"BreadcrumbList\",\"@id\":\"https:\\\/\\\/shop.bantam.ch\\\/fr\\\/produit\\\/2-cook-3-pro-plancha\\\/#breadcrumb\",\"itemListElement\":[{\"@type\":\"ListItem\",\"position\":1,\"name\":\"Accueil\",\"item\":\"https:\\\/\\\/shop.bantam.ch\\\/fr\\\/\"},{\"@type\":\"ListItem\",\"position\":2,\"name\":\"Boutique\",\"item\":\"https:\\\/\\\/shop.bantam.ch\\\/fr\\\/boutique\\\/\"},{\"@type\":\"ListItem\",\"position\":3,\"name\":\"2 Cook 3 Pro Plancha\"}]},{\"@type\":\"WebSite\",\"@id\":\"https:\\\/\\\/shop.bantam.ch\\\/fr\\\/#website\",\"url\":\"https:\\\/\\\/shop.bantam.ch\\\/fr\\\/\",\"name\":\"Bantam Wankm\u00fcller SA\",\"description\":\"\",\"publisher\":{\"@id\":\"https:\\\/\\\/shop.bantam.ch\\\/fr\\\/#organization\"},\"inLanguage\":\"fr-FR\"},{\"@type\":\"Organization\",\"@id\":\"https:\\\/\\\/shop.bantam.ch\\\/fr\\\/#organization\",\"name\":\"Bantam Wankm\u00fcller SA\",\"url\":\"https:\\\/\\\/shop.bantam.ch\\\/fr\\\/\",\"logo\":{\"@type\":\"ImageObject\",\"inLanguage\":\"fr-FR\",\"@id\":\"https:\\\/\\\/shop.bantam.ch\\\/fr\\\/#\\\/schema\\\/logo\\\/image\\\/\",\"url\":\"https:\\\/\\\/shop.bantam.ch\\\/wp-content\\\/uploads\\\/2022\\\/12\\\/bantam-logo.png\",\"contentUrl\":\"https:\\\/\\\/shop.bantam.ch\\\/wp-content\\\/uploads\\\/2022\\\/12\\\/bantam-logo.png\",\"width\":320,\"height\":71,\"caption\":\"Bantam Wankm\u00fcller SA\"},\"image\":{\"@id\":\"https:\\\/\\\/shop.bantam.ch\\\/fr\\\/#\\\/schema\\\/logo\\\/image\\\/\"}}]}<\/script>\n<!-- \/ Yoast SEO plugin. -->","yoast_head_json":{"title":"2 Cook 3 Pro Plancha - Bantam Wankm\u00fcller SA","robots":{"index":"index","follow":"follow","max-snippet":"max-snippet:-1","max-image-preview":"max-image-preview:large","max-video-preview":"max-video-preview:-1"},"canonical":"https:\/\/shop.bantam.ch\/fr\/produit\/2-cook-3-pro-plancha\/","og_locale":"fr_FR","og_type":"article","og_title":"2 Cook 3 Pro Plancha - Bantam Wankm\u00fcller SA","og_description":"Cuisini\u00e8re avec plancha . D\u00e9couvrez la polyvalence et la facilit\u00e9 de la cuisson \u00e0 la plancha ! La 2 Cook 3 Pro Plancha vous offre tout ce dont vous avez besoin pour pr\u00e9parer de d\u00e9licieux plats facilement et rapidement. Que vous souhaitiez faire griller de la viande, du poisson, des l\u00e9gumes, des cr\u00eapes ou des [&hellip;]","og_url":"https:\/\/shop.bantam.ch\/fr\/produit\/2-cook-3-pro-plancha\/","og_site_name":"Bantam Wankm\u00fcller SA","article_modified_time":"2026-04-17T21:16:33+00:00","og_image":[{"width":800,"height":674,"url":"https:\/\/shop.bantam.ch\/wp-content\/uploads\/2025\/03\/203P1C-15-2-Cook-3-Pro-Plancha_1.jpg","type":"image\/jpeg"}],"twitter_card":"summary_large_image","twitter_misc":{"Dur\u00e9e de lecture estim\u00e9e":"2 minutes"},"schema":{"@context":"https:\/\/schema.org","@graph":[{"@type":"WebPage","@id":"https:\/\/shop.bantam.ch\/fr\/produit\/2-cook-3-pro-plancha\/","url":"https:\/\/shop.bantam.ch\/fr\/produit\/2-cook-3-pro-plancha\/","name":"2 Cook 3 Pro Plancha - Bantam Wankm\u00fcller SA","isPartOf":{"@id":"https:\/\/shop.bantam.ch\/fr\/#website"},"primaryImageOfPage":{"@id":"https:\/\/shop.bantam.ch\/fr\/produit\/2-cook-3-pro-plancha\/#primaryimage"},"image":{"@id":"https:\/\/shop.bantam.ch\/fr\/produit\/2-cook-3-pro-plancha\/#primaryimage"},"thumbnailUrl":"https:\/\/shop.bantam.ch\/wp-content\/uploads\/2025\/03\/203P1C-15-2-Cook-3-Pro-Plancha_1.jpg","datePublished":"2025-03-04T13:53:05+00:00","dateModified":"2026-04-17T21:16:33+00:00","breadcrumb":{"@id":"https:\/\/shop.bantam.ch\/fr\/produit\/2-cook-3-pro-plancha\/#breadcrumb"},"inLanguage":"fr-FR","potentialAction":[{"@type":"ReadAction","target":["https:\/\/shop.bantam.ch\/fr\/produit\/2-cook-3-pro-plancha\/"]}]},{"@type":"ImageObject","inLanguage":"fr-FR","@id":"https:\/\/shop.bantam.ch\/fr\/produit\/2-cook-3-pro-plancha\/#primaryimage","url":"https:\/\/shop.bantam.ch\/wp-content\/uploads\/2025\/03\/203P1C-15-2-Cook-3-Pro-Plancha_1.jpg","contentUrl":"https:\/\/shop.bantam.ch\/wp-content\/uploads\/2025\/03\/203P1C-15-2-Cook-3-Pro-Plancha_1.jpg","width":800,"height":674},{"@type":"BreadcrumbList","@id":"https:\/\/shop.bantam.ch\/fr\/produit\/2-cook-3-pro-plancha\/#breadcrumb","itemListElement":[{"@type":"ListItem","position":1,"name":"Accueil","item":"https:\/\/shop.bantam.ch\/fr\/"},{"@type":"ListItem","position":2,"name":"Boutique","item":"https:\/\/shop.bantam.ch\/fr\/boutique\/"},{"@type":"ListItem","position":3,"name":"2 Cook 3 Pro Plancha"}]},{"@type":"WebSite","@id":"https:\/\/shop.bantam.ch\/fr\/#website","url":"https:\/\/shop.bantam.ch\/fr\/","name":"Bantam Wankm\u00fcller SA","description":"","publisher":{"@id":"https:\/\/shop.bantam.ch\/fr\/#organization"},"inLanguage":"fr-FR"},{"@type":"Organization","@id":"https:\/\/shop.bantam.ch\/fr\/#organization","name":"Bantam Wankm\u00fcller SA","url":"https:\/\/shop.bantam.ch\/fr\/","logo":{"@type":"ImageObject","inLanguage":"fr-FR","@id":"https:\/\/shop.bantam.ch\/fr\/#\/schema\/logo\/image\/","url":"https:\/\/shop.bantam.ch\/wp-content\/uploads\/2022\/12\/bantam-logo.png","contentUrl":"https:\/\/shop.bantam.ch\/wp-content\/uploads\/2022\/12\/bantam-logo.png","width":320,"height":71,"caption":"Bantam Wankm\u00fcller SA"},"image":{"@id":"https:\/\/shop.bantam.ch\/fr\/#\/schema\/logo\/image\/"}}]}},"_links":{"self":[{"href":"https:\/\/shop.bantam.ch\/fr\/wp-json\/wp\/v2\/product\/209967","targetHints":{"allow":["GET"]}}],"collection":[{"href":"https:\/\/shop.bantam.ch\/fr\/wp-json\/wp\/v2\/product"}],"about":[{"href":"https:\/\/shop.bantam.ch\/fr\/wp-json\/wp\/v2\/types\/product"}],"wp:featuredmedia":[{"embeddable":true,"href":"https:\/\/shop.bantam.ch\/fr\/wp-json\/wp\/v2\/media\/209959"}],"wp:attachment":[{"href":"https:\/\/shop.bantam.ch\/fr\/wp-json\/wp\/v2\/media?parent=209967"}],"wp:term":[{"taxonomy":"product_featured_cat","embeddable":true,"href":"https:\/\/shop.bantam.ch\/fr\/wp-json\/wp\/v2\/product_featured_cat?post=209967"},{"taxonomy":"product_brand","embeddable":true,"href":"https:\/\/shop.bantam.ch\/fr\/wp-json\/wp\/v2\/product_brand?post=209967"},{"taxonomy":"product_cat","embeddable":true,"href":"https:\/\/shop.bantam.ch\/fr\/wp-json\/wp\/v2\/product_cat?post=209967"},{"taxonomy":"product_tag","embeddable":true,"href":"https:\/\/shop.bantam.ch\/fr\/wp-json\/wp\/v2\/product_tag?post=209967"}],"curies":[{"name":"wp","href":"https:\/\/api.w.org\/{rel}","templated":true}]}}