{"id":209917,"date":"2025-03-04T10:58:33","date_gmt":"2025-03-04T09:58:33","guid":{"rendered":"https:\/\/shop.bantam.ch\/produit\/tv-smart-249-android\/"},"modified":"2026-04-20T23:17:17","modified_gmt":"2026-04-20T21:17:17","slug":"tv-smart-249-android","status":"publish","type":"product","link":"https:\/\/shop.bantam.ch\/fr\/produit\/tv-smart-249-android\/","title":{"rendered":"TV Smart 249 Android"},"content":{"rendered":"<p>Technologie Android TV Officiel avec acc\u00e8s Google Play Store<br \/>\nCompatibilit\u00e9 avec Google Assistant pour un contr\u00f4le vocal simplifi\u00e9<br \/>\nAcc\u00e8s direct aux applications populaires : Netflix, YouTube, Prime Video, Spotify<br \/>\nR\u00e9solution haute d\u00e9finition pour une image nette et des couleurs \u00e9clatantes<br \/>\nTechnologies de traitement d&rsquo;image pour une fluidit\u00e9 optimale<br \/>\nPorts HDMI, USB et Bluetooth pour une connectivit\u00e9 compl\u00e8te<br \/>\nMiracast et Chromecast int\u00e9gr\u00e9s pour la diffusion sans fil<br \/>\nSyst\u00e8me de fixation robuste adapt\u00e9 aux voyages en camping-car<br \/>\nFaible consommation \u00e9nerg\u00e9tique, id\u00e9ale pour les longs trajets<br \/>\nDisponible en 2 tailles, 24 et 22 pouces<br \/>\nAutres caract\u00e9ristiques<br \/>\nLongueur sans le pied : 53,5 cm<br \/>\nLargeur sans le pied : 7,5 cm<br \/>\nHauteur sans le pied : 42 cm<br \/>\nLongueur avec le pied : 53,5 cm<br \/>\nLargeur avec le pied : 20,5 cm<br \/>\nHauteur avec le pied : 36,9 cm<br \/>\nDiagonale de l&rsquo;\u00e9cran : 24 in<br \/>\nSyst\u00e8me d&rsquo;exploitation : Android11<br \/>\nD\u00e9finition : 1366 x 768 pixels<br \/>\nR\u00e9solution : HD<br \/>\nContraste : 3000:1<br \/>\nTechnologie TV : DLED<br \/>\nFormat : 16:9<br \/>\nLuminosit\u00e9 : 200 cd\/m\u00b2<br \/>\nAnti-reflet : Oui<br \/>\nAngle de vision : 178 \u00b0<br \/>\nBordure d&rsquo;\u00e9cran : Non<br \/>\nType de pied : Bipolaire<br \/>\nLecteur de carte CI+ : Oui<br \/>\nTuner satellite : DVB-S DVB-S2<br \/>\nTuner satellite : DVB-S DVB-S2<br \/>\nTuner TNT : DVB-T DVB-T2<br \/>\nTuner TNT : DVB-T DVB-T2<br \/>\nSyst\u00e8me audio : NICAM<br \/>\nPuissance sonore (RMS) : 2 x 5 W<br \/>\nCompatible VESA : 100&#215;100<br \/>\nConnectique HDMI : X3<br \/>\nConnectique HDMI ARC : HDMI1<br \/>\nConnectique USB : X2<br \/>\nConnectique SD : Non<br \/>\nConnectique VGA : Non<br \/>\nPartage de contenus : Non<br \/>\nWiFi : Oui<br \/>\nBluetooth : Oui<br \/>\nDVD : Non<br \/>\nEnregistrement vid\u00e9o : Non<br \/>\nConsommation \u00e9lectrique : 36 kWh W<br \/>\nTension d&rsquo;entr\u00e9e TV : 10-30V<br \/>\nPoids net : 2,25 kg<br \/>\nLivr\u00e9 avec : T\u00e9l\u00e9commande C\u00e2ble d&rsquo;alimentation 12 volts<\/p>\n","protected":false},"excerpt":{"rendered":"<p>Technologie Android TV Officiel avec acc\u00e8s Google Play Store Compatibilit\u00e9 avec Google Assistant pour un contr\u00f4le vocal simplifi\u00e9 Acc\u00e8s direct aux applications populaires : Netflix, YouTube, Prime Video, Spotify R\u00e9solution haute d\u00e9finition pour une image nette et des couleurs \u00e9clatantes Technologies de traitement d&rsquo;image pour une fluidit\u00e9 optimale Ports HDMI, USB et Bluetooth pour une [&hellip;]<\/p>\n","protected":false},"featured_media":209907,"template":"","meta":{"_acf_changed":false},"product_featured_cat":[],"product_brand":[3032],"product_cat":[4505],"product_tag":[],"class_list":{"0":"post-209917","1":"product","2":"type-product","3":"status-publish","4":"has-post-thumbnail","6":"product_brand-standard","7":"product_cat-televiseurs","9":"first","10":"instock","11":"taxable","12":"shipping-taxable","13":"purchasable","14":"product-type-simple"},"acf":[],"yoast_head":"<!-- This site is optimized with the Yoast SEO plugin v27.4 - https:\/\/yoast.com\/product\/yoast-seo-wordpress\/ -->\n<title>TV Smart 249 Android - Bantam Wankm\u00fcller SA<\/title>\n<meta name=\"robots\" content=\"index, follow, max-snippet:-1, max-image-preview:large, max-video-preview:-1\" \/>\n<link rel=\"canonical\" href=\"https:\/\/shop.bantam.ch\/fr\/produit\/tv-smart-249-android\/\" \/>\n<meta property=\"og:locale\" content=\"fr_FR\" \/>\n<meta property=\"og:type\" content=\"article\" \/>\n<meta property=\"og:title\" content=\"TV Smart 249 Android - Bantam Wankm\u00fcller SA\" \/>\n<meta property=\"og:description\" content=\"Technologie Android TV Officiel avec acc\u00e8s Google Play Store Compatibilit\u00e9 avec Google Assistant pour un contr\u00f4le vocal simplifi\u00e9 Acc\u00e8s direct aux applications populaires : Netflix, YouTube, Prime Video, Spotify R\u00e9solution haute d\u00e9finition pour une image nette et des couleurs \u00e9clatantes Technologies de traitement d&rsquo;image pour une fluidit\u00e9 optimale Ports HDMI, USB et Bluetooth pour une [&hellip;]\" \/>\n<meta property=\"og:url\" content=\"https:\/\/shop.bantam.ch\/fr\/produit\/tv-smart-249-android\/\" \/>\n<meta property=\"og:site_name\" content=\"Bantam Wankm\u00fcller SA\" \/>\n<meta property=\"article:modified_time\" content=\"2026-04-20T21:17:17+00:00\" \/>\n<meta property=\"og:image\" content=\"https:\/\/shop.bantam.ch\/wp-content\/uploads\/2025\/03\/472710_472711-S4.jpg\" \/>\n\t<meta property=\"og:image:width\" content=\"800\" \/>\n\t<meta property=\"og:image:height\" content=\"561\" \/>\n\t<meta property=\"og:image:type\" content=\"image\/jpeg\" \/>\n<meta name=\"twitter:card\" content=\"summary_large_image\" \/>\n<meta name=\"twitter:label1\" content=\"Dur\u00e9e de lecture estim\u00e9e\" \/>\n\t<meta name=\"twitter:data1\" content=\"1 minute\" \/>\n<script type=\"application\/ld+json\" class=\"yoast-schema-graph\">{\"@context\":\"https:\\\/\\\/schema.org\",\"@graph\":[{\"@type\":\"WebPage\",\"@id\":\"https:\\\/\\\/shop.bantam.ch\\\/fr\\\/produit\\\/tv-smart-249-android\\\/\",\"url\":\"https:\\\/\\\/shop.bantam.ch\\\/fr\\\/produit\\\/tv-smart-249-android\\\/\",\"name\":\"TV Smart 249 Android - Bantam Wankm\u00fcller SA\",\"isPartOf\":{\"@id\":\"https:\\\/\\\/shop.bantam.ch\\\/fr\\\/#website\"},\"primaryImageOfPage\":{\"@id\":\"https:\\\/\\\/shop.bantam.ch\\\/fr\\\/produit\\\/tv-smart-249-android\\\/#primaryimage\"},\"image\":{\"@id\":\"https:\\\/\\\/shop.bantam.ch\\\/fr\\\/produit\\\/tv-smart-249-android\\\/#primaryimage\"},\"thumbnailUrl\":\"https:\\\/\\\/shop.bantam.ch\\\/wp-content\\\/uploads\\\/2025\\\/03\\\/472710_472711-S4.jpg\",\"datePublished\":\"2025-03-04T09:58:33+00:00\",\"dateModified\":\"2026-04-20T21:17:17+00:00\",\"breadcrumb\":{\"@id\":\"https:\\\/\\\/shop.bantam.ch\\\/fr\\\/produit\\\/tv-smart-249-android\\\/#breadcrumb\"},\"inLanguage\":\"fr-FR\",\"potentialAction\":[{\"@type\":\"ReadAction\",\"target\":[\"https:\\\/\\\/shop.bantam.ch\\\/fr\\\/produit\\\/tv-smart-249-android\\\/\"]}]},{\"@type\":\"ImageObject\",\"inLanguage\":\"fr-FR\",\"@id\":\"https:\\\/\\\/shop.bantam.ch\\\/fr\\\/produit\\\/tv-smart-249-android\\\/#primaryimage\",\"url\":\"https:\\\/\\\/shop.bantam.ch\\\/wp-content\\\/uploads\\\/2025\\\/03\\\/472710_472711-S4.jpg\",\"contentUrl\":\"https:\\\/\\\/shop.bantam.ch\\\/wp-content\\\/uploads\\\/2025\\\/03\\\/472710_472711-S4.jpg\",\"width\":800,\"height\":561},{\"@type\":\"BreadcrumbList\",\"@id\":\"https:\\\/\\\/shop.bantam.ch\\\/fr\\\/produit\\\/tv-smart-249-android\\\/#breadcrumb\",\"itemListElement\":[{\"@type\":\"ListItem\",\"position\":1,\"name\":\"Accueil\",\"item\":\"https:\\\/\\\/shop.bantam.ch\\\/fr\\\/\"},{\"@type\":\"ListItem\",\"position\":2,\"name\":\"Boutique\",\"item\":\"https:\\\/\\\/shop.bantam.ch\\\/fr\\\/boutique\\\/\"},{\"@type\":\"ListItem\",\"position\":3,\"name\":\"TV Smart 249 Android\"}]},{\"@type\":\"WebSite\",\"@id\":\"https:\\\/\\\/shop.bantam.ch\\\/fr\\\/#website\",\"url\":\"https:\\\/\\\/shop.bantam.ch\\\/fr\\\/\",\"name\":\"Bantam Wankm\u00fcller SA\",\"description\":\"\",\"publisher\":{\"@id\":\"https:\\\/\\\/shop.bantam.ch\\\/fr\\\/#organization\"},\"inLanguage\":\"fr-FR\"},{\"@type\":\"Organization\",\"@id\":\"https:\\\/\\\/shop.bantam.ch\\\/fr\\\/#organization\",\"name\":\"Bantam Wankm\u00fcller SA\",\"url\":\"https:\\\/\\\/shop.bantam.ch\\\/fr\\\/\",\"logo\":{\"@type\":\"ImageObject\",\"inLanguage\":\"fr-FR\",\"@id\":\"https:\\\/\\\/shop.bantam.ch\\\/fr\\\/#\\\/schema\\\/logo\\\/image\\\/\",\"url\":\"https:\\\/\\\/shop.bantam.ch\\\/wp-content\\\/uploads\\\/2022\\\/12\\\/bantam-logo.png\",\"contentUrl\":\"https:\\\/\\\/shop.bantam.ch\\\/wp-content\\\/uploads\\\/2022\\\/12\\\/bantam-logo.png\",\"width\":320,\"height\":71,\"caption\":\"Bantam Wankm\u00fcller SA\"},\"image\":{\"@id\":\"https:\\\/\\\/shop.bantam.ch\\\/fr\\\/#\\\/schema\\\/logo\\\/image\\\/\"}}]}<\/script>\n<!-- \/ Yoast SEO plugin. -->","yoast_head_json":{"title":"TV Smart 249 Android - Bantam Wankm\u00fcller SA","robots":{"index":"index","follow":"follow","max-snippet":"max-snippet:-1","max-image-preview":"max-image-preview:large","max-video-preview":"max-video-preview:-1"},"canonical":"https:\/\/shop.bantam.ch\/fr\/produit\/tv-smart-249-android\/","og_locale":"fr_FR","og_type":"article","og_title":"TV Smart 249 Android - Bantam Wankm\u00fcller SA","og_description":"Technologie Android TV Officiel avec acc\u00e8s Google Play Store Compatibilit\u00e9 avec Google Assistant pour un contr\u00f4le vocal simplifi\u00e9 Acc\u00e8s direct aux applications populaires : Netflix, YouTube, Prime Video, Spotify R\u00e9solution haute d\u00e9finition pour une image nette et des couleurs \u00e9clatantes Technologies de traitement d&rsquo;image pour une fluidit\u00e9 optimale Ports HDMI, USB et Bluetooth pour une [&hellip;]","og_url":"https:\/\/shop.bantam.ch\/fr\/produit\/tv-smart-249-android\/","og_site_name":"Bantam Wankm\u00fcller SA","article_modified_time":"2026-04-20T21:17:17+00:00","og_image":[{"width":800,"height":561,"url":"https:\/\/shop.bantam.ch\/wp-content\/uploads\/2025\/03\/472710_472711-S4.jpg","type":"image\/jpeg"}],"twitter_card":"summary_large_image","twitter_misc":{"Dur\u00e9e de lecture estim\u00e9e":"1 minute"},"schema":{"@context":"https:\/\/schema.org","@graph":[{"@type":"WebPage","@id":"https:\/\/shop.bantam.ch\/fr\/produit\/tv-smart-249-android\/","url":"https:\/\/shop.bantam.ch\/fr\/produit\/tv-smart-249-android\/","name":"TV Smart 249 Android - Bantam Wankm\u00fcller SA","isPartOf":{"@id":"https:\/\/shop.bantam.ch\/fr\/#website"},"primaryImageOfPage":{"@id":"https:\/\/shop.bantam.ch\/fr\/produit\/tv-smart-249-android\/#primaryimage"},"image":{"@id":"https:\/\/shop.bantam.ch\/fr\/produit\/tv-smart-249-android\/#primaryimage"},"thumbnailUrl":"https:\/\/shop.bantam.ch\/wp-content\/uploads\/2025\/03\/472710_472711-S4.jpg","datePublished":"2025-03-04T09:58:33+00:00","dateModified":"2026-04-20T21:17:17+00:00","breadcrumb":{"@id":"https:\/\/shop.bantam.ch\/fr\/produit\/tv-smart-249-android\/#breadcrumb"},"inLanguage":"fr-FR","potentialAction":[{"@type":"ReadAction","target":["https:\/\/shop.bantam.ch\/fr\/produit\/tv-smart-249-android\/"]}]},{"@type":"ImageObject","inLanguage":"fr-FR","@id":"https:\/\/shop.bantam.ch\/fr\/produit\/tv-smart-249-android\/#primaryimage","url":"https:\/\/shop.bantam.ch\/wp-content\/uploads\/2025\/03\/472710_472711-S4.jpg","contentUrl":"https:\/\/shop.bantam.ch\/wp-content\/uploads\/2025\/03\/472710_472711-S4.jpg","width":800,"height":561},{"@type":"BreadcrumbList","@id":"https:\/\/shop.bantam.ch\/fr\/produit\/tv-smart-249-android\/#breadcrumb","itemListElement":[{"@type":"ListItem","position":1,"name":"Accueil","item":"https:\/\/shop.bantam.ch\/fr\/"},{"@type":"ListItem","position":2,"name":"Boutique","item":"https:\/\/shop.bantam.ch\/fr\/boutique\/"},{"@type":"ListItem","position":3,"name":"TV Smart 249 Android"}]},{"@type":"WebSite","@id":"https:\/\/shop.bantam.ch\/fr\/#website","url":"https:\/\/shop.bantam.ch\/fr\/","name":"Bantam Wankm\u00fcller SA","description":"","publisher":{"@id":"https:\/\/shop.bantam.ch\/fr\/#organization"},"inLanguage":"fr-FR"},{"@type":"Organization","@id":"https:\/\/shop.bantam.ch\/fr\/#organization","name":"Bantam Wankm\u00fcller SA","url":"https:\/\/shop.bantam.ch\/fr\/","logo":{"@type":"ImageObject","inLanguage":"fr-FR","@id":"https:\/\/shop.bantam.ch\/fr\/#\/schema\/logo\/image\/","url":"https:\/\/shop.bantam.ch\/wp-content\/uploads\/2022\/12\/bantam-logo.png","contentUrl":"https:\/\/shop.bantam.ch\/wp-content\/uploads\/2022\/12\/bantam-logo.png","width":320,"height":71,"caption":"Bantam Wankm\u00fcller SA"},"image":{"@id":"https:\/\/shop.bantam.ch\/fr\/#\/schema\/logo\/image\/"}}]}},"_links":{"self":[{"href":"https:\/\/shop.bantam.ch\/fr\/wp-json\/wp\/v2\/product\/209917","targetHints":{"allow":["GET"]}}],"collection":[{"href":"https:\/\/shop.bantam.ch\/fr\/wp-json\/wp\/v2\/product"}],"about":[{"href":"https:\/\/shop.bantam.ch\/fr\/wp-json\/wp\/v2\/types\/product"}],"wp:featuredmedia":[{"embeddable":true,"href":"https:\/\/shop.bantam.ch\/fr\/wp-json\/wp\/v2\/media\/209907"}],"wp:attachment":[{"href":"https:\/\/shop.bantam.ch\/fr\/wp-json\/wp\/v2\/media?parent=209917"}],"wp:term":[{"taxonomy":"product_featured_cat","embeddable":true,"href":"https:\/\/shop.bantam.ch\/fr\/wp-json\/wp\/v2\/product_featured_cat?post=209917"},{"taxonomy":"product_brand","embeddable":true,"href":"https:\/\/shop.bantam.ch\/fr\/wp-json\/wp\/v2\/product_brand?post=209917"},{"taxonomy":"product_cat","embeddable":true,"href":"https:\/\/shop.bantam.ch\/fr\/wp-json\/wp\/v2\/product_cat?post=209917"},{"taxonomy":"product_tag","embeddable":true,"href":"https:\/\/shop.bantam.ch\/fr\/wp-json\/wp\/v2\/product_tag?post=209917"}],"curies":[{"name":"wp","href":"https:\/\/api.w.org\/{rel}","templated":true}]}}