{"id":209902,"date":"2025-03-04T10:38:29","date_gmt":"2025-03-04T09:38:29","guid":{"rendered":"https:\/\/shop.bantam.ch\/produit\/porte-velos-spinder-tx2-basculant\/"},"modified":"2026-04-17T23:16:19","modified_gmt":"2026-04-17T21:16:19","slug":"porte-velos-spinder-tx2-basculant","status":"publish","type":"product","link":"https:\/\/shop.bantam.ch\/fr\/produit\/porte-velos-spinder-tx2-basculant\/","title":{"rendered":"Porte-v\u00e9los Spinder TX2 basculant"},"content":{"rendered":"<p>Le porte-v\u00e9los TX2 de Premium SPINDER allie robustesse, esth\u00e9tique et innovation pour r\u00e9pondre aux besoins des voyageurs les plus exigeants.<br \/>\nCon\u00e7u pour une installation rapide sur la boule d&rsquo;attelage de votre v\u00e9hicule, ce mod\u00e8le facilite vos d\u00e9placements avec vos v\u00e9los \u00e9lectriques ou traditionnels.<br \/>\nFacilit\u00e9 d&rsquo;Utilisation et Confort<br \/>\nCe mod\u00e8le est dot\u00e9 de caract\u00e9ristiques pens\u00e9es pour simplifier son usage. Le syst\u00e8me de bascule \u00e0 55\u00b0 permet un acc\u00e8s ais\u00e9 au coffre de votre v\u00e9hicule, m\u00eame quand les v\u00e9los sont charg\u00e9s. Sa capacit\u00e9 \u00e0se plier enti\u00e8rement facilite son rangement dans un coffre ou un garage, sans prendre de place inutile.<br \/>\nAdaptabilit\u00e9 et S\u00e9curit\u00e9<br \/>\nLes bras t\u00e9lescopiques du TX2, ajustables et verrouillables par cl\u00e9, sont con\u00e7us pour accueillir diff\u00e9rents types de v\u00e9los, garantissant une fixation sur pendant vos trajets. Chaque d\u00e9tail, de la distance entre les rails \u00e0 la largeur maximale des pneus accept\u00e9s, est pens\u00e9 pour offrir une exp\u00e9rience sans tracas.<br \/>\nDesign et Durabilit\u00e9<br \/>\nAvec son design \u00e9pur\u00e9 et sa finition noir mat, le TX2 ne d\u00e9note pas sur votre v\u00e9hicule et en pr\u00e9serve l&rsquo;\u00e9l\u00e9gance. Sa construction robuste assure une dur\u00e9e de vie prolong\u00e9e, m\u00eame en usage fr\u00e9quent.<\/p>\n","protected":false},"excerpt":{"rendered":"<p>Le porte-v\u00e9los TX2 de Premium SPINDER allie robustesse, esth\u00e9tique et innovation pour r\u00e9pondre aux besoins des voyageurs les plus exigeants. Con\u00e7u pour une installation rapide sur la boule d&rsquo;attelage de votre v\u00e9hicule, ce mod\u00e8le facilite vos d\u00e9placements avec vos v\u00e9los \u00e9lectriques ou traditionnels. Facilit\u00e9 d&rsquo;Utilisation et Confort Ce mod\u00e8le est dot\u00e9 de caract\u00e9ristiques pens\u00e9es pour [&hellip;]<\/p>\n","protected":false},"featured_media":209896,"template":"","meta":{"_acf_changed":false},"product_featured_cat":[],"product_brand":[3032],"product_cat":[4139],"product_tag":[],"class_list":{"0":"post-209902","1":"product","2":"type-product","3":"status-publish","4":"has-post-thumbnail","6":"product_brand-standard","7":"product_cat-porte-velos","9":"first","10":"instock","11":"taxable","12":"shipping-taxable","13":"purchasable","14":"product-type-simple"},"acf":[],"yoast_head":"<!-- This site is optimized with the Yoast SEO plugin v27.4 - https:\/\/yoast.com\/product\/yoast-seo-wordpress\/ -->\n<title>Porte-v\u00e9los Spinder TX2 basculant - Bantam Wankm\u00fcller SA<\/title>\n<meta name=\"robots\" content=\"index, follow, max-snippet:-1, max-image-preview:large, max-video-preview:-1\" \/>\n<link rel=\"canonical\" href=\"https:\/\/shop.bantam.ch\/fr\/produit\/porte-velos-spinder-tx2-basculant\/\" \/>\n<meta property=\"og:locale\" content=\"fr_FR\" \/>\n<meta property=\"og:type\" content=\"article\" \/>\n<meta property=\"og:title\" content=\"Porte-v\u00e9los Spinder TX2 basculant - Bantam Wankm\u00fcller SA\" \/>\n<meta property=\"og:description\" content=\"Le porte-v\u00e9los TX2 de Premium SPINDER allie robustesse, esth\u00e9tique et innovation pour r\u00e9pondre aux besoins des voyageurs les plus exigeants. Con\u00e7u pour une installation rapide sur la boule d&rsquo;attelage de votre v\u00e9hicule, ce mod\u00e8le facilite vos d\u00e9placements avec vos v\u00e9los \u00e9lectriques ou traditionnels. Facilit\u00e9 d&rsquo;Utilisation et Confort Ce mod\u00e8le est dot\u00e9 de caract\u00e9ristiques pens\u00e9es pour [&hellip;]\" \/>\n<meta property=\"og:url\" content=\"https:\/\/shop.bantam.ch\/fr\/produit\/porte-velos-spinder-tx2-basculant\/\" \/>\n<meta property=\"og:site_name\" content=\"Bantam Wankm\u00fcller SA\" \/>\n<meta property=\"article:modified_time\" content=\"2026-04-17T21:16:19+00:00\" \/>\n<meta property=\"og:image\" content=\"https:\/\/shop.bantam.ch\/wp-content\/uploads\/2025\/03\/942400-PA.jpg\" \/>\n\t<meta property=\"og:image:width\" content=\"800\" \/>\n\t<meta property=\"og:image:height\" content=\"450\" \/>\n\t<meta property=\"og:image:type\" content=\"image\/jpeg\" \/>\n<meta name=\"twitter:card\" content=\"summary_large_image\" \/>\n<meta name=\"twitter:label1\" content=\"Dur\u00e9e de lecture estim\u00e9e\" \/>\n\t<meta name=\"twitter:data1\" content=\"1 minute\" \/>\n<script type=\"application\/ld+json\" class=\"yoast-schema-graph\">{\"@context\":\"https:\\\/\\\/schema.org\",\"@graph\":[{\"@type\":\"WebPage\",\"@id\":\"https:\\\/\\\/shop.bantam.ch\\\/fr\\\/produit\\\/porte-velos-spinder-tx2-basculant\\\/\",\"url\":\"https:\\\/\\\/shop.bantam.ch\\\/fr\\\/produit\\\/porte-velos-spinder-tx2-basculant\\\/\",\"name\":\"Porte-v\u00e9los Spinder TX2 basculant - Bantam Wankm\u00fcller SA\",\"isPartOf\":{\"@id\":\"https:\\\/\\\/shop.bantam.ch\\\/fr\\\/#website\"},\"primaryImageOfPage\":{\"@id\":\"https:\\\/\\\/shop.bantam.ch\\\/fr\\\/produit\\\/porte-velos-spinder-tx2-basculant\\\/#primaryimage\"},\"image\":{\"@id\":\"https:\\\/\\\/shop.bantam.ch\\\/fr\\\/produit\\\/porte-velos-spinder-tx2-basculant\\\/#primaryimage\"},\"thumbnailUrl\":\"https:\\\/\\\/shop.bantam.ch\\\/wp-content\\\/uploads\\\/2025\\\/03\\\/942400-PA.jpg\",\"datePublished\":\"2025-03-04T09:38:29+00:00\",\"dateModified\":\"2026-04-17T21:16:19+00:00\",\"breadcrumb\":{\"@id\":\"https:\\\/\\\/shop.bantam.ch\\\/fr\\\/produit\\\/porte-velos-spinder-tx2-basculant\\\/#breadcrumb\"},\"inLanguage\":\"fr-FR\",\"potentialAction\":[{\"@type\":\"ReadAction\",\"target\":[\"https:\\\/\\\/shop.bantam.ch\\\/fr\\\/produit\\\/porte-velos-spinder-tx2-basculant\\\/\"]}]},{\"@type\":\"ImageObject\",\"inLanguage\":\"fr-FR\",\"@id\":\"https:\\\/\\\/shop.bantam.ch\\\/fr\\\/produit\\\/porte-velos-spinder-tx2-basculant\\\/#primaryimage\",\"url\":\"https:\\\/\\\/shop.bantam.ch\\\/wp-content\\\/uploads\\\/2025\\\/03\\\/942400-PA.jpg\",\"contentUrl\":\"https:\\\/\\\/shop.bantam.ch\\\/wp-content\\\/uploads\\\/2025\\\/03\\\/942400-PA.jpg\",\"width\":800,\"height\":450},{\"@type\":\"BreadcrumbList\",\"@id\":\"https:\\\/\\\/shop.bantam.ch\\\/fr\\\/produit\\\/porte-velos-spinder-tx2-basculant\\\/#breadcrumb\",\"itemListElement\":[{\"@type\":\"ListItem\",\"position\":1,\"name\":\"Accueil\",\"item\":\"https:\\\/\\\/shop.bantam.ch\\\/fr\\\/\"},{\"@type\":\"ListItem\",\"position\":2,\"name\":\"Boutique\",\"item\":\"https:\\\/\\\/shop.bantam.ch\\\/fr\\\/boutique\\\/\"},{\"@type\":\"ListItem\",\"position\":3,\"name\":\"Porte-v\u00e9los Spinder TX2 basculant\"}]},{\"@type\":\"WebSite\",\"@id\":\"https:\\\/\\\/shop.bantam.ch\\\/fr\\\/#website\",\"url\":\"https:\\\/\\\/shop.bantam.ch\\\/fr\\\/\",\"name\":\"Bantam Wankm\u00fcller SA\",\"description\":\"\",\"publisher\":{\"@id\":\"https:\\\/\\\/shop.bantam.ch\\\/fr\\\/#organization\"},\"inLanguage\":\"fr-FR\"},{\"@type\":\"Organization\",\"@id\":\"https:\\\/\\\/shop.bantam.ch\\\/fr\\\/#organization\",\"name\":\"Bantam Wankm\u00fcller SA\",\"url\":\"https:\\\/\\\/shop.bantam.ch\\\/fr\\\/\",\"logo\":{\"@type\":\"ImageObject\",\"inLanguage\":\"fr-FR\",\"@id\":\"https:\\\/\\\/shop.bantam.ch\\\/fr\\\/#\\\/schema\\\/logo\\\/image\\\/\",\"url\":\"https:\\\/\\\/shop.bantam.ch\\\/wp-content\\\/uploads\\\/2022\\\/12\\\/bantam-logo.png\",\"contentUrl\":\"https:\\\/\\\/shop.bantam.ch\\\/wp-content\\\/uploads\\\/2022\\\/12\\\/bantam-logo.png\",\"width\":320,\"height\":71,\"caption\":\"Bantam Wankm\u00fcller SA\"},\"image\":{\"@id\":\"https:\\\/\\\/shop.bantam.ch\\\/fr\\\/#\\\/schema\\\/logo\\\/image\\\/\"}}]}<\/script>\n<!-- \/ Yoast SEO plugin. -->","yoast_head_json":{"title":"Porte-v\u00e9los Spinder TX2 basculant - Bantam Wankm\u00fcller SA","robots":{"index":"index","follow":"follow","max-snippet":"max-snippet:-1","max-image-preview":"max-image-preview:large","max-video-preview":"max-video-preview:-1"},"canonical":"https:\/\/shop.bantam.ch\/fr\/produit\/porte-velos-spinder-tx2-basculant\/","og_locale":"fr_FR","og_type":"article","og_title":"Porte-v\u00e9los Spinder TX2 basculant - Bantam Wankm\u00fcller SA","og_description":"Le porte-v\u00e9los TX2 de Premium SPINDER allie robustesse, esth\u00e9tique et innovation pour r\u00e9pondre aux besoins des voyageurs les plus exigeants. Con\u00e7u pour une installation rapide sur la boule d&rsquo;attelage de votre v\u00e9hicule, ce mod\u00e8le facilite vos d\u00e9placements avec vos v\u00e9los \u00e9lectriques ou traditionnels. Facilit\u00e9 d&rsquo;Utilisation et Confort Ce mod\u00e8le est dot\u00e9 de caract\u00e9ristiques pens\u00e9es pour [&hellip;]","og_url":"https:\/\/shop.bantam.ch\/fr\/produit\/porte-velos-spinder-tx2-basculant\/","og_site_name":"Bantam Wankm\u00fcller SA","article_modified_time":"2026-04-17T21:16:19+00:00","og_image":[{"width":800,"height":450,"url":"https:\/\/shop.bantam.ch\/wp-content\/uploads\/2025\/03\/942400-PA.jpg","type":"image\/jpeg"}],"twitter_card":"summary_large_image","twitter_misc":{"Dur\u00e9e de lecture estim\u00e9e":"1 minute"},"schema":{"@context":"https:\/\/schema.org","@graph":[{"@type":"WebPage","@id":"https:\/\/shop.bantam.ch\/fr\/produit\/porte-velos-spinder-tx2-basculant\/","url":"https:\/\/shop.bantam.ch\/fr\/produit\/porte-velos-spinder-tx2-basculant\/","name":"Porte-v\u00e9los Spinder TX2 basculant - Bantam Wankm\u00fcller SA","isPartOf":{"@id":"https:\/\/shop.bantam.ch\/fr\/#website"},"primaryImageOfPage":{"@id":"https:\/\/shop.bantam.ch\/fr\/produit\/porte-velos-spinder-tx2-basculant\/#primaryimage"},"image":{"@id":"https:\/\/shop.bantam.ch\/fr\/produit\/porte-velos-spinder-tx2-basculant\/#primaryimage"},"thumbnailUrl":"https:\/\/shop.bantam.ch\/wp-content\/uploads\/2025\/03\/942400-PA.jpg","datePublished":"2025-03-04T09:38:29+00:00","dateModified":"2026-04-17T21:16:19+00:00","breadcrumb":{"@id":"https:\/\/shop.bantam.ch\/fr\/produit\/porte-velos-spinder-tx2-basculant\/#breadcrumb"},"inLanguage":"fr-FR","potentialAction":[{"@type":"ReadAction","target":["https:\/\/shop.bantam.ch\/fr\/produit\/porte-velos-spinder-tx2-basculant\/"]}]},{"@type":"ImageObject","inLanguage":"fr-FR","@id":"https:\/\/shop.bantam.ch\/fr\/produit\/porte-velos-spinder-tx2-basculant\/#primaryimage","url":"https:\/\/shop.bantam.ch\/wp-content\/uploads\/2025\/03\/942400-PA.jpg","contentUrl":"https:\/\/shop.bantam.ch\/wp-content\/uploads\/2025\/03\/942400-PA.jpg","width":800,"height":450},{"@type":"BreadcrumbList","@id":"https:\/\/shop.bantam.ch\/fr\/produit\/porte-velos-spinder-tx2-basculant\/#breadcrumb","itemListElement":[{"@type":"ListItem","position":1,"name":"Accueil","item":"https:\/\/shop.bantam.ch\/fr\/"},{"@type":"ListItem","position":2,"name":"Boutique","item":"https:\/\/shop.bantam.ch\/fr\/boutique\/"},{"@type":"ListItem","position":3,"name":"Porte-v\u00e9los Spinder TX2 basculant"}]},{"@type":"WebSite","@id":"https:\/\/shop.bantam.ch\/fr\/#website","url":"https:\/\/shop.bantam.ch\/fr\/","name":"Bantam Wankm\u00fcller SA","description":"","publisher":{"@id":"https:\/\/shop.bantam.ch\/fr\/#organization"},"inLanguage":"fr-FR"},{"@type":"Organization","@id":"https:\/\/shop.bantam.ch\/fr\/#organization","name":"Bantam Wankm\u00fcller SA","url":"https:\/\/shop.bantam.ch\/fr\/","logo":{"@type":"ImageObject","inLanguage":"fr-FR","@id":"https:\/\/shop.bantam.ch\/fr\/#\/schema\/logo\/image\/","url":"https:\/\/shop.bantam.ch\/wp-content\/uploads\/2022\/12\/bantam-logo.png","contentUrl":"https:\/\/shop.bantam.ch\/wp-content\/uploads\/2022\/12\/bantam-logo.png","width":320,"height":71,"caption":"Bantam Wankm\u00fcller SA"},"image":{"@id":"https:\/\/shop.bantam.ch\/fr\/#\/schema\/logo\/image\/"}}]}},"_links":{"self":[{"href":"https:\/\/shop.bantam.ch\/fr\/wp-json\/wp\/v2\/product\/209902","targetHints":{"allow":["GET"]}}],"collection":[{"href":"https:\/\/shop.bantam.ch\/fr\/wp-json\/wp\/v2\/product"}],"about":[{"href":"https:\/\/shop.bantam.ch\/fr\/wp-json\/wp\/v2\/types\/product"}],"wp:featuredmedia":[{"embeddable":true,"href":"https:\/\/shop.bantam.ch\/fr\/wp-json\/wp\/v2\/media\/209896"}],"wp:attachment":[{"href":"https:\/\/shop.bantam.ch\/fr\/wp-json\/wp\/v2\/media?parent=209902"}],"wp:term":[{"taxonomy":"product_featured_cat","embeddable":true,"href":"https:\/\/shop.bantam.ch\/fr\/wp-json\/wp\/v2\/product_featured_cat?post=209902"},{"taxonomy":"product_brand","embeddable":true,"href":"https:\/\/shop.bantam.ch\/fr\/wp-json\/wp\/v2\/product_brand?post=209902"},{"taxonomy":"product_cat","embeddable":true,"href":"https:\/\/shop.bantam.ch\/fr\/wp-json\/wp\/v2\/product_cat?post=209902"},{"taxonomy":"product_tag","embeddable":true,"href":"https:\/\/shop.bantam.ch\/fr\/wp-json\/wp\/v2\/product_tag?post=209902"}],"curies":[{"name":"wp","href":"https:\/\/api.w.org\/{rel}","templated":true}]}}