{"id":209894,"date":"2025-03-04T10:33:37","date_gmt":"2025-03-04T09:33:37","guid":{"rendered":"https:\/\/shop.bantam.ch\/produit\/porte-velos-spinder-sc2-coulissant\/"},"modified":"2026-04-18T23:19:32","modified_gmt":"2026-04-18T21:19:32","slug":"porte-velos-spinder-sc2-coulissant","status":"publish","type":"product","link":"https:\/\/shop.bantam.ch\/fr\/produit\/porte-velos-spinder-sc2-coulissant\/","title":{"rendered":"Porte-v\u00e9los Spinder SC2 coulissant"},"content":{"rendered":"<p>D\u00e9couvrez le porte-v\u00e9los SC2 de Premium SPINDER<br \/>\nUne solution de transport de v\u00e9los innovante et \u00e9l\u00e9gante, con\u00e7ue pour les amateurs de cyclisme qui ne veulent pas faire de compromis sur la fonctionnalit\u00e9 ou le style.<br \/>\nFonctionnalit\u00e9 et Capacit\u00e9<br \/>\nLe porte-v\u00e9los SC2 peut facilement transporter deux v\u00e9los \u00e9lectriques avec une charge totale admissible de 60 kg. Gr\u00e2ce \u00e0 un rail suppl\u00e9mentaire XB1, il est possible d&rsquo;ajouter un troisi\u00e8me v\u00e9lo, augmentant ainsi sa polyvalence. Ce mod\u00e8le se fixe ais\u00e9ment sur la boule d&rsquo;attelage de tout type de v\u00e9hicule, y compris les vans et les fourgons.<br \/>\nAccessibilit\u00e9 et Commodit\u00e9<br \/>\nUne des caract\u00e9ristiques distinctives du SC2 est sa fonction coulissante qui permet d&rsquo;acc\u00e9der aux portes arri\u00e8re du v\u00e9hicule m\u00eame quand les v\u00e9los sont charg\u00e9s, offrant ainsi une course arri\u00e8re de 700 mm. De plus, sa conception partiellement pliable permet de le ranger facilement dans un coffre ou un garage sans prendre trop d&rsquo;espace.<br \/>\nS\u00e9curit\u00e9 et Durabilit\u00e9<br \/>\nLes bras de fixation ajustables et verrouillables assurent que tous types de v\u00e9los sont bien s\u00e9curis\u00e9s pendant le transport. Un syst\u00e8me de cl\u00e9s propri\u00e9taires renforce la s\u00e9curit\u00e9 contre le vol. Son design soign\u00e9 en finition noir mate et ses lignes \u00e9pur\u00e9es garantissent que le style de votre v\u00e9hicule est pr\u00e9serv\u00e9.<\/p>\n","protected":false},"excerpt":{"rendered":"<p>D\u00e9couvrez le porte-v\u00e9los SC2 de Premium SPINDER Une solution de transport de v\u00e9los innovante et \u00e9l\u00e9gante, con\u00e7ue pour les amateurs de cyclisme qui ne veulent pas faire de compromis sur la fonctionnalit\u00e9 ou le style. Fonctionnalit\u00e9 et Capacit\u00e9 Le porte-v\u00e9los SC2 peut facilement transporter deux v\u00e9los \u00e9lectriques avec une charge totale admissible de 60 kg. [&hellip;]<\/p>\n","protected":false},"featured_media":209886,"template":"","meta":{"_acf_changed":false},"product_featured_cat":[],"product_brand":[3032],"product_cat":[4139],"product_tag":[],"class_list":{"0":"post-209894","1":"product","2":"type-product","3":"status-publish","4":"has-post-thumbnail","6":"product_brand-standard","7":"product_cat-porte-velos","9":"first","10":"instock","11":"taxable","12":"shipping-taxable","13":"purchasable","14":"product-type-simple"},"acf":[],"yoast_head":"<!-- This site is optimized with the Yoast SEO plugin v27.4 - https:\/\/yoast.com\/product\/yoast-seo-wordpress\/ -->\n<title>Porte-v\u00e9los Spinder SC2 coulissant - Bantam Wankm\u00fcller SA<\/title>\n<meta name=\"robots\" content=\"index, follow, max-snippet:-1, max-image-preview:large, max-video-preview:-1\" \/>\n<link rel=\"canonical\" href=\"https:\/\/shop.bantam.ch\/fr\/produit\/porte-velos-spinder-sc2-coulissant\/\" \/>\n<meta property=\"og:locale\" content=\"fr_FR\" \/>\n<meta property=\"og:type\" content=\"article\" \/>\n<meta property=\"og:title\" content=\"Porte-v\u00e9los Spinder SC2 coulissant - Bantam Wankm\u00fcller SA\" \/>\n<meta property=\"og:description\" content=\"D\u00e9couvrez le porte-v\u00e9los SC2 de Premium SPINDER Une solution de transport de v\u00e9los innovante et \u00e9l\u00e9gante, con\u00e7ue pour les amateurs de cyclisme qui ne veulent pas faire de compromis sur la fonctionnalit\u00e9 ou le style. Fonctionnalit\u00e9 et Capacit\u00e9 Le porte-v\u00e9los SC2 peut facilement transporter deux v\u00e9los \u00e9lectriques avec une charge totale admissible de 60 kg. [&hellip;]\" \/>\n<meta property=\"og:url\" content=\"https:\/\/shop.bantam.ch\/fr\/produit\/porte-velos-spinder-sc2-coulissant\/\" \/>\n<meta property=\"og:site_name\" content=\"Bantam Wankm\u00fcller SA\" \/>\n<meta property=\"article:modified_time\" content=\"2026-04-18T21:19:32+00:00\" \/>\n<meta property=\"og:image\" content=\"https:\/\/shop.bantam.ch\/wp-content\/uploads\/2025\/03\/942401-A1.jpg\" \/>\n\t<meta property=\"og:image:width\" content=\"800\" \/>\n\t<meta property=\"og:image:height\" content=\"538\" \/>\n\t<meta property=\"og:image:type\" content=\"image\/jpeg\" \/>\n<meta name=\"twitter:card\" content=\"summary_large_image\" \/>\n<meta name=\"twitter:label1\" content=\"Dur\u00e9e de lecture estim\u00e9e\" \/>\n\t<meta name=\"twitter:data1\" content=\"1 minute\" \/>\n<script type=\"application\/ld+json\" class=\"yoast-schema-graph\">{\"@context\":\"https:\\\/\\\/schema.org\",\"@graph\":[{\"@type\":\"WebPage\",\"@id\":\"https:\\\/\\\/shop.bantam.ch\\\/fr\\\/produit\\\/porte-velos-spinder-sc2-coulissant\\\/\",\"url\":\"https:\\\/\\\/shop.bantam.ch\\\/fr\\\/produit\\\/porte-velos-spinder-sc2-coulissant\\\/\",\"name\":\"Porte-v\u00e9los Spinder SC2 coulissant - Bantam Wankm\u00fcller SA\",\"isPartOf\":{\"@id\":\"https:\\\/\\\/shop.bantam.ch\\\/fr\\\/#website\"},\"primaryImageOfPage\":{\"@id\":\"https:\\\/\\\/shop.bantam.ch\\\/fr\\\/produit\\\/porte-velos-spinder-sc2-coulissant\\\/#primaryimage\"},\"image\":{\"@id\":\"https:\\\/\\\/shop.bantam.ch\\\/fr\\\/produit\\\/porte-velos-spinder-sc2-coulissant\\\/#primaryimage\"},\"thumbnailUrl\":\"https:\\\/\\\/shop.bantam.ch\\\/wp-content\\\/uploads\\\/2025\\\/03\\\/942401-A1.jpg\",\"datePublished\":\"2025-03-04T09:33:37+00:00\",\"dateModified\":\"2026-04-18T21:19:32+00:00\",\"breadcrumb\":{\"@id\":\"https:\\\/\\\/shop.bantam.ch\\\/fr\\\/produit\\\/porte-velos-spinder-sc2-coulissant\\\/#breadcrumb\"},\"inLanguage\":\"fr-FR\",\"potentialAction\":[{\"@type\":\"ReadAction\",\"target\":[\"https:\\\/\\\/shop.bantam.ch\\\/fr\\\/produit\\\/porte-velos-spinder-sc2-coulissant\\\/\"]}]},{\"@type\":\"ImageObject\",\"inLanguage\":\"fr-FR\",\"@id\":\"https:\\\/\\\/shop.bantam.ch\\\/fr\\\/produit\\\/porte-velos-spinder-sc2-coulissant\\\/#primaryimage\",\"url\":\"https:\\\/\\\/shop.bantam.ch\\\/wp-content\\\/uploads\\\/2025\\\/03\\\/942401-A1.jpg\",\"contentUrl\":\"https:\\\/\\\/shop.bantam.ch\\\/wp-content\\\/uploads\\\/2025\\\/03\\\/942401-A1.jpg\",\"width\":800,\"height\":538},{\"@type\":\"BreadcrumbList\",\"@id\":\"https:\\\/\\\/shop.bantam.ch\\\/fr\\\/produit\\\/porte-velos-spinder-sc2-coulissant\\\/#breadcrumb\",\"itemListElement\":[{\"@type\":\"ListItem\",\"position\":1,\"name\":\"Accueil\",\"item\":\"https:\\\/\\\/shop.bantam.ch\\\/fr\\\/\"},{\"@type\":\"ListItem\",\"position\":2,\"name\":\"Boutique\",\"item\":\"https:\\\/\\\/shop.bantam.ch\\\/fr\\\/boutique\\\/\"},{\"@type\":\"ListItem\",\"position\":3,\"name\":\"Porte-v\u00e9los Spinder SC2 coulissant\"}]},{\"@type\":\"WebSite\",\"@id\":\"https:\\\/\\\/shop.bantam.ch\\\/fr\\\/#website\",\"url\":\"https:\\\/\\\/shop.bantam.ch\\\/fr\\\/\",\"name\":\"Bantam Wankm\u00fcller SA\",\"description\":\"\",\"publisher\":{\"@id\":\"https:\\\/\\\/shop.bantam.ch\\\/fr\\\/#organization\"},\"inLanguage\":\"fr-FR\"},{\"@type\":\"Organization\",\"@id\":\"https:\\\/\\\/shop.bantam.ch\\\/fr\\\/#organization\",\"name\":\"Bantam Wankm\u00fcller SA\",\"url\":\"https:\\\/\\\/shop.bantam.ch\\\/fr\\\/\",\"logo\":{\"@type\":\"ImageObject\",\"inLanguage\":\"fr-FR\",\"@id\":\"https:\\\/\\\/shop.bantam.ch\\\/fr\\\/#\\\/schema\\\/logo\\\/image\\\/\",\"url\":\"https:\\\/\\\/shop.bantam.ch\\\/wp-content\\\/uploads\\\/2022\\\/12\\\/bantam-logo.png\",\"contentUrl\":\"https:\\\/\\\/shop.bantam.ch\\\/wp-content\\\/uploads\\\/2022\\\/12\\\/bantam-logo.png\",\"width\":320,\"height\":71,\"caption\":\"Bantam Wankm\u00fcller SA\"},\"image\":{\"@id\":\"https:\\\/\\\/shop.bantam.ch\\\/fr\\\/#\\\/schema\\\/logo\\\/image\\\/\"}}]}<\/script>\n<!-- \/ Yoast SEO plugin. -->","yoast_head_json":{"title":"Porte-v\u00e9los Spinder SC2 coulissant - Bantam Wankm\u00fcller SA","robots":{"index":"index","follow":"follow","max-snippet":"max-snippet:-1","max-image-preview":"max-image-preview:large","max-video-preview":"max-video-preview:-1"},"canonical":"https:\/\/shop.bantam.ch\/fr\/produit\/porte-velos-spinder-sc2-coulissant\/","og_locale":"fr_FR","og_type":"article","og_title":"Porte-v\u00e9los Spinder SC2 coulissant - Bantam Wankm\u00fcller SA","og_description":"D\u00e9couvrez le porte-v\u00e9los SC2 de Premium SPINDER Une solution de transport de v\u00e9los innovante et \u00e9l\u00e9gante, con\u00e7ue pour les amateurs de cyclisme qui ne veulent pas faire de compromis sur la fonctionnalit\u00e9 ou le style. Fonctionnalit\u00e9 et Capacit\u00e9 Le porte-v\u00e9los SC2 peut facilement transporter deux v\u00e9los \u00e9lectriques avec une charge totale admissible de 60 kg. [&hellip;]","og_url":"https:\/\/shop.bantam.ch\/fr\/produit\/porte-velos-spinder-sc2-coulissant\/","og_site_name":"Bantam Wankm\u00fcller SA","article_modified_time":"2026-04-18T21:19:32+00:00","og_image":[{"width":800,"height":538,"url":"https:\/\/shop.bantam.ch\/wp-content\/uploads\/2025\/03\/942401-A1.jpg","type":"image\/jpeg"}],"twitter_card":"summary_large_image","twitter_misc":{"Dur\u00e9e de lecture estim\u00e9e":"1 minute"},"schema":{"@context":"https:\/\/schema.org","@graph":[{"@type":"WebPage","@id":"https:\/\/shop.bantam.ch\/fr\/produit\/porte-velos-spinder-sc2-coulissant\/","url":"https:\/\/shop.bantam.ch\/fr\/produit\/porte-velos-spinder-sc2-coulissant\/","name":"Porte-v\u00e9los Spinder SC2 coulissant - Bantam Wankm\u00fcller SA","isPartOf":{"@id":"https:\/\/shop.bantam.ch\/fr\/#website"},"primaryImageOfPage":{"@id":"https:\/\/shop.bantam.ch\/fr\/produit\/porte-velos-spinder-sc2-coulissant\/#primaryimage"},"image":{"@id":"https:\/\/shop.bantam.ch\/fr\/produit\/porte-velos-spinder-sc2-coulissant\/#primaryimage"},"thumbnailUrl":"https:\/\/shop.bantam.ch\/wp-content\/uploads\/2025\/03\/942401-A1.jpg","datePublished":"2025-03-04T09:33:37+00:00","dateModified":"2026-04-18T21:19:32+00:00","breadcrumb":{"@id":"https:\/\/shop.bantam.ch\/fr\/produit\/porte-velos-spinder-sc2-coulissant\/#breadcrumb"},"inLanguage":"fr-FR","potentialAction":[{"@type":"ReadAction","target":["https:\/\/shop.bantam.ch\/fr\/produit\/porte-velos-spinder-sc2-coulissant\/"]}]},{"@type":"ImageObject","inLanguage":"fr-FR","@id":"https:\/\/shop.bantam.ch\/fr\/produit\/porte-velos-spinder-sc2-coulissant\/#primaryimage","url":"https:\/\/shop.bantam.ch\/wp-content\/uploads\/2025\/03\/942401-A1.jpg","contentUrl":"https:\/\/shop.bantam.ch\/wp-content\/uploads\/2025\/03\/942401-A1.jpg","width":800,"height":538},{"@type":"BreadcrumbList","@id":"https:\/\/shop.bantam.ch\/fr\/produit\/porte-velos-spinder-sc2-coulissant\/#breadcrumb","itemListElement":[{"@type":"ListItem","position":1,"name":"Accueil","item":"https:\/\/shop.bantam.ch\/fr\/"},{"@type":"ListItem","position":2,"name":"Boutique","item":"https:\/\/shop.bantam.ch\/fr\/boutique\/"},{"@type":"ListItem","position":3,"name":"Porte-v\u00e9los Spinder SC2 coulissant"}]},{"@type":"WebSite","@id":"https:\/\/shop.bantam.ch\/fr\/#website","url":"https:\/\/shop.bantam.ch\/fr\/","name":"Bantam Wankm\u00fcller SA","description":"","publisher":{"@id":"https:\/\/shop.bantam.ch\/fr\/#organization"},"inLanguage":"fr-FR"},{"@type":"Organization","@id":"https:\/\/shop.bantam.ch\/fr\/#organization","name":"Bantam Wankm\u00fcller SA","url":"https:\/\/shop.bantam.ch\/fr\/","logo":{"@type":"ImageObject","inLanguage":"fr-FR","@id":"https:\/\/shop.bantam.ch\/fr\/#\/schema\/logo\/image\/","url":"https:\/\/shop.bantam.ch\/wp-content\/uploads\/2022\/12\/bantam-logo.png","contentUrl":"https:\/\/shop.bantam.ch\/wp-content\/uploads\/2022\/12\/bantam-logo.png","width":320,"height":71,"caption":"Bantam Wankm\u00fcller SA"},"image":{"@id":"https:\/\/shop.bantam.ch\/fr\/#\/schema\/logo\/image\/"}}]}},"_links":{"self":[{"href":"https:\/\/shop.bantam.ch\/fr\/wp-json\/wp\/v2\/product\/209894","targetHints":{"allow":["GET"]}}],"collection":[{"href":"https:\/\/shop.bantam.ch\/fr\/wp-json\/wp\/v2\/product"}],"about":[{"href":"https:\/\/shop.bantam.ch\/fr\/wp-json\/wp\/v2\/types\/product"}],"wp:featuredmedia":[{"embeddable":true,"href":"https:\/\/shop.bantam.ch\/fr\/wp-json\/wp\/v2\/media\/209886"}],"wp:attachment":[{"href":"https:\/\/shop.bantam.ch\/fr\/wp-json\/wp\/v2\/media?parent=209894"}],"wp:term":[{"taxonomy":"product_featured_cat","embeddable":true,"href":"https:\/\/shop.bantam.ch\/fr\/wp-json\/wp\/v2\/product_featured_cat?post=209894"},{"taxonomy":"product_brand","embeddable":true,"href":"https:\/\/shop.bantam.ch\/fr\/wp-json\/wp\/v2\/product_brand?post=209894"},{"taxonomy":"product_cat","embeddable":true,"href":"https:\/\/shop.bantam.ch\/fr\/wp-json\/wp\/v2\/product_cat?post=209894"},{"taxonomy":"product_tag","embeddable":true,"href":"https:\/\/shop.bantam.ch\/fr\/wp-json\/wp\/v2\/product_tag?post=209894"}],"curies":[{"name":"wp","href":"https:\/\/api.w.org\/{rel}","templated":true}]}}