{"id":209884,"date":"2025-03-04T10:23:24","date_gmt":"2025-03-04T09:23:24","guid":{"rendered":"https:\/\/shop.bantam.ch\/produit\/porte-velos-enduro-tg260-basculant\/"},"modified":"2026-04-18T23:19:32","modified_gmt":"2026-04-18T21:19:32","slug":"porte-velos-enduro-tg260-basculant","status":"publish","type":"product","link":"https:\/\/shop.bantam.ch\/fr\/produit\/porte-velos-enduro-tg260-basculant\/","title":{"rendered":"Porte-v\u00e9los Enduro TG260 Basculant"},"content":{"rendered":"<p>Compatible avec les v\u00e9los \u00e9lectriques<br \/>\n\u2022 Support de cadre verrouillable antivol<br \/>\n\u2022 Convient aux v\u00e9los \u00e0 cadre oversize et en Y<br \/>\n\u2022 Diam\u00e8tre cadre de v\u00e9lo max. : 75 mm<br \/>\n\u2022 Empattement maximum : 125cm<br \/>\n\u2022 Distance entre les rails (du centre au centre) : 22 cm<br \/>\n\u2022 Largeur des roues &amp; pneus max. : 55 mm<br \/>\n\u2022 Compatibilit\u00e9 : sur toute rotule d\u2019attelage<br \/>\n\u2022 Charge maxi par rail : 30 kg<br \/>\n\u2022 Charge maximale : 60 kg<br \/>\n\u2022 Capacit\u00e9 : 2 v\u00e9los<br \/>\n\u2022 Eclairage int\u00e9gr\u00e9: prise 13 broches<br \/>\n\u2022 Dimensions (Lx h x l) : 115 x 67 x 61 cm<br \/>\n\u2022 Poids total: 17kg<\/p>\n","protected":false},"excerpt":{"rendered":"<p>Compatible avec les v\u00e9los \u00e9lectriques \u2022 Support de cadre verrouillable antivol \u2022 Convient aux v\u00e9los \u00e0 cadre oversize et en Y \u2022 Diam\u00e8tre cadre de v\u00e9lo max. : 75 mm \u2022 Empattement maximum : 125cm \u2022 Distance entre les rails (du centre au centre) : 22 cm \u2022 Largeur des roues &amp; pneus max. : [&hellip;]<\/p>\n","protected":false},"featured_media":209878,"template":"","meta":{"_acf_changed":false},"product_featured_cat":[],"product_brand":[3560],"product_cat":[4139],"product_tag":[],"class_list":{"0":"post-209884","1":"product","2":"type-product","3":"status-publish","4":"has-post-thumbnail","6":"product_brand-enduro","7":"product_cat-porte-velos","9":"first","10":"instock","11":"taxable","12":"shipping-taxable","13":"purchasable","14":"product-type-simple"},"acf":[],"yoast_head":"<!-- This site is optimized with the Yoast SEO plugin v27.4 - https:\/\/yoast.com\/product\/yoast-seo-wordpress\/ -->\n<title>Porte-v\u00e9los Enduro TG260 Basculant - Bantam Wankm\u00fcller SA<\/title>\n<meta name=\"robots\" content=\"index, follow, max-snippet:-1, max-image-preview:large, max-video-preview:-1\" \/>\n<link rel=\"canonical\" href=\"https:\/\/shop.bantam.ch\/fr\/produit\/porte-velos-enduro-tg260-basculant\/\" \/>\n<meta property=\"og:locale\" content=\"fr_FR\" \/>\n<meta property=\"og:type\" content=\"article\" \/>\n<meta property=\"og:title\" content=\"Porte-v\u00e9los Enduro TG260 Basculant - Bantam Wankm\u00fcller SA\" \/>\n<meta property=\"og:description\" content=\"Compatible avec les v\u00e9los \u00e9lectriques \u2022 Support de cadre verrouillable antivol \u2022 Convient aux v\u00e9los \u00e0 cadre oversize et en Y \u2022 Diam\u00e8tre cadre de v\u00e9lo max. : 75 mm \u2022 Empattement maximum : 125cm \u2022 Distance entre les rails (du centre au centre) : 22 cm \u2022 Largeur des roues &amp; pneus max. : [&hellip;]\" \/>\n<meta property=\"og:url\" content=\"https:\/\/shop.bantam.ch\/fr\/produit\/porte-velos-enduro-tg260-basculant\/\" \/>\n<meta property=\"og:site_name\" content=\"Bantam Wankm\u00fcller SA\" \/>\n<meta property=\"article:modified_time\" content=\"2026-04-18T21:19:32+00:00\" \/>\n<meta property=\"og:image\" content=\"https:\/\/shop.bantam.ch\/wp-content\/uploads\/2025\/03\/942398-A1.jpg\" \/>\n\t<meta property=\"og:image:width\" content=\"800\" \/>\n\t<meta property=\"og:image:height\" content=\"598\" \/>\n\t<meta property=\"og:image:type\" content=\"image\/jpeg\" \/>\n<meta name=\"twitter:card\" content=\"summary_large_image\" \/>\n<script type=\"application\/ld+json\" class=\"yoast-schema-graph\">{\"@context\":\"https:\\\/\\\/schema.org\",\"@graph\":[{\"@type\":\"WebPage\",\"@id\":\"https:\\\/\\\/shop.bantam.ch\\\/fr\\\/produit\\\/porte-velos-enduro-tg260-basculant\\\/\",\"url\":\"https:\\\/\\\/shop.bantam.ch\\\/fr\\\/produit\\\/porte-velos-enduro-tg260-basculant\\\/\",\"name\":\"Porte-v\u00e9los Enduro TG260 Basculant - Bantam Wankm\u00fcller SA\",\"isPartOf\":{\"@id\":\"https:\\\/\\\/shop.bantam.ch\\\/fr\\\/#website\"},\"primaryImageOfPage\":{\"@id\":\"https:\\\/\\\/shop.bantam.ch\\\/fr\\\/produit\\\/porte-velos-enduro-tg260-basculant\\\/#primaryimage\"},\"image\":{\"@id\":\"https:\\\/\\\/shop.bantam.ch\\\/fr\\\/produit\\\/porte-velos-enduro-tg260-basculant\\\/#primaryimage\"},\"thumbnailUrl\":\"https:\\\/\\\/shop.bantam.ch\\\/wp-content\\\/uploads\\\/2025\\\/03\\\/942398-A1.jpg\",\"datePublished\":\"2025-03-04T09:23:24+00:00\",\"dateModified\":\"2026-04-18T21:19:32+00:00\",\"breadcrumb\":{\"@id\":\"https:\\\/\\\/shop.bantam.ch\\\/fr\\\/produit\\\/porte-velos-enduro-tg260-basculant\\\/#breadcrumb\"},\"inLanguage\":\"fr-FR\",\"potentialAction\":[{\"@type\":\"ReadAction\",\"target\":[\"https:\\\/\\\/shop.bantam.ch\\\/fr\\\/produit\\\/porte-velos-enduro-tg260-basculant\\\/\"]}]},{\"@type\":\"ImageObject\",\"inLanguage\":\"fr-FR\",\"@id\":\"https:\\\/\\\/shop.bantam.ch\\\/fr\\\/produit\\\/porte-velos-enduro-tg260-basculant\\\/#primaryimage\",\"url\":\"https:\\\/\\\/shop.bantam.ch\\\/wp-content\\\/uploads\\\/2025\\\/03\\\/942398-A1.jpg\",\"contentUrl\":\"https:\\\/\\\/shop.bantam.ch\\\/wp-content\\\/uploads\\\/2025\\\/03\\\/942398-A1.jpg\",\"width\":800,\"height\":598},{\"@type\":\"BreadcrumbList\",\"@id\":\"https:\\\/\\\/shop.bantam.ch\\\/fr\\\/produit\\\/porte-velos-enduro-tg260-basculant\\\/#breadcrumb\",\"itemListElement\":[{\"@type\":\"ListItem\",\"position\":1,\"name\":\"Accueil\",\"item\":\"https:\\\/\\\/shop.bantam.ch\\\/fr\\\/\"},{\"@type\":\"ListItem\",\"position\":2,\"name\":\"Boutique\",\"item\":\"https:\\\/\\\/shop.bantam.ch\\\/fr\\\/boutique\\\/\"},{\"@type\":\"ListItem\",\"position\":3,\"name\":\"Porte-v\u00e9los Enduro TG260 Basculant\"}]},{\"@type\":\"WebSite\",\"@id\":\"https:\\\/\\\/shop.bantam.ch\\\/fr\\\/#website\",\"url\":\"https:\\\/\\\/shop.bantam.ch\\\/fr\\\/\",\"name\":\"Bantam Wankm\u00fcller SA\",\"description\":\"\",\"publisher\":{\"@id\":\"https:\\\/\\\/shop.bantam.ch\\\/fr\\\/#organization\"},\"inLanguage\":\"fr-FR\"},{\"@type\":\"Organization\",\"@id\":\"https:\\\/\\\/shop.bantam.ch\\\/fr\\\/#organization\",\"name\":\"Bantam Wankm\u00fcller SA\",\"url\":\"https:\\\/\\\/shop.bantam.ch\\\/fr\\\/\",\"logo\":{\"@type\":\"ImageObject\",\"inLanguage\":\"fr-FR\",\"@id\":\"https:\\\/\\\/shop.bantam.ch\\\/fr\\\/#\\\/schema\\\/logo\\\/image\\\/\",\"url\":\"https:\\\/\\\/shop.bantam.ch\\\/wp-content\\\/uploads\\\/2022\\\/12\\\/bantam-logo.png\",\"contentUrl\":\"https:\\\/\\\/shop.bantam.ch\\\/wp-content\\\/uploads\\\/2022\\\/12\\\/bantam-logo.png\",\"width\":320,\"height\":71,\"caption\":\"Bantam Wankm\u00fcller SA\"},\"image\":{\"@id\":\"https:\\\/\\\/shop.bantam.ch\\\/fr\\\/#\\\/schema\\\/logo\\\/image\\\/\"}}]}<\/script>\n<!-- \/ Yoast SEO plugin. -->","yoast_head_json":{"title":"Porte-v\u00e9los Enduro TG260 Basculant - Bantam Wankm\u00fcller SA","robots":{"index":"index","follow":"follow","max-snippet":"max-snippet:-1","max-image-preview":"max-image-preview:large","max-video-preview":"max-video-preview:-1"},"canonical":"https:\/\/shop.bantam.ch\/fr\/produit\/porte-velos-enduro-tg260-basculant\/","og_locale":"fr_FR","og_type":"article","og_title":"Porte-v\u00e9los Enduro TG260 Basculant - Bantam Wankm\u00fcller SA","og_description":"Compatible avec les v\u00e9los \u00e9lectriques \u2022 Support de cadre verrouillable antivol \u2022 Convient aux v\u00e9los \u00e0 cadre oversize et en Y \u2022 Diam\u00e8tre cadre de v\u00e9lo max. : 75 mm \u2022 Empattement maximum : 125cm \u2022 Distance entre les rails (du centre au centre) : 22 cm \u2022 Largeur des roues &amp; pneus max. : [&hellip;]","og_url":"https:\/\/shop.bantam.ch\/fr\/produit\/porte-velos-enduro-tg260-basculant\/","og_site_name":"Bantam Wankm\u00fcller SA","article_modified_time":"2026-04-18T21:19:32+00:00","og_image":[{"width":800,"height":598,"url":"https:\/\/shop.bantam.ch\/wp-content\/uploads\/2025\/03\/942398-A1.jpg","type":"image\/jpeg"}],"twitter_card":"summary_large_image","schema":{"@context":"https:\/\/schema.org","@graph":[{"@type":"WebPage","@id":"https:\/\/shop.bantam.ch\/fr\/produit\/porte-velos-enduro-tg260-basculant\/","url":"https:\/\/shop.bantam.ch\/fr\/produit\/porte-velos-enduro-tg260-basculant\/","name":"Porte-v\u00e9los Enduro TG260 Basculant - Bantam Wankm\u00fcller SA","isPartOf":{"@id":"https:\/\/shop.bantam.ch\/fr\/#website"},"primaryImageOfPage":{"@id":"https:\/\/shop.bantam.ch\/fr\/produit\/porte-velos-enduro-tg260-basculant\/#primaryimage"},"image":{"@id":"https:\/\/shop.bantam.ch\/fr\/produit\/porte-velos-enduro-tg260-basculant\/#primaryimage"},"thumbnailUrl":"https:\/\/shop.bantam.ch\/wp-content\/uploads\/2025\/03\/942398-A1.jpg","datePublished":"2025-03-04T09:23:24+00:00","dateModified":"2026-04-18T21:19:32+00:00","breadcrumb":{"@id":"https:\/\/shop.bantam.ch\/fr\/produit\/porte-velos-enduro-tg260-basculant\/#breadcrumb"},"inLanguage":"fr-FR","potentialAction":[{"@type":"ReadAction","target":["https:\/\/shop.bantam.ch\/fr\/produit\/porte-velos-enduro-tg260-basculant\/"]}]},{"@type":"ImageObject","inLanguage":"fr-FR","@id":"https:\/\/shop.bantam.ch\/fr\/produit\/porte-velos-enduro-tg260-basculant\/#primaryimage","url":"https:\/\/shop.bantam.ch\/wp-content\/uploads\/2025\/03\/942398-A1.jpg","contentUrl":"https:\/\/shop.bantam.ch\/wp-content\/uploads\/2025\/03\/942398-A1.jpg","width":800,"height":598},{"@type":"BreadcrumbList","@id":"https:\/\/shop.bantam.ch\/fr\/produit\/porte-velos-enduro-tg260-basculant\/#breadcrumb","itemListElement":[{"@type":"ListItem","position":1,"name":"Accueil","item":"https:\/\/shop.bantam.ch\/fr\/"},{"@type":"ListItem","position":2,"name":"Boutique","item":"https:\/\/shop.bantam.ch\/fr\/boutique\/"},{"@type":"ListItem","position":3,"name":"Porte-v\u00e9los Enduro TG260 Basculant"}]},{"@type":"WebSite","@id":"https:\/\/shop.bantam.ch\/fr\/#website","url":"https:\/\/shop.bantam.ch\/fr\/","name":"Bantam Wankm\u00fcller SA","description":"","publisher":{"@id":"https:\/\/shop.bantam.ch\/fr\/#organization"},"inLanguage":"fr-FR"},{"@type":"Organization","@id":"https:\/\/shop.bantam.ch\/fr\/#organization","name":"Bantam Wankm\u00fcller SA","url":"https:\/\/shop.bantam.ch\/fr\/","logo":{"@type":"ImageObject","inLanguage":"fr-FR","@id":"https:\/\/shop.bantam.ch\/fr\/#\/schema\/logo\/image\/","url":"https:\/\/shop.bantam.ch\/wp-content\/uploads\/2022\/12\/bantam-logo.png","contentUrl":"https:\/\/shop.bantam.ch\/wp-content\/uploads\/2022\/12\/bantam-logo.png","width":320,"height":71,"caption":"Bantam Wankm\u00fcller SA"},"image":{"@id":"https:\/\/shop.bantam.ch\/fr\/#\/schema\/logo\/image\/"}}]}},"_links":{"self":[{"href":"https:\/\/shop.bantam.ch\/fr\/wp-json\/wp\/v2\/product\/209884","targetHints":{"allow":["GET"]}}],"collection":[{"href":"https:\/\/shop.bantam.ch\/fr\/wp-json\/wp\/v2\/product"}],"about":[{"href":"https:\/\/shop.bantam.ch\/fr\/wp-json\/wp\/v2\/types\/product"}],"wp:featuredmedia":[{"embeddable":true,"href":"https:\/\/shop.bantam.ch\/fr\/wp-json\/wp\/v2\/media\/209878"}],"wp:attachment":[{"href":"https:\/\/shop.bantam.ch\/fr\/wp-json\/wp\/v2\/media?parent=209884"}],"wp:term":[{"taxonomy":"product_featured_cat","embeddable":true,"href":"https:\/\/shop.bantam.ch\/fr\/wp-json\/wp\/v2\/product_featured_cat?post=209884"},{"taxonomy":"product_brand","embeddable":true,"href":"https:\/\/shop.bantam.ch\/fr\/wp-json\/wp\/v2\/product_brand?post=209884"},{"taxonomy":"product_cat","embeddable":true,"href":"https:\/\/shop.bantam.ch\/fr\/wp-json\/wp\/v2\/product_cat?post=209884"},{"taxonomy":"product_tag","embeddable":true,"href":"https:\/\/shop.bantam.ch\/fr\/wp-json\/wp\/v2\/product_tag?post=209884"}],"curies":[{"name":"wp","href":"https:\/\/api.w.org\/{rel}","templated":true}]}}