{"id":209866,"date":"2025-03-04T10:09:04","date_gmt":"2025-03-04T09:09:04","guid":{"rendered":"https:\/\/shop.bantam.ch\/produit\/tente-attelage-outset\/"},"modified":"2026-04-20T23:17:11","modified_gmt":"2026-04-20T21:17:11","slug":"tente-attelage-outset","status":"publish","type":"product","link":"https:\/\/shop.bantam.ch\/fr\/produit\/tente-attelage-outset\/","title":{"rendered":"Tente attelage Outset"},"content":{"rendered":"<p>Montage sur Boule d&rsquo;Attelage : Facilit\u00e9 de montage avec un syst\u00e8me d&rsquo;installation intuitif.<br \/>\nConfort \u00c9lev\u00e9 : Matelas confortable inclus, espace permettant de se tenir debout.<br \/>\nInd\u00e9pendance du V\u00e9hicule : Possibilit\u00e9 de d\u00e9tacher la tente pour utiliser le v\u00e9hicule s\u00e9par\u00e9ment.<br \/>\nAcc\u00e8s Facile : Hauteur accessible pour tous les membres de la famille.<br \/>\nProtection et Intimit\u00e9 : Housse imperm\u00e9able et fen\u00eatres avec options d&rsquo;enroulement.<br \/>\nAutres caract\u00e9ristiques<br \/>\n\u2022 Longueur : 264 cm<br \/>\n\u2022 Largeur : 144 cm<br \/>\n\u2022 Hauteur : 162\/178 cm<br \/>\n\u2022 Poids net : 70 kg<br \/>\n\u2022 Mat\u00e9riau : Aluminium<br \/>\n\u2022 Mati\u00e8re de la toile : Polyester<br \/>\n\u2022 Couleur de la toile : Bleu<br \/>\n\u2022 Ouverture : Manuelle<br \/>\n\u2022 Nombre de places : 3 personnes<br \/>\n\u2022 Dimensions ferm\u00e9es : L 144 x l 74 x H 90 cm<br \/>\n\u2022 Taille : 3 personnes<br \/>\n\u2022 Dimensions du couchage : 225 x 134<br \/>\n\u2022 Mod\u00e8le : Outset<\/p>\n","protected":false},"excerpt":{"rendered":"<p>Montage sur Boule d&rsquo;Attelage : Facilit\u00e9 de montage avec un syst\u00e8me d&rsquo;installation intuitif. Confort \u00c9lev\u00e9 : Matelas confortable inclus, espace permettant de se tenir debout. Ind\u00e9pendance du V\u00e9hicule : Possibilit\u00e9 de d\u00e9tacher la tente pour utiliser le v\u00e9hicule s\u00e9par\u00e9ment. Acc\u00e8s Facile : Hauteur accessible pour tous les membres de la famille. Protection et Intimit\u00e9 : [&hellip;]<\/p>\n","protected":false},"featured_media":209856,"template":"","meta":{"_acf_changed":false},"product_featured_cat":[],"product_brand":[3032],"product_cat":[4245],"product_tag":[],"class_list":{"0":"post-209866","1":"product","2":"type-product","3":"status-publish","4":"has-post-thumbnail","6":"product_brand-standard","7":"product_cat-tentes-arriere","9":"first","10":"instock","11":"taxable","12":"shipping-taxable","13":"purchasable","14":"product-type-simple"},"acf":[],"yoast_head":"<!-- This site is optimized with the Yoast SEO plugin v27.4 - https:\/\/yoast.com\/product\/yoast-seo-wordpress\/ -->\n<title>Tente attelage Outset - Bantam Wankm\u00fcller SA<\/title>\n<meta name=\"robots\" content=\"index, follow, max-snippet:-1, max-image-preview:large, max-video-preview:-1\" \/>\n<link rel=\"canonical\" href=\"https:\/\/shop.bantam.ch\/fr\/produit\/tente-attelage-outset\/\" \/>\n<meta property=\"og:locale\" content=\"fr_FR\" \/>\n<meta property=\"og:type\" content=\"article\" \/>\n<meta property=\"og:title\" content=\"Tente attelage Outset - Bantam Wankm\u00fcller SA\" \/>\n<meta property=\"og:description\" content=\"Montage sur Boule d&rsquo;Attelage : Facilit\u00e9 de montage avec un syst\u00e8me d&rsquo;installation intuitif. Confort \u00c9lev\u00e9 : Matelas confortable inclus, espace permettant de se tenir debout. Ind\u00e9pendance du V\u00e9hicule : Possibilit\u00e9 de d\u00e9tacher la tente pour utiliser le v\u00e9hicule s\u00e9par\u00e9ment. Acc\u00e8s Facile : Hauteur accessible pour tous les membres de la famille. Protection et Intimit\u00e9 : [&hellip;]\" \/>\n<meta property=\"og:url\" content=\"https:\/\/shop.bantam.ch\/fr\/produit\/tente-attelage-outset\/\" \/>\n<meta property=\"og:site_name\" content=\"Bantam Wankm\u00fcller SA\" \/>\n<meta property=\"article:modified_time\" content=\"2026-04-20T21:17:11+00:00\" \/>\n<meta property=\"og:image\" content=\"https:\/\/shop.bantam.ch\/wp-content\/uploads\/2025\/03\/777953-PA.jpg\" \/>\n\t<meta property=\"og:image:width\" content=\"800\" \/>\n\t<meta property=\"og:image:height\" content=\"800\" \/>\n\t<meta property=\"og:image:type\" content=\"image\/jpeg\" \/>\n<meta name=\"twitter:card\" content=\"summary_large_image\" \/>\n<meta name=\"twitter:label1\" content=\"Dur\u00e9e de lecture estim\u00e9e\" \/>\n\t<meta name=\"twitter:data1\" content=\"1 minute\" \/>\n<script type=\"application\/ld+json\" class=\"yoast-schema-graph\">{\"@context\":\"https:\\\/\\\/schema.org\",\"@graph\":[{\"@type\":\"WebPage\",\"@id\":\"https:\\\/\\\/shop.bantam.ch\\\/fr\\\/produit\\\/tente-attelage-outset\\\/\",\"url\":\"https:\\\/\\\/shop.bantam.ch\\\/fr\\\/produit\\\/tente-attelage-outset\\\/\",\"name\":\"Tente attelage Outset - Bantam Wankm\u00fcller SA\",\"isPartOf\":{\"@id\":\"https:\\\/\\\/shop.bantam.ch\\\/fr\\\/#website\"},\"primaryImageOfPage\":{\"@id\":\"https:\\\/\\\/shop.bantam.ch\\\/fr\\\/produit\\\/tente-attelage-outset\\\/#primaryimage\"},\"image\":{\"@id\":\"https:\\\/\\\/shop.bantam.ch\\\/fr\\\/produit\\\/tente-attelage-outset\\\/#primaryimage\"},\"thumbnailUrl\":\"https:\\\/\\\/shop.bantam.ch\\\/wp-content\\\/uploads\\\/2025\\\/03\\\/777953-PA.jpg\",\"datePublished\":\"2025-03-04T09:09:04+00:00\",\"dateModified\":\"2026-04-20T21:17:11+00:00\",\"breadcrumb\":{\"@id\":\"https:\\\/\\\/shop.bantam.ch\\\/fr\\\/produit\\\/tente-attelage-outset\\\/#breadcrumb\"},\"inLanguage\":\"fr-FR\",\"potentialAction\":[{\"@type\":\"ReadAction\",\"target\":[\"https:\\\/\\\/shop.bantam.ch\\\/fr\\\/produit\\\/tente-attelage-outset\\\/\"]}]},{\"@type\":\"ImageObject\",\"inLanguage\":\"fr-FR\",\"@id\":\"https:\\\/\\\/shop.bantam.ch\\\/fr\\\/produit\\\/tente-attelage-outset\\\/#primaryimage\",\"url\":\"https:\\\/\\\/shop.bantam.ch\\\/wp-content\\\/uploads\\\/2025\\\/03\\\/777953-PA.jpg\",\"contentUrl\":\"https:\\\/\\\/shop.bantam.ch\\\/wp-content\\\/uploads\\\/2025\\\/03\\\/777953-PA.jpg\",\"width\":800,\"height\":800},{\"@type\":\"BreadcrumbList\",\"@id\":\"https:\\\/\\\/shop.bantam.ch\\\/fr\\\/produit\\\/tente-attelage-outset\\\/#breadcrumb\",\"itemListElement\":[{\"@type\":\"ListItem\",\"position\":1,\"name\":\"Accueil\",\"item\":\"https:\\\/\\\/shop.bantam.ch\\\/fr\\\/\"},{\"@type\":\"ListItem\",\"position\":2,\"name\":\"Boutique\",\"item\":\"https:\\\/\\\/shop.bantam.ch\\\/fr\\\/boutique\\\/\"},{\"@type\":\"ListItem\",\"position\":3,\"name\":\"Tente attelage Outset\"}]},{\"@type\":\"WebSite\",\"@id\":\"https:\\\/\\\/shop.bantam.ch\\\/fr\\\/#website\",\"url\":\"https:\\\/\\\/shop.bantam.ch\\\/fr\\\/\",\"name\":\"Bantam Wankm\u00fcller SA\",\"description\":\"\",\"publisher\":{\"@id\":\"https:\\\/\\\/shop.bantam.ch\\\/fr\\\/#organization\"},\"inLanguage\":\"fr-FR\"},{\"@type\":\"Organization\",\"@id\":\"https:\\\/\\\/shop.bantam.ch\\\/fr\\\/#organization\",\"name\":\"Bantam Wankm\u00fcller SA\",\"url\":\"https:\\\/\\\/shop.bantam.ch\\\/fr\\\/\",\"logo\":{\"@type\":\"ImageObject\",\"inLanguage\":\"fr-FR\",\"@id\":\"https:\\\/\\\/shop.bantam.ch\\\/fr\\\/#\\\/schema\\\/logo\\\/image\\\/\",\"url\":\"https:\\\/\\\/shop.bantam.ch\\\/wp-content\\\/uploads\\\/2022\\\/12\\\/bantam-logo.png\",\"contentUrl\":\"https:\\\/\\\/shop.bantam.ch\\\/wp-content\\\/uploads\\\/2022\\\/12\\\/bantam-logo.png\",\"width\":320,\"height\":71,\"caption\":\"Bantam Wankm\u00fcller SA\"},\"image\":{\"@id\":\"https:\\\/\\\/shop.bantam.ch\\\/fr\\\/#\\\/schema\\\/logo\\\/image\\\/\"}}]}<\/script>\n<!-- \/ Yoast SEO plugin. -->","yoast_head_json":{"title":"Tente attelage Outset - Bantam Wankm\u00fcller SA","robots":{"index":"index","follow":"follow","max-snippet":"max-snippet:-1","max-image-preview":"max-image-preview:large","max-video-preview":"max-video-preview:-1"},"canonical":"https:\/\/shop.bantam.ch\/fr\/produit\/tente-attelage-outset\/","og_locale":"fr_FR","og_type":"article","og_title":"Tente attelage Outset - Bantam Wankm\u00fcller SA","og_description":"Montage sur Boule d&rsquo;Attelage : Facilit\u00e9 de montage avec un syst\u00e8me d&rsquo;installation intuitif. Confort \u00c9lev\u00e9 : Matelas confortable inclus, espace permettant de se tenir debout. Ind\u00e9pendance du V\u00e9hicule : Possibilit\u00e9 de d\u00e9tacher la tente pour utiliser le v\u00e9hicule s\u00e9par\u00e9ment. Acc\u00e8s Facile : Hauteur accessible pour tous les membres de la famille. Protection et Intimit\u00e9 : [&hellip;]","og_url":"https:\/\/shop.bantam.ch\/fr\/produit\/tente-attelage-outset\/","og_site_name":"Bantam Wankm\u00fcller SA","article_modified_time":"2026-04-20T21:17:11+00:00","og_image":[{"width":800,"height":800,"url":"https:\/\/shop.bantam.ch\/wp-content\/uploads\/2025\/03\/777953-PA.jpg","type":"image\/jpeg"}],"twitter_card":"summary_large_image","twitter_misc":{"Dur\u00e9e de lecture estim\u00e9e":"1 minute"},"schema":{"@context":"https:\/\/schema.org","@graph":[{"@type":"WebPage","@id":"https:\/\/shop.bantam.ch\/fr\/produit\/tente-attelage-outset\/","url":"https:\/\/shop.bantam.ch\/fr\/produit\/tente-attelage-outset\/","name":"Tente attelage Outset - Bantam Wankm\u00fcller SA","isPartOf":{"@id":"https:\/\/shop.bantam.ch\/fr\/#website"},"primaryImageOfPage":{"@id":"https:\/\/shop.bantam.ch\/fr\/produit\/tente-attelage-outset\/#primaryimage"},"image":{"@id":"https:\/\/shop.bantam.ch\/fr\/produit\/tente-attelage-outset\/#primaryimage"},"thumbnailUrl":"https:\/\/shop.bantam.ch\/wp-content\/uploads\/2025\/03\/777953-PA.jpg","datePublished":"2025-03-04T09:09:04+00:00","dateModified":"2026-04-20T21:17:11+00:00","breadcrumb":{"@id":"https:\/\/shop.bantam.ch\/fr\/produit\/tente-attelage-outset\/#breadcrumb"},"inLanguage":"fr-FR","potentialAction":[{"@type":"ReadAction","target":["https:\/\/shop.bantam.ch\/fr\/produit\/tente-attelage-outset\/"]}]},{"@type":"ImageObject","inLanguage":"fr-FR","@id":"https:\/\/shop.bantam.ch\/fr\/produit\/tente-attelage-outset\/#primaryimage","url":"https:\/\/shop.bantam.ch\/wp-content\/uploads\/2025\/03\/777953-PA.jpg","contentUrl":"https:\/\/shop.bantam.ch\/wp-content\/uploads\/2025\/03\/777953-PA.jpg","width":800,"height":800},{"@type":"BreadcrumbList","@id":"https:\/\/shop.bantam.ch\/fr\/produit\/tente-attelage-outset\/#breadcrumb","itemListElement":[{"@type":"ListItem","position":1,"name":"Accueil","item":"https:\/\/shop.bantam.ch\/fr\/"},{"@type":"ListItem","position":2,"name":"Boutique","item":"https:\/\/shop.bantam.ch\/fr\/boutique\/"},{"@type":"ListItem","position":3,"name":"Tente attelage Outset"}]},{"@type":"WebSite","@id":"https:\/\/shop.bantam.ch\/fr\/#website","url":"https:\/\/shop.bantam.ch\/fr\/","name":"Bantam Wankm\u00fcller SA","description":"","publisher":{"@id":"https:\/\/shop.bantam.ch\/fr\/#organization"},"inLanguage":"fr-FR"},{"@type":"Organization","@id":"https:\/\/shop.bantam.ch\/fr\/#organization","name":"Bantam Wankm\u00fcller SA","url":"https:\/\/shop.bantam.ch\/fr\/","logo":{"@type":"ImageObject","inLanguage":"fr-FR","@id":"https:\/\/shop.bantam.ch\/fr\/#\/schema\/logo\/image\/","url":"https:\/\/shop.bantam.ch\/wp-content\/uploads\/2022\/12\/bantam-logo.png","contentUrl":"https:\/\/shop.bantam.ch\/wp-content\/uploads\/2022\/12\/bantam-logo.png","width":320,"height":71,"caption":"Bantam Wankm\u00fcller SA"},"image":{"@id":"https:\/\/shop.bantam.ch\/fr\/#\/schema\/logo\/image\/"}}]}},"_links":{"self":[{"href":"https:\/\/shop.bantam.ch\/fr\/wp-json\/wp\/v2\/product\/209866","targetHints":{"allow":["GET"]}}],"collection":[{"href":"https:\/\/shop.bantam.ch\/fr\/wp-json\/wp\/v2\/product"}],"about":[{"href":"https:\/\/shop.bantam.ch\/fr\/wp-json\/wp\/v2\/types\/product"}],"wp:featuredmedia":[{"embeddable":true,"href":"https:\/\/shop.bantam.ch\/fr\/wp-json\/wp\/v2\/media\/209856"}],"wp:attachment":[{"href":"https:\/\/shop.bantam.ch\/fr\/wp-json\/wp\/v2\/media?parent=209866"}],"wp:term":[{"taxonomy":"product_featured_cat","embeddable":true,"href":"https:\/\/shop.bantam.ch\/fr\/wp-json\/wp\/v2\/product_featured_cat?post=209866"},{"taxonomy":"product_brand","embeddable":true,"href":"https:\/\/shop.bantam.ch\/fr\/wp-json\/wp\/v2\/product_brand?post=209866"},{"taxonomy":"product_cat","embeddable":true,"href":"https:\/\/shop.bantam.ch\/fr\/wp-json\/wp\/v2\/product_cat?post=209866"},{"taxonomy":"product_tag","embeddable":true,"href":"https:\/\/shop.bantam.ch\/fr\/wp-json\/wp\/v2\/product_tag?post=209866"}],"curies":[{"name":"wp","href":"https:\/\/api.w.org\/{rel}","templated":true}]}}