{"id":209659,"date":"2025-02-27T16:54:00","date_gmt":"2025-02-27T15:54:00","guid":{"rendered":"https:\/\/shop.bantam.ch\/produit\/auvent-rally-air-tour-260\/"},"modified":"2026-04-18T01:36:50","modified_gmt":"2026-04-17T23:36:50","slug":"auvent-rally-air-tour-260","status":"publish","type":"product","link":"https:\/\/shop.bantam.ch\/fr\/produit\/auvent-rally-air-tour-260\/","title":{"rendered":"Auvent Rally AIR Tour 260"},"content":{"rendered":"<p class=\"MsoNormal\">L\u2019embl\u00e9matique Rally AIR b\u00e9n\u00e9ficie de nombreuses ann\u00e9es<br \/>\nd\u2019am\u00e9lioration constante de sa conception et comporte les derni\u00e8res innovations<br \/>\nen mati\u00e8re d\u2019auvents pour optimiser votre exp\u00e9rience de voyage. Le mat\u00e9riau<br \/>\nWeathershield\u2122 Tour, le style contemporain, le r\u00e9glage en hauteur int\u00e9gr\u00e9 et<br \/>\nles panneaux zipp\u00e9s sur tous les c\u00f4t\u00e9s cr\u00e9ent un espace de vie confortable, o\u00f9<br \/>\nque vous vous installiez.\u00a0Syst\u00e8me \u00e0 hauteurs multiples.\u00a0A\u00e9ration du<br \/>\nsommet.\u00a0Panneaux \u00e0 fermeture \u00e9clair.\u00a0Weathershield\u2122 Tour.\u00a0Stores<br \/>\nint\u00e9rieurs contemporains.\u00a0Enti\u00e8rement \u00e9tanche<\/p>\n","protected":false},"excerpt":{"rendered":"<p>L\u2019embl\u00e9matique Rally AIR b\u00e9n\u00e9ficie de nombreuses ann\u00e9es d\u2019am\u00e9lioration constante de sa conception et comporte les derni\u00e8res innovations en mati\u00e8re d\u2019auvents pour optimiser votre exp\u00e9rience de voyage. Le mat\u00e9riau Weathershield\u2122 Tour, le style contemporain, le r\u00e9glage en hauteur int\u00e9gr\u00e9 et les panneaux zipp\u00e9s sur tous les c\u00f4t\u00e9s cr\u00e9ent un espace de vie confortable, o\u00f9 que vous [&hellip;]<\/p>\n","protected":false},"featured_media":209655,"template":"","meta":{"_acf_changed":false},"product_featured_cat":[],"product_brand":[3028],"product_cat":[4247],"product_tag":[],"class_list":{"0":"post-209659","1":"product","2":"type-product","3":"status-publish","4":"has-post-thumbnail","6":"product_brand-dometic","7":"product_cat-auvents","9":"first","10":"instock","11":"taxable","12":"shipping-taxable","13":"purchasable","14":"product-type-variable"},"acf":[],"yoast_head":"<!-- This site is optimized with the Yoast SEO plugin v27.4 - https:\/\/yoast.com\/product\/yoast-seo-wordpress\/ -->\n<title>Auvent Rally AIR Tour 260 - Bantam Wankm\u00fcller SA<\/title>\n<meta name=\"robots\" content=\"index, follow, max-snippet:-1, max-image-preview:large, max-video-preview:-1\" \/>\n<link rel=\"canonical\" href=\"https:\/\/shop.bantam.ch\/fr\/produit\/auvent-rally-air-tour-260\/\" \/>\n<meta property=\"og:locale\" content=\"fr_FR\" \/>\n<meta property=\"og:type\" content=\"article\" \/>\n<meta property=\"og:title\" content=\"Auvent Rally AIR Tour 260 - Bantam Wankm\u00fcller SA\" \/>\n<meta property=\"og:description\" content=\"L\u2019embl\u00e9matique Rally AIR b\u00e9n\u00e9ficie de nombreuses ann\u00e9es d\u2019am\u00e9lioration constante de sa conception et comporte les derni\u00e8res innovations en mati\u00e8re d\u2019auvents pour optimiser votre exp\u00e9rience de voyage. Le mat\u00e9riau Weathershield\u2122 Tour, le style contemporain, le r\u00e9glage en hauteur int\u00e9gr\u00e9 et les panneaux zipp\u00e9s sur tous les c\u00f4t\u00e9s cr\u00e9ent un espace de vie confortable, o\u00f9 que vous [&hellip;]\" \/>\n<meta property=\"og:url\" content=\"https:\/\/shop.bantam.ch\/fr\/produit\/auvent-rally-air-tour-260\/\" \/>\n<meta property=\"og:site_name\" content=\"Bantam Wankm\u00fcller SA\" \/>\n<meta property=\"article:modified_time\" content=\"2026-04-17T23:36:50+00:00\" \/>\n<meta property=\"og:image\" content=\"https:\/\/shop.bantam.ch\/wp-content\/uploads\/2025\/02\/Rally-AIR-Tour_260_S-1.jpg\" \/>\n\t<meta property=\"og:image:width\" content=\"800\" \/>\n\t<meta property=\"og:image:height\" content=\"800\" \/>\n\t<meta property=\"og:image:type\" content=\"image\/jpeg\" \/>\n<meta name=\"twitter:card\" content=\"summary_large_image\" \/>\n<script type=\"application\/ld+json\" class=\"yoast-schema-graph\">{\"@context\":\"https:\\\/\\\/schema.org\",\"@graph\":[{\"@type\":\"WebPage\",\"@id\":\"https:\\\/\\\/shop.bantam.ch\\\/fr\\\/produit\\\/auvent-rally-air-tour-260\\\/\",\"url\":\"https:\\\/\\\/shop.bantam.ch\\\/fr\\\/produit\\\/auvent-rally-air-tour-260\\\/\",\"name\":\"Auvent Rally AIR Tour 260 - Bantam Wankm\u00fcller SA\",\"isPartOf\":{\"@id\":\"https:\\\/\\\/shop.bantam.ch\\\/fr\\\/#website\"},\"primaryImageOfPage\":{\"@id\":\"https:\\\/\\\/shop.bantam.ch\\\/fr\\\/produit\\\/auvent-rally-air-tour-260\\\/#primaryimage\"},\"image\":{\"@id\":\"https:\\\/\\\/shop.bantam.ch\\\/fr\\\/produit\\\/auvent-rally-air-tour-260\\\/#primaryimage\"},\"thumbnailUrl\":\"https:\\\/\\\/shop.bantam.ch\\\/wp-content\\\/uploads\\\/2025\\\/02\\\/Rally-AIR-Tour_260_S-1.jpg\",\"datePublished\":\"2025-02-27T15:54:00+00:00\",\"dateModified\":\"2026-04-17T23:36:50+00:00\",\"breadcrumb\":{\"@id\":\"https:\\\/\\\/shop.bantam.ch\\\/fr\\\/produit\\\/auvent-rally-air-tour-260\\\/#breadcrumb\"},\"inLanguage\":\"fr-FR\",\"potentialAction\":[{\"@type\":\"ReadAction\",\"target\":[\"https:\\\/\\\/shop.bantam.ch\\\/fr\\\/produit\\\/auvent-rally-air-tour-260\\\/\"]}]},{\"@type\":\"ImageObject\",\"inLanguage\":\"fr-FR\",\"@id\":\"https:\\\/\\\/shop.bantam.ch\\\/fr\\\/produit\\\/auvent-rally-air-tour-260\\\/#primaryimage\",\"url\":\"https:\\\/\\\/shop.bantam.ch\\\/wp-content\\\/uploads\\\/2025\\\/02\\\/Rally-AIR-Tour_260_S-1.jpg\",\"contentUrl\":\"https:\\\/\\\/shop.bantam.ch\\\/wp-content\\\/uploads\\\/2025\\\/02\\\/Rally-AIR-Tour_260_S-1.jpg\",\"width\":800,\"height\":800},{\"@type\":\"BreadcrumbList\",\"@id\":\"https:\\\/\\\/shop.bantam.ch\\\/fr\\\/produit\\\/auvent-rally-air-tour-260\\\/#breadcrumb\",\"itemListElement\":[{\"@type\":\"ListItem\",\"position\":1,\"name\":\"Accueil\",\"item\":\"https:\\\/\\\/shop.bantam.ch\\\/fr\\\/\"},{\"@type\":\"ListItem\",\"position\":2,\"name\":\"Boutique\",\"item\":\"https:\\\/\\\/shop.bantam.ch\\\/fr\\\/boutique\\\/\"},{\"@type\":\"ListItem\",\"position\":3,\"name\":\"Auvent Rally AIR Tour 260\"}]},{\"@type\":\"WebSite\",\"@id\":\"https:\\\/\\\/shop.bantam.ch\\\/fr\\\/#website\",\"url\":\"https:\\\/\\\/shop.bantam.ch\\\/fr\\\/\",\"name\":\"Bantam Wankm\u00fcller SA\",\"description\":\"\",\"publisher\":{\"@id\":\"https:\\\/\\\/shop.bantam.ch\\\/fr\\\/#organization\"},\"inLanguage\":\"fr-FR\"},{\"@type\":\"Organization\",\"@id\":\"https:\\\/\\\/shop.bantam.ch\\\/fr\\\/#organization\",\"name\":\"Bantam Wankm\u00fcller SA\",\"url\":\"https:\\\/\\\/shop.bantam.ch\\\/fr\\\/\",\"logo\":{\"@type\":\"ImageObject\",\"inLanguage\":\"fr-FR\",\"@id\":\"https:\\\/\\\/shop.bantam.ch\\\/fr\\\/#\\\/schema\\\/logo\\\/image\\\/\",\"url\":\"https:\\\/\\\/shop.bantam.ch\\\/wp-content\\\/uploads\\\/2022\\\/12\\\/bantam-logo.png\",\"contentUrl\":\"https:\\\/\\\/shop.bantam.ch\\\/wp-content\\\/uploads\\\/2022\\\/12\\\/bantam-logo.png\",\"width\":320,\"height\":71,\"caption\":\"Bantam Wankm\u00fcller SA\"},\"image\":{\"@id\":\"https:\\\/\\\/shop.bantam.ch\\\/fr\\\/#\\\/schema\\\/logo\\\/image\\\/\"}}]}<\/script>\n<!-- \/ Yoast SEO plugin. -->","yoast_head_json":{"title":"Auvent Rally AIR Tour 260 - Bantam Wankm\u00fcller SA","robots":{"index":"index","follow":"follow","max-snippet":"max-snippet:-1","max-image-preview":"max-image-preview:large","max-video-preview":"max-video-preview:-1"},"canonical":"https:\/\/shop.bantam.ch\/fr\/produit\/auvent-rally-air-tour-260\/","og_locale":"fr_FR","og_type":"article","og_title":"Auvent Rally AIR Tour 260 - Bantam Wankm\u00fcller SA","og_description":"L\u2019embl\u00e9matique Rally AIR b\u00e9n\u00e9ficie de nombreuses ann\u00e9es d\u2019am\u00e9lioration constante de sa conception et comporte les derni\u00e8res innovations en mati\u00e8re d\u2019auvents pour optimiser votre exp\u00e9rience de voyage. Le mat\u00e9riau Weathershield\u2122 Tour, le style contemporain, le r\u00e9glage en hauteur int\u00e9gr\u00e9 et les panneaux zipp\u00e9s sur tous les c\u00f4t\u00e9s cr\u00e9ent un espace de vie confortable, o\u00f9 que vous [&hellip;]","og_url":"https:\/\/shop.bantam.ch\/fr\/produit\/auvent-rally-air-tour-260\/","og_site_name":"Bantam Wankm\u00fcller SA","article_modified_time":"2026-04-17T23:36:50+00:00","og_image":[{"width":800,"height":800,"url":"https:\/\/shop.bantam.ch\/wp-content\/uploads\/2025\/02\/Rally-AIR-Tour_260_S-1.jpg","type":"image\/jpeg"}],"twitter_card":"summary_large_image","schema":{"@context":"https:\/\/schema.org","@graph":[{"@type":"WebPage","@id":"https:\/\/shop.bantam.ch\/fr\/produit\/auvent-rally-air-tour-260\/","url":"https:\/\/shop.bantam.ch\/fr\/produit\/auvent-rally-air-tour-260\/","name":"Auvent Rally AIR Tour 260 - Bantam Wankm\u00fcller SA","isPartOf":{"@id":"https:\/\/shop.bantam.ch\/fr\/#website"},"primaryImageOfPage":{"@id":"https:\/\/shop.bantam.ch\/fr\/produit\/auvent-rally-air-tour-260\/#primaryimage"},"image":{"@id":"https:\/\/shop.bantam.ch\/fr\/produit\/auvent-rally-air-tour-260\/#primaryimage"},"thumbnailUrl":"https:\/\/shop.bantam.ch\/wp-content\/uploads\/2025\/02\/Rally-AIR-Tour_260_S-1.jpg","datePublished":"2025-02-27T15:54:00+00:00","dateModified":"2026-04-17T23:36:50+00:00","breadcrumb":{"@id":"https:\/\/shop.bantam.ch\/fr\/produit\/auvent-rally-air-tour-260\/#breadcrumb"},"inLanguage":"fr-FR","potentialAction":[{"@type":"ReadAction","target":["https:\/\/shop.bantam.ch\/fr\/produit\/auvent-rally-air-tour-260\/"]}]},{"@type":"ImageObject","inLanguage":"fr-FR","@id":"https:\/\/shop.bantam.ch\/fr\/produit\/auvent-rally-air-tour-260\/#primaryimage","url":"https:\/\/shop.bantam.ch\/wp-content\/uploads\/2025\/02\/Rally-AIR-Tour_260_S-1.jpg","contentUrl":"https:\/\/shop.bantam.ch\/wp-content\/uploads\/2025\/02\/Rally-AIR-Tour_260_S-1.jpg","width":800,"height":800},{"@type":"BreadcrumbList","@id":"https:\/\/shop.bantam.ch\/fr\/produit\/auvent-rally-air-tour-260\/#breadcrumb","itemListElement":[{"@type":"ListItem","position":1,"name":"Accueil","item":"https:\/\/shop.bantam.ch\/fr\/"},{"@type":"ListItem","position":2,"name":"Boutique","item":"https:\/\/shop.bantam.ch\/fr\/boutique\/"},{"@type":"ListItem","position":3,"name":"Auvent Rally AIR Tour 260"}]},{"@type":"WebSite","@id":"https:\/\/shop.bantam.ch\/fr\/#website","url":"https:\/\/shop.bantam.ch\/fr\/","name":"Bantam Wankm\u00fcller SA","description":"","publisher":{"@id":"https:\/\/shop.bantam.ch\/fr\/#organization"},"inLanguage":"fr-FR"},{"@type":"Organization","@id":"https:\/\/shop.bantam.ch\/fr\/#organization","name":"Bantam Wankm\u00fcller SA","url":"https:\/\/shop.bantam.ch\/fr\/","logo":{"@type":"ImageObject","inLanguage":"fr-FR","@id":"https:\/\/shop.bantam.ch\/fr\/#\/schema\/logo\/image\/","url":"https:\/\/shop.bantam.ch\/wp-content\/uploads\/2022\/12\/bantam-logo.png","contentUrl":"https:\/\/shop.bantam.ch\/wp-content\/uploads\/2022\/12\/bantam-logo.png","width":320,"height":71,"caption":"Bantam Wankm\u00fcller SA"},"image":{"@id":"https:\/\/shop.bantam.ch\/fr\/#\/schema\/logo\/image\/"}}]}},"_links":{"self":[{"href":"https:\/\/shop.bantam.ch\/fr\/wp-json\/wp\/v2\/product\/209659","targetHints":{"allow":["GET"]}}],"collection":[{"href":"https:\/\/shop.bantam.ch\/fr\/wp-json\/wp\/v2\/product"}],"about":[{"href":"https:\/\/shop.bantam.ch\/fr\/wp-json\/wp\/v2\/types\/product"}],"wp:featuredmedia":[{"embeddable":true,"href":"https:\/\/shop.bantam.ch\/fr\/wp-json\/wp\/v2\/media\/209655"}],"wp:attachment":[{"href":"https:\/\/shop.bantam.ch\/fr\/wp-json\/wp\/v2\/media?parent=209659"}],"wp:term":[{"taxonomy":"product_featured_cat","embeddable":true,"href":"https:\/\/shop.bantam.ch\/fr\/wp-json\/wp\/v2\/product_featured_cat?post=209659"},{"taxonomy":"product_brand","embeddable":true,"href":"https:\/\/shop.bantam.ch\/fr\/wp-json\/wp\/v2\/product_brand?post=209659"},{"taxonomy":"product_cat","embeddable":true,"href":"https:\/\/shop.bantam.ch\/fr\/wp-json\/wp\/v2\/product_cat?post=209659"},{"taxonomy":"product_tag","embeddable":true,"href":"https:\/\/shop.bantam.ch\/fr\/wp-json\/wp\/v2\/product_tag?post=209659"}],"curies":[{"name":"wp","href":"https:\/\/api.w.org\/{rel}","templated":true}]}}