{"id":209538,"date":"2025-02-26T16:17:46","date_gmt":"2025-02-26T15:17:46","guid":{"rendered":"https:\/\/shop.bantam.ch\/produit\/set-de-vaisselle-antiderapant-nebu\/"},"modified":"2026-04-17T23:15:55","modified_gmt":"2026-04-17T21:15:55","slug":"set-de-vaisselle-antiderapant-nebu","status":"publish","type":"product","link":"https:\/\/shop.bantam.ch\/fr\/produit\/set-de-vaisselle-antiderapant-nebu\/","title":{"rendered":"Set de vaisselle antid\u00e9rapant Nebu"},"content":{"rendered":"<p>Vaisselle &amp; nbsp 16 pi\u00e8ces en m\u00e9lamine avec imprim\u00e9 original ! Le NEBU est \u00e9quip\u00e9 d&rsquo;un anneau antid\u00e9rapant en bas pour \u00e9viter tout glissement. La qualit\u00e9 de la m\u00e9lamine, le design original et le design tendance conf\u00e8rent au service un aspect de grande qualit\u00e9. Convient non seulement pour le camping mais aussi dans le jardin ! Passe au lave-vaisselle (ne convient pas pour une utilisation au micro-ondes).<br \/>\nAttention : Eurotrail d\u00e9conseille d&rsquo;utiliser le set en m\u00e9lamine pour les plats chauds ou les boissons des enfants de 0 \u00e0 3 ans. Avec des aliments ou des boissons froids et ti\u00e8des, vous pouvez utiliser ce service sans aucun probl\u00e8me et il n&rsquo;y a aucune raison de s&rsquo;inqui\u00e9ter.<br \/>\n4 x Assiette plate, \u00d826&#215;1,6cm, 260 gr.<br \/>\n4 x Assiette petit-d\u00e9jeuner, \u00d822,8&#215;1,6cm, 205 gr.<br \/>\n4 x Bol, \u00d817,8&#215;6,5cm, 260 gr.<br \/>\n4 x Tasse, \u00d88.4x10cm, 120 gr. 310ml.<\/p>\n","protected":false},"excerpt":{"rendered":"<p>Vaisselle &amp; nbsp 16 pi\u00e8ces en m\u00e9lamine avec imprim\u00e9 original ! Le NEBU est \u00e9quip\u00e9 d&rsquo;un anneau antid\u00e9rapant en bas pour \u00e9viter tout glissement. La qualit\u00e9 de la m\u00e9lamine, le design original et le design tendance conf\u00e8rent au service un aspect de grande qualit\u00e9. Convient non seulement pour le camping mais aussi dans le jardin [&hellip;]<\/p>\n","protected":false},"featured_media":209544,"template":"","meta":{"_acf_changed":false},"product_featured_cat":[94],"product_brand":[3074],"product_cat":[3993],"product_tag":[],"class_list":{"0":"post-209538","1":"product","2":"type-product","3":"status-publish","4":"has-post-thumbnail","6":"product_featured_cat-promotions-etagnieres","7":"product_brand-eurotrail","8":"product_cat-vaisselle-de-camping","10":"first","11":"instock","12":"sale","13":"taxable","14":"shipping-taxable","15":"purchasable","16":"product-type-simple"},"acf":[],"yoast_head":"<!-- This site is optimized with the Yoast SEO plugin v27.4 - https:\/\/yoast.com\/product\/yoast-seo-wordpress\/ -->\n<title>Set de vaisselle antid\u00e9rapant Nebu - Bantam Wankm\u00fcller SA<\/title>\n<meta name=\"robots\" content=\"index, follow, max-snippet:-1, max-image-preview:large, max-video-preview:-1\" \/>\n<link rel=\"canonical\" href=\"https:\/\/shop.bantam.ch\/fr\/produit\/set-de-vaisselle-antiderapant-nebu\/\" \/>\n<meta property=\"og:locale\" content=\"fr_FR\" \/>\n<meta property=\"og:type\" content=\"article\" \/>\n<meta property=\"og:title\" content=\"Set de vaisselle antid\u00e9rapant Nebu - Bantam Wankm\u00fcller SA\" \/>\n<meta property=\"og:description\" content=\"Vaisselle &amp; nbsp 16 pi\u00e8ces en m\u00e9lamine avec imprim\u00e9 original ! Le NEBU est \u00e9quip\u00e9 d&rsquo;un anneau antid\u00e9rapant en bas pour \u00e9viter tout glissement. La qualit\u00e9 de la m\u00e9lamine, le design original et le design tendance conf\u00e8rent au service un aspect de grande qualit\u00e9. Convient non seulement pour le camping mais aussi dans le jardin [&hellip;]\" \/>\n<meta property=\"og:url\" content=\"https:\/\/shop.bantam.ch\/fr\/produit\/set-de-vaisselle-antiderapant-nebu\/\" \/>\n<meta property=\"og:site_name\" content=\"Bantam Wankm\u00fcller SA\" \/>\n<meta property=\"article:modified_time\" content=\"2026-04-17T21:15:55+00:00\" \/>\n<meta property=\"og:image\" content=\"https:\/\/shop.bantam.ch\/wp-content\/uploads\/2025\/02\/KLEIN_76625005.jpg\" \/>\n\t<meta property=\"og:image:width\" content=\"600\" \/>\n\t<meta property=\"og:image:height\" content=\"576\" \/>\n\t<meta property=\"og:image:type\" content=\"image\/jpeg\" \/>\n<meta name=\"twitter:card\" content=\"summary_large_image\" \/>\n<meta name=\"twitter:label1\" content=\"Dur\u00e9e de lecture estim\u00e9e\" \/>\n\t<meta name=\"twitter:data1\" content=\"1 minute\" \/>\n<script type=\"application\/ld+json\" class=\"yoast-schema-graph\">{\"@context\":\"https:\\\/\\\/schema.org\",\"@graph\":[{\"@type\":\"WebPage\",\"@id\":\"https:\\\/\\\/shop.bantam.ch\\\/fr\\\/produit\\\/set-de-vaisselle-antiderapant-nebu\\\/\",\"url\":\"https:\\\/\\\/shop.bantam.ch\\\/fr\\\/produit\\\/set-de-vaisselle-antiderapant-nebu\\\/\",\"name\":\"Set de vaisselle antid\u00e9rapant Nebu - Bantam Wankm\u00fcller SA\",\"isPartOf\":{\"@id\":\"https:\\\/\\\/shop.bantam.ch\\\/fr\\\/#website\"},\"primaryImageOfPage\":{\"@id\":\"https:\\\/\\\/shop.bantam.ch\\\/fr\\\/produit\\\/set-de-vaisselle-antiderapant-nebu\\\/#primaryimage\"},\"image\":{\"@id\":\"https:\\\/\\\/shop.bantam.ch\\\/fr\\\/produit\\\/set-de-vaisselle-antiderapant-nebu\\\/#primaryimage\"},\"thumbnailUrl\":\"https:\\\/\\\/shop.bantam.ch\\\/wp-content\\\/uploads\\\/2025\\\/02\\\/KLEIN_76625005.jpg\",\"datePublished\":\"2025-02-26T15:17:46+00:00\",\"dateModified\":\"2026-04-17T21:15:55+00:00\",\"breadcrumb\":{\"@id\":\"https:\\\/\\\/shop.bantam.ch\\\/fr\\\/produit\\\/set-de-vaisselle-antiderapant-nebu\\\/#breadcrumb\"},\"inLanguage\":\"fr-FR\",\"potentialAction\":[{\"@type\":\"ReadAction\",\"target\":[\"https:\\\/\\\/shop.bantam.ch\\\/fr\\\/produit\\\/set-de-vaisselle-antiderapant-nebu\\\/\"]}]},{\"@type\":\"ImageObject\",\"inLanguage\":\"fr-FR\",\"@id\":\"https:\\\/\\\/shop.bantam.ch\\\/fr\\\/produit\\\/set-de-vaisselle-antiderapant-nebu\\\/#primaryimage\",\"url\":\"https:\\\/\\\/shop.bantam.ch\\\/wp-content\\\/uploads\\\/2025\\\/02\\\/KLEIN_76625005.jpg\",\"contentUrl\":\"https:\\\/\\\/shop.bantam.ch\\\/wp-content\\\/uploads\\\/2025\\\/02\\\/KLEIN_76625005.jpg\",\"width\":600,\"height\":576},{\"@type\":\"BreadcrumbList\",\"@id\":\"https:\\\/\\\/shop.bantam.ch\\\/fr\\\/produit\\\/set-de-vaisselle-antiderapant-nebu\\\/#breadcrumb\",\"itemListElement\":[{\"@type\":\"ListItem\",\"position\":1,\"name\":\"Accueil\",\"item\":\"https:\\\/\\\/shop.bantam.ch\\\/fr\\\/\"},{\"@type\":\"ListItem\",\"position\":2,\"name\":\"Boutique\",\"item\":\"https:\\\/\\\/shop.bantam.ch\\\/fr\\\/boutique\\\/\"},{\"@type\":\"ListItem\",\"position\":3,\"name\":\"Set de vaisselle antid\u00e9rapant Nebu\"}]},{\"@type\":\"WebSite\",\"@id\":\"https:\\\/\\\/shop.bantam.ch\\\/fr\\\/#website\",\"url\":\"https:\\\/\\\/shop.bantam.ch\\\/fr\\\/\",\"name\":\"Bantam Wankm\u00fcller SA\",\"description\":\"\",\"publisher\":{\"@id\":\"https:\\\/\\\/shop.bantam.ch\\\/fr\\\/#organization\"},\"inLanguage\":\"fr-FR\"},{\"@type\":\"Organization\",\"@id\":\"https:\\\/\\\/shop.bantam.ch\\\/fr\\\/#organization\",\"name\":\"Bantam Wankm\u00fcller SA\",\"url\":\"https:\\\/\\\/shop.bantam.ch\\\/fr\\\/\",\"logo\":{\"@type\":\"ImageObject\",\"inLanguage\":\"fr-FR\",\"@id\":\"https:\\\/\\\/shop.bantam.ch\\\/fr\\\/#\\\/schema\\\/logo\\\/image\\\/\",\"url\":\"https:\\\/\\\/shop.bantam.ch\\\/wp-content\\\/uploads\\\/2022\\\/12\\\/bantam-logo.png\",\"contentUrl\":\"https:\\\/\\\/shop.bantam.ch\\\/wp-content\\\/uploads\\\/2022\\\/12\\\/bantam-logo.png\",\"width\":320,\"height\":71,\"caption\":\"Bantam Wankm\u00fcller SA\"},\"image\":{\"@id\":\"https:\\\/\\\/shop.bantam.ch\\\/fr\\\/#\\\/schema\\\/logo\\\/image\\\/\"}}]}<\/script>\n<!-- \/ Yoast SEO plugin. -->","yoast_head_json":{"title":"Set de vaisselle antid\u00e9rapant Nebu - Bantam Wankm\u00fcller SA","robots":{"index":"index","follow":"follow","max-snippet":"max-snippet:-1","max-image-preview":"max-image-preview:large","max-video-preview":"max-video-preview:-1"},"canonical":"https:\/\/shop.bantam.ch\/fr\/produit\/set-de-vaisselle-antiderapant-nebu\/","og_locale":"fr_FR","og_type":"article","og_title":"Set de vaisselle antid\u00e9rapant Nebu - Bantam Wankm\u00fcller SA","og_description":"Vaisselle &amp; nbsp 16 pi\u00e8ces en m\u00e9lamine avec imprim\u00e9 original ! Le NEBU est \u00e9quip\u00e9 d&rsquo;un anneau antid\u00e9rapant en bas pour \u00e9viter tout glissement. La qualit\u00e9 de la m\u00e9lamine, le design original et le design tendance conf\u00e8rent au service un aspect de grande qualit\u00e9. Convient non seulement pour le camping mais aussi dans le jardin [&hellip;]","og_url":"https:\/\/shop.bantam.ch\/fr\/produit\/set-de-vaisselle-antiderapant-nebu\/","og_site_name":"Bantam Wankm\u00fcller SA","article_modified_time":"2026-04-17T21:15:55+00:00","og_image":[{"width":600,"height":576,"url":"https:\/\/shop.bantam.ch\/wp-content\/uploads\/2025\/02\/KLEIN_76625005.jpg","type":"image\/jpeg"}],"twitter_card":"summary_large_image","twitter_misc":{"Dur\u00e9e de lecture estim\u00e9e":"1 minute"},"schema":{"@context":"https:\/\/schema.org","@graph":[{"@type":"WebPage","@id":"https:\/\/shop.bantam.ch\/fr\/produit\/set-de-vaisselle-antiderapant-nebu\/","url":"https:\/\/shop.bantam.ch\/fr\/produit\/set-de-vaisselle-antiderapant-nebu\/","name":"Set de vaisselle antid\u00e9rapant Nebu - Bantam Wankm\u00fcller SA","isPartOf":{"@id":"https:\/\/shop.bantam.ch\/fr\/#website"},"primaryImageOfPage":{"@id":"https:\/\/shop.bantam.ch\/fr\/produit\/set-de-vaisselle-antiderapant-nebu\/#primaryimage"},"image":{"@id":"https:\/\/shop.bantam.ch\/fr\/produit\/set-de-vaisselle-antiderapant-nebu\/#primaryimage"},"thumbnailUrl":"https:\/\/shop.bantam.ch\/wp-content\/uploads\/2025\/02\/KLEIN_76625005.jpg","datePublished":"2025-02-26T15:17:46+00:00","dateModified":"2026-04-17T21:15:55+00:00","breadcrumb":{"@id":"https:\/\/shop.bantam.ch\/fr\/produit\/set-de-vaisselle-antiderapant-nebu\/#breadcrumb"},"inLanguage":"fr-FR","potentialAction":[{"@type":"ReadAction","target":["https:\/\/shop.bantam.ch\/fr\/produit\/set-de-vaisselle-antiderapant-nebu\/"]}]},{"@type":"ImageObject","inLanguage":"fr-FR","@id":"https:\/\/shop.bantam.ch\/fr\/produit\/set-de-vaisselle-antiderapant-nebu\/#primaryimage","url":"https:\/\/shop.bantam.ch\/wp-content\/uploads\/2025\/02\/KLEIN_76625005.jpg","contentUrl":"https:\/\/shop.bantam.ch\/wp-content\/uploads\/2025\/02\/KLEIN_76625005.jpg","width":600,"height":576},{"@type":"BreadcrumbList","@id":"https:\/\/shop.bantam.ch\/fr\/produit\/set-de-vaisselle-antiderapant-nebu\/#breadcrumb","itemListElement":[{"@type":"ListItem","position":1,"name":"Accueil","item":"https:\/\/shop.bantam.ch\/fr\/"},{"@type":"ListItem","position":2,"name":"Boutique","item":"https:\/\/shop.bantam.ch\/fr\/boutique\/"},{"@type":"ListItem","position":3,"name":"Set de vaisselle antid\u00e9rapant Nebu"}]},{"@type":"WebSite","@id":"https:\/\/shop.bantam.ch\/fr\/#website","url":"https:\/\/shop.bantam.ch\/fr\/","name":"Bantam Wankm\u00fcller SA","description":"","publisher":{"@id":"https:\/\/shop.bantam.ch\/fr\/#organization"},"inLanguage":"fr-FR"},{"@type":"Organization","@id":"https:\/\/shop.bantam.ch\/fr\/#organization","name":"Bantam Wankm\u00fcller SA","url":"https:\/\/shop.bantam.ch\/fr\/","logo":{"@type":"ImageObject","inLanguage":"fr-FR","@id":"https:\/\/shop.bantam.ch\/fr\/#\/schema\/logo\/image\/","url":"https:\/\/shop.bantam.ch\/wp-content\/uploads\/2022\/12\/bantam-logo.png","contentUrl":"https:\/\/shop.bantam.ch\/wp-content\/uploads\/2022\/12\/bantam-logo.png","width":320,"height":71,"caption":"Bantam Wankm\u00fcller SA"},"image":{"@id":"https:\/\/shop.bantam.ch\/fr\/#\/schema\/logo\/image\/"}}]}},"_links":{"self":[{"href":"https:\/\/shop.bantam.ch\/fr\/wp-json\/wp\/v2\/product\/209538","targetHints":{"allow":["GET"]}}],"collection":[{"href":"https:\/\/shop.bantam.ch\/fr\/wp-json\/wp\/v2\/product"}],"about":[{"href":"https:\/\/shop.bantam.ch\/fr\/wp-json\/wp\/v2\/types\/product"}],"wp:featuredmedia":[{"embeddable":true,"href":"https:\/\/shop.bantam.ch\/fr\/wp-json\/wp\/v2\/media\/209544"}],"wp:attachment":[{"href":"https:\/\/shop.bantam.ch\/fr\/wp-json\/wp\/v2\/media?parent=209538"}],"wp:term":[{"taxonomy":"product_featured_cat","embeddable":true,"href":"https:\/\/shop.bantam.ch\/fr\/wp-json\/wp\/v2\/product_featured_cat?post=209538"},{"taxonomy":"product_brand","embeddable":true,"href":"https:\/\/shop.bantam.ch\/fr\/wp-json\/wp\/v2\/product_brand?post=209538"},{"taxonomy":"product_cat","embeddable":true,"href":"https:\/\/shop.bantam.ch\/fr\/wp-json\/wp\/v2\/product_cat?post=209538"},{"taxonomy":"product_tag","embeddable":true,"href":"https:\/\/shop.bantam.ch\/fr\/wp-json\/wp\/v2\/product_tag?post=209538"}],"curies":[{"name":"wp","href":"https:\/\/api.w.org\/{rel}","templated":true}]}}