{"id":209536,"date":"2025-02-26T16:11:56","date_gmt":"2025-02-26T15:11:56","guid":{"rendered":"https:\/\/shop.bantam.ch\/produit\/bouilloire-de-voyage\/"},"modified":"2026-04-20T23:16:43","modified_gmt":"2026-04-20T21:16:43","slug":"bouilloire-de-voyage","status":"publish","type":"product","link":"https:\/\/shop.bantam.ch\/fr\/produit\/bouilloire-de-voyage\/","title":{"rendered":"Bouilloire de voyage"},"content":{"rendered":"<p>Cette nouvelle bouilloire pliable est une solution innovante pour tous ceux qui recherchent commodit\u00e9 et gain de place. Ce mod\u00e8le est facile \u00e0 utiliser et se plie de mani\u00e8re compacte, ce qui le rend id\u00e9al pour les petites cuisines, en d\u00e9placement ou au bureau. Avec une protection contre l&rsquo;\u00e9bullition \u00e0 sec et une protection contre la surchauffe, cette bouilloire offre un moyen s\u00fbr et fiable de faire bouillir rapidement de l&rsquo;eau. Que vous souhaitiez pr\u00e9parer du th\u00e9, du caf\u00e9 ou des repas instantan\u00e9s, cette bouilloire est con\u00e7ue pour r\u00e9pondre \u00e0 vos besoins, avec une attention particuli\u00e8re port\u00e9e \u00e0 la s\u00e9curit\u00e9 et \u00e0 la facilit\u00e9 d&rsquo;utilisation. Mat\u00e9riau &amp; nbsp : Silicone (sans danger pour les aliments, r\u00e9sistant aux hautes temp\u00e9ratures) et PP, SUS304, Chauffage : \u00c9l\u00e9ment chauffant plat en acier inoxydable, Tension d&rsquo;entr\u00e9e : 220-240 V~ 50\/60 Hz, 600 W, Contenu : 0,6 L, Dimensions : \u00d8 14,5 x 8,5 cm, Poids : 616g<\/p>\n","protected":false},"excerpt":{"rendered":"<p>Cette nouvelle bouilloire pliable est une solution innovante pour tous ceux qui recherchent commodit\u00e9 et gain de place. Ce mod\u00e8le est facile \u00e0 utiliser et se plie de mani\u00e8re compacte, ce qui le rend id\u00e9al pour les petites cuisines, en d\u00e9placement ou au bureau. Avec une protection contre l&rsquo;\u00e9bullition \u00e0 sec et une protection contre [&hellip;]<\/p>\n","protected":false},"featured_media":209534,"template":"","meta":{"_acf_changed":false},"product_featured_cat":[94,5297],"product_brand":[3074],"product_cat":[4267],"product_tag":[],"class_list":{"0":"post-209536","1":"product","2":"type-product","3":"status-publish","4":"has-post-thumbnail","6":"product_featured_cat-promotions-etagnieres","7":"product_featured_cat-sonderangebote-hindelbank-fr","8":"product_brand-eurotrail","9":"product_cat-bouilloires","11":"first","12":"instock","13":"sale","14":"taxable","15":"shipping-taxable","16":"purchasable","17":"product-type-simple"},"acf":[],"yoast_head":"<!-- This site is optimized with the Yoast SEO plugin v27.4 - https:\/\/yoast.com\/product\/yoast-seo-wordpress\/ -->\n<title>Bouilloire de voyage - Bantam Wankm\u00fcller SA<\/title>\n<meta name=\"robots\" content=\"index, follow, max-snippet:-1, max-image-preview:large, max-video-preview:-1\" \/>\n<link rel=\"canonical\" href=\"https:\/\/shop.bantam.ch\/fr\/produit\/bouilloire-de-voyage\/\" \/>\n<meta property=\"og:locale\" content=\"fr_FR\" \/>\n<meta property=\"og:type\" content=\"article\" \/>\n<meta property=\"og:title\" content=\"Bouilloire de voyage - Bantam Wankm\u00fcller SA\" \/>\n<meta property=\"og:description\" content=\"Cette nouvelle bouilloire pliable est une solution innovante pour tous ceux qui recherchent commodit\u00e9 et gain de place. Ce mod\u00e8le est facile \u00e0 utiliser et se plie de mani\u00e8re compacte, ce qui le rend id\u00e9al pour les petites cuisines, en d\u00e9placement ou au bureau. Avec une protection contre l&rsquo;\u00e9bullition \u00e0 sec et une protection contre [&hellip;]\" \/>\n<meta property=\"og:url\" content=\"https:\/\/shop.bantam.ch\/fr\/produit\/bouilloire-de-voyage\/\" \/>\n<meta property=\"og:site_name\" content=\"Bantam Wankm\u00fcller SA\" \/>\n<meta property=\"article:modified_time\" content=\"2026-04-20T21:16:43+00:00\" \/>\n<meta property=\"og:image\" content=\"https:\/\/shop.bantam.ch\/wp-content\/uploads\/2025\/02\/ETKW6012_Reisewasserkocher_76625004.jpg\" \/>\n\t<meta property=\"og:image:width\" content=\"800\" \/>\n\t<meta property=\"og:image:height\" content=\"628\" \/>\n\t<meta property=\"og:image:type\" content=\"image\/jpeg\" \/>\n<meta name=\"twitter:card\" content=\"summary_large_image\" \/>\n<meta name=\"twitter:label1\" content=\"Dur\u00e9e de lecture estim\u00e9e\" \/>\n\t<meta name=\"twitter:data1\" content=\"1 minute\" \/>\n<script type=\"application\/ld+json\" class=\"yoast-schema-graph\">{\"@context\":\"https:\\\/\\\/schema.org\",\"@graph\":[{\"@type\":\"WebPage\",\"@id\":\"https:\\\/\\\/shop.bantam.ch\\\/fr\\\/produit\\\/bouilloire-de-voyage\\\/\",\"url\":\"https:\\\/\\\/shop.bantam.ch\\\/fr\\\/produit\\\/bouilloire-de-voyage\\\/\",\"name\":\"Bouilloire de voyage - Bantam Wankm\u00fcller SA\",\"isPartOf\":{\"@id\":\"https:\\\/\\\/shop.bantam.ch\\\/fr\\\/#website\"},\"primaryImageOfPage\":{\"@id\":\"https:\\\/\\\/shop.bantam.ch\\\/fr\\\/produit\\\/bouilloire-de-voyage\\\/#primaryimage\"},\"image\":{\"@id\":\"https:\\\/\\\/shop.bantam.ch\\\/fr\\\/produit\\\/bouilloire-de-voyage\\\/#primaryimage\"},\"thumbnailUrl\":\"https:\\\/\\\/shop.bantam.ch\\\/wp-content\\\/uploads\\\/2025\\\/02\\\/ETKW6012_Reisewasserkocher_76625004.jpg\",\"datePublished\":\"2025-02-26T15:11:56+00:00\",\"dateModified\":\"2026-04-20T21:16:43+00:00\",\"breadcrumb\":{\"@id\":\"https:\\\/\\\/shop.bantam.ch\\\/fr\\\/produit\\\/bouilloire-de-voyage\\\/#breadcrumb\"},\"inLanguage\":\"fr-FR\",\"potentialAction\":[{\"@type\":\"ReadAction\",\"target\":[\"https:\\\/\\\/shop.bantam.ch\\\/fr\\\/produit\\\/bouilloire-de-voyage\\\/\"]}]},{\"@type\":\"ImageObject\",\"inLanguage\":\"fr-FR\",\"@id\":\"https:\\\/\\\/shop.bantam.ch\\\/fr\\\/produit\\\/bouilloire-de-voyage\\\/#primaryimage\",\"url\":\"https:\\\/\\\/shop.bantam.ch\\\/wp-content\\\/uploads\\\/2025\\\/02\\\/ETKW6012_Reisewasserkocher_76625004.jpg\",\"contentUrl\":\"https:\\\/\\\/shop.bantam.ch\\\/wp-content\\\/uploads\\\/2025\\\/02\\\/ETKW6012_Reisewasserkocher_76625004.jpg\",\"width\":800,\"height\":628},{\"@type\":\"BreadcrumbList\",\"@id\":\"https:\\\/\\\/shop.bantam.ch\\\/fr\\\/produit\\\/bouilloire-de-voyage\\\/#breadcrumb\",\"itemListElement\":[{\"@type\":\"ListItem\",\"position\":1,\"name\":\"Accueil\",\"item\":\"https:\\\/\\\/shop.bantam.ch\\\/fr\\\/\"},{\"@type\":\"ListItem\",\"position\":2,\"name\":\"Boutique\",\"item\":\"https:\\\/\\\/shop.bantam.ch\\\/fr\\\/boutique\\\/\"},{\"@type\":\"ListItem\",\"position\":3,\"name\":\"Bouilloire de voyage\"}]},{\"@type\":\"WebSite\",\"@id\":\"https:\\\/\\\/shop.bantam.ch\\\/fr\\\/#website\",\"url\":\"https:\\\/\\\/shop.bantam.ch\\\/fr\\\/\",\"name\":\"Bantam Wankm\u00fcller SA\",\"description\":\"\",\"publisher\":{\"@id\":\"https:\\\/\\\/shop.bantam.ch\\\/fr\\\/#organization\"},\"inLanguage\":\"fr-FR\"},{\"@type\":\"Organization\",\"@id\":\"https:\\\/\\\/shop.bantam.ch\\\/fr\\\/#organization\",\"name\":\"Bantam Wankm\u00fcller SA\",\"url\":\"https:\\\/\\\/shop.bantam.ch\\\/fr\\\/\",\"logo\":{\"@type\":\"ImageObject\",\"inLanguage\":\"fr-FR\",\"@id\":\"https:\\\/\\\/shop.bantam.ch\\\/fr\\\/#\\\/schema\\\/logo\\\/image\\\/\",\"url\":\"https:\\\/\\\/shop.bantam.ch\\\/wp-content\\\/uploads\\\/2022\\\/12\\\/bantam-logo.png\",\"contentUrl\":\"https:\\\/\\\/shop.bantam.ch\\\/wp-content\\\/uploads\\\/2022\\\/12\\\/bantam-logo.png\",\"width\":320,\"height\":71,\"caption\":\"Bantam Wankm\u00fcller SA\"},\"image\":{\"@id\":\"https:\\\/\\\/shop.bantam.ch\\\/fr\\\/#\\\/schema\\\/logo\\\/image\\\/\"}}]}<\/script>\n<!-- \/ Yoast SEO plugin. -->","yoast_head_json":{"title":"Bouilloire de voyage - Bantam Wankm\u00fcller SA","robots":{"index":"index","follow":"follow","max-snippet":"max-snippet:-1","max-image-preview":"max-image-preview:large","max-video-preview":"max-video-preview:-1"},"canonical":"https:\/\/shop.bantam.ch\/fr\/produit\/bouilloire-de-voyage\/","og_locale":"fr_FR","og_type":"article","og_title":"Bouilloire de voyage - Bantam Wankm\u00fcller SA","og_description":"Cette nouvelle bouilloire pliable est une solution innovante pour tous ceux qui recherchent commodit\u00e9 et gain de place. Ce mod\u00e8le est facile \u00e0 utiliser et se plie de mani\u00e8re compacte, ce qui le rend id\u00e9al pour les petites cuisines, en d\u00e9placement ou au bureau. Avec une protection contre l&rsquo;\u00e9bullition \u00e0 sec et une protection contre [&hellip;]","og_url":"https:\/\/shop.bantam.ch\/fr\/produit\/bouilloire-de-voyage\/","og_site_name":"Bantam Wankm\u00fcller SA","article_modified_time":"2026-04-20T21:16:43+00:00","og_image":[{"width":800,"height":628,"url":"https:\/\/shop.bantam.ch\/wp-content\/uploads\/2025\/02\/ETKW6012_Reisewasserkocher_76625004.jpg","type":"image\/jpeg"}],"twitter_card":"summary_large_image","twitter_misc":{"Dur\u00e9e de lecture estim\u00e9e":"1 minute"},"schema":{"@context":"https:\/\/schema.org","@graph":[{"@type":"WebPage","@id":"https:\/\/shop.bantam.ch\/fr\/produit\/bouilloire-de-voyage\/","url":"https:\/\/shop.bantam.ch\/fr\/produit\/bouilloire-de-voyage\/","name":"Bouilloire de voyage - Bantam Wankm\u00fcller SA","isPartOf":{"@id":"https:\/\/shop.bantam.ch\/fr\/#website"},"primaryImageOfPage":{"@id":"https:\/\/shop.bantam.ch\/fr\/produit\/bouilloire-de-voyage\/#primaryimage"},"image":{"@id":"https:\/\/shop.bantam.ch\/fr\/produit\/bouilloire-de-voyage\/#primaryimage"},"thumbnailUrl":"https:\/\/shop.bantam.ch\/wp-content\/uploads\/2025\/02\/ETKW6012_Reisewasserkocher_76625004.jpg","datePublished":"2025-02-26T15:11:56+00:00","dateModified":"2026-04-20T21:16:43+00:00","breadcrumb":{"@id":"https:\/\/shop.bantam.ch\/fr\/produit\/bouilloire-de-voyage\/#breadcrumb"},"inLanguage":"fr-FR","potentialAction":[{"@type":"ReadAction","target":["https:\/\/shop.bantam.ch\/fr\/produit\/bouilloire-de-voyage\/"]}]},{"@type":"ImageObject","inLanguage":"fr-FR","@id":"https:\/\/shop.bantam.ch\/fr\/produit\/bouilloire-de-voyage\/#primaryimage","url":"https:\/\/shop.bantam.ch\/wp-content\/uploads\/2025\/02\/ETKW6012_Reisewasserkocher_76625004.jpg","contentUrl":"https:\/\/shop.bantam.ch\/wp-content\/uploads\/2025\/02\/ETKW6012_Reisewasserkocher_76625004.jpg","width":800,"height":628},{"@type":"BreadcrumbList","@id":"https:\/\/shop.bantam.ch\/fr\/produit\/bouilloire-de-voyage\/#breadcrumb","itemListElement":[{"@type":"ListItem","position":1,"name":"Accueil","item":"https:\/\/shop.bantam.ch\/fr\/"},{"@type":"ListItem","position":2,"name":"Boutique","item":"https:\/\/shop.bantam.ch\/fr\/boutique\/"},{"@type":"ListItem","position":3,"name":"Bouilloire de voyage"}]},{"@type":"WebSite","@id":"https:\/\/shop.bantam.ch\/fr\/#website","url":"https:\/\/shop.bantam.ch\/fr\/","name":"Bantam Wankm\u00fcller SA","description":"","publisher":{"@id":"https:\/\/shop.bantam.ch\/fr\/#organization"},"inLanguage":"fr-FR"},{"@type":"Organization","@id":"https:\/\/shop.bantam.ch\/fr\/#organization","name":"Bantam Wankm\u00fcller SA","url":"https:\/\/shop.bantam.ch\/fr\/","logo":{"@type":"ImageObject","inLanguage":"fr-FR","@id":"https:\/\/shop.bantam.ch\/fr\/#\/schema\/logo\/image\/","url":"https:\/\/shop.bantam.ch\/wp-content\/uploads\/2022\/12\/bantam-logo.png","contentUrl":"https:\/\/shop.bantam.ch\/wp-content\/uploads\/2022\/12\/bantam-logo.png","width":320,"height":71,"caption":"Bantam Wankm\u00fcller SA"},"image":{"@id":"https:\/\/shop.bantam.ch\/fr\/#\/schema\/logo\/image\/"}}]}},"_links":{"self":[{"href":"https:\/\/shop.bantam.ch\/fr\/wp-json\/wp\/v2\/product\/209536","targetHints":{"allow":["GET"]}}],"collection":[{"href":"https:\/\/shop.bantam.ch\/fr\/wp-json\/wp\/v2\/product"}],"about":[{"href":"https:\/\/shop.bantam.ch\/fr\/wp-json\/wp\/v2\/types\/product"}],"wp:featuredmedia":[{"embeddable":true,"href":"https:\/\/shop.bantam.ch\/fr\/wp-json\/wp\/v2\/media\/209534"}],"wp:attachment":[{"href":"https:\/\/shop.bantam.ch\/fr\/wp-json\/wp\/v2\/media?parent=209536"}],"wp:term":[{"taxonomy":"product_featured_cat","embeddable":true,"href":"https:\/\/shop.bantam.ch\/fr\/wp-json\/wp\/v2\/product_featured_cat?post=209536"},{"taxonomy":"product_brand","embeddable":true,"href":"https:\/\/shop.bantam.ch\/fr\/wp-json\/wp\/v2\/product_brand?post=209536"},{"taxonomy":"product_cat","embeddable":true,"href":"https:\/\/shop.bantam.ch\/fr\/wp-json\/wp\/v2\/product_cat?post=209536"},{"taxonomy":"product_tag","embeddable":true,"href":"https:\/\/shop.bantam.ch\/fr\/wp-json\/wp\/v2\/product_tag?post=209536"}],"curies":[{"name":"wp","href":"https:\/\/api.w.org\/{rel}","templated":true}]}}