{"id":209528,"date":"2025-02-26T16:01:28","date_gmt":"2025-02-26T15:01:28","guid":{"rendered":"https:\/\/shop.bantam.ch\/produit\/saladier-o-25-x-112-cm\/"},"modified":"2026-04-17T23:15:49","modified_gmt":"2026-04-17T21:15:49","slug":"saladier-o-25-x-112-cm","status":"publish","type":"product","link":"https:\/\/shop.bantam.ch\/fr\/produit\/saladier-o-25-x-112-cm\/","title":{"rendered":"Saladier \u00d8 25 x 11,2 cm"},"content":{"rendered":"<p>Saladier pratique pour la table. Design et imprim\u00e9 originaux, s&rsquo;adaptent parfaitement \u00e0 la vaisselle aspect marbre.<br \/>\nMat\u00e9riau : 100 % m\u00e9lamine, Taille : \u00d825&#215;11.2cm, Poids : 340gr.<\/p>\n","protected":false},"excerpt":{"rendered":"<p>Saladier pratique pour la table. Design et imprim\u00e9 originaux, s&rsquo;adaptent parfaitement \u00e0 la vaisselle aspect marbre. Mat\u00e9riau : 100 % m\u00e9lamine, Taille : \u00d825&#215;11.2cm, Poids : 340gr.<\/p>\n","protected":false},"featured_media":209526,"template":"","meta":{"_acf_changed":false},"product_featured_cat":[],"product_brand":[3074],"product_cat":[3993],"product_tag":[],"class_list":{"0":"post-209528","1":"product","2":"type-product","3":"status-publish","4":"has-post-thumbnail","6":"product_brand-eurotrail","7":"product_cat-vaisselle-de-camping","9":"first","10":"instock","11":"taxable","12":"shipping-taxable","13":"purchasable","14":"product-type-simple"},"acf":[],"yoast_head":"<!-- This site is optimized with the Yoast SEO plugin v27.4 - https:\/\/yoast.com\/product\/yoast-seo-wordpress\/ -->\n<title>Saladier \u00d8 25 x 11,2 cm - Bantam Wankm\u00fcller SA<\/title>\n<meta name=\"robots\" content=\"index, follow, max-snippet:-1, max-image-preview:large, max-video-preview:-1\" \/>\n<link rel=\"canonical\" href=\"https:\/\/shop.bantam.ch\/fr\/produit\/saladier-o-25-x-112-cm\/\" \/>\n<meta property=\"og:locale\" content=\"fr_FR\" \/>\n<meta property=\"og:type\" content=\"article\" \/>\n<meta property=\"og:title\" content=\"Saladier \u00d8 25 x 11,2 cm - Bantam Wankm\u00fcller SA\" \/>\n<meta property=\"og:description\" content=\"Saladier pratique pour la table. Design et imprim\u00e9 originaux, s&rsquo;adaptent parfaitement \u00e0 la vaisselle aspect marbre. Mat\u00e9riau : 100 % m\u00e9lamine, Taille : \u00d825&#215;11.2cm, Poids : 340gr.\" \/>\n<meta property=\"og:url\" content=\"https:\/\/shop.bantam.ch\/fr\/produit\/saladier-o-25-x-112-cm\/\" \/>\n<meta property=\"og:site_name\" content=\"Bantam Wankm\u00fcller SA\" \/>\n<meta property=\"article:modified_time\" content=\"2026-04-17T21:15:49+00:00\" \/>\n<meta property=\"og:image\" content=\"https:\/\/shop.bantam.ch\/wp-content\/uploads\/2025\/02\/IMG_1348_76625002.jpg\" \/>\n\t<meta property=\"og:image:width\" content=\"800\" \/>\n\t<meta property=\"og:image:height\" content=\"540\" \/>\n\t<meta property=\"og:image:type\" content=\"image\/jpeg\" \/>\n<meta name=\"twitter:card\" content=\"summary_large_image\" \/>\n<script type=\"application\/ld+json\" class=\"yoast-schema-graph\">{\"@context\":\"https:\\\/\\\/schema.org\",\"@graph\":[{\"@type\":\"WebPage\",\"@id\":\"https:\\\/\\\/shop.bantam.ch\\\/fr\\\/produit\\\/saladier-o-25-x-112-cm\\\/\",\"url\":\"https:\\\/\\\/shop.bantam.ch\\\/fr\\\/produit\\\/saladier-o-25-x-112-cm\\\/\",\"name\":\"Saladier \u00d8 25 x 11,2 cm - Bantam Wankm\u00fcller SA\",\"isPartOf\":{\"@id\":\"https:\\\/\\\/shop.bantam.ch\\\/fr\\\/#website\"},\"primaryImageOfPage\":{\"@id\":\"https:\\\/\\\/shop.bantam.ch\\\/fr\\\/produit\\\/saladier-o-25-x-112-cm\\\/#primaryimage\"},\"image\":{\"@id\":\"https:\\\/\\\/shop.bantam.ch\\\/fr\\\/produit\\\/saladier-o-25-x-112-cm\\\/#primaryimage\"},\"thumbnailUrl\":\"https:\\\/\\\/shop.bantam.ch\\\/wp-content\\\/uploads\\\/2025\\\/02\\\/IMG_1348_76625002.jpg\",\"datePublished\":\"2025-02-26T15:01:28+00:00\",\"dateModified\":\"2026-04-17T21:15:49+00:00\",\"breadcrumb\":{\"@id\":\"https:\\\/\\\/shop.bantam.ch\\\/fr\\\/produit\\\/saladier-o-25-x-112-cm\\\/#breadcrumb\"},\"inLanguage\":\"fr-FR\",\"potentialAction\":[{\"@type\":\"ReadAction\",\"target\":[\"https:\\\/\\\/shop.bantam.ch\\\/fr\\\/produit\\\/saladier-o-25-x-112-cm\\\/\"]}]},{\"@type\":\"ImageObject\",\"inLanguage\":\"fr-FR\",\"@id\":\"https:\\\/\\\/shop.bantam.ch\\\/fr\\\/produit\\\/saladier-o-25-x-112-cm\\\/#primaryimage\",\"url\":\"https:\\\/\\\/shop.bantam.ch\\\/wp-content\\\/uploads\\\/2025\\\/02\\\/IMG_1348_76625002.jpg\",\"contentUrl\":\"https:\\\/\\\/shop.bantam.ch\\\/wp-content\\\/uploads\\\/2025\\\/02\\\/IMG_1348_76625002.jpg\",\"width\":800,\"height\":540},{\"@type\":\"BreadcrumbList\",\"@id\":\"https:\\\/\\\/shop.bantam.ch\\\/fr\\\/produit\\\/saladier-o-25-x-112-cm\\\/#breadcrumb\",\"itemListElement\":[{\"@type\":\"ListItem\",\"position\":1,\"name\":\"Accueil\",\"item\":\"https:\\\/\\\/shop.bantam.ch\\\/fr\\\/\"},{\"@type\":\"ListItem\",\"position\":2,\"name\":\"Boutique\",\"item\":\"https:\\\/\\\/shop.bantam.ch\\\/fr\\\/boutique\\\/\"},{\"@type\":\"ListItem\",\"position\":3,\"name\":\"Saladier \u00d8 25 x 11,2 cm\"}]},{\"@type\":\"WebSite\",\"@id\":\"https:\\\/\\\/shop.bantam.ch\\\/fr\\\/#website\",\"url\":\"https:\\\/\\\/shop.bantam.ch\\\/fr\\\/\",\"name\":\"Bantam Wankm\u00fcller SA\",\"description\":\"\",\"publisher\":{\"@id\":\"https:\\\/\\\/shop.bantam.ch\\\/fr\\\/#organization\"},\"inLanguage\":\"fr-FR\"},{\"@type\":\"Organization\",\"@id\":\"https:\\\/\\\/shop.bantam.ch\\\/fr\\\/#organization\",\"name\":\"Bantam Wankm\u00fcller SA\",\"url\":\"https:\\\/\\\/shop.bantam.ch\\\/fr\\\/\",\"logo\":{\"@type\":\"ImageObject\",\"inLanguage\":\"fr-FR\",\"@id\":\"https:\\\/\\\/shop.bantam.ch\\\/fr\\\/#\\\/schema\\\/logo\\\/image\\\/\",\"url\":\"https:\\\/\\\/shop.bantam.ch\\\/wp-content\\\/uploads\\\/2022\\\/12\\\/bantam-logo.png\",\"contentUrl\":\"https:\\\/\\\/shop.bantam.ch\\\/wp-content\\\/uploads\\\/2022\\\/12\\\/bantam-logo.png\",\"width\":320,\"height\":71,\"caption\":\"Bantam Wankm\u00fcller SA\"},\"image\":{\"@id\":\"https:\\\/\\\/shop.bantam.ch\\\/fr\\\/#\\\/schema\\\/logo\\\/image\\\/\"}}]}<\/script>\n<!-- \/ Yoast SEO plugin. -->","yoast_head_json":{"title":"Saladier \u00d8 25 x 11,2 cm - Bantam Wankm\u00fcller SA","robots":{"index":"index","follow":"follow","max-snippet":"max-snippet:-1","max-image-preview":"max-image-preview:large","max-video-preview":"max-video-preview:-1"},"canonical":"https:\/\/shop.bantam.ch\/fr\/produit\/saladier-o-25-x-112-cm\/","og_locale":"fr_FR","og_type":"article","og_title":"Saladier \u00d8 25 x 11,2 cm - Bantam Wankm\u00fcller SA","og_description":"Saladier pratique pour la table. Design et imprim\u00e9 originaux, s&rsquo;adaptent parfaitement \u00e0 la vaisselle aspect marbre. Mat\u00e9riau : 100 % m\u00e9lamine, Taille : \u00d825&#215;11.2cm, Poids : 340gr.","og_url":"https:\/\/shop.bantam.ch\/fr\/produit\/saladier-o-25-x-112-cm\/","og_site_name":"Bantam Wankm\u00fcller SA","article_modified_time":"2026-04-17T21:15:49+00:00","og_image":[{"width":800,"height":540,"url":"https:\/\/shop.bantam.ch\/wp-content\/uploads\/2025\/02\/IMG_1348_76625002.jpg","type":"image\/jpeg"}],"twitter_card":"summary_large_image","schema":{"@context":"https:\/\/schema.org","@graph":[{"@type":"WebPage","@id":"https:\/\/shop.bantam.ch\/fr\/produit\/saladier-o-25-x-112-cm\/","url":"https:\/\/shop.bantam.ch\/fr\/produit\/saladier-o-25-x-112-cm\/","name":"Saladier \u00d8 25 x 11,2 cm - Bantam Wankm\u00fcller SA","isPartOf":{"@id":"https:\/\/shop.bantam.ch\/fr\/#website"},"primaryImageOfPage":{"@id":"https:\/\/shop.bantam.ch\/fr\/produit\/saladier-o-25-x-112-cm\/#primaryimage"},"image":{"@id":"https:\/\/shop.bantam.ch\/fr\/produit\/saladier-o-25-x-112-cm\/#primaryimage"},"thumbnailUrl":"https:\/\/shop.bantam.ch\/wp-content\/uploads\/2025\/02\/IMG_1348_76625002.jpg","datePublished":"2025-02-26T15:01:28+00:00","dateModified":"2026-04-17T21:15:49+00:00","breadcrumb":{"@id":"https:\/\/shop.bantam.ch\/fr\/produit\/saladier-o-25-x-112-cm\/#breadcrumb"},"inLanguage":"fr-FR","potentialAction":[{"@type":"ReadAction","target":["https:\/\/shop.bantam.ch\/fr\/produit\/saladier-o-25-x-112-cm\/"]}]},{"@type":"ImageObject","inLanguage":"fr-FR","@id":"https:\/\/shop.bantam.ch\/fr\/produit\/saladier-o-25-x-112-cm\/#primaryimage","url":"https:\/\/shop.bantam.ch\/wp-content\/uploads\/2025\/02\/IMG_1348_76625002.jpg","contentUrl":"https:\/\/shop.bantam.ch\/wp-content\/uploads\/2025\/02\/IMG_1348_76625002.jpg","width":800,"height":540},{"@type":"BreadcrumbList","@id":"https:\/\/shop.bantam.ch\/fr\/produit\/saladier-o-25-x-112-cm\/#breadcrumb","itemListElement":[{"@type":"ListItem","position":1,"name":"Accueil","item":"https:\/\/shop.bantam.ch\/fr\/"},{"@type":"ListItem","position":2,"name":"Boutique","item":"https:\/\/shop.bantam.ch\/fr\/boutique\/"},{"@type":"ListItem","position":3,"name":"Saladier \u00d8 25 x 11,2 cm"}]},{"@type":"WebSite","@id":"https:\/\/shop.bantam.ch\/fr\/#website","url":"https:\/\/shop.bantam.ch\/fr\/","name":"Bantam Wankm\u00fcller SA","description":"","publisher":{"@id":"https:\/\/shop.bantam.ch\/fr\/#organization"},"inLanguage":"fr-FR"},{"@type":"Organization","@id":"https:\/\/shop.bantam.ch\/fr\/#organization","name":"Bantam Wankm\u00fcller SA","url":"https:\/\/shop.bantam.ch\/fr\/","logo":{"@type":"ImageObject","inLanguage":"fr-FR","@id":"https:\/\/shop.bantam.ch\/fr\/#\/schema\/logo\/image\/","url":"https:\/\/shop.bantam.ch\/wp-content\/uploads\/2022\/12\/bantam-logo.png","contentUrl":"https:\/\/shop.bantam.ch\/wp-content\/uploads\/2022\/12\/bantam-logo.png","width":320,"height":71,"caption":"Bantam Wankm\u00fcller SA"},"image":{"@id":"https:\/\/shop.bantam.ch\/fr\/#\/schema\/logo\/image\/"}}]}},"_links":{"self":[{"href":"https:\/\/shop.bantam.ch\/fr\/wp-json\/wp\/v2\/product\/209528","targetHints":{"allow":["GET"]}}],"collection":[{"href":"https:\/\/shop.bantam.ch\/fr\/wp-json\/wp\/v2\/product"}],"about":[{"href":"https:\/\/shop.bantam.ch\/fr\/wp-json\/wp\/v2\/types\/product"}],"wp:featuredmedia":[{"embeddable":true,"href":"https:\/\/shop.bantam.ch\/fr\/wp-json\/wp\/v2\/media\/209526"}],"wp:attachment":[{"href":"https:\/\/shop.bantam.ch\/fr\/wp-json\/wp\/v2\/media?parent=209528"}],"wp:term":[{"taxonomy":"product_featured_cat","embeddable":true,"href":"https:\/\/shop.bantam.ch\/fr\/wp-json\/wp\/v2\/product_featured_cat?post=209528"},{"taxonomy":"product_brand","embeddable":true,"href":"https:\/\/shop.bantam.ch\/fr\/wp-json\/wp\/v2\/product_brand?post=209528"},{"taxonomy":"product_cat","embeddable":true,"href":"https:\/\/shop.bantam.ch\/fr\/wp-json\/wp\/v2\/product_cat?post=209528"},{"taxonomy":"product_tag","embeddable":true,"href":"https:\/\/shop.bantam.ch\/fr\/wp-json\/wp\/v2\/product_tag?post=209528"}],"curies":[{"name":"wp","href":"https:\/\/api.w.org\/{rel}","templated":true}]}}