{"id":209511,"date":"2025-02-26T11:28:16","date_gmt":"2025-02-26T10:28:16","guid":{"rendered":"https:\/\/shop.bantam.ch\/produit\/truma-aventa-comfort-2-g-i-blanc\/"},"modified":"2026-04-17T23:15:43","modified_gmt":"2026-04-17T21:15:43","slug":"truma-aventa-comfort-2-g-i-blanc","status":"publish","type":"product","link":"https:\/\/shop.bantam.ch\/fr\/produit\/truma-aventa-comfort-2-g-i-blanc\/","title":{"rendered":"Truma Aventa Comfort 2G blanc &#8211; Stone"},"content":{"rendered":"<p>La 2\u00e8me g\u00e9n\u00e9ration de climatiseurs de toit Aventa assure une temp\u00e9rature extr\u00eamement agr\u00e9able et est particuli\u00e8rement silencieux pendant le fonctionnement. Il convient de souligner le faible poids total des syst\u00e8mes, rendu possible par l\u2018installation de technologies de pointe. Le compresseur r\u00e9glable en continu assure des performances de refroidissement exceptionnelles et, en combinaison avec le mode nuit r\u00e9vis\u00e9, assure des nuits calmes. Le diffuseur d\u2018air convivial fait office d\u2018\u00e9l\u00e9ment de design dans le v\u00e9hicule.<\/p>\n<p>\u2022 Flexible: peut \u00eatre utilis\u00e9 selon vos souhaits.<br \/>\n\u2022 Silencieux: particuli\u00e8rement silencieux gr\u00e2ce au nouveau compresseur et au ventilateur int\u00e9rieur.<br \/>\n\u2022 Astucieux: nouveaux distributeurs d\u2019air d\u00e9clin\u00e9 en plusieurs variantes.<br \/>\n\u2022 L\u00e9ger: le climatiseur le plus l\u00e9ger de sa cat\u00e9gorie gr\u00e2ce \u00e0 son nouveau design.<br \/>\n\u2022 Design: un design intemporel \u00e0 l\u2019ext\u00e9rieur comme \u00e0 l\u2019int\u00e9rieur.<br \/>\n\u2022 Multifonctionnel: chauffe par pompe \u00e0 chaleur int\u00e9gr\u00e9e (dans les trois mod\u00e8les)<\/p>\n<p>Technologie<br \/>\nAvec la 2\u00e8me g\u00e9n\u00e9ration de climatiseurs Aventa, la temp\u00e9rature cible souhait\u00e9e est toujours garantie par le nouveau compresseur \u00e0 variation continue et le nouveau ventilateur int\u00e9rieur \u00e0 variation continue. Le compresseur est alors r\u00e9gl\u00e9 automatiquement en fonction des besoins. Pour plus de calme la nuit, il existe le mode Night am\u00e9lior\u00e9, gr\u00e2ce auquel l\u2019installation assure une fra\u00eecheur agr\u00e9able avec un niveau sonore particuli\u00e8rement bas. Si la temp\u00e9rature venait \u00e0 baisser, la fonction de chauffage int\u00e9gr\u00e9e assure une temp\u00e9rature confortable. Ces installations se distinguent \u00e9galement par leur faible courant de d\u00e9marrage. Il n\u2019y a donc pas de probl\u00e8mes dans les campings o\u00f9 la couverture est moindre.<br \/>\nLiquide de refroidissement Propane C\u2083H\u2088 (hydrocarbure) R 290. Le gaz de p\u00e9trole liqu\u00e9fi\u00e9 n&rsquo;est pas nocif pour la couche d&rsquo;ozone et est \u00e9cologique.<br \/>\nAventa comfort 2\u00e8me g\u00e9n\u00e9ration<br \/>\nUnit\u00e9 ext\u00e9rieur climatiseur de toit Truma avec iNet X Interface AC.<\/p>\n<p>Livr\u00e9 sans distributeur d&rsquo;air! Vous pouvez choisir le mod\u00e8le et la couleur. A commander s\u00e9par\u00e9ment! Chauffage possible \u00e0 partir d&rsquo;environ 4 \u00b0C plus la temp\u00e9rature ext\u00e9rieure.<\/p>\n<p>\u2022 puissance de refroid.:                   2500 W<br \/>\n\u2022 puissance de chauffage:             2000 W<br \/>\n\u2022 longueur de v\u00e9hicule:                    \u00e0 partir de 7 m<br \/>\n\u2022 tension de service:                         230 V<br \/>\n\u2022 courant absorb\u00e9<br \/>\n&#8211; refroidissement:                           4,9 A (230 V)<br \/>\n&#8211; mode chauffage:                          4,2 A (230 V)<br \/>\n\u2022 L L H unit\u00e9 ext\u00e9rieure:                  100,8&#215;66,5&#215;24,3 cm<br \/>\n\u2022 L L d\u00e9coupe de toit:                       38&#215;35 cm \/ 40&#215;40 cm<br \/>\n\u2022 poids:                                                     28,7 kg incl. distributeur<br \/>\n\u2022  couleur:                                                blanc<\/p>\n","protected":false},"excerpt":{"rendered":"<p>La 2\u00e8me g\u00e9n\u00e9ration de climatiseurs de toit Aventa assure une temp\u00e9rature extr\u00eamement agr\u00e9able et est particuli\u00e8rement silencieux pendant le fonctionnement. Il convient de souligner le faible poids total des syst\u00e8mes, rendu possible par l\u2018installation de technologies de pointe. Le compresseur r\u00e9glable en continu assure des performances de refroidissement exceptionnelles et, en combinaison avec le mode [&hellip;]<\/p>\n","protected":false},"featured_media":209513,"template":"","meta":{"_acf_changed":false},"product_featured_cat":[],"product_brand":[3026],"product_cat":[4089],"product_tag":[],"class_list":{"0":"post-209511","1":"product","2":"type-product","3":"status-publish","4":"has-post-thumbnail","6":"product_brand-truma","7":"product_cat-climatisations","9":"first","10":"instock","11":"taxable","12":"shipping-taxable","13":"purchasable","14":"product-type-simple"},"acf":[],"yoast_head":"<!-- This site is optimized with the Yoast SEO plugin v27.4 - https:\/\/yoast.com\/product\/yoast-seo-wordpress\/ -->\n<title>Truma Aventa Comfort 2G blanc - Stone - Bantam Wankm\u00fcller SA<\/title>\n<meta name=\"robots\" content=\"index, follow, max-snippet:-1, max-image-preview:large, max-video-preview:-1\" \/>\n<link rel=\"canonical\" href=\"https:\/\/shop.bantam.ch\/fr\/produit\/truma-aventa-comfort-2-g-i-blanc\/\" \/>\n<meta property=\"og:locale\" content=\"fr_FR\" \/>\n<meta property=\"og:type\" content=\"article\" \/>\n<meta property=\"og:title\" content=\"Truma Aventa Comfort 2G blanc - Stone - Bantam Wankm\u00fcller SA\" \/>\n<meta property=\"og:description\" content=\"La 2\u00e8me g\u00e9n\u00e9ration de climatiseurs de toit Aventa assure une temp\u00e9rature extr\u00eamement agr\u00e9able et est particuli\u00e8rement silencieux pendant le fonctionnement. Il convient de souligner le faible poids total des syst\u00e8mes, rendu possible par l\u2018installation de technologies de pointe. Le compresseur r\u00e9glable en continu assure des performances de refroidissement exceptionnelles et, en combinaison avec le mode [&hellip;]\" \/>\n<meta property=\"og:url\" content=\"https:\/\/shop.bantam.ch\/fr\/produit\/truma-aventa-comfort-2-g-i-blanc\/\" \/>\n<meta property=\"og:site_name\" content=\"Bantam Wankm\u00fcller SA\" \/>\n<meta property=\"article:modified_time\" content=\"2026-04-17T21:15:43+00:00\" \/>\n<meta property=\"og:image\" content=\"https:\/\/shop.bantam.ch\/wp-content\/uploads\/2025\/02\/Truma9962572.png\" \/>\n\t<meta property=\"og:image:width\" content=\"494\" \/>\n\t<meta property=\"og:image:height\" content=\"494\" \/>\n\t<meta property=\"og:image:type\" content=\"image\/png\" \/>\n<meta name=\"twitter:card\" content=\"summary_large_image\" \/>\n<meta name=\"twitter:label1\" content=\"Dur\u00e9e de lecture estim\u00e9e\" \/>\n\t<meta name=\"twitter:data1\" content=\"2 minutes\" \/>\n<script type=\"application\/ld+json\" class=\"yoast-schema-graph\">{\"@context\":\"https:\\\/\\\/schema.org\",\"@graph\":[{\"@type\":\"WebPage\",\"@id\":\"https:\\\/\\\/shop.bantam.ch\\\/fr\\\/produit\\\/truma-aventa-comfort-2-g-i-blanc\\\/\",\"url\":\"https:\\\/\\\/shop.bantam.ch\\\/fr\\\/produit\\\/truma-aventa-comfort-2-g-i-blanc\\\/\",\"name\":\"Truma Aventa Comfort 2G blanc - Stone - Bantam Wankm\u00fcller SA\",\"isPartOf\":{\"@id\":\"https:\\\/\\\/shop.bantam.ch\\\/fr\\\/#website\"},\"primaryImageOfPage\":{\"@id\":\"https:\\\/\\\/shop.bantam.ch\\\/fr\\\/produit\\\/truma-aventa-comfort-2-g-i-blanc\\\/#primaryimage\"},\"image\":{\"@id\":\"https:\\\/\\\/shop.bantam.ch\\\/fr\\\/produit\\\/truma-aventa-comfort-2-g-i-blanc\\\/#primaryimage\"},\"thumbnailUrl\":\"https:\\\/\\\/shop.bantam.ch\\\/wp-content\\\/uploads\\\/2025\\\/02\\\/Truma9962572.png\",\"datePublished\":\"2025-02-26T10:28:16+00:00\",\"dateModified\":\"2026-04-17T21:15:43+00:00\",\"breadcrumb\":{\"@id\":\"https:\\\/\\\/shop.bantam.ch\\\/fr\\\/produit\\\/truma-aventa-comfort-2-g-i-blanc\\\/#breadcrumb\"},\"inLanguage\":\"fr-FR\",\"potentialAction\":[{\"@type\":\"ReadAction\",\"target\":[\"https:\\\/\\\/shop.bantam.ch\\\/fr\\\/produit\\\/truma-aventa-comfort-2-g-i-blanc\\\/\"]}]},{\"@type\":\"ImageObject\",\"inLanguage\":\"fr-FR\",\"@id\":\"https:\\\/\\\/shop.bantam.ch\\\/fr\\\/produit\\\/truma-aventa-comfort-2-g-i-blanc\\\/#primaryimage\",\"url\":\"https:\\\/\\\/shop.bantam.ch\\\/wp-content\\\/uploads\\\/2025\\\/02\\\/Truma9962572.png\",\"contentUrl\":\"https:\\\/\\\/shop.bantam.ch\\\/wp-content\\\/uploads\\\/2025\\\/02\\\/Truma9962572.png\",\"width\":494,\"height\":494},{\"@type\":\"BreadcrumbList\",\"@id\":\"https:\\\/\\\/shop.bantam.ch\\\/fr\\\/produit\\\/truma-aventa-comfort-2-g-i-blanc\\\/#breadcrumb\",\"itemListElement\":[{\"@type\":\"ListItem\",\"position\":1,\"name\":\"Accueil\",\"item\":\"https:\\\/\\\/shop.bantam.ch\\\/fr\\\/\"},{\"@type\":\"ListItem\",\"position\":2,\"name\":\"Boutique\",\"item\":\"https:\\\/\\\/shop.bantam.ch\\\/fr\\\/boutique\\\/\"},{\"@type\":\"ListItem\",\"position\":3,\"name\":\"Truma Aventa Comfort 2G blanc &#8211; Stone\"}]},{\"@type\":\"WebSite\",\"@id\":\"https:\\\/\\\/shop.bantam.ch\\\/fr\\\/#website\",\"url\":\"https:\\\/\\\/shop.bantam.ch\\\/fr\\\/\",\"name\":\"Bantam Wankm\u00fcller SA\",\"description\":\"\",\"publisher\":{\"@id\":\"https:\\\/\\\/shop.bantam.ch\\\/fr\\\/#organization\"},\"inLanguage\":\"fr-FR\"},{\"@type\":\"Organization\",\"@id\":\"https:\\\/\\\/shop.bantam.ch\\\/fr\\\/#organization\",\"name\":\"Bantam Wankm\u00fcller SA\",\"url\":\"https:\\\/\\\/shop.bantam.ch\\\/fr\\\/\",\"logo\":{\"@type\":\"ImageObject\",\"inLanguage\":\"fr-FR\",\"@id\":\"https:\\\/\\\/shop.bantam.ch\\\/fr\\\/#\\\/schema\\\/logo\\\/image\\\/\",\"url\":\"https:\\\/\\\/shop.bantam.ch\\\/wp-content\\\/uploads\\\/2022\\\/12\\\/bantam-logo.png\",\"contentUrl\":\"https:\\\/\\\/shop.bantam.ch\\\/wp-content\\\/uploads\\\/2022\\\/12\\\/bantam-logo.png\",\"width\":320,\"height\":71,\"caption\":\"Bantam Wankm\u00fcller SA\"},\"image\":{\"@id\":\"https:\\\/\\\/shop.bantam.ch\\\/fr\\\/#\\\/schema\\\/logo\\\/image\\\/\"}}]}<\/script>\n<!-- \/ Yoast SEO plugin. -->","yoast_head_json":{"title":"Truma Aventa Comfort 2G blanc - Stone - Bantam Wankm\u00fcller SA","robots":{"index":"index","follow":"follow","max-snippet":"max-snippet:-1","max-image-preview":"max-image-preview:large","max-video-preview":"max-video-preview:-1"},"canonical":"https:\/\/shop.bantam.ch\/fr\/produit\/truma-aventa-comfort-2-g-i-blanc\/","og_locale":"fr_FR","og_type":"article","og_title":"Truma Aventa Comfort 2G blanc - Stone - Bantam Wankm\u00fcller SA","og_description":"La 2\u00e8me g\u00e9n\u00e9ration de climatiseurs de toit Aventa assure une temp\u00e9rature extr\u00eamement agr\u00e9able et est particuli\u00e8rement silencieux pendant le fonctionnement. Il convient de souligner le faible poids total des syst\u00e8mes, rendu possible par l\u2018installation de technologies de pointe. Le compresseur r\u00e9glable en continu assure des performances de refroidissement exceptionnelles et, en combinaison avec le mode [&hellip;]","og_url":"https:\/\/shop.bantam.ch\/fr\/produit\/truma-aventa-comfort-2-g-i-blanc\/","og_site_name":"Bantam Wankm\u00fcller SA","article_modified_time":"2026-04-17T21:15:43+00:00","og_image":[{"width":494,"height":494,"url":"https:\/\/shop.bantam.ch\/wp-content\/uploads\/2025\/02\/Truma9962572.png","type":"image\/png"}],"twitter_card":"summary_large_image","twitter_misc":{"Dur\u00e9e de lecture estim\u00e9e":"2 minutes"},"schema":{"@context":"https:\/\/schema.org","@graph":[{"@type":"WebPage","@id":"https:\/\/shop.bantam.ch\/fr\/produit\/truma-aventa-comfort-2-g-i-blanc\/","url":"https:\/\/shop.bantam.ch\/fr\/produit\/truma-aventa-comfort-2-g-i-blanc\/","name":"Truma Aventa Comfort 2G blanc - Stone - Bantam Wankm\u00fcller SA","isPartOf":{"@id":"https:\/\/shop.bantam.ch\/fr\/#website"},"primaryImageOfPage":{"@id":"https:\/\/shop.bantam.ch\/fr\/produit\/truma-aventa-comfort-2-g-i-blanc\/#primaryimage"},"image":{"@id":"https:\/\/shop.bantam.ch\/fr\/produit\/truma-aventa-comfort-2-g-i-blanc\/#primaryimage"},"thumbnailUrl":"https:\/\/shop.bantam.ch\/wp-content\/uploads\/2025\/02\/Truma9962572.png","datePublished":"2025-02-26T10:28:16+00:00","dateModified":"2026-04-17T21:15:43+00:00","breadcrumb":{"@id":"https:\/\/shop.bantam.ch\/fr\/produit\/truma-aventa-comfort-2-g-i-blanc\/#breadcrumb"},"inLanguage":"fr-FR","potentialAction":[{"@type":"ReadAction","target":["https:\/\/shop.bantam.ch\/fr\/produit\/truma-aventa-comfort-2-g-i-blanc\/"]}]},{"@type":"ImageObject","inLanguage":"fr-FR","@id":"https:\/\/shop.bantam.ch\/fr\/produit\/truma-aventa-comfort-2-g-i-blanc\/#primaryimage","url":"https:\/\/shop.bantam.ch\/wp-content\/uploads\/2025\/02\/Truma9962572.png","contentUrl":"https:\/\/shop.bantam.ch\/wp-content\/uploads\/2025\/02\/Truma9962572.png","width":494,"height":494},{"@type":"BreadcrumbList","@id":"https:\/\/shop.bantam.ch\/fr\/produit\/truma-aventa-comfort-2-g-i-blanc\/#breadcrumb","itemListElement":[{"@type":"ListItem","position":1,"name":"Accueil","item":"https:\/\/shop.bantam.ch\/fr\/"},{"@type":"ListItem","position":2,"name":"Boutique","item":"https:\/\/shop.bantam.ch\/fr\/boutique\/"},{"@type":"ListItem","position":3,"name":"Truma Aventa Comfort 2G blanc &#8211; Stone"}]},{"@type":"WebSite","@id":"https:\/\/shop.bantam.ch\/fr\/#website","url":"https:\/\/shop.bantam.ch\/fr\/","name":"Bantam Wankm\u00fcller SA","description":"","publisher":{"@id":"https:\/\/shop.bantam.ch\/fr\/#organization"},"inLanguage":"fr-FR"},{"@type":"Organization","@id":"https:\/\/shop.bantam.ch\/fr\/#organization","name":"Bantam Wankm\u00fcller SA","url":"https:\/\/shop.bantam.ch\/fr\/","logo":{"@type":"ImageObject","inLanguage":"fr-FR","@id":"https:\/\/shop.bantam.ch\/fr\/#\/schema\/logo\/image\/","url":"https:\/\/shop.bantam.ch\/wp-content\/uploads\/2022\/12\/bantam-logo.png","contentUrl":"https:\/\/shop.bantam.ch\/wp-content\/uploads\/2022\/12\/bantam-logo.png","width":320,"height":71,"caption":"Bantam Wankm\u00fcller SA"},"image":{"@id":"https:\/\/shop.bantam.ch\/fr\/#\/schema\/logo\/image\/"}}]}},"_links":{"self":[{"href":"https:\/\/shop.bantam.ch\/fr\/wp-json\/wp\/v2\/product\/209511","targetHints":{"allow":["GET"]}}],"collection":[{"href":"https:\/\/shop.bantam.ch\/fr\/wp-json\/wp\/v2\/product"}],"about":[{"href":"https:\/\/shop.bantam.ch\/fr\/wp-json\/wp\/v2\/types\/product"}],"wp:featuredmedia":[{"embeddable":true,"href":"https:\/\/shop.bantam.ch\/fr\/wp-json\/wp\/v2\/media\/209513"}],"wp:attachment":[{"href":"https:\/\/shop.bantam.ch\/fr\/wp-json\/wp\/v2\/media?parent=209511"}],"wp:term":[{"taxonomy":"product_featured_cat","embeddable":true,"href":"https:\/\/shop.bantam.ch\/fr\/wp-json\/wp\/v2\/product_featured_cat?post=209511"},{"taxonomy":"product_brand","embeddable":true,"href":"https:\/\/shop.bantam.ch\/fr\/wp-json\/wp\/v2\/product_brand?post=209511"},{"taxonomy":"product_cat","embeddable":true,"href":"https:\/\/shop.bantam.ch\/fr\/wp-json\/wp\/v2\/product_cat?post=209511"},{"taxonomy":"product_tag","embeddable":true,"href":"https:\/\/shop.bantam.ch\/fr\/wp-json\/wp\/v2\/product_tag?post=209511"}],"curies":[{"name":"wp","href":"https:\/\/api.w.org\/{rel}","templated":true}]}}