{"id":202815,"date":"2024-06-14T08:30:29","date_gmt":"2024-06-14T06:30:29","guid":{"rendered":"https:\/\/shop.bantam.ch\/produit\/papa-moll-im-campingfieber\/"},"modified":"2026-03-24T01:37:13","modified_gmt":"2026-03-24T00:37:13","slug":"papa-moll-im-campingfieber","status":"publish","type":"product","link":"https:\/\/shop.bantam.ch\/fr\/produit\/papa-moll-im-campingfieber\/","title":{"rendered":"Papa Moll im Campingfieber"},"content":{"rendered":"<p>Relooker une vieille caravane est un vrai plaisir ! Mais c&rsquo;est aussi beaucoup de travail. Tout le monde doit mettre la main \u00e0 la p\u00e2te. En nettoyant et en rangeant, les enfants trouvent un journal intime. Celui de l&rsquo;oncle de Moll, Jules ! Il y a un secret \u00e0 d\u00e9voiler, qui les m\u00e8ne \u00e0 un magnifique camping au bord d&rsquo;un lac pittoresque. Ils veulent y rester. Ils s&rsquo;installent, font des courses, font des connaissances et, au fil des vacances, chaque membre de la famille fait ses propres exp\u00e9riences. Maman Moll se transforme en crack du yoga et du stand-up paddle, Willy et le teckel Tschips tombent amoureux, Moll devient gardien de terrain &#8211; et l&rsquo;envie irr\u00e9pressible d&rsquo;agir d&rsquo;Evi et de Fritz tient la famille en haleine.Turbulentes, aventureuses, dynamiques et dr\u00f4les sont les nouvelles histoires de Moll. Comme toujours, un plaisir pour les enfants et toute la familleLes histoires et les illustrations sont d\u00e9sormais sign\u00e9es Mirjam Pierig de B\u00e2le.<\/p>\n","protected":false},"excerpt":{"rendered":"<p>Relooker une vieille caravane est un vrai plaisir ! Mais c&rsquo;est aussi beaucoup de travail. Tout le monde doit mettre la main \u00e0 la p\u00e2te. En nettoyant et en rangeant, les enfants trouvent un journal intime. Celui de l&rsquo;oncle de Moll, Jules ! Il y a un secret \u00e0 d\u00e9voiler, qui les m\u00e8ne \u00e0 un [&hellip;]<\/p>\n","protected":false},"featured_media":202813,"template":"","meta":{"_acf_changed":false},"product_featured_cat":[],"product_brand":[3740],"product_cat":[4015,4349],"product_tag":[],"class_list":{"0":"post-202815","1":"product","2":"type-product","3":"status-publish","4":"has-post-thumbnail","6":"product_brand-bantam","7":"product_cat-livres-et-guides-de-voyage","8":"product_cat-livres-specialises","10":"first","11":"instock","12":"taxable","13":"shipping-taxable","14":"purchasable","15":"product-type-simple"},"acf":[],"yoast_head":"<!-- This site is optimized with the Yoast SEO plugin v27.4 - https:\/\/yoast.com\/product\/yoast-seo-wordpress\/ -->\n<title>Papa Moll im Campingfieber - Bantam Wankm\u00fcller SA<\/title>\n<meta name=\"robots\" content=\"index, follow, max-snippet:-1, max-image-preview:large, max-video-preview:-1\" \/>\n<link rel=\"canonical\" href=\"https:\/\/shop.bantam.ch\/fr\/produit\/papa-moll-im-campingfieber\/\" \/>\n<meta property=\"og:locale\" content=\"fr_FR\" \/>\n<meta property=\"og:type\" content=\"article\" \/>\n<meta property=\"og:title\" content=\"Papa Moll im Campingfieber - Bantam Wankm\u00fcller SA\" \/>\n<meta property=\"og:description\" content=\"Relooker une vieille caravane est un vrai plaisir ! Mais c&rsquo;est aussi beaucoup de travail. Tout le monde doit mettre la main \u00e0 la p\u00e2te. En nettoyant et en rangeant, les enfants trouvent un journal intime. Celui de l&rsquo;oncle de Moll, Jules ! Il y a un secret \u00e0 d\u00e9voiler, qui les m\u00e8ne \u00e0 un [&hellip;]\" \/>\n<meta property=\"og:url\" content=\"https:\/\/shop.bantam.ch\/fr\/produit\/papa-moll-im-campingfieber\/\" \/>\n<meta property=\"og:site_name\" content=\"Bantam Wankm\u00fcller SA\" \/>\n<meta property=\"article:modified_time\" content=\"2026-03-24T00:37:13+00:00\" \/>\n<meta property=\"og:image\" content=\"https:\/\/shop.bantam.ch\/wp-content\/uploads\/2024\/06\/PapaMoll_Bd36_Cover-final_Campingfieber.jpg\" \/>\n\t<meta property=\"og:image:width\" content=\"800\" \/>\n\t<meta property=\"og:image:height\" content=\"577\" \/>\n\t<meta property=\"og:image:type\" content=\"image\/jpeg\" \/>\n<meta name=\"twitter:card\" content=\"summary_large_image\" \/>\n<meta name=\"twitter:label1\" content=\"Dur\u00e9e de lecture estim\u00e9e\" \/>\n\t<meta name=\"twitter:data1\" content=\"1 minute\" \/>\n<script type=\"application\/ld+json\" class=\"yoast-schema-graph\">{\"@context\":\"https:\\\/\\\/schema.org\",\"@graph\":[{\"@type\":\"WebPage\",\"@id\":\"https:\\\/\\\/shop.bantam.ch\\\/fr\\\/produit\\\/papa-moll-im-campingfieber\\\/\",\"url\":\"https:\\\/\\\/shop.bantam.ch\\\/fr\\\/produit\\\/papa-moll-im-campingfieber\\\/\",\"name\":\"Papa Moll im Campingfieber - Bantam Wankm\u00fcller SA\",\"isPartOf\":{\"@id\":\"https:\\\/\\\/shop.bantam.ch\\\/fr\\\/#website\"},\"primaryImageOfPage\":{\"@id\":\"https:\\\/\\\/shop.bantam.ch\\\/fr\\\/produit\\\/papa-moll-im-campingfieber\\\/#primaryimage\"},\"image\":{\"@id\":\"https:\\\/\\\/shop.bantam.ch\\\/fr\\\/produit\\\/papa-moll-im-campingfieber\\\/#primaryimage\"},\"thumbnailUrl\":\"https:\\\/\\\/shop.bantam.ch\\\/wp-content\\\/uploads\\\/2024\\\/06\\\/PapaMoll_Bd36_Cover-final_Campingfieber.jpg\",\"datePublished\":\"2024-06-14T06:30:29+00:00\",\"dateModified\":\"2026-03-24T00:37:13+00:00\",\"breadcrumb\":{\"@id\":\"https:\\\/\\\/shop.bantam.ch\\\/fr\\\/produit\\\/papa-moll-im-campingfieber\\\/#breadcrumb\"},\"inLanguage\":\"fr-FR\",\"potentialAction\":[{\"@type\":\"ReadAction\",\"target\":[\"https:\\\/\\\/shop.bantam.ch\\\/fr\\\/produit\\\/papa-moll-im-campingfieber\\\/\"]}]},{\"@type\":\"ImageObject\",\"inLanguage\":\"fr-FR\",\"@id\":\"https:\\\/\\\/shop.bantam.ch\\\/fr\\\/produit\\\/papa-moll-im-campingfieber\\\/#primaryimage\",\"url\":\"https:\\\/\\\/shop.bantam.ch\\\/wp-content\\\/uploads\\\/2024\\\/06\\\/PapaMoll_Bd36_Cover-final_Campingfieber.jpg\",\"contentUrl\":\"https:\\\/\\\/shop.bantam.ch\\\/wp-content\\\/uploads\\\/2024\\\/06\\\/PapaMoll_Bd36_Cover-final_Campingfieber.jpg\",\"width\":800,\"height\":577},{\"@type\":\"BreadcrumbList\",\"@id\":\"https:\\\/\\\/shop.bantam.ch\\\/fr\\\/produit\\\/papa-moll-im-campingfieber\\\/#breadcrumb\",\"itemListElement\":[{\"@type\":\"ListItem\",\"position\":1,\"name\":\"Accueil\",\"item\":\"https:\\\/\\\/shop.bantam.ch\\\/fr\\\/\"},{\"@type\":\"ListItem\",\"position\":2,\"name\":\"Boutique\",\"item\":\"https:\\\/\\\/shop.bantam.ch\\\/fr\\\/boutique\\\/\"},{\"@type\":\"ListItem\",\"position\":3,\"name\":\"Papa Moll im Campingfieber\"}]},{\"@type\":\"WebSite\",\"@id\":\"https:\\\/\\\/shop.bantam.ch\\\/fr\\\/#website\",\"url\":\"https:\\\/\\\/shop.bantam.ch\\\/fr\\\/\",\"name\":\"Bantam Wankm\u00fcller SA\",\"description\":\"\",\"publisher\":{\"@id\":\"https:\\\/\\\/shop.bantam.ch\\\/fr\\\/#organization\"},\"inLanguage\":\"fr-FR\"},{\"@type\":\"Organization\",\"@id\":\"https:\\\/\\\/shop.bantam.ch\\\/fr\\\/#organization\",\"name\":\"Bantam Wankm\u00fcller SA\",\"url\":\"https:\\\/\\\/shop.bantam.ch\\\/fr\\\/\",\"logo\":{\"@type\":\"ImageObject\",\"inLanguage\":\"fr-FR\",\"@id\":\"https:\\\/\\\/shop.bantam.ch\\\/fr\\\/#\\\/schema\\\/logo\\\/image\\\/\",\"url\":\"https:\\\/\\\/shop.bantam.ch\\\/wp-content\\\/uploads\\\/2022\\\/12\\\/bantam-logo.png\",\"contentUrl\":\"https:\\\/\\\/shop.bantam.ch\\\/wp-content\\\/uploads\\\/2022\\\/12\\\/bantam-logo.png\",\"width\":320,\"height\":71,\"caption\":\"Bantam Wankm\u00fcller SA\"},\"image\":{\"@id\":\"https:\\\/\\\/shop.bantam.ch\\\/fr\\\/#\\\/schema\\\/logo\\\/image\\\/\"}}]}<\/script>\n<!-- \/ Yoast SEO plugin. -->","yoast_head_json":{"title":"Papa Moll im Campingfieber - Bantam Wankm\u00fcller SA","robots":{"index":"index","follow":"follow","max-snippet":"max-snippet:-1","max-image-preview":"max-image-preview:large","max-video-preview":"max-video-preview:-1"},"canonical":"https:\/\/shop.bantam.ch\/fr\/produit\/papa-moll-im-campingfieber\/","og_locale":"fr_FR","og_type":"article","og_title":"Papa Moll im Campingfieber - Bantam Wankm\u00fcller SA","og_description":"Relooker une vieille caravane est un vrai plaisir ! Mais c&rsquo;est aussi beaucoup de travail. Tout le monde doit mettre la main \u00e0 la p\u00e2te. En nettoyant et en rangeant, les enfants trouvent un journal intime. Celui de l&rsquo;oncle de Moll, Jules ! Il y a un secret \u00e0 d\u00e9voiler, qui les m\u00e8ne \u00e0 un [&hellip;]","og_url":"https:\/\/shop.bantam.ch\/fr\/produit\/papa-moll-im-campingfieber\/","og_site_name":"Bantam Wankm\u00fcller SA","article_modified_time":"2026-03-24T00:37:13+00:00","og_image":[{"width":800,"height":577,"url":"https:\/\/shop.bantam.ch\/wp-content\/uploads\/2024\/06\/PapaMoll_Bd36_Cover-final_Campingfieber.jpg","type":"image\/jpeg"}],"twitter_card":"summary_large_image","twitter_misc":{"Dur\u00e9e de lecture estim\u00e9e":"1 minute"},"schema":{"@context":"https:\/\/schema.org","@graph":[{"@type":"WebPage","@id":"https:\/\/shop.bantam.ch\/fr\/produit\/papa-moll-im-campingfieber\/","url":"https:\/\/shop.bantam.ch\/fr\/produit\/papa-moll-im-campingfieber\/","name":"Papa Moll im Campingfieber - Bantam Wankm\u00fcller SA","isPartOf":{"@id":"https:\/\/shop.bantam.ch\/fr\/#website"},"primaryImageOfPage":{"@id":"https:\/\/shop.bantam.ch\/fr\/produit\/papa-moll-im-campingfieber\/#primaryimage"},"image":{"@id":"https:\/\/shop.bantam.ch\/fr\/produit\/papa-moll-im-campingfieber\/#primaryimage"},"thumbnailUrl":"https:\/\/shop.bantam.ch\/wp-content\/uploads\/2024\/06\/PapaMoll_Bd36_Cover-final_Campingfieber.jpg","datePublished":"2024-06-14T06:30:29+00:00","dateModified":"2026-03-24T00:37:13+00:00","breadcrumb":{"@id":"https:\/\/shop.bantam.ch\/fr\/produit\/papa-moll-im-campingfieber\/#breadcrumb"},"inLanguage":"fr-FR","potentialAction":[{"@type":"ReadAction","target":["https:\/\/shop.bantam.ch\/fr\/produit\/papa-moll-im-campingfieber\/"]}]},{"@type":"ImageObject","inLanguage":"fr-FR","@id":"https:\/\/shop.bantam.ch\/fr\/produit\/papa-moll-im-campingfieber\/#primaryimage","url":"https:\/\/shop.bantam.ch\/wp-content\/uploads\/2024\/06\/PapaMoll_Bd36_Cover-final_Campingfieber.jpg","contentUrl":"https:\/\/shop.bantam.ch\/wp-content\/uploads\/2024\/06\/PapaMoll_Bd36_Cover-final_Campingfieber.jpg","width":800,"height":577},{"@type":"BreadcrumbList","@id":"https:\/\/shop.bantam.ch\/fr\/produit\/papa-moll-im-campingfieber\/#breadcrumb","itemListElement":[{"@type":"ListItem","position":1,"name":"Accueil","item":"https:\/\/shop.bantam.ch\/fr\/"},{"@type":"ListItem","position":2,"name":"Boutique","item":"https:\/\/shop.bantam.ch\/fr\/boutique\/"},{"@type":"ListItem","position":3,"name":"Papa Moll im Campingfieber"}]},{"@type":"WebSite","@id":"https:\/\/shop.bantam.ch\/fr\/#website","url":"https:\/\/shop.bantam.ch\/fr\/","name":"Bantam Wankm\u00fcller SA","description":"","publisher":{"@id":"https:\/\/shop.bantam.ch\/fr\/#organization"},"inLanguage":"fr-FR"},{"@type":"Organization","@id":"https:\/\/shop.bantam.ch\/fr\/#organization","name":"Bantam Wankm\u00fcller SA","url":"https:\/\/shop.bantam.ch\/fr\/","logo":{"@type":"ImageObject","inLanguage":"fr-FR","@id":"https:\/\/shop.bantam.ch\/fr\/#\/schema\/logo\/image\/","url":"https:\/\/shop.bantam.ch\/wp-content\/uploads\/2022\/12\/bantam-logo.png","contentUrl":"https:\/\/shop.bantam.ch\/wp-content\/uploads\/2022\/12\/bantam-logo.png","width":320,"height":71,"caption":"Bantam Wankm\u00fcller SA"},"image":{"@id":"https:\/\/shop.bantam.ch\/fr\/#\/schema\/logo\/image\/"}}]}},"_links":{"self":[{"href":"https:\/\/shop.bantam.ch\/fr\/wp-json\/wp\/v2\/product\/202815","targetHints":{"allow":["GET"]}}],"collection":[{"href":"https:\/\/shop.bantam.ch\/fr\/wp-json\/wp\/v2\/product"}],"about":[{"href":"https:\/\/shop.bantam.ch\/fr\/wp-json\/wp\/v2\/types\/product"}],"wp:featuredmedia":[{"embeddable":true,"href":"https:\/\/shop.bantam.ch\/fr\/wp-json\/wp\/v2\/media\/202813"}],"wp:attachment":[{"href":"https:\/\/shop.bantam.ch\/fr\/wp-json\/wp\/v2\/media?parent=202815"}],"wp:term":[{"taxonomy":"product_featured_cat","embeddable":true,"href":"https:\/\/shop.bantam.ch\/fr\/wp-json\/wp\/v2\/product_featured_cat?post=202815"},{"taxonomy":"product_brand","embeddable":true,"href":"https:\/\/shop.bantam.ch\/fr\/wp-json\/wp\/v2\/product_brand?post=202815"},{"taxonomy":"product_cat","embeddable":true,"href":"https:\/\/shop.bantam.ch\/fr\/wp-json\/wp\/v2\/product_cat?post=202815"},{"taxonomy":"product_tag","embeddable":true,"href":"https:\/\/shop.bantam.ch\/fr\/wp-json\/wp\/v2\/product_tag?post=202815"}],"curies":[{"name":"wp","href":"https:\/\/api.w.org\/{rel}","templated":true}]}}