{"id":202635,"date":"2024-06-05T11:39:40","date_gmt":"2024-06-05T09:39:40","guid":{"rendered":"https:\/\/shop.bantam.ch\/produit\/tente-de-bus-picco\/"},"modified":"2026-04-17T23:15:36","modified_gmt":"2026-04-17T21:15:36","slug":"tente-de-bus-picco","status":"publish","type":"product","link":"https:\/\/shop.bantam.ch\/fr\/produit\/tente-de-bus-picco\/","title":{"rendered":"Tente de bus Picco"},"content":{"rendered":"<p>Pour les bus avec une hauteur de goutti\u00e8re de 180 \u00e0 220 cm.<\/p>\n<p>Mat\u00e9riau :<br \/>\nTexolan 30, enduit de PU.<\/p>\n<p>Paroi avant :<br \/>\nDeux fen\u00eatres \u00e0 film transparent, \u00e9quip\u00e9es de rideaux ; entr\u00e9e enroulable vers le haut et pouvant \u00eatre d\u00e9ploy\u00e9e comme toit solaire. Au-dessus de la porte d&rsquo;entr\u00e9e se trouve un insert en gaze avec une hotte d&rsquo;a\u00e9ration amovible.<\/p>\n<p>Parois lat\u00e9rales :<br \/>\nchacune avec fen\u00eatre d&rsquo;a\u00e9ration (gaze\/film transparent), pouvant \u00eatre ferm\u00e9e par un rabat en tissu et une fermeture \u00e0 glissi\u00e8re, paroi lat\u00e9rale droite pouvant \u00eatre enroul\u00e9e vers le haut, relevable.<\/p>\n<p>Paroi arri\u00e8re : \u00e0 monter :<br \/>\nenroulable vers le haut ; sas de liaison avec ourlet creux pour barre de sas et pr\u00e9paration pour insertion de bourrelet. Voir aussi les descriptions d\u00e9taill\u00e9es pour la fixation au v\u00e9hicule !<\/p>\n<p>\u00c9quipement :<br \/>\nCoutures soud\u00e9es \u00e0 l&rsquo;int\u00e9rieur, bande de terre \u00e0 l&rsquo;ext\u00e9rieur.<\/p>\n<p>Armatures :<br \/>\nArmature Longlife (fibre de verre enrob\u00e9e) 12,7 mm, avec deux barres de toit t\u00e9lescopiques et barre de sas en acier, 2 barres de relevage.<\/p>\n","protected":false},"excerpt":{"rendered":"<p>Pour les bus avec une hauteur de goutti\u00e8re de 180 \u00e0 220 cm. Mat\u00e9riau : Texolan 30, enduit de PU. Paroi avant : Deux fen\u00eatres \u00e0 film transparent, \u00e9quip\u00e9es de rideaux ; entr\u00e9e enroulable vers le haut et pouvant \u00eatre d\u00e9ploy\u00e9e comme toit solaire. Au-dessus de la porte d&rsquo;entr\u00e9e se trouve un insert en gaze [&hellip;]<\/p>\n","protected":false},"featured_media":202637,"template":"","meta":{"_acf_changed":false},"product_featured_cat":[],"product_brand":[3686],"product_cat":[3949,4241,3979],"product_tag":[],"class_list":{"0":"post-202635","1":"product","2":"type-product","3":"status-publish","4":"has-post-thumbnail","6":"product_brand-dwt","7":"product_cat-tentes","8":"product_cat-tentes-fonctionnelles","9":"product_cat-tentes-pour-vehicules","11":"first","12":"instock","13":"taxable","14":"shipping-taxable","15":"purchasable","16":"product-type-simple"},"acf":[],"yoast_head":"<!-- This site is optimized with the Yoast SEO plugin v27.4 - https:\/\/yoast.com\/product\/yoast-seo-wordpress\/ -->\n<title>Tente de bus Picco - Bantam Wankm\u00fcller SA<\/title>\n<meta name=\"robots\" content=\"index, follow, max-snippet:-1, max-image-preview:large, max-video-preview:-1\" \/>\n<link rel=\"canonical\" href=\"https:\/\/shop.bantam.ch\/fr\/produit\/tente-de-bus-picco\/\" \/>\n<meta property=\"og:locale\" content=\"fr_FR\" \/>\n<meta property=\"og:type\" content=\"article\" \/>\n<meta property=\"og:title\" content=\"Tente de bus Picco - Bantam Wankm\u00fcller SA\" \/>\n<meta property=\"og:description\" content=\"Pour les bus avec une hauteur de goutti\u00e8re de 180 \u00e0 220 cm. Mat\u00e9riau : Texolan 30, enduit de PU. Paroi avant : Deux fen\u00eatres \u00e0 film transparent, \u00e9quip\u00e9es de rideaux ; entr\u00e9e enroulable vers le haut et pouvant \u00eatre d\u00e9ploy\u00e9e comme toit solaire. Au-dessus de la porte d&rsquo;entr\u00e9e se trouve un insert en gaze [&hellip;]\" \/>\n<meta property=\"og:url\" content=\"https:\/\/shop.bantam.ch\/fr\/produit\/tente-de-bus-picco\/\" \/>\n<meta property=\"og:site_name\" content=\"Bantam Wankm\u00fcller SA\" \/>\n<meta property=\"article:modified_time\" content=\"2026-04-17T21:15:36+00:00\" \/>\n<meta name=\"twitter:card\" content=\"summary_large_image\" \/>\n<meta name=\"twitter:label1\" content=\"Dur\u00e9e de lecture estim\u00e9e\" \/>\n\t<meta name=\"twitter:data1\" content=\"1 minute\" \/>\n<script type=\"application\/ld+json\" class=\"yoast-schema-graph\">{\"@context\":\"https:\\\/\\\/schema.org\",\"@graph\":[{\"@type\":\"WebPage\",\"@id\":\"https:\\\/\\\/shop.bantam.ch\\\/fr\\\/produit\\\/tente-de-bus-picco\\\/\",\"url\":\"https:\\\/\\\/shop.bantam.ch\\\/fr\\\/produit\\\/tente-de-bus-picco\\\/\",\"name\":\"Tente de bus Picco - Bantam Wankm\u00fcller SA\",\"isPartOf\":{\"@id\":\"https:\\\/\\\/shop.bantam.ch\\\/fr\\\/#website\"},\"primaryImageOfPage\":{\"@id\":\"https:\\\/\\\/shop.bantam.ch\\\/fr\\\/produit\\\/tente-de-bus-picco\\\/#primaryimage\"},\"image\":{\"@id\":\"https:\\\/\\\/shop.bantam.ch\\\/fr\\\/produit\\\/tente-de-bus-picco\\\/#primaryimage\"},\"thumbnailUrl\":\"https:\\\/\\\/shop.bantam.ch\\\/wp-content\\\/uploads\\\/2024\\\/06\\\/buehne_speed_air_caravan_easy.jpg\",\"datePublished\":\"2024-06-05T09:39:40+00:00\",\"dateModified\":\"2026-04-17T21:15:36+00:00\",\"breadcrumb\":{\"@id\":\"https:\\\/\\\/shop.bantam.ch\\\/fr\\\/produit\\\/tente-de-bus-picco\\\/#breadcrumb\"},\"inLanguage\":\"fr-FR\",\"potentialAction\":[{\"@type\":\"ReadAction\",\"target\":[\"https:\\\/\\\/shop.bantam.ch\\\/fr\\\/produit\\\/tente-de-bus-picco\\\/\"]}]},{\"@type\":\"ImageObject\",\"inLanguage\":\"fr-FR\",\"@id\":\"https:\\\/\\\/shop.bantam.ch\\\/fr\\\/produit\\\/tente-de-bus-picco\\\/#primaryimage\",\"url\":\"https:\\\/\\\/shop.bantam.ch\\\/wp-content\\\/uploads\\\/2024\\\/06\\\/buehne_speed_air_caravan_easy.jpg\",\"contentUrl\":\"https:\\\/\\\/shop.bantam.ch\\\/wp-content\\\/uploads\\\/2024\\\/06\\\/buehne_speed_air_caravan_easy.jpg\",\"width\":1950,\"height\":691},{\"@type\":\"BreadcrumbList\",\"@id\":\"https:\\\/\\\/shop.bantam.ch\\\/fr\\\/produit\\\/tente-de-bus-picco\\\/#breadcrumb\",\"itemListElement\":[{\"@type\":\"ListItem\",\"position\":1,\"name\":\"Accueil\",\"item\":\"https:\\\/\\\/shop.bantam.ch\\\/fr\\\/\"},{\"@type\":\"ListItem\",\"position\":2,\"name\":\"Boutique\",\"item\":\"https:\\\/\\\/shop.bantam.ch\\\/fr\\\/boutique\\\/\"},{\"@type\":\"ListItem\",\"position\":3,\"name\":\"Tente de bus Picco\"}]},{\"@type\":\"WebSite\",\"@id\":\"https:\\\/\\\/shop.bantam.ch\\\/fr\\\/#website\",\"url\":\"https:\\\/\\\/shop.bantam.ch\\\/fr\\\/\",\"name\":\"Bantam Wankm\u00fcller SA\",\"description\":\"\",\"publisher\":{\"@id\":\"https:\\\/\\\/shop.bantam.ch\\\/fr\\\/#organization\"},\"inLanguage\":\"fr-FR\"},{\"@type\":\"Organization\",\"@id\":\"https:\\\/\\\/shop.bantam.ch\\\/fr\\\/#organization\",\"name\":\"Bantam Wankm\u00fcller SA\",\"url\":\"https:\\\/\\\/shop.bantam.ch\\\/fr\\\/\",\"logo\":{\"@type\":\"ImageObject\",\"inLanguage\":\"fr-FR\",\"@id\":\"https:\\\/\\\/shop.bantam.ch\\\/fr\\\/#\\\/schema\\\/logo\\\/image\\\/\",\"url\":\"https:\\\/\\\/shop.bantam.ch\\\/wp-content\\\/uploads\\\/2022\\\/12\\\/bantam-logo.png\",\"contentUrl\":\"https:\\\/\\\/shop.bantam.ch\\\/wp-content\\\/uploads\\\/2022\\\/12\\\/bantam-logo.png\",\"width\":320,\"height\":71,\"caption\":\"Bantam Wankm\u00fcller SA\"},\"image\":{\"@id\":\"https:\\\/\\\/shop.bantam.ch\\\/fr\\\/#\\\/schema\\\/logo\\\/image\\\/\"}}]}<\/script>\n<!-- \/ Yoast SEO plugin. -->","yoast_head_json":{"title":"Tente de bus Picco - Bantam Wankm\u00fcller SA","robots":{"index":"index","follow":"follow","max-snippet":"max-snippet:-1","max-image-preview":"max-image-preview:large","max-video-preview":"max-video-preview:-1"},"canonical":"https:\/\/shop.bantam.ch\/fr\/produit\/tente-de-bus-picco\/","og_locale":"fr_FR","og_type":"article","og_title":"Tente de bus Picco - Bantam Wankm\u00fcller SA","og_description":"Pour les bus avec une hauteur de goutti\u00e8re de 180 \u00e0 220 cm. Mat\u00e9riau : Texolan 30, enduit de PU. Paroi avant : Deux fen\u00eatres \u00e0 film transparent, \u00e9quip\u00e9es de rideaux ; entr\u00e9e enroulable vers le haut et pouvant \u00eatre d\u00e9ploy\u00e9e comme toit solaire. Au-dessus de la porte d&rsquo;entr\u00e9e se trouve un insert en gaze [&hellip;]","og_url":"https:\/\/shop.bantam.ch\/fr\/produit\/tente-de-bus-picco\/","og_site_name":"Bantam Wankm\u00fcller SA","article_modified_time":"2026-04-17T21:15:36+00:00","twitter_card":"summary_large_image","twitter_misc":{"Dur\u00e9e de lecture estim\u00e9e":"1 minute"},"schema":{"@context":"https:\/\/schema.org","@graph":[{"@type":"WebPage","@id":"https:\/\/shop.bantam.ch\/fr\/produit\/tente-de-bus-picco\/","url":"https:\/\/shop.bantam.ch\/fr\/produit\/tente-de-bus-picco\/","name":"Tente de bus Picco - Bantam Wankm\u00fcller SA","isPartOf":{"@id":"https:\/\/shop.bantam.ch\/fr\/#website"},"primaryImageOfPage":{"@id":"https:\/\/shop.bantam.ch\/fr\/produit\/tente-de-bus-picco\/#primaryimage"},"image":{"@id":"https:\/\/shop.bantam.ch\/fr\/produit\/tente-de-bus-picco\/#primaryimage"},"thumbnailUrl":"https:\/\/shop.bantam.ch\/wp-content\/uploads\/2024\/06\/buehne_speed_air_caravan_easy.jpg","datePublished":"2024-06-05T09:39:40+00:00","dateModified":"2026-04-17T21:15:36+00:00","breadcrumb":{"@id":"https:\/\/shop.bantam.ch\/fr\/produit\/tente-de-bus-picco\/#breadcrumb"},"inLanguage":"fr-FR","potentialAction":[{"@type":"ReadAction","target":["https:\/\/shop.bantam.ch\/fr\/produit\/tente-de-bus-picco\/"]}]},{"@type":"ImageObject","inLanguage":"fr-FR","@id":"https:\/\/shop.bantam.ch\/fr\/produit\/tente-de-bus-picco\/#primaryimage","url":"https:\/\/shop.bantam.ch\/wp-content\/uploads\/2024\/06\/buehne_speed_air_caravan_easy.jpg","contentUrl":"https:\/\/shop.bantam.ch\/wp-content\/uploads\/2024\/06\/buehne_speed_air_caravan_easy.jpg","width":1950,"height":691},{"@type":"BreadcrumbList","@id":"https:\/\/shop.bantam.ch\/fr\/produit\/tente-de-bus-picco\/#breadcrumb","itemListElement":[{"@type":"ListItem","position":1,"name":"Accueil","item":"https:\/\/shop.bantam.ch\/fr\/"},{"@type":"ListItem","position":2,"name":"Boutique","item":"https:\/\/shop.bantam.ch\/fr\/boutique\/"},{"@type":"ListItem","position":3,"name":"Tente de bus Picco"}]},{"@type":"WebSite","@id":"https:\/\/shop.bantam.ch\/fr\/#website","url":"https:\/\/shop.bantam.ch\/fr\/","name":"Bantam Wankm\u00fcller SA","description":"","publisher":{"@id":"https:\/\/shop.bantam.ch\/fr\/#organization"},"inLanguage":"fr-FR"},{"@type":"Organization","@id":"https:\/\/shop.bantam.ch\/fr\/#organization","name":"Bantam Wankm\u00fcller SA","url":"https:\/\/shop.bantam.ch\/fr\/","logo":{"@type":"ImageObject","inLanguage":"fr-FR","@id":"https:\/\/shop.bantam.ch\/fr\/#\/schema\/logo\/image\/","url":"https:\/\/shop.bantam.ch\/wp-content\/uploads\/2022\/12\/bantam-logo.png","contentUrl":"https:\/\/shop.bantam.ch\/wp-content\/uploads\/2022\/12\/bantam-logo.png","width":320,"height":71,"caption":"Bantam Wankm\u00fcller SA"},"image":{"@id":"https:\/\/shop.bantam.ch\/fr\/#\/schema\/logo\/image\/"}}]}},"_links":{"self":[{"href":"https:\/\/shop.bantam.ch\/fr\/wp-json\/wp\/v2\/product\/202635","targetHints":{"allow":["GET"]}}],"collection":[{"href":"https:\/\/shop.bantam.ch\/fr\/wp-json\/wp\/v2\/product"}],"about":[{"href":"https:\/\/shop.bantam.ch\/fr\/wp-json\/wp\/v2\/types\/product"}],"wp:featuredmedia":[{"embeddable":true,"href":"https:\/\/shop.bantam.ch\/fr\/wp-json\/wp\/v2\/media\/202637"}],"wp:attachment":[{"href":"https:\/\/shop.bantam.ch\/fr\/wp-json\/wp\/v2\/media?parent=202635"}],"wp:term":[{"taxonomy":"product_featured_cat","embeddable":true,"href":"https:\/\/shop.bantam.ch\/fr\/wp-json\/wp\/v2\/product_featured_cat?post=202635"},{"taxonomy":"product_brand","embeddable":true,"href":"https:\/\/shop.bantam.ch\/fr\/wp-json\/wp\/v2\/product_brand?post=202635"},{"taxonomy":"product_cat","embeddable":true,"href":"https:\/\/shop.bantam.ch\/fr\/wp-json\/wp\/v2\/product_cat?post=202635"},{"taxonomy":"product_tag","embeddable":true,"href":"https:\/\/shop.bantam.ch\/fr\/wp-json\/wp\/v2\/product_tag?post=202635"}],"curies":[{"name":"wp","href":"https:\/\/api.w.org\/{rel}","templated":true}]}}