{"id":202418,"date":"2024-05-29T09:55:28","date_gmt":"2024-05-29T07:55:28","guid":{"rendered":"https:\/\/shop.bantam.ch\/produit\/evapolar-evalight-plus\/"},"modified":"2026-04-17T23:15:35","modified_gmt":"2026-04-17T21:15:35","slug":"evapolar-evalight-plus","status":"publish","type":"product","link":"https:\/\/shop.bantam.ch\/fr\/produit\/evapolar-evalight-plus\/","title":{"rendered":"Evapolar evaLIGHT Plus"},"content":{"rendered":"<p>Le premier climatiseur personnel evaLIGHT humidifie, purifie et rafra\u00eechit l&rsquo;air jusqu&rsquo;\u00e0 17\u00b0C.<br \/>\nRafra\u00eechit<br \/>\nGr\u00e2ce \u00e0 l&rsquo;\u00e9vaporation de l&rsquo;eau sans aucun additif chimique, la temp\u00e9rature de l&rsquo;air est abaiss\u00e9e dans votre espace personnel, que ce soit au travail, dans la chambre \u00e0 coucher ou dans la chambre des enfants.<br \/>\nHumidifie l&rsquo;air<br \/>\nL&rsquo;enrichissement de l&rsquo;air avec l&rsquo;eau \u00e9vapor\u00e9e est une solution naturelle contre l&rsquo;air sec de l&rsquo;hiver et du chauffage &#8211; id\u00e9al pour la peau, les cheveux et les voies respiratoires.<br \/>\nPortable<br \/>\nPeut fonctionner n&rsquo;importe o\u00f9 gr\u00e2ce \u00e0 l&rsquo;alimentation USB ou au raccordement au secteur<br \/>\nPurifie<br \/>\nL&rsquo;eau est le filtre biologique de la Terre. Elle d\u00e9tache les particules de poussi\u00e8re de l&rsquo;air et les lie au lieu de les disperser plus loin dans la pi\u00e8ce &#8211; cet effet am\u00e9liore \u00e9galement la qualit\u00e9 de l&rsquo;air et permet de respirer plus sainement.<br \/>\nRespectueux de l&rsquo;environnement<br \/>\nUtilise uniquement de l&rsquo;eau et aucun liquide chimique toxique, ne consomme que 10 W d&rsquo;\u00e9lectricit\u00e9. Utilise des pastilles d&rsquo;\u00e9vaporation enti\u00e8rement biod\u00e9gradables.<br \/>\n\u00c9l\u00e9gant<br \/>\nevaLIGHT est une v\u00e9ritable pi\u00e8ce de design &#8211; \u00e9l\u00e9gante, compacte et styl\u00e9e.<\/p>\n","protected":false},"excerpt":{"rendered":"<p>Le premier climatiseur personnel evaLIGHT humidifie, purifie et rafra\u00eechit l&rsquo;air jusqu&rsquo;\u00e0 17\u00b0C. Rafra\u00eechit Gr\u00e2ce \u00e0 l&rsquo;\u00e9vaporation de l&rsquo;eau sans aucun additif chimique, la temp\u00e9rature de l&rsquo;air est abaiss\u00e9e dans votre espace personnel, que ce soit au travail, dans la chambre \u00e0 coucher ou dans la chambre des enfants. Humidifie l&rsquo;air L&rsquo;enrichissement de l&rsquo;air avec l&rsquo;eau [&hellip;]<\/p>\n","protected":false},"featured_media":202416,"template":"","meta":{"_acf_changed":false},"product_featured_cat":[],"product_brand":[5333],"product_cat":[4557,4089],"product_tag":[],"class_list":{"0":"post-202418","1":"product","2":"type-product","3":"status-publish","4":"has-post-thumbnail","6":"product_brand-evapolar","7":"product_cat-accessoires-de-climatisations","8":"product_cat-climatisations","10":"first","11":"instock","12":"taxable","13":"shipping-taxable","14":"purchasable","15":"product-type-simple"},"acf":[],"yoast_head":"<!-- This site is optimized with the Yoast SEO plugin v27.4 - https:\/\/yoast.com\/product\/yoast-seo-wordpress\/ -->\n<title>Evapolar evaLIGHT Plus - Bantam Wankm\u00fcller SA<\/title>\n<meta name=\"robots\" content=\"index, follow, max-snippet:-1, max-image-preview:large, max-video-preview:-1\" \/>\n<link rel=\"canonical\" href=\"https:\/\/shop.bantam.ch\/fr\/produit\/evapolar-evalight-plus\/\" \/>\n<meta property=\"og:locale\" content=\"fr_FR\" \/>\n<meta property=\"og:type\" content=\"article\" \/>\n<meta property=\"og:title\" content=\"Evapolar evaLIGHT Plus - Bantam Wankm\u00fcller SA\" \/>\n<meta property=\"og:description\" content=\"Le premier climatiseur personnel evaLIGHT humidifie, purifie et rafra\u00eechit l&rsquo;air jusqu&rsquo;\u00e0 17\u00b0C. Rafra\u00eechit Gr\u00e2ce \u00e0 l&rsquo;\u00e9vaporation de l&rsquo;eau sans aucun additif chimique, la temp\u00e9rature de l&rsquo;air est abaiss\u00e9e dans votre espace personnel, que ce soit au travail, dans la chambre \u00e0 coucher ou dans la chambre des enfants. Humidifie l&rsquo;air L&rsquo;enrichissement de l&rsquo;air avec l&rsquo;eau [&hellip;]\" \/>\n<meta property=\"og:url\" content=\"https:\/\/shop.bantam.ch\/fr\/produit\/evapolar-evalight-plus\/\" \/>\n<meta property=\"og:site_name\" content=\"Bantam Wankm\u00fcller SA\" \/>\n<meta property=\"article:modified_time\" content=\"2026-04-17T21:15:35+00:00\" \/>\n<meta property=\"og:image\" content=\"https:\/\/shop.bantam.ch\/wp-content\/uploads\/2024\/05\/slide_01.jpg\" \/>\n\t<meta property=\"og:image:width\" content=\"1440\" \/>\n\t<meta property=\"og:image:height\" content=\"810\" \/>\n\t<meta property=\"og:image:type\" content=\"image\/jpeg\" \/>\n<meta name=\"twitter:card\" content=\"summary_large_image\" \/>\n<meta name=\"twitter:label1\" content=\"Dur\u00e9e de lecture estim\u00e9e\" \/>\n\t<meta name=\"twitter:data1\" content=\"1 minute\" \/>\n<script type=\"application\/ld+json\" class=\"yoast-schema-graph\">{\"@context\":\"https:\\\/\\\/schema.org\",\"@graph\":[{\"@type\":\"WebPage\",\"@id\":\"https:\\\/\\\/shop.bantam.ch\\\/fr\\\/produit\\\/evapolar-evalight-plus\\\/\",\"url\":\"https:\\\/\\\/shop.bantam.ch\\\/fr\\\/produit\\\/evapolar-evalight-plus\\\/\",\"name\":\"Evapolar evaLIGHT Plus - Bantam Wankm\u00fcller SA\",\"isPartOf\":{\"@id\":\"https:\\\/\\\/shop.bantam.ch\\\/fr\\\/#website\"},\"primaryImageOfPage\":{\"@id\":\"https:\\\/\\\/shop.bantam.ch\\\/fr\\\/produit\\\/evapolar-evalight-plus\\\/#primaryimage\"},\"image\":{\"@id\":\"https:\\\/\\\/shop.bantam.ch\\\/fr\\\/produit\\\/evapolar-evalight-plus\\\/#primaryimage\"},\"thumbnailUrl\":\"https:\\\/\\\/shop.bantam.ch\\\/wp-content\\\/uploads\\\/2024\\\/05\\\/slide_01.jpg\",\"datePublished\":\"2024-05-29T07:55:28+00:00\",\"dateModified\":\"2026-04-17T21:15:35+00:00\",\"breadcrumb\":{\"@id\":\"https:\\\/\\\/shop.bantam.ch\\\/fr\\\/produit\\\/evapolar-evalight-plus\\\/#breadcrumb\"},\"inLanguage\":\"fr-FR\",\"potentialAction\":[{\"@type\":\"ReadAction\",\"target\":[\"https:\\\/\\\/shop.bantam.ch\\\/fr\\\/produit\\\/evapolar-evalight-plus\\\/\"]}]},{\"@type\":\"ImageObject\",\"inLanguage\":\"fr-FR\",\"@id\":\"https:\\\/\\\/shop.bantam.ch\\\/fr\\\/produit\\\/evapolar-evalight-plus\\\/#primaryimage\",\"url\":\"https:\\\/\\\/shop.bantam.ch\\\/wp-content\\\/uploads\\\/2024\\\/05\\\/slide_01.jpg\",\"contentUrl\":\"https:\\\/\\\/shop.bantam.ch\\\/wp-content\\\/uploads\\\/2024\\\/05\\\/slide_01.jpg\",\"width\":1440,\"height\":810},{\"@type\":\"BreadcrumbList\",\"@id\":\"https:\\\/\\\/shop.bantam.ch\\\/fr\\\/produit\\\/evapolar-evalight-plus\\\/#breadcrumb\",\"itemListElement\":[{\"@type\":\"ListItem\",\"position\":1,\"name\":\"Accueil\",\"item\":\"https:\\\/\\\/shop.bantam.ch\\\/fr\\\/\"},{\"@type\":\"ListItem\",\"position\":2,\"name\":\"Boutique\",\"item\":\"https:\\\/\\\/shop.bantam.ch\\\/fr\\\/boutique\\\/\"},{\"@type\":\"ListItem\",\"position\":3,\"name\":\"Evapolar evaLIGHT Plus\"}]},{\"@type\":\"WebSite\",\"@id\":\"https:\\\/\\\/shop.bantam.ch\\\/fr\\\/#website\",\"url\":\"https:\\\/\\\/shop.bantam.ch\\\/fr\\\/\",\"name\":\"Bantam Wankm\u00fcller SA\",\"description\":\"\",\"publisher\":{\"@id\":\"https:\\\/\\\/shop.bantam.ch\\\/fr\\\/#organization\"},\"inLanguage\":\"fr-FR\"},{\"@type\":\"Organization\",\"@id\":\"https:\\\/\\\/shop.bantam.ch\\\/fr\\\/#organization\",\"name\":\"Bantam Wankm\u00fcller SA\",\"url\":\"https:\\\/\\\/shop.bantam.ch\\\/fr\\\/\",\"logo\":{\"@type\":\"ImageObject\",\"inLanguage\":\"fr-FR\",\"@id\":\"https:\\\/\\\/shop.bantam.ch\\\/fr\\\/#\\\/schema\\\/logo\\\/image\\\/\",\"url\":\"https:\\\/\\\/shop.bantam.ch\\\/wp-content\\\/uploads\\\/2022\\\/12\\\/bantam-logo.png\",\"contentUrl\":\"https:\\\/\\\/shop.bantam.ch\\\/wp-content\\\/uploads\\\/2022\\\/12\\\/bantam-logo.png\",\"width\":320,\"height\":71,\"caption\":\"Bantam Wankm\u00fcller SA\"},\"image\":{\"@id\":\"https:\\\/\\\/shop.bantam.ch\\\/fr\\\/#\\\/schema\\\/logo\\\/image\\\/\"}}]}<\/script>\n<!-- \/ Yoast SEO plugin. -->","yoast_head_json":{"title":"Evapolar evaLIGHT Plus - Bantam Wankm\u00fcller SA","robots":{"index":"index","follow":"follow","max-snippet":"max-snippet:-1","max-image-preview":"max-image-preview:large","max-video-preview":"max-video-preview:-1"},"canonical":"https:\/\/shop.bantam.ch\/fr\/produit\/evapolar-evalight-plus\/","og_locale":"fr_FR","og_type":"article","og_title":"Evapolar evaLIGHT Plus - Bantam Wankm\u00fcller SA","og_description":"Le premier climatiseur personnel evaLIGHT humidifie, purifie et rafra\u00eechit l&rsquo;air jusqu&rsquo;\u00e0 17\u00b0C. Rafra\u00eechit Gr\u00e2ce \u00e0 l&rsquo;\u00e9vaporation de l&rsquo;eau sans aucun additif chimique, la temp\u00e9rature de l&rsquo;air est abaiss\u00e9e dans votre espace personnel, que ce soit au travail, dans la chambre \u00e0 coucher ou dans la chambre des enfants. Humidifie l&rsquo;air L&rsquo;enrichissement de l&rsquo;air avec l&rsquo;eau [&hellip;]","og_url":"https:\/\/shop.bantam.ch\/fr\/produit\/evapolar-evalight-plus\/","og_site_name":"Bantam Wankm\u00fcller SA","article_modified_time":"2026-04-17T21:15:35+00:00","og_image":[{"width":1440,"height":810,"url":"https:\/\/shop.bantam.ch\/wp-content\/uploads\/2024\/05\/slide_01.jpg","type":"image\/jpeg"}],"twitter_card":"summary_large_image","twitter_misc":{"Dur\u00e9e de lecture estim\u00e9e":"1 minute"},"schema":{"@context":"https:\/\/schema.org","@graph":[{"@type":"WebPage","@id":"https:\/\/shop.bantam.ch\/fr\/produit\/evapolar-evalight-plus\/","url":"https:\/\/shop.bantam.ch\/fr\/produit\/evapolar-evalight-plus\/","name":"Evapolar evaLIGHT Plus - Bantam Wankm\u00fcller SA","isPartOf":{"@id":"https:\/\/shop.bantam.ch\/fr\/#website"},"primaryImageOfPage":{"@id":"https:\/\/shop.bantam.ch\/fr\/produit\/evapolar-evalight-plus\/#primaryimage"},"image":{"@id":"https:\/\/shop.bantam.ch\/fr\/produit\/evapolar-evalight-plus\/#primaryimage"},"thumbnailUrl":"https:\/\/shop.bantam.ch\/wp-content\/uploads\/2024\/05\/slide_01.jpg","datePublished":"2024-05-29T07:55:28+00:00","dateModified":"2026-04-17T21:15:35+00:00","breadcrumb":{"@id":"https:\/\/shop.bantam.ch\/fr\/produit\/evapolar-evalight-plus\/#breadcrumb"},"inLanguage":"fr-FR","potentialAction":[{"@type":"ReadAction","target":["https:\/\/shop.bantam.ch\/fr\/produit\/evapolar-evalight-plus\/"]}]},{"@type":"ImageObject","inLanguage":"fr-FR","@id":"https:\/\/shop.bantam.ch\/fr\/produit\/evapolar-evalight-plus\/#primaryimage","url":"https:\/\/shop.bantam.ch\/wp-content\/uploads\/2024\/05\/slide_01.jpg","contentUrl":"https:\/\/shop.bantam.ch\/wp-content\/uploads\/2024\/05\/slide_01.jpg","width":1440,"height":810},{"@type":"BreadcrumbList","@id":"https:\/\/shop.bantam.ch\/fr\/produit\/evapolar-evalight-plus\/#breadcrumb","itemListElement":[{"@type":"ListItem","position":1,"name":"Accueil","item":"https:\/\/shop.bantam.ch\/fr\/"},{"@type":"ListItem","position":2,"name":"Boutique","item":"https:\/\/shop.bantam.ch\/fr\/boutique\/"},{"@type":"ListItem","position":3,"name":"Evapolar evaLIGHT Plus"}]},{"@type":"WebSite","@id":"https:\/\/shop.bantam.ch\/fr\/#website","url":"https:\/\/shop.bantam.ch\/fr\/","name":"Bantam Wankm\u00fcller SA","description":"","publisher":{"@id":"https:\/\/shop.bantam.ch\/fr\/#organization"},"inLanguage":"fr-FR"},{"@type":"Organization","@id":"https:\/\/shop.bantam.ch\/fr\/#organization","name":"Bantam Wankm\u00fcller SA","url":"https:\/\/shop.bantam.ch\/fr\/","logo":{"@type":"ImageObject","inLanguage":"fr-FR","@id":"https:\/\/shop.bantam.ch\/fr\/#\/schema\/logo\/image\/","url":"https:\/\/shop.bantam.ch\/wp-content\/uploads\/2022\/12\/bantam-logo.png","contentUrl":"https:\/\/shop.bantam.ch\/wp-content\/uploads\/2022\/12\/bantam-logo.png","width":320,"height":71,"caption":"Bantam Wankm\u00fcller SA"},"image":{"@id":"https:\/\/shop.bantam.ch\/fr\/#\/schema\/logo\/image\/"}}]}},"_links":{"self":[{"href":"https:\/\/shop.bantam.ch\/fr\/wp-json\/wp\/v2\/product\/202418","targetHints":{"allow":["GET"]}}],"collection":[{"href":"https:\/\/shop.bantam.ch\/fr\/wp-json\/wp\/v2\/product"}],"about":[{"href":"https:\/\/shop.bantam.ch\/fr\/wp-json\/wp\/v2\/types\/product"}],"wp:featuredmedia":[{"embeddable":true,"href":"https:\/\/shop.bantam.ch\/fr\/wp-json\/wp\/v2\/media\/202416"}],"wp:attachment":[{"href":"https:\/\/shop.bantam.ch\/fr\/wp-json\/wp\/v2\/media?parent=202418"}],"wp:term":[{"taxonomy":"product_featured_cat","embeddable":true,"href":"https:\/\/shop.bantam.ch\/fr\/wp-json\/wp\/v2\/product_featured_cat?post=202418"},{"taxonomy":"product_brand","embeddable":true,"href":"https:\/\/shop.bantam.ch\/fr\/wp-json\/wp\/v2\/product_brand?post=202418"},{"taxonomy":"product_cat","embeddable":true,"href":"https:\/\/shop.bantam.ch\/fr\/wp-json\/wp\/v2\/product_cat?post=202418"},{"taxonomy":"product_tag","embeddable":true,"href":"https:\/\/shop.bantam.ch\/fr\/wp-json\/wp\/v2\/product_tag?post=202418"}],"curies":[{"name":"wp","href":"https:\/\/api.w.org\/{rel}","templated":true}]}}