{"id":202001,"date":"2024-05-15T18:18:19","date_gmt":"2024-05-15T16:18:19","guid":{"rendered":"https:\/\/shop.bantam.ch\/produit\/menagere-klikk-3-pieces\/"},"modified":"2026-04-20T01:44:55","modified_gmt":"2026-04-19T23:44:55","slug":"menagere-klikk-3-pieces","status":"publish","type":"product","link":"https:\/\/shop.bantam.ch\/fr\/produit\/menagere-klikk-3-pieces\/","title":{"rendered":"M\u00e9nag\u00e8re KLIKK 3 pi\u00e8ces."},"content":{"rendered":"<p>Un couteau, une fourchette, une cuill\u00e8re &#8211; c&rsquo;est tout. Il existe enfin des couverts \u00e0 emporter raisonnables, sans fioritures et de taille raisonnable. Plus besoin de porter les aliments en \u00e9quilibre \u00e0 la bouche ! Toutes les pi\u00e8ces s&#8217;embo\u00eetent et se d\u00e9montent sans grand myst\u00e8re. Pour les d\u00e9tacher, il suffit de soulever le couteau par la pointe et de le tirer vers le bas. Tous les couverts tiennent bien en main et leur poids plume leur permet de se glisser dans n&rsquo;importe quelle poche. Le designer Cairn Young, qui vit \u00e0 Londres, est fascin\u00e9 depuis des ann\u00e9es par le grand art japonais de l&rsquo;assemblage du bois et en a fait une v\u00e9ritable obsession pour embo\u00eeter et assembler m\u00eame les choses de mani\u00e8re esth\u00e9tique et intelligente. C&rsquo;est un jeu de g\u00e9om\u00e9trie, de sym\u00e9trie et d&rsquo;humour qui aboutit toujours \u00e0 un produit \u00e9tonnant.<\/p>\n<ul>\n<li>des couverts de belle forme<\/li>\n<li>compact, embo\u00eetable<\/li>\n<li>taille parfaite<\/li>\n<li>robustes<\/li>\n<li>pour le lave-vaisselle<\/li>\n<li>id\u00e9al pour le plein air &amp;amp ; pique-nique<\/li>\n<li>100% neutre en CO2<\/li>\n<\/ul>\n<p>Set de 3 pi\u00e8ces compos\u00e9 de:<\/p>\n<p>&#8211; 1 x fourchette<\/p>\n<p>&#8211; 1 x couteau<\/p>\n<p>&#8211; 1 x cuill\u00e8re<\/p>\n","protected":false},"excerpt":{"rendered":"<p>Un couteau, une fourchette, une cuill\u00e8re &#8211; c&rsquo;est tout. Il existe enfin des couverts \u00e0 emporter raisonnables, sans fioritures et de taille raisonnable. Plus besoin de porter les aliments en \u00e9quilibre \u00e0 la bouche ! Toutes les pi\u00e8ces s&#8217;embo\u00eetent et se d\u00e9montent sans grand myst\u00e8re. Pour les d\u00e9tacher, il suffit de soulever le couteau par [&hellip;]<\/p>\n","protected":false},"featured_media":201991,"template":"","meta":{"_acf_changed":false},"product_featured_cat":[],"product_brand":[],"product_cat":[3989],"product_tag":[],"class_list":{"0":"post-202001","1":"product","2":"type-product","3":"status-publish","4":"has-post-thumbnail","6":"product_cat-couverts","8":"first","9":"instock","10":"taxable","11":"shipping-taxable","12":"purchasable","13":"product-type-variable"},"acf":[],"yoast_head":"<!-- This site is optimized with the Yoast SEO plugin v27.4 - https:\/\/yoast.com\/product\/yoast-seo-wordpress\/ -->\n<title>M\u00e9nag\u00e8re KLIKK 3 pi\u00e8ces. - Bantam Wankm\u00fcller SA<\/title>\n<meta name=\"robots\" content=\"index, follow, max-snippet:-1, max-image-preview:large, max-video-preview:-1\" \/>\n<link rel=\"canonical\" href=\"https:\/\/shop.bantam.ch\/fr\/produit\/menagere-klikk-3-pieces\/\" \/>\n<meta property=\"og:locale\" content=\"fr_FR\" \/>\n<meta property=\"og:type\" content=\"article\" \/>\n<meta property=\"og:title\" content=\"M\u00e9nag\u00e8re KLIKK 3 pi\u00e8ces. - Bantam Wankm\u00fcller SA\" \/>\n<meta property=\"og:description\" content=\"Un couteau, une fourchette, une cuill\u00e8re &#8211; c&rsquo;est tout. Il existe enfin des couverts \u00e0 emporter raisonnables, sans fioritures et de taille raisonnable. Plus besoin de porter les aliments en \u00e9quilibre \u00e0 la bouche ! Toutes les pi\u00e8ces s&#8217;embo\u00eetent et se d\u00e9montent sans grand myst\u00e8re. Pour les d\u00e9tacher, il suffit de soulever le couteau par [&hellip;]\" \/>\n<meta property=\"og:url\" content=\"https:\/\/shop.bantam.ch\/fr\/produit\/menagere-klikk-3-pieces\/\" \/>\n<meta property=\"og:site_name\" content=\"Bantam Wankm\u00fcller SA\" \/>\n<meta property=\"article:modified_time\" content=\"2026-04-19T23:44:55+00:00\" \/>\n<meta name=\"twitter:card\" content=\"summary_large_image\" \/>\n<meta name=\"twitter:label1\" content=\"Dur\u00e9e de lecture estim\u00e9e\" \/>\n\t<meta name=\"twitter:data1\" content=\"1 minute\" \/>\n<script type=\"application\/ld+json\" class=\"yoast-schema-graph\">{\"@context\":\"https:\\\/\\\/schema.org\",\"@graph\":[{\"@type\":\"WebPage\",\"@id\":\"https:\\\/\\\/shop.bantam.ch\\\/fr\\\/produit\\\/menagere-klikk-3-pieces\\\/\",\"url\":\"https:\\\/\\\/shop.bantam.ch\\\/fr\\\/produit\\\/menagere-klikk-3-pieces\\\/\",\"name\":\"M\u00e9nag\u00e8re KLIKK 3 pi\u00e8ces. - Bantam Wankm\u00fcller SA\",\"isPartOf\":{\"@id\":\"https:\\\/\\\/shop.bantam.ch\\\/fr\\\/#website\"},\"primaryImageOfPage\":{\"@id\":\"https:\\\/\\\/shop.bantam.ch\\\/fr\\\/produit\\\/menagere-klikk-3-pieces\\\/#primaryimage\"},\"image\":{\"@id\":\"https:\\\/\\\/shop.bantam.ch\\\/fr\\\/produit\\\/menagere-klikk-3-pieces\\\/#primaryimage\"},\"thumbnailUrl\":\"https:\\\/\\\/shop.bantam.ch\\\/wp-content\\\/uploads\\\/2024\\\/05\\\/Movera-L-9984888100.jpg\",\"datePublished\":\"2024-05-15T16:18:19+00:00\",\"dateModified\":\"2026-04-19T23:44:55+00:00\",\"breadcrumb\":{\"@id\":\"https:\\\/\\\/shop.bantam.ch\\\/fr\\\/produit\\\/menagere-klikk-3-pieces\\\/#breadcrumb\"},\"inLanguage\":\"fr-FR\",\"potentialAction\":[{\"@type\":\"ReadAction\",\"target\":[\"https:\\\/\\\/shop.bantam.ch\\\/fr\\\/produit\\\/menagere-klikk-3-pieces\\\/\"]}]},{\"@type\":\"ImageObject\",\"inLanguage\":\"fr-FR\",\"@id\":\"https:\\\/\\\/shop.bantam.ch\\\/fr\\\/produit\\\/menagere-klikk-3-pieces\\\/#primaryimage\",\"url\":\"https:\\\/\\\/shop.bantam.ch\\\/wp-content\\\/uploads\\\/2024\\\/05\\\/Movera-L-9984888100.jpg\",\"contentUrl\":\"https:\\\/\\\/shop.bantam.ch\\\/wp-content\\\/uploads\\\/2024\\\/05\\\/Movera-L-9984888100.jpg\",\"width\":640,\"height\":640},{\"@type\":\"BreadcrumbList\",\"@id\":\"https:\\\/\\\/shop.bantam.ch\\\/fr\\\/produit\\\/menagere-klikk-3-pieces\\\/#breadcrumb\",\"itemListElement\":[{\"@type\":\"ListItem\",\"position\":1,\"name\":\"Accueil\",\"item\":\"https:\\\/\\\/shop.bantam.ch\\\/fr\\\/\"},{\"@type\":\"ListItem\",\"position\":2,\"name\":\"Boutique\",\"item\":\"https:\\\/\\\/shop.bantam.ch\\\/fr\\\/boutique\\\/\"},{\"@type\":\"ListItem\",\"position\":3,\"name\":\"M\u00e9nag\u00e8re KLIKK 3 pi\u00e8ces.\"}]},{\"@type\":\"WebSite\",\"@id\":\"https:\\\/\\\/shop.bantam.ch\\\/fr\\\/#website\",\"url\":\"https:\\\/\\\/shop.bantam.ch\\\/fr\\\/\",\"name\":\"Bantam Wankm\u00fcller SA\",\"description\":\"\",\"publisher\":{\"@id\":\"https:\\\/\\\/shop.bantam.ch\\\/fr\\\/#organization\"},\"inLanguage\":\"fr-FR\"},{\"@type\":\"Organization\",\"@id\":\"https:\\\/\\\/shop.bantam.ch\\\/fr\\\/#organization\",\"name\":\"Bantam Wankm\u00fcller SA\",\"url\":\"https:\\\/\\\/shop.bantam.ch\\\/fr\\\/\",\"logo\":{\"@type\":\"ImageObject\",\"inLanguage\":\"fr-FR\",\"@id\":\"https:\\\/\\\/shop.bantam.ch\\\/fr\\\/#\\\/schema\\\/logo\\\/image\\\/\",\"url\":\"https:\\\/\\\/shop.bantam.ch\\\/wp-content\\\/uploads\\\/2022\\\/12\\\/bantam-logo.png\",\"contentUrl\":\"https:\\\/\\\/shop.bantam.ch\\\/wp-content\\\/uploads\\\/2022\\\/12\\\/bantam-logo.png\",\"width\":320,\"height\":71,\"caption\":\"Bantam Wankm\u00fcller SA\"},\"image\":{\"@id\":\"https:\\\/\\\/shop.bantam.ch\\\/fr\\\/#\\\/schema\\\/logo\\\/image\\\/\"}}]}<\/script>\n<!-- \/ Yoast SEO plugin. -->","yoast_head_json":{"title":"M\u00e9nag\u00e8re KLIKK 3 pi\u00e8ces. - Bantam Wankm\u00fcller SA","robots":{"index":"index","follow":"follow","max-snippet":"max-snippet:-1","max-image-preview":"max-image-preview:large","max-video-preview":"max-video-preview:-1"},"canonical":"https:\/\/shop.bantam.ch\/fr\/produit\/menagere-klikk-3-pieces\/","og_locale":"fr_FR","og_type":"article","og_title":"M\u00e9nag\u00e8re KLIKK 3 pi\u00e8ces. - Bantam Wankm\u00fcller SA","og_description":"Un couteau, une fourchette, une cuill\u00e8re &#8211; c&rsquo;est tout. Il existe enfin des couverts \u00e0 emporter raisonnables, sans fioritures et de taille raisonnable. Plus besoin de porter les aliments en \u00e9quilibre \u00e0 la bouche ! Toutes les pi\u00e8ces s&#8217;embo\u00eetent et se d\u00e9montent sans grand myst\u00e8re. Pour les d\u00e9tacher, il suffit de soulever le couteau par [&hellip;]","og_url":"https:\/\/shop.bantam.ch\/fr\/produit\/menagere-klikk-3-pieces\/","og_site_name":"Bantam Wankm\u00fcller SA","article_modified_time":"2026-04-19T23:44:55+00:00","twitter_card":"summary_large_image","twitter_misc":{"Dur\u00e9e de lecture estim\u00e9e":"1 minute"},"schema":{"@context":"https:\/\/schema.org","@graph":[{"@type":"WebPage","@id":"https:\/\/shop.bantam.ch\/fr\/produit\/menagere-klikk-3-pieces\/","url":"https:\/\/shop.bantam.ch\/fr\/produit\/menagere-klikk-3-pieces\/","name":"M\u00e9nag\u00e8re KLIKK 3 pi\u00e8ces. - Bantam Wankm\u00fcller SA","isPartOf":{"@id":"https:\/\/shop.bantam.ch\/fr\/#website"},"primaryImageOfPage":{"@id":"https:\/\/shop.bantam.ch\/fr\/produit\/menagere-klikk-3-pieces\/#primaryimage"},"image":{"@id":"https:\/\/shop.bantam.ch\/fr\/produit\/menagere-klikk-3-pieces\/#primaryimage"},"thumbnailUrl":"https:\/\/shop.bantam.ch\/wp-content\/uploads\/2024\/05\/Movera-L-9984888100.jpg","datePublished":"2024-05-15T16:18:19+00:00","dateModified":"2026-04-19T23:44:55+00:00","breadcrumb":{"@id":"https:\/\/shop.bantam.ch\/fr\/produit\/menagere-klikk-3-pieces\/#breadcrumb"},"inLanguage":"fr-FR","potentialAction":[{"@type":"ReadAction","target":["https:\/\/shop.bantam.ch\/fr\/produit\/menagere-klikk-3-pieces\/"]}]},{"@type":"ImageObject","inLanguage":"fr-FR","@id":"https:\/\/shop.bantam.ch\/fr\/produit\/menagere-klikk-3-pieces\/#primaryimage","url":"https:\/\/shop.bantam.ch\/wp-content\/uploads\/2024\/05\/Movera-L-9984888100.jpg","contentUrl":"https:\/\/shop.bantam.ch\/wp-content\/uploads\/2024\/05\/Movera-L-9984888100.jpg","width":640,"height":640},{"@type":"BreadcrumbList","@id":"https:\/\/shop.bantam.ch\/fr\/produit\/menagere-klikk-3-pieces\/#breadcrumb","itemListElement":[{"@type":"ListItem","position":1,"name":"Accueil","item":"https:\/\/shop.bantam.ch\/fr\/"},{"@type":"ListItem","position":2,"name":"Boutique","item":"https:\/\/shop.bantam.ch\/fr\/boutique\/"},{"@type":"ListItem","position":3,"name":"M\u00e9nag\u00e8re KLIKK 3 pi\u00e8ces."}]},{"@type":"WebSite","@id":"https:\/\/shop.bantam.ch\/fr\/#website","url":"https:\/\/shop.bantam.ch\/fr\/","name":"Bantam Wankm\u00fcller SA","description":"","publisher":{"@id":"https:\/\/shop.bantam.ch\/fr\/#organization"},"inLanguage":"fr-FR"},{"@type":"Organization","@id":"https:\/\/shop.bantam.ch\/fr\/#organization","name":"Bantam Wankm\u00fcller SA","url":"https:\/\/shop.bantam.ch\/fr\/","logo":{"@type":"ImageObject","inLanguage":"fr-FR","@id":"https:\/\/shop.bantam.ch\/fr\/#\/schema\/logo\/image\/","url":"https:\/\/shop.bantam.ch\/wp-content\/uploads\/2022\/12\/bantam-logo.png","contentUrl":"https:\/\/shop.bantam.ch\/wp-content\/uploads\/2022\/12\/bantam-logo.png","width":320,"height":71,"caption":"Bantam Wankm\u00fcller SA"},"image":{"@id":"https:\/\/shop.bantam.ch\/fr\/#\/schema\/logo\/image\/"}}]}},"_links":{"self":[{"href":"https:\/\/shop.bantam.ch\/fr\/wp-json\/wp\/v2\/product\/202001","targetHints":{"allow":["GET"]}}],"collection":[{"href":"https:\/\/shop.bantam.ch\/fr\/wp-json\/wp\/v2\/product"}],"about":[{"href":"https:\/\/shop.bantam.ch\/fr\/wp-json\/wp\/v2\/types\/product"}],"wp:featuredmedia":[{"embeddable":true,"href":"https:\/\/shop.bantam.ch\/fr\/wp-json\/wp\/v2\/media\/201991"}],"wp:attachment":[{"href":"https:\/\/shop.bantam.ch\/fr\/wp-json\/wp\/v2\/media?parent=202001"}],"wp:term":[{"taxonomy":"product_featured_cat","embeddable":true,"href":"https:\/\/shop.bantam.ch\/fr\/wp-json\/wp\/v2\/product_featured_cat?post=202001"},{"taxonomy":"product_brand","embeddable":true,"href":"https:\/\/shop.bantam.ch\/fr\/wp-json\/wp\/v2\/product_brand?post=202001"},{"taxonomy":"product_cat","embeddable":true,"href":"https:\/\/shop.bantam.ch\/fr\/wp-json\/wp\/v2\/product_cat?post=202001"},{"taxonomy":"product_tag","embeddable":true,"href":"https:\/\/shop.bantam.ch\/fr\/wp-json\/wp\/v2\/product_tag?post=202001"}],"curies":[{"name":"wp","href":"https:\/\/api.w.org\/{rel}","templated":true}]}}