{"id":201965,"date":"2024-05-15T18:17:15","date_gmt":"2024-05-15T16:17:15","guid":{"rendered":"https:\/\/shop.bantam.ch\/produit\/lunchpot-mepal-ellipse-coloris-nordic-sage\/"},"modified":"2026-05-01T23:12:11","modified_gmt":"2026-05-01T21:12:11","slug":"lunchpot-mepal-ellipse-coloris-nordic-sage","status":"publish","type":"product","link":"https:\/\/shop.bantam.ch\/fr\/produit\/lunchpot-mepal-ellipse-coloris-nordic-sage\/","title":{"rendered":"Lunchpot MEPAL ellipse coloris nordic sage"},"content":{"rendered":"<p>Ce lunchpot Ellipse pratique de Mepal est la solution parfaite pour emporter un en-cas ou un snack. Le Lunchpot poss\u00e8de deux r\u00e9cipients diff\u00e9rents dans lesquels les ingr\u00e9dients d&rsquo;un repas peuvent \u00eatre conserv\u00e9s et transport\u00e9s s\u00e9par\u00e9ment. Le Lunchpot peut par exemple \u00eatre utilis\u00e9 pour le yaourt et les c\u00e9r\u00e9ales ou la soupe et les cro\u00fbtons et devient ainsi en passant un gobelet \u00e0 soupe, un gobelet \u00e0 yaourt ou un gobelet \u00e0 c\u00e9r\u00e9ales to go. Un simple mouvement de rotation permet de d\u00e9visser le couvercle interm\u00e9diaire en deux parties, les deux r\u00e9cipients restent alors ferm\u00e9s et peuvent \u00eatre ouverts s\u00e9par\u00e9ment. Les ingr\u00e9dients peuvent ainsi \u00eatre fra\u00eechement m\u00e9lang\u00e9s. Les couvercles individuels s&rsquo;adaptent d&rsquo;ailleurs aux deux r\u00e9cipients, ce qui \u00e9vite de devoir chercher le couvercle ad\u00e9quat le matin&#8230; Le contenu du r\u00e9cipient sup\u00e9rieur transparent est de 200 ml, ce qui signifie qu&rsquo;il y a de la place pour environ 75 g de c\u00e9r\u00e9ales ou de fruits. Le volume ou le contenu du r\u00e9cipient inf\u00e9rieur offre, avec 500 ml, suffisamment de place pour une portion de soupe, de p\u00e2tes ou de yaourt. Les deux r\u00e9cipients sont fabriqu\u00e9s \u00e0 partir de mat\u00e9riaux durables, peuvent \u00eatre lav\u00e9s au lave-vaisselle et sont 100% sans BPA.<\/p>\n","protected":false},"excerpt":{"rendered":"<p>Ce lunchpot Ellipse pratique de Mepal est la solution parfaite pour emporter un en-cas ou un snack. Le Lunchpot poss\u00e8de deux r\u00e9cipients diff\u00e9rents dans lesquels les ingr\u00e9dients d&rsquo;un repas peuvent \u00eatre conserv\u00e9s et transport\u00e9s s\u00e9par\u00e9ment. Le Lunchpot peut par exemple \u00eatre utilis\u00e9 pour le yaourt et les c\u00e9r\u00e9ales ou la soupe et les cro\u00fbtons et [&hellip;]<\/p>\n","protected":false},"featured_media":207760,"template":"","meta":{"_acf_changed":false},"product_featured_cat":[],"product_brand":[],"product_cat":[4331],"product_tag":[],"class_list":{"0":"post-201965","1":"product","2":"type-product","3":"status-publish","4":"has-post-thumbnail","6":"product_cat-boites-a-provisions-et-a-produits-frais","8":"first","9":"instock","10":"taxable","11":"shipping-taxable","12":"purchasable","13":"product-type-simple"},"acf":[],"yoast_head":"<!-- This site is optimized with the Yoast SEO plugin v27.5 - https:\/\/yoast.com\/product\/yoast-seo-wordpress\/ -->\n<title>Lunchpot MEPAL ellipse coloris nordic sage - Bantam<\/title>\n<meta name=\"robots\" content=\"index, follow, max-snippet:-1, max-image-preview:large, max-video-preview:-1\" \/>\n<link rel=\"canonical\" href=\"https:\/\/shop.bantam.ch\/fr\/produit\/lunchpot-mepal-ellipse-coloris-nordic-sage\/\" \/>\n<meta property=\"og:locale\" content=\"fr_FR\" \/>\n<meta property=\"og:type\" content=\"article\" \/>\n<meta property=\"og:title\" content=\"Lunchpot MEPAL ellipse coloris nordic sage - Bantam\" \/>\n<meta property=\"og:description\" content=\"Ce lunchpot Ellipse pratique de Mepal est la solution parfaite pour emporter un en-cas ou un snack. Le Lunchpot poss\u00e8de deux r\u00e9cipients diff\u00e9rents dans lesquels les ingr\u00e9dients d&rsquo;un repas peuvent \u00eatre conserv\u00e9s et transport\u00e9s s\u00e9par\u00e9ment. Le Lunchpot peut par exemple \u00eatre utilis\u00e9 pour le yaourt et les c\u00e9r\u00e9ales ou la soupe et les cro\u00fbtons et [&hellip;]\" \/>\n<meta property=\"og:url\" content=\"https:\/\/shop.bantam.ch\/fr\/produit\/lunchpot-mepal-ellipse-coloris-nordic-sage\/\" \/>\n<meta property=\"og:site_name\" content=\"Bantam\" \/>\n<meta property=\"article:modified_time\" content=\"2026-05-01T21:12:11+00:00\" \/>\n<meta name=\"twitter:card\" content=\"summary_large_image\" \/>\n<meta name=\"twitter:label1\" content=\"Dur\u00e9e de lecture estim\u00e9e\" \/>\n\t<meta name=\"twitter:data1\" content=\"1 minute\" \/>\n<script type=\"application\/ld+json\" class=\"yoast-schema-graph\">{\"@context\":\"https:\\\/\\\/schema.org\",\"@graph\":[{\"@type\":\"WebPage\",\"@id\":\"https:\\\/\\\/shop.bantam.ch\\\/fr\\\/produit\\\/lunchpot-mepal-ellipse-coloris-nordic-sage\\\/\",\"url\":\"https:\\\/\\\/shop.bantam.ch\\\/fr\\\/produit\\\/lunchpot-mepal-ellipse-coloris-nordic-sage\\\/\",\"name\":\"Lunchpot MEPAL ellipse coloris nordic sage - Bantam\",\"isPartOf\":{\"@id\":\"https:\\\/\\\/shop.bantam.ch\\\/fr\\\/#website\"},\"primaryImageOfPage\":{\"@id\":\"https:\\\/\\\/shop.bantam.ch\\\/fr\\\/produit\\\/lunchpot-mepal-ellipse-coloris-nordic-sage\\\/#primaryimage\"},\"image\":{\"@id\":\"https:\\\/\\\/shop.bantam.ch\\\/fr\\\/produit\\\/lunchpot-mepal-ellipse-coloris-nordic-sage\\\/#primaryimage\"},\"thumbnailUrl\":\"https:\\\/\\\/shop.bantam.ch\\\/wp-content\\\/uploads\\\/2024\\\/09\\\/Movera-L-9984845100.jpg\",\"datePublished\":\"2024-05-15T16:17:15+00:00\",\"dateModified\":\"2026-05-01T21:12:11+00:00\",\"breadcrumb\":{\"@id\":\"https:\\\/\\\/shop.bantam.ch\\\/fr\\\/produit\\\/lunchpot-mepal-ellipse-coloris-nordic-sage\\\/#breadcrumb\"},\"inLanguage\":\"fr-FR\",\"potentialAction\":[{\"@type\":\"ReadAction\",\"target\":[\"https:\\\/\\\/shop.bantam.ch\\\/fr\\\/produit\\\/lunchpot-mepal-ellipse-coloris-nordic-sage\\\/\"]}]},{\"@type\":\"ImageObject\",\"inLanguage\":\"fr-FR\",\"@id\":\"https:\\\/\\\/shop.bantam.ch\\\/fr\\\/produit\\\/lunchpot-mepal-ellipse-coloris-nordic-sage\\\/#primaryimage\",\"url\":\"https:\\\/\\\/shop.bantam.ch\\\/wp-content\\\/uploads\\\/2024\\\/09\\\/Movera-L-9984845100.jpg\",\"contentUrl\":\"https:\\\/\\\/shop.bantam.ch\\\/wp-content\\\/uploads\\\/2024\\\/09\\\/Movera-L-9984845100.jpg\",\"width\":640,\"height\":427},{\"@type\":\"BreadcrumbList\",\"@id\":\"https:\\\/\\\/shop.bantam.ch\\\/fr\\\/produit\\\/lunchpot-mepal-ellipse-coloris-nordic-sage\\\/#breadcrumb\",\"itemListElement\":[{\"@type\":\"ListItem\",\"position\":1,\"name\":\"Accueil\",\"item\":\"https:\\\/\\\/shop.bantam.ch\\\/fr\\\/\"},{\"@type\":\"ListItem\",\"position\":2,\"name\":\"Boutique\",\"item\":\"https:\\\/\\\/shop.bantam.ch\\\/fr\\\/boutique\\\/\"},{\"@type\":\"ListItem\",\"position\":3,\"name\":\"Lunchpot MEPAL ellipse coloris nordic sage\"}]},{\"@type\":\"WebSite\",\"@id\":\"https:\\\/\\\/shop.bantam.ch\\\/fr\\\/#website\",\"url\":\"https:\\\/\\\/shop.bantam.ch\\\/fr\\\/\",\"name\":\"Bantam\",\"description\":\"\",\"publisher\":{\"@id\":\"https:\\\/\\\/shop.bantam.ch\\\/fr\\\/#organization\"},\"inLanguage\":\"fr-FR\"},{\"@type\":\"Organization\",\"@id\":\"https:\\\/\\\/shop.bantam.ch\\\/fr\\\/#organization\",\"name\":\"Bantam\",\"url\":\"https:\\\/\\\/shop.bantam.ch\\\/fr\\\/\",\"logo\":{\"@type\":\"ImageObject\",\"inLanguage\":\"fr-FR\",\"@id\":\"https:\\\/\\\/shop.bantam.ch\\\/fr\\\/#\\\/schema\\\/logo\\\/image\\\/\",\"url\":\"https:\\\/\\\/shop.bantam.ch\\\/wp-content\\\/uploads\\\/2022\\\/12\\\/bantam-logo.png\",\"contentUrl\":\"https:\\\/\\\/shop.bantam.ch\\\/wp-content\\\/uploads\\\/2022\\\/12\\\/bantam-logo.png\",\"width\":320,\"height\":71,\"caption\":\"Bantam\"},\"image\":{\"@id\":\"https:\\\/\\\/shop.bantam.ch\\\/fr\\\/#\\\/schema\\\/logo\\\/image\\\/\"}}]}<\/script>\n<!-- \/ Yoast SEO plugin. -->","yoast_head_json":{"title":"Lunchpot MEPAL ellipse coloris nordic sage - Bantam","robots":{"index":"index","follow":"follow","max-snippet":"max-snippet:-1","max-image-preview":"max-image-preview:large","max-video-preview":"max-video-preview:-1"},"canonical":"https:\/\/shop.bantam.ch\/fr\/produit\/lunchpot-mepal-ellipse-coloris-nordic-sage\/","og_locale":"fr_FR","og_type":"article","og_title":"Lunchpot MEPAL ellipse coloris nordic sage - Bantam","og_description":"Ce lunchpot Ellipse pratique de Mepal est la solution parfaite pour emporter un en-cas ou un snack. Le Lunchpot poss\u00e8de deux r\u00e9cipients diff\u00e9rents dans lesquels les ingr\u00e9dients d&rsquo;un repas peuvent \u00eatre conserv\u00e9s et transport\u00e9s s\u00e9par\u00e9ment. Le Lunchpot peut par exemple \u00eatre utilis\u00e9 pour le yaourt et les c\u00e9r\u00e9ales ou la soupe et les cro\u00fbtons et [&hellip;]","og_url":"https:\/\/shop.bantam.ch\/fr\/produit\/lunchpot-mepal-ellipse-coloris-nordic-sage\/","og_site_name":"Bantam","article_modified_time":"2026-05-01T21:12:11+00:00","twitter_card":"summary_large_image","twitter_misc":{"Dur\u00e9e de lecture estim\u00e9e":"1 minute"},"schema":{"@context":"https:\/\/schema.org","@graph":[{"@type":"WebPage","@id":"https:\/\/shop.bantam.ch\/fr\/produit\/lunchpot-mepal-ellipse-coloris-nordic-sage\/","url":"https:\/\/shop.bantam.ch\/fr\/produit\/lunchpot-mepal-ellipse-coloris-nordic-sage\/","name":"Lunchpot MEPAL ellipse coloris nordic sage - Bantam","isPartOf":{"@id":"https:\/\/shop.bantam.ch\/fr\/#website"},"primaryImageOfPage":{"@id":"https:\/\/shop.bantam.ch\/fr\/produit\/lunchpot-mepal-ellipse-coloris-nordic-sage\/#primaryimage"},"image":{"@id":"https:\/\/shop.bantam.ch\/fr\/produit\/lunchpot-mepal-ellipse-coloris-nordic-sage\/#primaryimage"},"thumbnailUrl":"https:\/\/shop.bantam.ch\/wp-content\/uploads\/2024\/09\/Movera-L-9984845100.jpg","datePublished":"2024-05-15T16:17:15+00:00","dateModified":"2026-05-01T21:12:11+00:00","breadcrumb":{"@id":"https:\/\/shop.bantam.ch\/fr\/produit\/lunchpot-mepal-ellipse-coloris-nordic-sage\/#breadcrumb"},"inLanguage":"fr-FR","potentialAction":[{"@type":"ReadAction","target":["https:\/\/shop.bantam.ch\/fr\/produit\/lunchpot-mepal-ellipse-coloris-nordic-sage\/"]}]},{"@type":"ImageObject","inLanguage":"fr-FR","@id":"https:\/\/shop.bantam.ch\/fr\/produit\/lunchpot-mepal-ellipse-coloris-nordic-sage\/#primaryimage","url":"https:\/\/shop.bantam.ch\/wp-content\/uploads\/2024\/09\/Movera-L-9984845100.jpg","contentUrl":"https:\/\/shop.bantam.ch\/wp-content\/uploads\/2024\/09\/Movera-L-9984845100.jpg","width":640,"height":427},{"@type":"BreadcrumbList","@id":"https:\/\/shop.bantam.ch\/fr\/produit\/lunchpot-mepal-ellipse-coloris-nordic-sage\/#breadcrumb","itemListElement":[{"@type":"ListItem","position":1,"name":"Accueil","item":"https:\/\/shop.bantam.ch\/fr\/"},{"@type":"ListItem","position":2,"name":"Boutique","item":"https:\/\/shop.bantam.ch\/fr\/boutique\/"},{"@type":"ListItem","position":3,"name":"Lunchpot MEPAL ellipse coloris nordic sage"}]},{"@type":"WebSite","@id":"https:\/\/shop.bantam.ch\/fr\/#website","url":"https:\/\/shop.bantam.ch\/fr\/","name":"Bantam","description":"","publisher":{"@id":"https:\/\/shop.bantam.ch\/fr\/#organization"},"inLanguage":"fr-FR"},{"@type":"Organization","@id":"https:\/\/shop.bantam.ch\/fr\/#organization","name":"Bantam","url":"https:\/\/shop.bantam.ch\/fr\/","logo":{"@type":"ImageObject","inLanguage":"fr-FR","@id":"https:\/\/shop.bantam.ch\/fr\/#\/schema\/logo\/image\/","url":"https:\/\/shop.bantam.ch\/wp-content\/uploads\/2022\/12\/bantam-logo.png","contentUrl":"https:\/\/shop.bantam.ch\/wp-content\/uploads\/2022\/12\/bantam-logo.png","width":320,"height":71,"caption":"Bantam"},"image":{"@id":"https:\/\/shop.bantam.ch\/fr\/#\/schema\/logo\/image\/"}}]}},"_links":{"self":[{"href":"https:\/\/shop.bantam.ch\/fr\/wp-json\/wp\/v2\/product\/201965","targetHints":{"allow":["GET"]}}],"collection":[{"href":"https:\/\/shop.bantam.ch\/fr\/wp-json\/wp\/v2\/product"}],"about":[{"href":"https:\/\/shop.bantam.ch\/fr\/wp-json\/wp\/v2\/types\/product"}],"wp:featuredmedia":[{"embeddable":true,"href":"https:\/\/shop.bantam.ch\/fr\/wp-json\/wp\/v2\/media\/207760"}],"wp:attachment":[{"href":"https:\/\/shop.bantam.ch\/fr\/wp-json\/wp\/v2\/media?parent=201965"}],"wp:term":[{"taxonomy":"product_featured_cat","embeddable":true,"href":"https:\/\/shop.bantam.ch\/fr\/wp-json\/wp\/v2\/product_featured_cat?post=201965"},{"taxonomy":"product_brand","embeddable":true,"href":"https:\/\/shop.bantam.ch\/fr\/wp-json\/wp\/v2\/product_brand?post=201965"},{"taxonomy":"product_cat","embeddable":true,"href":"https:\/\/shop.bantam.ch\/fr\/wp-json\/wp\/v2\/product_cat?post=201965"},{"taxonomy":"product_tag","embeddable":true,"href":"https:\/\/shop.bantam.ch\/fr\/wp-json\/wp\/v2\/product_tag?post=201965"}],"curies":[{"name":"wp","href":"https:\/\/api.w.org\/{rel}","templated":true}]}}