{"id":201961,"date":"2024-05-15T18:17:08","date_gmt":"2024-05-15T16:17:08","guid":{"rendered":"https:\/\/shop.bantam.ch\/produit\/lunchbox-mepal-bento-take-a-break-midi-coloris-nordic-sage\/"},"modified":"2026-05-01T23:12:10","modified_gmt":"2026-05-01T21:12:10","slug":"lunchbox-mepal-bento-take-a-break-midi-coloris-nordic-sage","status":"publish","type":"product","link":"https:\/\/shop.bantam.ch\/fr\/produit\/lunchbox-mepal-bento-take-a-break-midi-coloris-nordic-sage\/","title":{"rendered":"Lunchbox MEPAL Bento Take a break MIDI coloris nordic sage"},"content":{"rendered":"<p>Lunchbox TAB midi dans la couleur Nordic sage &#8211; bentobox inclus. Il te reste des restes de la veille ? Maintenant, tu peux facilement les emporter et te r\u00e9galer \u00e0 nouveau ! L&rsquo;insert bento avec deux compartiments diff\u00e9rents ainsi que la bo\u00eete suppl\u00e9mentaire avec couvercle et fourchette permettent de manger et de grignoter de mani\u00e8re polyvalente et vari\u00e9e lors de tes d\u00e9placements. Les deux inserts bento peuvent m\u00eame passer au micro-ondes sans couvercle. Il est ainsi possible de cr\u00e9er sans cesse de nouveaux snacks et combinaisons savoureuses pour les d\u00e9placements.<\/p>\n","protected":false},"excerpt":{"rendered":"<p>Lunchbox TAB midi dans la couleur Nordic sage &#8211; bentobox inclus. Il te reste des restes de la veille ? Maintenant, tu peux facilement les emporter et te r\u00e9galer \u00e0 nouveau ! L&rsquo;insert bento avec deux compartiments diff\u00e9rents ainsi que la bo\u00eete suppl\u00e9mentaire avec couvercle et fourchette permettent de manger et de grignoter de mani\u00e8re [&hellip;]<\/p>\n","protected":false},"featured_media":207758,"template":"","meta":{"_acf_changed":false},"product_featured_cat":[],"product_brand":[],"product_cat":[4331],"product_tag":[],"class_list":{"0":"post-201961","1":"product","2":"type-product","3":"status-publish","4":"has-post-thumbnail","6":"product_cat-boites-a-provisions-et-a-produits-frais","8":"first","9":"instock","10":"taxable","11":"shipping-taxable","12":"purchasable","13":"product-type-simple"},"acf":[],"yoast_head":"<!-- This site is optimized with the Yoast SEO plugin v27.5 - https:\/\/yoast.com\/product\/yoast-seo-wordpress\/ -->\n<title>Lunchbox MEPAL Bento Take a break MIDI coloris nordic sage - Bantam<\/title>\n<meta name=\"robots\" content=\"index, follow, max-snippet:-1, max-image-preview:large, max-video-preview:-1\" \/>\n<link rel=\"canonical\" href=\"https:\/\/shop.bantam.ch\/fr\/produit\/lunchbox-mepal-bento-take-a-break-midi-coloris-nordic-sage\/\" \/>\n<meta property=\"og:locale\" content=\"fr_FR\" \/>\n<meta property=\"og:type\" content=\"article\" \/>\n<meta property=\"og:title\" content=\"Lunchbox MEPAL Bento Take a break MIDI coloris nordic sage - Bantam\" \/>\n<meta property=\"og:description\" content=\"Lunchbox TAB midi dans la couleur Nordic sage &#8211; bentobox inclus. Il te reste des restes de la veille ? Maintenant, tu peux facilement les emporter et te r\u00e9galer \u00e0 nouveau ! L&rsquo;insert bento avec deux compartiments diff\u00e9rents ainsi que la bo\u00eete suppl\u00e9mentaire avec couvercle et fourchette permettent de manger et de grignoter de mani\u00e8re [&hellip;]\" \/>\n<meta property=\"og:url\" content=\"https:\/\/shop.bantam.ch\/fr\/produit\/lunchbox-mepal-bento-take-a-break-midi-coloris-nordic-sage\/\" \/>\n<meta property=\"og:site_name\" content=\"Bantam\" \/>\n<meta property=\"article:modified_time\" content=\"2026-05-01T21:12:10+00:00\" \/>\n<meta name=\"twitter:card\" content=\"summary_large_image\" \/>\n<script type=\"application\/ld+json\" class=\"yoast-schema-graph\">{\"@context\":\"https:\\\/\\\/schema.org\",\"@graph\":[{\"@type\":\"WebPage\",\"@id\":\"https:\\\/\\\/shop.bantam.ch\\\/fr\\\/produit\\\/lunchbox-mepal-bento-take-a-break-midi-coloris-nordic-sage\\\/\",\"url\":\"https:\\\/\\\/shop.bantam.ch\\\/fr\\\/produit\\\/lunchbox-mepal-bento-take-a-break-midi-coloris-nordic-sage\\\/\",\"name\":\"Lunchbox MEPAL Bento Take a break MIDI coloris nordic sage - Bantam\",\"isPartOf\":{\"@id\":\"https:\\\/\\\/shop.bantam.ch\\\/fr\\\/#website\"},\"primaryImageOfPage\":{\"@id\":\"https:\\\/\\\/shop.bantam.ch\\\/fr\\\/produit\\\/lunchbox-mepal-bento-take-a-break-midi-coloris-nordic-sage\\\/#primaryimage\"},\"image\":{\"@id\":\"https:\\\/\\\/shop.bantam.ch\\\/fr\\\/produit\\\/lunchbox-mepal-bento-take-a-break-midi-coloris-nordic-sage\\\/#primaryimage\"},\"thumbnailUrl\":\"https:\\\/\\\/shop.bantam.ch\\\/wp-content\\\/uploads\\\/2024\\\/09\\\/Movera-L-9984844100.jpg\",\"datePublished\":\"2024-05-15T16:17:08+00:00\",\"dateModified\":\"2026-05-01T21:12:10+00:00\",\"breadcrumb\":{\"@id\":\"https:\\\/\\\/shop.bantam.ch\\\/fr\\\/produit\\\/lunchbox-mepal-bento-take-a-break-midi-coloris-nordic-sage\\\/#breadcrumb\"},\"inLanguage\":\"fr-FR\",\"potentialAction\":[{\"@type\":\"ReadAction\",\"target\":[\"https:\\\/\\\/shop.bantam.ch\\\/fr\\\/produit\\\/lunchbox-mepal-bento-take-a-break-midi-coloris-nordic-sage\\\/\"]}]},{\"@type\":\"ImageObject\",\"inLanguage\":\"fr-FR\",\"@id\":\"https:\\\/\\\/shop.bantam.ch\\\/fr\\\/produit\\\/lunchbox-mepal-bento-take-a-break-midi-coloris-nordic-sage\\\/#primaryimage\",\"url\":\"https:\\\/\\\/shop.bantam.ch\\\/wp-content\\\/uploads\\\/2024\\\/09\\\/Movera-L-9984844100.jpg\",\"contentUrl\":\"https:\\\/\\\/shop.bantam.ch\\\/wp-content\\\/uploads\\\/2024\\\/09\\\/Movera-L-9984844100.jpg\",\"width\":640,\"height\":427},{\"@type\":\"BreadcrumbList\",\"@id\":\"https:\\\/\\\/shop.bantam.ch\\\/fr\\\/produit\\\/lunchbox-mepal-bento-take-a-break-midi-coloris-nordic-sage\\\/#breadcrumb\",\"itemListElement\":[{\"@type\":\"ListItem\",\"position\":1,\"name\":\"Accueil\",\"item\":\"https:\\\/\\\/shop.bantam.ch\\\/fr\\\/\"},{\"@type\":\"ListItem\",\"position\":2,\"name\":\"Boutique\",\"item\":\"https:\\\/\\\/shop.bantam.ch\\\/fr\\\/boutique\\\/\"},{\"@type\":\"ListItem\",\"position\":3,\"name\":\"Lunchbox MEPAL Bento Take a break MIDI coloris nordic sage\"}]},{\"@type\":\"WebSite\",\"@id\":\"https:\\\/\\\/shop.bantam.ch\\\/fr\\\/#website\",\"url\":\"https:\\\/\\\/shop.bantam.ch\\\/fr\\\/\",\"name\":\"Bantam\",\"description\":\"\",\"publisher\":{\"@id\":\"https:\\\/\\\/shop.bantam.ch\\\/fr\\\/#organization\"},\"inLanguage\":\"fr-FR\"},{\"@type\":\"Organization\",\"@id\":\"https:\\\/\\\/shop.bantam.ch\\\/fr\\\/#organization\",\"name\":\"Bantam\",\"url\":\"https:\\\/\\\/shop.bantam.ch\\\/fr\\\/\",\"logo\":{\"@type\":\"ImageObject\",\"inLanguage\":\"fr-FR\",\"@id\":\"https:\\\/\\\/shop.bantam.ch\\\/fr\\\/#\\\/schema\\\/logo\\\/image\\\/\",\"url\":\"https:\\\/\\\/shop.bantam.ch\\\/wp-content\\\/uploads\\\/2022\\\/12\\\/bantam-logo.png\",\"contentUrl\":\"https:\\\/\\\/shop.bantam.ch\\\/wp-content\\\/uploads\\\/2022\\\/12\\\/bantam-logo.png\",\"width\":320,\"height\":71,\"caption\":\"Bantam\"},\"image\":{\"@id\":\"https:\\\/\\\/shop.bantam.ch\\\/fr\\\/#\\\/schema\\\/logo\\\/image\\\/\"}}]}<\/script>\n<!-- \/ Yoast SEO plugin. -->","yoast_head_json":{"title":"Lunchbox MEPAL Bento Take a break MIDI coloris nordic sage - Bantam","robots":{"index":"index","follow":"follow","max-snippet":"max-snippet:-1","max-image-preview":"max-image-preview:large","max-video-preview":"max-video-preview:-1"},"canonical":"https:\/\/shop.bantam.ch\/fr\/produit\/lunchbox-mepal-bento-take-a-break-midi-coloris-nordic-sage\/","og_locale":"fr_FR","og_type":"article","og_title":"Lunchbox MEPAL Bento Take a break MIDI coloris nordic sage - Bantam","og_description":"Lunchbox TAB midi dans la couleur Nordic sage &#8211; bentobox inclus. Il te reste des restes de la veille ? Maintenant, tu peux facilement les emporter et te r\u00e9galer \u00e0 nouveau ! L&rsquo;insert bento avec deux compartiments diff\u00e9rents ainsi que la bo\u00eete suppl\u00e9mentaire avec couvercle et fourchette permettent de manger et de grignoter de mani\u00e8re [&hellip;]","og_url":"https:\/\/shop.bantam.ch\/fr\/produit\/lunchbox-mepal-bento-take-a-break-midi-coloris-nordic-sage\/","og_site_name":"Bantam","article_modified_time":"2026-05-01T21:12:10+00:00","twitter_card":"summary_large_image","schema":{"@context":"https:\/\/schema.org","@graph":[{"@type":"WebPage","@id":"https:\/\/shop.bantam.ch\/fr\/produit\/lunchbox-mepal-bento-take-a-break-midi-coloris-nordic-sage\/","url":"https:\/\/shop.bantam.ch\/fr\/produit\/lunchbox-mepal-bento-take-a-break-midi-coloris-nordic-sage\/","name":"Lunchbox MEPAL Bento Take a break MIDI coloris nordic sage - Bantam","isPartOf":{"@id":"https:\/\/shop.bantam.ch\/fr\/#website"},"primaryImageOfPage":{"@id":"https:\/\/shop.bantam.ch\/fr\/produit\/lunchbox-mepal-bento-take-a-break-midi-coloris-nordic-sage\/#primaryimage"},"image":{"@id":"https:\/\/shop.bantam.ch\/fr\/produit\/lunchbox-mepal-bento-take-a-break-midi-coloris-nordic-sage\/#primaryimage"},"thumbnailUrl":"https:\/\/shop.bantam.ch\/wp-content\/uploads\/2024\/09\/Movera-L-9984844100.jpg","datePublished":"2024-05-15T16:17:08+00:00","dateModified":"2026-05-01T21:12:10+00:00","breadcrumb":{"@id":"https:\/\/shop.bantam.ch\/fr\/produit\/lunchbox-mepal-bento-take-a-break-midi-coloris-nordic-sage\/#breadcrumb"},"inLanguage":"fr-FR","potentialAction":[{"@type":"ReadAction","target":["https:\/\/shop.bantam.ch\/fr\/produit\/lunchbox-mepal-bento-take-a-break-midi-coloris-nordic-sage\/"]}]},{"@type":"ImageObject","inLanguage":"fr-FR","@id":"https:\/\/shop.bantam.ch\/fr\/produit\/lunchbox-mepal-bento-take-a-break-midi-coloris-nordic-sage\/#primaryimage","url":"https:\/\/shop.bantam.ch\/wp-content\/uploads\/2024\/09\/Movera-L-9984844100.jpg","contentUrl":"https:\/\/shop.bantam.ch\/wp-content\/uploads\/2024\/09\/Movera-L-9984844100.jpg","width":640,"height":427},{"@type":"BreadcrumbList","@id":"https:\/\/shop.bantam.ch\/fr\/produit\/lunchbox-mepal-bento-take-a-break-midi-coloris-nordic-sage\/#breadcrumb","itemListElement":[{"@type":"ListItem","position":1,"name":"Accueil","item":"https:\/\/shop.bantam.ch\/fr\/"},{"@type":"ListItem","position":2,"name":"Boutique","item":"https:\/\/shop.bantam.ch\/fr\/boutique\/"},{"@type":"ListItem","position":3,"name":"Lunchbox MEPAL Bento Take a break MIDI coloris nordic sage"}]},{"@type":"WebSite","@id":"https:\/\/shop.bantam.ch\/fr\/#website","url":"https:\/\/shop.bantam.ch\/fr\/","name":"Bantam","description":"","publisher":{"@id":"https:\/\/shop.bantam.ch\/fr\/#organization"},"inLanguage":"fr-FR"},{"@type":"Organization","@id":"https:\/\/shop.bantam.ch\/fr\/#organization","name":"Bantam","url":"https:\/\/shop.bantam.ch\/fr\/","logo":{"@type":"ImageObject","inLanguage":"fr-FR","@id":"https:\/\/shop.bantam.ch\/fr\/#\/schema\/logo\/image\/","url":"https:\/\/shop.bantam.ch\/wp-content\/uploads\/2022\/12\/bantam-logo.png","contentUrl":"https:\/\/shop.bantam.ch\/wp-content\/uploads\/2022\/12\/bantam-logo.png","width":320,"height":71,"caption":"Bantam"},"image":{"@id":"https:\/\/shop.bantam.ch\/fr\/#\/schema\/logo\/image\/"}}]}},"_links":{"self":[{"href":"https:\/\/shop.bantam.ch\/fr\/wp-json\/wp\/v2\/product\/201961","targetHints":{"allow":["GET"]}}],"collection":[{"href":"https:\/\/shop.bantam.ch\/fr\/wp-json\/wp\/v2\/product"}],"about":[{"href":"https:\/\/shop.bantam.ch\/fr\/wp-json\/wp\/v2\/types\/product"}],"wp:featuredmedia":[{"embeddable":true,"href":"https:\/\/shop.bantam.ch\/fr\/wp-json\/wp\/v2\/media\/207758"}],"wp:attachment":[{"href":"https:\/\/shop.bantam.ch\/fr\/wp-json\/wp\/v2\/media?parent=201961"}],"wp:term":[{"taxonomy":"product_featured_cat","embeddable":true,"href":"https:\/\/shop.bantam.ch\/fr\/wp-json\/wp\/v2\/product_featured_cat?post=201961"},{"taxonomy":"product_brand","embeddable":true,"href":"https:\/\/shop.bantam.ch\/fr\/wp-json\/wp\/v2\/product_brand?post=201961"},{"taxonomy":"product_cat","embeddable":true,"href":"https:\/\/shop.bantam.ch\/fr\/wp-json\/wp\/v2\/product_cat?post=201961"},{"taxonomy":"product_tag","embeddable":true,"href":"https:\/\/shop.bantam.ch\/fr\/wp-json\/wp\/v2\/product_tag?post=201961"}],"curies":[{"name":"wp","href":"https:\/\/api.w.org\/{rel}","templated":true}]}}