{"id":201957,"date":"2024-05-15T18:17:02","date_gmt":"2024-05-15T16:17:02","guid":{"rendered":"https:\/\/shop.bantam.ch\/produit\/kit-boites-conserv-mepal-modua-3-pieces-2-x-1-000-ml-1-x-2-000-ml\/"},"modified":"2026-04-20T23:16:15","modified_gmt":"2026-04-20T21:16:15","slug":"kit-boites-conserv-mepal-modua-3-pieces-2-x-1-000-ml-1-x-2-000-ml","status":"publish","type":"product","link":"https:\/\/shop.bantam.ch\/fr\/produit\/kit-boites-conserv-mepal-modua-3-pieces-2-x-1-000-ml-1-x-2-000-ml\/","title":{"rendered":"Kit bo\u00eetes conserv MEPAL modua 3 pi\u00e8ces 2 x 1 000 ml, + 1 x 2 000 ml"},"content":{"rendered":"<p>Set de d\u00e9marrage de 3 bo\u00eetes de conservation Modula. Le couvercle transparent \u00e0 bord blanc et le joint d&rsquo;\u00e9tanch\u00e9it\u00e9 assurent une fermeture parfaite, ce qui rend ces bo\u00eetes de conservation id\u00e9ales pour la conservation d&rsquo;aliments secs tels que le caf\u00e9, la farine, les chips, les herbes et les p\u00e2tes. Les bo\u00eetes \u00e0 provisions et de conservation Modula sont disponibles en diff\u00e9rentes tailles et versions, tiennent bien en main et sont faciles \u00e0 ouvrir. De plus, les bo\u00eetes sont empilables et lavables au lave-vaisselle. <\/p>\n<p>Set de 3 pi\u00e8ces compos\u00e9 de :<br \/>\n&#8211; 2 bo\u00eetes \u00e0 provisions de 1 l<br \/> chacune<br \/>\n&#8211; 1 bo\u00eete \u00e0 provisions de 2 l<\/p>\n","protected":false},"excerpt":{"rendered":"<p>Set de d\u00e9marrage de 3 bo\u00eetes de conservation Modula. Le couvercle transparent \u00e0 bord blanc et le joint d&rsquo;\u00e9tanch\u00e9it\u00e9 assurent une fermeture parfaite, ce qui rend ces bo\u00eetes de conservation id\u00e9ales pour la conservation d&rsquo;aliments secs tels que le caf\u00e9, la farine, les chips, les herbes et les p\u00e2tes. Les bo\u00eetes \u00e0 provisions et de [&hellip;]<\/p>\n","protected":false},"featured_media":207756,"template":"","meta":{"_acf_changed":false},"product_featured_cat":[],"product_brand":[],"product_cat":[4331],"product_tag":[],"class_list":{"0":"post-201957","1":"product","2":"type-product","3":"status-publish","4":"has-post-thumbnail","6":"product_cat-boites-a-provisions-et-a-produits-frais","8":"first","9":"instock","10":"taxable","11":"shipping-taxable","12":"purchasable","13":"product-type-simple"},"acf":[],"yoast_head":"<!-- This site is optimized with the Yoast SEO plugin v27.4 - https:\/\/yoast.com\/product\/yoast-seo-wordpress\/ -->\n<title>Kit bo\u00eetes conserv MEPAL modua 3 pi\u00e8ces 2 x 1 000 ml, + 1 x 2 000 ml - Bantam Wankm\u00fcller SA<\/title>\n<meta name=\"robots\" content=\"index, follow, max-snippet:-1, max-image-preview:large, max-video-preview:-1\" \/>\n<link rel=\"canonical\" href=\"https:\/\/shop.bantam.ch\/fr\/produit\/kit-boites-conserv-mepal-modua-3-pieces-2-x-1-000-ml-1-x-2-000-ml\/\" \/>\n<meta property=\"og:locale\" content=\"fr_FR\" \/>\n<meta property=\"og:type\" content=\"article\" \/>\n<meta property=\"og:title\" content=\"Kit bo\u00eetes conserv MEPAL modua 3 pi\u00e8ces 2 x 1 000 ml, + 1 x 2 000 ml - Bantam Wankm\u00fcller SA\" \/>\n<meta property=\"og:description\" content=\"Set de d\u00e9marrage de 3 bo\u00eetes de conservation Modula. Le couvercle transparent \u00e0 bord blanc et le joint d&rsquo;\u00e9tanch\u00e9it\u00e9 assurent une fermeture parfaite, ce qui rend ces bo\u00eetes de conservation id\u00e9ales pour la conservation d&rsquo;aliments secs tels que le caf\u00e9, la farine, les chips, les herbes et les p\u00e2tes. Les bo\u00eetes \u00e0 provisions et de [&hellip;]\" \/>\n<meta property=\"og:url\" content=\"https:\/\/shop.bantam.ch\/fr\/produit\/kit-boites-conserv-mepal-modua-3-pieces-2-x-1-000-ml-1-x-2-000-ml\/\" \/>\n<meta property=\"og:site_name\" content=\"Bantam Wankm\u00fcller SA\" \/>\n<meta property=\"article:modified_time\" content=\"2026-04-20T21:16:15+00:00\" \/>\n<meta name=\"twitter:card\" content=\"summary_large_image\" \/>\n<meta name=\"twitter:label1\" content=\"Dur\u00e9e de lecture estim\u00e9e\" \/>\n\t<meta name=\"twitter:data1\" content=\"1 minute\" \/>\n<script type=\"application\/ld+json\" class=\"yoast-schema-graph\">{\"@context\":\"https:\\\/\\\/schema.org\",\"@graph\":[{\"@type\":\"WebPage\",\"@id\":\"https:\\\/\\\/shop.bantam.ch\\\/fr\\\/produit\\\/kit-boites-conserv-mepal-modua-3-pieces-2-x-1-000-ml-1-x-2-000-ml\\\/\",\"url\":\"https:\\\/\\\/shop.bantam.ch\\\/fr\\\/produit\\\/kit-boites-conserv-mepal-modua-3-pieces-2-x-1-000-ml-1-x-2-000-ml\\\/\",\"name\":\"Kit bo\u00eetes conserv MEPAL modua 3 pi\u00e8ces 2 x 1 000 ml, + 1 x 2 000 ml - Bantam Wankm\u00fcller SA\",\"isPartOf\":{\"@id\":\"https:\\\/\\\/shop.bantam.ch\\\/fr\\\/#website\"},\"primaryImageOfPage\":{\"@id\":\"https:\\\/\\\/shop.bantam.ch\\\/fr\\\/produit\\\/kit-boites-conserv-mepal-modua-3-pieces-2-x-1-000-ml-1-x-2-000-ml\\\/#primaryimage\"},\"image\":{\"@id\":\"https:\\\/\\\/shop.bantam.ch\\\/fr\\\/produit\\\/kit-boites-conserv-mepal-modua-3-pieces-2-x-1-000-ml-1-x-2-000-ml\\\/#primaryimage\"},\"thumbnailUrl\":\"https:\\\/\\\/shop.bantam.ch\\\/wp-content\\\/uploads\\\/2024\\\/09\\\/Movera-L-9984843100.jpg\",\"datePublished\":\"2024-05-15T16:17:02+00:00\",\"dateModified\":\"2026-04-20T21:16:15+00:00\",\"breadcrumb\":{\"@id\":\"https:\\\/\\\/shop.bantam.ch\\\/fr\\\/produit\\\/kit-boites-conserv-mepal-modua-3-pieces-2-x-1-000-ml-1-x-2-000-ml\\\/#breadcrumb\"},\"inLanguage\":\"fr-FR\",\"potentialAction\":[{\"@type\":\"ReadAction\",\"target\":[\"https:\\\/\\\/shop.bantam.ch\\\/fr\\\/produit\\\/kit-boites-conserv-mepal-modua-3-pieces-2-x-1-000-ml-1-x-2-000-ml\\\/\"]}]},{\"@type\":\"ImageObject\",\"inLanguage\":\"fr-FR\",\"@id\":\"https:\\\/\\\/shop.bantam.ch\\\/fr\\\/produit\\\/kit-boites-conserv-mepal-modua-3-pieces-2-x-1-000-ml-1-x-2-000-ml\\\/#primaryimage\",\"url\":\"https:\\\/\\\/shop.bantam.ch\\\/wp-content\\\/uploads\\\/2024\\\/09\\\/Movera-L-9984843100.jpg\",\"contentUrl\":\"https:\\\/\\\/shop.bantam.ch\\\/wp-content\\\/uploads\\\/2024\\\/09\\\/Movera-L-9984843100.jpg\",\"width\":640,\"height\":427},{\"@type\":\"BreadcrumbList\",\"@id\":\"https:\\\/\\\/shop.bantam.ch\\\/fr\\\/produit\\\/kit-boites-conserv-mepal-modua-3-pieces-2-x-1-000-ml-1-x-2-000-ml\\\/#breadcrumb\",\"itemListElement\":[{\"@type\":\"ListItem\",\"position\":1,\"name\":\"Accueil\",\"item\":\"https:\\\/\\\/shop.bantam.ch\\\/fr\\\/\"},{\"@type\":\"ListItem\",\"position\":2,\"name\":\"Boutique\",\"item\":\"https:\\\/\\\/shop.bantam.ch\\\/fr\\\/boutique\\\/\"},{\"@type\":\"ListItem\",\"position\":3,\"name\":\"Kit bo\u00eetes conserv MEPAL modua 3 pi\u00e8ces 2 x 1 000 ml, + 1 x 2 000 ml\"}]},{\"@type\":\"WebSite\",\"@id\":\"https:\\\/\\\/shop.bantam.ch\\\/fr\\\/#website\",\"url\":\"https:\\\/\\\/shop.bantam.ch\\\/fr\\\/\",\"name\":\"Bantam Wankm\u00fcller SA\",\"description\":\"\",\"publisher\":{\"@id\":\"https:\\\/\\\/shop.bantam.ch\\\/fr\\\/#organization\"},\"inLanguage\":\"fr-FR\"},{\"@type\":\"Organization\",\"@id\":\"https:\\\/\\\/shop.bantam.ch\\\/fr\\\/#organization\",\"name\":\"Bantam Wankm\u00fcller SA\",\"url\":\"https:\\\/\\\/shop.bantam.ch\\\/fr\\\/\",\"logo\":{\"@type\":\"ImageObject\",\"inLanguage\":\"fr-FR\",\"@id\":\"https:\\\/\\\/shop.bantam.ch\\\/fr\\\/#\\\/schema\\\/logo\\\/image\\\/\",\"url\":\"https:\\\/\\\/shop.bantam.ch\\\/wp-content\\\/uploads\\\/2022\\\/12\\\/bantam-logo.png\",\"contentUrl\":\"https:\\\/\\\/shop.bantam.ch\\\/wp-content\\\/uploads\\\/2022\\\/12\\\/bantam-logo.png\",\"width\":320,\"height\":71,\"caption\":\"Bantam Wankm\u00fcller SA\"},\"image\":{\"@id\":\"https:\\\/\\\/shop.bantam.ch\\\/fr\\\/#\\\/schema\\\/logo\\\/image\\\/\"}}]}<\/script>\n<!-- \/ Yoast SEO plugin. -->","yoast_head_json":{"title":"Kit bo\u00eetes conserv MEPAL modua 3 pi\u00e8ces 2 x 1 000 ml, + 1 x 2 000 ml - Bantam Wankm\u00fcller SA","robots":{"index":"index","follow":"follow","max-snippet":"max-snippet:-1","max-image-preview":"max-image-preview:large","max-video-preview":"max-video-preview:-1"},"canonical":"https:\/\/shop.bantam.ch\/fr\/produit\/kit-boites-conserv-mepal-modua-3-pieces-2-x-1-000-ml-1-x-2-000-ml\/","og_locale":"fr_FR","og_type":"article","og_title":"Kit bo\u00eetes conserv MEPAL modua 3 pi\u00e8ces 2 x 1 000 ml, + 1 x 2 000 ml - Bantam Wankm\u00fcller SA","og_description":"Set de d\u00e9marrage de 3 bo\u00eetes de conservation Modula. Le couvercle transparent \u00e0 bord blanc et le joint d&rsquo;\u00e9tanch\u00e9it\u00e9 assurent une fermeture parfaite, ce qui rend ces bo\u00eetes de conservation id\u00e9ales pour la conservation d&rsquo;aliments secs tels que le caf\u00e9, la farine, les chips, les herbes et les p\u00e2tes. Les bo\u00eetes \u00e0 provisions et de [&hellip;]","og_url":"https:\/\/shop.bantam.ch\/fr\/produit\/kit-boites-conserv-mepal-modua-3-pieces-2-x-1-000-ml-1-x-2-000-ml\/","og_site_name":"Bantam Wankm\u00fcller SA","article_modified_time":"2026-04-20T21:16:15+00:00","twitter_card":"summary_large_image","twitter_misc":{"Dur\u00e9e de lecture estim\u00e9e":"1 minute"},"schema":{"@context":"https:\/\/schema.org","@graph":[{"@type":"WebPage","@id":"https:\/\/shop.bantam.ch\/fr\/produit\/kit-boites-conserv-mepal-modua-3-pieces-2-x-1-000-ml-1-x-2-000-ml\/","url":"https:\/\/shop.bantam.ch\/fr\/produit\/kit-boites-conserv-mepal-modua-3-pieces-2-x-1-000-ml-1-x-2-000-ml\/","name":"Kit bo\u00eetes conserv MEPAL modua 3 pi\u00e8ces 2 x 1 000 ml, + 1 x 2 000 ml - Bantam Wankm\u00fcller SA","isPartOf":{"@id":"https:\/\/shop.bantam.ch\/fr\/#website"},"primaryImageOfPage":{"@id":"https:\/\/shop.bantam.ch\/fr\/produit\/kit-boites-conserv-mepal-modua-3-pieces-2-x-1-000-ml-1-x-2-000-ml\/#primaryimage"},"image":{"@id":"https:\/\/shop.bantam.ch\/fr\/produit\/kit-boites-conserv-mepal-modua-3-pieces-2-x-1-000-ml-1-x-2-000-ml\/#primaryimage"},"thumbnailUrl":"https:\/\/shop.bantam.ch\/wp-content\/uploads\/2024\/09\/Movera-L-9984843100.jpg","datePublished":"2024-05-15T16:17:02+00:00","dateModified":"2026-04-20T21:16:15+00:00","breadcrumb":{"@id":"https:\/\/shop.bantam.ch\/fr\/produit\/kit-boites-conserv-mepal-modua-3-pieces-2-x-1-000-ml-1-x-2-000-ml\/#breadcrumb"},"inLanguage":"fr-FR","potentialAction":[{"@type":"ReadAction","target":["https:\/\/shop.bantam.ch\/fr\/produit\/kit-boites-conserv-mepal-modua-3-pieces-2-x-1-000-ml-1-x-2-000-ml\/"]}]},{"@type":"ImageObject","inLanguage":"fr-FR","@id":"https:\/\/shop.bantam.ch\/fr\/produit\/kit-boites-conserv-mepal-modua-3-pieces-2-x-1-000-ml-1-x-2-000-ml\/#primaryimage","url":"https:\/\/shop.bantam.ch\/wp-content\/uploads\/2024\/09\/Movera-L-9984843100.jpg","contentUrl":"https:\/\/shop.bantam.ch\/wp-content\/uploads\/2024\/09\/Movera-L-9984843100.jpg","width":640,"height":427},{"@type":"BreadcrumbList","@id":"https:\/\/shop.bantam.ch\/fr\/produit\/kit-boites-conserv-mepal-modua-3-pieces-2-x-1-000-ml-1-x-2-000-ml\/#breadcrumb","itemListElement":[{"@type":"ListItem","position":1,"name":"Accueil","item":"https:\/\/shop.bantam.ch\/fr\/"},{"@type":"ListItem","position":2,"name":"Boutique","item":"https:\/\/shop.bantam.ch\/fr\/boutique\/"},{"@type":"ListItem","position":3,"name":"Kit bo\u00eetes conserv MEPAL modua 3 pi\u00e8ces 2 x 1 000 ml, + 1 x 2 000 ml"}]},{"@type":"WebSite","@id":"https:\/\/shop.bantam.ch\/fr\/#website","url":"https:\/\/shop.bantam.ch\/fr\/","name":"Bantam Wankm\u00fcller SA","description":"","publisher":{"@id":"https:\/\/shop.bantam.ch\/fr\/#organization"},"inLanguage":"fr-FR"},{"@type":"Organization","@id":"https:\/\/shop.bantam.ch\/fr\/#organization","name":"Bantam Wankm\u00fcller SA","url":"https:\/\/shop.bantam.ch\/fr\/","logo":{"@type":"ImageObject","inLanguage":"fr-FR","@id":"https:\/\/shop.bantam.ch\/fr\/#\/schema\/logo\/image\/","url":"https:\/\/shop.bantam.ch\/wp-content\/uploads\/2022\/12\/bantam-logo.png","contentUrl":"https:\/\/shop.bantam.ch\/wp-content\/uploads\/2022\/12\/bantam-logo.png","width":320,"height":71,"caption":"Bantam Wankm\u00fcller SA"},"image":{"@id":"https:\/\/shop.bantam.ch\/fr\/#\/schema\/logo\/image\/"}}]}},"_links":{"self":[{"href":"https:\/\/shop.bantam.ch\/fr\/wp-json\/wp\/v2\/product\/201957","targetHints":{"allow":["GET"]}}],"collection":[{"href":"https:\/\/shop.bantam.ch\/fr\/wp-json\/wp\/v2\/product"}],"about":[{"href":"https:\/\/shop.bantam.ch\/fr\/wp-json\/wp\/v2\/types\/product"}],"wp:featuredmedia":[{"embeddable":true,"href":"https:\/\/shop.bantam.ch\/fr\/wp-json\/wp\/v2\/media\/207756"}],"wp:attachment":[{"href":"https:\/\/shop.bantam.ch\/fr\/wp-json\/wp\/v2\/media?parent=201957"}],"wp:term":[{"taxonomy":"product_featured_cat","embeddable":true,"href":"https:\/\/shop.bantam.ch\/fr\/wp-json\/wp\/v2\/product_featured_cat?post=201957"},{"taxonomy":"product_brand","embeddable":true,"href":"https:\/\/shop.bantam.ch\/fr\/wp-json\/wp\/v2\/product_brand?post=201957"},{"taxonomy":"product_cat","embeddable":true,"href":"https:\/\/shop.bantam.ch\/fr\/wp-json\/wp\/v2\/product_cat?post=201957"},{"taxonomy":"product_tag","embeddable":true,"href":"https:\/\/shop.bantam.ch\/fr\/wp-json\/wp\/v2\/product_tag?post=201957"}],"curies":[{"name":"wp","href":"https:\/\/api.w.org\/{rel}","templated":true}]}}