{"id":201695,"date":"2024-05-15T18:09:07","date_gmt":"2024-05-15T16:09:07","guid":{"rendered":"https:\/\/shop.bantam.ch\/produit\/service-vaiss-melamine-gimex-16-pcs-col-nature-line-teak\/"},"modified":"2026-05-01T23:11:56","modified_gmt":"2026-05-01T21:11:56","slug":"service-vaiss-melamine-gimex-16-pcs-col-nature-line-teak","status":"publish","type":"product","link":"https:\/\/shop.bantam.ch\/fr\/produit\/service-vaiss-melamine-gimex-16-pcs-col-nature-line-teak\/","title":{"rendered":"Service vaiss. m\u00e9lamine Gimex 16 pcs., col. nature line teak"},"content":{"rendered":"<p>Un set de vaisselle \u00e9l\u00e9gant en couleur bois de la collection Nature line. 100% m\u00e9lamine de haute qualit\u00e9, pratiquement incassable et r\u00e9sistant aux rayures. Le set se compose de 16 pi\u00e8ces. Id\u00e9al pour le camping, la maison ou le bateau. De plus, la vaisselle est l\u00e9g\u00e8re, passe au lave-vaisselle et convient pour les aliments.<\/p>\n<p>&nbsp;<\/p>\n<p>Compos\u00e9e de:<br \/>\n4 assiettes \u00e0 manger \u00d8 25 cm<\/p>\n<p>4 assiettes \u00e0 d\u00e9jeuner \u00d8 20,5 cm<\/p>\n<p>4 bols \u00d8 14 cm<\/p>\n<p>4 gobelets 350 ml<br \/>\n&nbsp;<\/p>\n","protected":false},"excerpt":{"rendered":"<p>Un set de vaisselle \u00e9l\u00e9gant en couleur bois de la collection Nature line. 100% m\u00e9lamine de haute qualit\u00e9, pratiquement incassable et r\u00e9sistant aux rayures. Le set se compose de 16 pi\u00e8ces. Id\u00e9al pour le camping, la maison ou le bateau. De plus, la vaisselle est l\u00e9g\u00e8re, passe au lave-vaisselle et convient pour les aliments. &nbsp; [&hellip;]<\/p>\n","protected":false},"featured_media":207738,"template":"","meta":{"_acf_changed":false},"product_featured_cat":[],"product_brand":[],"product_cat":[4273],"product_tag":[],"class_list":{"0":"post-201695","1":"product","2":"type-product","3":"status-publish","4":"has-post-thumbnail","6":"product_cat-services-de-table","8":"first","9":"instock","10":"taxable","11":"shipping-taxable","12":"purchasable","13":"product-type-simple"},"acf":[],"yoast_head":"<!-- This site is optimized with the Yoast SEO plugin v27.5 - https:\/\/yoast.com\/product\/yoast-seo-wordpress\/ -->\n<title>Service vaiss. m\u00e9lamine Gimex 16 pcs., col. nature line teak - Bantam<\/title>\n<meta name=\"robots\" content=\"index, follow, max-snippet:-1, max-image-preview:large, max-video-preview:-1\" \/>\n<link rel=\"canonical\" href=\"https:\/\/shop.bantam.ch\/fr\/produit\/service-vaiss-melamine-gimex-16-pcs-col-nature-line-teak\/\" \/>\n<meta property=\"og:locale\" content=\"fr_FR\" \/>\n<meta property=\"og:type\" content=\"article\" \/>\n<meta property=\"og:title\" content=\"Service vaiss. m\u00e9lamine Gimex 16 pcs., col. nature line teak - Bantam\" \/>\n<meta property=\"og:description\" content=\"Un set de vaisselle \u00e9l\u00e9gant en couleur bois de la collection Nature line. 100% m\u00e9lamine de haute qualit\u00e9, pratiquement incassable et r\u00e9sistant aux rayures. Le set se compose de 16 pi\u00e8ces. Id\u00e9al pour le camping, la maison ou le bateau. De plus, la vaisselle est l\u00e9g\u00e8re, passe au lave-vaisselle et convient pour les aliments. &nbsp; [&hellip;]\" \/>\n<meta property=\"og:url\" content=\"https:\/\/shop.bantam.ch\/fr\/produit\/service-vaiss-melamine-gimex-16-pcs-col-nature-line-teak\/\" \/>\n<meta property=\"og:site_name\" content=\"Bantam\" \/>\n<meta property=\"article:modified_time\" content=\"2026-05-01T21:11:56+00:00\" \/>\n<meta name=\"twitter:card\" content=\"summary_large_image\" \/>\n<script type=\"application\/ld+json\" class=\"yoast-schema-graph\">{\"@context\":\"https:\\\/\\\/schema.org\",\"@graph\":[{\"@type\":\"WebPage\",\"@id\":\"https:\\\/\\\/shop.bantam.ch\\\/fr\\\/produit\\\/service-vaiss-melamine-gimex-16-pcs-col-nature-line-teak\\\/\",\"url\":\"https:\\\/\\\/shop.bantam.ch\\\/fr\\\/produit\\\/service-vaiss-melamine-gimex-16-pcs-col-nature-line-teak\\\/\",\"name\":\"Service vaiss. m\u00e9lamine Gimex 16 pcs., col. nature line teak - Bantam\",\"isPartOf\":{\"@id\":\"https:\\\/\\\/shop.bantam.ch\\\/fr\\\/#website\"},\"primaryImageOfPage\":{\"@id\":\"https:\\\/\\\/shop.bantam.ch\\\/fr\\\/produit\\\/service-vaiss-melamine-gimex-16-pcs-col-nature-line-teak\\\/#primaryimage\"},\"image\":{\"@id\":\"https:\\\/\\\/shop.bantam.ch\\\/fr\\\/produit\\\/service-vaiss-melamine-gimex-16-pcs-col-nature-line-teak\\\/#primaryimage\"},\"thumbnailUrl\":\"https:\\\/\\\/shop.bantam.ch\\\/wp-content\\\/uploads\\\/2024\\\/09\\\/Movera-L-9984817100.jpg\",\"datePublished\":\"2024-05-15T16:09:07+00:00\",\"dateModified\":\"2026-05-01T21:11:56+00:00\",\"breadcrumb\":{\"@id\":\"https:\\\/\\\/shop.bantam.ch\\\/fr\\\/produit\\\/service-vaiss-melamine-gimex-16-pcs-col-nature-line-teak\\\/#breadcrumb\"},\"inLanguage\":\"fr-FR\",\"potentialAction\":[{\"@type\":\"ReadAction\",\"target\":[\"https:\\\/\\\/shop.bantam.ch\\\/fr\\\/produit\\\/service-vaiss-melamine-gimex-16-pcs-col-nature-line-teak\\\/\"]}]},{\"@type\":\"ImageObject\",\"inLanguage\":\"fr-FR\",\"@id\":\"https:\\\/\\\/shop.bantam.ch\\\/fr\\\/produit\\\/service-vaiss-melamine-gimex-16-pcs-col-nature-line-teak\\\/#primaryimage\",\"url\":\"https:\\\/\\\/shop.bantam.ch\\\/wp-content\\\/uploads\\\/2024\\\/09\\\/Movera-L-9984817100.jpg\",\"contentUrl\":\"https:\\\/\\\/shop.bantam.ch\\\/wp-content\\\/uploads\\\/2024\\\/09\\\/Movera-L-9984817100.jpg\",\"width\":640,\"height\":807},{\"@type\":\"BreadcrumbList\",\"@id\":\"https:\\\/\\\/shop.bantam.ch\\\/fr\\\/produit\\\/service-vaiss-melamine-gimex-16-pcs-col-nature-line-teak\\\/#breadcrumb\",\"itemListElement\":[{\"@type\":\"ListItem\",\"position\":1,\"name\":\"Accueil\",\"item\":\"https:\\\/\\\/shop.bantam.ch\\\/fr\\\/\"},{\"@type\":\"ListItem\",\"position\":2,\"name\":\"Boutique\",\"item\":\"https:\\\/\\\/shop.bantam.ch\\\/fr\\\/boutique\\\/\"},{\"@type\":\"ListItem\",\"position\":3,\"name\":\"Service vaiss. m\u00e9lamine Gimex 16 pcs., col. nature line teak\"}]},{\"@type\":\"WebSite\",\"@id\":\"https:\\\/\\\/shop.bantam.ch\\\/fr\\\/#website\",\"url\":\"https:\\\/\\\/shop.bantam.ch\\\/fr\\\/\",\"name\":\"Bantam\",\"description\":\"\",\"publisher\":{\"@id\":\"https:\\\/\\\/shop.bantam.ch\\\/fr\\\/#organization\"},\"inLanguage\":\"fr-FR\"},{\"@type\":\"Organization\",\"@id\":\"https:\\\/\\\/shop.bantam.ch\\\/fr\\\/#organization\",\"name\":\"Bantam\",\"url\":\"https:\\\/\\\/shop.bantam.ch\\\/fr\\\/\",\"logo\":{\"@type\":\"ImageObject\",\"inLanguage\":\"fr-FR\",\"@id\":\"https:\\\/\\\/shop.bantam.ch\\\/fr\\\/#\\\/schema\\\/logo\\\/image\\\/\",\"url\":\"https:\\\/\\\/shop.bantam.ch\\\/wp-content\\\/uploads\\\/2022\\\/12\\\/bantam-logo.png\",\"contentUrl\":\"https:\\\/\\\/shop.bantam.ch\\\/wp-content\\\/uploads\\\/2022\\\/12\\\/bantam-logo.png\",\"width\":320,\"height\":71,\"caption\":\"Bantam\"},\"image\":{\"@id\":\"https:\\\/\\\/shop.bantam.ch\\\/fr\\\/#\\\/schema\\\/logo\\\/image\\\/\"}}]}<\/script>\n<!-- \/ Yoast SEO plugin. -->","yoast_head_json":{"title":"Service vaiss. m\u00e9lamine Gimex 16 pcs., col. nature line teak - Bantam","robots":{"index":"index","follow":"follow","max-snippet":"max-snippet:-1","max-image-preview":"max-image-preview:large","max-video-preview":"max-video-preview:-1"},"canonical":"https:\/\/shop.bantam.ch\/fr\/produit\/service-vaiss-melamine-gimex-16-pcs-col-nature-line-teak\/","og_locale":"fr_FR","og_type":"article","og_title":"Service vaiss. m\u00e9lamine Gimex 16 pcs., col. nature line teak - Bantam","og_description":"Un set de vaisselle \u00e9l\u00e9gant en couleur bois de la collection Nature line. 100% m\u00e9lamine de haute qualit\u00e9, pratiquement incassable et r\u00e9sistant aux rayures. Le set se compose de 16 pi\u00e8ces. Id\u00e9al pour le camping, la maison ou le bateau. De plus, la vaisselle est l\u00e9g\u00e8re, passe au lave-vaisselle et convient pour les aliments. &nbsp; [&hellip;]","og_url":"https:\/\/shop.bantam.ch\/fr\/produit\/service-vaiss-melamine-gimex-16-pcs-col-nature-line-teak\/","og_site_name":"Bantam","article_modified_time":"2026-05-01T21:11:56+00:00","twitter_card":"summary_large_image","schema":{"@context":"https:\/\/schema.org","@graph":[{"@type":"WebPage","@id":"https:\/\/shop.bantam.ch\/fr\/produit\/service-vaiss-melamine-gimex-16-pcs-col-nature-line-teak\/","url":"https:\/\/shop.bantam.ch\/fr\/produit\/service-vaiss-melamine-gimex-16-pcs-col-nature-line-teak\/","name":"Service vaiss. m\u00e9lamine Gimex 16 pcs., col. nature line teak - Bantam","isPartOf":{"@id":"https:\/\/shop.bantam.ch\/fr\/#website"},"primaryImageOfPage":{"@id":"https:\/\/shop.bantam.ch\/fr\/produit\/service-vaiss-melamine-gimex-16-pcs-col-nature-line-teak\/#primaryimage"},"image":{"@id":"https:\/\/shop.bantam.ch\/fr\/produit\/service-vaiss-melamine-gimex-16-pcs-col-nature-line-teak\/#primaryimage"},"thumbnailUrl":"https:\/\/shop.bantam.ch\/wp-content\/uploads\/2024\/09\/Movera-L-9984817100.jpg","datePublished":"2024-05-15T16:09:07+00:00","dateModified":"2026-05-01T21:11:56+00:00","breadcrumb":{"@id":"https:\/\/shop.bantam.ch\/fr\/produit\/service-vaiss-melamine-gimex-16-pcs-col-nature-line-teak\/#breadcrumb"},"inLanguage":"fr-FR","potentialAction":[{"@type":"ReadAction","target":["https:\/\/shop.bantam.ch\/fr\/produit\/service-vaiss-melamine-gimex-16-pcs-col-nature-line-teak\/"]}]},{"@type":"ImageObject","inLanguage":"fr-FR","@id":"https:\/\/shop.bantam.ch\/fr\/produit\/service-vaiss-melamine-gimex-16-pcs-col-nature-line-teak\/#primaryimage","url":"https:\/\/shop.bantam.ch\/wp-content\/uploads\/2024\/09\/Movera-L-9984817100.jpg","contentUrl":"https:\/\/shop.bantam.ch\/wp-content\/uploads\/2024\/09\/Movera-L-9984817100.jpg","width":640,"height":807},{"@type":"BreadcrumbList","@id":"https:\/\/shop.bantam.ch\/fr\/produit\/service-vaiss-melamine-gimex-16-pcs-col-nature-line-teak\/#breadcrumb","itemListElement":[{"@type":"ListItem","position":1,"name":"Accueil","item":"https:\/\/shop.bantam.ch\/fr\/"},{"@type":"ListItem","position":2,"name":"Boutique","item":"https:\/\/shop.bantam.ch\/fr\/boutique\/"},{"@type":"ListItem","position":3,"name":"Service vaiss. m\u00e9lamine Gimex 16 pcs., col. nature line teak"}]},{"@type":"WebSite","@id":"https:\/\/shop.bantam.ch\/fr\/#website","url":"https:\/\/shop.bantam.ch\/fr\/","name":"Bantam","description":"","publisher":{"@id":"https:\/\/shop.bantam.ch\/fr\/#organization"},"inLanguage":"fr-FR"},{"@type":"Organization","@id":"https:\/\/shop.bantam.ch\/fr\/#organization","name":"Bantam","url":"https:\/\/shop.bantam.ch\/fr\/","logo":{"@type":"ImageObject","inLanguage":"fr-FR","@id":"https:\/\/shop.bantam.ch\/fr\/#\/schema\/logo\/image\/","url":"https:\/\/shop.bantam.ch\/wp-content\/uploads\/2022\/12\/bantam-logo.png","contentUrl":"https:\/\/shop.bantam.ch\/wp-content\/uploads\/2022\/12\/bantam-logo.png","width":320,"height":71,"caption":"Bantam"},"image":{"@id":"https:\/\/shop.bantam.ch\/fr\/#\/schema\/logo\/image\/"}}]}},"_links":{"self":[{"href":"https:\/\/shop.bantam.ch\/fr\/wp-json\/wp\/v2\/product\/201695","targetHints":{"allow":["GET"]}}],"collection":[{"href":"https:\/\/shop.bantam.ch\/fr\/wp-json\/wp\/v2\/product"}],"about":[{"href":"https:\/\/shop.bantam.ch\/fr\/wp-json\/wp\/v2\/types\/product"}],"wp:featuredmedia":[{"embeddable":true,"href":"https:\/\/shop.bantam.ch\/fr\/wp-json\/wp\/v2\/media\/207738"}],"wp:attachment":[{"href":"https:\/\/shop.bantam.ch\/fr\/wp-json\/wp\/v2\/media?parent=201695"}],"wp:term":[{"taxonomy":"product_featured_cat","embeddable":true,"href":"https:\/\/shop.bantam.ch\/fr\/wp-json\/wp\/v2\/product_featured_cat?post=201695"},{"taxonomy":"product_brand","embeddable":true,"href":"https:\/\/shop.bantam.ch\/fr\/wp-json\/wp\/v2\/product_brand?post=201695"},{"taxonomy":"product_cat","embeddable":true,"href":"https:\/\/shop.bantam.ch\/fr\/wp-json\/wp\/v2\/product_cat?post=201695"},{"taxonomy":"product_tag","embeddable":true,"href":"https:\/\/shop.bantam.ch\/fr\/wp-json\/wp\/v2\/product_tag?post=201695"}],"curies":[{"name":"wp","href":"https:\/\/api.w.org\/{rel}","templated":true}]}}