{"id":201639,"date":"2024-05-15T18:07:46","date_gmt":"2024-05-15T16:07:46","guid":{"rendered":"https:\/\/shop.bantam.ch\/produit\/stauleisten-purvario-fb-hellgrau-anthrazit-fur-kuhlschranke-pure-light-8er-set-inkl-clips\/"},"modified":"2026-04-18T23:18:15","modified_gmt":"2026-04-18T21:18:15","slug":"stauleisten-purvario-fb-hellgrau-anthrazit-fur-kuhlschranke-pure-light-8er-set-inkl-clips","status":"publish","type":"product","link":"https:\/\/shop.bantam.ch\/fr\/produit\/stauleisten-purvario-fb-hellgrau-anthrazit-fur-kuhlschranke-pure-light-8er-set-inkl-clips\/","title":{"rendered":"Stauleisten purvario Fb. hellgrau \/ anthrazit f\u00fcr K\u00fchlschr\u00e4nke PURE LIGHT 8er Set inkl. Clips"},"content":{"rendered":"<p>Qui n&rsquo;aimerait pas avoir son propre verre de vin ou de bi\u00e8re avec lui en vacances, son propre vinaigre \/ huile ou son vin ?<br \/>\nRien ne se renverse, ne se casse et ne s&rsquo;ab\u00eeme.<br \/>\nLe porte-bouteilles et verres FLEXXI 100 est parfaitement adapt\u00e9 \u00e0 une utilisation mobile pour transporter des bouteilles, des verres (gaz v\u00e9ritable) &#8211; m\u00eame des verres de style comme des verres \u00e0 vin, \u00e0 bi\u00e8re ou \u00e0 champagne &#8211; de mani\u00e8re super s\u00e9curis\u00e9e.<br \/>\nLe maniement est merveilleusement simple.<br \/>\nLes 4 supports sont gliss\u00e9s sur la croix. Le diam\u00e8tre peut ainsi \u00eatre adapt\u00e9 de mani\u00e8re flexible et pr\u00e9cise \u00e0 votre r\u00e9cipient gr\u00e2ce aux possibilit\u00e9s de quadrillage existantes.<br \/>\nImportant : pour pouvoir utiliser le porte-bouteilles et porte-verres FLEXXI 100, vous avez besoin de la plaque \u00e0 picots comme base.<br \/>\nApr\u00e8s avoir r\u00e9gl\u00e9 la taille de la bouteille, il suffit d&#8217;embo\u00eeter le FLEXXI 100 sur la plaque \u00e0 picots.<br \/>\nFixer, ajuster, c&rsquo;est termin\u00e9 &#8211; cela n&rsquo;a jamais \u00e9t\u00e9 aussi simple.<\/p>\n<p>Diam\u00e8tre du r\u00e9cipient : 6 \u00e0 12 cm<\/p>\n<p>&nbsp;<\/p>\n<p>Avec la plaque \u00e0 picots, le FLEXXI 100 peut \u00eatre utilis\u00e9 pour tous les tiroirs, les compartiments de rangement, les bo\u00eetes de transport, l&rsquo;armoire \u00e0 pharmacie, etc.<br \/>\nPossibilit\u00e9s d&rsquo;insertion variables et repositionnables \u00e0 tout moment en cas de besoin.<br \/>\nAutre avantage : le poids est tr\u00e8s l\u00e9ger.<\/p>\n<p>&nbsp;<\/p>\n<p>Conseil : Le porte-bouteilles peut \u00e9galement \u00eatre utilis\u00e9 dans la STAUBOX et la STAUTOWER de purvario.<\/p>\n","protected":false},"excerpt":{"rendered":"<p>Qui n&rsquo;aimerait pas avoir son propre verre de vin ou de bi\u00e8re avec lui en vacances, son propre vinaigre \/ huile ou son vin ? Rien ne se renverse, ne se casse et ne s&rsquo;ab\u00eeme. Le porte-bouteilles et verres FLEXXI 100 est parfaitement adapt\u00e9 \u00e0 une utilisation mobile pour transporter des bouteilles, des verres (gaz [&hellip;]<\/p>\n","protected":false},"featured_media":207726,"template":"","meta":{"_acf_changed":false},"product_featured_cat":[],"product_brand":[],"product_cat":[5149],"product_tag":[],"class_list":{"0":"post-201639","1":"product","2":"type-product","3":"status-publish","4":"has-post-thumbnail","6":"product_cat-rangements-pour-la-vaisselle","8":"first","9":"instock","10":"taxable","11":"shipping-taxable","12":"purchasable","13":"product-type-simple"},"acf":[],"yoast_head":"<!-- This site is optimized with the Yoast SEO plugin v27.4 - https:\/\/yoast.com\/product\/yoast-seo-wordpress\/ -->\n<title>Stauleisten purvario Fb. hellgrau \/ anthrazit f\u00fcr K\u00fchlschr\u00e4nke PURE LIGHT 8er Set inkl. Clips - Bantam Wankm\u00fcller SA<\/title>\n<meta name=\"robots\" content=\"index, follow, max-snippet:-1, max-image-preview:large, max-video-preview:-1\" \/>\n<link rel=\"canonical\" href=\"https:\/\/shop.bantam.ch\/fr\/produit\/stauleisten-purvario-fb-hellgrau-anthrazit-fur-kuhlschranke-pure-light-8er-set-inkl-clips\/\" \/>\n<meta property=\"og:locale\" content=\"fr_FR\" \/>\n<meta property=\"og:type\" content=\"article\" \/>\n<meta property=\"og:title\" content=\"Stauleisten purvario Fb. hellgrau \/ anthrazit f\u00fcr K\u00fchlschr\u00e4nke PURE LIGHT 8er Set inkl. Clips - Bantam Wankm\u00fcller SA\" \/>\n<meta property=\"og:description\" content=\"Qui n&rsquo;aimerait pas avoir son propre verre de vin ou de bi\u00e8re avec lui en vacances, son propre vinaigre \/ huile ou son vin ? Rien ne se renverse, ne se casse et ne s&rsquo;ab\u00eeme. Le porte-bouteilles et verres FLEXXI 100 est parfaitement adapt\u00e9 \u00e0 une utilisation mobile pour transporter des bouteilles, des verres (gaz [&hellip;]\" \/>\n<meta property=\"og:url\" content=\"https:\/\/shop.bantam.ch\/fr\/produit\/stauleisten-purvario-fb-hellgrau-anthrazit-fur-kuhlschranke-pure-light-8er-set-inkl-clips\/\" \/>\n<meta property=\"og:site_name\" content=\"Bantam Wankm\u00fcller SA\" \/>\n<meta property=\"article:modified_time\" content=\"2026-04-18T21:18:15+00:00\" \/>\n<meta name=\"twitter:card\" content=\"summary_large_image\" \/>\n<meta name=\"twitter:label1\" content=\"Dur\u00e9e de lecture estim\u00e9e\" \/>\n\t<meta name=\"twitter:data1\" content=\"1 minute\" \/>\n<script type=\"application\/ld+json\" class=\"yoast-schema-graph\">{\"@context\":\"https:\\\/\\\/schema.org\",\"@graph\":[{\"@type\":\"WebPage\",\"@id\":\"https:\\\/\\\/shop.bantam.ch\\\/fr\\\/produit\\\/stauleisten-purvario-fb-hellgrau-anthrazit-fur-kuhlschranke-pure-light-8er-set-inkl-clips\\\/\",\"url\":\"https:\\\/\\\/shop.bantam.ch\\\/fr\\\/produit\\\/stauleisten-purvario-fb-hellgrau-anthrazit-fur-kuhlschranke-pure-light-8er-set-inkl-clips\\\/\",\"name\":\"Stauleisten purvario Fb. hellgrau \\\/ anthrazit f\u00fcr K\u00fchlschr\u00e4nke PURE LIGHT 8er Set inkl. Clips - Bantam Wankm\u00fcller SA\",\"isPartOf\":{\"@id\":\"https:\\\/\\\/shop.bantam.ch\\\/fr\\\/#website\"},\"primaryImageOfPage\":{\"@id\":\"https:\\\/\\\/shop.bantam.ch\\\/fr\\\/produit\\\/stauleisten-purvario-fb-hellgrau-anthrazit-fur-kuhlschranke-pure-light-8er-set-inkl-clips\\\/#primaryimage\"},\"image\":{\"@id\":\"https:\\\/\\\/shop.bantam.ch\\\/fr\\\/produit\\\/stauleisten-purvario-fb-hellgrau-anthrazit-fur-kuhlschranke-pure-light-8er-set-inkl-clips\\\/#primaryimage\"},\"thumbnailUrl\":\"https:\\\/\\\/shop.bantam.ch\\\/wp-content\\\/uploads\\\/2024\\\/09\\\/Movera-L-9984760100.jpg\",\"datePublished\":\"2024-05-15T16:07:46+00:00\",\"dateModified\":\"2026-04-18T21:18:15+00:00\",\"breadcrumb\":{\"@id\":\"https:\\\/\\\/shop.bantam.ch\\\/fr\\\/produit\\\/stauleisten-purvario-fb-hellgrau-anthrazit-fur-kuhlschranke-pure-light-8er-set-inkl-clips\\\/#breadcrumb\"},\"inLanguage\":\"fr-FR\",\"potentialAction\":[{\"@type\":\"ReadAction\",\"target\":[\"https:\\\/\\\/shop.bantam.ch\\\/fr\\\/produit\\\/stauleisten-purvario-fb-hellgrau-anthrazit-fur-kuhlschranke-pure-light-8er-set-inkl-clips\\\/\"]}]},{\"@type\":\"ImageObject\",\"inLanguage\":\"fr-FR\",\"@id\":\"https:\\\/\\\/shop.bantam.ch\\\/fr\\\/produit\\\/stauleisten-purvario-fb-hellgrau-anthrazit-fur-kuhlschranke-pure-light-8er-set-inkl-clips\\\/#primaryimage\",\"url\":\"https:\\\/\\\/shop.bantam.ch\\\/wp-content\\\/uploads\\\/2024\\\/09\\\/Movera-L-9984760100.jpg\",\"contentUrl\":\"https:\\\/\\\/shop.bantam.ch\\\/wp-content\\\/uploads\\\/2024\\\/09\\\/Movera-L-9984760100.jpg\",\"width\":640,\"height\":457},{\"@type\":\"BreadcrumbList\",\"@id\":\"https:\\\/\\\/shop.bantam.ch\\\/fr\\\/produit\\\/stauleisten-purvario-fb-hellgrau-anthrazit-fur-kuhlschranke-pure-light-8er-set-inkl-clips\\\/#breadcrumb\",\"itemListElement\":[{\"@type\":\"ListItem\",\"position\":1,\"name\":\"Accueil\",\"item\":\"https:\\\/\\\/shop.bantam.ch\\\/fr\\\/\"},{\"@type\":\"ListItem\",\"position\":2,\"name\":\"Boutique\",\"item\":\"https:\\\/\\\/shop.bantam.ch\\\/fr\\\/boutique\\\/\"},{\"@type\":\"ListItem\",\"position\":3,\"name\":\"Stauleisten purvario Fb. hellgrau \\\/ anthrazit f\u00fcr K\u00fchlschr\u00e4nke PURE LIGHT 8er Set inkl. Clips\"}]},{\"@type\":\"WebSite\",\"@id\":\"https:\\\/\\\/shop.bantam.ch\\\/fr\\\/#website\",\"url\":\"https:\\\/\\\/shop.bantam.ch\\\/fr\\\/\",\"name\":\"Bantam Wankm\u00fcller SA\",\"description\":\"\",\"publisher\":{\"@id\":\"https:\\\/\\\/shop.bantam.ch\\\/fr\\\/#organization\"},\"inLanguage\":\"fr-FR\"},{\"@type\":\"Organization\",\"@id\":\"https:\\\/\\\/shop.bantam.ch\\\/fr\\\/#organization\",\"name\":\"Bantam Wankm\u00fcller SA\",\"url\":\"https:\\\/\\\/shop.bantam.ch\\\/fr\\\/\",\"logo\":{\"@type\":\"ImageObject\",\"inLanguage\":\"fr-FR\",\"@id\":\"https:\\\/\\\/shop.bantam.ch\\\/fr\\\/#\\\/schema\\\/logo\\\/image\\\/\",\"url\":\"https:\\\/\\\/shop.bantam.ch\\\/wp-content\\\/uploads\\\/2022\\\/12\\\/bantam-logo.png\",\"contentUrl\":\"https:\\\/\\\/shop.bantam.ch\\\/wp-content\\\/uploads\\\/2022\\\/12\\\/bantam-logo.png\",\"width\":320,\"height\":71,\"caption\":\"Bantam Wankm\u00fcller SA\"},\"image\":{\"@id\":\"https:\\\/\\\/shop.bantam.ch\\\/fr\\\/#\\\/schema\\\/logo\\\/image\\\/\"}}]}<\/script>\n<!-- \/ Yoast SEO plugin. -->","yoast_head_json":{"title":"Stauleisten purvario Fb. hellgrau \/ anthrazit f\u00fcr K\u00fchlschr\u00e4nke PURE LIGHT 8er Set inkl. Clips - Bantam Wankm\u00fcller SA","robots":{"index":"index","follow":"follow","max-snippet":"max-snippet:-1","max-image-preview":"max-image-preview:large","max-video-preview":"max-video-preview:-1"},"canonical":"https:\/\/shop.bantam.ch\/fr\/produit\/stauleisten-purvario-fb-hellgrau-anthrazit-fur-kuhlschranke-pure-light-8er-set-inkl-clips\/","og_locale":"fr_FR","og_type":"article","og_title":"Stauleisten purvario Fb. hellgrau \/ anthrazit f\u00fcr K\u00fchlschr\u00e4nke PURE LIGHT 8er Set inkl. Clips - Bantam Wankm\u00fcller SA","og_description":"Qui n&rsquo;aimerait pas avoir son propre verre de vin ou de bi\u00e8re avec lui en vacances, son propre vinaigre \/ huile ou son vin ? Rien ne se renverse, ne se casse et ne s&rsquo;ab\u00eeme. Le porte-bouteilles et verres FLEXXI 100 est parfaitement adapt\u00e9 \u00e0 une utilisation mobile pour transporter des bouteilles, des verres (gaz [&hellip;]","og_url":"https:\/\/shop.bantam.ch\/fr\/produit\/stauleisten-purvario-fb-hellgrau-anthrazit-fur-kuhlschranke-pure-light-8er-set-inkl-clips\/","og_site_name":"Bantam Wankm\u00fcller SA","article_modified_time":"2026-04-18T21:18:15+00:00","twitter_card":"summary_large_image","twitter_misc":{"Dur\u00e9e de lecture estim\u00e9e":"1 minute"},"schema":{"@context":"https:\/\/schema.org","@graph":[{"@type":"WebPage","@id":"https:\/\/shop.bantam.ch\/fr\/produit\/stauleisten-purvario-fb-hellgrau-anthrazit-fur-kuhlschranke-pure-light-8er-set-inkl-clips\/","url":"https:\/\/shop.bantam.ch\/fr\/produit\/stauleisten-purvario-fb-hellgrau-anthrazit-fur-kuhlschranke-pure-light-8er-set-inkl-clips\/","name":"Stauleisten purvario Fb. hellgrau \/ anthrazit f\u00fcr K\u00fchlschr\u00e4nke PURE LIGHT 8er Set inkl. Clips - Bantam Wankm\u00fcller SA","isPartOf":{"@id":"https:\/\/shop.bantam.ch\/fr\/#website"},"primaryImageOfPage":{"@id":"https:\/\/shop.bantam.ch\/fr\/produit\/stauleisten-purvario-fb-hellgrau-anthrazit-fur-kuhlschranke-pure-light-8er-set-inkl-clips\/#primaryimage"},"image":{"@id":"https:\/\/shop.bantam.ch\/fr\/produit\/stauleisten-purvario-fb-hellgrau-anthrazit-fur-kuhlschranke-pure-light-8er-set-inkl-clips\/#primaryimage"},"thumbnailUrl":"https:\/\/shop.bantam.ch\/wp-content\/uploads\/2024\/09\/Movera-L-9984760100.jpg","datePublished":"2024-05-15T16:07:46+00:00","dateModified":"2026-04-18T21:18:15+00:00","breadcrumb":{"@id":"https:\/\/shop.bantam.ch\/fr\/produit\/stauleisten-purvario-fb-hellgrau-anthrazit-fur-kuhlschranke-pure-light-8er-set-inkl-clips\/#breadcrumb"},"inLanguage":"fr-FR","potentialAction":[{"@type":"ReadAction","target":["https:\/\/shop.bantam.ch\/fr\/produit\/stauleisten-purvario-fb-hellgrau-anthrazit-fur-kuhlschranke-pure-light-8er-set-inkl-clips\/"]}]},{"@type":"ImageObject","inLanguage":"fr-FR","@id":"https:\/\/shop.bantam.ch\/fr\/produit\/stauleisten-purvario-fb-hellgrau-anthrazit-fur-kuhlschranke-pure-light-8er-set-inkl-clips\/#primaryimage","url":"https:\/\/shop.bantam.ch\/wp-content\/uploads\/2024\/09\/Movera-L-9984760100.jpg","contentUrl":"https:\/\/shop.bantam.ch\/wp-content\/uploads\/2024\/09\/Movera-L-9984760100.jpg","width":640,"height":457},{"@type":"BreadcrumbList","@id":"https:\/\/shop.bantam.ch\/fr\/produit\/stauleisten-purvario-fb-hellgrau-anthrazit-fur-kuhlschranke-pure-light-8er-set-inkl-clips\/#breadcrumb","itemListElement":[{"@type":"ListItem","position":1,"name":"Accueil","item":"https:\/\/shop.bantam.ch\/fr\/"},{"@type":"ListItem","position":2,"name":"Boutique","item":"https:\/\/shop.bantam.ch\/fr\/boutique\/"},{"@type":"ListItem","position":3,"name":"Stauleisten purvario Fb. hellgrau \/ anthrazit f\u00fcr K\u00fchlschr\u00e4nke PURE LIGHT 8er Set inkl. Clips"}]},{"@type":"WebSite","@id":"https:\/\/shop.bantam.ch\/fr\/#website","url":"https:\/\/shop.bantam.ch\/fr\/","name":"Bantam Wankm\u00fcller SA","description":"","publisher":{"@id":"https:\/\/shop.bantam.ch\/fr\/#organization"},"inLanguage":"fr-FR"},{"@type":"Organization","@id":"https:\/\/shop.bantam.ch\/fr\/#organization","name":"Bantam Wankm\u00fcller SA","url":"https:\/\/shop.bantam.ch\/fr\/","logo":{"@type":"ImageObject","inLanguage":"fr-FR","@id":"https:\/\/shop.bantam.ch\/fr\/#\/schema\/logo\/image\/","url":"https:\/\/shop.bantam.ch\/wp-content\/uploads\/2022\/12\/bantam-logo.png","contentUrl":"https:\/\/shop.bantam.ch\/wp-content\/uploads\/2022\/12\/bantam-logo.png","width":320,"height":71,"caption":"Bantam Wankm\u00fcller SA"},"image":{"@id":"https:\/\/shop.bantam.ch\/fr\/#\/schema\/logo\/image\/"}}]}},"_links":{"self":[{"href":"https:\/\/shop.bantam.ch\/fr\/wp-json\/wp\/v2\/product\/201639","targetHints":{"allow":["GET"]}}],"collection":[{"href":"https:\/\/shop.bantam.ch\/fr\/wp-json\/wp\/v2\/product"}],"about":[{"href":"https:\/\/shop.bantam.ch\/fr\/wp-json\/wp\/v2\/types\/product"}],"wp:featuredmedia":[{"embeddable":true,"href":"https:\/\/shop.bantam.ch\/fr\/wp-json\/wp\/v2\/media\/207726"}],"wp:attachment":[{"href":"https:\/\/shop.bantam.ch\/fr\/wp-json\/wp\/v2\/media?parent=201639"}],"wp:term":[{"taxonomy":"product_featured_cat","embeddable":true,"href":"https:\/\/shop.bantam.ch\/fr\/wp-json\/wp\/v2\/product_featured_cat?post=201639"},{"taxonomy":"product_brand","embeddable":true,"href":"https:\/\/shop.bantam.ch\/fr\/wp-json\/wp\/v2\/product_brand?post=201639"},{"taxonomy":"product_cat","embeddable":true,"href":"https:\/\/shop.bantam.ch\/fr\/wp-json\/wp\/v2\/product_cat?post=201639"},{"taxonomy":"product_tag","embeddable":true,"href":"https:\/\/shop.bantam.ch\/fr\/wp-json\/wp\/v2\/product_tag?post=201639"}],"curies":[{"name":"wp","href":"https:\/\/api.w.org\/{rel}","templated":true}]}}