{"id":201615,"date":"2024-05-15T18:07:04","date_gmt":"2024-05-15T16:07:04","guid":{"rendered":"https:\/\/shop.bantam.ch\/produit\/spoilerset-buttner-mt-sp-55-fur-solarmodul\/"},"modified":"2026-04-22T01:38:04","modified_gmt":"2026-04-21T23:38:04","slug":"spoilerset-buttner-mt-sp-55-fur-solarmodul","status":"publish","type":"product","link":"https:\/\/shop.bantam.ch\/fr\/produit\/spoilerset-buttner-mt-sp-55-fur-solarmodul\/","title":{"rendered":"Spoilerset B\u00fcttner MT-SP 55 f\u00fcr Solarmodul"},"content":{"rendered":"<p>Profil\u00e9s de fixation stables et r\u00e9sistants aux UV pouvant \u00eatre viss\u00e9s sur tous les panneaux solaires avec cadre en aluminium. Ils garantissent une ventilation optimale, se fixent avec le set de collage sur les toits des v\u00e9hicules sans avoir besoin de percer de trous. Disponible en tant que profil\u00e9s de d\u00e9flecteurs ou en profil\u00e9s d\u2018angle pour un panneau ou avec des profil\u00e9s de connexion pour panneaux situ\u00e9s les uns \u00e0 c\u00f4t\u00e9 des autres ou les uns derri\u00e8re les autres.<\/p>\n","protected":false},"excerpt":{"rendered":"<p>Profil\u00e9s de fixation stables et r\u00e9sistants aux UV pouvant \u00eatre viss\u00e9s sur tous les panneaux solaires avec cadre en aluminium. Ils garantissent une ventilation optimale, se fixent avec le set de collage sur les toits des v\u00e9hicules sans avoir besoin de percer de trous. Disponible en tant que profil\u00e9s de d\u00e9flecteurs ou en profil\u00e9s d\u2018angle [&hellip;]<\/p>\n","protected":false},"featured_media":201613,"template":"","meta":{"_acf_changed":false},"product_featured_cat":[],"product_brand":[],"product_cat":[4875],"product_tag":[],"class_list":{"0":"post-201615","1":"product","2":"type-product","3":"status-publish","4":"has-post-thumbnail","6":"product_cat-supports-de-module","8":"first","9":"instock","10":"taxable","11":"shipping-taxable","12":"purchasable","13":"product-type-variable"},"acf":[],"yoast_head":"<!-- This site is optimized with the Yoast SEO plugin v27.4 - https:\/\/yoast.com\/product\/yoast-seo-wordpress\/ -->\n<title>Spoilerset B\u00fcttner MT-SP 55 f\u00fcr Solarmodul - Bantam Wankm\u00fcller SA<\/title>\n<meta name=\"robots\" content=\"index, follow, max-snippet:-1, max-image-preview:large, max-video-preview:-1\" \/>\n<link rel=\"canonical\" href=\"https:\/\/shop.bantam.ch\/fr\/produit\/spoilerset-buttner-mt-sp-55-fur-solarmodul\/\" \/>\n<meta property=\"og:locale\" content=\"fr_FR\" \/>\n<meta property=\"og:type\" content=\"article\" \/>\n<meta property=\"og:title\" content=\"Spoilerset B\u00fcttner MT-SP 55 f\u00fcr Solarmodul - Bantam Wankm\u00fcller SA\" \/>\n<meta property=\"og:description\" content=\"Profil\u00e9s de fixation stables et r\u00e9sistants aux UV pouvant \u00eatre viss\u00e9s sur tous les panneaux solaires avec cadre en aluminium. Ils garantissent une ventilation optimale, se fixent avec le set de collage sur les toits des v\u00e9hicules sans avoir besoin de percer de trous. Disponible en tant que profil\u00e9s de d\u00e9flecteurs ou en profil\u00e9s d\u2018angle [&hellip;]\" \/>\n<meta property=\"og:url\" content=\"https:\/\/shop.bantam.ch\/fr\/produit\/spoilerset-buttner-mt-sp-55-fur-solarmodul\/\" \/>\n<meta property=\"og:site_name\" content=\"Bantam Wankm\u00fcller SA\" \/>\n<meta property=\"article:modified_time\" content=\"2026-04-21T23:38:04+00:00\" \/>\n<meta name=\"twitter:card\" content=\"summary_large_image\" \/>\n<script type=\"application\/ld+json\" class=\"yoast-schema-graph\">{\"@context\":\"https:\\\/\\\/schema.org\",\"@graph\":[{\"@type\":\"WebPage\",\"@id\":\"https:\\\/\\\/shop.bantam.ch\\\/fr\\\/produit\\\/spoilerset-buttner-mt-sp-55-fur-solarmodul\\\/\",\"url\":\"https:\\\/\\\/shop.bantam.ch\\\/fr\\\/produit\\\/spoilerset-buttner-mt-sp-55-fur-solarmodul\\\/\",\"name\":\"Spoilerset B\u00fcttner MT-SP 55 f\u00fcr Solarmodul - Bantam Wankm\u00fcller SA\",\"isPartOf\":{\"@id\":\"https:\\\/\\\/shop.bantam.ch\\\/fr\\\/#website\"},\"primaryImageOfPage\":{\"@id\":\"https:\\\/\\\/shop.bantam.ch\\\/fr\\\/produit\\\/spoilerset-buttner-mt-sp-55-fur-solarmodul\\\/#primaryimage\"},\"image\":{\"@id\":\"https:\\\/\\\/shop.bantam.ch\\\/fr\\\/produit\\\/spoilerset-buttner-mt-sp-55-fur-solarmodul\\\/#primaryimage\"},\"thumbnailUrl\":\"https:\\\/\\\/shop.bantam.ch\\\/wp-content\\\/uploads\\\/2024\\\/05\\\/Movera-L-9985694100.jpg\",\"datePublished\":\"2024-05-15T16:07:04+00:00\",\"dateModified\":\"2026-04-21T23:38:04+00:00\",\"breadcrumb\":{\"@id\":\"https:\\\/\\\/shop.bantam.ch\\\/fr\\\/produit\\\/spoilerset-buttner-mt-sp-55-fur-solarmodul\\\/#breadcrumb\"},\"inLanguage\":\"fr-FR\",\"potentialAction\":[{\"@type\":\"ReadAction\",\"target\":[\"https:\\\/\\\/shop.bantam.ch\\\/fr\\\/produit\\\/spoilerset-buttner-mt-sp-55-fur-solarmodul\\\/\"]}]},{\"@type\":\"ImageObject\",\"inLanguage\":\"fr-FR\",\"@id\":\"https:\\\/\\\/shop.bantam.ch\\\/fr\\\/produit\\\/spoilerset-buttner-mt-sp-55-fur-solarmodul\\\/#primaryimage\",\"url\":\"https:\\\/\\\/shop.bantam.ch\\\/wp-content\\\/uploads\\\/2024\\\/05\\\/Movera-L-9985694100.jpg\",\"contentUrl\":\"https:\\\/\\\/shop.bantam.ch\\\/wp-content\\\/uploads\\\/2024\\\/05\\\/Movera-L-9985694100.jpg\",\"width\":640,\"height\":516},{\"@type\":\"BreadcrumbList\",\"@id\":\"https:\\\/\\\/shop.bantam.ch\\\/fr\\\/produit\\\/spoilerset-buttner-mt-sp-55-fur-solarmodul\\\/#breadcrumb\",\"itemListElement\":[{\"@type\":\"ListItem\",\"position\":1,\"name\":\"Accueil\",\"item\":\"https:\\\/\\\/shop.bantam.ch\\\/fr\\\/\"},{\"@type\":\"ListItem\",\"position\":2,\"name\":\"Boutique\",\"item\":\"https:\\\/\\\/shop.bantam.ch\\\/fr\\\/boutique\\\/\"},{\"@type\":\"ListItem\",\"position\":3,\"name\":\"Spoilerset B\u00fcttner MT-SP 55 f\u00fcr Solarmodul\"}]},{\"@type\":\"WebSite\",\"@id\":\"https:\\\/\\\/shop.bantam.ch\\\/fr\\\/#website\",\"url\":\"https:\\\/\\\/shop.bantam.ch\\\/fr\\\/\",\"name\":\"Bantam Wankm\u00fcller SA\",\"description\":\"\",\"publisher\":{\"@id\":\"https:\\\/\\\/shop.bantam.ch\\\/fr\\\/#organization\"},\"inLanguage\":\"fr-FR\"},{\"@type\":\"Organization\",\"@id\":\"https:\\\/\\\/shop.bantam.ch\\\/fr\\\/#organization\",\"name\":\"Bantam Wankm\u00fcller SA\",\"url\":\"https:\\\/\\\/shop.bantam.ch\\\/fr\\\/\",\"logo\":{\"@type\":\"ImageObject\",\"inLanguage\":\"fr-FR\",\"@id\":\"https:\\\/\\\/shop.bantam.ch\\\/fr\\\/#\\\/schema\\\/logo\\\/image\\\/\",\"url\":\"https:\\\/\\\/shop.bantam.ch\\\/wp-content\\\/uploads\\\/2022\\\/12\\\/bantam-logo.png\",\"contentUrl\":\"https:\\\/\\\/shop.bantam.ch\\\/wp-content\\\/uploads\\\/2022\\\/12\\\/bantam-logo.png\",\"width\":320,\"height\":71,\"caption\":\"Bantam Wankm\u00fcller SA\"},\"image\":{\"@id\":\"https:\\\/\\\/shop.bantam.ch\\\/fr\\\/#\\\/schema\\\/logo\\\/image\\\/\"}}]}<\/script>\n<!-- \/ Yoast SEO plugin. -->","yoast_head_json":{"title":"Spoilerset B\u00fcttner MT-SP 55 f\u00fcr Solarmodul - Bantam Wankm\u00fcller SA","robots":{"index":"index","follow":"follow","max-snippet":"max-snippet:-1","max-image-preview":"max-image-preview:large","max-video-preview":"max-video-preview:-1"},"canonical":"https:\/\/shop.bantam.ch\/fr\/produit\/spoilerset-buttner-mt-sp-55-fur-solarmodul\/","og_locale":"fr_FR","og_type":"article","og_title":"Spoilerset B\u00fcttner MT-SP 55 f\u00fcr Solarmodul - Bantam Wankm\u00fcller SA","og_description":"Profil\u00e9s de fixation stables et r\u00e9sistants aux UV pouvant \u00eatre viss\u00e9s sur tous les panneaux solaires avec cadre en aluminium. Ils garantissent une ventilation optimale, se fixent avec le set de collage sur les toits des v\u00e9hicules sans avoir besoin de percer de trous. Disponible en tant que profil\u00e9s de d\u00e9flecteurs ou en profil\u00e9s d\u2018angle [&hellip;]","og_url":"https:\/\/shop.bantam.ch\/fr\/produit\/spoilerset-buttner-mt-sp-55-fur-solarmodul\/","og_site_name":"Bantam Wankm\u00fcller SA","article_modified_time":"2026-04-21T23:38:04+00:00","twitter_card":"summary_large_image","schema":{"@context":"https:\/\/schema.org","@graph":[{"@type":"WebPage","@id":"https:\/\/shop.bantam.ch\/fr\/produit\/spoilerset-buttner-mt-sp-55-fur-solarmodul\/","url":"https:\/\/shop.bantam.ch\/fr\/produit\/spoilerset-buttner-mt-sp-55-fur-solarmodul\/","name":"Spoilerset B\u00fcttner MT-SP 55 f\u00fcr Solarmodul - Bantam Wankm\u00fcller SA","isPartOf":{"@id":"https:\/\/shop.bantam.ch\/fr\/#website"},"primaryImageOfPage":{"@id":"https:\/\/shop.bantam.ch\/fr\/produit\/spoilerset-buttner-mt-sp-55-fur-solarmodul\/#primaryimage"},"image":{"@id":"https:\/\/shop.bantam.ch\/fr\/produit\/spoilerset-buttner-mt-sp-55-fur-solarmodul\/#primaryimage"},"thumbnailUrl":"https:\/\/shop.bantam.ch\/wp-content\/uploads\/2024\/05\/Movera-L-9985694100.jpg","datePublished":"2024-05-15T16:07:04+00:00","dateModified":"2026-04-21T23:38:04+00:00","breadcrumb":{"@id":"https:\/\/shop.bantam.ch\/fr\/produit\/spoilerset-buttner-mt-sp-55-fur-solarmodul\/#breadcrumb"},"inLanguage":"fr-FR","potentialAction":[{"@type":"ReadAction","target":["https:\/\/shop.bantam.ch\/fr\/produit\/spoilerset-buttner-mt-sp-55-fur-solarmodul\/"]}]},{"@type":"ImageObject","inLanguage":"fr-FR","@id":"https:\/\/shop.bantam.ch\/fr\/produit\/spoilerset-buttner-mt-sp-55-fur-solarmodul\/#primaryimage","url":"https:\/\/shop.bantam.ch\/wp-content\/uploads\/2024\/05\/Movera-L-9985694100.jpg","contentUrl":"https:\/\/shop.bantam.ch\/wp-content\/uploads\/2024\/05\/Movera-L-9985694100.jpg","width":640,"height":516},{"@type":"BreadcrumbList","@id":"https:\/\/shop.bantam.ch\/fr\/produit\/spoilerset-buttner-mt-sp-55-fur-solarmodul\/#breadcrumb","itemListElement":[{"@type":"ListItem","position":1,"name":"Accueil","item":"https:\/\/shop.bantam.ch\/fr\/"},{"@type":"ListItem","position":2,"name":"Boutique","item":"https:\/\/shop.bantam.ch\/fr\/boutique\/"},{"@type":"ListItem","position":3,"name":"Spoilerset B\u00fcttner MT-SP 55 f\u00fcr Solarmodul"}]},{"@type":"WebSite","@id":"https:\/\/shop.bantam.ch\/fr\/#website","url":"https:\/\/shop.bantam.ch\/fr\/","name":"Bantam Wankm\u00fcller SA","description":"","publisher":{"@id":"https:\/\/shop.bantam.ch\/fr\/#organization"},"inLanguage":"fr-FR"},{"@type":"Organization","@id":"https:\/\/shop.bantam.ch\/fr\/#organization","name":"Bantam Wankm\u00fcller SA","url":"https:\/\/shop.bantam.ch\/fr\/","logo":{"@type":"ImageObject","inLanguage":"fr-FR","@id":"https:\/\/shop.bantam.ch\/fr\/#\/schema\/logo\/image\/","url":"https:\/\/shop.bantam.ch\/wp-content\/uploads\/2022\/12\/bantam-logo.png","contentUrl":"https:\/\/shop.bantam.ch\/wp-content\/uploads\/2022\/12\/bantam-logo.png","width":320,"height":71,"caption":"Bantam Wankm\u00fcller SA"},"image":{"@id":"https:\/\/shop.bantam.ch\/fr\/#\/schema\/logo\/image\/"}}]}},"_links":{"self":[{"href":"https:\/\/shop.bantam.ch\/fr\/wp-json\/wp\/v2\/product\/201615","targetHints":{"allow":["GET"]}}],"collection":[{"href":"https:\/\/shop.bantam.ch\/fr\/wp-json\/wp\/v2\/product"}],"about":[{"href":"https:\/\/shop.bantam.ch\/fr\/wp-json\/wp\/v2\/types\/product"}],"wp:featuredmedia":[{"embeddable":true,"href":"https:\/\/shop.bantam.ch\/fr\/wp-json\/wp\/v2\/media\/201613"}],"wp:attachment":[{"href":"https:\/\/shop.bantam.ch\/fr\/wp-json\/wp\/v2\/media?parent=201615"}],"wp:term":[{"taxonomy":"product_featured_cat","embeddable":true,"href":"https:\/\/shop.bantam.ch\/fr\/wp-json\/wp\/v2\/product_featured_cat?post=201615"},{"taxonomy":"product_brand","embeddable":true,"href":"https:\/\/shop.bantam.ch\/fr\/wp-json\/wp\/v2\/product_brand?post=201615"},{"taxonomy":"product_cat","embeddable":true,"href":"https:\/\/shop.bantam.ch\/fr\/wp-json\/wp\/v2\/product_cat?post=201615"},{"taxonomy":"product_tag","embeddable":true,"href":"https:\/\/shop.bantam.ch\/fr\/wp-json\/wp\/v2\/product_tag?post=201615"}],"curies":[{"name":"wp","href":"https:\/\/api.w.org\/{rel}","templated":true}]}}