{"id":201583,"date":"2024-05-15T18:06:09","date_gmt":"2024-05-15T16:06:09","guid":{"rendered":"https:\/\/shop.bantam.ch\/produit\/demontage-de-la-touche-rouge-pour-inbahn-bouchon-cylindrique-systeme\/"},"modified":"2026-04-18T23:18:01","modified_gmt":"2026-04-18T21:18:01","slug":"demontage-de-la-touche-rouge-pour-inbahn-bouchon-cylindrique-systeme","status":"publish","type":"product","link":"https:\/\/shop.bantam.ch\/fr\/produit\/demontage-de-la-touche-rouge-pour-inbahn-bouchon-cylindrique-systeme\/","title":{"rendered":"D\u00e9montage de la touch\u00e9, rouge Pour inbahn bouchon cylindrique syst\u00e9me"},"content":{"rendered":"<p>Pour syst\u00e8me de cylindre Inbahn<\/p>\n","protected":false},"excerpt":{"rendered":"<p>Pour syst\u00e8me de cylindre Inbahn<\/p>\n","protected":false},"featured_media":207706,"template":"","meta":{"_acf_changed":false},"product_featured_cat":[],"product_brand":[],"product_cat":[4785],"product_tag":[],"class_list":{"0":"post-201583","1":"product","2":"type-product","3":"status-publish","4":"has-post-thumbnail","6":"product_cat-serrures","8":"first","9":"instock","10":"taxable","11":"shipping-taxable","12":"purchasable","13":"product-type-simple"},"acf":[],"yoast_head":"<!-- This site is optimized with the Yoast SEO plugin v27.4 - https:\/\/yoast.com\/product\/yoast-seo-wordpress\/ -->\n<title>D\u00e9montage de la touch\u00e9, rouge Pour inbahn bouchon cylindrique syst\u00e9me - Bantam Wankm\u00fcller SA<\/title>\n<meta name=\"robots\" content=\"index, follow, max-snippet:-1, max-image-preview:large, max-video-preview:-1\" \/>\n<link rel=\"canonical\" href=\"https:\/\/shop.bantam.ch\/fr\/produit\/demontage-de-la-touche-rouge-pour-inbahn-bouchon-cylindrique-systeme\/\" \/>\n<meta property=\"og:locale\" content=\"fr_FR\" \/>\n<meta property=\"og:type\" content=\"article\" \/>\n<meta property=\"og:title\" content=\"D\u00e9montage de la touch\u00e9, rouge Pour inbahn bouchon cylindrique syst\u00e9me - Bantam Wankm\u00fcller SA\" \/>\n<meta property=\"og:description\" content=\"Pour syst\u00e8me de cylindre Inbahn\" \/>\n<meta property=\"og:url\" content=\"https:\/\/shop.bantam.ch\/fr\/produit\/demontage-de-la-touche-rouge-pour-inbahn-bouchon-cylindrique-systeme\/\" \/>\n<meta property=\"og:site_name\" content=\"Bantam Wankm\u00fcller SA\" \/>\n<meta property=\"article:modified_time\" content=\"2026-04-18T21:18:01+00:00\" \/>\n<meta name=\"twitter:card\" content=\"summary_large_image\" \/>\n<script type=\"application\/ld+json\" class=\"yoast-schema-graph\">{\"@context\":\"https:\\\/\\\/schema.org\",\"@graph\":[{\"@type\":\"WebPage\",\"@id\":\"https:\\\/\\\/shop.bantam.ch\\\/fr\\\/produit\\\/demontage-de-la-touche-rouge-pour-inbahn-bouchon-cylindrique-systeme\\\/\",\"url\":\"https:\\\/\\\/shop.bantam.ch\\\/fr\\\/produit\\\/demontage-de-la-touche-rouge-pour-inbahn-bouchon-cylindrique-systeme\\\/\",\"name\":\"D\u00e9montage de la touch\u00e9, rouge Pour inbahn bouchon cylindrique syst\u00e9me - Bantam Wankm\u00fcller SA\",\"isPartOf\":{\"@id\":\"https:\\\/\\\/shop.bantam.ch\\\/fr\\\/#website\"},\"primaryImageOfPage\":{\"@id\":\"https:\\\/\\\/shop.bantam.ch\\\/fr\\\/produit\\\/demontage-de-la-touche-rouge-pour-inbahn-bouchon-cylindrique-systeme\\\/#primaryimage\"},\"image\":{\"@id\":\"https:\\\/\\\/shop.bantam.ch\\\/fr\\\/produit\\\/demontage-de-la-touche-rouge-pour-inbahn-bouchon-cylindrique-systeme\\\/#primaryimage\"},\"thumbnailUrl\":\"https:\\\/\\\/shop.bantam.ch\\\/wp-content\\\/uploads\\\/2024\\\/09\\\/Movera-L-9980680100.jpg\",\"datePublished\":\"2024-05-15T16:06:09+00:00\",\"dateModified\":\"2026-04-18T21:18:01+00:00\",\"breadcrumb\":{\"@id\":\"https:\\\/\\\/shop.bantam.ch\\\/fr\\\/produit\\\/demontage-de-la-touche-rouge-pour-inbahn-bouchon-cylindrique-systeme\\\/#breadcrumb\"},\"inLanguage\":\"fr-FR\",\"potentialAction\":[{\"@type\":\"ReadAction\",\"target\":[\"https:\\\/\\\/shop.bantam.ch\\\/fr\\\/produit\\\/demontage-de-la-touche-rouge-pour-inbahn-bouchon-cylindrique-systeme\\\/\"]}]},{\"@type\":\"ImageObject\",\"inLanguage\":\"fr-FR\",\"@id\":\"https:\\\/\\\/shop.bantam.ch\\\/fr\\\/produit\\\/demontage-de-la-touche-rouge-pour-inbahn-bouchon-cylindrique-systeme\\\/#primaryimage\",\"url\":\"https:\\\/\\\/shop.bantam.ch\\\/wp-content\\\/uploads\\\/2024\\\/09\\\/Movera-L-9980680100.jpg\",\"contentUrl\":\"https:\\\/\\\/shop.bantam.ch\\\/wp-content\\\/uploads\\\/2024\\\/09\\\/Movera-L-9980680100.jpg\",\"width\":640,\"height\":248},{\"@type\":\"BreadcrumbList\",\"@id\":\"https:\\\/\\\/shop.bantam.ch\\\/fr\\\/produit\\\/demontage-de-la-touche-rouge-pour-inbahn-bouchon-cylindrique-systeme\\\/#breadcrumb\",\"itemListElement\":[{\"@type\":\"ListItem\",\"position\":1,\"name\":\"Accueil\",\"item\":\"https:\\\/\\\/shop.bantam.ch\\\/fr\\\/\"},{\"@type\":\"ListItem\",\"position\":2,\"name\":\"Boutique\",\"item\":\"https:\\\/\\\/shop.bantam.ch\\\/fr\\\/boutique\\\/\"},{\"@type\":\"ListItem\",\"position\":3,\"name\":\"D\u00e9montage de la touch\u00e9, rouge Pour inbahn bouchon cylindrique syst\u00e9me\"}]},{\"@type\":\"WebSite\",\"@id\":\"https:\\\/\\\/shop.bantam.ch\\\/fr\\\/#website\",\"url\":\"https:\\\/\\\/shop.bantam.ch\\\/fr\\\/\",\"name\":\"Bantam Wankm\u00fcller SA\",\"description\":\"\",\"publisher\":{\"@id\":\"https:\\\/\\\/shop.bantam.ch\\\/fr\\\/#organization\"},\"inLanguage\":\"fr-FR\"},{\"@type\":\"Organization\",\"@id\":\"https:\\\/\\\/shop.bantam.ch\\\/fr\\\/#organization\",\"name\":\"Bantam Wankm\u00fcller SA\",\"url\":\"https:\\\/\\\/shop.bantam.ch\\\/fr\\\/\",\"logo\":{\"@type\":\"ImageObject\",\"inLanguage\":\"fr-FR\",\"@id\":\"https:\\\/\\\/shop.bantam.ch\\\/fr\\\/#\\\/schema\\\/logo\\\/image\\\/\",\"url\":\"https:\\\/\\\/shop.bantam.ch\\\/wp-content\\\/uploads\\\/2022\\\/12\\\/bantam-logo.png\",\"contentUrl\":\"https:\\\/\\\/shop.bantam.ch\\\/wp-content\\\/uploads\\\/2022\\\/12\\\/bantam-logo.png\",\"width\":320,\"height\":71,\"caption\":\"Bantam Wankm\u00fcller SA\"},\"image\":{\"@id\":\"https:\\\/\\\/shop.bantam.ch\\\/fr\\\/#\\\/schema\\\/logo\\\/image\\\/\"}}]}<\/script>\n<!-- \/ Yoast SEO plugin. -->","yoast_head_json":{"title":"D\u00e9montage de la touch\u00e9, rouge Pour inbahn bouchon cylindrique syst\u00e9me - Bantam Wankm\u00fcller SA","robots":{"index":"index","follow":"follow","max-snippet":"max-snippet:-1","max-image-preview":"max-image-preview:large","max-video-preview":"max-video-preview:-1"},"canonical":"https:\/\/shop.bantam.ch\/fr\/produit\/demontage-de-la-touche-rouge-pour-inbahn-bouchon-cylindrique-systeme\/","og_locale":"fr_FR","og_type":"article","og_title":"D\u00e9montage de la touch\u00e9, rouge Pour inbahn bouchon cylindrique syst\u00e9me - Bantam Wankm\u00fcller SA","og_description":"Pour syst\u00e8me de cylindre Inbahn","og_url":"https:\/\/shop.bantam.ch\/fr\/produit\/demontage-de-la-touche-rouge-pour-inbahn-bouchon-cylindrique-systeme\/","og_site_name":"Bantam Wankm\u00fcller SA","article_modified_time":"2026-04-18T21:18:01+00:00","twitter_card":"summary_large_image","schema":{"@context":"https:\/\/schema.org","@graph":[{"@type":"WebPage","@id":"https:\/\/shop.bantam.ch\/fr\/produit\/demontage-de-la-touche-rouge-pour-inbahn-bouchon-cylindrique-systeme\/","url":"https:\/\/shop.bantam.ch\/fr\/produit\/demontage-de-la-touche-rouge-pour-inbahn-bouchon-cylindrique-systeme\/","name":"D\u00e9montage de la touch\u00e9, rouge Pour inbahn bouchon cylindrique syst\u00e9me - Bantam Wankm\u00fcller SA","isPartOf":{"@id":"https:\/\/shop.bantam.ch\/fr\/#website"},"primaryImageOfPage":{"@id":"https:\/\/shop.bantam.ch\/fr\/produit\/demontage-de-la-touche-rouge-pour-inbahn-bouchon-cylindrique-systeme\/#primaryimage"},"image":{"@id":"https:\/\/shop.bantam.ch\/fr\/produit\/demontage-de-la-touche-rouge-pour-inbahn-bouchon-cylindrique-systeme\/#primaryimage"},"thumbnailUrl":"https:\/\/shop.bantam.ch\/wp-content\/uploads\/2024\/09\/Movera-L-9980680100.jpg","datePublished":"2024-05-15T16:06:09+00:00","dateModified":"2026-04-18T21:18:01+00:00","breadcrumb":{"@id":"https:\/\/shop.bantam.ch\/fr\/produit\/demontage-de-la-touche-rouge-pour-inbahn-bouchon-cylindrique-systeme\/#breadcrumb"},"inLanguage":"fr-FR","potentialAction":[{"@type":"ReadAction","target":["https:\/\/shop.bantam.ch\/fr\/produit\/demontage-de-la-touche-rouge-pour-inbahn-bouchon-cylindrique-systeme\/"]}]},{"@type":"ImageObject","inLanguage":"fr-FR","@id":"https:\/\/shop.bantam.ch\/fr\/produit\/demontage-de-la-touche-rouge-pour-inbahn-bouchon-cylindrique-systeme\/#primaryimage","url":"https:\/\/shop.bantam.ch\/wp-content\/uploads\/2024\/09\/Movera-L-9980680100.jpg","contentUrl":"https:\/\/shop.bantam.ch\/wp-content\/uploads\/2024\/09\/Movera-L-9980680100.jpg","width":640,"height":248},{"@type":"BreadcrumbList","@id":"https:\/\/shop.bantam.ch\/fr\/produit\/demontage-de-la-touche-rouge-pour-inbahn-bouchon-cylindrique-systeme\/#breadcrumb","itemListElement":[{"@type":"ListItem","position":1,"name":"Accueil","item":"https:\/\/shop.bantam.ch\/fr\/"},{"@type":"ListItem","position":2,"name":"Boutique","item":"https:\/\/shop.bantam.ch\/fr\/boutique\/"},{"@type":"ListItem","position":3,"name":"D\u00e9montage de la touch\u00e9, rouge Pour inbahn bouchon cylindrique syst\u00e9me"}]},{"@type":"WebSite","@id":"https:\/\/shop.bantam.ch\/fr\/#website","url":"https:\/\/shop.bantam.ch\/fr\/","name":"Bantam Wankm\u00fcller SA","description":"","publisher":{"@id":"https:\/\/shop.bantam.ch\/fr\/#organization"},"inLanguage":"fr-FR"},{"@type":"Organization","@id":"https:\/\/shop.bantam.ch\/fr\/#organization","name":"Bantam Wankm\u00fcller SA","url":"https:\/\/shop.bantam.ch\/fr\/","logo":{"@type":"ImageObject","inLanguage":"fr-FR","@id":"https:\/\/shop.bantam.ch\/fr\/#\/schema\/logo\/image\/","url":"https:\/\/shop.bantam.ch\/wp-content\/uploads\/2022\/12\/bantam-logo.png","contentUrl":"https:\/\/shop.bantam.ch\/wp-content\/uploads\/2022\/12\/bantam-logo.png","width":320,"height":71,"caption":"Bantam Wankm\u00fcller SA"},"image":{"@id":"https:\/\/shop.bantam.ch\/fr\/#\/schema\/logo\/image\/"}}]}},"_links":{"self":[{"href":"https:\/\/shop.bantam.ch\/fr\/wp-json\/wp\/v2\/product\/201583","targetHints":{"allow":["GET"]}}],"collection":[{"href":"https:\/\/shop.bantam.ch\/fr\/wp-json\/wp\/v2\/product"}],"about":[{"href":"https:\/\/shop.bantam.ch\/fr\/wp-json\/wp\/v2\/types\/product"}],"wp:featuredmedia":[{"embeddable":true,"href":"https:\/\/shop.bantam.ch\/fr\/wp-json\/wp\/v2\/media\/207706"}],"wp:attachment":[{"href":"https:\/\/shop.bantam.ch\/fr\/wp-json\/wp\/v2\/media?parent=201583"}],"wp:term":[{"taxonomy":"product_featured_cat","embeddable":true,"href":"https:\/\/shop.bantam.ch\/fr\/wp-json\/wp\/v2\/product_featured_cat?post=201583"},{"taxonomy":"product_brand","embeddable":true,"href":"https:\/\/shop.bantam.ch\/fr\/wp-json\/wp\/v2\/product_brand?post=201583"},{"taxonomy":"product_cat","embeddable":true,"href":"https:\/\/shop.bantam.ch\/fr\/wp-json\/wp\/v2\/product_cat?post=201583"},{"taxonomy":"product_tag","embeddable":true,"href":"https:\/\/shop.bantam.ch\/fr\/wp-json\/wp\/v2\/product_tag?post=201583"}],"curies":[{"name":"wp","href":"https:\/\/api.w.org\/{rel}","templated":true}]}}