{"id":201579,"date":"2024-05-15T18:06:02","date_gmt":"2024-05-15T16:06:02","guid":{"rendered":"https:\/\/shop.bantam.ch\/produit\/sce-vaisselle-koziol-connect-monstera-16-pcs-bol-assiette-assiette-a-dessert-et-gobelet\/"},"modified":"2026-05-02T23:11:16","modified_gmt":"2026-05-02T21:11:16","slug":"sce-vaisselle-koziol-connect-monstera-16-pcs-bol-assiette-assiette-a-dessert-et-gobelet","status":"publish","type":"product","link":"https:\/\/shop.bantam.ch\/fr\/produit\/sce-vaisselle-koziol-connect-monstera-16-pcs-bol-assiette-assiette-a-dessert-et-gobelet\/","title":{"rendered":"Sce vaisselle koziol CONNECT MONSTERA 16 pcs bol, assiette, assiette \u00e0 dessert et gobelet"},"content":{"rendered":"<p>Avec ses formes \u00e9pur\u00e9es, la petite assiette CONNECT PLATE s\u00e9duit au premier coup d&rsquo;\u0153il. La petite assiette est id\u00e9ale pour les fruits, les snacks ou les g\u00e2teaux et fait \u00e9galement bonne figure sur la table du petit-d\u00e9jeuner. Gr\u00e2ce \u00e0 son design r\u00e9duit, elle se combine parfaitement avec d&rsquo;autres pi\u00e8ces de vaisselle et ouvre une multitude de possibilit\u00e9s d&rsquo;am\u00e9nagement. Le gobelet CONNECT CUP se pr\u00e9sente r\u00e9duit \u00e0 l&rsquo;essentiel. Sa forme g\u00e9om\u00e9trique se passe d&rsquo;anse et se combine \u00e0 merveille avec les assiettes CONNECT ou la vaisselle existante. CONNECT CUP est robuste, l\u00e9ger et empilable, ce qui en fait un compagnon indispensable pour les pique-niques. C&rsquo;est d\u00e9j\u00e0 un classique. La grande assiette au design minimaliste s&rsquo;int\u00e8gre partout harmonieusement et convainc, \u00e0 l&rsquo;int\u00e9rieur comme \u00e0 l&rsquo;ext\u00e9rieur, par sa qualit\u00e9 solide et son look extr\u00eamement cool. CONNECT PLATE est \u00e9galement cons\u00e9quente dans sa r\u00e9alisation, car elle est synonyme d&rsquo;une utilisation particuli\u00e8rement intelligente et \u00e9conomique de la forme et du mat\u00e9riau. Qu&rsquo;il s&rsquo;agisse de p\u00e2tes One-Pot, de Buddha-Bowl ou de cr\u00e9ations de salades croquantes, nos nouvelles recettes pr\u00e9f\u00e9r\u00e9es peuvent \u00eatre servies avec style dans CONNECT BOWL. Le bol est \u00e9galement parfait pour les c\u00e9r\u00e9ales, les soupes et les accompagnements. Avec sa forme classique, le bol se combine harmonieusement avec la vaisselle existante.<\/p>\n<p>&nbsp;<\/p>\n<ul>\n<li>Sans BPA<\/li>\n<li>Sans m\u00e9lamine<\/li>\n<li>Produit en Allemagne avec un bilan carbone neutre \u00e0 100<\/li>\n<li>Formes claires<\/li>\n<li>Stabilit\u00e9 s\u00fbre<\/li>\n<li>Agr\u00e9able au toucher<\/li>\n<li>Taille pratique<\/li>\n<li>R\u00e9sistant aux chocs<\/li>\n<li>Empilable<\/li>\n<\/ul>\n","protected":false},"excerpt":{"rendered":"<p>Avec ses formes \u00e9pur\u00e9es, la petite assiette CONNECT PLATE s\u00e9duit au premier coup d&rsquo;\u0153il. La petite assiette est id\u00e9ale pour les fruits, les snacks ou les g\u00e2teaux et fait \u00e9galement bonne figure sur la table du petit-d\u00e9jeuner. Gr\u00e2ce \u00e0 son design r\u00e9duit, elle se combine parfaitement avec d&rsquo;autres pi\u00e8ces de vaisselle et ouvre une multitude [&hellip;]<\/p>\n","protected":false},"featured_media":207704,"template":"","meta":{"_acf_changed":false},"product_featured_cat":[],"product_brand":[],"product_cat":[4273],"product_tag":[],"class_list":{"0":"post-201579","1":"product","2":"type-product","3":"status-publish","4":"has-post-thumbnail","6":"product_cat-services-de-table","8":"first","9":"instock","10":"taxable","11":"shipping-taxable","12":"purchasable","13":"product-type-simple"},"acf":[],"yoast_head":"<!-- This site is optimized with the Yoast SEO plugin v27.5 - https:\/\/yoast.com\/product\/yoast-seo-wordpress\/ -->\n<title>Sce vaisselle koziol CONNECT MONSTERA 16 pcs bol, assiette, assiette \u00e0 dessert et gobelet - Bantam<\/title>\n<meta name=\"robots\" content=\"index, follow, max-snippet:-1, max-image-preview:large, max-video-preview:-1\" \/>\n<link rel=\"canonical\" href=\"https:\/\/shop.bantam.ch\/fr\/produit\/sce-vaisselle-koziol-connect-monstera-16-pcs-bol-assiette-assiette-a-dessert-et-gobelet\/\" \/>\n<meta property=\"og:locale\" content=\"fr_FR\" \/>\n<meta property=\"og:type\" content=\"article\" \/>\n<meta property=\"og:title\" content=\"Sce vaisselle koziol CONNECT MONSTERA 16 pcs bol, assiette, assiette \u00e0 dessert et gobelet - Bantam\" \/>\n<meta property=\"og:description\" content=\"Avec ses formes \u00e9pur\u00e9es, la petite assiette CONNECT PLATE s\u00e9duit au premier coup d&rsquo;\u0153il. La petite assiette est id\u00e9ale pour les fruits, les snacks ou les g\u00e2teaux et fait \u00e9galement bonne figure sur la table du petit-d\u00e9jeuner. Gr\u00e2ce \u00e0 son design r\u00e9duit, elle se combine parfaitement avec d&rsquo;autres pi\u00e8ces de vaisselle et ouvre une multitude [&hellip;]\" \/>\n<meta property=\"og:url\" content=\"https:\/\/shop.bantam.ch\/fr\/produit\/sce-vaisselle-koziol-connect-monstera-16-pcs-bol-assiette-assiette-a-dessert-et-gobelet\/\" \/>\n<meta property=\"og:site_name\" content=\"Bantam\" \/>\n<meta property=\"article:modified_time\" content=\"2026-05-02T21:11:16+00:00\" \/>\n<meta name=\"twitter:card\" content=\"summary_large_image\" \/>\n<meta name=\"twitter:label1\" content=\"Dur\u00e9e de lecture estim\u00e9e\" \/>\n\t<meta name=\"twitter:data1\" content=\"1 minute\" \/>\n<script type=\"application\/ld+json\" class=\"yoast-schema-graph\">{\"@context\":\"https:\\\/\\\/schema.org\",\"@graph\":[{\"@type\":\"WebPage\",\"@id\":\"https:\\\/\\\/shop.bantam.ch\\\/fr\\\/produit\\\/sce-vaisselle-koziol-connect-monstera-16-pcs-bol-assiette-assiette-a-dessert-et-gobelet\\\/\",\"url\":\"https:\\\/\\\/shop.bantam.ch\\\/fr\\\/produit\\\/sce-vaisselle-koziol-connect-monstera-16-pcs-bol-assiette-assiette-a-dessert-et-gobelet\\\/\",\"name\":\"Sce vaisselle koziol CONNECT MONSTERA 16 pcs bol, assiette, assiette \u00e0 dessert et gobelet - Bantam\",\"isPartOf\":{\"@id\":\"https:\\\/\\\/shop.bantam.ch\\\/fr\\\/#website\"},\"primaryImageOfPage\":{\"@id\":\"https:\\\/\\\/shop.bantam.ch\\\/fr\\\/produit\\\/sce-vaisselle-koziol-connect-monstera-16-pcs-bol-assiette-assiette-a-dessert-et-gobelet\\\/#primaryimage\"},\"image\":{\"@id\":\"https:\\\/\\\/shop.bantam.ch\\\/fr\\\/produit\\\/sce-vaisselle-koziol-connect-monstera-16-pcs-bol-assiette-assiette-a-dessert-et-gobelet\\\/#primaryimage\"},\"thumbnailUrl\":\"https:\\\/\\\/shop.bantam.ch\\\/wp-content\\\/uploads\\\/2024\\\/09\\\/Movera-L-9984759100.jpg\",\"datePublished\":\"2024-05-15T16:06:02+00:00\",\"dateModified\":\"2026-05-02T21:11:16+00:00\",\"breadcrumb\":{\"@id\":\"https:\\\/\\\/shop.bantam.ch\\\/fr\\\/produit\\\/sce-vaisselle-koziol-connect-monstera-16-pcs-bol-assiette-assiette-a-dessert-et-gobelet\\\/#breadcrumb\"},\"inLanguage\":\"fr-FR\",\"potentialAction\":[{\"@type\":\"ReadAction\",\"target\":[\"https:\\\/\\\/shop.bantam.ch\\\/fr\\\/produit\\\/sce-vaisselle-koziol-connect-monstera-16-pcs-bol-assiette-assiette-a-dessert-et-gobelet\\\/\"]}]},{\"@type\":\"ImageObject\",\"inLanguage\":\"fr-FR\",\"@id\":\"https:\\\/\\\/shop.bantam.ch\\\/fr\\\/produit\\\/sce-vaisselle-koziol-connect-monstera-16-pcs-bol-assiette-assiette-a-dessert-et-gobelet\\\/#primaryimage\",\"url\":\"https:\\\/\\\/shop.bantam.ch\\\/wp-content\\\/uploads\\\/2024\\\/09\\\/Movera-L-9984759100.jpg\",\"contentUrl\":\"https:\\\/\\\/shop.bantam.ch\\\/wp-content\\\/uploads\\\/2024\\\/09\\\/Movera-L-9984759100.jpg\",\"width\":640,\"height\":640},{\"@type\":\"BreadcrumbList\",\"@id\":\"https:\\\/\\\/shop.bantam.ch\\\/fr\\\/produit\\\/sce-vaisselle-koziol-connect-monstera-16-pcs-bol-assiette-assiette-a-dessert-et-gobelet\\\/#breadcrumb\",\"itemListElement\":[{\"@type\":\"ListItem\",\"position\":1,\"name\":\"Accueil\",\"item\":\"https:\\\/\\\/shop.bantam.ch\\\/fr\\\/\"},{\"@type\":\"ListItem\",\"position\":2,\"name\":\"Boutique\",\"item\":\"https:\\\/\\\/shop.bantam.ch\\\/fr\\\/boutique\\\/\"},{\"@type\":\"ListItem\",\"position\":3,\"name\":\"Sce vaisselle koziol CONNECT MONSTERA 16 pcs bol, assiette, assiette \u00e0 dessert et gobelet\"}]},{\"@type\":\"WebSite\",\"@id\":\"https:\\\/\\\/shop.bantam.ch\\\/fr\\\/#website\",\"url\":\"https:\\\/\\\/shop.bantam.ch\\\/fr\\\/\",\"name\":\"Bantam\",\"description\":\"\",\"publisher\":{\"@id\":\"https:\\\/\\\/shop.bantam.ch\\\/fr\\\/#organization\"},\"inLanguage\":\"fr-FR\"},{\"@type\":\"Organization\",\"@id\":\"https:\\\/\\\/shop.bantam.ch\\\/fr\\\/#organization\",\"name\":\"Bantam\",\"url\":\"https:\\\/\\\/shop.bantam.ch\\\/fr\\\/\",\"logo\":{\"@type\":\"ImageObject\",\"inLanguage\":\"fr-FR\",\"@id\":\"https:\\\/\\\/shop.bantam.ch\\\/fr\\\/#\\\/schema\\\/logo\\\/image\\\/\",\"url\":\"https:\\\/\\\/shop.bantam.ch\\\/wp-content\\\/uploads\\\/2022\\\/12\\\/bantam-logo.png\",\"contentUrl\":\"https:\\\/\\\/shop.bantam.ch\\\/wp-content\\\/uploads\\\/2022\\\/12\\\/bantam-logo.png\",\"width\":320,\"height\":71,\"caption\":\"Bantam\"},\"image\":{\"@id\":\"https:\\\/\\\/shop.bantam.ch\\\/fr\\\/#\\\/schema\\\/logo\\\/image\\\/\"}}]}<\/script>\n<!-- \/ Yoast SEO plugin. -->","yoast_head_json":{"title":"Sce vaisselle koziol CONNECT MONSTERA 16 pcs bol, assiette, assiette \u00e0 dessert et gobelet - Bantam","robots":{"index":"index","follow":"follow","max-snippet":"max-snippet:-1","max-image-preview":"max-image-preview:large","max-video-preview":"max-video-preview:-1"},"canonical":"https:\/\/shop.bantam.ch\/fr\/produit\/sce-vaisselle-koziol-connect-monstera-16-pcs-bol-assiette-assiette-a-dessert-et-gobelet\/","og_locale":"fr_FR","og_type":"article","og_title":"Sce vaisselle koziol CONNECT MONSTERA 16 pcs bol, assiette, assiette \u00e0 dessert et gobelet - Bantam","og_description":"Avec ses formes \u00e9pur\u00e9es, la petite assiette CONNECT PLATE s\u00e9duit au premier coup d&rsquo;\u0153il. La petite assiette est id\u00e9ale pour les fruits, les snacks ou les g\u00e2teaux et fait \u00e9galement bonne figure sur la table du petit-d\u00e9jeuner. Gr\u00e2ce \u00e0 son design r\u00e9duit, elle se combine parfaitement avec d&rsquo;autres pi\u00e8ces de vaisselle et ouvre une multitude [&hellip;]","og_url":"https:\/\/shop.bantam.ch\/fr\/produit\/sce-vaisselle-koziol-connect-monstera-16-pcs-bol-assiette-assiette-a-dessert-et-gobelet\/","og_site_name":"Bantam","article_modified_time":"2026-05-02T21:11:16+00:00","twitter_card":"summary_large_image","twitter_misc":{"Dur\u00e9e de lecture estim\u00e9e":"1 minute"},"schema":{"@context":"https:\/\/schema.org","@graph":[{"@type":"WebPage","@id":"https:\/\/shop.bantam.ch\/fr\/produit\/sce-vaisselle-koziol-connect-monstera-16-pcs-bol-assiette-assiette-a-dessert-et-gobelet\/","url":"https:\/\/shop.bantam.ch\/fr\/produit\/sce-vaisselle-koziol-connect-monstera-16-pcs-bol-assiette-assiette-a-dessert-et-gobelet\/","name":"Sce vaisselle koziol CONNECT MONSTERA 16 pcs bol, assiette, assiette \u00e0 dessert et gobelet - Bantam","isPartOf":{"@id":"https:\/\/shop.bantam.ch\/fr\/#website"},"primaryImageOfPage":{"@id":"https:\/\/shop.bantam.ch\/fr\/produit\/sce-vaisselle-koziol-connect-monstera-16-pcs-bol-assiette-assiette-a-dessert-et-gobelet\/#primaryimage"},"image":{"@id":"https:\/\/shop.bantam.ch\/fr\/produit\/sce-vaisselle-koziol-connect-monstera-16-pcs-bol-assiette-assiette-a-dessert-et-gobelet\/#primaryimage"},"thumbnailUrl":"https:\/\/shop.bantam.ch\/wp-content\/uploads\/2024\/09\/Movera-L-9984759100.jpg","datePublished":"2024-05-15T16:06:02+00:00","dateModified":"2026-05-02T21:11:16+00:00","breadcrumb":{"@id":"https:\/\/shop.bantam.ch\/fr\/produit\/sce-vaisselle-koziol-connect-monstera-16-pcs-bol-assiette-assiette-a-dessert-et-gobelet\/#breadcrumb"},"inLanguage":"fr-FR","potentialAction":[{"@type":"ReadAction","target":["https:\/\/shop.bantam.ch\/fr\/produit\/sce-vaisselle-koziol-connect-monstera-16-pcs-bol-assiette-assiette-a-dessert-et-gobelet\/"]}]},{"@type":"ImageObject","inLanguage":"fr-FR","@id":"https:\/\/shop.bantam.ch\/fr\/produit\/sce-vaisselle-koziol-connect-monstera-16-pcs-bol-assiette-assiette-a-dessert-et-gobelet\/#primaryimage","url":"https:\/\/shop.bantam.ch\/wp-content\/uploads\/2024\/09\/Movera-L-9984759100.jpg","contentUrl":"https:\/\/shop.bantam.ch\/wp-content\/uploads\/2024\/09\/Movera-L-9984759100.jpg","width":640,"height":640},{"@type":"BreadcrumbList","@id":"https:\/\/shop.bantam.ch\/fr\/produit\/sce-vaisselle-koziol-connect-monstera-16-pcs-bol-assiette-assiette-a-dessert-et-gobelet\/#breadcrumb","itemListElement":[{"@type":"ListItem","position":1,"name":"Accueil","item":"https:\/\/shop.bantam.ch\/fr\/"},{"@type":"ListItem","position":2,"name":"Boutique","item":"https:\/\/shop.bantam.ch\/fr\/boutique\/"},{"@type":"ListItem","position":3,"name":"Sce vaisselle koziol CONNECT MONSTERA 16 pcs bol, assiette, assiette \u00e0 dessert et gobelet"}]},{"@type":"WebSite","@id":"https:\/\/shop.bantam.ch\/fr\/#website","url":"https:\/\/shop.bantam.ch\/fr\/","name":"Bantam","description":"","publisher":{"@id":"https:\/\/shop.bantam.ch\/fr\/#organization"},"inLanguage":"fr-FR"},{"@type":"Organization","@id":"https:\/\/shop.bantam.ch\/fr\/#organization","name":"Bantam","url":"https:\/\/shop.bantam.ch\/fr\/","logo":{"@type":"ImageObject","inLanguage":"fr-FR","@id":"https:\/\/shop.bantam.ch\/fr\/#\/schema\/logo\/image\/","url":"https:\/\/shop.bantam.ch\/wp-content\/uploads\/2022\/12\/bantam-logo.png","contentUrl":"https:\/\/shop.bantam.ch\/wp-content\/uploads\/2022\/12\/bantam-logo.png","width":320,"height":71,"caption":"Bantam"},"image":{"@id":"https:\/\/shop.bantam.ch\/fr\/#\/schema\/logo\/image\/"}}]}},"_links":{"self":[{"href":"https:\/\/shop.bantam.ch\/fr\/wp-json\/wp\/v2\/product\/201579","targetHints":{"allow":["GET"]}}],"collection":[{"href":"https:\/\/shop.bantam.ch\/fr\/wp-json\/wp\/v2\/product"}],"about":[{"href":"https:\/\/shop.bantam.ch\/fr\/wp-json\/wp\/v2\/types\/product"}],"wp:featuredmedia":[{"embeddable":true,"href":"https:\/\/shop.bantam.ch\/fr\/wp-json\/wp\/v2\/media\/207704"}],"wp:attachment":[{"href":"https:\/\/shop.bantam.ch\/fr\/wp-json\/wp\/v2\/media?parent=201579"}],"wp:term":[{"taxonomy":"product_featured_cat","embeddable":true,"href":"https:\/\/shop.bantam.ch\/fr\/wp-json\/wp\/v2\/product_featured_cat?post=201579"},{"taxonomy":"product_brand","embeddable":true,"href":"https:\/\/shop.bantam.ch\/fr\/wp-json\/wp\/v2\/product_brand?post=201579"},{"taxonomy":"product_cat","embeddable":true,"href":"https:\/\/shop.bantam.ch\/fr\/wp-json\/wp\/v2\/product_cat?post=201579"},{"taxonomy":"product_tag","embeddable":true,"href":"https:\/\/shop.bantam.ch\/fr\/wp-json\/wp\/v2\/product_tag?post=201579"}],"curies":[{"name":"wp","href":"https:\/\/api.w.org\/{rel}","templated":true}]}}