{"id":201543,"date":"2024-05-15T18:05:05","date_gmt":"2024-05-15T16:05:05","guid":{"rendered":"https:\/\/shop.bantam.ch\/produit\/coffre-standard-mobil-safe-taille-5-avec-systeme-quickout\/"},"modified":"2026-04-18T23:17:54","modified_gmt":"2026-04-18T21:17:54","slug":"coffre-standard-mobil-safe-taille-5-avec-systeme-quickout","status":"publish","type":"product","link":"https:\/\/shop.bantam.ch\/fr\/produit\/coffre-standard-mobil-safe-taille-5-avec-systeme-quickout\/","title":{"rendered":"Coffre standard Mobil-Safe Taille 5 avec syst\u00e8me QuickOut"},"content":{"rendered":"<p>Gr\u00e2ce \u00e0 sa construction innovante, le Mobil-Safe peut \u00eatre install\u00e9 au choix \u00e0 l&rsquo;horizontale, \u00e0 la verticale, sur le c\u00f4t\u00e9 ou suspendu dans n&rsquo;importe quel angle de votre v\u00e9hicule. Comme la porte peut \u00eatre retir\u00e9e apr\u00e8s le d\u00e9verrouillage, vous n&rsquo;avez besoin d&rsquo;aucune zone de pivotement. 2-3 cm suffisent pour retirer la porte.<br \/>\nLe Mobil-Safe est fabriqu\u00e9 en acier SM de 2,5\/3 mm et est rev\u00eatu d&rsquo;une poudre r\u00e9sistante aux chocs et aux rayures.<\/p>\n<p>La porte est fabriqu\u00e9e en acier SM de 5 mm et est \u00e9quip\u00e9e d&rsquo;une serrure de s\u00e9curit\u00e9 \u00e0 double panneton. La serrure est un produit de marque allemande&nbsp;<br \/>\navec 7 gorges. Une plaque de serrure durcie au mangan\u00e8se emp\u00eache tout per\u00e7age. Gr\u00e2ce \u00e0 la porte int\u00e9rieure de 2 cm, le Mobil-Safe est parfaitement prot\u00e9g\u00e9 contre le vol.&nbsp;<br \/>\ncontre le soul\u00e8vement. De plus, la porte est s\u00e9curis\u00e9e par une poign\u00e9e arri\u00e8re.<\/p>\n<ul>\n<li>Dimensions ext\u00e9rieures : 36 x 50 x 18 cm (l x h x p) (la profondeur du coffre-fort est toujours en face de la porte).<\/li>\n<li>Dimensions int\u00e9rieures : 35,5 x 49,5 x 14,5 cm (L x H x P)<\/li>\n<li>Dimensions de passage de la porte : 33,5 x 47,3 cm (L x H x P)<\/li>\n<\/ul>\n<p>Contenu de la livraison :&nbsp;<br \/>\n1 coffre-fort mobile avec 4 trous dans le fond, kit de montage<\/p>\n","protected":false},"excerpt":{"rendered":"<p>Gr\u00e2ce \u00e0 sa construction innovante, le Mobil-Safe peut \u00eatre install\u00e9 au choix \u00e0 l&rsquo;horizontale, \u00e0 la verticale, sur le c\u00f4t\u00e9 ou suspendu dans n&rsquo;importe quel angle de votre v\u00e9hicule. Comme la porte peut \u00eatre retir\u00e9e apr\u00e8s le d\u00e9verrouillage, vous n&rsquo;avez besoin d&rsquo;aucune zone de pivotement. 2-3 cm suffisent pour retirer la porte. Le Mobil-Safe est [&hellip;]<\/p>\n","protected":false},"featured_media":207524,"template":"","meta":{"_acf_changed":false},"product_featured_cat":[],"product_brand":[],"product_cat":[4669],"product_tag":[],"class_list":{"0":"post-201543","1":"product","2":"type-product","3":"status-publish","4":"has-post-thumbnail","6":"product_cat-coffres-forts-et-chambres-fortes","8":"first","9":"instock","10":"taxable","11":"shipping-taxable","12":"purchasable","13":"product-type-simple"},"acf":[],"yoast_head":"<!-- This site is optimized with the Yoast SEO plugin v27.4 - https:\/\/yoast.com\/product\/yoast-seo-wordpress\/ -->\n<title>Coffre standard Mobil-Safe Taille 5 avec syst\u00e8me QuickOut - Bantam Wankm\u00fcller SA<\/title>\n<meta name=\"robots\" content=\"index, follow, max-snippet:-1, max-image-preview:large, max-video-preview:-1\" \/>\n<link rel=\"canonical\" href=\"https:\/\/shop.bantam.ch\/fr\/produit\/coffre-standard-mobil-safe-taille-5-avec-systeme-quickout\/\" \/>\n<meta property=\"og:locale\" content=\"fr_FR\" \/>\n<meta property=\"og:type\" content=\"article\" \/>\n<meta property=\"og:title\" content=\"Coffre standard Mobil-Safe Taille 5 avec syst\u00e8me QuickOut - Bantam Wankm\u00fcller SA\" \/>\n<meta property=\"og:description\" content=\"Gr\u00e2ce \u00e0 sa construction innovante, le Mobil-Safe peut \u00eatre install\u00e9 au choix \u00e0 l&rsquo;horizontale, \u00e0 la verticale, sur le c\u00f4t\u00e9 ou suspendu dans n&rsquo;importe quel angle de votre v\u00e9hicule. Comme la porte peut \u00eatre retir\u00e9e apr\u00e8s le d\u00e9verrouillage, vous n&rsquo;avez besoin d&rsquo;aucune zone de pivotement. 2-3 cm suffisent pour retirer la porte. Le Mobil-Safe est [&hellip;]\" \/>\n<meta property=\"og:url\" content=\"https:\/\/shop.bantam.ch\/fr\/produit\/coffre-standard-mobil-safe-taille-5-avec-systeme-quickout\/\" \/>\n<meta property=\"og:site_name\" content=\"Bantam Wankm\u00fcller SA\" \/>\n<meta property=\"article:modified_time\" content=\"2026-04-18T21:17:54+00:00\" \/>\n<meta name=\"twitter:card\" content=\"summary_large_image\" \/>\n<meta name=\"twitter:label1\" content=\"Dur\u00e9e de lecture estim\u00e9e\" \/>\n\t<meta name=\"twitter:data1\" content=\"1 minute\" \/>\n<script type=\"application\/ld+json\" class=\"yoast-schema-graph\">{\"@context\":\"https:\\\/\\\/schema.org\",\"@graph\":[{\"@type\":\"WebPage\",\"@id\":\"https:\\\/\\\/shop.bantam.ch\\\/fr\\\/produit\\\/coffre-standard-mobil-safe-taille-5-avec-systeme-quickout\\\/\",\"url\":\"https:\\\/\\\/shop.bantam.ch\\\/fr\\\/produit\\\/coffre-standard-mobil-safe-taille-5-avec-systeme-quickout\\\/\",\"name\":\"Coffre standard Mobil-Safe Taille 5 avec syst\u00e8me QuickOut - Bantam Wankm\u00fcller SA\",\"isPartOf\":{\"@id\":\"https:\\\/\\\/shop.bantam.ch\\\/fr\\\/#website\"},\"primaryImageOfPage\":{\"@id\":\"https:\\\/\\\/shop.bantam.ch\\\/fr\\\/produit\\\/coffre-standard-mobil-safe-taille-5-avec-systeme-quickout\\\/#primaryimage\"},\"image\":{\"@id\":\"https:\\\/\\\/shop.bantam.ch\\\/fr\\\/produit\\\/coffre-standard-mobil-safe-taille-5-avec-systeme-quickout\\\/#primaryimage\"},\"thumbnailUrl\":\"https:\\\/\\\/shop.bantam.ch\\\/wp-content\\\/uploads\\\/2024\\\/09\\\/Movera-L-9978557100.jpg\",\"datePublished\":\"2024-05-15T16:05:05+00:00\",\"dateModified\":\"2026-04-18T21:17:54+00:00\",\"breadcrumb\":{\"@id\":\"https:\\\/\\\/shop.bantam.ch\\\/fr\\\/produit\\\/coffre-standard-mobil-safe-taille-5-avec-systeme-quickout\\\/#breadcrumb\"},\"inLanguage\":\"fr-FR\",\"potentialAction\":[{\"@type\":\"ReadAction\",\"target\":[\"https:\\\/\\\/shop.bantam.ch\\\/fr\\\/produit\\\/coffre-standard-mobil-safe-taille-5-avec-systeme-quickout\\\/\"]}]},{\"@type\":\"ImageObject\",\"inLanguage\":\"fr-FR\",\"@id\":\"https:\\\/\\\/shop.bantam.ch\\\/fr\\\/produit\\\/coffre-standard-mobil-safe-taille-5-avec-systeme-quickout\\\/#primaryimage\",\"url\":\"https:\\\/\\\/shop.bantam.ch\\\/wp-content\\\/uploads\\\/2024\\\/09\\\/Movera-L-9978557100.jpg\",\"contentUrl\":\"https:\\\/\\\/shop.bantam.ch\\\/wp-content\\\/uploads\\\/2024\\\/09\\\/Movera-L-9978557100.jpg\",\"width\":640,\"height\":573},{\"@type\":\"BreadcrumbList\",\"@id\":\"https:\\\/\\\/shop.bantam.ch\\\/fr\\\/produit\\\/coffre-standard-mobil-safe-taille-5-avec-systeme-quickout\\\/#breadcrumb\",\"itemListElement\":[{\"@type\":\"ListItem\",\"position\":1,\"name\":\"Accueil\",\"item\":\"https:\\\/\\\/shop.bantam.ch\\\/fr\\\/\"},{\"@type\":\"ListItem\",\"position\":2,\"name\":\"Boutique\",\"item\":\"https:\\\/\\\/shop.bantam.ch\\\/fr\\\/boutique\\\/\"},{\"@type\":\"ListItem\",\"position\":3,\"name\":\"Coffre standard Mobil-Safe Taille 5 avec syst\u00e8me QuickOut\"}]},{\"@type\":\"WebSite\",\"@id\":\"https:\\\/\\\/shop.bantam.ch\\\/fr\\\/#website\",\"url\":\"https:\\\/\\\/shop.bantam.ch\\\/fr\\\/\",\"name\":\"Bantam Wankm\u00fcller SA\",\"description\":\"\",\"publisher\":{\"@id\":\"https:\\\/\\\/shop.bantam.ch\\\/fr\\\/#organization\"},\"inLanguage\":\"fr-FR\"},{\"@type\":\"Organization\",\"@id\":\"https:\\\/\\\/shop.bantam.ch\\\/fr\\\/#organization\",\"name\":\"Bantam Wankm\u00fcller SA\",\"url\":\"https:\\\/\\\/shop.bantam.ch\\\/fr\\\/\",\"logo\":{\"@type\":\"ImageObject\",\"inLanguage\":\"fr-FR\",\"@id\":\"https:\\\/\\\/shop.bantam.ch\\\/fr\\\/#\\\/schema\\\/logo\\\/image\\\/\",\"url\":\"https:\\\/\\\/shop.bantam.ch\\\/wp-content\\\/uploads\\\/2022\\\/12\\\/bantam-logo.png\",\"contentUrl\":\"https:\\\/\\\/shop.bantam.ch\\\/wp-content\\\/uploads\\\/2022\\\/12\\\/bantam-logo.png\",\"width\":320,\"height\":71,\"caption\":\"Bantam Wankm\u00fcller SA\"},\"image\":{\"@id\":\"https:\\\/\\\/shop.bantam.ch\\\/fr\\\/#\\\/schema\\\/logo\\\/image\\\/\"}}]}<\/script>\n<!-- \/ Yoast SEO plugin. -->","yoast_head_json":{"title":"Coffre standard Mobil-Safe Taille 5 avec syst\u00e8me QuickOut - Bantam Wankm\u00fcller SA","robots":{"index":"index","follow":"follow","max-snippet":"max-snippet:-1","max-image-preview":"max-image-preview:large","max-video-preview":"max-video-preview:-1"},"canonical":"https:\/\/shop.bantam.ch\/fr\/produit\/coffre-standard-mobil-safe-taille-5-avec-systeme-quickout\/","og_locale":"fr_FR","og_type":"article","og_title":"Coffre standard Mobil-Safe Taille 5 avec syst\u00e8me QuickOut - Bantam Wankm\u00fcller SA","og_description":"Gr\u00e2ce \u00e0 sa construction innovante, le Mobil-Safe peut \u00eatre install\u00e9 au choix \u00e0 l&rsquo;horizontale, \u00e0 la verticale, sur le c\u00f4t\u00e9 ou suspendu dans n&rsquo;importe quel angle de votre v\u00e9hicule. Comme la porte peut \u00eatre retir\u00e9e apr\u00e8s le d\u00e9verrouillage, vous n&rsquo;avez besoin d&rsquo;aucune zone de pivotement. 2-3 cm suffisent pour retirer la porte. Le Mobil-Safe est [&hellip;]","og_url":"https:\/\/shop.bantam.ch\/fr\/produit\/coffre-standard-mobil-safe-taille-5-avec-systeme-quickout\/","og_site_name":"Bantam Wankm\u00fcller SA","article_modified_time":"2026-04-18T21:17:54+00:00","twitter_card":"summary_large_image","twitter_misc":{"Dur\u00e9e de lecture estim\u00e9e":"1 minute"},"schema":{"@context":"https:\/\/schema.org","@graph":[{"@type":"WebPage","@id":"https:\/\/shop.bantam.ch\/fr\/produit\/coffre-standard-mobil-safe-taille-5-avec-systeme-quickout\/","url":"https:\/\/shop.bantam.ch\/fr\/produit\/coffre-standard-mobil-safe-taille-5-avec-systeme-quickout\/","name":"Coffre standard Mobil-Safe Taille 5 avec syst\u00e8me QuickOut - Bantam Wankm\u00fcller SA","isPartOf":{"@id":"https:\/\/shop.bantam.ch\/fr\/#website"},"primaryImageOfPage":{"@id":"https:\/\/shop.bantam.ch\/fr\/produit\/coffre-standard-mobil-safe-taille-5-avec-systeme-quickout\/#primaryimage"},"image":{"@id":"https:\/\/shop.bantam.ch\/fr\/produit\/coffre-standard-mobil-safe-taille-5-avec-systeme-quickout\/#primaryimage"},"thumbnailUrl":"https:\/\/shop.bantam.ch\/wp-content\/uploads\/2024\/09\/Movera-L-9978557100.jpg","datePublished":"2024-05-15T16:05:05+00:00","dateModified":"2026-04-18T21:17:54+00:00","breadcrumb":{"@id":"https:\/\/shop.bantam.ch\/fr\/produit\/coffre-standard-mobil-safe-taille-5-avec-systeme-quickout\/#breadcrumb"},"inLanguage":"fr-FR","potentialAction":[{"@type":"ReadAction","target":["https:\/\/shop.bantam.ch\/fr\/produit\/coffre-standard-mobil-safe-taille-5-avec-systeme-quickout\/"]}]},{"@type":"ImageObject","inLanguage":"fr-FR","@id":"https:\/\/shop.bantam.ch\/fr\/produit\/coffre-standard-mobil-safe-taille-5-avec-systeme-quickout\/#primaryimage","url":"https:\/\/shop.bantam.ch\/wp-content\/uploads\/2024\/09\/Movera-L-9978557100.jpg","contentUrl":"https:\/\/shop.bantam.ch\/wp-content\/uploads\/2024\/09\/Movera-L-9978557100.jpg","width":640,"height":573},{"@type":"BreadcrumbList","@id":"https:\/\/shop.bantam.ch\/fr\/produit\/coffre-standard-mobil-safe-taille-5-avec-systeme-quickout\/#breadcrumb","itemListElement":[{"@type":"ListItem","position":1,"name":"Accueil","item":"https:\/\/shop.bantam.ch\/fr\/"},{"@type":"ListItem","position":2,"name":"Boutique","item":"https:\/\/shop.bantam.ch\/fr\/boutique\/"},{"@type":"ListItem","position":3,"name":"Coffre standard Mobil-Safe Taille 5 avec syst\u00e8me QuickOut"}]},{"@type":"WebSite","@id":"https:\/\/shop.bantam.ch\/fr\/#website","url":"https:\/\/shop.bantam.ch\/fr\/","name":"Bantam Wankm\u00fcller SA","description":"","publisher":{"@id":"https:\/\/shop.bantam.ch\/fr\/#organization"},"inLanguage":"fr-FR"},{"@type":"Organization","@id":"https:\/\/shop.bantam.ch\/fr\/#organization","name":"Bantam Wankm\u00fcller SA","url":"https:\/\/shop.bantam.ch\/fr\/","logo":{"@type":"ImageObject","inLanguage":"fr-FR","@id":"https:\/\/shop.bantam.ch\/fr\/#\/schema\/logo\/image\/","url":"https:\/\/shop.bantam.ch\/wp-content\/uploads\/2022\/12\/bantam-logo.png","contentUrl":"https:\/\/shop.bantam.ch\/wp-content\/uploads\/2022\/12\/bantam-logo.png","width":320,"height":71,"caption":"Bantam Wankm\u00fcller SA"},"image":{"@id":"https:\/\/shop.bantam.ch\/fr\/#\/schema\/logo\/image\/"}}]}},"_links":{"self":[{"href":"https:\/\/shop.bantam.ch\/fr\/wp-json\/wp\/v2\/product\/201543","targetHints":{"allow":["GET"]}}],"collection":[{"href":"https:\/\/shop.bantam.ch\/fr\/wp-json\/wp\/v2\/product"}],"about":[{"href":"https:\/\/shop.bantam.ch\/fr\/wp-json\/wp\/v2\/types\/product"}],"wp:featuredmedia":[{"embeddable":true,"href":"https:\/\/shop.bantam.ch\/fr\/wp-json\/wp\/v2\/media\/207524"}],"wp:attachment":[{"href":"https:\/\/shop.bantam.ch\/fr\/wp-json\/wp\/v2\/media?parent=201543"}],"wp:term":[{"taxonomy":"product_featured_cat","embeddable":true,"href":"https:\/\/shop.bantam.ch\/fr\/wp-json\/wp\/v2\/product_featured_cat?post=201543"},{"taxonomy":"product_brand","embeddable":true,"href":"https:\/\/shop.bantam.ch\/fr\/wp-json\/wp\/v2\/product_brand?post=201543"},{"taxonomy":"product_cat","embeddable":true,"href":"https:\/\/shop.bantam.ch\/fr\/wp-json\/wp\/v2\/product_cat?post=201543"},{"taxonomy":"product_tag","embeddable":true,"href":"https:\/\/shop.bantam.ch\/fr\/wp-json\/wp\/v2\/product_tag?post=201543"}],"curies":[{"name":"wp","href":"https:\/\/api.w.org\/{rel}","templated":true}]}}