{"id":201501,"date":"2024-05-15T18:03:21","date_gmt":"2024-05-15T16:03:21","guid":{"rendered":"https:\/\/shop.bantam.ch\/produit\/installation-solaire-complete-cds-mt\/"},"modified":"2026-04-18T01:32:08","modified_gmt":"2026-04-17T23:32:08","slug":"installation-solaire-complete-cds-mt","status":"publish","type":"product","link":"https:\/\/shop.bantam.ch\/fr\/produit\/installation-solaire-complete-cds-mt\/","title":{"rendered":"Installation solaire compl\u00e8te CDS MT"},"content":{"rendered":"<p>Les installations solaires compl\u00e8tes contiennent tout ce qui est n\u00e9cessaire pour monter une installation solaire pour un v\u00e9hicule de tourisme. Ils sont \u00e0 l&rsquo;abri des rayons UV nocifs et sont \u00e9galement extr\u00eamement r\u00e9sistants aux intemp\u00e9ries. En cas de changement de v\u00e9hicule, l&rsquo;installation peut \u00eatre d\u00e9mont\u00e9e \u00e0 tout moment. Le support lui-m\u00eame est coll\u00e9 sur le toit \u00e0 l&rsquo;aide d&rsquo;un kit de colle sp\u00e9cial. Cela pr\u00e9sente l&rsquo;avantage de ne pas devoir percer de trous de fixation dans la couverture du toit. Le r\u00e9gulateur de charge MMP dispose des toutes derni\u00e8res courbes caract\u00e9ristiques et peut \u00eatre r\u00e9gl\u00e9 pour les batteries liquides\/AGM\/gel\/LiFePO4. Tous les r\u00e9gulateurs solaires sont \u00e9quip\u00e9s de la technologie MPPT am\u00e9lior\u00e9e et peuvent \u00eatre contr\u00f4l\u00e9s par Bluetooth via une application mobile. Ils poss\u00e8dent en outre une deuxi\u00e8me sortie de charge vers la batterie de d\u00e9marrage jusqu&rsquo;\u00e0 10 A et un raccordement pour l&rsquo;affichage solaire \u00e0 distance comme N-Bus et Ci-Bus (en option) avec sonde de temp\u00e9rature.<\/p>\n<p>Contenu de la livraison:<br \/>\nPanneau(x) solaire(s) inclus<br \/>\nR\u00e9gulateur solaire MPPT avec sonde de temp\u00e9rature<br \/>\nKit de spoiler de toit<br \/>\nTravers\u00e9e de toit<br \/>\nBloc de service\/distribution<br \/>\nKit de collage<br \/>\nKit de c\u00e2bles int\u00e9rieur\/ext\u00e9rieur<br \/>\nC\u00e2ble EBK<br \/>\nPetites pi\u00e8ces<br \/>\nMat\u00e9riel de montage\/instructions<\/p>\n","protected":false},"excerpt":{"rendered":"<p>Les installations solaires compl\u00e8tes contiennent tout ce qui est n\u00e9cessaire pour monter une installation solaire pour un v\u00e9hicule de tourisme. Ils sont \u00e0 l&rsquo;abri des rayons UV nocifs et sont \u00e9galement extr\u00eamement r\u00e9sistants aux intemp\u00e9ries. En cas de changement de v\u00e9hicule, l&rsquo;installation peut \u00eatre d\u00e9mont\u00e9e \u00e0 tout moment. Le support lui-m\u00eame est coll\u00e9 sur le [&hellip;]<\/p>\n","protected":false},"featured_media":201499,"template":"","meta":{"_acf_changed":false},"product_featured_cat":[],"product_brand":[],"product_cat":[4879],"product_tag":[],"class_list":{"0":"post-201501","1":"product","2":"type-product","3":"status-publish","4":"has-post-thumbnail","6":"product_cat-kits-solaires","8":"first","9":"instock","10":"taxable","11":"shipping-taxable","12":"purchasable","13":"product-type-variable"},"acf":[],"yoast_head":"<!-- This site is optimized with the Yoast SEO plugin v27.4 - https:\/\/yoast.com\/product\/yoast-seo-wordpress\/ -->\n<title>Installation solaire compl\u00e8te CDS MT - Bantam Wankm\u00fcller SA<\/title>\n<meta name=\"robots\" content=\"index, follow, max-snippet:-1, max-image-preview:large, max-video-preview:-1\" \/>\n<link rel=\"canonical\" href=\"https:\/\/shop.bantam.ch\/fr\/produit\/installation-solaire-complete-cds-mt\/\" \/>\n<meta property=\"og:locale\" content=\"fr_FR\" \/>\n<meta property=\"og:type\" content=\"article\" \/>\n<meta property=\"og:title\" content=\"Installation solaire compl\u00e8te CDS MT - Bantam Wankm\u00fcller SA\" \/>\n<meta property=\"og:description\" content=\"Les installations solaires compl\u00e8tes contiennent tout ce qui est n\u00e9cessaire pour monter une installation solaire pour un v\u00e9hicule de tourisme. Ils sont \u00e0 l&rsquo;abri des rayons UV nocifs et sont \u00e9galement extr\u00eamement r\u00e9sistants aux intemp\u00e9ries. En cas de changement de v\u00e9hicule, l&rsquo;installation peut \u00eatre d\u00e9mont\u00e9e \u00e0 tout moment. Le support lui-m\u00eame est coll\u00e9 sur le [&hellip;]\" \/>\n<meta property=\"og:url\" content=\"https:\/\/shop.bantam.ch\/fr\/produit\/installation-solaire-complete-cds-mt\/\" \/>\n<meta property=\"og:site_name\" content=\"Bantam Wankm\u00fcller SA\" \/>\n<meta property=\"article:modified_time\" content=\"2026-04-17T23:32:08+00:00\" \/>\n<meta name=\"twitter:card\" content=\"summary_large_image\" \/>\n<meta name=\"twitter:label1\" content=\"Dur\u00e9e de lecture estim\u00e9e\" \/>\n\t<meta name=\"twitter:data1\" content=\"1 minute\" \/>\n<script type=\"application\/ld+json\" class=\"yoast-schema-graph\">{\"@context\":\"https:\\\/\\\/schema.org\",\"@graph\":[{\"@type\":\"WebPage\",\"@id\":\"https:\\\/\\\/shop.bantam.ch\\\/fr\\\/produit\\\/installation-solaire-complete-cds-mt\\\/\",\"url\":\"https:\\\/\\\/shop.bantam.ch\\\/fr\\\/produit\\\/installation-solaire-complete-cds-mt\\\/\",\"name\":\"Installation solaire compl\u00e8te CDS MT - Bantam Wankm\u00fcller SA\",\"isPartOf\":{\"@id\":\"https:\\\/\\\/shop.bantam.ch\\\/fr\\\/#website\"},\"primaryImageOfPage\":{\"@id\":\"https:\\\/\\\/shop.bantam.ch\\\/fr\\\/produit\\\/installation-solaire-complete-cds-mt\\\/#primaryimage\"},\"image\":{\"@id\":\"https:\\\/\\\/shop.bantam.ch\\\/fr\\\/produit\\\/installation-solaire-complete-cds-mt\\\/#primaryimage\"},\"thumbnailUrl\":\"https:\\\/\\\/shop.bantam.ch\\\/wp-content\\\/uploads\\\/2024\\\/05\\\/Movera-L-9971432100.jpg\",\"datePublished\":\"2024-05-15T16:03:21+00:00\",\"dateModified\":\"2026-04-17T23:32:08+00:00\",\"breadcrumb\":{\"@id\":\"https:\\\/\\\/shop.bantam.ch\\\/fr\\\/produit\\\/installation-solaire-complete-cds-mt\\\/#breadcrumb\"},\"inLanguage\":\"fr-FR\",\"potentialAction\":[{\"@type\":\"ReadAction\",\"target\":[\"https:\\\/\\\/shop.bantam.ch\\\/fr\\\/produit\\\/installation-solaire-complete-cds-mt\\\/\"]}]},{\"@type\":\"ImageObject\",\"inLanguage\":\"fr-FR\",\"@id\":\"https:\\\/\\\/shop.bantam.ch\\\/fr\\\/produit\\\/installation-solaire-complete-cds-mt\\\/#primaryimage\",\"url\":\"https:\\\/\\\/shop.bantam.ch\\\/wp-content\\\/uploads\\\/2024\\\/05\\\/Movera-L-9971432100.jpg\",\"contentUrl\":\"https:\\\/\\\/shop.bantam.ch\\\/wp-content\\\/uploads\\\/2024\\\/05\\\/Movera-L-9971432100.jpg\",\"width\":640,\"height\":640},{\"@type\":\"BreadcrumbList\",\"@id\":\"https:\\\/\\\/shop.bantam.ch\\\/fr\\\/produit\\\/installation-solaire-complete-cds-mt\\\/#breadcrumb\",\"itemListElement\":[{\"@type\":\"ListItem\",\"position\":1,\"name\":\"Accueil\",\"item\":\"https:\\\/\\\/shop.bantam.ch\\\/fr\\\/\"},{\"@type\":\"ListItem\",\"position\":2,\"name\":\"Boutique\",\"item\":\"https:\\\/\\\/shop.bantam.ch\\\/fr\\\/boutique\\\/\"},{\"@type\":\"ListItem\",\"position\":3,\"name\":\"Installation solaire compl\u00e8te CDS MT\"}]},{\"@type\":\"WebSite\",\"@id\":\"https:\\\/\\\/shop.bantam.ch\\\/fr\\\/#website\",\"url\":\"https:\\\/\\\/shop.bantam.ch\\\/fr\\\/\",\"name\":\"Bantam Wankm\u00fcller SA\",\"description\":\"\",\"publisher\":{\"@id\":\"https:\\\/\\\/shop.bantam.ch\\\/fr\\\/#organization\"},\"inLanguage\":\"fr-FR\"},{\"@type\":\"Organization\",\"@id\":\"https:\\\/\\\/shop.bantam.ch\\\/fr\\\/#organization\",\"name\":\"Bantam Wankm\u00fcller SA\",\"url\":\"https:\\\/\\\/shop.bantam.ch\\\/fr\\\/\",\"logo\":{\"@type\":\"ImageObject\",\"inLanguage\":\"fr-FR\",\"@id\":\"https:\\\/\\\/shop.bantam.ch\\\/fr\\\/#\\\/schema\\\/logo\\\/image\\\/\",\"url\":\"https:\\\/\\\/shop.bantam.ch\\\/wp-content\\\/uploads\\\/2022\\\/12\\\/bantam-logo.png\",\"contentUrl\":\"https:\\\/\\\/shop.bantam.ch\\\/wp-content\\\/uploads\\\/2022\\\/12\\\/bantam-logo.png\",\"width\":320,\"height\":71,\"caption\":\"Bantam Wankm\u00fcller SA\"},\"image\":{\"@id\":\"https:\\\/\\\/shop.bantam.ch\\\/fr\\\/#\\\/schema\\\/logo\\\/image\\\/\"}}]}<\/script>\n<!-- \/ Yoast SEO plugin. -->","yoast_head_json":{"title":"Installation solaire compl\u00e8te CDS MT - Bantam Wankm\u00fcller SA","robots":{"index":"index","follow":"follow","max-snippet":"max-snippet:-1","max-image-preview":"max-image-preview:large","max-video-preview":"max-video-preview:-1"},"canonical":"https:\/\/shop.bantam.ch\/fr\/produit\/installation-solaire-complete-cds-mt\/","og_locale":"fr_FR","og_type":"article","og_title":"Installation solaire compl\u00e8te CDS MT - Bantam Wankm\u00fcller SA","og_description":"Les installations solaires compl\u00e8tes contiennent tout ce qui est n\u00e9cessaire pour monter une installation solaire pour un v\u00e9hicule de tourisme. Ils sont \u00e0 l&rsquo;abri des rayons UV nocifs et sont \u00e9galement extr\u00eamement r\u00e9sistants aux intemp\u00e9ries. En cas de changement de v\u00e9hicule, l&rsquo;installation peut \u00eatre d\u00e9mont\u00e9e \u00e0 tout moment. Le support lui-m\u00eame est coll\u00e9 sur le [&hellip;]","og_url":"https:\/\/shop.bantam.ch\/fr\/produit\/installation-solaire-complete-cds-mt\/","og_site_name":"Bantam Wankm\u00fcller SA","article_modified_time":"2026-04-17T23:32:08+00:00","twitter_card":"summary_large_image","twitter_misc":{"Dur\u00e9e de lecture estim\u00e9e":"1 minute"},"schema":{"@context":"https:\/\/schema.org","@graph":[{"@type":"WebPage","@id":"https:\/\/shop.bantam.ch\/fr\/produit\/installation-solaire-complete-cds-mt\/","url":"https:\/\/shop.bantam.ch\/fr\/produit\/installation-solaire-complete-cds-mt\/","name":"Installation solaire compl\u00e8te CDS MT - Bantam Wankm\u00fcller SA","isPartOf":{"@id":"https:\/\/shop.bantam.ch\/fr\/#website"},"primaryImageOfPage":{"@id":"https:\/\/shop.bantam.ch\/fr\/produit\/installation-solaire-complete-cds-mt\/#primaryimage"},"image":{"@id":"https:\/\/shop.bantam.ch\/fr\/produit\/installation-solaire-complete-cds-mt\/#primaryimage"},"thumbnailUrl":"https:\/\/shop.bantam.ch\/wp-content\/uploads\/2024\/05\/Movera-L-9971432100.jpg","datePublished":"2024-05-15T16:03:21+00:00","dateModified":"2026-04-17T23:32:08+00:00","breadcrumb":{"@id":"https:\/\/shop.bantam.ch\/fr\/produit\/installation-solaire-complete-cds-mt\/#breadcrumb"},"inLanguage":"fr-FR","potentialAction":[{"@type":"ReadAction","target":["https:\/\/shop.bantam.ch\/fr\/produit\/installation-solaire-complete-cds-mt\/"]}]},{"@type":"ImageObject","inLanguage":"fr-FR","@id":"https:\/\/shop.bantam.ch\/fr\/produit\/installation-solaire-complete-cds-mt\/#primaryimage","url":"https:\/\/shop.bantam.ch\/wp-content\/uploads\/2024\/05\/Movera-L-9971432100.jpg","contentUrl":"https:\/\/shop.bantam.ch\/wp-content\/uploads\/2024\/05\/Movera-L-9971432100.jpg","width":640,"height":640},{"@type":"BreadcrumbList","@id":"https:\/\/shop.bantam.ch\/fr\/produit\/installation-solaire-complete-cds-mt\/#breadcrumb","itemListElement":[{"@type":"ListItem","position":1,"name":"Accueil","item":"https:\/\/shop.bantam.ch\/fr\/"},{"@type":"ListItem","position":2,"name":"Boutique","item":"https:\/\/shop.bantam.ch\/fr\/boutique\/"},{"@type":"ListItem","position":3,"name":"Installation solaire compl\u00e8te CDS MT"}]},{"@type":"WebSite","@id":"https:\/\/shop.bantam.ch\/fr\/#website","url":"https:\/\/shop.bantam.ch\/fr\/","name":"Bantam Wankm\u00fcller SA","description":"","publisher":{"@id":"https:\/\/shop.bantam.ch\/fr\/#organization"},"inLanguage":"fr-FR"},{"@type":"Organization","@id":"https:\/\/shop.bantam.ch\/fr\/#organization","name":"Bantam Wankm\u00fcller SA","url":"https:\/\/shop.bantam.ch\/fr\/","logo":{"@type":"ImageObject","inLanguage":"fr-FR","@id":"https:\/\/shop.bantam.ch\/fr\/#\/schema\/logo\/image\/","url":"https:\/\/shop.bantam.ch\/wp-content\/uploads\/2022\/12\/bantam-logo.png","contentUrl":"https:\/\/shop.bantam.ch\/wp-content\/uploads\/2022\/12\/bantam-logo.png","width":320,"height":71,"caption":"Bantam Wankm\u00fcller SA"},"image":{"@id":"https:\/\/shop.bantam.ch\/fr\/#\/schema\/logo\/image\/"}}]}},"_links":{"self":[{"href":"https:\/\/shop.bantam.ch\/fr\/wp-json\/wp\/v2\/product\/201501","targetHints":{"allow":["GET"]}}],"collection":[{"href":"https:\/\/shop.bantam.ch\/fr\/wp-json\/wp\/v2\/product"}],"about":[{"href":"https:\/\/shop.bantam.ch\/fr\/wp-json\/wp\/v2\/types\/product"}],"wp:featuredmedia":[{"embeddable":true,"href":"https:\/\/shop.bantam.ch\/fr\/wp-json\/wp\/v2\/media\/201499"}],"wp:attachment":[{"href":"https:\/\/shop.bantam.ch\/fr\/wp-json\/wp\/v2\/media?parent=201501"}],"wp:term":[{"taxonomy":"product_featured_cat","embeddable":true,"href":"https:\/\/shop.bantam.ch\/fr\/wp-json\/wp\/v2\/product_featured_cat?post=201501"},{"taxonomy":"product_brand","embeddable":true,"href":"https:\/\/shop.bantam.ch\/fr\/wp-json\/wp\/v2\/product_brand?post=201501"},{"taxonomy":"product_cat","embeddable":true,"href":"https:\/\/shop.bantam.ch\/fr\/wp-json\/wp\/v2\/product_cat?post=201501"},{"taxonomy":"product_tag","embeddable":true,"href":"https:\/\/shop.bantam.ch\/fr\/wp-json\/wp\/v2\/product_tag?post=201501"}],"curies":[{"name":"wp","href":"https:\/\/api.w.org\/{rel}","templated":true}]}}