{"id":201477,"date":"2024-05-15T18:02:31","date_gmt":"2024-05-15T16:02:31","guid":{"rendered":"https:\/\/shop.bantam.ch\/produit\/mod-solaire-buttner-elektronik-mt-sm-140-mc-140-w\/"},"modified":"2026-04-21T23:19:08","modified_gmt":"2026-04-21T21:19:08","slug":"mod-solaire-buttner-elektronik-mt-sm-140-mc-140-w","status":"publish","type":"product","link":"https:\/\/shop.bantam.ch\/fr\/produit\/mod-solaire-buttner-elektronik-mt-sm-140-mc-140-w\/","title":{"rendered":"Mod solaire B\u00dcTTNER ELEKTRONIK MT-SM 140 MC, 140 W"},"content":{"rendered":"<p>Le vainqueur du test garantit \u00e0 tout moment une charge optimale de la\/des batterie(s) de bord gr\u00e2ce \u00e0 la technologie 72 MultiCell (les panneaux solaires du commerce ne sont \u00e9quip\u00e9s que de 36 cellules). Particuli\u00e8rement optimal en cas de conditions m\u00e9t\u00e9orologiques d\u00e9favorables et d&rsquo;ombrage partiel. Une bo\u00eete de jonction robuste et \u00e9tanche \u00e0 l&rsquo;eau sous pression est install\u00e9e \u00e0 l&rsquo;arri\u00e8re du module. Avec cadre en aluminium sur le pourtour et verre tremp\u00e9 sp\u00e9cial.<\/p>\n<p>Puissance journali\u00e8re maximale: 520 Wh<\/p>\n","protected":false},"excerpt":{"rendered":"<p>Le vainqueur du test garantit \u00e0 tout moment une charge optimale de la\/des batterie(s) de bord gr\u00e2ce \u00e0 la technologie 72 MultiCell (les panneaux solaires du commerce ne sont \u00e9quip\u00e9s que de 36 cellules). Particuli\u00e8rement optimal en cas de conditions m\u00e9t\u00e9orologiques d\u00e9favorables et d&rsquo;ombrage partiel. Une bo\u00eete de jonction robuste et \u00e9tanche \u00e0 l&rsquo;eau sous [&hellip;]<\/p>\n","protected":false},"featured_media":207686,"template":"","meta":{"_acf_changed":false},"product_featured_cat":[],"product_brand":[],"product_cat":[4879],"product_tag":[],"class_list":{"0":"post-201477","1":"product","2":"type-product","3":"status-publish","4":"has-post-thumbnail","6":"product_cat-kits-solaires","8":"first","9":"instock","10":"taxable","11":"shipping-taxable","12":"purchasable","13":"product-type-simple"},"acf":[],"yoast_head":"<!-- This site is optimized with the Yoast SEO plugin v27.4 - https:\/\/yoast.com\/product\/yoast-seo-wordpress\/ -->\n<title>Mod solaire B\u00dcTTNER ELEKTRONIK MT-SM 140 MC, 140 W - Bantam Wankm\u00fcller SA<\/title>\n<meta name=\"robots\" content=\"index, follow, max-snippet:-1, max-image-preview:large, max-video-preview:-1\" \/>\n<link rel=\"canonical\" href=\"https:\/\/shop.bantam.ch\/fr\/produit\/mod-solaire-buttner-elektronik-mt-sm-140-mc-140-w\/\" \/>\n<meta property=\"og:locale\" content=\"fr_FR\" \/>\n<meta property=\"og:type\" content=\"article\" \/>\n<meta property=\"og:title\" content=\"Mod solaire B\u00dcTTNER ELEKTRONIK MT-SM 140 MC, 140 W - Bantam Wankm\u00fcller SA\" \/>\n<meta property=\"og:description\" content=\"Le vainqueur du test garantit \u00e0 tout moment une charge optimale de la\/des batterie(s) de bord gr\u00e2ce \u00e0 la technologie 72 MultiCell (les panneaux solaires du commerce ne sont \u00e9quip\u00e9s que de 36 cellules). Particuli\u00e8rement optimal en cas de conditions m\u00e9t\u00e9orologiques d\u00e9favorables et d&rsquo;ombrage partiel. Une bo\u00eete de jonction robuste et \u00e9tanche \u00e0 l&rsquo;eau sous [&hellip;]\" \/>\n<meta property=\"og:url\" content=\"https:\/\/shop.bantam.ch\/fr\/produit\/mod-solaire-buttner-elektronik-mt-sm-140-mc-140-w\/\" \/>\n<meta property=\"og:site_name\" content=\"Bantam Wankm\u00fcller SA\" \/>\n<meta property=\"article:modified_time\" content=\"2026-04-21T21:19:08+00:00\" \/>\n<meta name=\"twitter:card\" content=\"summary_large_image\" \/>\n<script type=\"application\/ld+json\" class=\"yoast-schema-graph\">{\"@context\":\"https:\\\/\\\/schema.org\",\"@graph\":[{\"@type\":\"WebPage\",\"@id\":\"https:\\\/\\\/shop.bantam.ch\\\/fr\\\/produit\\\/mod-solaire-buttner-elektronik-mt-sm-140-mc-140-w\\\/\",\"url\":\"https:\\\/\\\/shop.bantam.ch\\\/fr\\\/produit\\\/mod-solaire-buttner-elektronik-mt-sm-140-mc-140-w\\\/\",\"name\":\"Mod solaire B\u00dcTTNER ELEKTRONIK MT-SM 140 MC, 140 W - Bantam Wankm\u00fcller SA\",\"isPartOf\":{\"@id\":\"https:\\\/\\\/shop.bantam.ch\\\/fr\\\/#website\"},\"primaryImageOfPage\":{\"@id\":\"https:\\\/\\\/shop.bantam.ch\\\/fr\\\/produit\\\/mod-solaire-buttner-elektronik-mt-sm-140-mc-140-w\\\/#primaryimage\"},\"image\":{\"@id\":\"https:\\\/\\\/shop.bantam.ch\\\/fr\\\/produit\\\/mod-solaire-buttner-elektronik-mt-sm-140-mc-140-w\\\/#primaryimage\"},\"thumbnailUrl\":\"https:\\\/\\\/shop.bantam.ch\\\/wp-content\\\/uploads\\\/2024\\\/09\\\/Movera-L-9971424100.jpg\",\"datePublished\":\"2024-05-15T16:02:31+00:00\",\"dateModified\":\"2026-04-21T21:19:08+00:00\",\"breadcrumb\":{\"@id\":\"https:\\\/\\\/shop.bantam.ch\\\/fr\\\/produit\\\/mod-solaire-buttner-elektronik-mt-sm-140-mc-140-w\\\/#breadcrumb\"},\"inLanguage\":\"fr-FR\",\"potentialAction\":[{\"@type\":\"ReadAction\",\"target\":[\"https:\\\/\\\/shop.bantam.ch\\\/fr\\\/produit\\\/mod-solaire-buttner-elektronik-mt-sm-140-mc-140-w\\\/\"]}]},{\"@type\":\"ImageObject\",\"inLanguage\":\"fr-FR\",\"@id\":\"https:\\\/\\\/shop.bantam.ch\\\/fr\\\/produit\\\/mod-solaire-buttner-elektronik-mt-sm-140-mc-140-w\\\/#primaryimage\",\"url\":\"https:\\\/\\\/shop.bantam.ch\\\/wp-content\\\/uploads\\\/2024\\\/09\\\/Movera-L-9971424100.jpg\",\"contentUrl\":\"https:\\\/\\\/shop.bantam.ch\\\/wp-content\\\/uploads\\\/2024\\\/09\\\/Movera-L-9971424100.jpg\",\"width\":640,\"height\":640},{\"@type\":\"BreadcrumbList\",\"@id\":\"https:\\\/\\\/shop.bantam.ch\\\/fr\\\/produit\\\/mod-solaire-buttner-elektronik-mt-sm-140-mc-140-w\\\/#breadcrumb\",\"itemListElement\":[{\"@type\":\"ListItem\",\"position\":1,\"name\":\"Accueil\",\"item\":\"https:\\\/\\\/shop.bantam.ch\\\/fr\\\/\"},{\"@type\":\"ListItem\",\"position\":2,\"name\":\"Boutique\",\"item\":\"https:\\\/\\\/shop.bantam.ch\\\/fr\\\/boutique\\\/\"},{\"@type\":\"ListItem\",\"position\":3,\"name\":\"Mod solaire B\u00dcTTNER ELEKTRONIK MT-SM 140 MC, 140 W\"}]},{\"@type\":\"WebSite\",\"@id\":\"https:\\\/\\\/shop.bantam.ch\\\/fr\\\/#website\",\"url\":\"https:\\\/\\\/shop.bantam.ch\\\/fr\\\/\",\"name\":\"Bantam Wankm\u00fcller SA\",\"description\":\"\",\"publisher\":{\"@id\":\"https:\\\/\\\/shop.bantam.ch\\\/fr\\\/#organization\"},\"inLanguage\":\"fr-FR\"},{\"@type\":\"Organization\",\"@id\":\"https:\\\/\\\/shop.bantam.ch\\\/fr\\\/#organization\",\"name\":\"Bantam Wankm\u00fcller SA\",\"url\":\"https:\\\/\\\/shop.bantam.ch\\\/fr\\\/\",\"logo\":{\"@type\":\"ImageObject\",\"inLanguage\":\"fr-FR\",\"@id\":\"https:\\\/\\\/shop.bantam.ch\\\/fr\\\/#\\\/schema\\\/logo\\\/image\\\/\",\"url\":\"https:\\\/\\\/shop.bantam.ch\\\/wp-content\\\/uploads\\\/2022\\\/12\\\/bantam-logo.png\",\"contentUrl\":\"https:\\\/\\\/shop.bantam.ch\\\/wp-content\\\/uploads\\\/2022\\\/12\\\/bantam-logo.png\",\"width\":320,\"height\":71,\"caption\":\"Bantam Wankm\u00fcller SA\"},\"image\":{\"@id\":\"https:\\\/\\\/shop.bantam.ch\\\/fr\\\/#\\\/schema\\\/logo\\\/image\\\/\"}}]}<\/script>\n<!-- \/ Yoast SEO plugin. -->","yoast_head_json":{"title":"Mod solaire B\u00dcTTNER ELEKTRONIK MT-SM 140 MC, 140 W - Bantam Wankm\u00fcller SA","robots":{"index":"index","follow":"follow","max-snippet":"max-snippet:-1","max-image-preview":"max-image-preview:large","max-video-preview":"max-video-preview:-1"},"canonical":"https:\/\/shop.bantam.ch\/fr\/produit\/mod-solaire-buttner-elektronik-mt-sm-140-mc-140-w\/","og_locale":"fr_FR","og_type":"article","og_title":"Mod solaire B\u00dcTTNER ELEKTRONIK MT-SM 140 MC, 140 W - Bantam Wankm\u00fcller SA","og_description":"Le vainqueur du test garantit \u00e0 tout moment une charge optimale de la\/des batterie(s) de bord gr\u00e2ce \u00e0 la technologie 72 MultiCell (les panneaux solaires du commerce ne sont \u00e9quip\u00e9s que de 36 cellules). Particuli\u00e8rement optimal en cas de conditions m\u00e9t\u00e9orologiques d\u00e9favorables et d&rsquo;ombrage partiel. Une bo\u00eete de jonction robuste et \u00e9tanche \u00e0 l&rsquo;eau sous [&hellip;]","og_url":"https:\/\/shop.bantam.ch\/fr\/produit\/mod-solaire-buttner-elektronik-mt-sm-140-mc-140-w\/","og_site_name":"Bantam Wankm\u00fcller SA","article_modified_time":"2026-04-21T21:19:08+00:00","twitter_card":"summary_large_image","schema":{"@context":"https:\/\/schema.org","@graph":[{"@type":"WebPage","@id":"https:\/\/shop.bantam.ch\/fr\/produit\/mod-solaire-buttner-elektronik-mt-sm-140-mc-140-w\/","url":"https:\/\/shop.bantam.ch\/fr\/produit\/mod-solaire-buttner-elektronik-mt-sm-140-mc-140-w\/","name":"Mod solaire B\u00dcTTNER ELEKTRONIK MT-SM 140 MC, 140 W - Bantam Wankm\u00fcller SA","isPartOf":{"@id":"https:\/\/shop.bantam.ch\/fr\/#website"},"primaryImageOfPage":{"@id":"https:\/\/shop.bantam.ch\/fr\/produit\/mod-solaire-buttner-elektronik-mt-sm-140-mc-140-w\/#primaryimage"},"image":{"@id":"https:\/\/shop.bantam.ch\/fr\/produit\/mod-solaire-buttner-elektronik-mt-sm-140-mc-140-w\/#primaryimage"},"thumbnailUrl":"https:\/\/shop.bantam.ch\/wp-content\/uploads\/2024\/09\/Movera-L-9971424100.jpg","datePublished":"2024-05-15T16:02:31+00:00","dateModified":"2026-04-21T21:19:08+00:00","breadcrumb":{"@id":"https:\/\/shop.bantam.ch\/fr\/produit\/mod-solaire-buttner-elektronik-mt-sm-140-mc-140-w\/#breadcrumb"},"inLanguage":"fr-FR","potentialAction":[{"@type":"ReadAction","target":["https:\/\/shop.bantam.ch\/fr\/produit\/mod-solaire-buttner-elektronik-mt-sm-140-mc-140-w\/"]}]},{"@type":"ImageObject","inLanguage":"fr-FR","@id":"https:\/\/shop.bantam.ch\/fr\/produit\/mod-solaire-buttner-elektronik-mt-sm-140-mc-140-w\/#primaryimage","url":"https:\/\/shop.bantam.ch\/wp-content\/uploads\/2024\/09\/Movera-L-9971424100.jpg","contentUrl":"https:\/\/shop.bantam.ch\/wp-content\/uploads\/2024\/09\/Movera-L-9971424100.jpg","width":640,"height":640},{"@type":"BreadcrumbList","@id":"https:\/\/shop.bantam.ch\/fr\/produit\/mod-solaire-buttner-elektronik-mt-sm-140-mc-140-w\/#breadcrumb","itemListElement":[{"@type":"ListItem","position":1,"name":"Accueil","item":"https:\/\/shop.bantam.ch\/fr\/"},{"@type":"ListItem","position":2,"name":"Boutique","item":"https:\/\/shop.bantam.ch\/fr\/boutique\/"},{"@type":"ListItem","position":3,"name":"Mod solaire B\u00dcTTNER ELEKTRONIK MT-SM 140 MC, 140 W"}]},{"@type":"WebSite","@id":"https:\/\/shop.bantam.ch\/fr\/#website","url":"https:\/\/shop.bantam.ch\/fr\/","name":"Bantam Wankm\u00fcller SA","description":"","publisher":{"@id":"https:\/\/shop.bantam.ch\/fr\/#organization"},"inLanguage":"fr-FR"},{"@type":"Organization","@id":"https:\/\/shop.bantam.ch\/fr\/#organization","name":"Bantam Wankm\u00fcller SA","url":"https:\/\/shop.bantam.ch\/fr\/","logo":{"@type":"ImageObject","inLanguage":"fr-FR","@id":"https:\/\/shop.bantam.ch\/fr\/#\/schema\/logo\/image\/","url":"https:\/\/shop.bantam.ch\/wp-content\/uploads\/2022\/12\/bantam-logo.png","contentUrl":"https:\/\/shop.bantam.ch\/wp-content\/uploads\/2022\/12\/bantam-logo.png","width":320,"height":71,"caption":"Bantam Wankm\u00fcller SA"},"image":{"@id":"https:\/\/shop.bantam.ch\/fr\/#\/schema\/logo\/image\/"}}]}},"_links":{"self":[{"href":"https:\/\/shop.bantam.ch\/fr\/wp-json\/wp\/v2\/product\/201477","targetHints":{"allow":["GET"]}}],"collection":[{"href":"https:\/\/shop.bantam.ch\/fr\/wp-json\/wp\/v2\/product"}],"about":[{"href":"https:\/\/shop.bantam.ch\/fr\/wp-json\/wp\/v2\/types\/product"}],"wp:featuredmedia":[{"embeddable":true,"href":"https:\/\/shop.bantam.ch\/fr\/wp-json\/wp\/v2\/media\/207686"}],"wp:attachment":[{"href":"https:\/\/shop.bantam.ch\/fr\/wp-json\/wp\/v2\/media?parent=201477"}],"wp:term":[{"taxonomy":"product_featured_cat","embeddable":true,"href":"https:\/\/shop.bantam.ch\/fr\/wp-json\/wp\/v2\/product_featured_cat?post=201477"},{"taxonomy":"product_brand","embeddable":true,"href":"https:\/\/shop.bantam.ch\/fr\/wp-json\/wp\/v2\/product_brand?post=201477"},{"taxonomy":"product_cat","embeddable":true,"href":"https:\/\/shop.bantam.ch\/fr\/wp-json\/wp\/v2\/product_cat?post=201477"},{"taxonomy":"product_tag","embeddable":true,"href":"https:\/\/shop.bantam.ch\/fr\/wp-json\/wp\/v2\/product_tag?post=201477"}],"curies":[{"name":"wp","href":"https:\/\/api.w.org\/{rel}","templated":true}]}}