{"id":201381,"date":"2024-05-15T17:59:10","date_gmt":"2024-05-15T15:59:10","guid":{"rendered":"https:\/\/shop.bantam.ch\/produit\/syst-purificat-dair-dometic-breathe-2500\/"},"modified":"2026-04-19T23:20:22","modified_gmt":"2026-04-19T21:20:22","slug":"syst-purificat-dair-dometic-breathe-2500","status":"publish","type":"product","link":"https:\/\/shop.bantam.ch\/fr\/produit\/syst-purificat-dair-dometic-breathe-2500\/","title":{"rendered":"Syst. purificat d\u2019air DOMETIC Breathe 2500"},"content":{"rendered":"<p>Ce kit de mise \u00e0 niveau pour climatiseurs de toit, facile \u00e0 installer, garantit \u00e0 tout moment un air propre et sain dans votre v\u00e9hicule. Gr\u00e2ce \u00e0 la technologie ionisante de pointe, le purificateur d&rsquo;air r\u00e9duit efficacement la concentration de particules de poussi\u00e8re, de bact\u00e9ries, de moisissures et d&rsquo;odeurs ind\u00e9sirables. L&rsquo;extension id\u00e9ale de votre syst\u00e8me de climatisation!<\/p>\n<p><strong>T\u00e9moin de contr\u00f4le LED<\/strong><br \/>\nIndicateur de fonctionnement facilement reconnaissable<\/p>\n<p><strong>Inserts en aluminium de haute qualit\u00e9<\/strong><br \/>\nMontage s\u00fbr et r\u00e9sistant \u00e0 la corrosion<\/p>\n<p><strong>Pr\u00eat \u00e0 \u00eatre raccord\u00e9 imm\u00e9diatement<\/strong><br \/>\nIl suffit de brancher le connecteur dans la prise pr\u00e9vue<\/p>\n<p>.<\/p>\n<ul>\n<li>La technologie d&rsquo;ionisation bipolaire moderne r\u00e9duit de mani\u00e8re fiable les particules de poussi\u00e8re, les bact\u00e9ries, la formation de moisissures et les odeurs.<\/li>\n<li>Un montage facile avec plusieurs options : Soufflerie, conduits d&rsquo;air, caissons de transition ou directement derri\u00e8re la grille de sortie d&rsquo;air<\/li>\n<p>.<\/p>\n<li>Pas de consommables ni de pi\u00e8ces \u00e0 remplacer &#8211; il suffit de nettoyer la brosse de l&rsquo;ionisateur<\/li>\n<p>.<\/p>\n<li>Economie d&rsquo;\u00e9nergie &#8211; le raccordement direct \u00e0 la soufflerie permet de ne consommer de l&rsquo;\u00e9nergie qu&rsquo;en cas de besoin<\/li>\n<p>.\n<\/ul>\n","protected":false},"excerpt":{"rendered":"<p>Ce kit de mise \u00e0 niveau pour climatiseurs de toit, facile \u00e0 installer, garantit \u00e0 tout moment un air propre et sain dans votre v\u00e9hicule. Gr\u00e2ce \u00e0 la technologie ionisante de pointe, le purificateur d&rsquo;air r\u00e9duit efficacement la concentration de particules de poussi\u00e8re, de bact\u00e9ries, de moisissures et d&rsquo;odeurs ind\u00e9sirables. L&rsquo;extension id\u00e9ale de votre syst\u00e8me [&hellip;]<\/p>\n","protected":false},"featured_media":207670,"template":"","meta":{"_acf_changed":false},"product_featured_cat":[],"product_brand":[],"product_cat":[4089],"product_tag":[],"class_list":{"0":"post-201381","1":"product","2":"type-product","3":"status-publish","4":"has-post-thumbnail","6":"product_cat-climatisations","8":"first","9":"instock","10":"taxable","11":"shipping-taxable","12":"purchasable","13":"product-type-simple"},"acf":[],"yoast_head":"<!-- This site is optimized with the Yoast SEO plugin v27.4 - https:\/\/yoast.com\/product\/yoast-seo-wordpress\/ -->\n<title>Syst. purificat d\u2019air DOMETIC Breathe 2500 - Bantam Wankm\u00fcller SA<\/title>\n<meta name=\"robots\" content=\"index, follow, max-snippet:-1, max-image-preview:large, max-video-preview:-1\" \/>\n<link rel=\"canonical\" href=\"https:\/\/shop.bantam.ch\/fr\/produit\/syst-purificat-dair-dometic-breathe-2500\/\" \/>\n<meta property=\"og:locale\" content=\"fr_FR\" \/>\n<meta property=\"og:type\" content=\"article\" \/>\n<meta property=\"og:title\" content=\"Syst. purificat d\u2019air DOMETIC Breathe 2500 - Bantam Wankm\u00fcller SA\" \/>\n<meta property=\"og:description\" content=\"Ce kit de mise \u00e0 niveau pour climatiseurs de toit, facile \u00e0 installer, garantit \u00e0 tout moment un air propre et sain dans votre v\u00e9hicule. Gr\u00e2ce \u00e0 la technologie ionisante de pointe, le purificateur d&rsquo;air r\u00e9duit efficacement la concentration de particules de poussi\u00e8re, de bact\u00e9ries, de moisissures et d&rsquo;odeurs ind\u00e9sirables. L&rsquo;extension id\u00e9ale de votre syst\u00e8me [&hellip;]\" \/>\n<meta property=\"og:url\" content=\"https:\/\/shop.bantam.ch\/fr\/produit\/syst-purificat-dair-dometic-breathe-2500\/\" \/>\n<meta property=\"og:site_name\" content=\"Bantam Wankm\u00fcller SA\" \/>\n<meta property=\"article:modified_time\" content=\"2026-04-19T21:20:22+00:00\" \/>\n<meta name=\"twitter:card\" content=\"summary_large_image\" \/>\n<meta name=\"twitter:label1\" content=\"Dur\u00e9e de lecture estim\u00e9e\" \/>\n\t<meta name=\"twitter:data1\" content=\"1 minute\" \/>\n<script type=\"application\/ld+json\" class=\"yoast-schema-graph\">{\"@context\":\"https:\\\/\\\/schema.org\",\"@graph\":[{\"@type\":\"WebPage\",\"@id\":\"https:\\\/\\\/shop.bantam.ch\\\/fr\\\/produit\\\/syst-purificat-dair-dometic-breathe-2500\\\/\",\"url\":\"https:\\\/\\\/shop.bantam.ch\\\/fr\\\/produit\\\/syst-purificat-dair-dometic-breathe-2500\\\/\",\"name\":\"Syst. purificat d\u2019air DOMETIC Breathe 2500 - Bantam Wankm\u00fcller SA\",\"isPartOf\":{\"@id\":\"https:\\\/\\\/shop.bantam.ch\\\/fr\\\/#website\"},\"primaryImageOfPage\":{\"@id\":\"https:\\\/\\\/shop.bantam.ch\\\/fr\\\/produit\\\/syst-purificat-dair-dometic-breathe-2500\\\/#primaryimage\"},\"image\":{\"@id\":\"https:\\\/\\\/shop.bantam.ch\\\/fr\\\/produit\\\/syst-purificat-dair-dometic-breathe-2500\\\/#primaryimage\"},\"thumbnailUrl\":\"https:\\\/\\\/shop.bantam.ch\\\/wp-content\\\/uploads\\\/2024\\\/09\\\/Movera-L-9975373100.jpg\",\"datePublished\":\"2024-05-15T15:59:10+00:00\",\"dateModified\":\"2026-04-19T21:20:22+00:00\",\"breadcrumb\":{\"@id\":\"https:\\\/\\\/shop.bantam.ch\\\/fr\\\/produit\\\/syst-purificat-dair-dometic-breathe-2500\\\/#breadcrumb\"},\"inLanguage\":\"fr-FR\",\"potentialAction\":[{\"@type\":\"ReadAction\",\"target\":[\"https:\\\/\\\/shop.bantam.ch\\\/fr\\\/produit\\\/syst-purificat-dair-dometic-breathe-2500\\\/\"]}]},{\"@type\":\"ImageObject\",\"inLanguage\":\"fr-FR\",\"@id\":\"https:\\\/\\\/shop.bantam.ch\\\/fr\\\/produit\\\/syst-purificat-dair-dometic-breathe-2500\\\/#primaryimage\",\"url\":\"https:\\\/\\\/shop.bantam.ch\\\/wp-content\\\/uploads\\\/2024\\\/09\\\/Movera-L-9975373100.jpg\",\"contentUrl\":\"https:\\\/\\\/shop.bantam.ch\\\/wp-content\\\/uploads\\\/2024\\\/09\\\/Movera-L-9975373100.jpg\",\"width\":640,\"height\":640},{\"@type\":\"BreadcrumbList\",\"@id\":\"https:\\\/\\\/shop.bantam.ch\\\/fr\\\/produit\\\/syst-purificat-dair-dometic-breathe-2500\\\/#breadcrumb\",\"itemListElement\":[{\"@type\":\"ListItem\",\"position\":1,\"name\":\"Accueil\",\"item\":\"https:\\\/\\\/shop.bantam.ch\\\/fr\\\/\"},{\"@type\":\"ListItem\",\"position\":2,\"name\":\"Boutique\",\"item\":\"https:\\\/\\\/shop.bantam.ch\\\/fr\\\/boutique\\\/\"},{\"@type\":\"ListItem\",\"position\":3,\"name\":\"Syst. purificat d\u2019air DOMETIC Breathe 2500\"}]},{\"@type\":\"WebSite\",\"@id\":\"https:\\\/\\\/shop.bantam.ch\\\/fr\\\/#website\",\"url\":\"https:\\\/\\\/shop.bantam.ch\\\/fr\\\/\",\"name\":\"Bantam Wankm\u00fcller SA\",\"description\":\"\",\"publisher\":{\"@id\":\"https:\\\/\\\/shop.bantam.ch\\\/fr\\\/#organization\"},\"inLanguage\":\"fr-FR\"},{\"@type\":\"Organization\",\"@id\":\"https:\\\/\\\/shop.bantam.ch\\\/fr\\\/#organization\",\"name\":\"Bantam Wankm\u00fcller SA\",\"url\":\"https:\\\/\\\/shop.bantam.ch\\\/fr\\\/\",\"logo\":{\"@type\":\"ImageObject\",\"inLanguage\":\"fr-FR\",\"@id\":\"https:\\\/\\\/shop.bantam.ch\\\/fr\\\/#\\\/schema\\\/logo\\\/image\\\/\",\"url\":\"https:\\\/\\\/shop.bantam.ch\\\/wp-content\\\/uploads\\\/2022\\\/12\\\/bantam-logo.png\",\"contentUrl\":\"https:\\\/\\\/shop.bantam.ch\\\/wp-content\\\/uploads\\\/2022\\\/12\\\/bantam-logo.png\",\"width\":320,\"height\":71,\"caption\":\"Bantam Wankm\u00fcller SA\"},\"image\":{\"@id\":\"https:\\\/\\\/shop.bantam.ch\\\/fr\\\/#\\\/schema\\\/logo\\\/image\\\/\"}}]}<\/script>\n<!-- \/ Yoast SEO plugin. -->","yoast_head_json":{"title":"Syst. purificat d\u2019air DOMETIC Breathe 2500 - Bantam Wankm\u00fcller SA","robots":{"index":"index","follow":"follow","max-snippet":"max-snippet:-1","max-image-preview":"max-image-preview:large","max-video-preview":"max-video-preview:-1"},"canonical":"https:\/\/shop.bantam.ch\/fr\/produit\/syst-purificat-dair-dometic-breathe-2500\/","og_locale":"fr_FR","og_type":"article","og_title":"Syst. purificat d\u2019air DOMETIC Breathe 2500 - Bantam Wankm\u00fcller SA","og_description":"Ce kit de mise \u00e0 niveau pour climatiseurs de toit, facile \u00e0 installer, garantit \u00e0 tout moment un air propre et sain dans votre v\u00e9hicule. Gr\u00e2ce \u00e0 la technologie ionisante de pointe, le purificateur d&rsquo;air r\u00e9duit efficacement la concentration de particules de poussi\u00e8re, de bact\u00e9ries, de moisissures et d&rsquo;odeurs ind\u00e9sirables. L&rsquo;extension id\u00e9ale de votre syst\u00e8me [&hellip;]","og_url":"https:\/\/shop.bantam.ch\/fr\/produit\/syst-purificat-dair-dometic-breathe-2500\/","og_site_name":"Bantam Wankm\u00fcller SA","article_modified_time":"2026-04-19T21:20:22+00:00","twitter_card":"summary_large_image","twitter_misc":{"Dur\u00e9e de lecture estim\u00e9e":"1 minute"},"schema":{"@context":"https:\/\/schema.org","@graph":[{"@type":"WebPage","@id":"https:\/\/shop.bantam.ch\/fr\/produit\/syst-purificat-dair-dometic-breathe-2500\/","url":"https:\/\/shop.bantam.ch\/fr\/produit\/syst-purificat-dair-dometic-breathe-2500\/","name":"Syst. purificat d\u2019air DOMETIC Breathe 2500 - Bantam Wankm\u00fcller SA","isPartOf":{"@id":"https:\/\/shop.bantam.ch\/fr\/#website"},"primaryImageOfPage":{"@id":"https:\/\/shop.bantam.ch\/fr\/produit\/syst-purificat-dair-dometic-breathe-2500\/#primaryimage"},"image":{"@id":"https:\/\/shop.bantam.ch\/fr\/produit\/syst-purificat-dair-dometic-breathe-2500\/#primaryimage"},"thumbnailUrl":"https:\/\/shop.bantam.ch\/wp-content\/uploads\/2024\/09\/Movera-L-9975373100.jpg","datePublished":"2024-05-15T15:59:10+00:00","dateModified":"2026-04-19T21:20:22+00:00","breadcrumb":{"@id":"https:\/\/shop.bantam.ch\/fr\/produit\/syst-purificat-dair-dometic-breathe-2500\/#breadcrumb"},"inLanguage":"fr-FR","potentialAction":[{"@type":"ReadAction","target":["https:\/\/shop.bantam.ch\/fr\/produit\/syst-purificat-dair-dometic-breathe-2500\/"]}]},{"@type":"ImageObject","inLanguage":"fr-FR","@id":"https:\/\/shop.bantam.ch\/fr\/produit\/syst-purificat-dair-dometic-breathe-2500\/#primaryimage","url":"https:\/\/shop.bantam.ch\/wp-content\/uploads\/2024\/09\/Movera-L-9975373100.jpg","contentUrl":"https:\/\/shop.bantam.ch\/wp-content\/uploads\/2024\/09\/Movera-L-9975373100.jpg","width":640,"height":640},{"@type":"BreadcrumbList","@id":"https:\/\/shop.bantam.ch\/fr\/produit\/syst-purificat-dair-dometic-breathe-2500\/#breadcrumb","itemListElement":[{"@type":"ListItem","position":1,"name":"Accueil","item":"https:\/\/shop.bantam.ch\/fr\/"},{"@type":"ListItem","position":2,"name":"Boutique","item":"https:\/\/shop.bantam.ch\/fr\/boutique\/"},{"@type":"ListItem","position":3,"name":"Syst. purificat d\u2019air DOMETIC Breathe 2500"}]},{"@type":"WebSite","@id":"https:\/\/shop.bantam.ch\/fr\/#website","url":"https:\/\/shop.bantam.ch\/fr\/","name":"Bantam Wankm\u00fcller SA","description":"","publisher":{"@id":"https:\/\/shop.bantam.ch\/fr\/#organization"},"inLanguage":"fr-FR"},{"@type":"Organization","@id":"https:\/\/shop.bantam.ch\/fr\/#organization","name":"Bantam Wankm\u00fcller SA","url":"https:\/\/shop.bantam.ch\/fr\/","logo":{"@type":"ImageObject","inLanguage":"fr-FR","@id":"https:\/\/shop.bantam.ch\/fr\/#\/schema\/logo\/image\/","url":"https:\/\/shop.bantam.ch\/wp-content\/uploads\/2022\/12\/bantam-logo.png","contentUrl":"https:\/\/shop.bantam.ch\/wp-content\/uploads\/2022\/12\/bantam-logo.png","width":320,"height":71,"caption":"Bantam Wankm\u00fcller SA"},"image":{"@id":"https:\/\/shop.bantam.ch\/fr\/#\/schema\/logo\/image\/"}}]}},"_links":{"self":[{"href":"https:\/\/shop.bantam.ch\/fr\/wp-json\/wp\/v2\/product\/201381","targetHints":{"allow":["GET"]}}],"collection":[{"href":"https:\/\/shop.bantam.ch\/fr\/wp-json\/wp\/v2\/product"}],"about":[{"href":"https:\/\/shop.bantam.ch\/fr\/wp-json\/wp\/v2\/types\/product"}],"wp:featuredmedia":[{"embeddable":true,"href":"https:\/\/shop.bantam.ch\/fr\/wp-json\/wp\/v2\/media\/207670"}],"wp:attachment":[{"href":"https:\/\/shop.bantam.ch\/fr\/wp-json\/wp\/v2\/media?parent=201381"}],"wp:term":[{"taxonomy":"product_featured_cat","embeddable":true,"href":"https:\/\/shop.bantam.ch\/fr\/wp-json\/wp\/v2\/product_featured_cat?post=201381"},{"taxonomy":"product_brand","embeddable":true,"href":"https:\/\/shop.bantam.ch\/fr\/wp-json\/wp\/v2\/product_brand?post=201381"},{"taxonomy":"product_cat","embeddable":true,"href":"https:\/\/shop.bantam.ch\/fr\/wp-json\/wp\/v2\/product_cat?post=201381"},{"taxonomy":"product_tag","embeddable":true,"href":"https:\/\/shop.bantam.ch\/fr\/wp-json\/wp\/v2\/product_tag?post=201381"}],"curies":[{"name":"wp","href":"https:\/\/api.w.org\/{rel}","templated":true}]}}