{"id":201359,"date":"2024-05-15T17:58:49","date_gmt":"2024-05-15T15:58:49","guid":{"rendered":"https:\/\/shop.bantam.ch\/produit\/kit-ventilation-pour-dometic-refrigerateurs\/"},"modified":"2026-04-20T23:15:14","modified_gmt":"2026-04-20T21:15:14","slug":"kit-ventilation-pour-dometic-refrigerateurs","status":"publish","type":"product","link":"https:\/\/shop.bantam.ch\/fr\/produit\/kit-ventilation-pour-dometic-refrigerateurs\/","title":{"rendered":"Kit ventilation pour DOMETIC R\u00e9frig\u00e9rateurs"},"content":{"rendered":"<p>Une ventilation optimale de votre r\u00e9frig\u00e9rateur, recommand\u00e9e lorsque la temp\u00e9rature ext\u00e9rieure est \u00e9lev\u00e9e.&nbsp;Accessoire de ventilation en option pour optimiser les performances des r\u00e9frig\u00e9rateurs des s\u00e9ries 4, 5, 8 et 9. Contr\u00f4l\u00e9 par thermostat, extr\u00eamement facile \u00e0 monter.<\/p>\n<ul>\n<li>Le kit de ventilation est tr\u00e8s facile \u00e0 monter<\/li>\n<p>.<\/p>\n<li>Vous disposez ainsi d&rsquo;une ventilation optimale pour le r\u00e9frig\u00e9rateur avec une performance de refroidissement optimale.<\/li>\n<li>Ce kit est particuli\u00e8rement recommand\u00e9 en cas de temp\u00e9ratures ambiantes \u00e9lev\u00e9es ou de rayonnement solaire intense<\/li>\n<p>.\n<\/ul>\n","protected":false},"excerpt":{"rendered":"<p>Une ventilation optimale de votre r\u00e9frig\u00e9rateur, recommand\u00e9e lorsque la temp\u00e9rature ext\u00e9rieure est \u00e9lev\u00e9e.&nbsp;Accessoire de ventilation en option pour optimiser les performances des r\u00e9frig\u00e9rateurs des s\u00e9ries 4, 5, 8 et 9. Contr\u00f4l\u00e9 par thermostat, extr\u00eamement facile \u00e0 monter. Le kit de ventilation est tr\u00e8s facile \u00e0 monter . Vous disposez ainsi d&rsquo;une ventilation optimale pour le [&hellip;]<\/p>\n","protected":false},"featured_media":207664,"template":"","meta":{"_acf_changed":false},"product_featured_cat":[],"product_brand":[],"product_cat":[4559],"product_tag":[],"class_list":{"0":"post-201359","1":"product","2":"type-product","3":"status-publish","4":"has-post-thumbnail","6":"product_cat-ventilateurs-de-refrigerateur","8":"first","9":"instock","10":"taxable","11":"shipping-taxable","12":"purchasable","13":"product-type-simple"},"acf":[],"yoast_head":"<!-- This site is optimized with the Yoast SEO plugin v27.4 - https:\/\/yoast.com\/product\/yoast-seo-wordpress\/ -->\n<title>Kit ventilation pour DOMETIC R\u00e9frig\u00e9rateurs - Bantam Wankm\u00fcller SA<\/title>\n<meta name=\"robots\" content=\"index, follow, max-snippet:-1, max-image-preview:large, max-video-preview:-1\" \/>\n<link rel=\"canonical\" href=\"https:\/\/shop.bantam.ch\/fr\/produit\/kit-ventilation-pour-dometic-refrigerateurs\/\" \/>\n<meta property=\"og:locale\" content=\"fr_FR\" \/>\n<meta property=\"og:type\" content=\"article\" \/>\n<meta property=\"og:title\" content=\"Kit ventilation pour DOMETIC R\u00e9frig\u00e9rateurs - Bantam Wankm\u00fcller SA\" \/>\n<meta property=\"og:description\" content=\"Une ventilation optimale de votre r\u00e9frig\u00e9rateur, recommand\u00e9e lorsque la temp\u00e9rature ext\u00e9rieure est \u00e9lev\u00e9e.&nbsp;Accessoire de ventilation en option pour optimiser les performances des r\u00e9frig\u00e9rateurs des s\u00e9ries 4, 5, 8 et 9. Contr\u00f4l\u00e9 par thermostat, extr\u00eamement facile \u00e0 monter. Le kit de ventilation est tr\u00e8s facile \u00e0 monter . Vous disposez ainsi d&rsquo;une ventilation optimale pour le [&hellip;]\" \/>\n<meta property=\"og:url\" content=\"https:\/\/shop.bantam.ch\/fr\/produit\/kit-ventilation-pour-dometic-refrigerateurs\/\" \/>\n<meta property=\"og:site_name\" content=\"Bantam Wankm\u00fcller SA\" \/>\n<meta property=\"article:modified_time\" content=\"2026-04-20T21:15:14+00:00\" \/>\n<meta name=\"twitter:card\" content=\"summary_large_image\" \/>\n<script type=\"application\/ld+json\" class=\"yoast-schema-graph\">{\"@context\":\"https:\\\/\\\/schema.org\",\"@graph\":[{\"@type\":\"WebPage\",\"@id\":\"https:\\\/\\\/shop.bantam.ch\\\/fr\\\/produit\\\/kit-ventilation-pour-dometic-refrigerateurs\\\/\",\"url\":\"https:\\\/\\\/shop.bantam.ch\\\/fr\\\/produit\\\/kit-ventilation-pour-dometic-refrigerateurs\\\/\",\"name\":\"Kit ventilation pour DOMETIC R\u00e9frig\u00e9rateurs - Bantam Wankm\u00fcller SA\",\"isPartOf\":{\"@id\":\"https:\\\/\\\/shop.bantam.ch\\\/fr\\\/#website\"},\"primaryImageOfPage\":{\"@id\":\"https:\\\/\\\/shop.bantam.ch\\\/fr\\\/produit\\\/kit-ventilation-pour-dometic-refrigerateurs\\\/#primaryimage\"},\"image\":{\"@id\":\"https:\\\/\\\/shop.bantam.ch\\\/fr\\\/produit\\\/kit-ventilation-pour-dometic-refrigerateurs\\\/#primaryimage\"},\"thumbnailUrl\":\"https:\\\/\\\/shop.bantam.ch\\\/wp-content\\\/uploads\\\/2024\\\/09\\\/Movera-L-9975369100.png\",\"datePublished\":\"2024-05-15T15:58:49+00:00\",\"dateModified\":\"2026-04-20T21:15:14+00:00\",\"breadcrumb\":{\"@id\":\"https:\\\/\\\/shop.bantam.ch\\\/fr\\\/produit\\\/kit-ventilation-pour-dometic-refrigerateurs\\\/#breadcrumb\"},\"inLanguage\":\"fr-FR\",\"potentialAction\":[{\"@type\":\"ReadAction\",\"target\":[\"https:\\\/\\\/shop.bantam.ch\\\/fr\\\/produit\\\/kit-ventilation-pour-dometic-refrigerateurs\\\/\"]}]},{\"@type\":\"ImageObject\",\"inLanguage\":\"fr-FR\",\"@id\":\"https:\\\/\\\/shop.bantam.ch\\\/fr\\\/produit\\\/kit-ventilation-pour-dometic-refrigerateurs\\\/#primaryimage\",\"url\":\"https:\\\/\\\/shop.bantam.ch\\\/wp-content\\\/uploads\\\/2024\\\/09\\\/Movera-L-9975369100.png\",\"contentUrl\":\"https:\\\/\\\/shop.bantam.ch\\\/wp-content\\\/uploads\\\/2024\\\/09\\\/Movera-L-9975369100.png\",\"width\":640,\"height\":640},{\"@type\":\"BreadcrumbList\",\"@id\":\"https:\\\/\\\/shop.bantam.ch\\\/fr\\\/produit\\\/kit-ventilation-pour-dometic-refrigerateurs\\\/#breadcrumb\",\"itemListElement\":[{\"@type\":\"ListItem\",\"position\":1,\"name\":\"Accueil\",\"item\":\"https:\\\/\\\/shop.bantam.ch\\\/fr\\\/\"},{\"@type\":\"ListItem\",\"position\":2,\"name\":\"Boutique\",\"item\":\"https:\\\/\\\/shop.bantam.ch\\\/fr\\\/boutique\\\/\"},{\"@type\":\"ListItem\",\"position\":3,\"name\":\"Kit ventilation pour DOMETIC R\u00e9frig\u00e9rateurs\"}]},{\"@type\":\"WebSite\",\"@id\":\"https:\\\/\\\/shop.bantam.ch\\\/fr\\\/#website\",\"url\":\"https:\\\/\\\/shop.bantam.ch\\\/fr\\\/\",\"name\":\"Bantam Wankm\u00fcller SA\",\"description\":\"\",\"publisher\":{\"@id\":\"https:\\\/\\\/shop.bantam.ch\\\/fr\\\/#organization\"},\"inLanguage\":\"fr-FR\"},{\"@type\":\"Organization\",\"@id\":\"https:\\\/\\\/shop.bantam.ch\\\/fr\\\/#organization\",\"name\":\"Bantam Wankm\u00fcller SA\",\"url\":\"https:\\\/\\\/shop.bantam.ch\\\/fr\\\/\",\"logo\":{\"@type\":\"ImageObject\",\"inLanguage\":\"fr-FR\",\"@id\":\"https:\\\/\\\/shop.bantam.ch\\\/fr\\\/#\\\/schema\\\/logo\\\/image\\\/\",\"url\":\"https:\\\/\\\/shop.bantam.ch\\\/wp-content\\\/uploads\\\/2022\\\/12\\\/bantam-logo.png\",\"contentUrl\":\"https:\\\/\\\/shop.bantam.ch\\\/wp-content\\\/uploads\\\/2022\\\/12\\\/bantam-logo.png\",\"width\":320,\"height\":71,\"caption\":\"Bantam Wankm\u00fcller SA\"},\"image\":{\"@id\":\"https:\\\/\\\/shop.bantam.ch\\\/fr\\\/#\\\/schema\\\/logo\\\/image\\\/\"}}]}<\/script>\n<!-- \/ Yoast SEO plugin. -->","yoast_head_json":{"title":"Kit ventilation pour DOMETIC R\u00e9frig\u00e9rateurs - Bantam Wankm\u00fcller SA","robots":{"index":"index","follow":"follow","max-snippet":"max-snippet:-1","max-image-preview":"max-image-preview:large","max-video-preview":"max-video-preview:-1"},"canonical":"https:\/\/shop.bantam.ch\/fr\/produit\/kit-ventilation-pour-dometic-refrigerateurs\/","og_locale":"fr_FR","og_type":"article","og_title":"Kit ventilation pour DOMETIC R\u00e9frig\u00e9rateurs - Bantam Wankm\u00fcller SA","og_description":"Une ventilation optimale de votre r\u00e9frig\u00e9rateur, recommand\u00e9e lorsque la temp\u00e9rature ext\u00e9rieure est \u00e9lev\u00e9e.&nbsp;Accessoire de ventilation en option pour optimiser les performances des r\u00e9frig\u00e9rateurs des s\u00e9ries 4, 5, 8 et 9. Contr\u00f4l\u00e9 par thermostat, extr\u00eamement facile \u00e0 monter. Le kit de ventilation est tr\u00e8s facile \u00e0 monter . Vous disposez ainsi d&rsquo;une ventilation optimale pour le [&hellip;]","og_url":"https:\/\/shop.bantam.ch\/fr\/produit\/kit-ventilation-pour-dometic-refrigerateurs\/","og_site_name":"Bantam Wankm\u00fcller SA","article_modified_time":"2026-04-20T21:15:14+00:00","twitter_card":"summary_large_image","schema":{"@context":"https:\/\/schema.org","@graph":[{"@type":"WebPage","@id":"https:\/\/shop.bantam.ch\/fr\/produit\/kit-ventilation-pour-dometic-refrigerateurs\/","url":"https:\/\/shop.bantam.ch\/fr\/produit\/kit-ventilation-pour-dometic-refrigerateurs\/","name":"Kit ventilation pour DOMETIC R\u00e9frig\u00e9rateurs - Bantam Wankm\u00fcller SA","isPartOf":{"@id":"https:\/\/shop.bantam.ch\/fr\/#website"},"primaryImageOfPage":{"@id":"https:\/\/shop.bantam.ch\/fr\/produit\/kit-ventilation-pour-dometic-refrigerateurs\/#primaryimage"},"image":{"@id":"https:\/\/shop.bantam.ch\/fr\/produit\/kit-ventilation-pour-dometic-refrigerateurs\/#primaryimage"},"thumbnailUrl":"https:\/\/shop.bantam.ch\/wp-content\/uploads\/2024\/09\/Movera-L-9975369100.png","datePublished":"2024-05-15T15:58:49+00:00","dateModified":"2026-04-20T21:15:14+00:00","breadcrumb":{"@id":"https:\/\/shop.bantam.ch\/fr\/produit\/kit-ventilation-pour-dometic-refrigerateurs\/#breadcrumb"},"inLanguage":"fr-FR","potentialAction":[{"@type":"ReadAction","target":["https:\/\/shop.bantam.ch\/fr\/produit\/kit-ventilation-pour-dometic-refrigerateurs\/"]}]},{"@type":"ImageObject","inLanguage":"fr-FR","@id":"https:\/\/shop.bantam.ch\/fr\/produit\/kit-ventilation-pour-dometic-refrigerateurs\/#primaryimage","url":"https:\/\/shop.bantam.ch\/wp-content\/uploads\/2024\/09\/Movera-L-9975369100.png","contentUrl":"https:\/\/shop.bantam.ch\/wp-content\/uploads\/2024\/09\/Movera-L-9975369100.png","width":640,"height":640},{"@type":"BreadcrumbList","@id":"https:\/\/shop.bantam.ch\/fr\/produit\/kit-ventilation-pour-dometic-refrigerateurs\/#breadcrumb","itemListElement":[{"@type":"ListItem","position":1,"name":"Accueil","item":"https:\/\/shop.bantam.ch\/fr\/"},{"@type":"ListItem","position":2,"name":"Boutique","item":"https:\/\/shop.bantam.ch\/fr\/boutique\/"},{"@type":"ListItem","position":3,"name":"Kit ventilation pour DOMETIC R\u00e9frig\u00e9rateurs"}]},{"@type":"WebSite","@id":"https:\/\/shop.bantam.ch\/fr\/#website","url":"https:\/\/shop.bantam.ch\/fr\/","name":"Bantam Wankm\u00fcller SA","description":"","publisher":{"@id":"https:\/\/shop.bantam.ch\/fr\/#organization"},"inLanguage":"fr-FR"},{"@type":"Organization","@id":"https:\/\/shop.bantam.ch\/fr\/#organization","name":"Bantam Wankm\u00fcller SA","url":"https:\/\/shop.bantam.ch\/fr\/","logo":{"@type":"ImageObject","inLanguage":"fr-FR","@id":"https:\/\/shop.bantam.ch\/fr\/#\/schema\/logo\/image\/","url":"https:\/\/shop.bantam.ch\/wp-content\/uploads\/2022\/12\/bantam-logo.png","contentUrl":"https:\/\/shop.bantam.ch\/wp-content\/uploads\/2022\/12\/bantam-logo.png","width":320,"height":71,"caption":"Bantam Wankm\u00fcller SA"},"image":{"@id":"https:\/\/shop.bantam.ch\/fr\/#\/schema\/logo\/image\/"}}]}},"_links":{"self":[{"href":"https:\/\/shop.bantam.ch\/fr\/wp-json\/wp\/v2\/product\/201359","targetHints":{"allow":["GET"]}}],"collection":[{"href":"https:\/\/shop.bantam.ch\/fr\/wp-json\/wp\/v2\/product"}],"about":[{"href":"https:\/\/shop.bantam.ch\/fr\/wp-json\/wp\/v2\/types\/product"}],"wp:featuredmedia":[{"embeddable":true,"href":"https:\/\/shop.bantam.ch\/fr\/wp-json\/wp\/v2\/media\/207664"}],"wp:attachment":[{"href":"https:\/\/shop.bantam.ch\/fr\/wp-json\/wp\/v2\/media?parent=201359"}],"wp:term":[{"taxonomy":"product_featured_cat","embeddable":true,"href":"https:\/\/shop.bantam.ch\/fr\/wp-json\/wp\/v2\/product_featured_cat?post=201359"},{"taxonomy":"product_brand","embeddable":true,"href":"https:\/\/shop.bantam.ch\/fr\/wp-json\/wp\/v2\/product_brand?post=201359"},{"taxonomy":"product_cat","embeddable":true,"href":"https:\/\/shop.bantam.ch\/fr\/wp-json\/wp\/v2\/product_cat?post=201359"},{"taxonomy":"product_tag","embeddable":true,"href":"https:\/\/shop.bantam.ch\/fr\/wp-json\/wp\/v2\/product_tag?post=201359"}],"curies":[{"name":"wp","href":"https:\/\/api.w.org\/{rel}","templated":true}]}}