{"id":201335,"date":"2024-05-15T17:58:10","date_gmt":"2024-05-15T15:58:10","guid":{"rendered":"https:\/\/shop.bantam.ch\/produit\/accessoire-refrigerat-mobicool-kit-mise-a-niveau-rml-10-4s\/"},"modified":"2026-04-19T23:20:08","modified_gmt":"2026-04-19T21:20:08","slug":"accessoire-refrigerat-mobicool-kit-mise-a-niveau-rml-10-4s","status":"publish","type":"product","link":"https:\/\/shop.bantam.ch\/fr\/produit\/accessoire-refrigerat-mobicool-kit-mise-a-niveau-rml-10-4s\/","title":{"rendered":"Accessoire r\u00e9frig\u00e9rat. MOBICOOL Kit mise \u00e0 niveau RML 10.4S"},"content":{"rendered":"<p>Am\u00e9liorez votre r\u00e9frig\u00e9rateur RML 10.4S ou RCL 10.4S avec ce kit pratique. Ouvrez la porte \u00e0 gauche et \u00e0 droite, am\u00e9liorez les options de stockage avec une \u00e9tag\u00e8re suppl\u00e9mentaire, utilisez la tablette de porte suppl\u00e9mentaire et profitez d&rsquo;un couvercle avec contr\u00f4le de l&rsquo;humidit\u00e9 r\u00e9glable pour le bac \u00e0 l\u00e9gumes, qui sert \u00e9galement de tablette suppl\u00e9mentaire.<\/p>\n<ul>\n<li>But\u00e9e de porte brevet\u00e9e \u00e0 double sens &#8211; peut s&rsquo;ouvrir \u00e0 gauche ou \u00e0 droite sans devoir changer la but\u00e9e de porte<\/li>\n<li>Une r\u00e9partition plus flexible de l&rsquo;espace int\u00e9rieur &#8211; grille de support suppl\u00e9mentaire et \u00e9tag\u00e8re de porte<\/li>\n<p>.<\/p>\n<li>Couvercle VG-Fresh avec humidit\u00e9 r\u00e9glable pour le bac \u00e0 l\u00e9gumes &#8211; garde les fruits et l\u00e9gumes plus longtemps frais<\/li>\n<li>Des poign\u00e9es \u00e9l\u00e9gantes en aluminium sur toute la hauteur du r\u00e9frig\u00e9rateur<\/li>\n<p>.<\/p>\n<li>Syst\u00e8me de fermeture \u00e0 deux points sur les deux c\u00f4t\u00e9s pour plus de s\u00e9curit\u00e9<\/li>\n<p>.\n<\/ul>\n","protected":false},"excerpt":{"rendered":"<p>Am\u00e9liorez votre r\u00e9frig\u00e9rateur RML 10.4S ou RCL 10.4S avec ce kit pratique. Ouvrez la porte \u00e0 gauche et \u00e0 droite, am\u00e9liorez les options de stockage avec une \u00e9tag\u00e8re suppl\u00e9mentaire, utilisez la tablette de porte suppl\u00e9mentaire et profitez d&rsquo;un couvercle avec contr\u00f4le de l&rsquo;humidit\u00e9 r\u00e9glable pour le bac \u00e0 l\u00e9gumes, qui sert \u00e9galement de tablette suppl\u00e9mentaire. [&hellip;]<\/p>\n","protected":false},"featured_media":207652,"template":"","meta":{"_acf_changed":false},"product_featured_cat":[],"product_brand":[],"product_cat":[4555],"product_tag":[],"class_list":{"0":"post-201335","1":"product","2":"type-product","3":"status-publish","4":"has-post-thumbnail","6":"product_cat-accessoires-pour-refrigerateurs","8":"first","9":"instock","10":"taxable","11":"shipping-taxable","12":"purchasable","13":"product-type-simple"},"acf":[],"yoast_head":"<!-- This site is optimized with the Yoast SEO plugin v27.4 - https:\/\/yoast.com\/product\/yoast-seo-wordpress\/ -->\n<title>Accessoire r\u00e9frig\u00e9rat. MOBICOOL Kit mise \u00e0 niveau RML 10.4S - Bantam Wankm\u00fcller SA<\/title>\n<meta name=\"robots\" content=\"index, follow, max-snippet:-1, max-image-preview:large, max-video-preview:-1\" \/>\n<link rel=\"canonical\" href=\"https:\/\/shop.bantam.ch\/fr\/produit\/accessoire-refrigerat-mobicool-kit-mise-a-niveau-rml-10-4s\/\" \/>\n<meta property=\"og:locale\" content=\"fr_FR\" \/>\n<meta property=\"og:type\" content=\"article\" \/>\n<meta property=\"og:title\" content=\"Accessoire r\u00e9frig\u00e9rat. MOBICOOL Kit mise \u00e0 niveau RML 10.4S - Bantam Wankm\u00fcller SA\" \/>\n<meta property=\"og:description\" content=\"Am\u00e9liorez votre r\u00e9frig\u00e9rateur RML 10.4S ou RCL 10.4S avec ce kit pratique. Ouvrez la porte \u00e0 gauche et \u00e0 droite, am\u00e9liorez les options de stockage avec une \u00e9tag\u00e8re suppl\u00e9mentaire, utilisez la tablette de porte suppl\u00e9mentaire et profitez d&rsquo;un couvercle avec contr\u00f4le de l&rsquo;humidit\u00e9 r\u00e9glable pour le bac \u00e0 l\u00e9gumes, qui sert \u00e9galement de tablette suppl\u00e9mentaire. [&hellip;]\" \/>\n<meta property=\"og:url\" content=\"https:\/\/shop.bantam.ch\/fr\/produit\/accessoire-refrigerat-mobicool-kit-mise-a-niveau-rml-10-4s\/\" \/>\n<meta property=\"og:site_name\" content=\"Bantam Wankm\u00fcller SA\" \/>\n<meta property=\"article:modified_time\" content=\"2026-04-19T21:20:08+00:00\" \/>\n<meta name=\"twitter:card\" content=\"summary_large_image\" \/>\n<meta name=\"twitter:label1\" content=\"Dur\u00e9e de lecture estim\u00e9e\" \/>\n\t<meta name=\"twitter:data1\" content=\"1 minute\" \/>\n<script type=\"application\/ld+json\" class=\"yoast-schema-graph\">{\"@context\":\"https:\\\/\\\/schema.org\",\"@graph\":[{\"@type\":\"WebPage\",\"@id\":\"https:\\\/\\\/shop.bantam.ch\\\/fr\\\/produit\\\/accessoire-refrigerat-mobicool-kit-mise-a-niveau-rml-10-4s\\\/\",\"url\":\"https:\\\/\\\/shop.bantam.ch\\\/fr\\\/produit\\\/accessoire-refrigerat-mobicool-kit-mise-a-niveau-rml-10-4s\\\/\",\"name\":\"Accessoire r\u00e9frig\u00e9rat. MOBICOOL Kit mise \u00e0 niveau RML 10.4S - Bantam Wankm\u00fcller SA\",\"isPartOf\":{\"@id\":\"https:\\\/\\\/shop.bantam.ch\\\/fr\\\/#website\"},\"primaryImageOfPage\":{\"@id\":\"https:\\\/\\\/shop.bantam.ch\\\/fr\\\/produit\\\/accessoire-refrigerat-mobicool-kit-mise-a-niveau-rml-10-4s\\\/#primaryimage\"},\"image\":{\"@id\":\"https:\\\/\\\/shop.bantam.ch\\\/fr\\\/produit\\\/accessoire-refrigerat-mobicool-kit-mise-a-niveau-rml-10-4s\\\/#primaryimage\"},\"thumbnailUrl\":\"https:\\\/\\\/shop.bantam.ch\\\/wp-content\\\/uploads\\\/2024\\\/09\\\/Movera-L-9975362100.jpg\",\"datePublished\":\"2024-05-15T15:58:10+00:00\",\"dateModified\":\"2026-04-19T21:20:08+00:00\",\"breadcrumb\":{\"@id\":\"https:\\\/\\\/shop.bantam.ch\\\/fr\\\/produit\\\/accessoire-refrigerat-mobicool-kit-mise-a-niveau-rml-10-4s\\\/#breadcrumb\"},\"inLanguage\":\"fr-FR\",\"potentialAction\":[{\"@type\":\"ReadAction\",\"target\":[\"https:\\\/\\\/shop.bantam.ch\\\/fr\\\/produit\\\/accessoire-refrigerat-mobicool-kit-mise-a-niveau-rml-10-4s\\\/\"]}]},{\"@type\":\"ImageObject\",\"inLanguage\":\"fr-FR\",\"@id\":\"https:\\\/\\\/shop.bantam.ch\\\/fr\\\/produit\\\/accessoire-refrigerat-mobicool-kit-mise-a-niveau-rml-10-4s\\\/#primaryimage\",\"url\":\"https:\\\/\\\/shop.bantam.ch\\\/wp-content\\\/uploads\\\/2024\\\/09\\\/Movera-L-9975362100.jpg\",\"contentUrl\":\"https:\\\/\\\/shop.bantam.ch\\\/wp-content\\\/uploads\\\/2024\\\/09\\\/Movera-L-9975362100.jpg\",\"width\":640,\"height\":640},{\"@type\":\"BreadcrumbList\",\"@id\":\"https:\\\/\\\/shop.bantam.ch\\\/fr\\\/produit\\\/accessoire-refrigerat-mobicool-kit-mise-a-niveau-rml-10-4s\\\/#breadcrumb\",\"itemListElement\":[{\"@type\":\"ListItem\",\"position\":1,\"name\":\"Accueil\",\"item\":\"https:\\\/\\\/shop.bantam.ch\\\/fr\\\/\"},{\"@type\":\"ListItem\",\"position\":2,\"name\":\"Boutique\",\"item\":\"https:\\\/\\\/shop.bantam.ch\\\/fr\\\/boutique\\\/\"},{\"@type\":\"ListItem\",\"position\":3,\"name\":\"Accessoire r\u00e9frig\u00e9rat. MOBICOOL Kit mise \u00e0 niveau RML 10.4S\"}]},{\"@type\":\"WebSite\",\"@id\":\"https:\\\/\\\/shop.bantam.ch\\\/fr\\\/#website\",\"url\":\"https:\\\/\\\/shop.bantam.ch\\\/fr\\\/\",\"name\":\"Bantam Wankm\u00fcller SA\",\"description\":\"\",\"publisher\":{\"@id\":\"https:\\\/\\\/shop.bantam.ch\\\/fr\\\/#organization\"},\"inLanguage\":\"fr-FR\"},{\"@type\":\"Organization\",\"@id\":\"https:\\\/\\\/shop.bantam.ch\\\/fr\\\/#organization\",\"name\":\"Bantam Wankm\u00fcller SA\",\"url\":\"https:\\\/\\\/shop.bantam.ch\\\/fr\\\/\",\"logo\":{\"@type\":\"ImageObject\",\"inLanguage\":\"fr-FR\",\"@id\":\"https:\\\/\\\/shop.bantam.ch\\\/fr\\\/#\\\/schema\\\/logo\\\/image\\\/\",\"url\":\"https:\\\/\\\/shop.bantam.ch\\\/wp-content\\\/uploads\\\/2022\\\/12\\\/bantam-logo.png\",\"contentUrl\":\"https:\\\/\\\/shop.bantam.ch\\\/wp-content\\\/uploads\\\/2022\\\/12\\\/bantam-logo.png\",\"width\":320,\"height\":71,\"caption\":\"Bantam Wankm\u00fcller SA\"},\"image\":{\"@id\":\"https:\\\/\\\/shop.bantam.ch\\\/fr\\\/#\\\/schema\\\/logo\\\/image\\\/\"}}]}<\/script>\n<!-- \/ Yoast SEO plugin. -->","yoast_head_json":{"title":"Accessoire r\u00e9frig\u00e9rat. MOBICOOL Kit mise \u00e0 niveau RML 10.4S - Bantam Wankm\u00fcller SA","robots":{"index":"index","follow":"follow","max-snippet":"max-snippet:-1","max-image-preview":"max-image-preview:large","max-video-preview":"max-video-preview:-1"},"canonical":"https:\/\/shop.bantam.ch\/fr\/produit\/accessoire-refrigerat-mobicool-kit-mise-a-niveau-rml-10-4s\/","og_locale":"fr_FR","og_type":"article","og_title":"Accessoire r\u00e9frig\u00e9rat. MOBICOOL Kit mise \u00e0 niveau RML 10.4S - Bantam Wankm\u00fcller SA","og_description":"Am\u00e9liorez votre r\u00e9frig\u00e9rateur RML 10.4S ou RCL 10.4S avec ce kit pratique. Ouvrez la porte \u00e0 gauche et \u00e0 droite, am\u00e9liorez les options de stockage avec une \u00e9tag\u00e8re suppl\u00e9mentaire, utilisez la tablette de porte suppl\u00e9mentaire et profitez d&rsquo;un couvercle avec contr\u00f4le de l&rsquo;humidit\u00e9 r\u00e9glable pour le bac \u00e0 l\u00e9gumes, qui sert \u00e9galement de tablette suppl\u00e9mentaire. [&hellip;]","og_url":"https:\/\/shop.bantam.ch\/fr\/produit\/accessoire-refrigerat-mobicool-kit-mise-a-niveau-rml-10-4s\/","og_site_name":"Bantam Wankm\u00fcller SA","article_modified_time":"2026-04-19T21:20:08+00:00","twitter_card":"summary_large_image","twitter_misc":{"Dur\u00e9e de lecture estim\u00e9e":"1 minute"},"schema":{"@context":"https:\/\/schema.org","@graph":[{"@type":"WebPage","@id":"https:\/\/shop.bantam.ch\/fr\/produit\/accessoire-refrigerat-mobicool-kit-mise-a-niveau-rml-10-4s\/","url":"https:\/\/shop.bantam.ch\/fr\/produit\/accessoire-refrigerat-mobicool-kit-mise-a-niveau-rml-10-4s\/","name":"Accessoire r\u00e9frig\u00e9rat. MOBICOOL Kit mise \u00e0 niveau RML 10.4S - Bantam Wankm\u00fcller SA","isPartOf":{"@id":"https:\/\/shop.bantam.ch\/fr\/#website"},"primaryImageOfPage":{"@id":"https:\/\/shop.bantam.ch\/fr\/produit\/accessoire-refrigerat-mobicool-kit-mise-a-niveau-rml-10-4s\/#primaryimage"},"image":{"@id":"https:\/\/shop.bantam.ch\/fr\/produit\/accessoire-refrigerat-mobicool-kit-mise-a-niveau-rml-10-4s\/#primaryimage"},"thumbnailUrl":"https:\/\/shop.bantam.ch\/wp-content\/uploads\/2024\/09\/Movera-L-9975362100.jpg","datePublished":"2024-05-15T15:58:10+00:00","dateModified":"2026-04-19T21:20:08+00:00","breadcrumb":{"@id":"https:\/\/shop.bantam.ch\/fr\/produit\/accessoire-refrigerat-mobicool-kit-mise-a-niveau-rml-10-4s\/#breadcrumb"},"inLanguage":"fr-FR","potentialAction":[{"@type":"ReadAction","target":["https:\/\/shop.bantam.ch\/fr\/produit\/accessoire-refrigerat-mobicool-kit-mise-a-niveau-rml-10-4s\/"]}]},{"@type":"ImageObject","inLanguage":"fr-FR","@id":"https:\/\/shop.bantam.ch\/fr\/produit\/accessoire-refrigerat-mobicool-kit-mise-a-niveau-rml-10-4s\/#primaryimage","url":"https:\/\/shop.bantam.ch\/wp-content\/uploads\/2024\/09\/Movera-L-9975362100.jpg","contentUrl":"https:\/\/shop.bantam.ch\/wp-content\/uploads\/2024\/09\/Movera-L-9975362100.jpg","width":640,"height":640},{"@type":"BreadcrumbList","@id":"https:\/\/shop.bantam.ch\/fr\/produit\/accessoire-refrigerat-mobicool-kit-mise-a-niveau-rml-10-4s\/#breadcrumb","itemListElement":[{"@type":"ListItem","position":1,"name":"Accueil","item":"https:\/\/shop.bantam.ch\/fr\/"},{"@type":"ListItem","position":2,"name":"Boutique","item":"https:\/\/shop.bantam.ch\/fr\/boutique\/"},{"@type":"ListItem","position":3,"name":"Accessoire r\u00e9frig\u00e9rat. MOBICOOL Kit mise \u00e0 niveau RML 10.4S"}]},{"@type":"WebSite","@id":"https:\/\/shop.bantam.ch\/fr\/#website","url":"https:\/\/shop.bantam.ch\/fr\/","name":"Bantam Wankm\u00fcller SA","description":"","publisher":{"@id":"https:\/\/shop.bantam.ch\/fr\/#organization"},"inLanguage":"fr-FR"},{"@type":"Organization","@id":"https:\/\/shop.bantam.ch\/fr\/#organization","name":"Bantam Wankm\u00fcller SA","url":"https:\/\/shop.bantam.ch\/fr\/","logo":{"@type":"ImageObject","inLanguage":"fr-FR","@id":"https:\/\/shop.bantam.ch\/fr\/#\/schema\/logo\/image\/","url":"https:\/\/shop.bantam.ch\/wp-content\/uploads\/2022\/12\/bantam-logo.png","contentUrl":"https:\/\/shop.bantam.ch\/wp-content\/uploads\/2022\/12\/bantam-logo.png","width":320,"height":71,"caption":"Bantam Wankm\u00fcller SA"},"image":{"@id":"https:\/\/shop.bantam.ch\/fr\/#\/schema\/logo\/image\/"}}]}},"_links":{"self":[{"href":"https:\/\/shop.bantam.ch\/fr\/wp-json\/wp\/v2\/product\/201335","targetHints":{"allow":["GET"]}}],"collection":[{"href":"https:\/\/shop.bantam.ch\/fr\/wp-json\/wp\/v2\/product"}],"about":[{"href":"https:\/\/shop.bantam.ch\/fr\/wp-json\/wp\/v2\/types\/product"}],"wp:featuredmedia":[{"embeddable":true,"href":"https:\/\/shop.bantam.ch\/fr\/wp-json\/wp\/v2\/media\/207652"}],"wp:attachment":[{"href":"https:\/\/shop.bantam.ch\/fr\/wp-json\/wp\/v2\/media?parent=201335"}],"wp:term":[{"taxonomy":"product_featured_cat","embeddable":true,"href":"https:\/\/shop.bantam.ch\/fr\/wp-json\/wp\/v2\/product_featured_cat?post=201335"},{"taxonomy":"product_brand","embeddable":true,"href":"https:\/\/shop.bantam.ch\/fr\/wp-json\/wp\/v2\/product_brand?post=201335"},{"taxonomy":"product_cat","embeddable":true,"href":"https:\/\/shop.bantam.ch\/fr\/wp-json\/wp\/v2\/product_cat?post=201335"},{"taxonomy":"product_tag","embeddable":true,"href":"https:\/\/shop.bantam.ch\/fr\/wp-json\/wp\/v2\/product_tag?post=201335"}],"curies":[{"name":"wp","href":"https:\/\/api.w.org\/{rel}","templated":true}]}}