{"id":201239,"date":"2024-05-15T17:55:44","date_gmt":"2024-05-15T15:55:44","guid":{"rendered":"https:\/\/shop.bantam.ch\/produit\/refrigerateur-a-compresseur-nrx0060c\/"},"modified":"2026-05-02T01:25:36","modified_gmt":"2026-05-01T23:25:36","slug":"refrigerateur-a-compresseur-nrx0060c","status":"publish","type":"product","link":"https:\/\/shop.bantam.ch\/fr\/produit\/refrigerateur-a-compresseur-nrx0060c\/","title":{"rendered":"R\u00e9frig\u00e9rateur \u00e0 compresseur NRX0060C"},"content":{"rendered":"<p><strong>Compartiment de cong\u00e9lation amovible<\/strong><br \/>\nLes r\u00e9frig\u00e9rateurs \u00e0 compresseur NRX sont de v\u00e9ritables artistes de la transformation. L&rsquo;astuce de transformation n&rsquo;est pas un secret, mais une invention brevet\u00e9e de Dometic. Le compartiment cong\u00e9lateur se retire facilement pour agrandir le r\u00e9frig\u00e9rateur ou le compartiment cong\u00e9lateur. Tous les appareils NRX avec une fa\u00e7ade en acier inoxydable ou un habillage argent\u00e9 fonc\u00e9 offrent cette solution de r\u00e9frig\u00e9ration intelligente 3 en 1.<\/p>\n<p><strong>Une efficacit\u00e9 \u00e9nerg\u00e9tique exceptionnelle<\/strong><br \/>\nTous les r\u00e9frig\u00e9rateurs Dometic offrent des performances de r\u00e9frig\u00e9ration fiables sous tous les climats et une efficacit\u00e9 \u00e9nerg\u00e9tique in\u00e9gal\u00e9e. Les r\u00e9frig\u00e9rateurs NRX obtiennent r\u00e9guli\u00e8rement les meilleures notes en mati\u00e8re d&rsquo;efficacit\u00e9 \u00e9nerg\u00e9tique et d\u00e9passent \u00e0 cet \u00e9gard de 9 % en moyenne la s\u00e9rie CRX pr\u00e9c\u00e9dente, qui a connu un grand succ\u00e8s. Nos ing\u00e9nieurs ont pu am\u00e9liorer encore davantage des appareils d\u00e9j\u00e0 excellents gr\u00e2ce \u00e0 trois mesures. Premi\u00e8rement, en utilisant des compresseurs encore plus efficaces pour tous les mod\u00e8les NRX. Deuxi\u00e8mement, en optimisant la vitesse des compresseurs et des ventilateurs. Cela garantit la meilleure efficacit\u00e9 \u00e9nerg\u00e9tique possible dans tous les modes de fonctionnement (Eco\/Boost\/Sleep). Troisi\u00e8mement, en utilisant des \u00e9l\u00e9ments \u00e0 vide de haute qualit\u00e9 pour am\u00e9liorer l&rsquo;isolation de la chambre froide et minimiser la perte d&rsquo;\u00e9nergie.<\/p>\n<p><strong>Panneau de commande tactile<\/strong><br \/>\nInt\u00e9gr\u00e9 de mani\u00e8re affleurante dans la surface de l&rsquo;appareil, avec barre lumineuse \u00e0 LED.<\/p>\n<p><strong>Toujours fra\u00eechement r\u00e9frig\u00e9r\u00e9 en mode hiver<\/strong><br \/>\nAvec un m\u00e9canisme de fermeture intelligent qui cr\u00e9e un espace entre l&rsquo;unit\u00e9 de r\u00e9frig\u00e9ration et la porte pour permettre l&rsquo;\u00e9change d&rsquo;air.<\/p>\n<p><strong>Un espace de r\u00e9frig\u00e9ration bien \u00e9quip\u00e9<\/strong><br \/>\nCompartiment de cong\u00e9lation, \u00e9tag\u00e8res, porte-bouteilles, compartiment de porte, bacs \u00e0 l\u00e9gumes &#8211; de quoi satisfaire tous les d\u00e9sirs.<\/p>\n<p><strong>Compartiment cong\u00e9lation amovible<\/strong><br \/>\nLe compartiment cong\u00e9lateur peut \u00eatre facilement retir\u00e9 pour offrir un espace de rangement suppl\u00e9mentaire.<\/p>\n<p><strong>Deux bacs \u00e0 l\u00e9gumes<\/strong><br \/>\nPour conserver les fruits et l\u00e9gumes \u00e0 une temp\u00e9rature optimale.<\/p>\n<p><strong>Poign\u00e9e de porte sur toute la largeur<\/strong><br \/>\nAcc\u00e8s facile au contenu sous tous les angles<\/p>\n","protected":false},"excerpt":{"rendered":"<p>Compartiment de cong\u00e9lation amovible Les r\u00e9frig\u00e9rateurs \u00e0 compresseur NRX sont de v\u00e9ritables artistes de la transformation. L&rsquo;astuce de transformation n&rsquo;est pas un secret, mais une invention brevet\u00e9e de Dometic. Le compartiment cong\u00e9lateur se retire facilement pour agrandir le r\u00e9frig\u00e9rateur ou le compartiment cong\u00e9lateur. Tous les appareils NRX avec une fa\u00e7ade en acier inoxydable ou un [&hellip;]<\/p>\n","protected":false},"featured_media":201237,"template":"","meta":{"_acf_changed":false},"product_featured_cat":[],"product_brand":[],"product_cat":[4549],"product_tag":[],"class_list":{"0":"post-201239","1":"product","2":"type-product","3":"status-publish","4":"has-post-thumbnail","6":"product_cat-refrigerateurs-a-compresseur","8":"first","9":"instock","10":"taxable","11":"shipping-taxable","12":"purchasable","13":"product-type-variable"},"acf":[],"yoast_head":"<!-- This site is optimized with the Yoast SEO plugin v27.5 - https:\/\/yoast.com\/product\/yoast-seo-wordpress\/ -->\n<title>R\u00e9frig\u00e9rateur \u00e0 compresseur NRX0060C - Bantam<\/title>\n<meta name=\"robots\" content=\"index, follow, max-snippet:-1, max-image-preview:large, max-video-preview:-1\" \/>\n<link rel=\"canonical\" href=\"https:\/\/shop.bantam.ch\/fr\/produit\/refrigerateur-a-compresseur-nrx0060c\/\" \/>\n<meta property=\"og:locale\" content=\"fr_FR\" \/>\n<meta property=\"og:type\" content=\"article\" \/>\n<meta property=\"og:title\" content=\"R\u00e9frig\u00e9rateur \u00e0 compresseur NRX0060C - Bantam\" \/>\n<meta property=\"og:description\" content=\"Compartiment de cong\u00e9lation amovible Les r\u00e9frig\u00e9rateurs \u00e0 compresseur NRX sont de v\u00e9ritables artistes de la transformation. L&rsquo;astuce de transformation n&rsquo;est pas un secret, mais une invention brevet\u00e9e de Dometic. Le compartiment cong\u00e9lateur se retire facilement pour agrandir le r\u00e9frig\u00e9rateur ou le compartiment cong\u00e9lateur. Tous les appareils NRX avec une fa\u00e7ade en acier inoxydable ou un [&hellip;]\" \/>\n<meta property=\"og:url\" content=\"https:\/\/shop.bantam.ch\/fr\/produit\/refrigerateur-a-compresseur-nrx0060c\/\" \/>\n<meta property=\"og:site_name\" content=\"Bantam\" \/>\n<meta property=\"article:modified_time\" content=\"2026-05-01T23:25:36+00:00\" \/>\n<meta name=\"twitter:card\" content=\"summary_large_image\" \/>\n<meta name=\"twitter:label1\" content=\"Dur\u00e9e de lecture estim\u00e9e\" \/>\n\t<meta name=\"twitter:data1\" content=\"2 minutes\" \/>\n<script type=\"application\/ld+json\" class=\"yoast-schema-graph\">{\"@context\":\"https:\\\/\\\/schema.org\",\"@graph\":[{\"@type\":\"WebPage\",\"@id\":\"https:\\\/\\\/shop.bantam.ch\\\/fr\\\/produit\\\/refrigerateur-a-compresseur-nrx0060c\\\/\",\"url\":\"https:\\\/\\\/shop.bantam.ch\\\/fr\\\/produit\\\/refrigerateur-a-compresseur-nrx0060c\\\/\",\"name\":\"R\u00e9frig\u00e9rateur \u00e0 compresseur NRX0060C - Bantam\",\"isPartOf\":{\"@id\":\"https:\\\/\\\/shop.bantam.ch\\\/fr\\\/#website\"},\"primaryImageOfPage\":{\"@id\":\"https:\\\/\\\/shop.bantam.ch\\\/fr\\\/produit\\\/refrigerateur-a-compresseur-nrx0060c\\\/#primaryimage\"},\"image\":{\"@id\":\"https:\\\/\\\/shop.bantam.ch\\\/fr\\\/produit\\\/refrigerateur-a-compresseur-nrx0060c\\\/#primaryimage\"},\"thumbnailUrl\":\"https:\\\/\\\/shop.bantam.ch\\\/wp-content\\\/uploads\\\/2024\\\/05\\\/Movera-L-9975352100.png\",\"datePublished\":\"2024-05-15T15:55:44+00:00\",\"dateModified\":\"2026-05-01T23:25:36+00:00\",\"breadcrumb\":{\"@id\":\"https:\\\/\\\/shop.bantam.ch\\\/fr\\\/produit\\\/refrigerateur-a-compresseur-nrx0060c\\\/#breadcrumb\"},\"inLanguage\":\"fr-FR\",\"potentialAction\":[{\"@type\":\"ReadAction\",\"target\":[\"https:\\\/\\\/shop.bantam.ch\\\/fr\\\/produit\\\/refrigerateur-a-compresseur-nrx0060c\\\/\"]}]},{\"@type\":\"ImageObject\",\"inLanguage\":\"fr-FR\",\"@id\":\"https:\\\/\\\/shop.bantam.ch\\\/fr\\\/produit\\\/refrigerateur-a-compresseur-nrx0060c\\\/#primaryimage\",\"url\":\"https:\\\/\\\/shop.bantam.ch\\\/wp-content\\\/uploads\\\/2024\\\/05\\\/Movera-L-9975352100.png\",\"contentUrl\":\"https:\\\/\\\/shop.bantam.ch\\\/wp-content\\\/uploads\\\/2024\\\/05\\\/Movera-L-9975352100.png\",\"width\":640,\"height\":640},{\"@type\":\"BreadcrumbList\",\"@id\":\"https:\\\/\\\/shop.bantam.ch\\\/fr\\\/produit\\\/refrigerateur-a-compresseur-nrx0060c\\\/#breadcrumb\",\"itemListElement\":[{\"@type\":\"ListItem\",\"position\":1,\"name\":\"Accueil\",\"item\":\"https:\\\/\\\/shop.bantam.ch\\\/fr\\\/\"},{\"@type\":\"ListItem\",\"position\":2,\"name\":\"Boutique\",\"item\":\"https:\\\/\\\/shop.bantam.ch\\\/fr\\\/boutique\\\/\"},{\"@type\":\"ListItem\",\"position\":3,\"name\":\"R\u00e9frig\u00e9rateur \u00e0 compresseur NRX0060C\"}]},{\"@type\":\"WebSite\",\"@id\":\"https:\\\/\\\/shop.bantam.ch\\\/fr\\\/#website\",\"url\":\"https:\\\/\\\/shop.bantam.ch\\\/fr\\\/\",\"name\":\"Bantam\",\"description\":\"\",\"publisher\":{\"@id\":\"https:\\\/\\\/shop.bantam.ch\\\/fr\\\/#organization\"},\"inLanguage\":\"fr-FR\"},{\"@type\":\"Organization\",\"@id\":\"https:\\\/\\\/shop.bantam.ch\\\/fr\\\/#organization\",\"name\":\"Bantam\",\"url\":\"https:\\\/\\\/shop.bantam.ch\\\/fr\\\/\",\"logo\":{\"@type\":\"ImageObject\",\"inLanguage\":\"fr-FR\",\"@id\":\"https:\\\/\\\/shop.bantam.ch\\\/fr\\\/#\\\/schema\\\/logo\\\/image\\\/\",\"url\":\"https:\\\/\\\/shop.bantam.ch\\\/wp-content\\\/uploads\\\/2022\\\/12\\\/bantam-logo.png\",\"contentUrl\":\"https:\\\/\\\/shop.bantam.ch\\\/wp-content\\\/uploads\\\/2022\\\/12\\\/bantam-logo.png\",\"width\":320,\"height\":71,\"caption\":\"Bantam\"},\"image\":{\"@id\":\"https:\\\/\\\/shop.bantam.ch\\\/fr\\\/#\\\/schema\\\/logo\\\/image\\\/\"}}]}<\/script>\n<!-- \/ Yoast SEO plugin. -->","yoast_head_json":{"title":"R\u00e9frig\u00e9rateur \u00e0 compresseur NRX0060C - Bantam","robots":{"index":"index","follow":"follow","max-snippet":"max-snippet:-1","max-image-preview":"max-image-preview:large","max-video-preview":"max-video-preview:-1"},"canonical":"https:\/\/shop.bantam.ch\/fr\/produit\/refrigerateur-a-compresseur-nrx0060c\/","og_locale":"fr_FR","og_type":"article","og_title":"R\u00e9frig\u00e9rateur \u00e0 compresseur NRX0060C - Bantam","og_description":"Compartiment de cong\u00e9lation amovible Les r\u00e9frig\u00e9rateurs \u00e0 compresseur NRX sont de v\u00e9ritables artistes de la transformation. L&rsquo;astuce de transformation n&rsquo;est pas un secret, mais une invention brevet\u00e9e de Dometic. Le compartiment cong\u00e9lateur se retire facilement pour agrandir le r\u00e9frig\u00e9rateur ou le compartiment cong\u00e9lateur. Tous les appareils NRX avec une fa\u00e7ade en acier inoxydable ou un [&hellip;]","og_url":"https:\/\/shop.bantam.ch\/fr\/produit\/refrigerateur-a-compresseur-nrx0060c\/","og_site_name":"Bantam","article_modified_time":"2026-05-01T23:25:36+00:00","twitter_card":"summary_large_image","twitter_misc":{"Dur\u00e9e de lecture estim\u00e9e":"2 minutes"},"schema":{"@context":"https:\/\/schema.org","@graph":[{"@type":"WebPage","@id":"https:\/\/shop.bantam.ch\/fr\/produit\/refrigerateur-a-compresseur-nrx0060c\/","url":"https:\/\/shop.bantam.ch\/fr\/produit\/refrigerateur-a-compresseur-nrx0060c\/","name":"R\u00e9frig\u00e9rateur \u00e0 compresseur NRX0060C - Bantam","isPartOf":{"@id":"https:\/\/shop.bantam.ch\/fr\/#website"},"primaryImageOfPage":{"@id":"https:\/\/shop.bantam.ch\/fr\/produit\/refrigerateur-a-compresseur-nrx0060c\/#primaryimage"},"image":{"@id":"https:\/\/shop.bantam.ch\/fr\/produit\/refrigerateur-a-compresseur-nrx0060c\/#primaryimage"},"thumbnailUrl":"https:\/\/shop.bantam.ch\/wp-content\/uploads\/2024\/05\/Movera-L-9975352100.png","datePublished":"2024-05-15T15:55:44+00:00","dateModified":"2026-05-01T23:25:36+00:00","breadcrumb":{"@id":"https:\/\/shop.bantam.ch\/fr\/produit\/refrigerateur-a-compresseur-nrx0060c\/#breadcrumb"},"inLanguage":"fr-FR","potentialAction":[{"@type":"ReadAction","target":["https:\/\/shop.bantam.ch\/fr\/produit\/refrigerateur-a-compresseur-nrx0060c\/"]}]},{"@type":"ImageObject","inLanguage":"fr-FR","@id":"https:\/\/shop.bantam.ch\/fr\/produit\/refrigerateur-a-compresseur-nrx0060c\/#primaryimage","url":"https:\/\/shop.bantam.ch\/wp-content\/uploads\/2024\/05\/Movera-L-9975352100.png","contentUrl":"https:\/\/shop.bantam.ch\/wp-content\/uploads\/2024\/05\/Movera-L-9975352100.png","width":640,"height":640},{"@type":"BreadcrumbList","@id":"https:\/\/shop.bantam.ch\/fr\/produit\/refrigerateur-a-compresseur-nrx0060c\/#breadcrumb","itemListElement":[{"@type":"ListItem","position":1,"name":"Accueil","item":"https:\/\/shop.bantam.ch\/fr\/"},{"@type":"ListItem","position":2,"name":"Boutique","item":"https:\/\/shop.bantam.ch\/fr\/boutique\/"},{"@type":"ListItem","position":3,"name":"R\u00e9frig\u00e9rateur \u00e0 compresseur NRX0060C"}]},{"@type":"WebSite","@id":"https:\/\/shop.bantam.ch\/fr\/#website","url":"https:\/\/shop.bantam.ch\/fr\/","name":"Bantam","description":"","publisher":{"@id":"https:\/\/shop.bantam.ch\/fr\/#organization"},"inLanguage":"fr-FR"},{"@type":"Organization","@id":"https:\/\/shop.bantam.ch\/fr\/#organization","name":"Bantam","url":"https:\/\/shop.bantam.ch\/fr\/","logo":{"@type":"ImageObject","inLanguage":"fr-FR","@id":"https:\/\/shop.bantam.ch\/fr\/#\/schema\/logo\/image\/","url":"https:\/\/shop.bantam.ch\/wp-content\/uploads\/2022\/12\/bantam-logo.png","contentUrl":"https:\/\/shop.bantam.ch\/wp-content\/uploads\/2022\/12\/bantam-logo.png","width":320,"height":71,"caption":"Bantam"},"image":{"@id":"https:\/\/shop.bantam.ch\/fr\/#\/schema\/logo\/image\/"}}]}},"_links":{"self":[{"href":"https:\/\/shop.bantam.ch\/fr\/wp-json\/wp\/v2\/product\/201239","targetHints":{"allow":["GET"]}}],"collection":[{"href":"https:\/\/shop.bantam.ch\/fr\/wp-json\/wp\/v2\/product"}],"about":[{"href":"https:\/\/shop.bantam.ch\/fr\/wp-json\/wp\/v2\/types\/product"}],"wp:featuredmedia":[{"embeddable":true,"href":"https:\/\/shop.bantam.ch\/fr\/wp-json\/wp\/v2\/media\/201237"}],"wp:attachment":[{"href":"https:\/\/shop.bantam.ch\/fr\/wp-json\/wp\/v2\/media?parent=201239"}],"wp:term":[{"taxonomy":"product_featured_cat","embeddable":true,"href":"https:\/\/shop.bantam.ch\/fr\/wp-json\/wp\/v2\/product_featured_cat?post=201239"},{"taxonomy":"product_brand","embeddable":true,"href":"https:\/\/shop.bantam.ch\/fr\/wp-json\/wp\/v2\/product_brand?post=201239"},{"taxonomy":"product_cat","embeddable":true,"href":"https:\/\/shop.bantam.ch\/fr\/wp-json\/wp\/v2\/product_cat?post=201239"},{"taxonomy":"product_tag","embeddable":true,"href":"https:\/\/shop.bantam.ch\/fr\/wp-json\/wp\/v2\/product_tag?post=201239"}],"curies":[{"name":"wp","href":"https:\/\/api.w.org\/{rel}","templated":true}]}}